{"id":8242,"date":"2018-10-03T09:34:01","date_gmt":"2018-10-03T08:34:01","guid":{"rendered":"https:\/\/tuferreteria.online\/hazlo-tu-mismo\/?page_id=8242"},"modified":"2025-04-30T11:16:05","modified_gmt":"2025-04-30T10:16:05","slug":"preguntas-frecuentes","status":"publish","type":"page","link":"https:\/\/tuferreteria.online\/hazlo-tu-mismo\/preguntas-frecuentes\/","title":{"rendered":"Preguntas frecuentes (Faq)"},"content":{"rendered":"<div class=\"wpb-content-wrapper\"><p>[vc_row][vc_column width=\u00bb1\/4&#8243;][vc_empty_space][\/vc_column][vc_column width=\u00bb1\/2&#8243;][vc_empty_space][vc_column_text]<\/p>\n<h2 style=\"text-align: center;\"><span style=\"color: #f9e03a; font-size: 24pt;\"><strong>Resuelve tus dudas<\/strong><\/span><\/h2>\n<p>&nbsp;<\/p>\n<h3 style=\"text-align: center;\"><span style=\"color: #f9e03a; font-family: georgia, palatino, serif; font-size: 18pt;\">\u00bfPuedo comprar online y recogerlo en tienda?<\/span><\/h3>\n<p>&nbsp;<\/p>\n<p style=\"text-align: center;\"><span style=\"font-family: georgia, palatino, serif; font-size: 12pt; color: #000000;\">S\u00ed claro que puedes. Cuando acabes tu pedido te pedir\u00e1 los datos de env\u00edo, ah\u00ed encontrar\u00e1s una casilla donde indica \u00abrecoger en tienda\u00bb chequ\u00e9ala y listo.<\/span><\/p>\n<p>&nbsp;<\/p>\n<h3 style=\"text-align: center;\"><span style=\"color: #f9e03a;\"><strong><span style=\"font-size: 18pt;\">\u00bfTienen gastos de env\u00edo?<\/span><\/strong><\/span><\/h3>\n<p>&nbsp;<\/p>\n<p style=\"text-align: center;\">Depender\u00e1 de la Provincia a la que desees que te hagamos el env\u00edo.<\/p>\n<p style=\"text-align: center;\">Al completar tus datos de env\u00edo te mostrar\u00e1 cuales son. Igualmente puedes consultar<span style=\"text-decoration: underline;\"><strong> AQU\u00cd<\/strong> <\/span>nuestras tarifas.<\/p>\n<p>&nbsp;<\/p>\n<h3 style=\"text-align: center;\"><span style=\"color: #f9e03a;\"><strong><span style=\"font-size: 18pt;\">\u00bfCu\u00e1l es el plazo de entrega de mi pedido?<\/span><\/strong><\/span><\/h3>\n<p>&nbsp;<\/p>\n<p style=\"text-align: center;\">Desde la recepci\u00f3n del pago hay un per\u00edodo de preparaci\u00f3n de 24 horas. A partir de ah\u00ed entre 24\/72 horas (laborables), en el caso de las Islas Canarias. Para env\u00edos a la Pen\u00ednsula Ib\u00e9rica el plazo es de entre 3 y 21 d\u00edas (laborables).<\/p>\n<p>&nbsp;<\/p>\n<h3 style=\"text-align: center;\"><span style=\"color: #f9e03a;\"><strong><span style=\"font-size: 18pt;\">\u00bfSi vivo en la Pen\u00ednsula debo pagar el IGIC o el IVA?<\/span><\/strong><\/span><\/h3>\n<p>&nbsp;<\/p>\n<p style=\"text-align: center;\"><strong>Al realizar tu pedido desde la Pen\u00ednsula<\/strong>, dado que nuestra sede est\u00e1 en Canarias, en el total de tu carrito aparecer\u00e1n los precios sin IGIC (Impuesto General Indirecto Canario), con lo que tu pedido se cobrar\u00e1 sin impuesto. Esto supone que <strong>cuando te llegue el mismo, deber\u00e1s pagar el 21 % de IVA\u00a0 y si tu pedido es igual o superior a los 150 \u20ac se te cobrar\u00e1n tambi\u00e9n las Aduanas, ya que la ley lo estipula as\u00ed.<\/strong><\/p>\n<p>&nbsp;<\/p>\n<p style=\"text-align: center;\"><span style=\"font-family: georgia, palatino, serif; font-size: 12pt; color: #000000;\">Para cualquier otra duda o cuesti\u00f3n que tengas, puedes ponerte en contacto con nosotros en el siguiente enlace <a href=\"https:\/\/www.tuferreteria.online\/contacto\/\"><span style=\"text-decoration: underline;\"><strong>CONTACTO<\/strong><\/span><\/a> o llam\u00e1ndonos al 922.225.225 en horario de 7:00 a 15:00 de lunes a viernes y s\u00e1bados de 9:00 a 13:00.<\/span><\/p>\n<p>[\/vc_column_text][\/vc_column][vc_column width=\u00bb1\/4&#8243;][vc_empty_space][\/vc_column][\/vc_row]<\/p>\n<\/div>","protected":false},"excerpt":{"rendered":"<p>[vc_row][vc_column width=\u00bb1\/4&#8243;][vc_empty_space][\/vc_column][vc_column width=\u00bb1\/2&#8243;][vc_empty_space][vc_column_text] Resuelve tus dudas &nbsp; \u00bfPuedo comprar online y recogerlo en tienda? &nbsp; S\u00ed claro que puedes. Cuando acabes tu pedido te pedir\u00e1&#8230;<\/p>\n","protected":false},"author":1,"featured_media":0,"parent":0,"menu_order":0,"comment_status":"closed","ping_status":"closed","template":"","meta":{"_exactmetrics_skip_tracking":false,"_exactmetrics_sitenote_active":false,"_exactmetrics_sitenote_note":"","_exactmetrics_sitenote_category":0,"_joinchat":[],"footnotes":""},"class_list":["post-8242","page","type-page","status-publish","hentry"],"yoast_head":"<!-- This site is optimized with the Yoast SEO plugin v24.9 - https:\/\/yoast.com\/wordpress\/plugins\/seo\/ -->\n<title>Preguntas frecuentes (Faq) - Tienda de tuferreteria.online by Ferreter\u00eda La Salle<\/title>\n<meta name=\"description\" content=\"Consulta nuestras preguntas frecuentes si tienes dudas, en tu ferreter\u00eda online de confianza. Con Ferreter\u00eda La Salle en S\/C de Tenerife y Canarias.\" \/>\n<meta name=\"robots\" content=\"index, follow, max-snippet:-1, max-image-preview:large, max-video-preview:-1\" \/>\n<link rel=\"canonical\" href=\"https:\/\/tuferreteria.online\/hazlo-tu-mismo\/preguntas-frecuentes\/\" \/>\n<meta property=\"og:locale\" content=\"es_ES\" \/>\n<meta property=\"og:type\" content=\"article\" \/>\n<meta property=\"og:title\" content=\"Preguntas frecuentes (Faq) - Tienda de tuferreteria.online by Ferreter\u00eda La Salle\" \/>\n<meta property=\"og:description\" content=\"Consulta nuestras preguntas frecuentes si tienes dudas, en tu ferreter\u00eda online de confianza. Con Ferreter\u00eda La Salle en S\/C de Tenerife y Canarias.\" \/>\n<meta property=\"og:url\" content=\"https:\/\/tuferreteria.online\/hazlo-tu-mismo\/preguntas-frecuentes\/\" \/>\n<meta property=\"og:site_name\" content=\"Tienda de tuferreteria.online by Ferreter\u00eda La Salle\" \/>\n<meta property=\"article:modified_time\" content=\"2025-04-30T10:16:05+00:00\" \/>\n<meta name=\"twitter:card\" content=\"summary_large_image\" \/>\n<meta name=\"twitter:label1\" content=\"Tiempo de lectura\" \/>\n\t<meta name=\"twitter:data1\" content=\"2 minutos\" \/>\n<script type=\"application\/ld+json\" class=\"yoast-schema-graph\">{\"@context\":\"https:\/\/schema.org\",\"@graph\":[{\"@type\":\"WebPage\",\"@id\":\"https:\/\/tuferreteria.online\/hazlo-tu-mismo\/preguntas-frecuentes\/\",\"url\":\"https:\/\/tuferreteria.online\/hazlo-tu-mismo\/preguntas-frecuentes\/\",\"name\":\"Preguntas frecuentes (Faq) - Tienda de tuferreteria.online by Ferreter\u00eda La Salle\",\"isPartOf\":{\"@id\":\"https:\/\/tuferreteria.online\/hazlo-tu-mismo\/#website\"},\"datePublished\":\"2018-10-03T08:34:01+00:00\",\"dateModified\":\"2025-04-30T10:16:05+00:00\",\"description\":\"Consulta nuestras preguntas frecuentes si tienes dudas, en tu ferreter\u00eda online de confianza. Con Ferreter\u00eda La Salle en S\/C de Tenerife y Canarias.\",\"breadcrumb\":{\"@id\":\"https:\/\/tuferreteria.online\/hazlo-tu-mismo\/preguntas-frecuentes\/#breadcrumb\"},\"inLanguage\":\"es\",\"potentialAction\":[{\"@type\":\"ReadAction\",\"target\":[\"https:\/\/tuferreteria.online\/hazlo-tu-mismo\/preguntas-frecuentes\/\"]}]},{\"@type\":\"BreadcrumbList\",\"@id\":\"https:\/\/tuferreteria.online\/hazlo-tu-mismo\/preguntas-frecuentes\/#breadcrumb\",\"itemListElement\":[{\"@type\":\"ListItem\",\"position\":1,\"name\":\"Portada\",\"item\":\"https:\/\/tuferreteria.online\/hazlo-tu-mismo\/\"},{\"@type\":\"ListItem\",\"position\":2,\"name\":\"Preguntas frecuentes (Faq)\"}]},{\"@type\":\"WebSite\",\"@id\":\"https:\/\/tuferreteria.online\/hazlo-tu-mismo\/#website\",\"url\":\"https:\/\/tuferreteria.online\/hazlo-tu-mismo\/\",\"name\":\"Tienda de tuferreteria.online by Ferreter\u00eda La Salle\",\"description\":\"Hazlo tu mismo\",\"potentialAction\":[{\"@type\":\"SearchAction\",\"target\":{\"@type\":\"EntryPoint\",\"urlTemplate\":\"https:\/\/tuferreteria.online\/hazlo-tu-mismo\/?s={search_term_string}\"},\"query-input\":{\"@type\":\"PropertyValueSpecification\",\"valueRequired\":true,\"valueName\":\"search_term_string\"}}],\"inLanguage\":\"es\"}]}<\/script>\n<!-- \/ Yoast SEO plugin. -->","yoast_head_json":{"title":"Preguntas frecuentes (Faq) - Tienda de tuferreteria.online by Ferreter\u00eda La Salle","description":"Consulta nuestras preguntas frecuentes si tienes dudas, en tu ferreter\u00eda online de confianza. Con Ferreter\u00eda La Salle en S\/C de Tenerife y Canarias.","robots":{"index":"index","follow":"follow","max-snippet":"max-snippet:-1","max-image-preview":"max-image-preview:large","max-video-preview":"max-video-preview:-1"},"canonical":"https:\/\/tuferreteria.online\/hazlo-tu-mismo\/preguntas-frecuentes\/","og_locale":"es_ES","og_type":"article","og_title":"Preguntas frecuentes (Faq) - Tienda de tuferreteria.online by Ferreter\u00eda La Salle","og_description":"Consulta nuestras preguntas frecuentes si tienes dudas, en tu ferreter\u00eda online de confianza. Con Ferreter\u00eda La Salle en S\/C de Tenerife y Canarias.","og_url":"https:\/\/tuferreteria.online\/hazlo-tu-mismo\/preguntas-frecuentes\/","og_site_name":"Tienda de tuferreteria.online by Ferreter\u00eda La Salle","article_modified_time":"2025-04-30T10:16:05+00:00","twitter_card":"summary_large_image","twitter_misc":{"Tiempo de lectura":"2 minutos"},"schema":{"@context":"https:\/\/schema.org","@graph":[{"@type":"WebPage","@id":"https:\/\/tuferreteria.online\/hazlo-tu-mismo\/preguntas-frecuentes\/","url":"https:\/\/tuferreteria.online\/hazlo-tu-mismo\/preguntas-frecuentes\/","name":"Preguntas frecuentes (Faq) - Tienda de tuferreteria.online by Ferreter\u00eda La Salle","isPartOf":{"@id":"https:\/\/tuferreteria.online\/hazlo-tu-mismo\/#website"},"datePublished":"2018-10-03T08:34:01+00:00","dateModified":"2025-04-30T10:16:05+00:00","description":"Consulta nuestras preguntas frecuentes si tienes dudas, en tu ferreter\u00eda online de confianza. Con Ferreter\u00eda La Salle en S\/C de Tenerife y Canarias.","breadcrumb":{"@id":"https:\/\/tuferreteria.online\/hazlo-tu-mismo\/preguntas-frecuentes\/#breadcrumb"},"inLanguage":"es","potentialAction":[{"@type":"ReadAction","target":["https:\/\/tuferreteria.online\/hazlo-tu-mismo\/preguntas-frecuentes\/"]}]},{"@type":"BreadcrumbList","@id":"https:\/\/tuferreteria.online\/hazlo-tu-mismo\/preguntas-frecuentes\/#breadcrumb","itemListElement":[{"@type":"ListItem","position":1,"name":"Portada","item":"https:\/\/tuferreteria.online\/hazlo-tu-mismo\/"},{"@type":"ListItem","position":2,"name":"Preguntas frecuentes (Faq)"}]},{"@type":"WebSite","@id":"https:\/\/tuferreteria.online\/hazlo-tu-mismo\/#website","url":"https:\/\/tuferreteria.online\/hazlo-tu-mismo\/","name":"Tienda de tuferreteria.online by Ferreter\u00eda La Salle","description":"Hazlo tu mismo","potentialAction":[{"@type":"SearchAction","target":{"@type":"EntryPoint","urlTemplate":"https:\/\/tuferreteria.online\/hazlo-tu-mismo\/?s={search_term_string}"},"query-input":{"@type":"PropertyValueSpecification","valueRequired":true,"valueName":"search_term_string"}}],"inLanguage":"es"}]}},"_links":{"self":[{"href":"https:\/\/tuferreteria.online\/hazlo-tu-mismo\/wp-json\/wp\/v2\/pages\/8242","targetHints":{"allow":["GET"]}}],"collection":[{"href":"https:\/\/tuferreteria.online\/hazlo-tu-mismo\/wp-json\/wp\/v2\/pages"}],"about":[{"href":"https:\/\/tuferreteria.online\/hazlo-tu-mismo\/wp-json\/wp\/v2\/types\/page"}],"author":[{"embeddable":true,"href":"https:\/\/tuferreteria.online\/hazlo-tu-mismo\/wp-json\/wp\/v2\/users\/1"}],"replies":[{"embeddable":true,"href":"https:\/\/tuferreteria.online\/hazlo-tu-mismo\/wp-json\/wp\/v2\/comments?post=8242"}],"version-history":[{"count":7,"href":"https:\/\/tuferreteria.online\/hazlo-tu-mismo\/wp-json\/wp\/v2\/pages\/8242\/revisions"}],"predecessor-version":[{"id":31766,"href":"https:\/\/tuferreteria.online\/hazlo-tu-mismo\/wp-json\/wp\/v2\/pages\/8242\/revisions\/31766"}],"wp:attachment":[{"href":"https:\/\/tuferreteria.online\/hazlo-tu-mismo\/wp-json\/wp\/v2\/media?parent=8242"}],"curies":[{"name":"wp","href":"https:\/\/api.w.org\/{rel}","templated":true}]}}