{"id":10485,"date":"2026-02-24T09:16:15","date_gmt":"2026-02-24T08:16:15","guid":{"rendered":"https:\/\/tuferreteria.online\/hazlo-tu-mismo\/tienda\/sincategorizar\/calentador-junk-wd11-ame31acc-evac\/"},"modified":"2026-02-24T13:15:13","modified_gmt":"2026-02-24T12:15:13","slug":"calentador-11l-estanco","status":"publish","type":"product","link":"https:\/\/tuferreteria.online\/hazlo-tu-mismo\/tienda\/fontaneria\/calentadores-y-termos\/calentador-11l-estanco\/","title":{"rendered":"CALENTADOR 11 L. ESTANCO HYDRONEXT 2400S"},"content":{"rendered":"<div class=\"wpb-content-wrapper\"><p>[vc_row][vc_column][vc_column_text]<\/p>\n<h2 style=\"text-align: center;\"><span style=\"font-size: 24pt; color: #f9e03a;\">Calentador Jukers 11 L. Estanco<\/span><\/h2>\n<p>&nbsp;<\/p>\n<h3>Caracter\u00edsticas:<\/h3>\n<p>&nbsp;<\/p>\n<h3>ESTE PRODUCTO NO SE ENV\u00cdA A LA PEN\u00cdNSULA IB\u00c9RICA (S\u00d3LO CANARIAS)<\/h3>\n<p>&nbsp;<\/p>\n<p style=\"text-align: justify;\">Ahora si necesitamos o queremos cambiar el calentador en nuestro hogar, la nueva normativa exige que sea estanco, lo que quiere decir que la toma de aire y la expulsi\u00f3n de los gases nocivos NOx, de nuestro calentador van por unos conductos estancos con salida directa al exterior.<\/p>\n<p style=\"text-align: justify;\">La mayor ventaja a este respecto es que ahora podremos ponerlos en el interior del ba\u00f1o, con su correspondiente salida al exterior, por un conducto, (como el extractor de la cocina, para que os hag\u00e1is una idea) no teniendo obligaci\u00f3n de ponerlo en el exterior o en una solana ventilada, como los antiguos.<\/p>\n<p style=\"text-align: justify;\">Nos aportar\u00e1n una mayor seguridad y control del consumo, porque a pesar de que habr\u00e1 que enchufarlo a la corriente ya que tiene un ventilador integrado para la correcta extracci\u00f3n de los gases, es un electrodom\u00e9stico de consumo energ\u00e9tico <strong><span style=\"font-size: 14pt;\">A.<\/span><\/strong><\/p>\n<p style=\"text-align: justify;\">Viene con los accesorios de instalaci\u00f3n incluidos.<\/p>\n<p style=\"text-align: justify;\">Abajo ten\u00e9is un v\u00eddeo demostrativo y al manual de instrucciones para que le ech\u00e9is un vistazo.<\/p>\n<p>[\/vc_column_text][\/vc_column][\/vc_row][vc_row][vc_column width=\u00bb1\/2&#8243;][vc_video link=\u00bbhttps:\/\/youtu.be\/4aHKTqxdrtE\u00bb el_width=\u00bb80&#8243; align=\u00bbcenter\u00bb][\/vc_column][vc_column width=\u00bb1\/2&#8243;][vc_single_image image=\u00bb12699&#8243; img_size=\u00bbmedium\u00bb alignment=\u00bbcenter\u00bb onclick=\u00bbcustom_link\u00bb img_link_target=\u00bb_blank\u00bb link=\u00bbhttps:\/\/tuferreteria.online\/hazlo-tu-mismo\/manual-hidronext-2400-s\/\u00bb][\/vc_column][\/vc_row]<\/p>\n<\/div>","protected":false},"excerpt":{"rendered":"<h2>CALENTADOR JUNKERS WD11 &#8211; AME31+ACC.EVACUACI\u00d3N<\/h2>\n","protected":false},"featured_media":12699,"comment_status":"closed","ping_status":"closed","template":"","meta":{"_exactmetrics_skip_tracking":false,"_exactmetrics_sitenote_active":false,"_exactmetrics_sitenote_note":"","_exactmetrics_sitenote_category":0,"_joinchat":[]},"etheme_brands":[{"term_id":344,"name":"JUNKERS","slug":"junkers","term_group":0,"term_taxonomy_id":344,"taxonomy":"brand","description":"","parent":0,"count":6,"filter":"raw"}],"product_brand":[],"product_cat":[297,107],"product_tag":[346,2259,2257,2258,1988,1987,472,345],"class_list":{"0":"post-10485","1":"product","2":"type-product","3":"status-publish","4":"has-post-thumbnail","6":"brand-junkers","7":"product_cat-calentadores-y-termos","8":"product_cat-fontaneria","9":"product_tag-calentador","10":"product_tag-calentador-estanco-canarias","11":"product_tag-calentador-estanco-junkers-tenerife","12":"product_tag-calentador-estanco-tenerife","13":"product_tag-calentador-gas-canarias","14":"product_tag-calentador-gas-tenerife","15":"product_tag-hydronext","16":"product_tag-junkers","17":"product_shipping_class-envio-peso","19":"first","20":"instock","21":"taxable","22":"shipping-taxable","23":"purchasable","24":"product-type-simple"},"yoast_head":"<!-- This site is optimized with the Yoast SEO plugin v24.9 - https:\/\/yoast.com\/wordpress\/plugins\/seo\/ -->\n<title>CALENTADOR 11 L. ESTANCO HYDRONEXT 2400S<\/title>\n<meta name=\"description\" content=\"Calentador 11L. estanco Hydronext 2400 S de Junkers. Nuevos Calentadores a Gas estancos. \u00bfNecesitas cambiar el tuyo?, Pues ven a por \u00e9l.\" \/>\n<meta name=\"robots\" content=\"index, follow, max-snippet:-1, max-image-preview:large, max-video-preview:-1\" \/>\n<link rel=\"canonical\" href=\"https:\/\/tuferreteria.online\/hazlo-tu-mismo\/tienda\/fontaneria\/calentadores-y-termos\/calentador-11l-estanco\/\" \/>\n<meta property=\"og:locale\" content=\"es_ES\" \/>\n<meta property=\"og:type\" content=\"article\" \/>\n<meta property=\"og:title\" content=\"CALENTADOR 11 L. ESTANCO HYDRONEXT 2400S\" \/>\n<meta property=\"og:description\" content=\"Calentador 11L. estanco Hydronext 2400 S de Junkers. Nuevos Calentadores a Gas estancos. \u00bfNecesitas cambiar el tuyo?, Pues ven a por \u00e9l.\" \/>\n<meta property=\"og:url\" content=\"https:\/\/tuferreteria.online\/hazlo-tu-mismo\/tienda\/fontaneria\/calentadores-y-termos\/calentador-11l-estanco\/\" \/>\n<meta property=\"og:site_name\" content=\"Tienda de tuferreteria.online by Ferreter\u00eda La Salle\" \/>\n<meta property=\"article:modified_time\" content=\"2026-02-24T12:15:13+00:00\" \/>\n<meta property=\"og:image\" content=\"https:\/\/tuferreteria.online\/hazlo-tu-mismo\/wp-content\/uploads\/2019\/06\/CALENTADOR-ESTANCO-11L.jpg\" \/>\n\t<meta property=\"og:image:width\" content=\"700\" \/>\n\t<meta property=\"og:image:height\" content=\"700\" \/>\n\t<meta property=\"og:image:type\" content=\"image\/jpeg\" \/>\n<meta name=\"twitter:card\" content=\"summary_large_image\" \/>\n<meta name=\"twitter:label1\" content=\"Tiempo de lectura\" \/>\n\t<meta name=\"twitter:data1\" content=\"1 minuto\" \/>\n<script type=\"application\/ld+json\" class=\"yoast-schema-graph\">{\"@context\":\"https:\/\/schema.org\",\"@graph\":[{\"@type\":\"WebPage\",\"@id\":\"https:\/\/tuferreteria.online\/hazlo-tu-mismo\/tienda\/fontaneria\/calentadores-y-termos\/calentador-11l-estanco\/\",\"url\":\"https:\/\/tuferreteria.online\/hazlo-tu-mismo\/tienda\/fontaneria\/calentadores-y-termos\/calentador-11l-estanco\/\",\"name\":\"CALENTADOR 11 L. ESTANCO HYDRONEXT 2400S\",\"isPartOf\":{\"@id\":\"https:\/\/tuferreteria.online\/hazlo-tu-mismo\/#website\"},\"primaryImageOfPage\":{\"@id\":\"https:\/\/tuferreteria.online\/hazlo-tu-mismo\/tienda\/fontaneria\/calentadores-y-termos\/calentador-11l-estanco\/#primaryimage\"},\"image\":{\"@id\":\"https:\/\/tuferreteria.online\/hazlo-tu-mismo\/tienda\/fontaneria\/calentadores-y-termos\/calentador-11l-estanco\/#primaryimage\"},\"thumbnailUrl\":\"https:\/\/tuferreteria.online\/hazlo-tu-mismo\/wp-content\/uploads\/2019\/06\/CALENTADOR-ESTANCO-11L.jpg\",\"datePublished\":\"2026-02-24T08:16:15+00:00\",\"dateModified\":\"2026-02-24T12:15:13+00:00\",\"description\":\"Calentador 11L. estanco Hydronext 2400 S de Junkers. Nuevos Calentadores a Gas estancos. \u00bfNecesitas cambiar el tuyo?, Pues ven a por \u00e9l.\",\"breadcrumb\":{\"@id\":\"https:\/\/tuferreteria.online\/hazlo-tu-mismo\/tienda\/fontaneria\/calentadores-y-termos\/calentador-11l-estanco\/#breadcrumb\"},\"inLanguage\":\"es\",\"potentialAction\":[{\"@type\":\"ReadAction\",\"target\":[\"https:\/\/tuferreteria.online\/hazlo-tu-mismo\/tienda\/fontaneria\/calentadores-y-termos\/calentador-11l-estanco\/\"]}]},{\"@type\":\"ImageObject\",\"inLanguage\":\"es\",\"@id\":\"https:\/\/tuferreteria.online\/hazlo-tu-mismo\/tienda\/fontaneria\/calentadores-y-termos\/calentador-11l-estanco\/#primaryimage\",\"url\":\"https:\/\/tuferreteria.online\/hazlo-tu-mismo\/wp-content\/uploads\/2019\/06\/CALENTADOR-ESTANCO-11L.jpg\",\"contentUrl\":\"https:\/\/tuferreteria.online\/hazlo-tu-mismo\/wp-content\/uploads\/2019\/06\/CALENTADOR-ESTANCO-11L.jpg\",\"width\":700,\"height\":700,\"caption\":\"CALENTADOR-ESTANCO-11L\"},{\"@type\":\"BreadcrumbList\",\"@id\":\"https:\/\/tuferreteria.online\/hazlo-tu-mismo\/tienda\/fontaneria\/calentadores-y-termos\/calentador-11l-estanco\/#breadcrumb\",\"itemListElement\":[{\"@type\":\"ListItem\",\"position\":1,\"name\":\"Portada\",\"item\":\"https:\/\/tuferreteria.online\/hazlo-tu-mismo\/\"},{\"@type\":\"ListItem\",\"position\":2,\"name\":\"Tienda\",\"item\":\"https:\/\/tuferreteria.online\/hazlo-tu-mismo\/tienda\/\"},{\"@type\":\"ListItem\",\"position\":3,\"name\":\"CALENTADOR 11 L. ESTANCO HYDRONEXT 2400S\"}]},{\"@type\":\"WebSite\",\"@id\":\"https:\/\/tuferreteria.online\/hazlo-tu-mismo\/#website\",\"url\":\"https:\/\/tuferreteria.online\/hazlo-tu-mismo\/\",\"name\":\"Tienda de tuferreteria.online by Ferreter\u00eda La Salle\",\"description\":\"Hazlo tu mismo\",\"potentialAction\":[{\"@type\":\"SearchAction\",\"target\":{\"@type\":\"EntryPoint\",\"urlTemplate\":\"https:\/\/tuferreteria.online\/hazlo-tu-mismo\/?s={search_term_string}\"},\"query-input\":{\"@type\":\"PropertyValueSpecification\",\"valueRequired\":true,\"valueName\":\"search_term_string\"}}],\"inLanguage\":\"es\"}]}<\/script>\n<!-- \/ Yoast SEO plugin. -->","yoast_head_json":{"title":"CALENTADOR 11 L. ESTANCO HYDRONEXT 2400S","description":"Calentador 11L. estanco Hydronext 2400 S de Junkers. Nuevos Calentadores a Gas estancos. \u00bfNecesitas cambiar el tuyo?, Pues ven a por \u00e9l.","robots":{"index":"index","follow":"follow","max-snippet":"max-snippet:-1","max-image-preview":"max-image-preview:large","max-video-preview":"max-video-preview:-1"},"canonical":"https:\/\/tuferreteria.online\/hazlo-tu-mismo\/tienda\/fontaneria\/calentadores-y-termos\/calentador-11l-estanco\/","og_locale":"es_ES","og_type":"article","og_title":"CALENTADOR 11 L. ESTANCO HYDRONEXT 2400S","og_description":"Calentador 11L. estanco Hydronext 2400 S de Junkers. Nuevos Calentadores a Gas estancos. \u00bfNecesitas cambiar el tuyo?, Pues ven a por \u00e9l.","og_url":"https:\/\/tuferreteria.online\/hazlo-tu-mismo\/tienda\/fontaneria\/calentadores-y-termos\/calentador-11l-estanco\/","og_site_name":"Tienda de tuferreteria.online by Ferreter\u00eda La Salle","article_modified_time":"2026-02-24T12:15:13+00:00","og_image":[{"width":700,"height":700,"url":"https:\/\/tuferreteria.online\/hazlo-tu-mismo\/wp-content\/uploads\/2019\/06\/CALENTADOR-ESTANCO-11L.jpg","type":"image\/jpeg"}],"twitter_card":"summary_large_image","twitter_misc":{"Tiempo de lectura":"1 minuto"},"schema":{"@context":"https:\/\/schema.org","@graph":[{"@type":"WebPage","@id":"https:\/\/tuferreteria.online\/hazlo-tu-mismo\/tienda\/fontaneria\/calentadores-y-termos\/calentador-11l-estanco\/","url":"https:\/\/tuferreteria.online\/hazlo-tu-mismo\/tienda\/fontaneria\/calentadores-y-termos\/calentador-11l-estanco\/","name":"CALENTADOR 11 L. ESTANCO HYDRONEXT 2400S","isPartOf":{"@id":"https:\/\/tuferreteria.online\/hazlo-tu-mismo\/#website"},"primaryImageOfPage":{"@id":"https:\/\/tuferreteria.online\/hazlo-tu-mismo\/tienda\/fontaneria\/calentadores-y-termos\/calentador-11l-estanco\/#primaryimage"},"image":{"@id":"https:\/\/tuferreteria.online\/hazlo-tu-mismo\/tienda\/fontaneria\/calentadores-y-termos\/calentador-11l-estanco\/#primaryimage"},"thumbnailUrl":"https:\/\/tuferreteria.online\/hazlo-tu-mismo\/wp-content\/uploads\/2019\/06\/CALENTADOR-ESTANCO-11L.jpg","datePublished":"2026-02-24T08:16:15+00:00","dateModified":"2026-02-24T12:15:13+00:00","description":"Calentador 11L. estanco Hydronext 2400 S de Junkers. Nuevos Calentadores a Gas estancos. \u00bfNecesitas cambiar el tuyo?, Pues ven a por \u00e9l.","breadcrumb":{"@id":"https:\/\/tuferreteria.online\/hazlo-tu-mismo\/tienda\/fontaneria\/calentadores-y-termos\/calentador-11l-estanco\/#breadcrumb"},"inLanguage":"es","potentialAction":[{"@type":"ReadAction","target":["https:\/\/tuferreteria.online\/hazlo-tu-mismo\/tienda\/fontaneria\/calentadores-y-termos\/calentador-11l-estanco\/"]}]},{"@type":"ImageObject","inLanguage":"es","@id":"https:\/\/tuferreteria.online\/hazlo-tu-mismo\/tienda\/fontaneria\/calentadores-y-termos\/calentador-11l-estanco\/#primaryimage","url":"https:\/\/tuferreteria.online\/hazlo-tu-mismo\/wp-content\/uploads\/2019\/06\/CALENTADOR-ESTANCO-11L.jpg","contentUrl":"https:\/\/tuferreteria.online\/hazlo-tu-mismo\/wp-content\/uploads\/2019\/06\/CALENTADOR-ESTANCO-11L.jpg","width":700,"height":700,"caption":"CALENTADOR-ESTANCO-11L"},{"@type":"BreadcrumbList","@id":"https:\/\/tuferreteria.online\/hazlo-tu-mismo\/tienda\/fontaneria\/calentadores-y-termos\/calentador-11l-estanco\/#breadcrumb","itemListElement":[{"@type":"ListItem","position":1,"name":"Portada","item":"https:\/\/tuferreteria.online\/hazlo-tu-mismo\/"},{"@type":"ListItem","position":2,"name":"Tienda","item":"https:\/\/tuferreteria.online\/hazlo-tu-mismo\/tienda\/"},{"@type":"ListItem","position":3,"name":"CALENTADOR 11 L. ESTANCO HYDRONEXT 2400S"}]},{"@type":"WebSite","@id":"https:\/\/tuferreteria.online\/hazlo-tu-mismo\/#website","url":"https:\/\/tuferreteria.online\/hazlo-tu-mismo\/","name":"Tienda de tuferreteria.online by Ferreter\u00eda La Salle","description":"Hazlo tu mismo","potentialAction":[{"@type":"SearchAction","target":{"@type":"EntryPoint","urlTemplate":"https:\/\/tuferreteria.online\/hazlo-tu-mismo\/?s={search_term_string}"},"query-input":{"@type":"PropertyValueSpecification","valueRequired":true,"valueName":"search_term_string"}}],"inLanguage":"es"}]}},"_links":{"self":[{"href":"https:\/\/tuferreteria.online\/hazlo-tu-mismo\/wp-json\/wp\/v2\/product\/10485","targetHints":{"allow":["GET"]}}],"collection":[{"href":"https:\/\/tuferreteria.online\/hazlo-tu-mismo\/wp-json\/wp\/v2\/product"}],"about":[{"href":"https:\/\/tuferreteria.online\/hazlo-tu-mismo\/wp-json\/wp\/v2\/types\/product"}],"replies":[{"embeddable":true,"href":"https:\/\/tuferreteria.online\/hazlo-tu-mismo\/wp-json\/wp\/v2\/comments?post=10485"}],"wp:featuredmedia":[{"embeddable":true,"href":"https:\/\/tuferreteria.online\/hazlo-tu-mismo\/wp-json\/wp\/v2\/media\/12699"}],"wp:attachment":[{"href":"https:\/\/tuferreteria.online\/hazlo-tu-mismo\/wp-json\/wp\/v2\/media?parent=10485"}],"wp:term":[{"taxonomy":"brand","embeddable":true,"href":"https:\/\/tuferreteria.online\/hazlo-tu-mismo\/wp-json\/wp\/v2\/etheme_brands?post=10485"},{"taxonomy":"product_brand","embeddable":true,"href":"https:\/\/tuferreteria.online\/hazlo-tu-mismo\/wp-json\/wp\/v2\/product_brand?post=10485"},{"taxonomy":"product_cat","embeddable":true,"href":"https:\/\/tuferreteria.online\/hazlo-tu-mismo\/wp-json\/wp\/v2\/product_cat?post=10485"},{"taxonomy":"product_tag","embeddable":true,"href":"https:\/\/tuferreteria.online\/hazlo-tu-mismo\/wp-json\/wp\/v2\/product_tag?post=10485"}],"curies":[{"name":"wp","href":"https:\/\/api.w.org\/{rel}","templated":true}]}}