{"id":10486,"date":"2026-02-24T09:16:17","date_gmt":"2026-02-24T08:16:17","guid":{"rendered":"https:\/\/tuferreteria.online\/hazlo-tu-mismo\/tienda\/sincategorizar\/termo-elec-junkers-4500-30l\/"},"modified":"2026-03-11T11:24:44","modified_gmt":"2026-03-11T10:24:44","slug":"termo-electrico-junkers","status":"publish","type":"product","link":"https:\/\/tuferreteria.online\/hazlo-tu-mismo\/tienda\/fontaneria\/calentadores-y-termos\/termo-electrico-junkers\/","title":{"rendered":"TERMO 30L. EL\u00c9CTRICO JUNKERS 4500"},"content":{"rendered":"<div class=\"wpb-content-wrapper\"><p>[vc_row][vc_column][vc_column_text]<\/p>\n<h2 style=\"text-align: center;\"><span style=\"font-size: 24pt; color: #f9e03a;\">Termo El\u00e9ctrico 30 Litros<\/span><\/h2>\n<h3><\/h3>\n<h3>Caracter\u00edsticas:<\/h3>\n<p>&nbsp;<\/p>\n<h3>ESTE PRODUCTO NO SE ENV\u00cdA A LA PEN\u00cdNSULA IB\u00c9RICA (S\u00d3LO CANARIAS)<\/h3>\n<p>&nbsp;<\/p>\n<p style=\"text-align: justify;\">El Termo El\u00e9ctrico Junkers de 30 Litros est\u00e1 catalogado con la letra <strong>B<\/strong> de ahorro de energ\u00eda, algo poco com\u00fan.<\/p>\n<p style=\"text-align: justify;\">Estos termos destacan por su eficiencia energ\u00e9tica gracias a la funci\u00f3n Smart que adapta el funcionamiento del termo a los diferentes tipos de consumo, optimizando as\u00ed el consumo de energ\u00eda.<\/p>\n<p style=\"text-align: justify;\">Adem\u00e1s, sus 30 cm. de profundidad y la instalaci\u00f3n reversible que les permite adaptarse a diferentes tipos de instalaciones.<\/p>\n<p style=\"text-align: justify;\">Funcionamiento sencillo: pantalla y control intuitivo, con indicador de temperatura de 7 LED.<\/p>\n<p style=\"text-align: justify;\">Tiene doble tanque lo que nos proporciona varias ventajas:<\/p>\n<p style=\"text-align: justify;\">Protecci\u00f3n anticorrosi\u00f3n con revestimiento esmaltado.<\/p>\n<p style=\"text-align: justify;\">Dos \u00e1nodos de magnesio.<\/p>\n<p style=\"text-align: justify;\">Dos resistencias.<\/p>\n<p style=\"text-align: justify;\">1\u00aa ducha y recuperaci\u00f3n para las siguientes m\u00e1s r\u00e1pida.<\/p>\n<p style=\"text-align: justify;\">Protecci\u00f3n de sobrecalentamiento y trabajo en vac\u00edo.<\/p>\n<p style=\"text-align: justify;\">Funci\u00f3n anti-legionela.<\/p>\n<p style=\"text-align: justify;\">Accesorios de montaje, manguitos y v\u00e1lvula de seguridad incluidos.<\/p>\n<p style=\"text-align: justify;\">Sus medidas son 63,5 cm de alto x 49 cm de ancho.<\/p>\n<p>[\/vc_column_text][\/vc_column][\/vc_row]<\/p>\n<\/div>","protected":false},"excerpt":{"rendered":"<h2>TERMO EL\u00c9CTRICO JUNKERS ELACELL EXCELLENCE 4500 DE 30LT.<\/h2>\n","protected":false},"featured_media":12437,"comment_status":"closed","ping_status":"closed","template":"","meta":{"_exactmetrics_skip_tracking":false,"_exactmetrics_sitenote_active":false,"_exactmetrics_sitenote_note":"","_exactmetrics_sitenote_category":0,"_joinchat":[]},"etheme_brands":[{"term_id":344,"name":"JUNKERS","slug":"junkers","term_group":0,"term_taxonomy_id":344,"taxonomy":"brand","description":"","parent":0,"count":6,"filter":"raw"}],"product_brand":[],"product_cat":[297,107],"product_tag":[2254,2256,464,345,463,339,1991],"class_list":{"0":"post-10486","1":"product","2":"type-product","3":"status-publish","4":"has-post-thumbnail","6":"brand-junkers","7":"product_cat-calentadores-y-termos","8":"product_cat-fontaneria","9":"product_tag-calentador-electrico-tenerife","10":"product_tag-comprar-termo-electrico-tenerife","11":"product_tag-electrico","12":"product_tag-junkers","13":"product_tag-termo","14":"product_tag-termo-electrico","15":"product_tag-termo-electrico-tenerife","16":"product_shipping_class-envio-peso","18":"first","19":"instock","20":"taxable","21":"shipping-taxable","22":"purchasable","23":"product-type-simple"},"yoast_head":"<!-- This site is optimized with the Yoast SEO plugin v24.9 - https:\/\/yoast.com\/wordpress\/plugins\/seo\/ -->\n<title>TERMO 30L. EL\u00c9CTRICO JUNKERS 4500 - Tienda de tuferreteria.online by Ferreter\u00eda La Salle<\/title>\n<meta name=\"description\" content=\"Termo el\u00e9ctrico 30 Lt., Elacell Excellence 4500 de Junkers, el termo el\u00e9ctrico ideal para lugares con poca profundidad gracias a sus tan s\u00f3lo 30 cm.\" \/>\n<meta name=\"robots\" content=\"index, follow, max-snippet:-1, max-image-preview:large, max-video-preview:-1\" \/>\n<link rel=\"canonical\" href=\"https:\/\/tuferreteria.online\/hazlo-tu-mismo\/tienda\/fontaneria\/calentadores-y-termos\/termo-electrico-junkers\/\" \/>\n<meta property=\"og:locale\" content=\"es_ES\" \/>\n<meta property=\"og:type\" content=\"article\" \/>\n<meta property=\"og:title\" content=\"TERMO 30L. EL\u00c9CTRICO JUNKERS 4500 - Tienda de tuferreteria.online by Ferreter\u00eda La Salle\" \/>\n<meta property=\"og:description\" content=\"Termo el\u00e9ctrico 30 Lt., Elacell Excellence 4500 de Junkers, el termo el\u00e9ctrico ideal para lugares con poca profundidad gracias a sus tan s\u00f3lo 30 cm.\" \/>\n<meta property=\"og:url\" content=\"https:\/\/tuferreteria.online\/hazlo-tu-mismo\/tienda\/fontaneria\/calentadores-y-termos\/termo-electrico-junkers\/\" \/>\n<meta property=\"og:site_name\" content=\"Tienda de tuferreteria.online by Ferreter\u00eda La Salle\" \/>\n<meta property=\"article:modified_time\" content=\"2026-03-11T10:24:44+00:00\" \/>\n<meta property=\"og:image\" content=\"https:\/\/tuferreteria.online\/hazlo-tu-mismo\/wp-content\/uploads\/2019\/06\/TERMO-ELACELL-4500-JUNKERS-505642-.jpg\" \/>\n\t<meta property=\"og:image:width\" content=\"450\" \/>\n\t<meta property=\"og:image:height\" content=\"450\" \/>\n\t<meta property=\"og:image:type\" content=\"image\/jpeg\" \/>\n<meta name=\"twitter:card\" content=\"summary_large_image\" \/>\n<meta name=\"twitter:label1\" content=\"Tiempo de lectura\" \/>\n\t<meta name=\"twitter:data1\" content=\"1 minuto\" \/>\n<script type=\"application\/ld+json\" class=\"yoast-schema-graph\">{\"@context\":\"https:\/\/schema.org\",\"@graph\":[{\"@type\":\"WebPage\",\"@id\":\"https:\/\/tuferreteria.online\/hazlo-tu-mismo\/tienda\/fontaneria\/calentadores-y-termos\/termo-electrico-junkers\/\",\"url\":\"https:\/\/tuferreteria.online\/hazlo-tu-mismo\/tienda\/fontaneria\/calentadores-y-termos\/termo-electrico-junkers\/\",\"name\":\"TERMO 30L. EL\u00c9CTRICO JUNKERS 4500 - Tienda de tuferreteria.online by Ferreter\u00eda La Salle\",\"isPartOf\":{\"@id\":\"https:\/\/tuferreteria.online\/hazlo-tu-mismo\/#website\"},\"primaryImageOfPage\":{\"@id\":\"https:\/\/tuferreteria.online\/hazlo-tu-mismo\/tienda\/fontaneria\/calentadores-y-termos\/termo-electrico-junkers\/#primaryimage\"},\"image\":{\"@id\":\"https:\/\/tuferreteria.online\/hazlo-tu-mismo\/tienda\/fontaneria\/calentadores-y-termos\/termo-electrico-junkers\/#primaryimage\"},\"thumbnailUrl\":\"https:\/\/tuferreteria.online\/hazlo-tu-mismo\/wp-content\/uploads\/2019\/06\/TERMO-ELACELL-4500-JUNKERS-505642-.jpg\",\"datePublished\":\"2026-02-24T08:16:17+00:00\",\"dateModified\":\"2026-03-11T10:24:44+00:00\",\"description\":\"Termo el\u00e9ctrico 30 Lt., Elacell Excellence 4500 de Junkers, el termo el\u00e9ctrico ideal para lugares con poca profundidad gracias a sus tan s\u00f3lo 30 cm.\",\"breadcrumb\":{\"@id\":\"https:\/\/tuferreteria.online\/hazlo-tu-mismo\/tienda\/fontaneria\/calentadores-y-termos\/termo-electrico-junkers\/#breadcrumb\"},\"inLanguage\":\"es\",\"potentialAction\":[{\"@type\":\"ReadAction\",\"target\":[\"https:\/\/tuferreteria.online\/hazlo-tu-mismo\/tienda\/fontaneria\/calentadores-y-termos\/termo-electrico-junkers\/\"]}]},{\"@type\":\"ImageObject\",\"inLanguage\":\"es\",\"@id\":\"https:\/\/tuferreteria.online\/hazlo-tu-mismo\/tienda\/fontaneria\/calentadores-y-termos\/termo-electrico-junkers\/#primaryimage\",\"url\":\"https:\/\/tuferreteria.online\/hazlo-tu-mismo\/wp-content\/uploads\/2019\/06\/TERMO-ELACELL-4500-JUNKERS-505642-.jpg\",\"contentUrl\":\"https:\/\/tuferreteria.online\/hazlo-tu-mismo\/wp-content\/uploads\/2019\/06\/TERMO-ELACELL-4500-JUNKERS-505642-.jpg\",\"width\":450,\"height\":450,\"caption\":\"TERMO-ELACELL 4500-JUNKERS\"},{\"@type\":\"BreadcrumbList\",\"@id\":\"https:\/\/tuferreteria.online\/hazlo-tu-mismo\/tienda\/fontaneria\/calentadores-y-termos\/termo-electrico-junkers\/#breadcrumb\",\"itemListElement\":[{\"@type\":\"ListItem\",\"position\":1,\"name\":\"Portada\",\"item\":\"https:\/\/tuferreteria.online\/hazlo-tu-mismo\/\"},{\"@type\":\"ListItem\",\"position\":2,\"name\":\"Tienda\",\"item\":\"https:\/\/tuferreteria.online\/hazlo-tu-mismo\/tienda\/\"},{\"@type\":\"ListItem\",\"position\":3,\"name\":\"TERMO 30L. EL\u00c9CTRICO JUNKERS 4500\"}]},{\"@type\":\"WebSite\",\"@id\":\"https:\/\/tuferreteria.online\/hazlo-tu-mismo\/#website\",\"url\":\"https:\/\/tuferreteria.online\/hazlo-tu-mismo\/\",\"name\":\"Tienda de tuferreteria.online by Ferreter\u00eda La Salle\",\"description\":\"Hazlo tu mismo\",\"potentialAction\":[{\"@type\":\"SearchAction\",\"target\":{\"@type\":\"EntryPoint\",\"urlTemplate\":\"https:\/\/tuferreteria.online\/hazlo-tu-mismo\/?s={search_term_string}\"},\"query-input\":{\"@type\":\"PropertyValueSpecification\",\"valueRequired\":true,\"valueName\":\"search_term_string\"}}],\"inLanguage\":\"es\"}]}<\/script>\n<!-- \/ Yoast SEO plugin. -->","yoast_head_json":{"title":"TERMO 30L. EL\u00c9CTRICO JUNKERS 4500 - Tienda de tuferreteria.online by Ferreter\u00eda La Salle","description":"Termo el\u00e9ctrico 30 Lt., Elacell Excellence 4500 de Junkers, el termo el\u00e9ctrico ideal para lugares con poca profundidad gracias a sus tan s\u00f3lo 30 cm.","robots":{"index":"index","follow":"follow","max-snippet":"max-snippet:-1","max-image-preview":"max-image-preview:large","max-video-preview":"max-video-preview:-1"},"canonical":"https:\/\/tuferreteria.online\/hazlo-tu-mismo\/tienda\/fontaneria\/calentadores-y-termos\/termo-electrico-junkers\/","og_locale":"es_ES","og_type":"article","og_title":"TERMO 30L. EL\u00c9CTRICO JUNKERS 4500 - Tienda de tuferreteria.online by Ferreter\u00eda La Salle","og_description":"Termo el\u00e9ctrico 30 Lt., Elacell Excellence 4500 de Junkers, el termo el\u00e9ctrico ideal para lugares con poca profundidad gracias a sus tan s\u00f3lo 30 cm.","og_url":"https:\/\/tuferreteria.online\/hazlo-tu-mismo\/tienda\/fontaneria\/calentadores-y-termos\/termo-electrico-junkers\/","og_site_name":"Tienda de tuferreteria.online by Ferreter\u00eda La Salle","article_modified_time":"2026-03-11T10:24:44+00:00","og_image":[{"width":450,"height":450,"url":"https:\/\/tuferreteria.online\/hazlo-tu-mismo\/wp-content\/uploads\/2019\/06\/TERMO-ELACELL-4500-JUNKERS-505642-.jpg","type":"image\/jpeg"}],"twitter_card":"summary_large_image","twitter_misc":{"Tiempo de lectura":"1 minuto"},"schema":{"@context":"https:\/\/schema.org","@graph":[{"@type":"WebPage","@id":"https:\/\/tuferreteria.online\/hazlo-tu-mismo\/tienda\/fontaneria\/calentadores-y-termos\/termo-electrico-junkers\/","url":"https:\/\/tuferreteria.online\/hazlo-tu-mismo\/tienda\/fontaneria\/calentadores-y-termos\/termo-electrico-junkers\/","name":"TERMO 30L. EL\u00c9CTRICO JUNKERS 4500 - Tienda de tuferreteria.online by Ferreter\u00eda La Salle","isPartOf":{"@id":"https:\/\/tuferreteria.online\/hazlo-tu-mismo\/#website"},"primaryImageOfPage":{"@id":"https:\/\/tuferreteria.online\/hazlo-tu-mismo\/tienda\/fontaneria\/calentadores-y-termos\/termo-electrico-junkers\/#primaryimage"},"image":{"@id":"https:\/\/tuferreteria.online\/hazlo-tu-mismo\/tienda\/fontaneria\/calentadores-y-termos\/termo-electrico-junkers\/#primaryimage"},"thumbnailUrl":"https:\/\/tuferreteria.online\/hazlo-tu-mismo\/wp-content\/uploads\/2019\/06\/TERMO-ELACELL-4500-JUNKERS-505642-.jpg","datePublished":"2026-02-24T08:16:17+00:00","dateModified":"2026-03-11T10:24:44+00:00","description":"Termo el\u00e9ctrico 30 Lt., Elacell Excellence 4500 de Junkers, el termo el\u00e9ctrico ideal para lugares con poca profundidad gracias a sus tan s\u00f3lo 30 cm.","breadcrumb":{"@id":"https:\/\/tuferreteria.online\/hazlo-tu-mismo\/tienda\/fontaneria\/calentadores-y-termos\/termo-electrico-junkers\/#breadcrumb"},"inLanguage":"es","potentialAction":[{"@type":"ReadAction","target":["https:\/\/tuferreteria.online\/hazlo-tu-mismo\/tienda\/fontaneria\/calentadores-y-termos\/termo-electrico-junkers\/"]}]},{"@type":"ImageObject","inLanguage":"es","@id":"https:\/\/tuferreteria.online\/hazlo-tu-mismo\/tienda\/fontaneria\/calentadores-y-termos\/termo-electrico-junkers\/#primaryimage","url":"https:\/\/tuferreteria.online\/hazlo-tu-mismo\/wp-content\/uploads\/2019\/06\/TERMO-ELACELL-4500-JUNKERS-505642-.jpg","contentUrl":"https:\/\/tuferreteria.online\/hazlo-tu-mismo\/wp-content\/uploads\/2019\/06\/TERMO-ELACELL-4500-JUNKERS-505642-.jpg","width":450,"height":450,"caption":"TERMO-ELACELL 4500-JUNKERS"},{"@type":"BreadcrumbList","@id":"https:\/\/tuferreteria.online\/hazlo-tu-mismo\/tienda\/fontaneria\/calentadores-y-termos\/termo-electrico-junkers\/#breadcrumb","itemListElement":[{"@type":"ListItem","position":1,"name":"Portada","item":"https:\/\/tuferreteria.online\/hazlo-tu-mismo\/"},{"@type":"ListItem","position":2,"name":"Tienda","item":"https:\/\/tuferreteria.online\/hazlo-tu-mismo\/tienda\/"},{"@type":"ListItem","position":3,"name":"TERMO 30L. EL\u00c9CTRICO JUNKERS 4500"}]},{"@type":"WebSite","@id":"https:\/\/tuferreteria.online\/hazlo-tu-mismo\/#website","url":"https:\/\/tuferreteria.online\/hazlo-tu-mismo\/","name":"Tienda de tuferreteria.online by Ferreter\u00eda La Salle","description":"Hazlo tu mismo","potentialAction":[{"@type":"SearchAction","target":{"@type":"EntryPoint","urlTemplate":"https:\/\/tuferreteria.online\/hazlo-tu-mismo\/?s={search_term_string}"},"query-input":{"@type":"PropertyValueSpecification","valueRequired":true,"valueName":"search_term_string"}}],"inLanguage":"es"}]}},"_links":{"self":[{"href":"https:\/\/tuferreteria.online\/hazlo-tu-mismo\/wp-json\/wp\/v2\/product\/10486","targetHints":{"allow":["GET"]}}],"collection":[{"href":"https:\/\/tuferreteria.online\/hazlo-tu-mismo\/wp-json\/wp\/v2\/product"}],"about":[{"href":"https:\/\/tuferreteria.online\/hazlo-tu-mismo\/wp-json\/wp\/v2\/types\/product"}],"replies":[{"embeddable":true,"href":"https:\/\/tuferreteria.online\/hazlo-tu-mismo\/wp-json\/wp\/v2\/comments?post=10486"}],"wp:featuredmedia":[{"embeddable":true,"href":"https:\/\/tuferreteria.online\/hazlo-tu-mismo\/wp-json\/wp\/v2\/media\/12437"}],"wp:attachment":[{"href":"https:\/\/tuferreteria.online\/hazlo-tu-mismo\/wp-json\/wp\/v2\/media?parent=10486"}],"wp:term":[{"taxonomy":"brand","embeddable":true,"href":"https:\/\/tuferreteria.online\/hazlo-tu-mismo\/wp-json\/wp\/v2\/etheme_brands?post=10486"},{"taxonomy":"product_brand","embeddable":true,"href":"https:\/\/tuferreteria.online\/hazlo-tu-mismo\/wp-json\/wp\/v2\/product_brand?post=10486"},{"taxonomy":"product_cat","embeddable":true,"href":"https:\/\/tuferreteria.online\/hazlo-tu-mismo\/wp-json\/wp\/v2\/product_cat?post=10486"},{"taxonomy":"product_tag","embeddable":true,"href":"https:\/\/tuferreteria.online\/hazlo-tu-mismo\/wp-json\/wp\/v2\/product_tag?post=10486"}],"curies":[{"name":"wp","href":"https:\/\/api.w.org\/{rel}","templated":true}]}}