{"id":11015,"date":"2019-08-14T10:25:14","date_gmt":"2019-08-14T09:25:14","guid":{"rendered":"https:\/\/tuferreteria.online\/hazlo-tu-mismo\/tienda\/sincategorizar\/fluxometro-urinario-presto-12a\/"},"modified":"2026-03-11T11:16:44","modified_gmt":"2026-03-11T10:16:44","slug":"fluxometro-urinario","status":"publish","type":"product","link":"https:\/\/tuferreteria.online\/hazlo-tu-mismo\/tienda\/fontaneria\/griferias\/fluxometro-urinario\/","title":{"rendered":"FLUX\u00d3METRO URINARIO PRESTO 12A"},"content":{"rendered":"<div class=\"wpb-content-wrapper\"><p>[vc_row][vc_column][vc_column_text]<\/p>\n<h2 style=\"text-align: center;\"><span style=\"font-size: 24pt; color: #f9e03a;\">Flux\u00f3metro Urinario<\/span><\/h2>\n<p>&nbsp;<\/p>\n<h3>Caracter\u00edsticas:<\/h3>\n<p>&nbsp;<\/p>\n<p style=\"text-align: justify;\">El flux\u00f3metro o grifo temporizado es para urinarios de pie y murales.<\/p>\n<p style=\"text-align: justify;\">Su cuerpo es de lat\u00f3n cromado.<\/p>\n<p style=\"text-align: justify;\">De instalaci\u00f3n encastrada.<\/p>\n<p style=\"text-align: justify;\">La marca Presto<sup>\u00ae\u00a0<\/sup>es l\u00edder en tecnolog\u00edas para el ahorro de agua.<\/p>\n<p style=\"text-align: justify;\">Te dejamos la ficha t\u00e9cnica pinchando en la imagen de aqu\u00ed abajo <span style=\"font-size: 14pt;\"><strong>\u21d3<\/strong><\/span><\/p>\n<p>[\/vc_column_text][\/vc_column][\/vc_row][vc_row][vc_column width=\u00bb1\/4&#8243;][vc_empty_space][\/vc_column][vc_column width=\u00bb1\/2&#8243;][vc_single_image image=\u00bb11017&#8243; alignment=\u00bbcenter\u00bb onclick=\u00bbcustom_link\u00bb img_link_target=\u00bb_blank\u00bb title=\u00bbFicha T\u00e9cnica\u00bb link=\u00bbhttps:\/\/tuferreteria.online\/hazlo-tu-mismo\/ficha-tecnica-presto-31706\/\u00bb][\/vc_column][vc_column width=\u00bb1\/4&#8243;][vc_empty_space][\/vc_column][\/vc_row]<\/p>\n<\/div>","protected":false},"excerpt":{"rendered":"<h2>GRIFO TEMPORIZADO URINARIO<\/h2>\n","protected":false},"featured_media":11017,"comment_status":"closed","ping_status":"closed","template":"","meta":{"_exactmetrics_skip_tracking":false,"_exactmetrics_sitenote_active":false,"_exactmetrics_sitenote_note":"","_exactmetrics_sitenote_category":0,"_joinchat":[]},"etheme_brands":[{"term_id":484,"name":"PRESTO","slug":"presto","term_group":0,"term_taxonomy_id":484,"taxonomy":"brand","description":"","parent":0,"count":9,"filter":"raw"}],"product_brand":[],"product_cat":[107,106,483],"product_tag":[485,3359,3357,486],"class_list":{"0":"post-11015","1":"product","2":"type-product","3":"status-publish","4":"has-post-thumbnail","6":"brand-presto","7":"product_cat-fontaneria","8":"product_cat-griferias","9":"product_cat-grifos-temporizados","10":"product_tag-fluxometro","11":"product_tag-fluxometro-urinario","12":"product_tag-grifo-temporizado-urinario","13":"product_tag-urinario","14":"product_shipping_class-envio-peso","16":"first","17":"instock","18":"taxable","19":"shipping-taxable","20":"purchasable","21":"product-type-simple"},"yoast_head":"<!-- This site is optimized with the Yoast SEO plugin v24.9 - https:\/\/yoast.com\/wordpress\/plugins\/seo\/ -->\n<title>FLUX\u00d3METRO URINARIO PRESTO 12A - Tienda de tuferreteria.online by Ferreter\u00eda La Salle<\/title>\n<meta name=\"description\" content=\"Flux\u00f3metro Urinario Temporizado de Presto, Calidad de fabricaci\u00f3n. Si necesitas instalar un urinario, este es el flux\u00f3metro.\" \/>\n<meta name=\"robots\" content=\"index, follow, max-snippet:-1, max-image-preview:large, max-video-preview:-1\" \/>\n<link rel=\"canonical\" href=\"https:\/\/tuferreteria.online\/hazlo-tu-mismo\/tienda\/fontaneria\/griferias\/fluxometro-urinario\/\" \/>\n<meta property=\"og:locale\" content=\"es_ES\" \/>\n<meta property=\"og:type\" content=\"article\" \/>\n<meta property=\"og:title\" content=\"FLUX\u00d3METRO URINARIO PRESTO 12A - Tienda de tuferreteria.online by Ferreter\u00eda La Salle\" \/>\n<meta property=\"og:description\" content=\"Flux\u00f3metro Urinario Temporizado de Presto, Calidad de fabricaci\u00f3n. Si necesitas instalar un urinario, este es el flux\u00f3metro.\" \/>\n<meta property=\"og:url\" content=\"https:\/\/tuferreteria.online\/hazlo-tu-mismo\/tienda\/fontaneria\/griferias\/fluxometro-urinario\/\" \/>\n<meta property=\"og:site_name\" content=\"Tienda de tuferreteria.online by Ferreter\u00eda La Salle\" \/>\n<meta property=\"article:modified_time\" content=\"2026-03-11T10:16:44+00:00\" \/>\n<meta property=\"og:image\" content=\"https:\/\/tuferreteria.online\/hazlo-tu-mismo\/wp-content\/uploads\/2019\/08\/FLUXOMETRO-URINARIO-PRESTO-31706-.jpg\" \/>\n\t<meta property=\"og:image:width\" content=\"450\" \/>\n\t<meta property=\"og:image:height\" content=\"451\" \/>\n\t<meta property=\"og:image:type\" content=\"image\/jpeg\" \/>\n<meta name=\"twitter:card\" content=\"summary_large_image\" \/>\n<meta name=\"twitter:label1\" content=\"Tiempo de lectura\" \/>\n\t<meta name=\"twitter:data1\" content=\"1 minuto\" \/>\n<script type=\"application\/ld+json\" class=\"yoast-schema-graph\">{\"@context\":\"https:\/\/schema.org\",\"@graph\":[{\"@type\":\"WebPage\",\"@id\":\"https:\/\/tuferreteria.online\/hazlo-tu-mismo\/tienda\/fontaneria\/griferias\/fluxometro-urinario\/\",\"url\":\"https:\/\/tuferreteria.online\/hazlo-tu-mismo\/tienda\/fontaneria\/griferias\/fluxometro-urinario\/\",\"name\":\"FLUX\u00d3METRO URINARIO PRESTO 12A - Tienda de tuferreteria.online by Ferreter\u00eda La Salle\",\"isPartOf\":{\"@id\":\"https:\/\/tuferreteria.online\/hazlo-tu-mismo\/#website\"},\"primaryImageOfPage\":{\"@id\":\"https:\/\/tuferreteria.online\/hazlo-tu-mismo\/tienda\/fontaneria\/griferias\/fluxometro-urinario\/#primaryimage\"},\"image\":{\"@id\":\"https:\/\/tuferreteria.online\/hazlo-tu-mismo\/tienda\/fontaneria\/griferias\/fluxometro-urinario\/#primaryimage\"},\"thumbnailUrl\":\"https:\/\/tuferreteria.online\/hazlo-tu-mismo\/wp-content\/uploads\/2019\/08\/FLUXOMETRO-URINARIO-PRESTO-31706-.jpg\",\"datePublished\":\"2019-08-14T09:25:14+00:00\",\"dateModified\":\"2026-03-11T10:16:44+00:00\",\"description\":\"Flux\u00f3metro Urinario Temporizado de Presto, Calidad de fabricaci\u00f3n. Si necesitas instalar un urinario, este es el flux\u00f3metro.\",\"breadcrumb\":{\"@id\":\"https:\/\/tuferreteria.online\/hazlo-tu-mismo\/tienda\/fontaneria\/griferias\/fluxometro-urinario\/#breadcrumb\"},\"inLanguage\":\"es\",\"potentialAction\":[{\"@type\":\"ReadAction\",\"target\":[\"https:\/\/tuferreteria.online\/hazlo-tu-mismo\/tienda\/fontaneria\/griferias\/fluxometro-urinario\/\"]}]},{\"@type\":\"ImageObject\",\"inLanguage\":\"es\",\"@id\":\"https:\/\/tuferreteria.online\/hazlo-tu-mismo\/tienda\/fontaneria\/griferias\/fluxometro-urinario\/#primaryimage\",\"url\":\"https:\/\/tuferreteria.online\/hazlo-tu-mismo\/wp-content\/uploads\/2019\/08\/FLUXOMETRO-URINARIO-PRESTO-31706-.jpg\",\"contentUrl\":\"https:\/\/tuferreteria.online\/hazlo-tu-mismo\/wp-content\/uploads\/2019\/08\/FLUXOMETRO-URINARIO-PRESTO-31706-.jpg\",\"width\":450,\"height\":451,\"caption\":\"FLUX\u00d3METRO URINARIO PRESTO 31706\"},{\"@type\":\"BreadcrumbList\",\"@id\":\"https:\/\/tuferreteria.online\/hazlo-tu-mismo\/tienda\/fontaneria\/griferias\/fluxometro-urinario\/#breadcrumb\",\"itemListElement\":[{\"@type\":\"ListItem\",\"position\":1,\"name\":\"Portada\",\"item\":\"https:\/\/tuferreteria.online\/hazlo-tu-mismo\/\"},{\"@type\":\"ListItem\",\"position\":2,\"name\":\"Tienda\",\"item\":\"https:\/\/tuferreteria.online\/hazlo-tu-mismo\/tienda\/\"},{\"@type\":\"ListItem\",\"position\":3,\"name\":\"FLUX\u00d3METRO URINARIO PRESTO 12A\"}]},{\"@type\":\"WebSite\",\"@id\":\"https:\/\/tuferreteria.online\/hazlo-tu-mismo\/#website\",\"url\":\"https:\/\/tuferreteria.online\/hazlo-tu-mismo\/\",\"name\":\"Tienda de tuferreteria.online by Ferreter\u00eda La Salle\",\"description\":\"Hazlo tu mismo\",\"potentialAction\":[{\"@type\":\"SearchAction\",\"target\":{\"@type\":\"EntryPoint\",\"urlTemplate\":\"https:\/\/tuferreteria.online\/hazlo-tu-mismo\/?s={search_term_string}\"},\"query-input\":{\"@type\":\"PropertyValueSpecification\",\"valueRequired\":true,\"valueName\":\"search_term_string\"}}],\"inLanguage\":\"es\"}]}<\/script>\n<!-- \/ Yoast SEO plugin. -->","yoast_head_json":{"title":"FLUX\u00d3METRO URINARIO PRESTO 12A - Tienda de tuferreteria.online by Ferreter\u00eda La Salle","description":"Flux\u00f3metro Urinario Temporizado de Presto, Calidad de fabricaci\u00f3n. Si necesitas instalar un urinario, este es el flux\u00f3metro.","robots":{"index":"index","follow":"follow","max-snippet":"max-snippet:-1","max-image-preview":"max-image-preview:large","max-video-preview":"max-video-preview:-1"},"canonical":"https:\/\/tuferreteria.online\/hazlo-tu-mismo\/tienda\/fontaneria\/griferias\/fluxometro-urinario\/","og_locale":"es_ES","og_type":"article","og_title":"FLUX\u00d3METRO URINARIO PRESTO 12A - Tienda de tuferreteria.online by Ferreter\u00eda La Salle","og_description":"Flux\u00f3metro Urinario Temporizado de Presto, Calidad de fabricaci\u00f3n. Si necesitas instalar un urinario, este es el flux\u00f3metro.","og_url":"https:\/\/tuferreteria.online\/hazlo-tu-mismo\/tienda\/fontaneria\/griferias\/fluxometro-urinario\/","og_site_name":"Tienda de tuferreteria.online by Ferreter\u00eda La Salle","article_modified_time":"2026-03-11T10:16:44+00:00","og_image":[{"width":450,"height":451,"url":"https:\/\/tuferreteria.online\/hazlo-tu-mismo\/wp-content\/uploads\/2019\/08\/FLUXOMETRO-URINARIO-PRESTO-31706-.jpg","type":"image\/jpeg"}],"twitter_card":"summary_large_image","twitter_misc":{"Tiempo de lectura":"1 minuto"},"schema":{"@context":"https:\/\/schema.org","@graph":[{"@type":"WebPage","@id":"https:\/\/tuferreteria.online\/hazlo-tu-mismo\/tienda\/fontaneria\/griferias\/fluxometro-urinario\/","url":"https:\/\/tuferreteria.online\/hazlo-tu-mismo\/tienda\/fontaneria\/griferias\/fluxometro-urinario\/","name":"FLUX\u00d3METRO URINARIO PRESTO 12A - Tienda de tuferreteria.online by Ferreter\u00eda La Salle","isPartOf":{"@id":"https:\/\/tuferreteria.online\/hazlo-tu-mismo\/#website"},"primaryImageOfPage":{"@id":"https:\/\/tuferreteria.online\/hazlo-tu-mismo\/tienda\/fontaneria\/griferias\/fluxometro-urinario\/#primaryimage"},"image":{"@id":"https:\/\/tuferreteria.online\/hazlo-tu-mismo\/tienda\/fontaneria\/griferias\/fluxometro-urinario\/#primaryimage"},"thumbnailUrl":"https:\/\/tuferreteria.online\/hazlo-tu-mismo\/wp-content\/uploads\/2019\/08\/FLUXOMETRO-URINARIO-PRESTO-31706-.jpg","datePublished":"2019-08-14T09:25:14+00:00","dateModified":"2026-03-11T10:16:44+00:00","description":"Flux\u00f3metro Urinario Temporizado de Presto, Calidad de fabricaci\u00f3n. Si necesitas instalar un urinario, este es el flux\u00f3metro.","breadcrumb":{"@id":"https:\/\/tuferreteria.online\/hazlo-tu-mismo\/tienda\/fontaneria\/griferias\/fluxometro-urinario\/#breadcrumb"},"inLanguage":"es","potentialAction":[{"@type":"ReadAction","target":["https:\/\/tuferreteria.online\/hazlo-tu-mismo\/tienda\/fontaneria\/griferias\/fluxometro-urinario\/"]}]},{"@type":"ImageObject","inLanguage":"es","@id":"https:\/\/tuferreteria.online\/hazlo-tu-mismo\/tienda\/fontaneria\/griferias\/fluxometro-urinario\/#primaryimage","url":"https:\/\/tuferreteria.online\/hazlo-tu-mismo\/wp-content\/uploads\/2019\/08\/FLUXOMETRO-URINARIO-PRESTO-31706-.jpg","contentUrl":"https:\/\/tuferreteria.online\/hazlo-tu-mismo\/wp-content\/uploads\/2019\/08\/FLUXOMETRO-URINARIO-PRESTO-31706-.jpg","width":450,"height":451,"caption":"FLUX\u00d3METRO URINARIO PRESTO 31706"},{"@type":"BreadcrumbList","@id":"https:\/\/tuferreteria.online\/hazlo-tu-mismo\/tienda\/fontaneria\/griferias\/fluxometro-urinario\/#breadcrumb","itemListElement":[{"@type":"ListItem","position":1,"name":"Portada","item":"https:\/\/tuferreteria.online\/hazlo-tu-mismo\/"},{"@type":"ListItem","position":2,"name":"Tienda","item":"https:\/\/tuferreteria.online\/hazlo-tu-mismo\/tienda\/"},{"@type":"ListItem","position":3,"name":"FLUX\u00d3METRO URINARIO PRESTO 12A"}]},{"@type":"WebSite","@id":"https:\/\/tuferreteria.online\/hazlo-tu-mismo\/#website","url":"https:\/\/tuferreteria.online\/hazlo-tu-mismo\/","name":"Tienda de tuferreteria.online by Ferreter\u00eda La Salle","description":"Hazlo tu mismo","potentialAction":[{"@type":"SearchAction","target":{"@type":"EntryPoint","urlTemplate":"https:\/\/tuferreteria.online\/hazlo-tu-mismo\/?s={search_term_string}"},"query-input":{"@type":"PropertyValueSpecification","valueRequired":true,"valueName":"search_term_string"}}],"inLanguage":"es"}]}},"_links":{"self":[{"href":"https:\/\/tuferreteria.online\/hazlo-tu-mismo\/wp-json\/wp\/v2\/product\/11015","targetHints":{"allow":["GET"]}}],"collection":[{"href":"https:\/\/tuferreteria.online\/hazlo-tu-mismo\/wp-json\/wp\/v2\/product"}],"about":[{"href":"https:\/\/tuferreteria.online\/hazlo-tu-mismo\/wp-json\/wp\/v2\/types\/product"}],"replies":[{"embeddable":true,"href":"https:\/\/tuferreteria.online\/hazlo-tu-mismo\/wp-json\/wp\/v2\/comments?post=11015"}],"wp:featuredmedia":[{"embeddable":true,"href":"https:\/\/tuferreteria.online\/hazlo-tu-mismo\/wp-json\/wp\/v2\/media\/11017"}],"wp:attachment":[{"href":"https:\/\/tuferreteria.online\/hazlo-tu-mismo\/wp-json\/wp\/v2\/media?parent=11015"}],"wp:term":[{"taxonomy":"brand","embeddable":true,"href":"https:\/\/tuferreteria.online\/hazlo-tu-mismo\/wp-json\/wp\/v2\/etheme_brands?post=11015"},{"taxonomy":"product_brand","embeddable":true,"href":"https:\/\/tuferreteria.online\/hazlo-tu-mismo\/wp-json\/wp\/v2\/product_brand?post=11015"},{"taxonomy":"product_cat","embeddable":true,"href":"https:\/\/tuferreteria.online\/hazlo-tu-mismo\/wp-json\/wp\/v2\/product_cat?post=11015"},{"taxonomy":"product_tag","embeddable":true,"href":"https:\/\/tuferreteria.online\/hazlo-tu-mismo\/wp-json\/wp\/v2\/product_tag?post=11015"}],"curies":[{"name":"wp","href":"https:\/\/api.w.org\/{rel}","templated":true}]}}