{"id":11723,"date":"2019-10-03T13:07:42","date_gmt":"2019-10-03T12:07:42","guid":{"rendered":"https:\/\/tuferreteria.online\/hazlo-tu-mismo\/tienda\/sin%20categor\u00eda\/cortadora-rubi-tz1300-rubi-manual\/"},"modified":"2026-03-11T10:33:05","modified_gmt":"2026-03-11T09:33:05","slug":"cortadora-rubi-tz1300","status":"publish","type":"product","link":"https:\/\/tuferreteria.online\/hazlo-tu-mismo\/tienda\/pavimentos\/herramientas-pavimentos\/cortadora-rubi-tz1300\/","title":{"rendered":"CORTADORA TZ-1300 RUBI"},"content":{"rendered":"<div class=\"wpb-content-wrapper\"><p>[vc_row][vc_column][vc_column_text]<\/p>\n<h2 style=\"text-align: center;\"><span style=\"font-size: 24pt; color: #f9e03a;\">Cortadora \u00a0TZ 1300 Rubi<\/span><\/h2>\n<p>&nbsp;<\/p>\n<h3>Caracter\u00edsticas:<\/h3>\n<p>&nbsp;<\/p>\n<h2>PRODUCTO SIN ENV\u00cdO &#8211; S\u00d3LO DE RECOGIDA EN LOCAL<\/h2>\n<p>&nbsp;<\/p>\n<p style=\"text-align: justify;\">La Cortadora TZ 1300 de Rubi es un nuevo concepto de cortadoras manuales de cer\u00e1mica.<\/p>\n<p style=\"text-align: justify;\">Su gran potencia de 1500 kg (m\u00e1ximo) y su mecanismo de separador permiten que se pueda usar con una sola mano, siendo m\u00e1s f\u00e1cil de manejar baldosas de grandes dimensiones.<\/p>\n<p style=\"text-align: justify;\">Su dise\u00f1o patentado del sistema de guiado del cabezal, ofrece un rayado suave y preciso, aunque se incremente la carga de presi\u00f3n al rayar. La geometr\u00eda de las gu\u00edas, de aluminio extruido, asegura un \u00f3ptimo comportamiento del carro y reduce los esfuerzos que se puedan generar durante el corte.<\/p>\n<p style=\"text-align: justify;\">El chasis de acero le da una resistencia a la flexi\u00f3n y robustez a la cortadora antes nunca vista en cortadora manual.<\/p>\n<p style=\"text-align: justify;\">Altura de corte de entre 3 a 21mm. Longitud de corte diagonal 90&#215;90 cm<\/p>\n<p style=\"text-align: justify;\">La escuadra giratoria, con extremos desmontables, y el sistema de bloqueo garantizan la precisi\u00f3n de los cortes y facilitan la realizaci\u00f3n de los cortes angulares. El tope lateral, patentado, de 30 cm de longitud ofrece una gran superficie de apoyo para la realizaci\u00f3n de cortes repetitivos en piezas grandes.<\/p>\n<p style=\"text-align: justify;\">Las escuadras tienen los extremos desmontables y las mesas de aluminio son plegables para un mejor transporte. Equipada con ruedas y asa junto a su bolsa textil bien reforzada la llevar\u00e1s donde necesites.<\/p>\n<p style=\"text-align: justify;\">Te dejamos \u00a0<strong><span style=\"font-size: 14pt;\"> \u21d3<\/span><\/strong>\u00a0 \u00a0 aqu\u00ed abajo con un v\u00eddeo demostrativo y un tutorial de uso.<\/p>\n<p>[\/vc_column_text][\/vc_column][\/vc_row][vc_row][vc_column][vc_video link=\u00bbhttps:\/\/youtu.be\/e7aQ-qalwog\u00bb align=\u00bbcenter\u00bb title=\u00bbV\u00eddeo Presentaci\u00f3n\u00bb][\/vc_column][\/vc_row][vc_row][vc_column][vc_video link=\u00bbhttps:\/\/youtu.be\/B_UM26crBjs\u00bb align=\u00bbcenter\u00bb title=\u00bbV\u00eddeo Tutorial\u00bb][\/vc_column][\/vc_row]<\/p>\n<\/div>","protected":false},"excerpt":{"rendered":"<h2>CORTADORA BALDOSA GRAN FORMATO MANUAL<\/h2>\n","protected":false},"featured_media":11718,"comment_status":"closed","ping_status":"closed","template":"","meta":{"_exactmetrics_skip_tracking":false,"_exactmetrics_sitenote_active":false,"_exactmetrics_sitenote_note":"","_exactmetrics_sitenote_category":0,"_joinchat":[]},"etheme_brands":[{"term_id":299,"name":"RUBI","slug":"rubi","term_group":0,"term_taxonomy_id":299,"taxonomy":"brand","description":"","parent":0,"count":31,"filter":"raw"}],"product_brand":[],"product_cat":[514,508],"product_tag":[2191,426,509,2711,3439,510],"class_list":{"0":"post-11723","1":"product","2":"type-product","3":"status-publish","4":"has-post-thumbnail","6":"brand-rubi","7":"product_cat-herramientas-pavimentos","8":"product_cat-pavimentos","9":"product_tag-2191","10":"product_tag-ceramica","11":"product_tag-cortadora","12":"product_tag-cortadora-azulejos-tenerife","13":"product_tag-cortadora-baldosas-gran-formato-manual","14":"product_tag-manual","15":"product_shipping_class-recogida-en-tienda-fisica","17":"first","18":"instock","19":"virtual","20":"taxable","21":"purchasable","22":"product-type-simple"},"yoast_head":"<!-- This site is optimized with the Yoast SEO plugin v24.9 - https:\/\/yoast.com\/wordpress\/plugins\/seo\/ -->\n<title>CORTADORA TZ-1300 RUBI - Tienda de tuferreteria.online by Ferreter\u00eda La Salle<\/title>\n<meta name=\"description\" content=\"La Cortadora TZ 1300 de Rubi es un nuevo concepto de cortadoras manuales de cer\u00e1mica. Con una potencia de 1.500 Kg. posiblidad de uso con una sola mano.\" \/>\n<meta name=\"robots\" content=\"index, follow, max-snippet:-1, max-image-preview:large, max-video-preview:-1\" \/>\n<link rel=\"canonical\" href=\"https:\/\/tuferreteria.online\/hazlo-tu-mismo\/tienda\/pavimentos\/herramientas-pavimentos\/cortadora-rubi-tz1300\/\" \/>\n<meta property=\"og:locale\" content=\"es_ES\" \/>\n<meta property=\"og:type\" content=\"article\" \/>\n<meta property=\"og:title\" content=\"CORTADORA TZ-1300 RUBI - Tienda de tuferreteria.online by Ferreter\u00eda La Salle\" \/>\n<meta property=\"og:description\" content=\"La Cortadora TZ 1300 de Rubi es un nuevo concepto de cortadoras manuales de cer\u00e1mica. Con una potencia de 1.500 Kg. posiblidad de uso con una sola mano.\" \/>\n<meta property=\"og:url\" content=\"https:\/\/tuferreteria.online\/hazlo-tu-mismo\/tienda\/pavimentos\/herramientas-pavimentos\/cortadora-rubi-tz1300\/\" \/>\n<meta property=\"og:site_name\" content=\"Tienda de tuferreteria.online by Ferreter\u00eda La Salle\" \/>\n<meta property=\"article:modified_time\" content=\"2026-03-11T09:33:05+00:00\" \/>\n<meta property=\"og:image\" content=\"https:\/\/tuferreteria.online\/hazlo-tu-mismo\/wp-content\/uploads\/2019\/10\/CORTADORA-RUBI-TZ1300-17953.jpg\" \/>\n\t<meta property=\"og:image:width\" content=\"700\" \/>\n\t<meta property=\"og:image:height\" content=\"700\" \/>\n\t<meta property=\"og:image:type\" content=\"image\/jpeg\" \/>\n<meta name=\"twitter:card\" content=\"summary_large_image\" \/>\n<meta name=\"twitter:label1\" content=\"Tiempo de lectura\" \/>\n\t<meta name=\"twitter:data1\" content=\"2 minutos\" \/>\n<script type=\"application\/ld+json\" class=\"yoast-schema-graph\">{\"@context\":\"https:\/\/schema.org\",\"@graph\":[{\"@type\":\"WebPage\",\"@id\":\"https:\/\/tuferreteria.online\/hazlo-tu-mismo\/tienda\/pavimentos\/herramientas-pavimentos\/cortadora-rubi-tz1300\/\",\"url\":\"https:\/\/tuferreteria.online\/hazlo-tu-mismo\/tienda\/pavimentos\/herramientas-pavimentos\/cortadora-rubi-tz1300\/\",\"name\":\"CORTADORA TZ-1300 RUBI - Tienda de tuferreteria.online by Ferreter\u00eda La Salle\",\"isPartOf\":{\"@id\":\"https:\/\/tuferreteria.online\/hazlo-tu-mismo\/#website\"},\"primaryImageOfPage\":{\"@id\":\"https:\/\/tuferreteria.online\/hazlo-tu-mismo\/tienda\/pavimentos\/herramientas-pavimentos\/cortadora-rubi-tz1300\/#primaryimage\"},\"image\":{\"@id\":\"https:\/\/tuferreteria.online\/hazlo-tu-mismo\/tienda\/pavimentos\/herramientas-pavimentos\/cortadora-rubi-tz1300\/#primaryimage\"},\"thumbnailUrl\":\"https:\/\/tuferreteria.online\/hazlo-tu-mismo\/wp-content\/uploads\/2019\/10\/CORTADORA-RUBI-TZ1300-17953.jpg\",\"datePublished\":\"2019-10-03T12:07:42+00:00\",\"dateModified\":\"2026-03-11T09:33:05+00:00\",\"description\":\"La Cortadora TZ 1300 de Rubi es un nuevo concepto de cortadoras manuales de cer\u00e1mica. Con una potencia de 1.500 Kg. posiblidad de uso con una sola mano.\",\"breadcrumb\":{\"@id\":\"https:\/\/tuferreteria.online\/hazlo-tu-mismo\/tienda\/pavimentos\/herramientas-pavimentos\/cortadora-rubi-tz1300\/#breadcrumb\"},\"inLanguage\":\"es\",\"potentialAction\":[{\"@type\":\"ReadAction\",\"target\":[\"https:\/\/tuferreteria.online\/hazlo-tu-mismo\/tienda\/pavimentos\/herramientas-pavimentos\/cortadora-rubi-tz1300\/\"]}]},{\"@type\":\"ImageObject\",\"inLanguage\":\"es\",\"@id\":\"https:\/\/tuferreteria.online\/hazlo-tu-mismo\/tienda\/pavimentos\/herramientas-pavimentos\/cortadora-rubi-tz1300\/#primaryimage\",\"url\":\"https:\/\/tuferreteria.online\/hazlo-tu-mismo\/wp-content\/uploads\/2019\/10\/CORTADORA-RUBI-TZ1300-17953.jpg\",\"contentUrl\":\"https:\/\/tuferreteria.online\/hazlo-tu-mismo\/wp-content\/uploads\/2019\/10\/CORTADORA-RUBI-TZ1300-17953.jpg\",\"width\":700,\"height\":700,\"caption\":\"CORTADORA-RUBI-TZ1300\"},{\"@type\":\"BreadcrumbList\",\"@id\":\"https:\/\/tuferreteria.online\/hazlo-tu-mismo\/tienda\/pavimentos\/herramientas-pavimentos\/cortadora-rubi-tz1300\/#breadcrumb\",\"itemListElement\":[{\"@type\":\"ListItem\",\"position\":1,\"name\":\"Portada\",\"item\":\"https:\/\/tuferreteria.online\/hazlo-tu-mismo\/\"},{\"@type\":\"ListItem\",\"position\":2,\"name\":\"Tienda\",\"item\":\"https:\/\/tuferreteria.online\/hazlo-tu-mismo\/tienda\/\"},{\"@type\":\"ListItem\",\"position\":3,\"name\":\"CORTADORA TZ-1300 RUBI\"}]},{\"@type\":\"WebSite\",\"@id\":\"https:\/\/tuferreteria.online\/hazlo-tu-mismo\/#website\",\"url\":\"https:\/\/tuferreteria.online\/hazlo-tu-mismo\/\",\"name\":\"Tienda de tuferreteria.online by Ferreter\u00eda La Salle\",\"description\":\"Hazlo tu mismo\",\"potentialAction\":[{\"@type\":\"SearchAction\",\"target\":{\"@type\":\"EntryPoint\",\"urlTemplate\":\"https:\/\/tuferreteria.online\/hazlo-tu-mismo\/?s={search_term_string}\"},\"query-input\":{\"@type\":\"PropertyValueSpecification\",\"valueRequired\":true,\"valueName\":\"search_term_string\"}}],\"inLanguage\":\"es\"}]}<\/script>\n<!-- \/ Yoast SEO plugin. -->","yoast_head_json":{"title":"CORTADORA TZ-1300 RUBI - Tienda de tuferreteria.online by Ferreter\u00eda La Salle","description":"La Cortadora TZ 1300 de Rubi es un nuevo concepto de cortadoras manuales de cer\u00e1mica. Con una potencia de 1.500 Kg. posiblidad de uso con una sola mano.","robots":{"index":"index","follow":"follow","max-snippet":"max-snippet:-1","max-image-preview":"max-image-preview:large","max-video-preview":"max-video-preview:-1"},"canonical":"https:\/\/tuferreteria.online\/hazlo-tu-mismo\/tienda\/pavimentos\/herramientas-pavimentos\/cortadora-rubi-tz1300\/","og_locale":"es_ES","og_type":"article","og_title":"CORTADORA TZ-1300 RUBI - Tienda de tuferreteria.online by Ferreter\u00eda La Salle","og_description":"La Cortadora TZ 1300 de Rubi es un nuevo concepto de cortadoras manuales de cer\u00e1mica. Con una potencia de 1.500 Kg. posiblidad de uso con una sola mano.","og_url":"https:\/\/tuferreteria.online\/hazlo-tu-mismo\/tienda\/pavimentos\/herramientas-pavimentos\/cortadora-rubi-tz1300\/","og_site_name":"Tienda de tuferreteria.online by Ferreter\u00eda La Salle","article_modified_time":"2026-03-11T09:33:05+00:00","og_image":[{"width":700,"height":700,"url":"https:\/\/tuferreteria.online\/hazlo-tu-mismo\/wp-content\/uploads\/2019\/10\/CORTADORA-RUBI-TZ1300-17953.jpg","type":"image\/jpeg"}],"twitter_card":"summary_large_image","twitter_misc":{"Tiempo de lectura":"2 minutos"},"schema":{"@context":"https:\/\/schema.org","@graph":[{"@type":"WebPage","@id":"https:\/\/tuferreteria.online\/hazlo-tu-mismo\/tienda\/pavimentos\/herramientas-pavimentos\/cortadora-rubi-tz1300\/","url":"https:\/\/tuferreteria.online\/hazlo-tu-mismo\/tienda\/pavimentos\/herramientas-pavimentos\/cortadora-rubi-tz1300\/","name":"CORTADORA TZ-1300 RUBI - Tienda de tuferreteria.online by Ferreter\u00eda La Salle","isPartOf":{"@id":"https:\/\/tuferreteria.online\/hazlo-tu-mismo\/#website"},"primaryImageOfPage":{"@id":"https:\/\/tuferreteria.online\/hazlo-tu-mismo\/tienda\/pavimentos\/herramientas-pavimentos\/cortadora-rubi-tz1300\/#primaryimage"},"image":{"@id":"https:\/\/tuferreteria.online\/hazlo-tu-mismo\/tienda\/pavimentos\/herramientas-pavimentos\/cortadora-rubi-tz1300\/#primaryimage"},"thumbnailUrl":"https:\/\/tuferreteria.online\/hazlo-tu-mismo\/wp-content\/uploads\/2019\/10\/CORTADORA-RUBI-TZ1300-17953.jpg","datePublished":"2019-10-03T12:07:42+00:00","dateModified":"2026-03-11T09:33:05+00:00","description":"La Cortadora TZ 1300 de Rubi es un nuevo concepto de cortadoras manuales de cer\u00e1mica. Con una potencia de 1.500 Kg. posiblidad de uso con una sola mano.","breadcrumb":{"@id":"https:\/\/tuferreteria.online\/hazlo-tu-mismo\/tienda\/pavimentos\/herramientas-pavimentos\/cortadora-rubi-tz1300\/#breadcrumb"},"inLanguage":"es","potentialAction":[{"@type":"ReadAction","target":["https:\/\/tuferreteria.online\/hazlo-tu-mismo\/tienda\/pavimentos\/herramientas-pavimentos\/cortadora-rubi-tz1300\/"]}]},{"@type":"ImageObject","inLanguage":"es","@id":"https:\/\/tuferreteria.online\/hazlo-tu-mismo\/tienda\/pavimentos\/herramientas-pavimentos\/cortadora-rubi-tz1300\/#primaryimage","url":"https:\/\/tuferreteria.online\/hazlo-tu-mismo\/wp-content\/uploads\/2019\/10\/CORTADORA-RUBI-TZ1300-17953.jpg","contentUrl":"https:\/\/tuferreteria.online\/hazlo-tu-mismo\/wp-content\/uploads\/2019\/10\/CORTADORA-RUBI-TZ1300-17953.jpg","width":700,"height":700,"caption":"CORTADORA-RUBI-TZ1300"},{"@type":"BreadcrumbList","@id":"https:\/\/tuferreteria.online\/hazlo-tu-mismo\/tienda\/pavimentos\/herramientas-pavimentos\/cortadora-rubi-tz1300\/#breadcrumb","itemListElement":[{"@type":"ListItem","position":1,"name":"Portada","item":"https:\/\/tuferreteria.online\/hazlo-tu-mismo\/"},{"@type":"ListItem","position":2,"name":"Tienda","item":"https:\/\/tuferreteria.online\/hazlo-tu-mismo\/tienda\/"},{"@type":"ListItem","position":3,"name":"CORTADORA TZ-1300 RUBI"}]},{"@type":"WebSite","@id":"https:\/\/tuferreteria.online\/hazlo-tu-mismo\/#website","url":"https:\/\/tuferreteria.online\/hazlo-tu-mismo\/","name":"Tienda de tuferreteria.online by Ferreter\u00eda La Salle","description":"Hazlo tu mismo","potentialAction":[{"@type":"SearchAction","target":{"@type":"EntryPoint","urlTemplate":"https:\/\/tuferreteria.online\/hazlo-tu-mismo\/?s={search_term_string}"},"query-input":{"@type":"PropertyValueSpecification","valueRequired":true,"valueName":"search_term_string"}}],"inLanguage":"es"}]}},"_links":{"self":[{"href":"https:\/\/tuferreteria.online\/hazlo-tu-mismo\/wp-json\/wp\/v2\/product\/11723","targetHints":{"allow":["GET"]}}],"collection":[{"href":"https:\/\/tuferreteria.online\/hazlo-tu-mismo\/wp-json\/wp\/v2\/product"}],"about":[{"href":"https:\/\/tuferreteria.online\/hazlo-tu-mismo\/wp-json\/wp\/v2\/types\/product"}],"replies":[{"embeddable":true,"href":"https:\/\/tuferreteria.online\/hazlo-tu-mismo\/wp-json\/wp\/v2\/comments?post=11723"}],"wp:featuredmedia":[{"embeddable":true,"href":"https:\/\/tuferreteria.online\/hazlo-tu-mismo\/wp-json\/wp\/v2\/media\/11718"}],"wp:attachment":[{"href":"https:\/\/tuferreteria.online\/hazlo-tu-mismo\/wp-json\/wp\/v2\/media?parent=11723"}],"wp:term":[{"taxonomy":"brand","embeddable":true,"href":"https:\/\/tuferreteria.online\/hazlo-tu-mismo\/wp-json\/wp\/v2\/etheme_brands?post=11723"},{"taxonomy":"product_brand","embeddable":true,"href":"https:\/\/tuferreteria.online\/hazlo-tu-mismo\/wp-json\/wp\/v2\/product_brand?post=11723"},{"taxonomy":"product_cat","embeddable":true,"href":"https:\/\/tuferreteria.online\/hazlo-tu-mismo\/wp-json\/wp\/v2\/product_cat?post=11723"},{"taxonomy":"product_tag","embeddable":true,"href":"https:\/\/tuferreteria.online\/hazlo-tu-mismo\/wp-json\/wp\/v2\/product_tag?post=11723"}],"curies":[{"name":"wp","href":"https:\/\/api.w.org\/{rel}","templated":true}]}}