{"id":11724,"date":"2019-10-03T13:07:42","date_gmt":"2019-10-03T12:07:42","guid":{"rendered":"https:\/\/tuferreteria.online\/hazlo-tu-mismo\/tienda\/sin%20categor\u00eda\/cortadora-rubi-ts-66cm-max-orange\/"},"modified":"2026-03-11T11:15:21","modified_gmt":"2026-03-11T10:15:21","slug":"cortadora-rubi-ts-66cm-max-orange","status":"publish","type":"product","link":"https:\/\/tuferreteria.online\/hazlo-tu-mismo\/tienda\/pavimentos\/herramientas-pavimentos\/cortadora-rubi-ts-66cm-max-orange\/","title":{"rendered":"CORTADORA RUBI TS 66CM MAX ORANGE"},"content":{"rendered":"<div class=\"wpb-content-wrapper\"><p>[vc_row][vc_column][vc_column_text]<\/p>\n<h2 style=\"text-align: center;\"><span style=\"font-size: 24pt; color: #f9e03a;\">Cortadora TS Max 66 Rubi<\/span><\/h2>\n<p>&nbsp;<\/p>\n<h3>Caracter\u00edsticas:<\/h3>\n<p>&nbsp;<\/p>\n<h2>PRODUCTO SIN ENV\u00cdO &#8211; S\u00d3LO DE RECOGIDA EN LOCAL<\/h2>\n<p>&nbsp;<\/p>\n<p style=\"text-align: justify;\">La cortadora TS Max 66 cm. es ligera y funcional.<\/p>\n<p style=\"text-align: justify;\">\u00c9sta es ideal para un corte intensivo de baldosas y cer\u00e1mina en general. Sobre todo para gres porcel\u00e1nico. (Tipo Bla*)<\/p>\n<p style=\"text-align: justify;\">Esta gama te incluye un separador monopunto de altas prestaciones con 800 kg. de potencia m\u00e1xima de separaci\u00f3n, que \u00e9l mismo regula dependiendo del espesor de la baldosa. Est\u00e1 pensado y dise\u00f1ado en especial para corte de materiales duros y con un espesor de 15 mm. como m\u00e1ximo y 6 mm de m\u00ednimo.<\/p>\n<p style=\"text-align: justify;\">Su longitud de corte diagonal es de 46&#215;46 cm.<\/p>\n<p style=\"text-align: justify;\">Su empu\u00f1adura es de un dise\u00f1o ergon\u00f3mico para proporcionarte comodidad.<\/p>\n<p style=\"text-align: justify;\">Incluye un tope lateral para sujetar mejor la baldosa y ser precioso en el corte, para cortes rectos y a 45\u00ba.<\/p>\n<p style=\"text-align: justify;\">Las cortadoras manuales TS-MAX est\u00e1n equipadas con dos gu\u00edas de acero cromadas, rectificadas y calibradas, con tratamiento anticorrosi\u00f3n. Este sistema de doble gu\u00eda te ofrecer\u00e1 una mejor y mayor visibilidad de la l\u00ednea de rayado, obteniendo as\u00ed una alta precisi\u00f3n en todos los cortes.<\/p>\n<p style=\"text-align: justify;\">Y con su maleta de transporte, proteger\u00e1s tu maquina y tu movilidad se ver\u00e1 mejorada.<\/p>\n<p style=\"text-align: justify;\">Podr\u00e1s intercambiar sus rodeles de \u00d8 6 a 22 mm.<\/p>\n<p style=\"text-align: justify;\">Te dejamos \u00a0<strong><span style=\"font-size: 14pt;\"> \u21d3\u00a0\u00a0\u00a0<\/span><\/strong> aqu\u00ed abajo con un v\u00eddeo demostrativo.<\/p>\n<p style=\"text-align: justify;\">* Baldosas cer\u00e1micas de muy baja porosidad abierta, con una amplia gama de coloraciones. Conformaci\u00f3n por prensado o extrusi\u00f3n con una \u00fanica cocci\u00f3n. Decoraciones obtenidas en fase de prensado o mediante serigraf\u00edas o aerograf\u00edas de sales solubles. Comercializados en la forma natural (sin tratamientos) o pulidos mec\u00e1nicamente (brillo especular). Altas prestaciones mec\u00e1nicas y de resistencia qu\u00edmica. Resistencia a la helada. Algunos productos presentan una baja resistencia a las manchas en la versi\u00f3n pulida.<\/p>\n<p>[\/vc_column_text][\/vc_column][\/vc_row][vc_row][vc_column][vc_video link=\u00bbhttps:\/\/youtu.be\/gPmI_MpGBIc\u00bb align=\u00bbcenter\u00bb][\/vc_column][\/vc_row]<\/p>\n<\/div>","protected":false},"excerpt":{"rendered":"<h2>CORTADORA BALDOSAS MANUAL<\/h2>\n","protected":false},"featured_media":11716,"comment_status":"closed","ping_status":"closed","template":"","meta":{"_exactmetrics_skip_tracking":false,"_exactmetrics_sitenote_active":false,"_exactmetrics_sitenote_note":"","_exactmetrics_sitenote_category":0,"_joinchat":[]},"etheme_brands":[{"term_id":299,"name":"RUBI","slug":"rubi","term_group":0,"term_taxonomy_id":299,"taxonomy":"brand","description":"","parent":0,"count":31,"filter":"raw"}],"product_brand":[],"product_cat":[514,508],"product_tag":[2190,511,426,509,1502,2711,3438],"class_list":{"0":"post-11724","1":"product","2":"type-product","3":"status-publish","4":"has-post-thumbnail","6":"brand-rubi","7":"product_cat-herramientas-pavimentos","8":"product_cat-pavimentos","9":"product_tag-2190","10":"product_tag-azulejos","11":"product_tag-ceramica","12":"product_tag-cortadora","13":"product_tag-cortadora-azulejos-canarias","14":"product_tag-cortadora-azulejos-tenerife","15":"product_tag-cortadora-de-azulejos-manual","16":"product_shipping_class-recogida-en-tienda-fisica","18":"first","19":"instock","20":"taxable","21":"shipping-taxable","22":"purchasable","23":"product-type-simple"},"yoast_head":"<!-- This site is optimized with the Yoast SEO plugin v24.9 - https:\/\/yoast.com\/wordpress\/plugins\/seo\/ -->\n<title>CORTADORA RUBI TS 66CM MAX ORANGE - Tienda de tuferreteria.online by Ferreter\u00eda La Salle<\/title>\n<meta name=\"description\" content=\"La cortadora TS Max 66 es ideal para un corte intensivo de baldosas y cer\u00e1mina en general. Sobre todo para gres porcel\u00e1nico. (Tipo Bla*). \u00a1Desc\u00fabrela!\" \/>\n<meta name=\"robots\" content=\"index, follow, max-snippet:-1, max-image-preview:large, max-video-preview:-1\" \/>\n<link rel=\"canonical\" href=\"https:\/\/tuferreteria.online\/hazlo-tu-mismo\/tienda\/pavimentos\/herramientas-pavimentos\/cortadora-rubi-ts-66cm-max-orange\/\" \/>\n<meta property=\"og:locale\" content=\"es_ES\" \/>\n<meta property=\"og:type\" content=\"article\" \/>\n<meta property=\"og:title\" content=\"CORTADORA RUBI TS 66CM MAX ORANGE - Tienda de tuferreteria.online by Ferreter\u00eda La Salle\" \/>\n<meta property=\"og:description\" content=\"La cortadora TS Max 66 es ideal para un corte intensivo de baldosas y cer\u00e1mina en general. Sobre todo para gres porcel\u00e1nico. (Tipo Bla*). \u00a1Desc\u00fabrela!\" \/>\n<meta property=\"og:url\" content=\"https:\/\/tuferreteria.online\/hazlo-tu-mismo\/tienda\/pavimentos\/herramientas-pavimentos\/cortadora-rubi-ts-66cm-max-orange\/\" \/>\n<meta property=\"og:site_name\" content=\"Tienda de tuferreteria.online by Ferreter\u00eda La Salle\" \/>\n<meta property=\"article:modified_time\" content=\"2026-03-11T10:15:21+00:00\" \/>\n<meta property=\"og:image\" content=\"https:\/\/tuferreteria.online\/hazlo-tu-mismo\/wp-content\/uploads\/2019\/10\/CORTADORA-RUBI-TS-66-ORANGE-18922.jpg\" \/>\n\t<meta property=\"og:image:width\" content=\"700\" \/>\n\t<meta property=\"og:image:height\" content=\"700\" \/>\n\t<meta property=\"og:image:type\" content=\"image\/jpeg\" \/>\n<meta name=\"twitter:card\" content=\"summary_large_image\" \/>\n<meta name=\"twitter:label1\" content=\"Tiempo de lectura\" \/>\n\t<meta name=\"twitter:data1\" content=\"2 minutos\" \/>\n<script type=\"application\/ld+json\" class=\"yoast-schema-graph\">{\"@context\":\"https:\/\/schema.org\",\"@graph\":[{\"@type\":\"WebPage\",\"@id\":\"https:\/\/tuferreteria.online\/hazlo-tu-mismo\/tienda\/pavimentos\/herramientas-pavimentos\/cortadora-rubi-ts-66cm-max-orange\/\",\"url\":\"https:\/\/tuferreteria.online\/hazlo-tu-mismo\/tienda\/pavimentos\/herramientas-pavimentos\/cortadora-rubi-ts-66cm-max-orange\/\",\"name\":\"CORTADORA RUBI TS 66CM MAX ORANGE - Tienda de tuferreteria.online by Ferreter\u00eda La Salle\",\"isPartOf\":{\"@id\":\"https:\/\/tuferreteria.online\/hazlo-tu-mismo\/#website\"},\"primaryImageOfPage\":{\"@id\":\"https:\/\/tuferreteria.online\/hazlo-tu-mismo\/tienda\/pavimentos\/herramientas-pavimentos\/cortadora-rubi-ts-66cm-max-orange\/#primaryimage\"},\"image\":{\"@id\":\"https:\/\/tuferreteria.online\/hazlo-tu-mismo\/tienda\/pavimentos\/herramientas-pavimentos\/cortadora-rubi-ts-66cm-max-orange\/#primaryimage\"},\"thumbnailUrl\":\"https:\/\/tuferreteria.online\/hazlo-tu-mismo\/wp-content\/uploads\/2019\/10\/CORTADORA-RUBI-TS-66-ORANGE-18922.jpg\",\"datePublished\":\"2019-10-03T12:07:42+00:00\",\"dateModified\":\"2026-03-11T10:15:21+00:00\",\"description\":\"La cortadora TS Max 66 es ideal para un corte intensivo de baldosas y cer\u00e1mina en general. Sobre todo para gres porcel\u00e1nico. (Tipo Bla*). \u00a1Desc\u00fabrela!\",\"breadcrumb\":{\"@id\":\"https:\/\/tuferreteria.online\/hazlo-tu-mismo\/tienda\/pavimentos\/herramientas-pavimentos\/cortadora-rubi-ts-66cm-max-orange\/#breadcrumb\"},\"inLanguage\":\"es\",\"potentialAction\":[{\"@type\":\"ReadAction\",\"target\":[\"https:\/\/tuferreteria.online\/hazlo-tu-mismo\/tienda\/pavimentos\/herramientas-pavimentos\/cortadora-rubi-ts-66cm-max-orange\/\"]}]},{\"@type\":\"ImageObject\",\"inLanguage\":\"es\",\"@id\":\"https:\/\/tuferreteria.online\/hazlo-tu-mismo\/tienda\/pavimentos\/herramientas-pavimentos\/cortadora-rubi-ts-66cm-max-orange\/#primaryimage\",\"url\":\"https:\/\/tuferreteria.online\/hazlo-tu-mismo\/wp-content\/uploads\/2019\/10\/CORTADORA-RUBI-TS-66-ORANGE-18922.jpg\",\"contentUrl\":\"https:\/\/tuferreteria.online\/hazlo-tu-mismo\/wp-content\/uploads\/2019\/10\/CORTADORA-RUBI-TS-66-ORANGE-18922.jpg\",\"width\":700,\"height\":700,\"caption\":\"CORTADORA-RUBI-TS-66-ORANGE\"},{\"@type\":\"BreadcrumbList\",\"@id\":\"https:\/\/tuferreteria.online\/hazlo-tu-mismo\/tienda\/pavimentos\/herramientas-pavimentos\/cortadora-rubi-ts-66cm-max-orange\/#breadcrumb\",\"itemListElement\":[{\"@type\":\"ListItem\",\"position\":1,\"name\":\"Portada\",\"item\":\"https:\/\/tuferreteria.online\/hazlo-tu-mismo\/\"},{\"@type\":\"ListItem\",\"position\":2,\"name\":\"Tienda\",\"item\":\"https:\/\/tuferreteria.online\/hazlo-tu-mismo\/tienda\/\"},{\"@type\":\"ListItem\",\"position\":3,\"name\":\"CORTADORA RUBI TS 66CM MAX ORANGE\"}]},{\"@type\":\"WebSite\",\"@id\":\"https:\/\/tuferreteria.online\/hazlo-tu-mismo\/#website\",\"url\":\"https:\/\/tuferreteria.online\/hazlo-tu-mismo\/\",\"name\":\"Tienda de tuferreteria.online by Ferreter\u00eda La Salle\",\"description\":\"Hazlo tu mismo\",\"potentialAction\":[{\"@type\":\"SearchAction\",\"target\":{\"@type\":\"EntryPoint\",\"urlTemplate\":\"https:\/\/tuferreteria.online\/hazlo-tu-mismo\/?s={search_term_string}\"},\"query-input\":{\"@type\":\"PropertyValueSpecification\",\"valueRequired\":true,\"valueName\":\"search_term_string\"}}],\"inLanguage\":\"es\"}]}<\/script>\n<!-- \/ Yoast SEO plugin. -->","yoast_head_json":{"title":"CORTADORA RUBI TS 66CM MAX ORANGE - Tienda de tuferreteria.online by Ferreter\u00eda La Salle","description":"La cortadora TS Max 66 es ideal para un corte intensivo de baldosas y cer\u00e1mina en general. Sobre todo para gres porcel\u00e1nico. (Tipo Bla*). \u00a1Desc\u00fabrela!","robots":{"index":"index","follow":"follow","max-snippet":"max-snippet:-1","max-image-preview":"max-image-preview:large","max-video-preview":"max-video-preview:-1"},"canonical":"https:\/\/tuferreteria.online\/hazlo-tu-mismo\/tienda\/pavimentos\/herramientas-pavimentos\/cortadora-rubi-ts-66cm-max-orange\/","og_locale":"es_ES","og_type":"article","og_title":"CORTADORA RUBI TS 66CM MAX ORANGE - Tienda de tuferreteria.online by Ferreter\u00eda La Salle","og_description":"La cortadora TS Max 66 es ideal para un corte intensivo de baldosas y cer\u00e1mina en general. Sobre todo para gres porcel\u00e1nico. (Tipo Bla*). \u00a1Desc\u00fabrela!","og_url":"https:\/\/tuferreteria.online\/hazlo-tu-mismo\/tienda\/pavimentos\/herramientas-pavimentos\/cortadora-rubi-ts-66cm-max-orange\/","og_site_name":"Tienda de tuferreteria.online by Ferreter\u00eda La Salle","article_modified_time":"2026-03-11T10:15:21+00:00","og_image":[{"width":700,"height":700,"url":"https:\/\/tuferreteria.online\/hazlo-tu-mismo\/wp-content\/uploads\/2019\/10\/CORTADORA-RUBI-TS-66-ORANGE-18922.jpg","type":"image\/jpeg"}],"twitter_card":"summary_large_image","twitter_misc":{"Tiempo de lectura":"2 minutos"},"schema":{"@context":"https:\/\/schema.org","@graph":[{"@type":"WebPage","@id":"https:\/\/tuferreteria.online\/hazlo-tu-mismo\/tienda\/pavimentos\/herramientas-pavimentos\/cortadora-rubi-ts-66cm-max-orange\/","url":"https:\/\/tuferreteria.online\/hazlo-tu-mismo\/tienda\/pavimentos\/herramientas-pavimentos\/cortadora-rubi-ts-66cm-max-orange\/","name":"CORTADORA RUBI TS 66CM MAX ORANGE - Tienda de tuferreteria.online by Ferreter\u00eda La Salle","isPartOf":{"@id":"https:\/\/tuferreteria.online\/hazlo-tu-mismo\/#website"},"primaryImageOfPage":{"@id":"https:\/\/tuferreteria.online\/hazlo-tu-mismo\/tienda\/pavimentos\/herramientas-pavimentos\/cortadora-rubi-ts-66cm-max-orange\/#primaryimage"},"image":{"@id":"https:\/\/tuferreteria.online\/hazlo-tu-mismo\/tienda\/pavimentos\/herramientas-pavimentos\/cortadora-rubi-ts-66cm-max-orange\/#primaryimage"},"thumbnailUrl":"https:\/\/tuferreteria.online\/hazlo-tu-mismo\/wp-content\/uploads\/2019\/10\/CORTADORA-RUBI-TS-66-ORANGE-18922.jpg","datePublished":"2019-10-03T12:07:42+00:00","dateModified":"2026-03-11T10:15:21+00:00","description":"La cortadora TS Max 66 es ideal para un corte intensivo de baldosas y cer\u00e1mina en general. Sobre todo para gres porcel\u00e1nico. (Tipo Bla*). \u00a1Desc\u00fabrela!","breadcrumb":{"@id":"https:\/\/tuferreteria.online\/hazlo-tu-mismo\/tienda\/pavimentos\/herramientas-pavimentos\/cortadora-rubi-ts-66cm-max-orange\/#breadcrumb"},"inLanguage":"es","potentialAction":[{"@type":"ReadAction","target":["https:\/\/tuferreteria.online\/hazlo-tu-mismo\/tienda\/pavimentos\/herramientas-pavimentos\/cortadora-rubi-ts-66cm-max-orange\/"]}]},{"@type":"ImageObject","inLanguage":"es","@id":"https:\/\/tuferreteria.online\/hazlo-tu-mismo\/tienda\/pavimentos\/herramientas-pavimentos\/cortadora-rubi-ts-66cm-max-orange\/#primaryimage","url":"https:\/\/tuferreteria.online\/hazlo-tu-mismo\/wp-content\/uploads\/2019\/10\/CORTADORA-RUBI-TS-66-ORANGE-18922.jpg","contentUrl":"https:\/\/tuferreteria.online\/hazlo-tu-mismo\/wp-content\/uploads\/2019\/10\/CORTADORA-RUBI-TS-66-ORANGE-18922.jpg","width":700,"height":700,"caption":"CORTADORA-RUBI-TS-66-ORANGE"},{"@type":"BreadcrumbList","@id":"https:\/\/tuferreteria.online\/hazlo-tu-mismo\/tienda\/pavimentos\/herramientas-pavimentos\/cortadora-rubi-ts-66cm-max-orange\/#breadcrumb","itemListElement":[{"@type":"ListItem","position":1,"name":"Portada","item":"https:\/\/tuferreteria.online\/hazlo-tu-mismo\/"},{"@type":"ListItem","position":2,"name":"Tienda","item":"https:\/\/tuferreteria.online\/hazlo-tu-mismo\/tienda\/"},{"@type":"ListItem","position":3,"name":"CORTADORA RUBI TS 66CM MAX ORANGE"}]},{"@type":"WebSite","@id":"https:\/\/tuferreteria.online\/hazlo-tu-mismo\/#website","url":"https:\/\/tuferreteria.online\/hazlo-tu-mismo\/","name":"Tienda de tuferreteria.online by Ferreter\u00eda La Salle","description":"Hazlo tu mismo","potentialAction":[{"@type":"SearchAction","target":{"@type":"EntryPoint","urlTemplate":"https:\/\/tuferreteria.online\/hazlo-tu-mismo\/?s={search_term_string}"},"query-input":{"@type":"PropertyValueSpecification","valueRequired":true,"valueName":"search_term_string"}}],"inLanguage":"es"}]}},"_links":{"self":[{"href":"https:\/\/tuferreteria.online\/hazlo-tu-mismo\/wp-json\/wp\/v2\/product\/11724","targetHints":{"allow":["GET"]}}],"collection":[{"href":"https:\/\/tuferreteria.online\/hazlo-tu-mismo\/wp-json\/wp\/v2\/product"}],"about":[{"href":"https:\/\/tuferreteria.online\/hazlo-tu-mismo\/wp-json\/wp\/v2\/types\/product"}],"replies":[{"embeddable":true,"href":"https:\/\/tuferreteria.online\/hazlo-tu-mismo\/wp-json\/wp\/v2\/comments?post=11724"}],"wp:featuredmedia":[{"embeddable":true,"href":"https:\/\/tuferreteria.online\/hazlo-tu-mismo\/wp-json\/wp\/v2\/media\/11716"}],"wp:attachment":[{"href":"https:\/\/tuferreteria.online\/hazlo-tu-mismo\/wp-json\/wp\/v2\/media?parent=11724"}],"wp:term":[{"taxonomy":"brand","embeddable":true,"href":"https:\/\/tuferreteria.online\/hazlo-tu-mismo\/wp-json\/wp\/v2\/etheme_brands?post=11724"},{"taxonomy":"product_brand","embeddable":true,"href":"https:\/\/tuferreteria.online\/hazlo-tu-mismo\/wp-json\/wp\/v2\/product_brand?post=11724"},{"taxonomy":"product_cat","embeddable":true,"href":"https:\/\/tuferreteria.online\/hazlo-tu-mismo\/wp-json\/wp\/v2\/product_cat?post=11724"},{"taxonomy":"product_tag","embeddable":true,"href":"https:\/\/tuferreteria.online\/hazlo-tu-mismo\/wp-json\/wp\/v2\/product_tag?post=11724"}],"curies":[{"name":"wp","href":"https:\/\/api.w.org\/{rel}","templated":true}]}}