{"id":12196,"date":"2019-10-16T10:21:59","date_gmt":"2019-10-16T09:21:59","guid":{"rendered":"https:\/\/tuferreteria.online\/hazlo-tu-mismo\/tienda\/sin%20categor\u00eda\/campana-tile-level-quick-100-ud-nuevo\/"},"modified":"2026-03-11T11:29:32","modified_gmt":"2026-03-11T10:29:32","slug":"campana-tile-level-quick","status":"publish","type":"product","link":"https:\/\/tuferreteria.online\/hazlo-tu-mismo\/tienda\/pavimentos\/separadores-pavimentos\/campana-tile-level-quick\/","title":{"rendered":"CAMPANA TILE LEVEL QUICK RUBI"},"content":{"rendered":"<div class=\"wpb-content-wrapper\"><p>[vc_row][vc_column][vc_column_text]<\/p>\n<h1><\/h1>\n<h2 style=\"text-align: center;\"><span style=\"font-size: 24pt; color: #f9e03a;\">Campana Tile Level Quick Rubi<\/span><\/h2>\n<p>&nbsp;<\/p>\n<h3>Caracter\u00edsticas:<\/h3>\n<p>&nbsp;<\/p>\n<p style=\"text-align: justify;\">La Campana Tile Level Quick est\u00e1 dise\u00f1ada para tener una alta resistencia que nos permite reutilizarlas varias veces.<\/p>\n<p style=\"text-align: justify;\">Gracias a la base circular y a su dise\u00f1o c\u00f3nico nos garantizan que la presi\u00f3n realizada sobre las baldosas cer\u00e1micas se reparta de forma homog\u00e9nea. Asegurando as\u00ed, una planitud resultante homog\u00e9nea para toda la superficie.<\/p>\n<p style=\"text-align: justify;\">El sistema de presi\u00f3n vertical que ejercen evita que el colocador profesional tenga que ir controlando constantemente cu\u00e1l de las dos baldosas queda m\u00e1s alta que la otra.<\/p>\n<p>Bolsa con 100 unidades.<\/p>\n<p><span style=\"text-decoration: underline;\"><span style=\"color: #f9e03a; text-decoration: underline;\"><strong>Brida Tile Level Quick Rubi<\/strong><\/span><\/span><\/p>\n<p><span style=\"text-decoration: underline;\"><span style=\"color: #f9e03a; text-decoration: underline;\"><strong>Tenaza Tile Level<\/strong><\/span><\/span><\/p>\n<p>Aqu\u00ed\u00a0 \u00a0<strong><span style=\"font-size: 14pt;\"> \u21d3\u00a0<\/span><\/strong>\u00a0 \u00a0abajo te compartimos un v\u00eddeo de su colocaci\u00f3n.[\/vc_column_text][\/vc_column][\/vc_row][vc_row][vc_column][vc_video link=\u00bbhttps:\/\/youtu.be\/N1kG2rKx178&#8243; align=\u00bbcenter\u00bb][\/vc_column][\/vc_row]<\/p>\n<\/div>","protected":false},"excerpt":{"rendered":"<h2>CAMPANA SISTEMA DE NIVELACI\u00d3N PAVIMENTO<\/h2>\n","protected":false},"featured_media":12180,"comment_status":"closed","ping_status":"closed","template":"","meta":{"_exactmetrics_skip_tracking":false,"_exactmetrics_sitenote_active":false,"_exactmetrics_sitenote_note":"","_exactmetrics_sitenote_category":0,"_joinchat":[]},"etheme_brands":[{"term_id":299,"name":"RUBI","slug":"rubi","term_group":0,"term_taxonomy_id":299,"taxonomy":"brand","description":"","parent":0,"count":31,"filter":"raw"}],"product_brand":[],"product_cat":[508,522],"product_tag":[511,525,3432,426,527,528,524,526],"class_list":{"0":"post-12196","1":"product","2":"type-product","3":"status-publish","4":"has-post-thumbnail","6":"brand-rubi","7":"product_cat-pavimentos","8":"product_cat-separadores-pavimentos","9":"product_tag-azulejos","10":"product_tag-campana","11":"product_tag-campana-para-sistema-de-nivelacion-rubi","12":"product_tag-ceramica","13":"product_tag-crucetas","14":"product_tag-pavimentos","15":"product_tag-rubi","16":"product_tag-separadores","17":"product_shipping_class-envio-peso","19":"first","20":"instock","21":"taxable","22":"shipping-taxable","23":"purchasable","24":"product-type-simple"},"yoast_head":"<!-- This site is optimized with the Yoast SEO plugin v24.9 - https:\/\/yoast.com\/wordpress\/plugins\/seo\/ -->\n<title>CAMPANA TILE LEVEL QUICK RUBI - Tienda de tuferreteria.online by Ferreter\u00eda La Salle<\/title>\n<meta name=\"description\" content=\"La Campana Tile Level Quick est\u00e1 dise\u00f1ada para tener una alta resistencia que nos permite reutilizarlas varias veces. En Tenerife y Canarias.\" \/>\n<meta name=\"robots\" content=\"index, follow, max-snippet:-1, max-image-preview:large, max-video-preview:-1\" \/>\n<link rel=\"canonical\" href=\"https:\/\/tuferreteria.online\/hazlo-tu-mismo\/tienda\/pavimentos\/separadores-pavimentos\/campana-tile-level-quick\/\" \/>\n<meta property=\"og:locale\" content=\"es_ES\" \/>\n<meta property=\"og:type\" content=\"article\" \/>\n<meta property=\"og:title\" content=\"CAMPANA TILE LEVEL QUICK RUBI - Tienda de tuferreteria.online by Ferreter\u00eda La Salle\" \/>\n<meta property=\"og:description\" content=\"La Campana Tile Level Quick est\u00e1 dise\u00f1ada para tener una alta resistencia que nos permite reutilizarlas varias veces. En Tenerife y Canarias.\" \/>\n<meta property=\"og:url\" content=\"https:\/\/tuferreteria.online\/hazlo-tu-mismo\/tienda\/pavimentos\/separadores-pavimentos\/campana-tile-level-quick\/\" \/>\n<meta property=\"og:site_name\" content=\"Tienda de tuferreteria.online by Ferreter\u00eda La Salle\" \/>\n<meta property=\"article:modified_time\" content=\"2026-03-11T10:29:32+00:00\" \/>\n<meta property=\"og:image\" content=\"https:\/\/tuferreteria.online\/hazlo-tu-mismo\/wp-content\/uploads\/2019\/10\/CAMPANA-TILE-LEVEL-RUBI-0105180037.jpg\" \/>\n\t<meta property=\"og:image:width\" content=\"450\" \/>\n\t<meta property=\"og:image:height\" content=\"450\" \/>\n\t<meta property=\"og:image:type\" content=\"image\/jpeg\" \/>\n<meta name=\"twitter:card\" content=\"summary_large_image\" \/>\n<meta name=\"twitter:label1\" content=\"Tiempo de lectura\" \/>\n\t<meta name=\"twitter:data1\" content=\"1 minuto\" \/>\n<script type=\"application\/ld+json\" class=\"yoast-schema-graph\">{\"@context\":\"https:\/\/schema.org\",\"@graph\":[{\"@type\":\"WebPage\",\"@id\":\"https:\/\/tuferreteria.online\/hazlo-tu-mismo\/tienda\/pavimentos\/separadores-pavimentos\/campana-tile-level-quick\/\",\"url\":\"https:\/\/tuferreteria.online\/hazlo-tu-mismo\/tienda\/pavimentos\/separadores-pavimentos\/campana-tile-level-quick\/\",\"name\":\"CAMPANA TILE LEVEL QUICK RUBI - Tienda de tuferreteria.online by Ferreter\u00eda La Salle\",\"isPartOf\":{\"@id\":\"https:\/\/tuferreteria.online\/hazlo-tu-mismo\/#website\"},\"primaryImageOfPage\":{\"@id\":\"https:\/\/tuferreteria.online\/hazlo-tu-mismo\/tienda\/pavimentos\/separadores-pavimentos\/campana-tile-level-quick\/#primaryimage\"},\"image\":{\"@id\":\"https:\/\/tuferreteria.online\/hazlo-tu-mismo\/tienda\/pavimentos\/separadores-pavimentos\/campana-tile-level-quick\/#primaryimage\"},\"thumbnailUrl\":\"https:\/\/tuferreteria.online\/hazlo-tu-mismo\/wp-content\/uploads\/2019\/10\/CAMPANA-TILE-LEVEL-RUBI-0105180037.jpg\",\"datePublished\":\"2019-10-16T09:21:59+00:00\",\"dateModified\":\"2026-03-11T10:29:32+00:00\",\"description\":\"La Campana Tile Level Quick est\u00e1 dise\u00f1ada para tener una alta resistencia que nos permite reutilizarlas varias veces. En Tenerife y Canarias.\",\"breadcrumb\":{\"@id\":\"https:\/\/tuferreteria.online\/hazlo-tu-mismo\/tienda\/pavimentos\/separadores-pavimentos\/campana-tile-level-quick\/#breadcrumb\"},\"inLanguage\":\"es\",\"potentialAction\":[{\"@type\":\"ReadAction\",\"target\":[\"https:\/\/tuferreteria.online\/hazlo-tu-mismo\/tienda\/pavimentos\/separadores-pavimentos\/campana-tile-level-quick\/\"]}]},{\"@type\":\"ImageObject\",\"inLanguage\":\"es\",\"@id\":\"https:\/\/tuferreteria.online\/hazlo-tu-mismo\/tienda\/pavimentos\/separadores-pavimentos\/campana-tile-level-quick\/#primaryimage\",\"url\":\"https:\/\/tuferreteria.online\/hazlo-tu-mismo\/wp-content\/uploads\/2019\/10\/CAMPANA-TILE-LEVEL-RUBI-0105180037.jpg\",\"contentUrl\":\"https:\/\/tuferreteria.online\/hazlo-tu-mismo\/wp-content\/uploads\/2019\/10\/CAMPANA-TILE-LEVEL-RUBI-0105180037.jpg\",\"width\":450,\"height\":450,\"caption\":\"CAMPANA-TILE-LEVEL-RUBI-0105180037\"},{\"@type\":\"BreadcrumbList\",\"@id\":\"https:\/\/tuferreteria.online\/hazlo-tu-mismo\/tienda\/pavimentos\/separadores-pavimentos\/campana-tile-level-quick\/#breadcrumb\",\"itemListElement\":[{\"@type\":\"ListItem\",\"position\":1,\"name\":\"Portada\",\"item\":\"https:\/\/tuferreteria.online\/hazlo-tu-mismo\/\"},{\"@type\":\"ListItem\",\"position\":2,\"name\":\"Tienda\",\"item\":\"https:\/\/tuferreteria.online\/hazlo-tu-mismo\/tienda\/\"},{\"@type\":\"ListItem\",\"position\":3,\"name\":\"CAMPANA TILE LEVEL QUICK RUBI\"}]},{\"@type\":\"WebSite\",\"@id\":\"https:\/\/tuferreteria.online\/hazlo-tu-mismo\/#website\",\"url\":\"https:\/\/tuferreteria.online\/hazlo-tu-mismo\/\",\"name\":\"Tienda de tuferreteria.online by Ferreter\u00eda La Salle\",\"description\":\"Hazlo tu mismo\",\"potentialAction\":[{\"@type\":\"SearchAction\",\"target\":{\"@type\":\"EntryPoint\",\"urlTemplate\":\"https:\/\/tuferreteria.online\/hazlo-tu-mismo\/?s={search_term_string}\"},\"query-input\":{\"@type\":\"PropertyValueSpecification\",\"valueRequired\":true,\"valueName\":\"search_term_string\"}}],\"inLanguage\":\"es\"}]}<\/script>\n<!-- \/ Yoast SEO plugin. -->","yoast_head_json":{"title":"CAMPANA TILE LEVEL QUICK RUBI - Tienda de tuferreteria.online by Ferreter\u00eda La Salle","description":"La Campana Tile Level Quick est\u00e1 dise\u00f1ada para tener una alta resistencia que nos permite reutilizarlas varias veces. En Tenerife y Canarias.","robots":{"index":"index","follow":"follow","max-snippet":"max-snippet:-1","max-image-preview":"max-image-preview:large","max-video-preview":"max-video-preview:-1"},"canonical":"https:\/\/tuferreteria.online\/hazlo-tu-mismo\/tienda\/pavimentos\/separadores-pavimentos\/campana-tile-level-quick\/","og_locale":"es_ES","og_type":"article","og_title":"CAMPANA TILE LEVEL QUICK RUBI - Tienda de tuferreteria.online by Ferreter\u00eda La Salle","og_description":"La Campana Tile Level Quick est\u00e1 dise\u00f1ada para tener una alta resistencia que nos permite reutilizarlas varias veces. En Tenerife y Canarias.","og_url":"https:\/\/tuferreteria.online\/hazlo-tu-mismo\/tienda\/pavimentos\/separadores-pavimentos\/campana-tile-level-quick\/","og_site_name":"Tienda de tuferreteria.online by Ferreter\u00eda La Salle","article_modified_time":"2026-03-11T10:29:32+00:00","og_image":[{"width":450,"height":450,"url":"https:\/\/tuferreteria.online\/hazlo-tu-mismo\/wp-content\/uploads\/2019\/10\/CAMPANA-TILE-LEVEL-RUBI-0105180037.jpg","type":"image\/jpeg"}],"twitter_card":"summary_large_image","twitter_misc":{"Tiempo de lectura":"1 minuto"},"schema":{"@context":"https:\/\/schema.org","@graph":[{"@type":"WebPage","@id":"https:\/\/tuferreteria.online\/hazlo-tu-mismo\/tienda\/pavimentos\/separadores-pavimentos\/campana-tile-level-quick\/","url":"https:\/\/tuferreteria.online\/hazlo-tu-mismo\/tienda\/pavimentos\/separadores-pavimentos\/campana-tile-level-quick\/","name":"CAMPANA TILE LEVEL QUICK RUBI - Tienda de tuferreteria.online by Ferreter\u00eda La Salle","isPartOf":{"@id":"https:\/\/tuferreteria.online\/hazlo-tu-mismo\/#website"},"primaryImageOfPage":{"@id":"https:\/\/tuferreteria.online\/hazlo-tu-mismo\/tienda\/pavimentos\/separadores-pavimentos\/campana-tile-level-quick\/#primaryimage"},"image":{"@id":"https:\/\/tuferreteria.online\/hazlo-tu-mismo\/tienda\/pavimentos\/separadores-pavimentos\/campana-tile-level-quick\/#primaryimage"},"thumbnailUrl":"https:\/\/tuferreteria.online\/hazlo-tu-mismo\/wp-content\/uploads\/2019\/10\/CAMPANA-TILE-LEVEL-RUBI-0105180037.jpg","datePublished":"2019-10-16T09:21:59+00:00","dateModified":"2026-03-11T10:29:32+00:00","description":"La Campana Tile Level Quick est\u00e1 dise\u00f1ada para tener una alta resistencia que nos permite reutilizarlas varias veces. En Tenerife y Canarias.","breadcrumb":{"@id":"https:\/\/tuferreteria.online\/hazlo-tu-mismo\/tienda\/pavimentos\/separadores-pavimentos\/campana-tile-level-quick\/#breadcrumb"},"inLanguage":"es","potentialAction":[{"@type":"ReadAction","target":["https:\/\/tuferreteria.online\/hazlo-tu-mismo\/tienda\/pavimentos\/separadores-pavimentos\/campana-tile-level-quick\/"]}]},{"@type":"ImageObject","inLanguage":"es","@id":"https:\/\/tuferreteria.online\/hazlo-tu-mismo\/tienda\/pavimentos\/separadores-pavimentos\/campana-tile-level-quick\/#primaryimage","url":"https:\/\/tuferreteria.online\/hazlo-tu-mismo\/wp-content\/uploads\/2019\/10\/CAMPANA-TILE-LEVEL-RUBI-0105180037.jpg","contentUrl":"https:\/\/tuferreteria.online\/hazlo-tu-mismo\/wp-content\/uploads\/2019\/10\/CAMPANA-TILE-LEVEL-RUBI-0105180037.jpg","width":450,"height":450,"caption":"CAMPANA-TILE-LEVEL-RUBI-0105180037"},{"@type":"BreadcrumbList","@id":"https:\/\/tuferreteria.online\/hazlo-tu-mismo\/tienda\/pavimentos\/separadores-pavimentos\/campana-tile-level-quick\/#breadcrumb","itemListElement":[{"@type":"ListItem","position":1,"name":"Portada","item":"https:\/\/tuferreteria.online\/hazlo-tu-mismo\/"},{"@type":"ListItem","position":2,"name":"Tienda","item":"https:\/\/tuferreteria.online\/hazlo-tu-mismo\/tienda\/"},{"@type":"ListItem","position":3,"name":"CAMPANA TILE LEVEL QUICK RUBI"}]},{"@type":"WebSite","@id":"https:\/\/tuferreteria.online\/hazlo-tu-mismo\/#website","url":"https:\/\/tuferreteria.online\/hazlo-tu-mismo\/","name":"Tienda de tuferreteria.online by Ferreter\u00eda La Salle","description":"Hazlo tu mismo","potentialAction":[{"@type":"SearchAction","target":{"@type":"EntryPoint","urlTemplate":"https:\/\/tuferreteria.online\/hazlo-tu-mismo\/?s={search_term_string}"},"query-input":{"@type":"PropertyValueSpecification","valueRequired":true,"valueName":"search_term_string"}}],"inLanguage":"es"}]}},"_links":{"self":[{"href":"https:\/\/tuferreteria.online\/hazlo-tu-mismo\/wp-json\/wp\/v2\/product\/12196","targetHints":{"allow":["GET"]}}],"collection":[{"href":"https:\/\/tuferreteria.online\/hazlo-tu-mismo\/wp-json\/wp\/v2\/product"}],"about":[{"href":"https:\/\/tuferreteria.online\/hazlo-tu-mismo\/wp-json\/wp\/v2\/types\/product"}],"replies":[{"embeddable":true,"href":"https:\/\/tuferreteria.online\/hazlo-tu-mismo\/wp-json\/wp\/v2\/comments?post=12196"}],"wp:featuredmedia":[{"embeddable":true,"href":"https:\/\/tuferreteria.online\/hazlo-tu-mismo\/wp-json\/wp\/v2\/media\/12180"}],"wp:attachment":[{"href":"https:\/\/tuferreteria.online\/hazlo-tu-mismo\/wp-json\/wp\/v2\/media?parent=12196"}],"wp:term":[{"taxonomy":"brand","embeddable":true,"href":"https:\/\/tuferreteria.online\/hazlo-tu-mismo\/wp-json\/wp\/v2\/etheme_brands?post=12196"},{"taxonomy":"product_brand","embeddable":true,"href":"https:\/\/tuferreteria.online\/hazlo-tu-mismo\/wp-json\/wp\/v2\/product_brand?post=12196"},{"taxonomy":"product_cat","embeddable":true,"href":"https:\/\/tuferreteria.online\/hazlo-tu-mismo\/wp-json\/wp\/v2\/product_cat?post=12196"},{"taxonomy":"product_tag","embeddable":true,"href":"https:\/\/tuferreteria.online\/hazlo-tu-mismo\/wp-json\/wp\/v2\/product_tag?post=12196"}],"curies":[{"name":"wp","href":"https:\/\/api.w.org\/{rel}","templated":true}]}}