{"id":12560,"date":"2019-11-05T12:24:48","date_gmt":"2019-11-05T11:24:48","guid":{"rendered":"https:\/\/tuferreteria.online\/hazlo-tu-mismo\/tienda\/sin%20categor\u00eda\/codo-termofusion-h-h-20-45o-pp-r\/"},"modified":"2026-03-11T11:14:46","modified_gmt":"2026-03-11T10:14:46","slug":"codo-termofusion-45-grados","status":"publish","type":"product","link":"https:\/\/tuferreteria.online\/hazlo-tu-mismo\/tienda\/fontaneria\/canalizacion\/termofusion-ppr\/codo-termofusion-45-grados\/","title":{"rendered":"CODO TERMOFUSI\u00d3N  45\u00ba H-H"},"content":{"rendered":"<div class=\"wpb-content-wrapper\"><p>[vc_row][vc_column][vc_column_text]<\/p>\n<h2 style=\"text-align: center;\"><span style=\"font-size: 24pt; color: #f9e03a;\">Codo 45\u00ba Tuber\u00eda Termofusi\u00f3n<\/span><\/h2>\n<p>&nbsp;<\/p>\n<h3>Caracter\u00edsticas:<\/h3>\n<p>&nbsp;<\/p>\n<p style=\"text-align: justify;\">Codo o Curva de 45\u00ba, Hembra-Hembra para tuber\u00eda de termofusi\u00f3n. Consulta las medidas en las opciones.<\/p>\n<p style=\"text-align: justify;\">La tuber\u00eda\u00a0 hecha de Polipropileno Radom, PP-R, que es un pol\u00edmero de pl\u00e1stico resistente y no t\u00f3xico para el ser humano, gracias a sus propiedades se ha convertido en la alternativa perfecta para el suministro de agua potable a presi\u00f3n.<\/p>\n<p style=\"text-align: justify;\">No transmite ni olor, ni sabor al agua, es resistente a la presi\u00f3n y a la temperatura, no sufre corrosi\u00f3n y sus uniones se realizan por termofusi\u00f3n.<\/p>\n<p>[\/vc_column_text][\/vc_column][\/vc_row]<\/p>\n<\/div>","protected":false},"excerpt":{"rendered":"<p>CODO TUBER\u00cdA DE PPR 45\u00ba H-H<\/p>\n","protected":false},"featured_media":12594,"comment_status":"closed","ping_status":"closed","template":"","meta":{"_exactmetrics_skip_tracking":false,"_exactmetrics_sitenote_active":false,"_exactmetrics_sitenote_note":"","_exactmetrics_sitenote_category":0,"_joinchat":[]},"etheme_brands":[],"product_brand":[],"product_cat":[296,107,564],"product_tag":[569,571,2682,2636,573,349,567,570],"class_list":{"0":"post-12560","1":"product","2":"type-product","3":"status-publish","4":"has-post-thumbnail","6":"product_cat-canalizacion","7":"product_cat-fontaneria","8":"product_cat-termofusion-ppr","9":"product_tag-canalizacion","10":"product_tag-codo","11":"product_tag-comprar-tuberia-ppr-tenerife","12":"product_tag-comprar-tuberia-termofusion-tenerife","13":"product_tag-curva","14":"product_tag-fontaneria","15":"product_tag-ppr","16":"product_tag-termofusion","17":"product_shipping_class-envio-peso","19":"first","20":"instock","21":"taxable","22":"shipping-taxable","23":"purchasable","24":"product-type-variable"},"yoast_head":"<!-- This site is optimized with the Yoast SEO plugin v24.9 - https:\/\/yoast.com\/wordpress\/plugins\/seo\/ -->\n<title>CODO TERMOFUSI\u00d3N 45\u00ba H-H - Tienda de tuferreteria.online by Ferreter\u00eda La Salle<\/title>\n<meta name=\"description\" content=\"Codo o Curva de 45\u00ba, Hembra-Hembra para tuber\u00eda de termofusi\u00f3n. Consulta las medidas en las opciones. La tuber\u00eda\u00a0 hecha de Polipropileno Radom, PPR...\" \/>\n<meta name=\"robots\" content=\"index, follow, max-snippet:-1, max-image-preview:large, max-video-preview:-1\" \/>\n<link rel=\"canonical\" href=\"https:\/\/tuferreteria.online\/hazlo-tu-mismo\/tienda\/fontaneria\/canalizacion\/termofusion-ppr\/codo-termofusion-45-grados\/\" \/>\n<meta property=\"og:locale\" content=\"es_ES\" \/>\n<meta property=\"og:type\" content=\"article\" \/>\n<meta property=\"og:title\" content=\"CODO TERMOFUSI\u00d3N 45\u00ba H-H - Tienda de tuferreteria.online by Ferreter\u00eda La Salle\" \/>\n<meta property=\"og:description\" content=\"Codo o Curva de 45\u00ba, Hembra-Hembra para tuber\u00eda de termofusi\u00f3n. Consulta las medidas en las opciones. La tuber\u00eda\u00a0 hecha de Polipropileno Radom, PPR...\" \/>\n<meta property=\"og:url\" content=\"https:\/\/tuferreteria.online\/hazlo-tu-mismo\/tienda\/fontaneria\/canalizacion\/termofusion-ppr\/codo-termofusion-45-grados\/\" \/>\n<meta property=\"og:site_name\" content=\"Tienda de tuferreteria.online by Ferreter\u00eda La Salle\" \/>\n<meta property=\"article:modified_time\" content=\"2026-03-11T10:14:46+00:00\" \/>\n<meta property=\"og:image\" content=\"https:\/\/tuferreteria.online\/hazlo-tu-mismo\/wp-content\/uploads\/2019\/11\/TERMOFUSION-CODO-45-GRADOS.jpg\" \/>\n\t<meta property=\"og:image:width\" content=\"600\" \/>\n\t<meta property=\"og:image:height\" content=\"600\" \/>\n\t<meta property=\"og:image:type\" content=\"image\/jpeg\" \/>\n<meta name=\"twitter:card\" content=\"summary_large_image\" \/>\n<meta name=\"twitter:label1\" content=\"Tiempo de lectura\" \/>\n\t<meta name=\"twitter:data1\" content=\"1 minuto\" \/>\n<script type=\"application\/ld+json\" class=\"yoast-schema-graph\">{\"@context\":\"https:\/\/schema.org\",\"@graph\":[{\"@type\":\"WebPage\",\"@id\":\"https:\/\/tuferreteria.online\/hazlo-tu-mismo\/tienda\/fontaneria\/canalizacion\/termofusion-ppr\/codo-termofusion-45-grados\/\",\"url\":\"https:\/\/tuferreteria.online\/hazlo-tu-mismo\/tienda\/fontaneria\/canalizacion\/termofusion-ppr\/codo-termofusion-45-grados\/\",\"name\":\"CODO TERMOFUSI\u00d3N 45\u00ba H-H - Tienda de tuferreteria.online by Ferreter\u00eda La Salle\",\"isPartOf\":{\"@id\":\"https:\/\/tuferreteria.online\/hazlo-tu-mismo\/#website\"},\"primaryImageOfPage\":{\"@id\":\"https:\/\/tuferreteria.online\/hazlo-tu-mismo\/tienda\/fontaneria\/canalizacion\/termofusion-ppr\/codo-termofusion-45-grados\/#primaryimage\"},\"image\":{\"@id\":\"https:\/\/tuferreteria.online\/hazlo-tu-mismo\/tienda\/fontaneria\/canalizacion\/termofusion-ppr\/codo-termofusion-45-grados\/#primaryimage\"},\"thumbnailUrl\":\"https:\/\/tuferreteria.online\/hazlo-tu-mismo\/wp-content\/uploads\/2019\/11\/TERMOFUSION-CODO-45-GRADOS.jpg\",\"datePublished\":\"2019-11-05T11:24:48+00:00\",\"dateModified\":\"2026-03-11T10:14:46+00:00\",\"description\":\"Codo o Curva de 45\u00ba, Hembra-Hembra para tuber\u00eda de termofusi\u00f3n. Consulta las medidas en las opciones. La tuber\u00eda\u00a0 hecha de Polipropileno Radom, PPR...\",\"breadcrumb\":{\"@id\":\"https:\/\/tuferreteria.online\/hazlo-tu-mismo\/tienda\/fontaneria\/canalizacion\/termofusion-ppr\/codo-termofusion-45-grados\/#breadcrumb\"},\"inLanguage\":\"es\",\"potentialAction\":[{\"@type\":\"ReadAction\",\"target\":[\"https:\/\/tuferreteria.online\/hazlo-tu-mismo\/tienda\/fontaneria\/canalizacion\/termofusion-ppr\/codo-termofusion-45-grados\/\"]}]},{\"@type\":\"ImageObject\",\"inLanguage\":\"es\",\"@id\":\"https:\/\/tuferreteria.online\/hazlo-tu-mismo\/tienda\/fontaneria\/canalizacion\/termofusion-ppr\/codo-termofusion-45-grados\/#primaryimage\",\"url\":\"https:\/\/tuferreteria.online\/hazlo-tu-mismo\/wp-content\/uploads\/2019\/11\/TERMOFUSION-CODO-45-GRADOS.jpg\",\"contentUrl\":\"https:\/\/tuferreteria.online\/hazlo-tu-mismo\/wp-content\/uploads\/2019\/11\/TERMOFUSION-CODO-45-GRADOS.jpg\",\"width\":600,\"height\":600,\"caption\":\"TERMOFUSION-CODO-45-GRADOS\"},{\"@type\":\"BreadcrumbList\",\"@id\":\"https:\/\/tuferreteria.online\/hazlo-tu-mismo\/tienda\/fontaneria\/canalizacion\/termofusion-ppr\/codo-termofusion-45-grados\/#breadcrumb\",\"itemListElement\":[{\"@type\":\"ListItem\",\"position\":1,\"name\":\"Portada\",\"item\":\"https:\/\/tuferreteria.online\/hazlo-tu-mismo\/\"},{\"@type\":\"ListItem\",\"position\":2,\"name\":\"Tienda\",\"item\":\"https:\/\/tuferreteria.online\/hazlo-tu-mismo\/tienda\/\"},{\"@type\":\"ListItem\",\"position\":3,\"name\":\"CODO TERMOFUSI\u00d3N 45\u00ba H-H\"}]},{\"@type\":\"WebSite\",\"@id\":\"https:\/\/tuferreteria.online\/hazlo-tu-mismo\/#website\",\"url\":\"https:\/\/tuferreteria.online\/hazlo-tu-mismo\/\",\"name\":\"Tienda de tuferreteria.online by Ferreter\u00eda La Salle\",\"description\":\"Hazlo tu mismo\",\"potentialAction\":[{\"@type\":\"SearchAction\",\"target\":{\"@type\":\"EntryPoint\",\"urlTemplate\":\"https:\/\/tuferreteria.online\/hazlo-tu-mismo\/?s={search_term_string}\"},\"query-input\":{\"@type\":\"PropertyValueSpecification\",\"valueRequired\":true,\"valueName\":\"search_term_string\"}}],\"inLanguage\":\"es\"}]}<\/script>\n<!-- \/ Yoast SEO plugin. -->","yoast_head_json":{"title":"CODO TERMOFUSI\u00d3N 45\u00ba H-H - Tienda de tuferreteria.online by Ferreter\u00eda La Salle","description":"Codo o Curva de 45\u00ba, Hembra-Hembra para tuber\u00eda de termofusi\u00f3n. Consulta las medidas en las opciones. La tuber\u00eda\u00a0 hecha de Polipropileno Radom, PPR...","robots":{"index":"index","follow":"follow","max-snippet":"max-snippet:-1","max-image-preview":"max-image-preview:large","max-video-preview":"max-video-preview:-1"},"canonical":"https:\/\/tuferreteria.online\/hazlo-tu-mismo\/tienda\/fontaneria\/canalizacion\/termofusion-ppr\/codo-termofusion-45-grados\/","og_locale":"es_ES","og_type":"article","og_title":"CODO TERMOFUSI\u00d3N 45\u00ba H-H - Tienda de tuferreteria.online by Ferreter\u00eda La Salle","og_description":"Codo o Curva de 45\u00ba, Hembra-Hembra para tuber\u00eda de termofusi\u00f3n. Consulta las medidas en las opciones. La tuber\u00eda\u00a0 hecha de Polipropileno Radom, PPR...","og_url":"https:\/\/tuferreteria.online\/hazlo-tu-mismo\/tienda\/fontaneria\/canalizacion\/termofusion-ppr\/codo-termofusion-45-grados\/","og_site_name":"Tienda de tuferreteria.online by Ferreter\u00eda La Salle","article_modified_time":"2026-03-11T10:14:46+00:00","og_image":[{"width":600,"height":600,"url":"https:\/\/tuferreteria.online\/hazlo-tu-mismo\/wp-content\/uploads\/2019\/11\/TERMOFUSION-CODO-45-GRADOS.jpg","type":"image\/jpeg"}],"twitter_card":"summary_large_image","twitter_misc":{"Tiempo de lectura":"1 minuto"},"schema":{"@context":"https:\/\/schema.org","@graph":[{"@type":"WebPage","@id":"https:\/\/tuferreteria.online\/hazlo-tu-mismo\/tienda\/fontaneria\/canalizacion\/termofusion-ppr\/codo-termofusion-45-grados\/","url":"https:\/\/tuferreteria.online\/hazlo-tu-mismo\/tienda\/fontaneria\/canalizacion\/termofusion-ppr\/codo-termofusion-45-grados\/","name":"CODO TERMOFUSI\u00d3N 45\u00ba H-H - Tienda de tuferreteria.online by Ferreter\u00eda La Salle","isPartOf":{"@id":"https:\/\/tuferreteria.online\/hazlo-tu-mismo\/#website"},"primaryImageOfPage":{"@id":"https:\/\/tuferreteria.online\/hazlo-tu-mismo\/tienda\/fontaneria\/canalizacion\/termofusion-ppr\/codo-termofusion-45-grados\/#primaryimage"},"image":{"@id":"https:\/\/tuferreteria.online\/hazlo-tu-mismo\/tienda\/fontaneria\/canalizacion\/termofusion-ppr\/codo-termofusion-45-grados\/#primaryimage"},"thumbnailUrl":"https:\/\/tuferreteria.online\/hazlo-tu-mismo\/wp-content\/uploads\/2019\/11\/TERMOFUSION-CODO-45-GRADOS.jpg","datePublished":"2019-11-05T11:24:48+00:00","dateModified":"2026-03-11T10:14:46+00:00","description":"Codo o Curva de 45\u00ba, Hembra-Hembra para tuber\u00eda de termofusi\u00f3n. Consulta las medidas en las opciones. La tuber\u00eda\u00a0 hecha de Polipropileno Radom, PPR...","breadcrumb":{"@id":"https:\/\/tuferreteria.online\/hazlo-tu-mismo\/tienda\/fontaneria\/canalizacion\/termofusion-ppr\/codo-termofusion-45-grados\/#breadcrumb"},"inLanguage":"es","potentialAction":[{"@type":"ReadAction","target":["https:\/\/tuferreteria.online\/hazlo-tu-mismo\/tienda\/fontaneria\/canalizacion\/termofusion-ppr\/codo-termofusion-45-grados\/"]}]},{"@type":"ImageObject","inLanguage":"es","@id":"https:\/\/tuferreteria.online\/hazlo-tu-mismo\/tienda\/fontaneria\/canalizacion\/termofusion-ppr\/codo-termofusion-45-grados\/#primaryimage","url":"https:\/\/tuferreteria.online\/hazlo-tu-mismo\/wp-content\/uploads\/2019\/11\/TERMOFUSION-CODO-45-GRADOS.jpg","contentUrl":"https:\/\/tuferreteria.online\/hazlo-tu-mismo\/wp-content\/uploads\/2019\/11\/TERMOFUSION-CODO-45-GRADOS.jpg","width":600,"height":600,"caption":"TERMOFUSION-CODO-45-GRADOS"},{"@type":"BreadcrumbList","@id":"https:\/\/tuferreteria.online\/hazlo-tu-mismo\/tienda\/fontaneria\/canalizacion\/termofusion-ppr\/codo-termofusion-45-grados\/#breadcrumb","itemListElement":[{"@type":"ListItem","position":1,"name":"Portada","item":"https:\/\/tuferreteria.online\/hazlo-tu-mismo\/"},{"@type":"ListItem","position":2,"name":"Tienda","item":"https:\/\/tuferreteria.online\/hazlo-tu-mismo\/tienda\/"},{"@type":"ListItem","position":3,"name":"CODO TERMOFUSI\u00d3N 45\u00ba H-H"}]},{"@type":"WebSite","@id":"https:\/\/tuferreteria.online\/hazlo-tu-mismo\/#website","url":"https:\/\/tuferreteria.online\/hazlo-tu-mismo\/","name":"Tienda de tuferreteria.online by Ferreter\u00eda La Salle","description":"Hazlo tu mismo","potentialAction":[{"@type":"SearchAction","target":{"@type":"EntryPoint","urlTemplate":"https:\/\/tuferreteria.online\/hazlo-tu-mismo\/?s={search_term_string}"},"query-input":{"@type":"PropertyValueSpecification","valueRequired":true,"valueName":"search_term_string"}}],"inLanguage":"es"}]}},"_links":{"self":[{"href":"https:\/\/tuferreteria.online\/hazlo-tu-mismo\/wp-json\/wp\/v2\/product\/12560","targetHints":{"allow":["GET"]}}],"collection":[{"href":"https:\/\/tuferreteria.online\/hazlo-tu-mismo\/wp-json\/wp\/v2\/product"}],"about":[{"href":"https:\/\/tuferreteria.online\/hazlo-tu-mismo\/wp-json\/wp\/v2\/types\/product"}],"replies":[{"embeddable":true,"href":"https:\/\/tuferreteria.online\/hazlo-tu-mismo\/wp-json\/wp\/v2\/comments?post=12560"}],"wp:featuredmedia":[{"embeddable":true,"href":"https:\/\/tuferreteria.online\/hazlo-tu-mismo\/wp-json\/wp\/v2\/media\/12594"}],"wp:attachment":[{"href":"https:\/\/tuferreteria.online\/hazlo-tu-mismo\/wp-json\/wp\/v2\/media?parent=12560"}],"wp:term":[{"taxonomy":"brand","embeddable":true,"href":"https:\/\/tuferreteria.online\/hazlo-tu-mismo\/wp-json\/wp\/v2\/etheme_brands?post=12560"},{"taxonomy":"product_brand","embeddable":true,"href":"https:\/\/tuferreteria.online\/hazlo-tu-mismo\/wp-json\/wp\/v2\/product_brand?post=12560"},{"taxonomy":"product_cat","embeddable":true,"href":"https:\/\/tuferreteria.online\/hazlo-tu-mismo\/wp-json\/wp\/v2\/product_cat?post=12560"},{"taxonomy":"product_tag","embeddable":true,"href":"https:\/\/tuferreteria.online\/hazlo-tu-mismo\/wp-json\/wp\/v2\/product_tag?post=12560"}],"curies":[{"name":"wp","href":"https:\/\/api.w.org\/{rel}","templated":true}]}}