{"id":12711,"date":"2019-11-07T12:58:49","date_gmt":"2019-11-07T11:58:49","guid":{"rendered":"https:\/\/tuferreteria.online\/hazlo-tu-mismo\/tienda\/sin%20categor\u00eda\/soporte-mult-1-gancho-especial-cuadros\/"},"modified":"2026-04-09T09:15:21","modified_gmt":"2026-04-09T08:15:21","slug":"cuelga-cuadros-especial-pladur","status":"publish","type":"product","link":"https:\/\/tuferreteria.online\/hazlo-tu-mismo\/tienda\/hogar\/decoracion\/perchas-colgadores\/cuelga-cuadros-especial-pladur\/","title":{"rendered":"CUELGA CUADROS ESPECIAL PLADUR"},"content":{"rendered":"<div class=\"wpb-content-wrapper\"><p>[vc_row][vc_column][vc_column_text]<\/p>\n<h2 style=\"text-align: center;\"><span style=\"font-size: 24pt; color: #f9e03a;\">Cuelga Cuadros Pladur<\/span><\/h2>\n<p>&nbsp;<\/p>\n<h3>Caracter\u00edsticas:<\/h3>\n<p>&nbsp;<\/p>\n<p style=\"text-align: justify;\">Con los cuelga cuadros de un gancho, especial para pladur, podr\u00e1s colgar cuadros o decoraci\u00f3n en casa, con el m\u00ednimo esfuerzo. Tiene unos ganchos por detr\u00e1s que podr\u00e1s apretar s\u00f3lo haciendo un poco de fuerza con la mano.<\/p>\n<p style=\"text-align: justify;\">Hechos en acero, lo que los hace muy resistentes.<\/p>\n<p style=\"text-align: justify;\">Son reutilizables y tienes 8 unidades por paquete.<\/p>\n<p style=\"text-align: justify;\">No lo pienses m\u00e1s y simplifica tus tareas de bricolaje.<\/p>\n<p>[\/vc_column_text][\/vc_column][\/vc_row]<\/p>\n<\/div>","protected":false},"excerpt":{"rendered":"<h2>SOPORTE-GANCHO ESPECIAL PLADUR<\/h2>\n","protected":false},"featured_media":12726,"comment_status":"closed","ping_status":"closed","template":"","meta":{"_exactmetrics_skip_tracking":false,"_exactmetrics_sitenote_active":false,"_exactmetrics_sitenote_note":"","_exactmetrics_sitenote_category":0,"_joinchat":[]},"etheme_brands":[],"product_brand":[],"product_cat":[416,2464,78,418],"product_tag":[420,581,2890,2627,584,421,583,582],"class_list":{"0":"post-12711","1":"product","2":"type-product","3":"status-publish","4":"has-post-thumbnail","6":"product_cat-ferreteria","7":"product_cat-herrajes","8":"product_cat-hogar","9":"product_cat-perchas-colgadores","10":"product_tag-colgador","11":"product_tag-cuadro","12":"product_tag-cuelga-cuadros-en-pladur","13":"product_tag-cuelga-cuadros-facil-tenerife","14":"product_tag-gancho","15":"product_tag-percha","16":"product_tag-pladur","17":"product_tag-soporte","18":"product_shipping_class-envio-peso","20":"first","21":"instock","22":"taxable","23":"shipping-taxable","24":"purchasable","25":"product-type-simple"},"yoast_head":"<!-- This site is optimized with the Yoast SEO plugin v24.9 - https:\/\/yoast.com\/wordpress\/plugins\/seo\/ -->\n<title>CUELGA CUADROS ESPECIAL PLADUR - Tienda de tuferreteria.online by Ferreter\u00eda La Salle<\/title>\n<meta name=\"description\" content=\"Con los cuelga cuadros de un gancho, especial para pladur, podr\u00e1s colgar cuadros o decoraci\u00f3n en casa, con el m\u00ednimo esfuerzo. \u00a1Entra y echa un vistazo!\" \/>\n<meta name=\"robots\" content=\"index, follow, max-snippet:-1, max-image-preview:large, max-video-preview:-1\" \/>\n<link rel=\"canonical\" href=\"https:\/\/tuferreteria.online\/hazlo-tu-mismo\/tienda\/hogar\/decoracion\/perchas-colgadores\/cuelga-cuadros-especial-pladur\/\" \/>\n<meta property=\"og:locale\" content=\"es_ES\" \/>\n<meta property=\"og:type\" content=\"article\" \/>\n<meta property=\"og:title\" content=\"CUELGA CUADROS ESPECIAL PLADUR - Tienda de tuferreteria.online by Ferreter\u00eda La Salle\" \/>\n<meta property=\"og:description\" content=\"Con los cuelga cuadros de un gancho, especial para pladur, podr\u00e1s colgar cuadros o decoraci\u00f3n en casa, con el m\u00ednimo esfuerzo. \u00a1Entra y echa un vistazo!\" \/>\n<meta property=\"og:url\" content=\"https:\/\/tuferreteria.online\/hazlo-tu-mismo\/tienda\/hogar\/decoracion\/perchas-colgadores\/cuelga-cuadros-especial-pladur\/\" \/>\n<meta property=\"og:site_name\" content=\"Tienda de tuferreteria.online by Ferreter\u00eda La Salle\" \/>\n<meta property=\"article:modified_time\" content=\"2026-04-09T08:15:21+00:00\" \/>\n<meta property=\"og:image\" content=\"https:\/\/tuferreteria.online\/hazlo-tu-mismo\/wp-content\/uploads\/2019\/11\/GANCHOS-PLADUR-CUADROS-1.jpg\" \/>\n\t<meta property=\"og:image:width\" content=\"600\" \/>\n\t<meta property=\"og:image:height\" content=\"600\" \/>\n\t<meta property=\"og:image:type\" content=\"image\/jpeg\" \/>\n<meta name=\"twitter:card\" content=\"summary_large_image\" \/>\n<meta name=\"twitter:label1\" content=\"Tiempo de lectura\" \/>\n\t<meta name=\"twitter:data1\" content=\"1 minuto\" \/>\n<script type=\"application\/ld+json\" class=\"yoast-schema-graph\">{\"@context\":\"https:\/\/schema.org\",\"@graph\":[{\"@type\":\"WebPage\",\"@id\":\"https:\/\/tuferreteria.online\/hazlo-tu-mismo\/tienda\/hogar\/decoracion\/perchas-colgadores\/cuelga-cuadros-especial-pladur\/\",\"url\":\"https:\/\/tuferreteria.online\/hazlo-tu-mismo\/tienda\/hogar\/decoracion\/perchas-colgadores\/cuelga-cuadros-especial-pladur\/\",\"name\":\"CUELGA CUADROS ESPECIAL PLADUR - Tienda de tuferreteria.online by Ferreter\u00eda La Salle\",\"isPartOf\":{\"@id\":\"https:\/\/tuferreteria.online\/hazlo-tu-mismo\/#website\"},\"primaryImageOfPage\":{\"@id\":\"https:\/\/tuferreteria.online\/hazlo-tu-mismo\/tienda\/hogar\/decoracion\/perchas-colgadores\/cuelga-cuadros-especial-pladur\/#primaryimage\"},\"image\":{\"@id\":\"https:\/\/tuferreteria.online\/hazlo-tu-mismo\/tienda\/hogar\/decoracion\/perchas-colgadores\/cuelga-cuadros-especial-pladur\/#primaryimage\"},\"thumbnailUrl\":\"https:\/\/tuferreteria.online\/hazlo-tu-mismo\/wp-content\/uploads\/2019\/11\/GANCHOS-PLADUR-CUADROS-1.jpg\",\"datePublished\":\"2019-11-07T11:58:49+00:00\",\"dateModified\":\"2026-04-09T08:15:21+00:00\",\"description\":\"Con los cuelga cuadros de un gancho, especial para pladur, podr\u00e1s colgar cuadros o decoraci\u00f3n en casa, con el m\u00ednimo esfuerzo. \u00a1Entra y echa un vistazo!\",\"breadcrumb\":{\"@id\":\"https:\/\/tuferreteria.online\/hazlo-tu-mismo\/tienda\/hogar\/decoracion\/perchas-colgadores\/cuelga-cuadros-especial-pladur\/#breadcrumb\"},\"inLanguage\":\"es\",\"potentialAction\":[{\"@type\":\"ReadAction\",\"target\":[\"https:\/\/tuferreteria.online\/hazlo-tu-mismo\/tienda\/hogar\/decoracion\/perchas-colgadores\/cuelga-cuadros-especial-pladur\/\"]}]},{\"@type\":\"ImageObject\",\"inLanguage\":\"es\",\"@id\":\"https:\/\/tuferreteria.online\/hazlo-tu-mismo\/tienda\/hogar\/decoracion\/perchas-colgadores\/cuelga-cuadros-especial-pladur\/#primaryimage\",\"url\":\"https:\/\/tuferreteria.online\/hazlo-tu-mismo\/wp-content\/uploads\/2019\/11\/GANCHOS-PLADUR-CUADROS-1.jpg\",\"contentUrl\":\"https:\/\/tuferreteria.online\/hazlo-tu-mismo\/wp-content\/uploads\/2019\/11\/GANCHOS-PLADUR-CUADROS-1.jpg\",\"width\":600,\"height\":600,\"caption\":\"GANCHOS-PLADUR-CUADROS\"},{\"@type\":\"BreadcrumbList\",\"@id\":\"https:\/\/tuferreteria.online\/hazlo-tu-mismo\/tienda\/hogar\/decoracion\/perchas-colgadores\/cuelga-cuadros-especial-pladur\/#breadcrumb\",\"itemListElement\":[{\"@type\":\"ListItem\",\"position\":1,\"name\":\"Portada\",\"item\":\"https:\/\/tuferreteria.online\/hazlo-tu-mismo\/\"},{\"@type\":\"ListItem\",\"position\":2,\"name\":\"Tienda\",\"item\":\"https:\/\/tuferreteria.online\/hazlo-tu-mismo\/tienda\/\"},{\"@type\":\"ListItem\",\"position\":3,\"name\":\"CUELGA CUADROS ESPECIAL PLADUR\"}]},{\"@type\":\"WebSite\",\"@id\":\"https:\/\/tuferreteria.online\/hazlo-tu-mismo\/#website\",\"url\":\"https:\/\/tuferreteria.online\/hazlo-tu-mismo\/\",\"name\":\"Tienda de tuferreteria.online by Ferreter\u00eda La Salle\",\"description\":\"Hazlo tu mismo\",\"potentialAction\":[{\"@type\":\"SearchAction\",\"target\":{\"@type\":\"EntryPoint\",\"urlTemplate\":\"https:\/\/tuferreteria.online\/hazlo-tu-mismo\/?s={search_term_string}\"},\"query-input\":{\"@type\":\"PropertyValueSpecification\",\"valueRequired\":true,\"valueName\":\"search_term_string\"}}],\"inLanguage\":\"es\"}]}<\/script>\n<!-- \/ Yoast SEO plugin. -->","yoast_head_json":{"title":"CUELGA CUADROS ESPECIAL PLADUR - Tienda de tuferreteria.online by Ferreter\u00eda La Salle","description":"Con los cuelga cuadros de un gancho, especial para pladur, podr\u00e1s colgar cuadros o decoraci\u00f3n en casa, con el m\u00ednimo esfuerzo. \u00a1Entra y echa un vistazo!","robots":{"index":"index","follow":"follow","max-snippet":"max-snippet:-1","max-image-preview":"max-image-preview:large","max-video-preview":"max-video-preview:-1"},"canonical":"https:\/\/tuferreteria.online\/hazlo-tu-mismo\/tienda\/hogar\/decoracion\/perchas-colgadores\/cuelga-cuadros-especial-pladur\/","og_locale":"es_ES","og_type":"article","og_title":"CUELGA CUADROS ESPECIAL PLADUR - Tienda de tuferreteria.online by Ferreter\u00eda La Salle","og_description":"Con los cuelga cuadros de un gancho, especial para pladur, podr\u00e1s colgar cuadros o decoraci\u00f3n en casa, con el m\u00ednimo esfuerzo. \u00a1Entra y echa un vistazo!","og_url":"https:\/\/tuferreteria.online\/hazlo-tu-mismo\/tienda\/hogar\/decoracion\/perchas-colgadores\/cuelga-cuadros-especial-pladur\/","og_site_name":"Tienda de tuferreteria.online by Ferreter\u00eda La Salle","article_modified_time":"2026-04-09T08:15:21+00:00","og_image":[{"width":600,"height":600,"url":"https:\/\/tuferreteria.online\/hazlo-tu-mismo\/wp-content\/uploads\/2019\/11\/GANCHOS-PLADUR-CUADROS-1.jpg","type":"image\/jpeg"}],"twitter_card":"summary_large_image","twitter_misc":{"Tiempo de lectura":"1 minuto"},"schema":{"@context":"https:\/\/schema.org","@graph":[{"@type":"WebPage","@id":"https:\/\/tuferreteria.online\/hazlo-tu-mismo\/tienda\/hogar\/decoracion\/perchas-colgadores\/cuelga-cuadros-especial-pladur\/","url":"https:\/\/tuferreteria.online\/hazlo-tu-mismo\/tienda\/hogar\/decoracion\/perchas-colgadores\/cuelga-cuadros-especial-pladur\/","name":"CUELGA CUADROS ESPECIAL PLADUR - Tienda de tuferreteria.online by Ferreter\u00eda La Salle","isPartOf":{"@id":"https:\/\/tuferreteria.online\/hazlo-tu-mismo\/#website"},"primaryImageOfPage":{"@id":"https:\/\/tuferreteria.online\/hazlo-tu-mismo\/tienda\/hogar\/decoracion\/perchas-colgadores\/cuelga-cuadros-especial-pladur\/#primaryimage"},"image":{"@id":"https:\/\/tuferreteria.online\/hazlo-tu-mismo\/tienda\/hogar\/decoracion\/perchas-colgadores\/cuelga-cuadros-especial-pladur\/#primaryimage"},"thumbnailUrl":"https:\/\/tuferreteria.online\/hazlo-tu-mismo\/wp-content\/uploads\/2019\/11\/GANCHOS-PLADUR-CUADROS-1.jpg","datePublished":"2019-11-07T11:58:49+00:00","dateModified":"2026-04-09T08:15:21+00:00","description":"Con los cuelga cuadros de un gancho, especial para pladur, podr\u00e1s colgar cuadros o decoraci\u00f3n en casa, con el m\u00ednimo esfuerzo. \u00a1Entra y echa un vistazo!","breadcrumb":{"@id":"https:\/\/tuferreteria.online\/hazlo-tu-mismo\/tienda\/hogar\/decoracion\/perchas-colgadores\/cuelga-cuadros-especial-pladur\/#breadcrumb"},"inLanguage":"es","potentialAction":[{"@type":"ReadAction","target":["https:\/\/tuferreteria.online\/hazlo-tu-mismo\/tienda\/hogar\/decoracion\/perchas-colgadores\/cuelga-cuadros-especial-pladur\/"]}]},{"@type":"ImageObject","inLanguage":"es","@id":"https:\/\/tuferreteria.online\/hazlo-tu-mismo\/tienda\/hogar\/decoracion\/perchas-colgadores\/cuelga-cuadros-especial-pladur\/#primaryimage","url":"https:\/\/tuferreteria.online\/hazlo-tu-mismo\/wp-content\/uploads\/2019\/11\/GANCHOS-PLADUR-CUADROS-1.jpg","contentUrl":"https:\/\/tuferreteria.online\/hazlo-tu-mismo\/wp-content\/uploads\/2019\/11\/GANCHOS-PLADUR-CUADROS-1.jpg","width":600,"height":600,"caption":"GANCHOS-PLADUR-CUADROS"},{"@type":"BreadcrumbList","@id":"https:\/\/tuferreteria.online\/hazlo-tu-mismo\/tienda\/hogar\/decoracion\/perchas-colgadores\/cuelga-cuadros-especial-pladur\/#breadcrumb","itemListElement":[{"@type":"ListItem","position":1,"name":"Portada","item":"https:\/\/tuferreteria.online\/hazlo-tu-mismo\/"},{"@type":"ListItem","position":2,"name":"Tienda","item":"https:\/\/tuferreteria.online\/hazlo-tu-mismo\/tienda\/"},{"@type":"ListItem","position":3,"name":"CUELGA CUADROS ESPECIAL PLADUR"}]},{"@type":"WebSite","@id":"https:\/\/tuferreteria.online\/hazlo-tu-mismo\/#website","url":"https:\/\/tuferreteria.online\/hazlo-tu-mismo\/","name":"Tienda de tuferreteria.online by Ferreter\u00eda La Salle","description":"Hazlo tu mismo","potentialAction":[{"@type":"SearchAction","target":{"@type":"EntryPoint","urlTemplate":"https:\/\/tuferreteria.online\/hazlo-tu-mismo\/?s={search_term_string}"},"query-input":{"@type":"PropertyValueSpecification","valueRequired":true,"valueName":"search_term_string"}}],"inLanguage":"es"}]}},"_links":{"self":[{"href":"https:\/\/tuferreteria.online\/hazlo-tu-mismo\/wp-json\/wp\/v2\/product\/12711","targetHints":{"allow":["GET"]}}],"collection":[{"href":"https:\/\/tuferreteria.online\/hazlo-tu-mismo\/wp-json\/wp\/v2\/product"}],"about":[{"href":"https:\/\/tuferreteria.online\/hazlo-tu-mismo\/wp-json\/wp\/v2\/types\/product"}],"replies":[{"embeddable":true,"href":"https:\/\/tuferreteria.online\/hazlo-tu-mismo\/wp-json\/wp\/v2\/comments?post=12711"}],"wp:featuredmedia":[{"embeddable":true,"href":"https:\/\/tuferreteria.online\/hazlo-tu-mismo\/wp-json\/wp\/v2\/media\/12726"}],"wp:attachment":[{"href":"https:\/\/tuferreteria.online\/hazlo-tu-mismo\/wp-json\/wp\/v2\/media?parent=12711"}],"wp:term":[{"taxonomy":"brand","embeddable":true,"href":"https:\/\/tuferreteria.online\/hazlo-tu-mismo\/wp-json\/wp\/v2\/etheme_brands?post=12711"},{"taxonomy":"product_brand","embeddable":true,"href":"https:\/\/tuferreteria.online\/hazlo-tu-mismo\/wp-json\/wp\/v2\/product_brand?post=12711"},{"taxonomy":"product_cat","embeddable":true,"href":"https:\/\/tuferreteria.online\/hazlo-tu-mismo\/wp-json\/wp\/v2\/product_cat?post=12711"},{"taxonomy":"product_tag","embeddable":true,"href":"https:\/\/tuferreteria.online\/hazlo-tu-mismo\/wp-json\/wp\/v2\/product_tag?post=12711"}],"curies":[{"name":"wp","href":"https:\/\/api.w.org\/{rel}","templated":true}]}}