{"id":12811,"date":"2019-11-12T12:40:19","date_gmt":"2019-11-12T11:40:19","guid":{"rendered":"https:\/\/tuferreteria.online\/hazlo-tu-mismo\/tienda\/sin%20categor\u00eda\/cunas-sist-nivelacion-peygrand-100uds\/"},"modified":"2026-03-11T11:30:32","modified_gmt":"2026-03-11T10:30:32","slug":"cunas-nivelacion-ceramica","status":"publish","type":"product","link":"https:\/\/tuferreteria.online\/hazlo-tu-mismo\/tienda\/pavimentos\/separadores-pavimentos\/cunas-nivelacion-ceramica\/","title":{"rendered":"CU\u00d1AS NIVELACI\u00d3N JAR 100UDS"},"content":{"rendered":"<div class=\"wpb-content-wrapper\"><p>[vc_row][vc_column][vc_column_text]<\/p>\n<h2 style=\"text-align: center;\"><span style=\"font-size: 24pt; color: #f9e03a;\">Cu\u00f1a Nivelaci\u00f3n Cer\u00e1mica<\/span><\/h2>\n<p>&nbsp;<\/p>\n<h3>Caracter\u00edsticas:<\/h3>\n<p>&nbsp;<\/p>\n<p style=\"text-align: justify;\">Con la cu\u00f1a de sistemas de nivelaci\u00f3n para cer\u00e1mica de gran formato, asegurar\u00e1s la nivelaci\u00f3n entre las baldosas.<\/p>\n<p style=\"text-align: justify;\">La cu\u00f1a se ajusta con el <span style=\"text-decoration: underline;\"><span style=\"color: #f9e03a;\"><strong>alicate de nivelaci\u00f3n<\/strong><\/span><\/span> a la <strong><span style=\"text-decoration: underline; color: #f9e03a;\">cruceta (calzo)<\/span><\/strong>.<\/p>\n<p style=\"text-align: justify;\">Sus dientes en forma de sierra es lo que permite que se ajuste a la cruceta, no dejando que se suelte durante el fraguado de la pieza.<\/p>\n<p style=\"text-align: justify;\">Est\u00e1 disponible en bolsa de 100 unidades.<\/p>\n<p>[\/vc_column_text][\/vc_column][\/vc_row]<\/p>\n<\/div>","protected":false},"excerpt":{"rendered":"<h2>CU\u00d1AS PARA CRUCETA NIVELACI\u00d3N PAVIMENTO<\/h2>\n","protected":false},"featured_media":12848,"comment_status":"closed","ping_status":"closed","template":"","meta":{"_exactmetrics_skip_tracking":false,"_exactmetrics_sitenote_active":false,"_exactmetrics_sitenote_note":"","_exactmetrics_sitenote_category":0,"_joinchat":[]},"etheme_brands":[],"product_brand":[],"product_cat":[508,522],"product_tag":[593,527,535,3428,592,512,526],"class_list":{"0":"post-12811","1":"product","2":"type-product","3":"status-publish","4":"has-post-thumbnail","6":"product_cat-pavimentos","7":"product_cat-separadores-pavimentos","8":"product_tag-caramica","9":"product_tag-crucetas","10":"product_tag-cuna","11":"product_tag-cuna-para-crucetas-autonivelantes","12":"product_tag-pavimentos-gran-formato","13":"product_tag-piso","14":"product_tag-separadores","15":"product_shipping_class-envio-peso","17":"first","18":"instock","19":"taxable","20":"shipping-taxable","21":"purchasable","22":"product-type-variable"},"yoast_head":"<!-- This site is optimized with the Yoast SEO plugin v24.9 - https:\/\/yoast.com\/wordpress\/plugins\/seo\/ -->\n<title>CU\u00d1AS NIVELACI\u00d3N JAR 100UDS - Tienda de tuferreteria.online by Ferreter\u00eda La Salle<\/title>\n<meta name=\"description\" content=\"Con la cu\u00f1a de sistemas de nivelaci\u00f3n para cer\u00e1mica de gran formato de Peygran, asegurar\u00e1s la nivelaci\u00f3n entre las baldosas. La cu\u00f1a se ajusta con el alicate de nivelaci\u00f3n a la cruceta (calzo).\" \/>\n<meta name=\"robots\" content=\"index, follow, max-snippet:-1, max-image-preview:large, max-video-preview:-1\" \/>\n<link rel=\"canonical\" href=\"https:\/\/tuferreteria.online\/hazlo-tu-mismo\/tienda\/pavimentos\/separadores-pavimentos\/cunas-nivelacion-ceramica\/\" \/>\n<meta property=\"og:locale\" content=\"es_ES\" \/>\n<meta property=\"og:type\" content=\"article\" \/>\n<meta property=\"og:title\" content=\"CU\u00d1AS NIVELACI\u00d3N JAR 100UDS - Tienda de tuferreteria.online by Ferreter\u00eda La Salle\" \/>\n<meta property=\"og:description\" content=\"Con la cu\u00f1a de sistemas de nivelaci\u00f3n para cer\u00e1mica de gran formato de Peygran, asegurar\u00e1s la nivelaci\u00f3n entre las baldosas. La cu\u00f1a se ajusta con el alicate de nivelaci\u00f3n a la cruceta (calzo).\" \/>\n<meta property=\"og:url\" content=\"https:\/\/tuferreteria.online\/hazlo-tu-mismo\/tienda\/pavimentos\/separadores-pavimentos\/cunas-nivelacion-ceramica\/\" \/>\n<meta property=\"og:site_name\" content=\"Tienda de tuferreteria.online by Ferreter\u00eda La Salle\" \/>\n<meta property=\"article:modified_time\" content=\"2026-03-11T10:30:32+00:00\" \/>\n<meta property=\"og:image\" content=\"https:\/\/tuferreteria.online\/hazlo-tu-mismo\/wp-content\/uploads\/2019\/11\/CUNA-SISTEMA-NIVELACION-PEYGRAN.jpg\" \/>\n\t<meta property=\"og:image:width\" content=\"600\" \/>\n\t<meta property=\"og:image:height\" content=\"600\" \/>\n\t<meta property=\"og:image:type\" content=\"image\/jpeg\" \/>\n<meta name=\"twitter:card\" content=\"summary_large_image\" \/>\n<meta name=\"twitter:label1\" content=\"Tiempo de lectura\" \/>\n\t<meta name=\"twitter:data1\" content=\"1 minuto\" \/>\n<script type=\"application\/ld+json\" class=\"yoast-schema-graph\">{\"@context\":\"https:\/\/schema.org\",\"@graph\":[{\"@type\":\"WebPage\",\"@id\":\"https:\/\/tuferreteria.online\/hazlo-tu-mismo\/tienda\/pavimentos\/separadores-pavimentos\/cunas-nivelacion-ceramica\/\",\"url\":\"https:\/\/tuferreteria.online\/hazlo-tu-mismo\/tienda\/pavimentos\/separadores-pavimentos\/cunas-nivelacion-ceramica\/\",\"name\":\"CU\u00d1AS NIVELACI\u00d3N JAR 100UDS - Tienda de tuferreteria.online by Ferreter\u00eda La Salle\",\"isPartOf\":{\"@id\":\"https:\/\/tuferreteria.online\/hazlo-tu-mismo\/#website\"},\"primaryImageOfPage\":{\"@id\":\"https:\/\/tuferreteria.online\/hazlo-tu-mismo\/tienda\/pavimentos\/separadores-pavimentos\/cunas-nivelacion-ceramica\/#primaryimage\"},\"image\":{\"@id\":\"https:\/\/tuferreteria.online\/hazlo-tu-mismo\/tienda\/pavimentos\/separadores-pavimentos\/cunas-nivelacion-ceramica\/#primaryimage\"},\"thumbnailUrl\":\"https:\/\/tuferreteria.online\/hazlo-tu-mismo\/wp-content\/uploads\/2019\/11\/CUNA-SISTEMA-NIVELACION-PEYGRAN.jpg\",\"datePublished\":\"2019-11-12T11:40:19+00:00\",\"dateModified\":\"2026-03-11T10:30:32+00:00\",\"description\":\"Con la cu\u00f1a de sistemas de nivelaci\u00f3n para cer\u00e1mica de gran formato de Peygran, asegurar\u00e1s la nivelaci\u00f3n entre las baldosas. La cu\u00f1a se ajusta con el alicate de nivelaci\u00f3n a la cruceta (calzo).\",\"breadcrumb\":{\"@id\":\"https:\/\/tuferreteria.online\/hazlo-tu-mismo\/tienda\/pavimentos\/separadores-pavimentos\/cunas-nivelacion-ceramica\/#breadcrumb\"},\"inLanguage\":\"es\",\"potentialAction\":[{\"@type\":\"ReadAction\",\"target\":[\"https:\/\/tuferreteria.online\/hazlo-tu-mismo\/tienda\/pavimentos\/separadores-pavimentos\/cunas-nivelacion-ceramica\/\"]}]},{\"@type\":\"ImageObject\",\"inLanguage\":\"es\",\"@id\":\"https:\/\/tuferreteria.online\/hazlo-tu-mismo\/tienda\/pavimentos\/separadores-pavimentos\/cunas-nivelacion-ceramica\/#primaryimage\",\"url\":\"https:\/\/tuferreteria.online\/hazlo-tu-mismo\/wp-content\/uploads\/2019\/11\/CUNA-SISTEMA-NIVELACION-PEYGRAN.jpg\",\"contentUrl\":\"https:\/\/tuferreteria.online\/hazlo-tu-mismo\/wp-content\/uploads\/2019\/11\/CUNA-SISTEMA-NIVELACION-PEYGRAN.jpg\",\"width\":600,\"height\":600,\"caption\":\"CU\u00d1A NIVELACI\u00d3N CER\u00c1MICA\"},{\"@type\":\"BreadcrumbList\",\"@id\":\"https:\/\/tuferreteria.online\/hazlo-tu-mismo\/tienda\/pavimentos\/separadores-pavimentos\/cunas-nivelacion-ceramica\/#breadcrumb\",\"itemListElement\":[{\"@type\":\"ListItem\",\"position\":1,\"name\":\"Portada\",\"item\":\"https:\/\/tuferreteria.online\/hazlo-tu-mismo\/\"},{\"@type\":\"ListItem\",\"position\":2,\"name\":\"Tienda\",\"item\":\"https:\/\/tuferreteria.online\/hazlo-tu-mismo\/tienda\/\"},{\"@type\":\"ListItem\",\"position\":3,\"name\":\"CU\u00d1AS NIVELACI\u00d3N JAR 100UDS\"}]},{\"@type\":\"WebSite\",\"@id\":\"https:\/\/tuferreteria.online\/hazlo-tu-mismo\/#website\",\"url\":\"https:\/\/tuferreteria.online\/hazlo-tu-mismo\/\",\"name\":\"Tienda de tuferreteria.online by Ferreter\u00eda La Salle\",\"description\":\"Hazlo tu mismo\",\"potentialAction\":[{\"@type\":\"SearchAction\",\"target\":{\"@type\":\"EntryPoint\",\"urlTemplate\":\"https:\/\/tuferreteria.online\/hazlo-tu-mismo\/?s={search_term_string}\"},\"query-input\":{\"@type\":\"PropertyValueSpecification\",\"valueRequired\":true,\"valueName\":\"search_term_string\"}}],\"inLanguage\":\"es\"}]}<\/script>\n<!-- \/ Yoast SEO plugin. -->","yoast_head_json":{"title":"CU\u00d1AS NIVELACI\u00d3N JAR 100UDS - Tienda de tuferreteria.online by Ferreter\u00eda La Salle","description":"Con la cu\u00f1a de sistemas de nivelaci\u00f3n para cer\u00e1mica de gran formato de Peygran, asegurar\u00e1s la nivelaci\u00f3n entre las baldosas. La cu\u00f1a se ajusta con el alicate de nivelaci\u00f3n a la cruceta (calzo).","robots":{"index":"index","follow":"follow","max-snippet":"max-snippet:-1","max-image-preview":"max-image-preview:large","max-video-preview":"max-video-preview:-1"},"canonical":"https:\/\/tuferreteria.online\/hazlo-tu-mismo\/tienda\/pavimentos\/separadores-pavimentos\/cunas-nivelacion-ceramica\/","og_locale":"es_ES","og_type":"article","og_title":"CU\u00d1AS NIVELACI\u00d3N JAR 100UDS - Tienda de tuferreteria.online by Ferreter\u00eda La Salle","og_description":"Con la cu\u00f1a de sistemas de nivelaci\u00f3n para cer\u00e1mica de gran formato de Peygran, asegurar\u00e1s la nivelaci\u00f3n entre las baldosas. La cu\u00f1a se ajusta con el alicate de nivelaci\u00f3n a la cruceta (calzo).","og_url":"https:\/\/tuferreteria.online\/hazlo-tu-mismo\/tienda\/pavimentos\/separadores-pavimentos\/cunas-nivelacion-ceramica\/","og_site_name":"Tienda de tuferreteria.online by Ferreter\u00eda La Salle","article_modified_time":"2026-03-11T10:30:32+00:00","og_image":[{"width":600,"height":600,"url":"https:\/\/tuferreteria.online\/hazlo-tu-mismo\/wp-content\/uploads\/2019\/11\/CUNA-SISTEMA-NIVELACION-PEYGRAN.jpg","type":"image\/jpeg"}],"twitter_card":"summary_large_image","twitter_misc":{"Tiempo de lectura":"1 minuto"},"schema":{"@context":"https:\/\/schema.org","@graph":[{"@type":"WebPage","@id":"https:\/\/tuferreteria.online\/hazlo-tu-mismo\/tienda\/pavimentos\/separadores-pavimentos\/cunas-nivelacion-ceramica\/","url":"https:\/\/tuferreteria.online\/hazlo-tu-mismo\/tienda\/pavimentos\/separadores-pavimentos\/cunas-nivelacion-ceramica\/","name":"CU\u00d1AS NIVELACI\u00d3N JAR 100UDS - Tienda de tuferreteria.online by Ferreter\u00eda La Salle","isPartOf":{"@id":"https:\/\/tuferreteria.online\/hazlo-tu-mismo\/#website"},"primaryImageOfPage":{"@id":"https:\/\/tuferreteria.online\/hazlo-tu-mismo\/tienda\/pavimentos\/separadores-pavimentos\/cunas-nivelacion-ceramica\/#primaryimage"},"image":{"@id":"https:\/\/tuferreteria.online\/hazlo-tu-mismo\/tienda\/pavimentos\/separadores-pavimentos\/cunas-nivelacion-ceramica\/#primaryimage"},"thumbnailUrl":"https:\/\/tuferreteria.online\/hazlo-tu-mismo\/wp-content\/uploads\/2019\/11\/CUNA-SISTEMA-NIVELACION-PEYGRAN.jpg","datePublished":"2019-11-12T11:40:19+00:00","dateModified":"2026-03-11T10:30:32+00:00","description":"Con la cu\u00f1a de sistemas de nivelaci\u00f3n para cer\u00e1mica de gran formato de Peygran, asegurar\u00e1s la nivelaci\u00f3n entre las baldosas. La cu\u00f1a se ajusta con el alicate de nivelaci\u00f3n a la cruceta (calzo).","breadcrumb":{"@id":"https:\/\/tuferreteria.online\/hazlo-tu-mismo\/tienda\/pavimentos\/separadores-pavimentos\/cunas-nivelacion-ceramica\/#breadcrumb"},"inLanguage":"es","potentialAction":[{"@type":"ReadAction","target":["https:\/\/tuferreteria.online\/hazlo-tu-mismo\/tienda\/pavimentos\/separadores-pavimentos\/cunas-nivelacion-ceramica\/"]}]},{"@type":"ImageObject","inLanguage":"es","@id":"https:\/\/tuferreteria.online\/hazlo-tu-mismo\/tienda\/pavimentos\/separadores-pavimentos\/cunas-nivelacion-ceramica\/#primaryimage","url":"https:\/\/tuferreteria.online\/hazlo-tu-mismo\/wp-content\/uploads\/2019\/11\/CUNA-SISTEMA-NIVELACION-PEYGRAN.jpg","contentUrl":"https:\/\/tuferreteria.online\/hazlo-tu-mismo\/wp-content\/uploads\/2019\/11\/CUNA-SISTEMA-NIVELACION-PEYGRAN.jpg","width":600,"height":600,"caption":"CU\u00d1A NIVELACI\u00d3N CER\u00c1MICA"},{"@type":"BreadcrumbList","@id":"https:\/\/tuferreteria.online\/hazlo-tu-mismo\/tienda\/pavimentos\/separadores-pavimentos\/cunas-nivelacion-ceramica\/#breadcrumb","itemListElement":[{"@type":"ListItem","position":1,"name":"Portada","item":"https:\/\/tuferreteria.online\/hazlo-tu-mismo\/"},{"@type":"ListItem","position":2,"name":"Tienda","item":"https:\/\/tuferreteria.online\/hazlo-tu-mismo\/tienda\/"},{"@type":"ListItem","position":3,"name":"CU\u00d1AS NIVELACI\u00d3N JAR 100UDS"}]},{"@type":"WebSite","@id":"https:\/\/tuferreteria.online\/hazlo-tu-mismo\/#website","url":"https:\/\/tuferreteria.online\/hazlo-tu-mismo\/","name":"Tienda de tuferreteria.online by Ferreter\u00eda La Salle","description":"Hazlo tu mismo","potentialAction":[{"@type":"SearchAction","target":{"@type":"EntryPoint","urlTemplate":"https:\/\/tuferreteria.online\/hazlo-tu-mismo\/?s={search_term_string}"},"query-input":{"@type":"PropertyValueSpecification","valueRequired":true,"valueName":"search_term_string"}}],"inLanguage":"es"}]}},"_links":{"self":[{"href":"https:\/\/tuferreteria.online\/hazlo-tu-mismo\/wp-json\/wp\/v2\/product\/12811","targetHints":{"allow":["GET"]}}],"collection":[{"href":"https:\/\/tuferreteria.online\/hazlo-tu-mismo\/wp-json\/wp\/v2\/product"}],"about":[{"href":"https:\/\/tuferreteria.online\/hazlo-tu-mismo\/wp-json\/wp\/v2\/types\/product"}],"replies":[{"embeddable":true,"href":"https:\/\/tuferreteria.online\/hazlo-tu-mismo\/wp-json\/wp\/v2\/comments?post=12811"}],"wp:featuredmedia":[{"embeddable":true,"href":"https:\/\/tuferreteria.online\/hazlo-tu-mismo\/wp-json\/wp\/v2\/media\/12848"}],"wp:attachment":[{"href":"https:\/\/tuferreteria.online\/hazlo-tu-mismo\/wp-json\/wp\/v2\/media?parent=12811"}],"wp:term":[{"taxonomy":"brand","embeddable":true,"href":"https:\/\/tuferreteria.online\/hazlo-tu-mismo\/wp-json\/wp\/v2\/etheme_brands?post=12811"},{"taxonomy":"product_brand","embeddable":true,"href":"https:\/\/tuferreteria.online\/hazlo-tu-mismo\/wp-json\/wp\/v2\/product_brand?post=12811"},{"taxonomy":"product_cat","embeddable":true,"href":"https:\/\/tuferreteria.online\/hazlo-tu-mismo\/wp-json\/wp\/v2\/product_cat?post=12811"},{"taxonomy":"product_tag","embeddable":true,"href":"https:\/\/tuferreteria.online\/hazlo-tu-mismo\/wp-json\/wp\/v2\/product_tag?post=12811"}],"curies":[{"name":"wp","href":"https:\/\/api.w.org\/{rel}","templated":true}]}}