{"id":13677,"date":"2019-12-19T13:59:28","date_gmt":"2019-12-19T12:59:28","guid":{"rendered":"https:\/\/tuferreteria.online\/hazlo-tu-mismo\/tienda\/sin%20categor\u00eda\/disco-pulir-diam-100mm-gr100-rubi\/"},"modified":"2026-03-11T11:17:28","modified_gmt":"2026-03-11T10:17:28","slug":"disco-pulir-diamantado-100mm-rubi","status":"publish","type":"product","link":"https:\/\/tuferreteria.online\/hazlo-tu-mismo\/tienda\/pavimentos\/herramientas-pavimentos\/disco-pulir-diamantado-100mm-rubi\/","title":{"rendered":"DISCO PULIR DIAMANTADO 100MM RUBI"},"content":{"rendered":"<div class=\"wpb-content-wrapper\"><p>[vc_row][vc_column][vc_column_text]<\/p>\n<h2 style=\"text-align: center;\"><span style=\"font-size: 24pt; color: #f9e03a;\">Disco Pulir Diamantado 100 mm.<\/span><\/h2>\n<p>&nbsp;<\/p>\n<h3>Caracter\u00edsticas:<\/h3>\n<p>&nbsp;<\/p>\n<p style=\"text-align: justify;\">Los discos de pulir diamantados de Rubi\u00a0est\u00e1n especialmente dise\u00f1ados para <strong>trabajos en h\u00famedo<\/strong> sobre superficies de piedra natural, en especial granito y m\u00e1rmol, as\u00ed como en hormig\u00f3n curado.<\/p>\n<p style=\"text-align: justify;\">De <strong>100 mm.<\/strong><\/p>\n<p>Grano 100: para los trabajos iniciales, cuando es necesario un grano de mayor tama\u00f1o y su velocidad m\u00e1xima de trabajo no debe superar las 4.500 r.p.m.<\/p>\n<p>Grano 400: para trabajos de desbaste medio y su velocidad de trabajo m\u00e1xima es de 4.500 r.p.m.<\/p>\n<p>Grano 1500: es recomendado para los trabajos m\u00e1s finos y de pulido final. Su velocidad m\u00e1xima de trabajo no debe exceder las 4.500 r.p.m.<\/p>\n<p style=\"text-align: justify;\">Elige el grano que deseas en las variables.<\/p>\n<p>Aqu\u00ed abajo\u00a0 <span style=\"font-size: 14pt;\"><strong>\u21d3<\/strong><\/span>\u00a0 te dejamos con un v\u00eddeo demostrativo.[\/vc_column_text][\/vc_column][\/vc_row][vc_row][vc_column][vc_video link=\u00bbhttps:\/\/youtu.be\/H5DnO7wfKfY\u00bb align=\u00bbcenter\u00bb][\/vc_column][\/vc_row]<\/p>\n<\/div>","protected":false},"excerpt":{"rendered":"<h2>DISCO PULIR PAVIMENTO<\/h2>\n","protected":false},"featured_media":13706,"comment_status":"closed","ping_status":"closed","template":"","meta":{"_exactmetrics_skip_tracking":false,"_exactmetrics_sitenote_active":false,"_exactmetrics_sitenote_note":"","_exactmetrics_sitenote_category":0,"_joinchat":[]},"etheme_brands":[{"term_id":299,"name":"RUBI","slug":"rubi","term_group":0,"term_taxonomy_id":299,"taxonomy":"brand","description":"","parent":0,"count":31,"filter":"raw"}],"product_brand":[],"product_cat":[514,508],"product_tag":[511,3423,647,648,528,645,646,524],"class_list":{"0":"post-13677","1":"product","2":"type-product","3":"status-publish","4":"has-post-thumbnail","6":"brand-rubi","7":"product_cat-herramientas-pavimentos","8":"product_cat-pavimentos","9":"product_tag-azulejos","10":"product_tag-disco-de-pulir-azulejos","11":"product_tag-disco-diamante","12":"product_tag-pavimentar","13":"product_tag-pavimentos","14":"product_tag-pavimentos-de-gran-formato","15":"product_tag-pulir","16":"product_tag-rubi","17":"product_shipping_class-envio-peso","19":"first","20":"instock","21":"taxable","22":"shipping-taxable","23":"purchasable","24":"product-type-variable"},"yoast_head":"<!-- This site is optimized with the Yoast SEO plugin v24.9 - https:\/\/yoast.com\/wordpress\/plugins\/seo\/ -->\n<title>DISCO PULIR DIAMANTADO 100MM RUBI - Tienda de tuferreteria.online by Ferreter\u00eda La Salle<\/title>\n<meta name=\"description\" content=\"Los discos de pulir diamantados de Rubi\u00a0est\u00e1n especialmente dise\u00f1ados para trabajos en h\u00famedo sobre superficies de piedra natural, en especial granito y m\u00e1rmol y hormig\u00f3n curado.\" \/>\n<meta name=\"robots\" content=\"index, follow, max-snippet:-1, max-image-preview:large, max-video-preview:-1\" \/>\n<link rel=\"canonical\" href=\"https:\/\/tuferreteria.online\/hazlo-tu-mismo\/tienda\/pavimentos\/herramientas-pavimentos\/disco-pulir-diamantado-100mm-rubi\/\" \/>\n<meta property=\"og:locale\" content=\"es_ES\" \/>\n<meta property=\"og:type\" content=\"article\" \/>\n<meta property=\"og:title\" content=\"DISCO PULIR DIAMANTADO 100MM RUBI - Tienda de tuferreteria.online by Ferreter\u00eda La Salle\" \/>\n<meta property=\"og:description\" content=\"Los discos de pulir diamantados de Rubi\u00a0est\u00e1n especialmente dise\u00f1ados para trabajos en h\u00famedo sobre superficies de piedra natural, en especial granito y m\u00e1rmol y hormig\u00f3n curado.\" \/>\n<meta property=\"og:url\" content=\"https:\/\/tuferreteria.online\/hazlo-tu-mismo\/tienda\/pavimentos\/herramientas-pavimentos\/disco-pulir-diamantado-100mm-rubi\/\" \/>\n<meta property=\"og:site_name\" content=\"Tienda de tuferreteria.online by Ferreter\u00eda La Salle\" \/>\n<meta property=\"article:modified_time\" content=\"2026-03-11T10:17:28+00:00\" \/>\n<meta property=\"og:image\" content=\"https:\/\/tuferreteria.online\/hazlo-tu-mismo\/wp-content\/uploads\/2019\/12\/DISCO-PULIR-DIAMANTE-100-GR-RUBI.jpg\" \/>\n\t<meta property=\"og:image:width\" content=\"600\" \/>\n\t<meta property=\"og:image:height\" content=\"600\" \/>\n\t<meta property=\"og:image:type\" content=\"image\/jpeg\" \/>\n<meta name=\"twitter:card\" content=\"summary_large_image\" \/>\n<meta name=\"twitter:label1\" content=\"Tiempo de lectura\" \/>\n\t<meta name=\"twitter:data1\" content=\"1 minuto\" \/>\n<script type=\"application\/ld+json\" class=\"yoast-schema-graph\">{\"@context\":\"https:\/\/schema.org\",\"@graph\":[{\"@type\":\"WebPage\",\"@id\":\"https:\/\/tuferreteria.online\/hazlo-tu-mismo\/tienda\/pavimentos\/herramientas-pavimentos\/disco-pulir-diamantado-100mm-rubi\/\",\"url\":\"https:\/\/tuferreteria.online\/hazlo-tu-mismo\/tienda\/pavimentos\/herramientas-pavimentos\/disco-pulir-diamantado-100mm-rubi\/\",\"name\":\"DISCO PULIR DIAMANTADO 100MM RUBI - Tienda de tuferreteria.online by Ferreter\u00eda La Salle\",\"isPartOf\":{\"@id\":\"https:\/\/tuferreteria.online\/hazlo-tu-mismo\/#website\"},\"primaryImageOfPage\":{\"@id\":\"https:\/\/tuferreteria.online\/hazlo-tu-mismo\/tienda\/pavimentos\/herramientas-pavimentos\/disco-pulir-diamantado-100mm-rubi\/#primaryimage\"},\"image\":{\"@id\":\"https:\/\/tuferreteria.online\/hazlo-tu-mismo\/tienda\/pavimentos\/herramientas-pavimentos\/disco-pulir-diamantado-100mm-rubi\/#primaryimage\"},\"thumbnailUrl\":\"https:\/\/tuferreteria.online\/hazlo-tu-mismo\/wp-content\/uploads\/2019\/12\/DISCO-PULIR-DIAMANTE-100-GR-RUBI.jpg\",\"datePublished\":\"2019-12-19T12:59:28+00:00\",\"dateModified\":\"2026-03-11T10:17:28+00:00\",\"description\":\"Los discos de pulir diamantados de Rubi\u00a0est\u00e1n especialmente dise\u00f1ados para trabajos en h\u00famedo sobre superficies de piedra natural, en especial granito y m\u00e1rmol y hormig\u00f3n curado.\",\"breadcrumb\":{\"@id\":\"https:\/\/tuferreteria.online\/hazlo-tu-mismo\/tienda\/pavimentos\/herramientas-pavimentos\/disco-pulir-diamantado-100mm-rubi\/#breadcrumb\"},\"inLanguage\":\"es\",\"potentialAction\":[{\"@type\":\"ReadAction\",\"target\":[\"https:\/\/tuferreteria.online\/hazlo-tu-mismo\/tienda\/pavimentos\/herramientas-pavimentos\/disco-pulir-diamantado-100mm-rubi\/\"]}]},{\"@type\":\"ImageObject\",\"inLanguage\":\"es\",\"@id\":\"https:\/\/tuferreteria.online\/hazlo-tu-mismo\/tienda\/pavimentos\/herramientas-pavimentos\/disco-pulir-diamantado-100mm-rubi\/#primaryimage\",\"url\":\"https:\/\/tuferreteria.online\/hazlo-tu-mismo\/wp-content\/uploads\/2019\/12\/DISCO-PULIR-DIAMANTE-100-GR-RUBI.jpg\",\"contentUrl\":\"https:\/\/tuferreteria.online\/hazlo-tu-mismo\/wp-content\/uploads\/2019\/12\/DISCO-PULIR-DIAMANTE-100-GR-RUBI.jpg\",\"width\":600,\"height\":600,\"caption\":\"DISCO-PULIR-DIAMANTE-100-GR-RUBI\"},{\"@type\":\"BreadcrumbList\",\"@id\":\"https:\/\/tuferreteria.online\/hazlo-tu-mismo\/tienda\/pavimentos\/herramientas-pavimentos\/disco-pulir-diamantado-100mm-rubi\/#breadcrumb\",\"itemListElement\":[{\"@type\":\"ListItem\",\"position\":1,\"name\":\"Portada\",\"item\":\"https:\/\/tuferreteria.online\/hazlo-tu-mismo\/\"},{\"@type\":\"ListItem\",\"position\":2,\"name\":\"Tienda\",\"item\":\"https:\/\/tuferreteria.online\/hazlo-tu-mismo\/tienda\/\"},{\"@type\":\"ListItem\",\"position\":3,\"name\":\"DISCO PULIR DIAMANTADO 100MM RUBI\"}]},{\"@type\":\"WebSite\",\"@id\":\"https:\/\/tuferreteria.online\/hazlo-tu-mismo\/#website\",\"url\":\"https:\/\/tuferreteria.online\/hazlo-tu-mismo\/\",\"name\":\"Tienda de tuferreteria.online by Ferreter\u00eda La Salle\",\"description\":\"Hazlo tu mismo\",\"potentialAction\":[{\"@type\":\"SearchAction\",\"target\":{\"@type\":\"EntryPoint\",\"urlTemplate\":\"https:\/\/tuferreteria.online\/hazlo-tu-mismo\/?s={search_term_string}\"},\"query-input\":{\"@type\":\"PropertyValueSpecification\",\"valueRequired\":true,\"valueName\":\"search_term_string\"}}],\"inLanguage\":\"es\"}]}<\/script>\n<!-- \/ Yoast SEO plugin. -->","yoast_head_json":{"title":"DISCO PULIR DIAMANTADO 100MM RUBI - Tienda de tuferreteria.online by Ferreter\u00eda La Salle","description":"Los discos de pulir diamantados de Rubi\u00a0est\u00e1n especialmente dise\u00f1ados para trabajos en h\u00famedo sobre superficies de piedra natural, en especial granito y m\u00e1rmol y hormig\u00f3n curado.","robots":{"index":"index","follow":"follow","max-snippet":"max-snippet:-1","max-image-preview":"max-image-preview:large","max-video-preview":"max-video-preview:-1"},"canonical":"https:\/\/tuferreteria.online\/hazlo-tu-mismo\/tienda\/pavimentos\/herramientas-pavimentos\/disco-pulir-diamantado-100mm-rubi\/","og_locale":"es_ES","og_type":"article","og_title":"DISCO PULIR DIAMANTADO 100MM RUBI - Tienda de tuferreteria.online by Ferreter\u00eda La Salle","og_description":"Los discos de pulir diamantados de Rubi\u00a0est\u00e1n especialmente dise\u00f1ados para trabajos en h\u00famedo sobre superficies de piedra natural, en especial granito y m\u00e1rmol y hormig\u00f3n curado.","og_url":"https:\/\/tuferreteria.online\/hazlo-tu-mismo\/tienda\/pavimentos\/herramientas-pavimentos\/disco-pulir-diamantado-100mm-rubi\/","og_site_name":"Tienda de tuferreteria.online by Ferreter\u00eda La Salle","article_modified_time":"2026-03-11T10:17:28+00:00","og_image":[{"width":600,"height":600,"url":"https:\/\/tuferreteria.online\/hazlo-tu-mismo\/wp-content\/uploads\/2019\/12\/DISCO-PULIR-DIAMANTE-100-GR-RUBI.jpg","type":"image\/jpeg"}],"twitter_card":"summary_large_image","twitter_misc":{"Tiempo de lectura":"1 minuto"},"schema":{"@context":"https:\/\/schema.org","@graph":[{"@type":"WebPage","@id":"https:\/\/tuferreteria.online\/hazlo-tu-mismo\/tienda\/pavimentos\/herramientas-pavimentos\/disco-pulir-diamantado-100mm-rubi\/","url":"https:\/\/tuferreteria.online\/hazlo-tu-mismo\/tienda\/pavimentos\/herramientas-pavimentos\/disco-pulir-diamantado-100mm-rubi\/","name":"DISCO PULIR DIAMANTADO 100MM RUBI - Tienda de tuferreteria.online by Ferreter\u00eda La Salle","isPartOf":{"@id":"https:\/\/tuferreteria.online\/hazlo-tu-mismo\/#website"},"primaryImageOfPage":{"@id":"https:\/\/tuferreteria.online\/hazlo-tu-mismo\/tienda\/pavimentos\/herramientas-pavimentos\/disco-pulir-diamantado-100mm-rubi\/#primaryimage"},"image":{"@id":"https:\/\/tuferreteria.online\/hazlo-tu-mismo\/tienda\/pavimentos\/herramientas-pavimentos\/disco-pulir-diamantado-100mm-rubi\/#primaryimage"},"thumbnailUrl":"https:\/\/tuferreteria.online\/hazlo-tu-mismo\/wp-content\/uploads\/2019\/12\/DISCO-PULIR-DIAMANTE-100-GR-RUBI.jpg","datePublished":"2019-12-19T12:59:28+00:00","dateModified":"2026-03-11T10:17:28+00:00","description":"Los discos de pulir diamantados de Rubi\u00a0est\u00e1n especialmente dise\u00f1ados para trabajos en h\u00famedo sobre superficies de piedra natural, en especial granito y m\u00e1rmol y hormig\u00f3n curado.","breadcrumb":{"@id":"https:\/\/tuferreteria.online\/hazlo-tu-mismo\/tienda\/pavimentos\/herramientas-pavimentos\/disco-pulir-diamantado-100mm-rubi\/#breadcrumb"},"inLanguage":"es","potentialAction":[{"@type":"ReadAction","target":["https:\/\/tuferreteria.online\/hazlo-tu-mismo\/tienda\/pavimentos\/herramientas-pavimentos\/disco-pulir-diamantado-100mm-rubi\/"]}]},{"@type":"ImageObject","inLanguage":"es","@id":"https:\/\/tuferreteria.online\/hazlo-tu-mismo\/tienda\/pavimentos\/herramientas-pavimentos\/disco-pulir-diamantado-100mm-rubi\/#primaryimage","url":"https:\/\/tuferreteria.online\/hazlo-tu-mismo\/wp-content\/uploads\/2019\/12\/DISCO-PULIR-DIAMANTE-100-GR-RUBI.jpg","contentUrl":"https:\/\/tuferreteria.online\/hazlo-tu-mismo\/wp-content\/uploads\/2019\/12\/DISCO-PULIR-DIAMANTE-100-GR-RUBI.jpg","width":600,"height":600,"caption":"DISCO-PULIR-DIAMANTE-100-GR-RUBI"},{"@type":"BreadcrumbList","@id":"https:\/\/tuferreteria.online\/hazlo-tu-mismo\/tienda\/pavimentos\/herramientas-pavimentos\/disco-pulir-diamantado-100mm-rubi\/#breadcrumb","itemListElement":[{"@type":"ListItem","position":1,"name":"Portada","item":"https:\/\/tuferreteria.online\/hazlo-tu-mismo\/"},{"@type":"ListItem","position":2,"name":"Tienda","item":"https:\/\/tuferreteria.online\/hazlo-tu-mismo\/tienda\/"},{"@type":"ListItem","position":3,"name":"DISCO PULIR DIAMANTADO 100MM RUBI"}]},{"@type":"WebSite","@id":"https:\/\/tuferreteria.online\/hazlo-tu-mismo\/#website","url":"https:\/\/tuferreteria.online\/hazlo-tu-mismo\/","name":"Tienda de tuferreteria.online by Ferreter\u00eda La Salle","description":"Hazlo tu mismo","potentialAction":[{"@type":"SearchAction","target":{"@type":"EntryPoint","urlTemplate":"https:\/\/tuferreteria.online\/hazlo-tu-mismo\/?s={search_term_string}"},"query-input":{"@type":"PropertyValueSpecification","valueRequired":true,"valueName":"search_term_string"}}],"inLanguage":"es"}]}},"_links":{"self":[{"href":"https:\/\/tuferreteria.online\/hazlo-tu-mismo\/wp-json\/wp\/v2\/product\/13677","targetHints":{"allow":["GET"]}}],"collection":[{"href":"https:\/\/tuferreteria.online\/hazlo-tu-mismo\/wp-json\/wp\/v2\/product"}],"about":[{"href":"https:\/\/tuferreteria.online\/hazlo-tu-mismo\/wp-json\/wp\/v2\/types\/product"}],"replies":[{"embeddable":true,"href":"https:\/\/tuferreteria.online\/hazlo-tu-mismo\/wp-json\/wp\/v2\/comments?post=13677"}],"wp:featuredmedia":[{"embeddable":true,"href":"https:\/\/tuferreteria.online\/hazlo-tu-mismo\/wp-json\/wp\/v2\/media\/13706"}],"wp:attachment":[{"href":"https:\/\/tuferreteria.online\/hazlo-tu-mismo\/wp-json\/wp\/v2\/media?parent=13677"}],"wp:term":[{"taxonomy":"brand","embeddable":true,"href":"https:\/\/tuferreteria.online\/hazlo-tu-mismo\/wp-json\/wp\/v2\/etheme_brands?post=13677"},{"taxonomy":"product_brand","embeddable":true,"href":"https:\/\/tuferreteria.online\/hazlo-tu-mismo\/wp-json\/wp\/v2\/product_brand?post=13677"},{"taxonomy":"product_cat","embeddable":true,"href":"https:\/\/tuferreteria.online\/hazlo-tu-mismo\/wp-json\/wp\/v2\/product_cat?post=13677"},{"taxonomy":"product_tag","embeddable":true,"href":"https:\/\/tuferreteria.online\/hazlo-tu-mismo\/wp-json\/wp\/v2\/product_tag?post=13677"}],"curies":[{"name":"wp","href":"https:\/\/api.w.org\/{rel}","templated":true}]}}