{"id":13680,"date":"2019-12-19T13:59:32","date_gmt":"2019-12-19T12:59:32","guid":{"rendered":"https:\/\/tuferreteria.online\/hazlo-tu-mismo\/tienda\/sin%20categor\u00eda\/peine-rubi-48cm-20x20-acero\/"},"modified":"2026-03-11T11:17:43","modified_gmt":"2026-03-11T10:17:43","slug":"peine-rubi-48cm-20x20-acero","status":"publish","type":"product","link":"https:\/\/tuferreteria.online\/hazlo-tu-mismo\/tienda\/pavimentos\/herramientas-pavimentos\/peine-rubi-48cm-20x20-acero\/","title":{"rendered":"PEINE RUBI 48CM 20X20 ACERO"},"content":{"rendered":"<div class=\"wpb-content-wrapper\"><p>[vc_row][vc_column][vc_column_text]<\/p>\n<h2 style=\"text-align: center;\"><span style=\"font-size: 24pt; color: #f9e03a;\">Peine Rubi 48 cm.<\/span><\/h2>\n<p>&nbsp;<\/p>\n<h3>Caracter\u00edsticas:<\/h3>\n<p>&nbsp;<\/p>\n<p style=\"text-align: justify;\">El Peine Rubi de 48 cm y 20 x 20, est\u00e1 dise\u00f1ado para la pavimentaci\u00f3n de gran formato.<\/p>\n<p style=\"text-align: justify;\">Con una planitud de la l\u00e1mina de acero, perfecta, las llanas y peines con empu\u00f1adura de madera ofrecen, al colocador profesional de baldosa cer\u00e1mica.<\/p>\n<p style=\"text-align: justify;\">Un mango tradicional con el tacto suave de la madera natural, gracias a los completos procesos de fresado, lijado y barnizado.<\/p>\n<p style=\"text-align: justify;\">Con su dentado cuadrado de 20 x 20 mm que ha sido ideado para la dosificaci\u00f3n de adhesivos cementosos para baldosa cer\u00e1mica en suelos irregulares, permite un mayor espesor de material de agarre.<\/p>\n<p style=\"text-align: justify;\">La l\u00e1mina es de acero inoxidable especial de alta resistencia al desgaste (INOX), para que te dure en el tiempo.<\/p>\n<p>[\/vc_column_text][\/vc_column][\/vc_row]<\/p>\n<\/div>","protected":false},"excerpt":{"rendered":"<h2>LLANA DENTADA RUBI 48 CM. 20X20 ACERO<\/h2>\n","protected":false},"featured_media":13710,"comment_status":"closed","ping_status":"closed","template":"","meta":{"_exactmetrics_skip_tracking":false,"_exactmetrics_sitenote_active":false,"_exactmetrics_sitenote_note":"","_exactmetrics_sitenote_category":0,"_joinchat":[]},"etheme_brands":[{"term_id":299,"name":"RUBI","slug":"rubi","term_group":0,"term_taxonomy_id":299,"taxonomy":"brand","description":"","parent":0,"count":31,"filter":"raw"}],"product_brand":[],"product_cat":[514,508],"product_tag":[511,591,650,649,528,592],"class_list":{"0":"post-13680","1":"product","2":"type-product","3":"status-publish","4":"has-post-thumbnail","6":"brand-rubi","7":"product_cat-herramientas-pavimentos","8":"product_cat-pavimentos","9":"product_tag-azulejos","10":"product_tag-gran-formato","11":"product_tag-llana","12":"product_tag-llana-dentada","13":"product_tag-pavimentos","14":"product_tag-pavimentos-gran-formato","15":"product_shipping_class-envio-peso","17":"first","18":"outofstock","19":"taxable","20":"shipping-taxable","21":"purchasable","22":"product-type-simple"},"yoast_head":"<!-- This site is optimized with the Yoast SEO plugin v24.9 - https:\/\/yoast.com\/wordpress\/plugins\/seo\/ -->\n<title>PEINE RUBI 48CM 20X20 ACERO - Tienda de tuferreteria.online by Ferreter\u00eda La Salle<\/title>\n<meta name=\"description\" content=\"El Peine Rubi de 48 cm y 20 x 20, est\u00e1 dise\u00f1ado para la pavimentaci\u00f3n de gran formato. Con mango de madera y l\u00e1mina de alta resistencia de acero.\" \/>\n<meta name=\"robots\" content=\"index, follow, max-snippet:-1, max-image-preview:large, max-video-preview:-1\" \/>\n<link rel=\"canonical\" href=\"https:\/\/tuferreteria.online\/hazlo-tu-mismo\/tienda\/pavimentos\/herramientas-pavimentos\/peine-rubi-48cm-20x20-acero\/\" \/>\n<meta property=\"og:locale\" content=\"es_ES\" \/>\n<meta property=\"og:type\" content=\"article\" \/>\n<meta property=\"og:title\" content=\"PEINE RUBI 48CM 20X20 ACERO - Tienda de tuferreteria.online by Ferreter\u00eda La Salle\" \/>\n<meta property=\"og:description\" content=\"El Peine Rubi de 48 cm y 20 x 20, est\u00e1 dise\u00f1ado para la pavimentaci\u00f3n de gran formato. Con mango de madera y l\u00e1mina de alta resistencia de acero.\" \/>\n<meta property=\"og:url\" content=\"https:\/\/tuferreteria.online\/hazlo-tu-mismo\/tienda\/pavimentos\/herramientas-pavimentos\/peine-rubi-48cm-20x20-acero\/\" \/>\n<meta property=\"og:site_name\" content=\"Tienda de tuferreteria.online by Ferreter\u00eda La Salle\" \/>\n<meta property=\"article:modified_time\" content=\"2026-03-11T10:17:43+00:00\" \/>\n<meta property=\"og:image\" content=\"https:\/\/tuferreteria.online\/hazlo-tu-mismo\/wp-content\/uploads\/2019\/12\/PEINE-LLANA-DENTADA-20X20.jpg\" \/>\n\t<meta property=\"og:image:width\" content=\"600\" \/>\n\t<meta property=\"og:image:height\" content=\"600\" \/>\n\t<meta property=\"og:image:type\" content=\"image\/jpeg\" \/>\n<meta name=\"twitter:card\" content=\"summary_large_image\" \/>\n<meta name=\"twitter:label1\" content=\"Tiempo de lectura\" \/>\n\t<meta name=\"twitter:data1\" content=\"1 minuto\" \/>\n<script type=\"application\/ld+json\" class=\"yoast-schema-graph\">{\"@context\":\"https:\/\/schema.org\",\"@graph\":[{\"@type\":\"WebPage\",\"@id\":\"https:\/\/tuferreteria.online\/hazlo-tu-mismo\/tienda\/pavimentos\/herramientas-pavimentos\/peine-rubi-48cm-20x20-acero\/\",\"url\":\"https:\/\/tuferreteria.online\/hazlo-tu-mismo\/tienda\/pavimentos\/herramientas-pavimentos\/peine-rubi-48cm-20x20-acero\/\",\"name\":\"PEINE RUBI 48CM 20X20 ACERO - Tienda de tuferreteria.online by Ferreter\u00eda La Salle\",\"isPartOf\":{\"@id\":\"https:\/\/tuferreteria.online\/hazlo-tu-mismo\/#website\"},\"primaryImageOfPage\":{\"@id\":\"https:\/\/tuferreteria.online\/hazlo-tu-mismo\/tienda\/pavimentos\/herramientas-pavimentos\/peine-rubi-48cm-20x20-acero\/#primaryimage\"},\"image\":{\"@id\":\"https:\/\/tuferreteria.online\/hazlo-tu-mismo\/tienda\/pavimentos\/herramientas-pavimentos\/peine-rubi-48cm-20x20-acero\/#primaryimage\"},\"thumbnailUrl\":\"https:\/\/tuferreteria.online\/hazlo-tu-mismo\/wp-content\/uploads\/2019\/12\/PEINE-LLANA-DENTADA-20X20.jpg\",\"datePublished\":\"2019-12-19T12:59:32+00:00\",\"dateModified\":\"2026-03-11T10:17:43+00:00\",\"description\":\"El Peine Rubi de 48 cm y 20 x 20, est\u00e1 dise\u00f1ado para la pavimentaci\u00f3n de gran formato. Con mango de madera y l\u00e1mina de alta resistencia de acero.\",\"breadcrumb\":{\"@id\":\"https:\/\/tuferreteria.online\/hazlo-tu-mismo\/tienda\/pavimentos\/herramientas-pavimentos\/peine-rubi-48cm-20x20-acero\/#breadcrumb\"},\"inLanguage\":\"es\",\"potentialAction\":[{\"@type\":\"ReadAction\",\"target\":[\"https:\/\/tuferreteria.online\/hazlo-tu-mismo\/tienda\/pavimentos\/herramientas-pavimentos\/peine-rubi-48cm-20x20-acero\/\"]}]},{\"@type\":\"ImageObject\",\"inLanguage\":\"es\",\"@id\":\"https:\/\/tuferreteria.online\/hazlo-tu-mismo\/tienda\/pavimentos\/herramientas-pavimentos\/peine-rubi-48cm-20x20-acero\/#primaryimage\",\"url\":\"https:\/\/tuferreteria.online\/hazlo-tu-mismo\/wp-content\/uploads\/2019\/12\/PEINE-LLANA-DENTADA-20X20.jpg\",\"contentUrl\":\"https:\/\/tuferreteria.online\/hazlo-tu-mismo\/wp-content\/uploads\/2019\/12\/PEINE-LLANA-DENTADA-20X20.jpg\",\"width\":600,\"height\":600,\"caption\":\"PEINE-(LLANA-DENTADA)-20X20\"},{\"@type\":\"BreadcrumbList\",\"@id\":\"https:\/\/tuferreteria.online\/hazlo-tu-mismo\/tienda\/pavimentos\/herramientas-pavimentos\/peine-rubi-48cm-20x20-acero\/#breadcrumb\",\"itemListElement\":[{\"@type\":\"ListItem\",\"position\":1,\"name\":\"Portada\",\"item\":\"https:\/\/tuferreteria.online\/hazlo-tu-mismo\/\"},{\"@type\":\"ListItem\",\"position\":2,\"name\":\"Tienda\",\"item\":\"https:\/\/tuferreteria.online\/hazlo-tu-mismo\/tienda\/\"},{\"@type\":\"ListItem\",\"position\":3,\"name\":\"PEINE RUBI 48CM 20X20 ACERO\"}]},{\"@type\":\"WebSite\",\"@id\":\"https:\/\/tuferreteria.online\/hazlo-tu-mismo\/#website\",\"url\":\"https:\/\/tuferreteria.online\/hazlo-tu-mismo\/\",\"name\":\"Tienda de tuferreteria.online by Ferreter\u00eda La Salle\",\"description\":\"Hazlo tu mismo\",\"potentialAction\":[{\"@type\":\"SearchAction\",\"target\":{\"@type\":\"EntryPoint\",\"urlTemplate\":\"https:\/\/tuferreteria.online\/hazlo-tu-mismo\/?s={search_term_string}\"},\"query-input\":{\"@type\":\"PropertyValueSpecification\",\"valueRequired\":true,\"valueName\":\"search_term_string\"}}],\"inLanguage\":\"es\"}]}<\/script>\n<!-- \/ Yoast SEO plugin. -->","yoast_head_json":{"title":"PEINE RUBI 48CM 20X20 ACERO - Tienda de tuferreteria.online by Ferreter\u00eda La Salle","description":"El Peine Rubi de 48 cm y 20 x 20, est\u00e1 dise\u00f1ado para la pavimentaci\u00f3n de gran formato. Con mango de madera y l\u00e1mina de alta resistencia de acero.","robots":{"index":"index","follow":"follow","max-snippet":"max-snippet:-1","max-image-preview":"max-image-preview:large","max-video-preview":"max-video-preview:-1"},"canonical":"https:\/\/tuferreteria.online\/hazlo-tu-mismo\/tienda\/pavimentos\/herramientas-pavimentos\/peine-rubi-48cm-20x20-acero\/","og_locale":"es_ES","og_type":"article","og_title":"PEINE RUBI 48CM 20X20 ACERO - Tienda de tuferreteria.online by Ferreter\u00eda La Salle","og_description":"El Peine Rubi de 48 cm y 20 x 20, est\u00e1 dise\u00f1ado para la pavimentaci\u00f3n de gran formato. Con mango de madera y l\u00e1mina de alta resistencia de acero.","og_url":"https:\/\/tuferreteria.online\/hazlo-tu-mismo\/tienda\/pavimentos\/herramientas-pavimentos\/peine-rubi-48cm-20x20-acero\/","og_site_name":"Tienda de tuferreteria.online by Ferreter\u00eda La Salle","article_modified_time":"2026-03-11T10:17:43+00:00","og_image":[{"width":600,"height":600,"url":"https:\/\/tuferreteria.online\/hazlo-tu-mismo\/wp-content\/uploads\/2019\/12\/PEINE-LLANA-DENTADA-20X20.jpg","type":"image\/jpeg"}],"twitter_card":"summary_large_image","twitter_misc":{"Tiempo de lectura":"1 minuto"},"schema":{"@context":"https:\/\/schema.org","@graph":[{"@type":"WebPage","@id":"https:\/\/tuferreteria.online\/hazlo-tu-mismo\/tienda\/pavimentos\/herramientas-pavimentos\/peine-rubi-48cm-20x20-acero\/","url":"https:\/\/tuferreteria.online\/hazlo-tu-mismo\/tienda\/pavimentos\/herramientas-pavimentos\/peine-rubi-48cm-20x20-acero\/","name":"PEINE RUBI 48CM 20X20 ACERO - Tienda de tuferreteria.online by Ferreter\u00eda La Salle","isPartOf":{"@id":"https:\/\/tuferreteria.online\/hazlo-tu-mismo\/#website"},"primaryImageOfPage":{"@id":"https:\/\/tuferreteria.online\/hazlo-tu-mismo\/tienda\/pavimentos\/herramientas-pavimentos\/peine-rubi-48cm-20x20-acero\/#primaryimage"},"image":{"@id":"https:\/\/tuferreteria.online\/hazlo-tu-mismo\/tienda\/pavimentos\/herramientas-pavimentos\/peine-rubi-48cm-20x20-acero\/#primaryimage"},"thumbnailUrl":"https:\/\/tuferreteria.online\/hazlo-tu-mismo\/wp-content\/uploads\/2019\/12\/PEINE-LLANA-DENTADA-20X20.jpg","datePublished":"2019-12-19T12:59:32+00:00","dateModified":"2026-03-11T10:17:43+00:00","description":"El Peine Rubi de 48 cm y 20 x 20, est\u00e1 dise\u00f1ado para la pavimentaci\u00f3n de gran formato. Con mango de madera y l\u00e1mina de alta resistencia de acero.","breadcrumb":{"@id":"https:\/\/tuferreteria.online\/hazlo-tu-mismo\/tienda\/pavimentos\/herramientas-pavimentos\/peine-rubi-48cm-20x20-acero\/#breadcrumb"},"inLanguage":"es","potentialAction":[{"@type":"ReadAction","target":["https:\/\/tuferreteria.online\/hazlo-tu-mismo\/tienda\/pavimentos\/herramientas-pavimentos\/peine-rubi-48cm-20x20-acero\/"]}]},{"@type":"ImageObject","inLanguage":"es","@id":"https:\/\/tuferreteria.online\/hazlo-tu-mismo\/tienda\/pavimentos\/herramientas-pavimentos\/peine-rubi-48cm-20x20-acero\/#primaryimage","url":"https:\/\/tuferreteria.online\/hazlo-tu-mismo\/wp-content\/uploads\/2019\/12\/PEINE-LLANA-DENTADA-20X20.jpg","contentUrl":"https:\/\/tuferreteria.online\/hazlo-tu-mismo\/wp-content\/uploads\/2019\/12\/PEINE-LLANA-DENTADA-20X20.jpg","width":600,"height":600,"caption":"PEINE-(LLANA-DENTADA)-20X20"},{"@type":"BreadcrumbList","@id":"https:\/\/tuferreteria.online\/hazlo-tu-mismo\/tienda\/pavimentos\/herramientas-pavimentos\/peine-rubi-48cm-20x20-acero\/#breadcrumb","itemListElement":[{"@type":"ListItem","position":1,"name":"Portada","item":"https:\/\/tuferreteria.online\/hazlo-tu-mismo\/"},{"@type":"ListItem","position":2,"name":"Tienda","item":"https:\/\/tuferreteria.online\/hazlo-tu-mismo\/tienda\/"},{"@type":"ListItem","position":3,"name":"PEINE RUBI 48CM 20X20 ACERO"}]},{"@type":"WebSite","@id":"https:\/\/tuferreteria.online\/hazlo-tu-mismo\/#website","url":"https:\/\/tuferreteria.online\/hazlo-tu-mismo\/","name":"Tienda de tuferreteria.online by Ferreter\u00eda La Salle","description":"Hazlo tu mismo","potentialAction":[{"@type":"SearchAction","target":{"@type":"EntryPoint","urlTemplate":"https:\/\/tuferreteria.online\/hazlo-tu-mismo\/?s={search_term_string}"},"query-input":{"@type":"PropertyValueSpecification","valueRequired":true,"valueName":"search_term_string"}}],"inLanguage":"es"}]}},"_links":{"self":[{"href":"https:\/\/tuferreteria.online\/hazlo-tu-mismo\/wp-json\/wp\/v2\/product\/13680","targetHints":{"allow":["GET"]}}],"collection":[{"href":"https:\/\/tuferreteria.online\/hazlo-tu-mismo\/wp-json\/wp\/v2\/product"}],"about":[{"href":"https:\/\/tuferreteria.online\/hazlo-tu-mismo\/wp-json\/wp\/v2\/types\/product"}],"replies":[{"embeddable":true,"href":"https:\/\/tuferreteria.online\/hazlo-tu-mismo\/wp-json\/wp\/v2\/comments?post=13680"}],"wp:featuredmedia":[{"embeddable":true,"href":"https:\/\/tuferreteria.online\/hazlo-tu-mismo\/wp-json\/wp\/v2\/media\/13710"}],"wp:attachment":[{"href":"https:\/\/tuferreteria.online\/hazlo-tu-mismo\/wp-json\/wp\/v2\/media?parent=13680"}],"wp:term":[{"taxonomy":"brand","embeddable":true,"href":"https:\/\/tuferreteria.online\/hazlo-tu-mismo\/wp-json\/wp\/v2\/etheme_brands?post=13680"},{"taxonomy":"product_brand","embeddable":true,"href":"https:\/\/tuferreteria.online\/hazlo-tu-mismo\/wp-json\/wp\/v2\/product_brand?post=13680"},{"taxonomy":"product_cat","embeddable":true,"href":"https:\/\/tuferreteria.online\/hazlo-tu-mismo\/wp-json\/wp\/v2\/product_cat?post=13680"},{"taxonomy":"product_tag","embeddable":true,"href":"https:\/\/tuferreteria.online\/hazlo-tu-mismo\/wp-json\/wp\/v2\/product_tag?post=13680"}],"curies":[{"name":"wp","href":"https:\/\/api.w.org\/{rel}","templated":true}]}}