{"id":14053,"date":"2020-01-27T10:55:33","date_gmt":"2020-01-27T09:55:33","guid":{"rendered":"https:\/\/tuferreteria.online\/hazlo-tu-mismo\/tienda\/sin%20categor\u00eda\/asiento-alexia-blanco-80001-a\/"},"modified":"2026-03-11T11:16:43","modified_gmt":"2026-03-11T10:16:43","slug":"tapa-wc-alexia-blanco-80001-a-80","status":"publish","type":"product","link":"https:\/\/tuferreteria.online\/hazlo-tu-mismo\/tienda\/fontaneria\/bano-accesorios\/tapa-wc-alexia-blanco-80001-a-80\/","title":{"rendered":"TAPA INODORO ALEXIA 80001 A-80"},"content":{"rendered":"<div class=\"wpb-content-wrapper\"><p>[vc_row][vc_column][vc_column_text]<\/p>\n<h2 style=\"text-align: center;\"><span style=\"font-size: 24pt; color: #f9e03a;\">Tapa Inodoro Alexia<\/span><\/h2>\n<p>&nbsp;<\/p>\n<h3>Caracter\u00edsticas:<\/h3>\n<p>&nbsp;<\/p>\n<p style=\"text-align: justify;\">La Tapa de WC modelo Alexia de color blanco.<\/p>\n<p style=\"text-align: justify;\">Encontrar\u00e1s las medidas en la foto.<\/p>\n<p style=\"text-align: justify;\">Aqu\u00ed\u00a0 <span style=\"font-size: 14pt;\"><strong>\u21d3\u00a0<\/strong><\/span> abajo te dejamos con unas im\u00e1genes de c\u00f3mo tomar las medidas de tu tapa de WC.<\/p>\n<p>[\/vc_column_text][\/vc_column][\/vc_row][vc_row][vc_column][vc_gallery type=\u00bbimage_grid\u00bb images=\u00bb27276,27275,27274&#8243; img_size=\u00bb200&#215;200&#8243;][\/vc_column][\/vc_row]<\/p>\n<\/div>","protected":false},"excerpt":{"rendered":"<h2>ASIENTO INODORO ESTOLI ALEXIA<\/h2>\n","protected":false},"featured_media":14078,"comment_status":"closed","ping_status":"closed","template":"","meta":{"_exactmetrics_skip_tracking":false,"_exactmetrics_sitenote_active":false,"_exactmetrics_sitenote_note":"","_exactmetrics_sitenote_category":0,"_joinchat":[]},"etheme_brands":[{"term_id":677,"name":"ESTOLI","slug":"estoli","term_group":0,"term_taxonomy_id":677,"taxonomy":"brand","description":"","parent":0,"count":2,"filter":"raw"}],"product_brand":[],"product_cat":[679,80,107],"product_tag":[680,3339,682,689,688,331,3340,681,490],"class_list":{"0":"post-14053","1":"product","2":"type-product","3":"status-publish","4":"has-post-thumbnail","6":"brand-estoli","7":"product_cat-accesorios-wc","8":"product_cat-bano-accesorios","9":"product_cat-fontaneria","10":"product_tag-asiento","11":"product_tag-asiento-inodoro-alexia","12":"product_tag-bater","13":"product_tag-inodoro","14":"product_tag-retrete","15":"product_tag-tapa","16":"product_tag-tapa-estoli-alexia","17":"product_tag-vater","18":"product_tag-wc","19":"product_shipping_class-envio-peso","21":"first","22":"instock","23":"taxable","24":"shipping-taxable","25":"purchasable","26":"product-type-simple"},"yoast_head":"<!-- This site is optimized with the Yoast SEO plugin v24.9 - https:\/\/yoast.com\/wordpress\/plugins\/seo\/ -->\n<title>TAPA INODORO ALEXIA 80001 A-80 - Tienda de tuferreteria.online by Ferreter\u00eda La Salle<\/title>\n<meta name=\"description\" content=\"La Tapa de WC modelo Alexia de color blanco. Entra y encontrar\u00e1s las medidas en la foto, para saber si es la que est\u00e1s buscando.\" \/>\n<meta name=\"robots\" content=\"index, follow, max-snippet:-1, max-image-preview:large, max-video-preview:-1\" \/>\n<link rel=\"canonical\" href=\"https:\/\/tuferreteria.online\/hazlo-tu-mismo\/tienda\/fontaneria\/bano-accesorios\/tapa-wc-alexia-blanco-80001-a-80\/\" \/>\n<meta property=\"og:locale\" content=\"es_ES\" \/>\n<meta property=\"og:type\" content=\"article\" \/>\n<meta property=\"og:title\" content=\"TAPA INODORO ALEXIA 80001 A-80 - Tienda de tuferreteria.online by Ferreter\u00eda La Salle\" \/>\n<meta property=\"og:description\" content=\"La Tapa de WC modelo Alexia de color blanco. Entra y encontrar\u00e1s las medidas en la foto, para saber si es la que est\u00e1s buscando.\" \/>\n<meta property=\"og:url\" content=\"https:\/\/tuferreteria.online\/hazlo-tu-mismo\/tienda\/fontaneria\/bano-accesorios\/tapa-wc-alexia-blanco-80001-a-80\/\" \/>\n<meta property=\"og:site_name\" content=\"Tienda de tuferreteria.online by Ferreter\u00eda La Salle\" \/>\n<meta property=\"article:modified_time\" content=\"2026-03-11T10:16:43+00:00\" \/>\n<meta property=\"og:image\" content=\"https:\/\/tuferreteria.online\/hazlo-tu-mismo\/wp-content\/uploads\/2020\/01\/ASIENTO-WC-ESTOLI-ALEXIA-DELANTERA.jpg\" \/>\n\t<meta property=\"og:image:width\" content=\"600\" \/>\n\t<meta property=\"og:image:height\" content=\"600\" \/>\n\t<meta property=\"og:image:type\" content=\"image\/jpeg\" \/>\n<meta name=\"twitter:card\" content=\"summary_large_image\" \/>\n<meta name=\"twitter:label1\" content=\"Tiempo de lectura\" \/>\n\t<meta name=\"twitter:data1\" content=\"1 minuto\" \/>\n<script type=\"application\/ld+json\" class=\"yoast-schema-graph\">{\"@context\":\"https:\/\/schema.org\",\"@graph\":[{\"@type\":\"WebPage\",\"@id\":\"https:\/\/tuferreteria.online\/hazlo-tu-mismo\/tienda\/fontaneria\/bano-accesorios\/tapa-wc-alexia-blanco-80001-a-80\/\",\"url\":\"https:\/\/tuferreteria.online\/hazlo-tu-mismo\/tienda\/fontaneria\/bano-accesorios\/tapa-wc-alexia-blanco-80001-a-80\/\",\"name\":\"TAPA INODORO ALEXIA 80001 A-80 - Tienda de tuferreteria.online by Ferreter\u00eda La Salle\",\"isPartOf\":{\"@id\":\"https:\/\/tuferreteria.online\/hazlo-tu-mismo\/#website\"},\"primaryImageOfPage\":{\"@id\":\"https:\/\/tuferreteria.online\/hazlo-tu-mismo\/tienda\/fontaneria\/bano-accesorios\/tapa-wc-alexia-blanco-80001-a-80\/#primaryimage\"},\"image\":{\"@id\":\"https:\/\/tuferreteria.online\/hazlo-tu-mismo\/tienda\/fontaneria\/bano-accesorios\/tapa-wc-alexia-blanco-80001-a-80\/#primaryimage\"},\"thumbnailUrl\":\"https:\/\/tuferreteria.online\/hazlo-tu-mismo\/wp-content\/uploads\/2020\/01\/ASIENTO-WC-ESTOLI-ALEXIA-DELANTERA.jpg\",\"datePublished\":\"2020-01-27T09:55:33+00:00\",\"dateModified\":\"2026-03-11T10:16:43+00:00\",\"description\":\"La Tapa de WC modelo Alexia de color blanco. Entra y encontrar\u00e1s las medidas en la foto, para saber si es la que est\u00e1s buscando.\",\"breadcrumb\":{\"@id\":\"https:\/\/tuferreteria.online\/hazlo-tu-mismo\/tienda\/fontaneria\/bano-accesorios\/tapa-wc-alexia-blanco-80001-a-80\/#breadcrumb\"},\"inLanguage\":\"es\",\"potentialAction\":[{\"@type\":\"ReadAction\",\"target\":[\"https:\/\/tuferreteria.online\/hazlo-tu-mismo\/tienda\/fontaneria\/bano-accesorios\/tapa-wc-alexia-blanco-80001-a-80\/\"]}]},{\"@type\":\"ImageObject\",\"inLanguage\":\"es\",\"@id\":\"https:\/\/tuferreteria.online\/hazlo-tu-mismo\/tienda\/fontaneria\/bano-accesorios\/tapa-wc-alexia-blanco-80001-a-80\/#primaryimage\",\"url\":\"https:\/\/tuferreteria.online\/hazlo-tu-mismo\/wp-content\/uploads\/2020\/01\/ASIENTO-WC-ESTOLI-ALEXIA-DELANTERA.jpg\",\"contentUrl\":\"https:\/\/tuferreteria.online\/hazlo-tu-mismo\/wp-content\/uploads\/2020\/01\/ASIENTO-WC-ESTOLI-ALEXIA-DELANTERA.jpg\",\"width\":600,\"height\":600,\"caption\":\"ASIENTO-WC-ESTOLI-ALEXIA-DELANTERA\"},{\"@type\":\"BreadcrumbList\",\"@id\":\"https:\/\/tuferreteria.online\/hazlo-tu-mismo\/tienda\/fontaneria\/bano-accesorios\/tapa-wc-alexia-blanco-80001-a-80\/#breadcrumb\",\"itemListElement\":[{\"@type\":\"ListItem\",\"position\":1,\"name\":\"Portada\",\"item\":\"https:\/\/tuferreteria.online\/hazlo-tu-mismo\/\"},{\"@type\":\"ListItem\",\"position\":2,\"name\":\"Tienda\",\"item\":\"https:\/\/tuferreteria.online\/hazlo-tu-mismo\/tienda\/\"},{\"@type\":\"ListItem\",\"position\":3,\"name\":\"TAPA INODORO ALEXIA 80001 A-80\"}]},{\"@type\":\"WebSite\",\"@id\":\"https:\/\/tuferreteria.online\/hazlo-tu-mismo\/#website\",\"url\":\"https:\/\/tuferreteria.online\/hazlo-tu-mismo\/\",\"name\":\"Tienda de tuferreteria.online by Ferreter\u00eda La Salle\",\"description\":\"Hazlo tu mismo\",\"potentialAction\":[{\"@type\":\"SearchAction\",\"target\":{\"@type\":\"EntryPoint\",\"urlTemplate\":\"https:\/\/tuferreteria.online\/hazlo-tu-mismo\/?s={search_term_string}\"},\"query-input\":{\"@type\":\"PropertyValueSpecification\",\"valueRequired\":true,\"valueName\":\"search_term_string\"}}],\"inLanguage\":\"es\"}]}<\/script>\n<!-- \/ Yoast SEO plugin. -->","yoast_head_json":{"title":"TAPA INODORO ALEXIA 80001 A-80 - Tienda de tuferreteria.online by Ferreter\u00eda La Salle","description":"La Tapa de WC modelo Alexia de color blanco. Entra y encontrar\u00e1s las medidas en la foto, para saber si es la que est\u00e1s buscando.","robots":{"index":"index","follow":"follow","max-snippet":"max-snippet:-1","max-image-preview":"max-image-preview:large","max-video-preview":"max-video-preview:-1"},"canonical":"https:\/\/tuferreteria.online\/hazlo-tu-mismo\/tienda\/fontaneria\/bano-accesorios\/tapa-wc-alexia-blanco-80001-a-80\/","og_locale":"es_ES","og_type":"article","og_title":"TAPA INODORO ALEXIA 80001 A-80 - Tienda de tuferreteria.online by Ferreter\u00eda La Salle","og_description":"La Tapa de WC modelo Alexia de color blanco. Entra y encontrar\u00e1s las medidas en la foto, para saber si es la que est\u00e1s buscando.","og_url":"https:\/\/tuferreteria.online\/hazlo-tu-mismo\/tienda\/fontaneria\/bano-accesorios\/tapa-wc-alexia-blanco-80001-a-80\/","og_site_name":"Tienda de tuferreteria.online by Ferreter\u00eda La Salle","article_modified_time":"2026-03-11T10:16:43+00:00","og_image":[{"width":600,"height":600,"url":"https:\/\/tuferreteria.online\/hazlo-tu-mismo\/wp-content\/uploads\/2020\/01\/ASIENTO-WC-ESTOLI-ALEXIA-DELANTERA.jpg","type":"image\/jpeg"}],"twitter_card":"summary_large_image","twitter_misc":{"Tiempo de lectura":"1 minuto"},"schema":{"@context":"https:\/\/schema.org","@graph":[{"@type":"WebPage","@id":"https:\/\/tuferreteria.online\/hazlo-tu-mismo\/tienda\/fontaneria\/bano-accesorios\/tapa-wc-alexia-blanco-80001-a-80\/","url":"https:\/\/tuferreteria.online\/hazlo-tu-mismo\/tienda\/fontaneria\/bano-accesorios\/tapa-wc-alexia-blanco-80001-a-80\/","name":"TAPA INODORO ALEXIA 80001 A-80 - Tienda de tuferreteria.online by Ferreter\u00eda La Salle","isPartOf":{"@id":"https:\/\/tuferreteria.online\/hazlo-tu-mismo\/#website"},"primaryImageOfPage":{"@id":"https:\/\/tuferreteria.online\/hazlo-tu-mismo\/tienda\/fontaneria\/bano-accesorios\/tapa-wc-alexia-blanco-80001-a-80\/#primaryimage"},"image":{"@id":"https:\/\/tuferreteria.online\/hazlo-tu-mismo\/tienda\/fontaneria\/bano-accesorios\/tapa-wc-alexia-blanco-80001-a-80\/#primaryimage"},"thumbnailUrl":"https:\/\/tuferreteria.online\/hazlo-tu-mismo\/wp-content\/uploads\/2020\/01\/ASIENTO-WC-ESTOLI-ALEXIA-DELANTERA.jpg","datePublished":"2020-01-27T09:55:33+00:00","dateModified":"2026-03-11T10:16:43+00:00","description":"La Tapa de WC modelo Alexia de color blanco. Entra y encontrar\u00e1s las medidas en la foto, para saber si es la que est\u00e1s buscando.","breadcrumb":{"@id":"https:\/\/tuferreteria.online\/hazlo-tu-mismo\/tienda\/fontaneria\/bano-accesorios\/tapa-wc-alexia-blanco-80001-a-80\/#breadcrumb"},"inLanguage":"es","potentialAction":[{"@type":"ReadAction","target":["https:\/\/tuferreteria.online\/hazlo-tu-mismo\/tienda\/fontaneria\/bano-accesorios\/tapa-wc-alexia-blanco-80001-a-80\/"]}]},{"@type":"ImageObject","inLanguage":"es","@id":"https:\/\/tuferreteria.online\/hazlo-tu-mismo\/tienda\/fontaneria\/bano-accesorios\/tapa-wc-alexia-blanco-80001-a-80\/#primaryimage","url":"https:\/\/tuferreteria.online\/hazlo-tu-mismo\/wp-content\/uploads\/2020\/01\/ASIENTO-WC-ESTOLI-ALEXIA-DELANTERA.jpg","contentUrl":"https:\/\/tuferreteria.online\/hazlo-tu-mismo\/wp-content\/uploads\/2020\/01\/ASIENTO-WC-ESTOLI-ALEXIA-DELANTERA.jpg","width":600,"height":600,"caption":"ASIENTO-WC-ESTOLI-ALEXIA-DELANTERA"},{"@type":"BreadcrumbList","@id":"https:\/\/tuferreteria.online\/hazlo-tu-mismo\/tienda\/fontaneria\/bano-accesorios\/tapa-wc-alexia-blanco-80001-a-80\/#breadcrumb","itemListElement":[{"@type":"ListItem","position":1,"name":"Portada","item":"https:\/\/tuferreteria.online\/hazlo-tu-mismo\/"},{"@type":"ListItem","position":2,"name":"Tienda","item":"https:\/\/tuferreteria.online\/hazlo-tu-mismo\/tienda\/"},{"@type":"ListItem","position":3,"name":"TAPA INODORO ALEXIA 80001 A-80"}]},{"@type":"WebSite","@id":"https:\/\/tuferreteria.online\/hazlo-tu-mismo\/#website","url":"https:\/\/tuferreteria.online\/hazlo-tu-mismo\/","name":"Tienda de tuferreteria.online by Ferreter\u00eda La Salle","description":"Hazlo tu mismo","potentialAction":[{"@type":"SearchAction","target":{"@type":"EntryPoint","urlTemplate":"https:\/\/tuferreteria.online\/hazlo-tu-mismo\/?s={search_term_string}"},"query-input":{"@type":"PropertyValueSpecification","valueRequired":true,"valueName":"search_term_string"}}],"inLanguage":"es"}]}},"_links":{"self":[{"href":"https:\/\/tuferreteria.online\/hazlo-tu-mismo\/wp-json\/wp\/v2\/product\/14053","targetHints":{"allow":["GET"]}}],"collection":[{"href":"https:\/\/tuferreteria.online\/hazlo-tu-mismo\/wp-json\/wp\/v2\/product"}],"about":[{"href":"https:\/\/tuferreteria.online\/hazlo-tu-mismo\/wp-json\/wp\/v2\/types\/product"}],"replies":[{"embeddable":true,"href":"https:\/\/tuferreteria.online\/hazlo-tu-mismo\/wp-json\/wp\/v2\/comments?post=14053"}],"wp:featuredmedia":[{"embeddable":true,"href":"https:\/\/tuferreteria.online\/hazlo-tu-mismo\/wp-json\/wp\/v2\/media\/14078"}],"wp:attachment":[{"href":"https:\/\/tuferreteria.online\/hazlo-tu-mismo\/wp-json\/wp\/v2\/media?parent=14053"}],"wp:term":[{"taxonomy":"brand","embeddable":true,"href":"https:\/\/tuferreteria.online\/hazlo-tu-mismo\/wp-json\/wp\/v2\/etheme_brands?post=14053"},{"taxonomy":"product_brand","embeddable":true,"href":"https:\/\/tuferreteria.online\/hazlo-tu-mismo\/wp-json\/wp\/v2\/product_brand?post=14053"},{"taxonomy":"product_cat","embeddable":true,"href":"https:\/\/tuferreteria.online\/hazlo-tu-mismo\/wp-json\/wp\/v2\/product_cat?post=14053"},{"taxonomy":"product_tag","embeddable":true,"href":"https:\/\/tuferreteria.online\/hazlo-tu-mismo\/wp-json\/wp\/v2\/product_tag?post=14053"}],"curies":[{"name":"wp","href":"https:\/\/api.w.org\/{rel}","templated":true}]}}