{"id":14055,"date":"2020-01-27T10:56:23","date_gmt":"2020-01-27T09:56:23","guid":{"rendered":"https:\/\/tuferreteria.online\/hazlo-tu-mismo\/tienda\/sin%20categor\u00eda\/asiento-zoom-blanco\/"},"modified":"2026-03-11T10:34:12","modified_gmt":"2026-03-11T09:34:12","slug":"tapa-de-inodoro-zoom-de-roca","status":"publish","type":"product","link":"https:\/\/tuferreteria.online\/hazlo-tu-mismo\/tienda\/fontaneria\/bano-accesorios\/tapa-de-inodoro-zoom-de-roca\/","title":{"rendered":"TAPA INODORO ZOOM DE ROCA"},"content":{"rendered":"<div class=\"wpb-content-wrapper\"><p>[vc_row][vc_column][vc_column_text]<\/p>\n<h2 style=\"text-align: center;\"><span style=\"font-size: 24pt; color: #f9e03a;\">Tapa de Inodoro Zoom de Roca<\/span><\/h2>\n<p>&nbsp;<\/p>\n<h3>Caracter\u00edsticas:<\/h3>\n<p>&nbsp;<\/p>\n<p style=\"text-align: justify;\">La Tapa de inodoro modelo Zomm de color blanco.<\/p>\n<p style=\"text-align: justify;\">Encontrar\u00e1s las medidas en la foto.<\/p>\n<p>Aqu\u00ed\u00a0 <span style=\"font-size: 14pt;\"><strong>\u21d3\u00a0<\/strong><\/span> abajo te dejamos con unas im\u00e1genes de c\u00f3mo tomar las medidas de tu tapa de WC.[\/vc_column_text][\/vc_column][\/vc_row][vc_row][vc_column][vc_gallery type=\u00bbimage_grid\u00bb images=\u00bb27274,27275,27276&#8243; img_size=\u00bb200&#215;200&#8243;][\/vc_column][\/vc_row]<\/p>\n<\/div>","protected":false},"excerpt":{"rendered":"<h2>TAPA ASIENTO WC ROCA<\/h2>\n","protected":false},"featured_media":14089,"comment_status":"closed","ping_status":"closed","template":"","meta":{"_exactmetrics_skip_tracking":false,"_exactmetrics_sitenote_active":false,"_exactmetrics_sitenote_note":"","_exactmetrics_sitenote_category":0,"_joinchat":[]},"etheme_brands":[{"term_id":190,"name":"ROCA","slug":"roca","term_group":0,"term_taxonomy_id":190,"taxonomy":"brand","description":"","parent":0,"count":17,"filter":"raw"}],"product_brand":[],"product_cat":[679,80,107],"product_tag":[1026,3337,682,458,3336,681,490],"class_list":{"0":"post-14055","1":"product","2":"type-product","3":"status-publish","4":"has-post-thumbnail","6":"brand-roca","7":"product_cat-accesorios-wc","8":"product_cat-bano-accesorios","9":"product_cat-fontaneria","10":"product_tag-abrazadera-metalica","11":"product_tag-asiento-inodoro-roca","12":"product_tag-bater","13":"product_tag-roca","14":"product_tag-tapa-de-inodoro-roca","15":"product_tag-vater","16":"product_tag-wc","17":"product_shipping_class-envio-peso","19":"first","20":"outofstock","21":"taxable","22":"shipping-taxable","23":"purchasable","24":"product-type-simple"},"yoast_head":"<!-- This site is optimized with the Yoast SEO plugin v24.9 - https:\/\/yoast.com\/wordpress\/plugins\/seo\/ -->\n<title>TAPA INODORO ZOOM DE ROCA - Tienda de tuferreteria.online by Ferreter\u00eda La Salle<\/title>\n<meta name=\"description\" content=\"La Tapa de inodoro modelo Zomm de Roca en color blanco. Entra y encontrar\u00e1s las medidas en la foto, para saber si es la que est\u00e1s buscando.\" \/>\n<meta name=\"robots\" content=\"index, follow, max-snippet:-1, max-image-preview:large, max-video-preview:-1\" \/>\n<link rel=\"canonical\" href=\"https:\/\/tuferreteria.online\/hazlo-tu-mismo\/tienda\/fontaneria\/bano-accesorios\/tapa-de-inodoro-zoom-de-roca\/\" \/>\n<meta property=\"og:locale\" content=\"es_ES\" \/>\n<meta property=\"og:type\" content=\"article\" \/>\n<meta property=\"og:title\" content=\"TAPA INODORO ZOOM DE ROCA - Tienda de tuferreteria.online by Ferreter\u00eda La Salle\" \/>\n<meta property=\"og:description\" content=\"La Tapa de inodoro modelo Zomm de Roca en color blanco. Entra y encontrar\u00e1s las medidas en la foto, para saber si es la que est\u00e1s buscando.\" \/>\n<meta property=\"og:url\" content=\"https:\/\/tuferreteria.online\/hazlo-tu-mismo\/tienda\/fontaneria\/bano-accesorios\/tapa-de-inodoro-zoom-de-roca\/\" \/>\n<meta property=\"og:site_name\" content=\"Tienda de tuferreteria.online by Ferreter\u00eda La Salle\" \/>\n<meta property=\"article:modified_time\" content=\"2026-03-11T09:34:12+00:00\" \/>\n<meta property=\"og:image\" content=\"https:\/\/tuferreteria.online\/hazlo-tu-mismo\/wp-content\/uploads\/2020\/01\/ASIENTO-WC-ROCA-ZOOM-DELANTERA.jpg\" \/>\n\t<meta property=\"og:image:width\" content=\"600\" \/>\n\t<meta property=\"og:image:height\" content=\"600\" \/>\n\t<meta property=\"og:image:type\" content=\"image\/jpeg\" \/>\n<meta name=\"twitter:card\" content=\"summary_large_image\" \/>\n<meta name=\"twitter:label1\" content=\"Tiempo de lectura\" \/>\n\t<meta name=\"twitter:data1\" content=\"1 minuto\" \/>\n<script type=\"application\/ld+json\" class=\"yoast-schema-graph\">{\"@context\":\"https:\/\/schema.org\",\"@graph\":[{\"@type\":\"WebPage\",\"@id\":\"https:\/\/tuferreteria.online\/hazlo-tu-mismo\/tienda\/fontaneria\/bano-accesorios\/tapa-de-inodoro-zoom-de-roca\/\",\"url\":\"https:\/\/tuferreteria.online\/hazlo-tu-mismo\/tienda\/fontaneria\/bano-accesorios\/tapa-de-inodoro-zoom-de-roca\/\",\"name\":\"TAPA INODORO ZOOM DE ROCA - Tienda de tuferreteria.online by Ferreter\u00eda La Salle\",\"isPartOf\":{\"@id\":\"https:\/\/tuferreteria.online\/hazlo-tu-mismo\/#website\"},\"primaryImageOfPage\":{\"@id\":\"https:\/\/tuferreteria.online\/hazlo-tu-mismo\/tienda\/fontaneria\/bano-accesorios\/tapa-de-inodoro-zoom-de-roca\/#primaryimage\"},\"image\":{\"@id\":\"https:\/\/tuferreteria.online\/hazlo-tu-mismo\/tienda\/fontaneria\/bano-accesorios\/tapa-de-inodoro-zoom-de-roca\/#primaryimage\"},\"thumbnailUrl\":\"https:\/\/tuferreteria.online\/hazlo-tu-mismo\/wp-content\/uploads\/2020\/01\/ASIENTO-WC-ROCA-ZOOM-DELANTERA.jpg\",\"datePublished\":\"2020-01-27T09:56:23+00:00\",\"dateModified\":\"2026-03-11T09:34:12+00:00\",\"description\":\"La Tapa de inodoro modelo Zomm de Roca en color blanco. Entra y encontrar\u00e1s las medidas en la foto, para saber si es la que est\u00e1s buscando.\",\"breadcrumb\":{\"@id\":\"https:\/\/tuferreteria.online\/hazlo-tu-mismo\/tienda\/fontaneria\/bano-accesorios\/tapa-de-inodoro-zoom-de-roca\/#breadcrumb\"},\"inLanguage\":\"es\",\"potentialAction\":[{\"@type\":\"ReadAction\",\"target\":[\"https:\/\/tuferreteria.online\/hazlo-tu-mismo\/tienda\/fontaneria\/bano-accesorios\/tapa-de-inodoro-zoom-de-roca\/\"]}]},{\"@type\":\"ImageObject\",\"inLanguage\":\"es\",\"@id\":\"https:\/\/tuferreteria.online\/hazlo-tu-mismo\/tienda\/fontaneria\/bano-accesorios\/tapa-de-inodoro-zoom-de-roca\/#primaryimage\",\"url\":\"https:\/\/tuferreteria.online\/hazlo-tu-mismo\/wp-content\/uploads\/2020\/01\/ASIENTO-WC-ROCA-ZOOM-DELANTERA.jpg\",\"contentUrl\":\"https:\/\/tuferreteria.online\/hazlo-tu-mismo\/wp-content\/uploads\/2020\/01\/ASIENTO-WC-ROCA-ZOOM-DELANTERA.jpg\",\"width\":600,\"height\":600,\"caption\":\"ASIENTO-WC-ROCA-ZOOM-DELANTERA\"},{\"@type\":\"BreadcrumbList\",\"@id\":\"https:\/\/tuferreteria.online\/hazlo-tu-mismo\/tienda\/fontaneria\/bano-accesorios\/tapa-de-inodoro-zoom-de-roca\/#breadcrumb\",\"itemListElement\":[{\"@type\":\"ListItem\",\"position\":1,\"name\":\"Portada\",\"item\":\"https:\/\/tuferreteria.online\/hazlo-tu-mismo\/\"},{\"@type\":\"ListItem\",\"position\":2,\"name\":\"Tienda\",\"item\":\"https:\/\/tuferreteria.online\/hazlo-tu-mismo\/tienda\/\"},{\"@type\":\"ListItem\",\"position\":3,\"name\":\"TAPA INODORO ZOOM DE ROCA\"}]},{\"@type\":\"WebSite\",\"@id\":\"https:\/\/tuferreteria.online\/hazlo-tu-mismo\/#website\",\"url\":\"https:\/\/tuferreteria.online\/hazlo-tu-mismo\/\",\"name\":\"Tienda de tuferreteria.online by Ferreter\u00eda La Salle\",\"description\":\"Hazlo tu mismo\",\"potentialAction\":[{\"@type\":\"SearchAction\",\"target\":{\"@type\":\"EntryPoint\",\"urlTemplate\":\"https:\/\/tuferreteria.online\/hazlo-tu-mismo\/?s={search_term_string}\"},\"query-input\":{\"@type\":\"PropertyValueSpecification\",\"valueRequired\":true,\"valueName\":\"search_term_string\"}}],\"inLanguage\":\"es\"}]}<\/script>\n<!-- \/ Yoast SEO plugin. -->","yoast_head_json":{"title":"TAPA INODORO ZOOM DE ROCA - Tienda de tuferreteria.online by Ferreter\u00eda La Salle","description":"La Tapa de inodoro modelo Zomm de Roca en color blanco. Entra y encontrar\u00e1s las medidas en la foto, para saber si es la que est\u00e1s buscando.","robots":{"index":"index","follow":"follow","max-snippet":"max-snippet:-1","max-image-preview":"max-image-preview:large","max-video-preview":"max-video-preview:-1"},"canonical":"https:\/\/tuferreteria.online\/hazlo-tu-mismo\/tienda\/fontaneria\/bano-accesorios\/tapa-de-inodoro-zoom-de-roca\/","og_locale":"es_ES","og_type":"article","og_title":"TAPA INODORO ZOOM DE ROCA - Tienda de tuferreteria.online by Ferreter\u00eda La Salle","og_description":"La Tapa de inodoro modelo Zomm de Roca en color blanco. Entra y encontrar\u00e1s las medidas en la foto, para saber si es la que est\u00e1s buscando.","og_url":"https:\/\/tuferreteria.online\/hazlo-tu-mismo\/tienda\/fontaneria\/bano-accesorios\/tapa-de-inodoro-zoom-de-roca\/","og_site_name":"Tienda de tuferreteria.online by Ferreter\u00eda La Salle","article_modified_time":"2026-03-11T09:34:12+00:00","og_image":[{"width":600,"height":600,"url":"https:\/\/tuferreteria.online\/hazlo-tu-mismo\/wp-content\/uploads\/2020\/01\/ASIENTO-WC-ROCA-ZOOM-DELANTERA.jpg","type":"image\/jpeg"}],"twitter_card":"summary_large_image","twitter_misc":{"Tiempo de lectura":"1 minuto"},"schema":{"@context":"https:\/\/schema.org","@graph":[{"@type":"WebPage","@id":"https:\/\/tuferreteria.online\/hazlo-tu-mismo\/tienda\/fontaneria\/bano-accesorios\/tapa-de-inodoro-zoom-de-roca\/","url":"https:\/\/tuferreteria.online\/hazlo-tu-mismo\/tienda\/fontaneria\/bano-accesorios\/tapa-de-inodoro-zoom-de-roca\/","name":"TAPA INODORO ZOOM DE ROCA - Tienda de tuferreteria.online by Ferreter\u00eda La Salle","isPartOf":{"@id":"https:\/\/tuferreteria.online\/hazlo-tu-mismo\/#website"},"primaryImageOfPage":{"@id":"https:\/\/tuferreteria.online\/hazlo-tu-mismo\/tienda\/fontaneria\/bano-accesorios\/tapa-de-inodoro-zoom-de-roca\/#primaryimage"},"image":{"@id":"https:\/\/tuferreteria.online\/hazlo-tu-mismo\/tienda\/fontaneria\/bano-accesorios\/tapa-de-inodoro-zoom-de-roca\/#primaryimage"},"thumbnailUrl":"https:\/\/tuferreteria.online\/hazlo-tu-mismo\/wp-content\/uploads\/2020\/01\/ASIENTO-WC-ROCA-ZOOM-DELANTERA.jpg","datePublished":"2020-01-27T09:56:23+00:00","dateModified":"2026-03-11T09:34:12+00:00","description":"La Tapa de inodoro modelo Zomm de Roca en color blanco. Entra y encontrar\u00e1s las medidas en la foto, para saber si es la que est\u00e1s buscando.","breadcrumb":{"@id":"https:\/\/tuferreteria.online\/hazlo-tu-mismo\/tienda\/fontaneria\/bano-accesorios\/tapa-de-inodoro-zoom-de-roca\/#breadcrumb"},"inLanguage":"es","potentialAction":[{"@type":"ReadAction","target":["https:\/\/tuferreteria.online\/hazlo-tu-mismo\/tienda\/fontaneria\/bano-accesorios\/tapa-de-inodoro-zoom-de-roca\/"]}]},{"@type":"ImageObject","inLanguage":"es","@id":"https:\/\/tuferreteria.online\/hazlo-tu-mismo\/tienda\/fontaneria\/bano-accesorios\/tapa-de-inodoro-zoom-de-roca\/#primaryimage","url":"https:\/\/tuferreteria.online\/hazlo-tu-mismo\/wp-content\/uploads\/2020\/01\/ASIENTO-WC-ROCA-ZOOM-DELANTERA.jpg","contentUrl":"https:\/\/tuferreteria.online\/hazlo-tu-mismo\/wp-content\/uploads\/2020\/01\/ASIENTO-WC-ROCA-ZOOM-DELANTERA.jpg","width":600,"height":600,"caption":"ASIENTO-WC-ROCA-ZOOM-DELANTERA"},{"@type":"BreadcrumbList","@id":"https:\/\/tuferreteria.online\/hazlo-tu-mismo\/tienda\/fontaneria\/bano-accesorios\/tapa-de-inodoro-zoom-de-roca\/#breadcrumb","itemListElement":[{"@type":"ListItem","position":1,"name":"Portada","item":"https:\/\/tuferreteria.online\/hazlo-tu-mismo\/"},{"@type":"ListItem","position":2,"name":"Tienda","item":"https:\/\/tuferreteria.online\/hazlo-tu-mismo\/tienda\/"},{"@type":"ListItem","position":3,"name":"TAPA INODORO ZOOM DE ROCA"}]},{"@type":"WebSite","@id":"https:\/\/tuferreteria.online\/hazlo-tu-mismo\/#website","url":"https:\/\/tuferreteria.online\/hazlo-tu-mismo\/","name":"Tienda de tuferreteria.online by Ferreter\u00eda La Salle","description":"Hazlo tu mismo","potentialAction":[{"@type":"SearchAction","target":{"@type":"EntryPoint","urlTemplate":"https:\/\/tuferreteria.online\/hazlo-tu-mismo\/?s={search_term_string}"},"query-input":{"@type":"PropertyValueSpecification","valueRequired":true,"valueName":"search_term_string"}}],"inLanguage":"es"}]}},"_links":{"self":[{"href":"https:\/\/tuferreteria.online\/hazlo-tu-mismo\/wp-json\/wp\/v2\/product\/14055","targetHints":{"allow":["GET"]}}],"collection":[{"href":"https:\/\/tuferreteria.online\/hazlo-tu-mismo\/wp-json\/wp\/v2\/product"}],"about":[{"href":"https:\/\/tuferreteria.online\/hazlo-tu-mismo\/wp-json\/wp\/v2\/types\/product"}],"replies":[{"embeddable":true,"href":"https:\/\/tuferreteria.online\/hazlo-tu-mismo\/wp-json\/wp\/v2\/comments?post=14055"}],"wp:featuredmedia":[{"embeddable":true,"href":"https:\/\/tuferreteria.online\/hazlo-tu-mismo\/wp-json\/wp\/v2\/media\/14089"}],"wp:attachment":[{"href":"https:\/\/tuferreteria.online\/hazlo-tu-mismo\/wp-json\/wp\/v2\/media?parent=14055"}],"wp:term":[{"taxonomy":"brand","embeddable":true,"href":"https:\/\/tuferreteria.online\/hazlo-tu-mismo\/wp-json\/wp\/v2\/etheme_brands?post=14055"},{"taxonomy":"product_brand","embeddable":true,"href":"https:\/\/tuferreteria.online\/hazlo-tu-mismo\/wp-json\/wp\/v2\/product_brand?post=14055"},{"taxonomy":"product_cat","embeddable":true,"href":"https:\/\/tuferreteria.online\/hazlo-tu-mismo\/wp-json\/wp\/v2\/product_cat?post=14055"},{"taxonomy":"product_tag","embeddable":true,"href":"https:\/\/tuferreteria.online\/hazlo-tu-mismo\/wp-json\/wp\/v2\/product_tag?post=14055"}],"curies":[{"name":"wp","href":"https:\/\/api.w.org\/{rel}","templated":true}]}}