{"id":14234,"date":"2020-02-03T13:29:36","date_gmt":"2020-02-03T12:29:36","guid":{"rendered":"https:\/\/tuferreteria.online\/hazlo-tu-mismo\/tienda\/sin%20categor\u00eda\/guante-desechable-nitrilo-negro-t-m-50-udes\/"},"modified":"2026-03-11T11:30:21","modified_gmt":"2026-03-11T10:30:21","slug":"guante-desechable-nitrilo-negro","status":"publish","type":"product","link":"https:\/\/tuferreteria.online\/hazlo-tu-mismo\/tienda\/ferreteria\/proteccion-seguridad\/guantes\/guante-desechable-nitrilo-negro\/","title":{"rendered":"GUANTE DESECHABLE NITRILO NEGRO"},"content":{"rendered":"<div class=\"wpb-content-wrapper\"><p>[vc_row][vc_column][vc_column_text]<\/p>\n<h2 style=\"text-align: center;\"><span style=\"font-size: 24pt; color: #f9e03a;\">Guante Desechable Nitrilo Negro<\/span><\/h2>\n<p>&nbsp;<\/p>\n<h3>Caracter\u00edsticas:<\/h3>\n<p>&nbsp;<\/p>\n<p style=\"text-align: justify;\">El guante desechable de Nitrilo negro, tienen una textura rugosa para una mejor resistencia y agarre, por ambas caras haciendo as\u00ed posible su uso ambidiestro.<\/p>\n<p style=\"text-align: justify;\">Este guante est\u00e1 destinado a la protecci\u00f3n de la mano contra micro organismos y productos qu\u00edmicos. EPI de CAT.III que protege de riesgos o lesiones irreversibles, con peligro mortal o que puedan causar lesiones muy graves. No recomendado para riesgos mec\u00e1nicos.<\/p>\n<p style=\"text-align: justify;\">No contienen polvo.<\/p>\n<p style=\"text-align: justify;\">Se suministran en cajas de 50 Unidades.<\/p>\n<p style=\"text-align: justify;\">En las variaciones podr\u00e1s elegir tu talla entre 7\/P &#8211; 8\/M &#8211; 9\/L &#8211; 10\/XL.<\/p>\n<p>[\/vc_column_text][\/vc_column][\/vc_row]<\/p>\n<\/div>","protected":false},"excerpt":{"rendered":"<h2>GUANTE DESECHABLE NITRILO NEGRO<\/h2>\n","protected":false},"featured_media":14269,"comment_status":"closed","ping_status":"closed","template":"","meta":{"_exactmetrics_skip_tracking":false,"_exactmetrics_sitenote_active":false,"_exactmetrics_sitenote_note":"","_exactmetrics_sitenote_category":0,"_joinchat":[]},"etheme_brands":[{"term_id":129,"name":"JUBA","slug":"juba","term_group":0,"term_taxonomy_id":129,"taxonomy":"brand","description":"","parent":0,"count":3,"filter":"raw"}],"product_brand":[],"product_cat":[416,155,518],"product_tag":[2974,694,690,695,696],"class_list":{"0":"post-14234","1":"product","2":"type-product","3":"status-publish","4":"has-post-thumbnail","6":"brand-juba","7":"product_cat-ferreteria","8":"product_cat-guantes","9":"product_cat-proteccion-seguridad","10":"product_tag-comprar-guante-desechable-resistente","11":"product_tag-desechable","12":"product_tag-guante","13":"product_tag-microorganismos","14":"product_tag-porteccion","15":"product_shipping_class-envio-peso","17":"first","18":"instock","19":"taxable","20":"shipping-taxable","21":"purchasable","22":"product-type-variable"},"yoast_head":"<!-- This site is optimized with the Yoast SEO plugin v24.9 - https:\/\/yoast.com\/wordpress\/plugins\/seo\/ -->\n<title>GUANTE DESECHABLE NITRILO NEGRO - Tienda de tuferreteria.online by Ferreter\u00eda La Salle<\/title>\n<meta name=\"description\" content=\"El guante desechable de Nitrilo negro, tienen una textura rugosa para una mejor resistencia y agarre, por ambas caras haciendo as\u00ed posible su uso ambidiestro.\" \/>\n<meta name=\"robots\" content=\"index, follow, max-snippet:-1, max-image-preview:large, max-video-preview:-1\" \/>\n<link rel=\"canonical\" href=\"https:\/\/tuferreteria.online\/hazlo-tu-mismo\/tienda\/ferreteria\/proteccion-seguridad\/guantes\/guante-desechable-nitrilo-negro\/\" \/>\n<meta property=\"og:locale\" content=\"es_ES\" \/>\n<meta property=\"og:type\" content=\"article\" \/>\n<meta property=\"og:title\" content=\"GUANTE DESECHABLE NITRILO NEGRO - Tienda de tuferreteria.online by Ferreter\u00eda La Salle\" \/>\n<meta property=\"og:description\" content=\"El guante desechable de Nitrilo negro, tienen una textura rugosa para una mejor resistencia y agarre, por ambas caras haciendo as\u00ed posible su uso ambidiestro.\" \/>\n<meta property=\"og:url\" content=\"https:\/\/tuferreteria.online\/hazlo-tu-mismo\/tienda\/ferreteria\/proteccion-seguridad\/guantes\/guante-desechable-nitrilo-negro\/\" \/>\n<meta property=\"og:site_name\" content=\"Tienda de tuferreteria.online by Ferreter\u00eda La Salle\" \/>\n<meta property=\"article:modified_time\" content=\"2026-03-11T10:30:21+00:00\" \/>\n<meta property=\"og:image\" content=\"https:\/\/tuferreteria.online\/hazlo-tu-mismo\/wp-content\/uploads\/2020\/02\/GUANTES-NITRILO-NEGRO-DORSO-MANO.jpg\" \/>\n\t<meta property=\"og:image:width\" content=\"600\" \/>\n\t<meta property=\"og:image:height\" content=\"600\" \/>\n\t<meta property=\"og:image:type\" content=\"image\/jpeg\" \/>\n<meta name=\"twitter:card\" content=\"summary_large_image\" \/>\n<meta name=\"twitter:label1\" content=\"Tiempo de lectura\" \/>\n\t<meta name=\"twitter:data1\" content=\"1 minuto\" \/>\n<script type=\"application\/ld+json\" class=\"yoast-schema-graph\">{\"@context\":\"https:\/\/schema.org\",\"@graph\":[{\"@type\":\"WebPage\",\"@id\":\"https:\/\/tuferreteria.online\/hazlo-tu-mismo\/tienda\/ferreteria\/proteccion-seguridad\/guantes\/guante-desechable-nitrilo-negro\/\",\"url\":\"https:\/\/tuferreteria.online\/hazlo-tu-mismo\/tienda\/ferreteria\/proteccion-seguridad\/guantes\/guante-desechable-nitrilo-negro\/\",\"name\":\"GUANTE DESECHABLE NITRILO NEGRO - Tienda de tuferreteria.online by Ferreter\u00eda La Salle\",\"isPartOf\":{\"@id\":\"https:\/\/tuferreteria.online\/hazlo-tu-mismo\/#website\"},\"primaryImageOfPage\":{\"@id\":\"https:\/\/tuferreteria.online\/hazlo-tu-mismo\/tienda\/ferreteria\/proteccion-seguridad\/guantes\/guante-desechable-nitrilo-negro\/#primaryimage\"},\"image\":{\"@id\":\"https:\/\/tuferreteria.online\/hazlo-tu-mismo\/tienda\/ferreteria\/proteccion-seguridad\/guantes\/guante-desechable-nitrilo-negro\/#primaryimage\"},\"thumbnailUrl\":\"https:\/\/tuferreteria.online\/hazlo-tu-mismo\/wp-content\/uploads\/2020\/02\/GUANTES-NITRILO-NEGRO-DORSO-MANO.jpg\",\"datePublished\":\"2020-02-03T12:29:36+00:00\",\"dateModified\":\"2026-03-11T10:30:21+00:00\",\"description\":\"El guante desechable de Nitrilo negro, tienen una textura rugosa para una mejor resistencia y agarre, por ambas caras haciendo as\u00ed posible su uso ambidiestro.\",\"breadcrumb\":{\"@id\":\"https:\/\/tuferreteria.online\/hazlo-tu-mismo\/tienda\/ferreteria\/proteccion-seguridad\/guantes\/guante-desechable-nitrilo-negro\/#breadcrumb\"},\"inLanguage\":\"es\",\"potentialAction\":[{\"@type\":\"ReadAction\",\"target\":[\"https:\/\/tuferreteria.online\/hazlo-tu-mismo\/tienda\/ferreteria\/proteccion-seguridad\/guantes\/guante-desechable-nitrilo-negro\/\"]}]},{\"@type\":\"ImageObject\",\"inLanguage\":\"es\",\"@id\":\"https:\/\/tuferreteria.online\/hazlo-tu-mismo\/tienda\/ferreteria\/proteccion-seguridad\/guantes\/guante-desechable-nitrilo-negro\/#primaryimage\",\"url\":\"https:\/\/tuferreteria.online\/hazlo-tu-mismo\/wp-content\/uploads\/2020\/02\/GUANTES-NITRILO-NEGRO-DORSO-MANO.jpg\",\"contentUrl\":\"https:\/\/tuferreteria.online\/hazlo-tu-mismo\/wp-content\/uploads\/2020\/02\/GUANTES-NITRILO-NEGRO-DORSO-MANO.jpg\",\"width\":600,\"height\":600,\"caption\":\"GUANTES-NITRILO-NEGRO-DORSO-MANO\"},{\"@type\":\"BreadcrumbList\",\"@id\":\"https:\/\/tuferreteria.online\/hazlo-tu-mismo\/tienda\/ferreteria\/proteccion-seguridad\/guantes\/guante-desechable-nitrilo-negro\/#breadcrumb\",\"itemListElement\":[{\"@type\":\"ListItem\",\"position\":1,\"name\":\"Portada\",\"item\":\"https:\/\/tuferreteria.online\/hazlo-tu-mismo\/\"},{\"@type\":\"ListItem\",\"position\":2,\"name\":\"Tienda\",\"item\":\"https:\/\/tuferreteria.online\/hazlo-tu-mismo\/tienda\/\"},{\"@type\":\"ListItem\",\"position\":3,\"name\":\"GUANTE DESECHABLE NITRILO NEGRO\"}]},{\"@type\":\"WebSite\",\"@id\":\"https:\/\/tuferreteria.online\/hazlo-tu-mismo\/#website\",\"url\":\"https:\/\/tuferreteria.online\/hazlo-tu-mismo\/\",\"name\":\"Tienda de tuferreteria.online by Ferreter\u00eda La Salle\",\"description\":\"Hazlo tu mismo\",\"potentialAction\":[{\"@type\":\"SearchAction\",\"target\":{\"@type\":\"EntryPoint\",\"urlTemplate\":\"https:\/\/tuferreteria.online\/hazlo-tu-mismo\/?s={search_term_string}\"},\"query-input\":{\"@type\":\"PropertyValueSpecification\",\"valueRequired\":true,\"valueName\":\"search_term_string\"}}],\"inLanguage\":\"es\"}]}<\/script>\n<!-- \/ Yoast SEO plugin. -->","yoast_head_json":{"title":"GUANTE DESECHABLE NITRILO NEGRO - Tienda de tuferreteria.online by Ferreter\u00eda La Salle","description":"El guante desechable de Nitrilo negro, tienen una textura rugosa para una mejor resistencia y agarre, por ambas caras haciendo as\u00ed posible su uso ambidiestro.","robots":{"index":"index","follow":"follow","max-snippet":"max-snippet:-1","max-image-preview":"max-image-preview:large","max-video-preview":"max-video-preview:-1"},"canonical":"https:\/\/tuferreteria.online\/hazlo-tu-mismo\/tienda\/ferreteria\/proteccion-seguridad\/guantes\/guante-desechable-nitrilo-negro\/","og_locale":"es_ES","og_type":"article","og_title":"GUANTE DESECHABLE NITRILO NEGRO - Tienda de tuferreteria.online by Ferreter\u00eda La Salle","og_description":"El guante desechable de Nitrilo negro, tienen una textura rugosa para una mejor resistencia y agarre, por ambas caras haciendo as\u00ed posible su uso ambidiestro.","og_url":"https:\/\/tuferreteria.online\/hazlo-tu-mismo\/tienda\/ferreteria\/proteccion-seguridad\/guantes\/guante-desechable-nitrilo-negro\/","og_site_name":"Tienda de tuferreteria.online by Ferreter\u00eda La Salle","article_modified_time":"2026-03-11T10:30:21+00:00","og_image":[{"width":600,"height":600,"url":"https:\/\/tuferreteria.online\/hazlo-tu-mismo\/wp-content\/uploads\/2020\/02\/GUANTES-NITRILO-NEGRO-DORSO-MANO.jpg","type":"image\/jpeg"}],"twitter_card":"summary_large_image","twitter_misc":{"Tiempo de lectura":"1 minuto"},"schema":{"@context":"https:\/\/schema.org","@graph":[{"@type":"WebPage","@id":"https:\/\/tuferreteria.online\/hazlo-tu-mismo\/tienda\/ferreteria\/proteccion-seguridad\/guantes\/guante-desechable-nitrilo-negro\/","url":"https:\/\/tuferreteria.online\/hazlo-tu-mismo\/tienda\/ferreteria\/proteccion-seguridad\/guantes\/guante-desechable-nitrilo-negro\/","name":"GUANTE DESECHABLE NITRILO NEGRO - Tienda de tuferreteria.online by Ferreter\u00eda La Salle","isPartOf":{"@id":"https:\/\/tuferreteria.online\/hazlo-tu-mismo\/#website"},"primaryImageOfPage":{"@id":"https:\/\/tuferreteria.online\/hazlo-tu-mismo\/tienda\/ferreteria\/proteccion-seguridad\/guantes\/guante-desechable-nitrilo-negro\/#primaryimage"},"image":{"@id":"https:\/\/tuferreteria.online\/hazlo-tu-mismo\/tienda\/ferreteria\/proteccion-seguridad\/guantes\/guante-desechable-nitrilo-negro\/#primaryimage"},"thumbnailUrl":"https:\/\/tuferreteria.online\/hazlo-tu-mismo\/wp-content\/uploads\/2020\/02\/GUANTES-NITRILO-NEGRO-DORSO-MANO.jpg","datePublished":"2020-02-03T12:29:36+00:00","dateModified":"2026-03-11T10:30:21+00:00","description":"El guante desechable de Nitrilo negro, tienen una textura rugosa para una mejor resistencia y agarre, por ambas caras haciendo as\u00ed posible su uso ambidiestro.","breadcrumb":{"@id":"https:\/\/tuferreteria.online\/hazlo-tu-mismo\/tienda\/ferreteria\/proteccion-seguridad\/guantes\/guante-desechable-nitrilo-negro\/#breadcrumb"},"inLanguage":"es","potentialAction":[{"@type":"ReadAction","target":["https:\/\/tuferreteria.online\/hazlo-tu-mismo\/tienda\/ferreteria\/proteccion-seguridad\/guantes\/guante-desechable-nitrilo-negro\/"]}]},{"@type":"ImageObject","inLanguage":"es","@id":"https:\/\/tuferreteria.online\/hazlo-tu-mismo\/tienda\/ferreteria\/proteccion-seguridad\/guantes\/guante-desechable-nitrilo-negro\/#primaryimage","url":"https:\/\/tuferreteria.online\/hazlo-tu-mismo\/wp-content\/uploads\/2020\/02\/GUANTES-NITRILO-NEGRO-DORSO-MANO.jpg","contentUrl":"https:\/\/tuferreteria.online\/hazlo-tu-mismo\/wp-content\/uploads\/2020\/02\/GUANTES-NITRILO-NEGRO-DORSO-MANO.jpg","width":600,"height":600,"caption":"GUANTES-NITRILO-NEGRO-DORSO-MANO"},{"@type":"BreadcrumbList","@id":"https:\/\/tuferreteria.online\/hazlo-tu-mismo\/tienda\/ferreteria\/proteccion-seguridad\/guantes\/guante-desechable-nitrilo-negro\/#breadcrumb","itemListElement":[{"@type":"ListItem","position":1,"name":"Portada","item":"https:\/\/tuferreteria.online\/hazlo-tu-mismo\/"},{"@type":"ListItem","position":2,"name":"Tienda","item":"https:\/\/tuferreteria.online\/hazlo-tu-mismo\/tienda\/"},{"@type":"ListItem","position":3,"name":"GUANTE DESECHABLE NITRILO NEGRO"}]},{"@type":"WebSite","@id":"https:\/\/tuferreteria.online\/hazlo-tu-mismo\/#website","url":"https:\/\/tuferreteria.online\/hazlo-tu-mismo\/","name":"Tienda de tuferreteria.online by Ferreter\u00eda La Salle","description":"Hazlo tu mismo","potentialAction":[{"@type":"SearchAction","target":{"@type":"EntryPoint","urlTemplate":"https:\/\/tuferreteria.online\/hazlo-tu-mismo\/?s={search_term_string}"},"query-input":{"@type":"PropertyValueSpecification","valueRequired":true,"valueName":"search_term_string"}}],"inLanguage":"es"}]}},"_links":{"self":[{"href":"https:\/\/tuferreteria.online\/hazlo-tu-mismo\/wp-json\/wp\/v2\/product\/14234","targetHints":{"allow":["GET"]}}],"collection":[{"href":"https:\/\/tuferreteria.online\/hazlo-tu-mismo\/wp-json\/wp\/v2\/product"}],"about":[{"href":"https:\/\/tuferreteria.online\/hazlo-tu-mismo\/wp-json\/wp\/v2\/types\/product"}],"replies":[{"embeddable":true,"href":"https:\/\/tuferreteria.online\/hazlo-tu-mismo\/wp-json\/wp\/v2\/comments?post=14234"}],"wp:featuredmedia":[{"embeddable":true,"href":"https:\/\/tuferreteria.online\/hazlo-tu-mismo\/wp-json\/wp\/v2\/media\/14269"}],"wp:attachment":[{"href":"https:\/\/tuferreteria.online\/hazlo-tu-mismo\/wp-json\/wp\/v2\/media?parent=14234"}],"wp:term":[{"taxonomy":"brand","embeddable":true,"href":"https:\/\/tuferreteria.online\/hazlo-tu-mismo\/wp-json\/wp\/v2\/etheme_brands?post=14234"},{"taxonomy":"product_brand","embeddable":true,"href":"https:\/\/tuferreteria.online\/hazlo-tu-mismo\/wp-json\/wp\/v2\/product_brand?post=14234"},{"taxonomy":"product_cat","embeddable":true,"href":"https:\/\/tuferreteria.online\/hazlo-tu-mismo\/wp-json\/wp\/v2\/product_cat?post=14234"},{"taxonomy":"product_tag","embeddable":true,"href":"https:\/\/tuferreteria.online\/hazlo-tu-mismo\/wp-json\/wp\/v2\/product_tag?post=14234"}],"curies":[{"name":"wp","href":"https:\/\/api.w.org\/{rel}","templated":true}]}}