{"id":14590,"date":"2020-02-14T11:49:36","date_gmt":"2020-02-14T10:49:36","guid":{"rendered":"https:\/\/tuferreteria.online\/hazlo-tu-mismo\/tienda\/sin%20categor\u00eda\/martillo-comb-makita-3-posici-hr2631ft\/"},"modified":"2026-03-11T11:25:27","modified_gmt":"2026-03-11T10:25:27","slug":"martillo-combinado-makita-hr2631ft","status":"publish","type":"product","link":"https:\/\/tuferreteria.online\/hazlo-tu-mismo\/tienda\/ferreteria\/herramienta-electrica\/martillo-combinado-makita-hr2631ft\/","title":{"rendered":"MARTILLO COMBINADO MAKITA HR2631FT"},"content":{"rendered":"<div class=\"wpb-content-wrapper\"><p>[vc_row][vc_column][vc_column_text]<\/p>\n<h2 style=\"text-align: center;\"><span style=\"font-size: 24pt; color: #f9e03a;\">Martillo Combinado Makita<\/span><\/h2>\n<p>&nbsp;<\/p>\n<h3>Caracter\u00edsticas:<\/h3>\n<p>&nbsp;<\/p>\n<p style=\"text-align: justify;\">El Martillo Combinado Makita tiene 3 posiciones: rotaci\u00f3n, percusi\u00f3n y rotaci\u00f3n + percusi\u00f3n.<\/p>\n<p style=\"text-align: justify;\">Martillo con baja vibraci\u00f3n para mayor comodidad.<\/p>\n<p style=\"text-align: justify;\">Con sistema de cambio de giro que permite cambiar la posici\u00f3n de las escobillas respecto del inducido, consiguiendo as\u00ed m\u00e1s potencia y alargando la vida \u00fatil de las mismas.<\/p>\n<p style=\"text-align: justify;\">Cuando la punta de la broca se bloquea accidentalmente, el limitador de par para la rotaci\u00f3n de la broca (embrague de seguridad)<\/p>\n<p style=\"text-align: justify;\">La broca se introduce en la herramienta hasta 44,5 mm. para una m\u00ednima oscilaci\u00f3n.<\/p>\n<p style=\"text-align: justify;\">Con una potencia de 800 W.<\/p>\n<p style=\"text-align: justify;\">Con sistema SDS-Plus<\/p>\n<p style=\"text-align: justify;\">Con unas dimensiones de largo x ancho x alto de: 361 x 77 x 209 mm.<\/p>\n<p style=\"text-align: justify;\">Incluye portabrocas martillo ligero, portaherramientas martillo ligero y malet\u00edn de transporte.<\/p>\n<p>[\/vc_column_text][\/vc_column][\/vc_row]<\/p>\n<\/div>","protected":false},"excerpt":{"rendered":"<h2>MARTILLO MAKITA HR2631FT<\/h2>\n","protected":false},"featured_media":14610,"comment_status":"closed","ping_status":"closed","template":"","meta":{"_exactmetrics_skip_tracking":false,"_exactmetrics_sitenote_active":false,"_exactmetrics_sitenote_note":"","_exactmetrics_sitenote_category":0,"_joinchat":[]},"etheme_brands":[{"term_id":494,"name":"MAKITA","slug":"makita","term_group":0,"term_taxonomy_id":494,"taxonomy":"brand","description":"","parent":0,"count":27,"filter":"raw"}],"product_brand":[],"product_cat":[416,55,102],"product_tag":[3223,702,3222,280,700,642],"class_list":{"0":"post-14590","1":"product","2":"type-product","3":"status-publish","4":"has-post-thumbnail","6":"brand-makita","7":"product_cat-ferreteria","8":"product_cat-herramienta-electrica","9":"product_cat-martillos-herramienta-electrica","10":"product_tag-comprar-herramienta-makita","11":"product_tag-maritllo","12":"product_tag-martillo-makita-hr2631ft","13":"product_tag-percutor","14":"product_tag-pica-pica","15":"product_tag-sds-plus","16":"product_shipping_class-envio-peso","18":"first","19":"outofstock","20":"taxable","21":"shipping-taxable","22":"purchasable","23":"product-type-simple"},"yoast_head":"<!-- This site is optimized with the Yoast SEO plugin v24.9 - https:\/\/yoast.com\/wordpress\/plugins\/seo\/ -->\n<title>MARTILLO COMBINADO MAKITA HR2631FT - Tienda de tuferreteria.online by Ferreter\u00eda La Salle<\/title>\n<meta name=\"description\" content=\"El Martillo Combinado Makita tiene 3 posiciones: rotaci\u00f3n, percusi\u00f3n y rotaci\u00f3n + percusi\u00f3n. Martillo con baja vibraci\u00f3n para mayor comodidad.\" \/>\n<meta name=\"robots\" content=\"index, follow, max-snippet:-1, max-image-preview:large, max-video-preview:-1\" \/>\n<link rel=\"canonical\" href=\"https:\/\/tuferreteria.online\/hazlo-tu-mismo\/tienda\/ferreteria\/herramienta-electrica\/martillo-combinado-makita-hr2631ft\/\" \/>\n<meta property=\"og:locale\" content=\"es_ES\" \/>\n<meta property=\"og:type\" content=\"article\" \/>\n<meta property=\"og:title\" content=\"MARTILLO COMBINADO MAKITA HR2631FT - Tienda de tuferreteria.online by Ferreter\u00eda La Salle\" \/>\n<meta property=\"og:description\" content=\"El Martillo Combinado Makita tiene 3 posiciones: rotaci\u00f3n, percusi\u00f3n y rotaci\u00f3n + percusi\u00f3n. Martillo con baja vibraci\u00f3n para mayor comodidad.\" \/>\n<meta property=\"og:url\" content=\"https:\/\/tuferreteria.online\/hazlo-tu-mismo\/tienda\/ferreteria\/herramienta-electrica\/martillo-combinado-makita-hr2631ft\/\" \/>\n<meta property=\"og:site_name\" content=\"Tienda de tuferreteria.online by Ferreter\u00eda La Salle\" \/>\n<meta property=\"article:modified_time\" content=\"2026-03-11T10:25:27+00:00\" \/>\n<meta property=\"og:image\" content=\"https:\/\/tuferreteria.online\/hazlo-tu-mismo\/wp-content\/uploads\/2020\/02\/MARTILLO-MAKITA-HR2631FT.jpg\" \/>\n\t<meta property=\"og:image:width\" content=\"600\" \/>\n\t<meta property=\"og:image:height\" content=\"600\" \/>\n\t<meta property=\"og:image:type\" content=\"image\/jpeg\" \/>\n<meta name=\"twitter:card\" content=\"summary_large_image\" \/>\n<meta name=\"twitter:label1\" content=\"Tiempo de lectura\" \/>\n\t<meta name=\"twitter:data1\" content=\"1 minuto\" \/>\n<script type=\"application\/ld+json\" class=\"yoast-schema-graph\">{\"@context\":\"https:\/\/schema.org\",\"@graph\":[{\"@type\":\"WebPage\",\"@id\":\"https:\/\/tuferreteria.online\/hazlo-tu-mismo\/tienda\/ferreteria\/herramienta-electrica\/martillo-combinado-makita-hr2631ft\/\",\"url\":\"https:\/\/tuferreteria.online\/hazlo-tu-mismo\/tienda\/ferreteria\/herramienta-electrica\/martillo-combinado-makita-hr2631ft\/\",\"name\":\"MARTILLO COMBINADO MAKITA HR2631FT - Tienda de tuferreteria.online by Ferreter\u00eda La Salle\",\"isPartOf\":{\"@id\":\"https:\/\/tuferreteria.online\/hazlo-tu-mismo\/#website\"},\"primaryImageOfPage\":{\"@id\":\"https:\/\/tuferreteria.online\/hazlo-tu-mismo\/tienda\/ferreteria\/herramienta-electrica\/martillo-combinado-makita-hr2631ft\/#primaryimage\"},\"image\":{\"@id\":\"https:\/\/tuferreteria.online\/hazlo-tu-mismo\/tienda\/ferreteria\/herramienta-electrica\/martillo-combinado-makita-hr2631ft\/#primaryimage\"},\"thumbnailUrl\":\"https:\/\/tuferreteria.online\/hazlo-tu-mismo\/wp-content\/uploads\/2020\/02\/MARTILLO-MAKITA-HR2631FT.jpg\",\"datePublished\":\"2020-02-14T10:49:36+00:00\",\"dateModified\":\"2026-03-11T10:25:27+00:00\",\"description\":\"El Martillo Combinado Makita tiene 3 posiciones: rotaci\u00f3n, percusi\u00f3n y rotaci\u00f3n + percusi\u00f3n. Martillo con baja vibraci\u00f3n para mayor comodidad.\",\"breadcrumb\":{\"@id\":\"https:\/\/tuferreteria.online\/hazlo-tu-mismo\/tienda\/ferreteria\/herramienta-electrica\/martillo-combinado-makita-hr2631ft\/#breadcrumb\"},\"inLanguage\":\"es\",\"potentialAction\":[{\"@type\":\"ReadAction\",\"target\":[\"https:\/\/tuferreteria.online\/hazlo-tu-mismo\/tienda\/ferreteria\/herramienta-electrica\/martillo-combinado-makita-hr2631ft\/\"]}]},{\"@type\":\"ImageObject\",\"inLanguage\":\"es\",\"@id\":\"https:\/\/tuferreteria.online\/hazlo-tu-mismo\/tienda\/ferreteria\/herramienta-electrica\/martillo-combinado-makita-hr2631ft\/#primaryimage\",\"url\":\"https:\/\/tuferreteria.online\/hazlo-tu-mismo\/wp-content\/uploads\/2020\/02\/MARTILLO-MAKITA-HR2631FT.jpg\",\"contentUrl\":\"https:\/\/tuferreteria.online\/hazlo-tu-mismo\/wp-content\/uploads\/2020\/02\/MARTILLO-MAKITA-HR2631FT.jpg\",\"width\":600,\"height\":600,\"caption\":\"MARTILLO-MAKITA-HR2631FT\"},{\"@type\":\"BreadcrumbList\",\"@id\":\"https:\/\/tuferreteria.online\/hazlo-tu-mismo\/tienda\/ferreteria\/herramienta-electrica\/martillo-combinado-makita-hr2631ft\/#breadcrumb\",\"itemListElement\":[{\"@type\":\"ListItem\",\"position\":1,\"name\":\"Portada\",\"item\":\"https:\/\/tuferreteria.online\/hazlo-tu-mismo\/\"},{\"@type\":\"ListItem\",\"position\":2,\"name\":\"Tienda\",\"item\":\"https:\/\/tuferreteria.online\/hazlo-tu-mismo\/tienda\/\"},{\"@type\":\"ListItem\",\"position\":3,\"name\":\"MARTILLO COMBINADO MAKITA HR2631FT\"}]},{\"@type\":\"WebSite\",\"@id\":\"https:\/\/tuferreteria.online\/hazlo-tu-mismo\/#website\",\"url\":\"https:\/\/tuferreteria.online\/hazlo-tu-mismo\/\",\"name\":\"Tienda de tuferreteria.online by Ferreter\u00eda La Salle\",\"description\":\"Hazlo tu mismo\",\"potentialAction\":[{\"@type\":\"SearchAction\",\"target\":{\"@type\":\"EntryPoint\",\"urlTemplate\":\"https:\/\/tuferreteria.online\/hazlo-tu-mismo\/?s={search_term_string}\"},\"query-input\":{\"@type\":\"PropertyValueSpecification\",\"valueRequired\":true,\"valueName\":\"search_term_string\"}}],\"inLanguage\":\"es\"}]}<\/script>\n<!-- \/ Yoast SEO plugin. -->","yoast_head_json":{"title":"MARTILLO COMBINADO MAKITA HR2631FT - Tienda de tuferreteria.online by Ferreter\u00eda La Salle","description":"El Martillo Combinado Makita tiene 3 posiciones: rotaci\u00f3n, percusi\u00f3n y rotaci\u00f3n + percusi\u00f3n. Martillo con baja vibraci\u00f3n para mayor comodidad.","robots":{"index":"index","follow":"follow","max-snippet":"max-snippet:-1","max-image-preview":"max-image-preview:large","max-video-preview":"max-video-preview:-1"},"canonical":"https:\/\/tuferreteria.online\/hazlo-tu-mismo\/tienda\/ferreteria\/herramienta-electrica\/martillo-combinado-makita-hr2631ft\/","og_locale":"es_ES","og_type":"article","og_title":"MARTILLO COMBINADO MAKITA HR2631FT - Tienda de tuferreteria.online by Ferreter\u00eda La Salle","og_description":"El Martillo Combinado Makita tiene 3 posiciones: rotaci\u00f3n, percusi\u00f3n y rotaci\u00f3n + percusi\u00f3n. Martillo con baja vibraci\u00f3n para mayor comodidad.","og_url":"https:\/\/tuferreteria.online\/hazlo-tu-mismo\/tienda\/ferreteria\/herramienta-electrica\/martillo-combinado-makita-hr2631ft\/","og_site_name":"Tienda de tuferreteria.online by Ferreter\u00eda La Salle","article_modified_time":"2026-03-11T10:25:27+00:00","og_image":[{"width":600,"height":600,"url":"https:\/\/tuferreteria.online\/hazlo-tu-mismo\/wp-content\/uploads\/2020\/02\/MARTILLO-MAKITA-HR2631FT.jpg","type":"image\/jpeg"}],"twitter_card":"summary_large_image","twitter_misc":{"Tiempo de lectura":"1 minuto"},"schema":{"@context":"https:\/\/schema.org","@graph":[{"@type":"WebPage","@id":"https:\/\/tuferreteria.online\/hazlo-tu-mismo\/tienda\/ferreteria\/herramienta-electrica\/martillo-combinado-makita-hr2631ft\/","url":"https:\/\/tuferreteria.online\/hazlo-tu-mismo\/tienda\/ferreteria\/herramienta-electrica\/martillo-combinado-makita-hr2631ft\/","name":"MARTILLO COMBINADO MAKITA HR2631FT - Tienda de tuferreteria.online by Ferreter\u00eda La Salle","isPartOf":{"@id":"https:\/\/tuferreteria.online\/hazlo-tu-mismo\/#website"},"primaryImageOfPage":{"@id":"https:\/\/tuferreteria.online\/hazlo-tu-mismo\/tienda\/ferreteria\/herramienta-electrica\/martillo-combinado-makita-hr2631ft\/#primaryimage"},"image":{"@id":"https:\/\/tuferreteria.online\/hazlo-tu-mismo\/tienda\/ferreteria\/herramienta-electrica\/martillo-combinado-makita-hr2631ft\/#primaryimage"},"thumbnailUrl":"https:\/\/tuferreteria.online\/hazlo-tu-mismo\/wp-content\/uploads\/2020\/02\/MARTILLO-MAKITA-HR2631FT.jpg","datePublished":"2020-02-14T10:49:36+00:00","dateModified":"2026-03-11T10:25:27+00:00","description":"El Martillo Combinado Makita tiene 3 posiciones: rotaci\u00f3n, percusi\u00f3n y rotaci\u00f3n + percusi\u00f3n. Martillo con baja vibraci\u00f3n para mayor comodidad.","breadcrumb":{"@id":"https:\/\/tuferreteria.online\/hazlo-tu-mismo\/tienda\/ferreteria\/herramienta-electrica\/martillo-combinado-makita-hr2631ft\/#breadcrumb"},"inLanguage":"es","potentialAction":[{"@type":"ReadAction","target":["https:\/\/tuferreteria.online\/hazlo-tu-mismo\/tienda\/ferreteria\/herramienta-electrica\/martillo-combinado-makita-hr2631ft\/"]}]},{"@type":"ImageObject","inLanguage":"es","@id":"https:\/\/tuferreteria.online\/hazlo-tu-mismo\/tienda\/ferreteria\/herramienta-electrica\/martillo-combinado-makita-hr2631ft\/#primaryimage","url":"https:\/\/tuferreteria.online\/hazlo-tu-mismo\/wp-content\/uploads\/2020\/02\/MARTILLO-MAKITA-HR2631FT.jpg","contentUrl":"https:\/\/tuferreteria.online\/hazlo-tu-mismo\/wp-content\/uploads\/2020\/02\/MARTILLO-MAKITA-HR2631FT.jpg","width":600,"height":600,"caption":"MARTILLO-MAKITA-HR2631FT"},{"@type":"BreadcrumbList","@id":"https:\/\/tuferreteria.online\/hazlo-tu-mismo\/tienda\/ferreteria\/herramienta-electrica\/martillo-combinado-makita-hr2631ft\/#breadcrumb","itemListElement":[{"@type":"ListItem","position":1,"name":"Portada","item":"https:\/\/tuferreteria.online\/hazlo-tu-mismo\/"},{"@type":"ListItem","position":2,"name":"Tienda","item":"https:\/\/tuferreteria.online\/hazlo-tu-mismo\/tienda\/"},{"@type":"ListItem","position":3,"name":"MARTILLO COMBINADO MAKITA HR2631FT"}]},{"@type":"WebSite","@id":"https:\/\/tuferreteria.online\/hazlo-tu-mismo\/#website","url":"https:\/\/tuferreteria.online\/hazlo-tu-mismo\/","name":"Tienda de tuferreteria.online by Ferreter\u00eda La Salle","description":"Hazlo tu mismo","potentialAction":[{"@type":"SearchAction","target":{"@type":"EntryPoint","urlTemplate":"https:\/\/tuferreteria.online\/hazlo-tu-mismo\/?s={search_term_string}"},"query-input":{"@type":"PropertyValueSpecification","valueRequired":true,"valueName":"search_term_string"}}],"inLanguage":"es"}]}},"_links":{"self":[{"href":"https:\/\/tuferreteria.online\/hazlo-tu-mismo\/wp-json\/wp\/v2\/product\/14590","targetHints":{"allow":["GET"]}}],"collection":[{"href":"https:\/\/tuferreteria.online\/hazlo-tu-mismo\/wp-json\/wp\/v2\/product"}],"about":[{"href":"https:\/\/tuferreteria.online\/hazlo-tu-mismo\/wp-json\/wp\/v2\/types\/product"}],"replies":[{"embeddable":true,"href":"https:\/\/tuferreteria.online\/hazlo-tu-mismo\/wp-json\/wp\/v2\/comments?post=14590"}],"wp:featuredmedia":[{"embeddable":true,"href":"https:\/\/tuferreteria.online\/hazlo-tu-mismo\/wp-json\/wp\/v2\/media\/14610"}],"wp:attachment":[{"href":"https:\/\/tuferreteria.online\/hazlo-tu-mismo\/wp-json\/wp\/v2\/media?parent=14590"}],"wp:term":[{"taxonomy":"brand","embeddable":true,"href":"https:\/\/tuferreteria.online\/hazlo-tu-mismo\/wp-json\/wp\/v2\/etheme_brands?post=14590"},{"taxonomy":"product_brand","embeddable":true,"href":"https:\/\/tuferreteria.online\/hazlo-tu-mismo\/wp-json\/wp\/v2\/product_brand?post=14590"},{"taxonomy":"product_cat","embeddable":true,"href":"https:\/\/tuferreteria.online\/hazlo-tu-mismo\/wp-json\/wp\/v2\/product_cat?post=14590"},{"taxonomy":"product_tag","embeddable":true,"href":"https:\/\/tuferreteria.online\/hazlo-tu-mismo\/wp-json\/wp\/v2\/product_tag?post=14590"}],"curies":[{"name":"wp","href":"https:\/\/api.w.org\/{rel}","templated":true}]}}