{"id":14914,"date":"2020-03-02T14:20:39","date_gmt":"2020-03-02T13:20:39","guid":{"rendered":"https:\/\/tuferreteria.online\/hazlo-tu-mismo\/tienda\/sin%20categor\u00eda\/cuna-alicatado-ceramica-tayg-bolsa-300ud\/"},"modified":"2026-03-11T11:30:19","modified_gmt":"2026-03-11T10:30:19","slug":"cuna-alicatado-ceramica-tayg-bolsa-300ud","status":"publish","type":"product","link":"https:\/\/tuferreteria.online\/hazlo-tu-mismo\/tienda\/pavimentos\/separadores-pavimentos\/cuna-alicatado-ceramica-tayg-bolsa-300ud\/","title":{"rendered":"CU\u00d1A ALICATADO CER\u00c1MICA TAYG"},"content":{"rendered":"<div class=\"wpb-content-wrapper\"><p>[vc_row][vc_column][vc_column_text]<\/p>\n<h2 style=\"text-align: center;\"><span style=\"font-size: 24pt; color: #f9e03a;\">Cu\u00f1a Alicatado Cer\u00e1mica<\/span><\/h2>\n<p>&nbsp;<\/p>\n<h3>Caracter\u00edsticas:<\/h3>\n<p>&nbsp;<\/p>\n<p style=\"text-align: justify;\">La cu\u00f1a de Alicatado para cer\u00e1mica de Tayg es de 5 mm. y es perfecta para el alicatado de cer\u00e1mica, porcel\u00e1nico, piedra y pav\u00e9s.<\/p>\n<p style=\"text-align: justify;\">Es especial para grandes formatos.<\/p>\n<p>Viene en una bolsa de 300 unidades.[\/vc_column_text][\/vc_column][\/vc_row]<\/p>\n<\/div>","protected":false},"excerpt":{"rendered":"<h2>CU\u00d1A ALICATADO 300 UNIDADES<\/h2>\n","protected":false},"featured_media":14930,"comment_status":"closed","ping_status":"closed","template":"","meta":{"_exactmetrics_skip_tracking":false,"_exactmetrics_sitenote_active":false,"_exactmetrics_sitenote_note":"","_exactmetrics_sitenote_category":0,"_joinchat":[]},"etheme_brands":[{"term_id":447,"name":"TAYG","slug":"tayg","term_group":0,"term_taxonomy_id":447,"taxonomy":"brand","description":"","parent":0,"count":1,"filter":"raw"}],"product_brand":[],"product_cat":[508,522],"product_tag":[426,527,535,3421,591,537,536,631],"class_list":{"0":"post-14914","1":"product","2":"type-product","3":"status-publish","4":"has-post-thumbnail","6":"brand-tayg","7":"product_cat-pavimentos","8":"product_cat-separadores-pavimentos","9":"product_tag-ceramica","10":"product_tag-crucetas","11":"product_tag-cuna","12":"product_tag-cuna-de-5-mm-para-alicatar","13":"product_tag-gran-formato","14":"product_tag-pavimento","15":"product_tag-separador","16":"product_tag-tayg","17":"product_shipping_class-envio-peso","19":"first","20":"instock","21":"taxable","22":"shipping-taxable","23":"purchasable","24":"product-type-simple"},"yoast_head":"<!-- This site is optimized with the Yoast SEO plugin v24.9 - https:\/\/yoast.com\/wordpress\/plugins\/seo\/ -->\n<title>CU\u00d1A ALICATADO CER\u00c1MICA TAYG - Tienda de tuferreteria.online by Ferreter\u00eda La Salle<\/title>\n<meta name=\"description\" content=\"La cu\u00f1a de Alicatado para cer\u00e1mica de Tayg es de 5 mm. y es perfecta para el alicatado de cer\u00e1mica, porcel\u00e1nico, piedra y pav\u00e9s.\" \/>\n<meta name=\"robots\" content=\"index, follow, max-snippet:-1, max-image-preview:large, max-video-preview:-1\" \/>\n<link rel=\"canonical\" href=\"https:\/\/tuferreteria.online\/hazlo-tu-mismo\/tienda\/pavimentos\/separadores-pavimentos\/cuna-alicatado-ceramica-tayg-bolsa-300ud\/\" \/>\n<meta property=\"og:locale\" content=\"es_ES\" \/>\n<meta property=\"og:type\" content=\"article\" \/>\n<meta property=\"og:title\" content=\"CU\u00d1A ALICATADO CER\u00c1MICA TAYG - Tienda de tuferreteria.online by Ferreter\u00eda La Salle\" \/>\n<meta property=\"og:description\" content=\"La cu\u00f1a de Alicatado para cer\u00e1mica de Tayg es de 5 mm. y es perfecta para el alicatado de cer\u00e1mica, porcel\u00e1nico, piedra y pav\u00e9s.\" \/>\n<meta property=\"og:url\" content=\"https:\/\/tuferreteria.online\/hazlo-tu-mismo\/tienda\/pavimentos\/separadores-pavimentos\/cuna-alicatado-ceramica-tayg-bolsa-300ud\/\" \/>\n<meta property=\"og:site_name\" content=\"Tienda de tuferreteria.online by Ferreter\u00eda La Salle\" \/>\n<meta property=\"article:modified_time\" content=\"2026-03-11T10:30:19+00:00\" \/>\n<meta property=\"og:image\" content=\"https:\/\/tuferreteria.online\/hazlo-tu-mismo\/wp-content\/uploads\/2020\/03\/CU\u00d1A-TAYG-AZULEJOS-5-MM-300-PZ.jpg\" \/>\n\t<meta property=\"og:image:width\" content=\"600\" \/>\n\t<meta property=\"og:image:height\" content=\"600\" \/>\n\t<meta property=\"og:image:type\" content=\"image\/jpeg\" \/>\n<meta name=\"twitter:card\" content=\"summary_large_image\" \/>\n<meta name=\"twitter:label1\" content=\"Tiempo de lectura\" \/>\n\t<meta name=\"twitter:data1\" content=\"1 minuto\" \/>\n<script type=\"application\/ld+json\" class=\"yoast-schema-graph\">{\"@context\":\"https:\/\/schema.org\",\"@graph\":[{\"@type\":\"WebPage\",\"@id\":\"https:\/\/tuferreteria.online\/hazlo-tu-mismo\/tienda\/pavimentos\/separadores-pavimentos\/cuna-alicatado-ceramica-tayg-bolsa-300ud\/\",\"url\":\"https:\/\/tuferreteria.online\/hazlo-tu-mismo\/tienda\/pavimentos\/separadores-pavimentos\/cuna-alicatado-ceramica-tayg-bolsa-300ud\/\",\"name\":\"CU\u00d1A ALICATADO CER\u00c1MICA TAYG - Tienda de tuferreteria.online by Ferreter\u00eda La Salle\",\"isPartOf\":{\"@id\":\"https:\/\/tuferreteria.online\/hazlo-tu-mismo\/#website\"},\"primaryImageOfPage\":{\"@id\":\"https:\/\/tuferreteria.online\/hazlo-tu-mismo\/tienda\/pavimentos\/separadores-pavimentos\/cuna-alicatado-ceramica-tayg-bolsa-300ud\/#primaryimage\"},\"image\":{\"@id\":\"https:\/\/tuferreteria.online\/hazlo-tu-mismo\/tienda\/pavimentos\/separadores-pavimentos\/cuna-alicatado-ceramica-tayg-bolsa-300ud\/#primaryimage\"},\"thumbnailUrl\":\"https:\/\/tuferreteria.online\/hazlo-tu-mismo\/wp-content\/uploads\/2020\/03\/CU\u00d1A-TAYG-AZULEJOS-5-MM-300-PZ.jpg\",\"datePublished\":\"2020-03-02T13:20:39+00:00\",\"dateModified\":\"2026-03-11T10:30:19+00:00\",\"description\":\"La cu\u00f1a de Alicatado para cer\u00e1mica de Tayg es de 5 mm. y es perfecta para el alicatado de cer\u00e1mica, porcel\u00e1nico, piedra y pav\u00e9s.\",\"breadcrumb\":{\"@id\":\"https:\/\/tuferreteria.online\/hazlo-tu-mismo\/tienda\/pavimentos\/separadores-pavimentos\/cuna-alicatado-ceramica-tayg-bolsa-300ud\/#breadcrumb\"},\"inLanguage\":\"es\",\"potentialAction\":[{\"@type\":\"ReadAction\",\"target\":[\"https:\/\/tuferreteria.online\/hazlo-tu-mismo\/tienda\/pavimentos\/separadores-pavimentos\/cuna-alicatado-ceramica-tayg-bolsa-300ud\/\"]}]},{\"@type\":\"ImageObject\",\"inLanguage\":\"es\",\"@id\":\"https:\/\/tuferreteria.online\/hazlo-tu-mismo\/tienda\/pavimentos\/separadores-pavimentos\/cuna-alicatado-ceramica-tayg-bolsa-300ud\/#primaryimage\",\"url\":\"https:\/\/tuferreteria.online\/hazlo-tu-mismo\/wp-content\/uploads\/2020\/03\/CU\u00d1A-TAYG-AZULEJOS-5-MM-300-PZ.jpg\",\"contentUrl\":\"https:\/\/tuferreteria.online\/hazlo-tu-mismo\/wp-content\/uploads\/2020\/03\/CU\u00d1A-TAYG-AZULEJOS-5-MM-300-PZ.jpg\",\"width\":600,\"height\":600,\"caption\":\"CU\u00d1A-TAYG-AZULEJOS-5-MM-300-PZ\"},{\"@type\":\"BreadcrumbList\",\"@id\":\"https:\/\/tuferreteria.online\/hazlo-tu-mismo\/tienda\/pavimentos\/separadores-pavimentos\/cuna-alicatado-ceramica-tayg-bolsa-300ud\/#breadcrumb\",\"itemListElement\":[{\"@type\":\"ListItem\",\"position\":1,\"name\":\"Portada\",\"item\":\"https:\/\/tuferreteria.online\/hazlo-tu-mismo\/\"},{\"@type\":\"ListItem\",\"position\":2,\"name\":\"Tienda\",\"item\":\"https:\/\/tuferreteria.online\/hazlo-tu-mismo\/tienda\/\"},{\"@type\":\"ListItem\",\"position\":3,\"name\":\"CU\u00d1A ALICATADO CER\u00c1MICA TAYG\"}]},{\"@type\":\"WebSite\",\"@id\":\"https:\/\/tuferreteria.online\/hazlo-tu-mismo\/#website\",\"url\":\"https:\/\/tuferreteria.online\/hazlo-tu-mismo\/\",\"name\":\"Tienda de tuferreteria.online by Ferreter\u00eda La Salle\",\"description\":\"Hazlo tu mismo\",\"potentialAction\":[{\"@type\":\"SearchAction\",\"target\":{\"@type\":\"EntryPoint\",\"urlTemplate\":\"https:\/\/tuferreteria.online\/hazlo-tu-mismo\/?s={search_term_string}\"},\"query-input\":{\"@type\":\"PropertyValueSpecification\",\"valueRequired\":true,\"valueName\":\"search_term_string\"}}],\"inLanguage\":\"es\"}]}<\/script>\n<!-- \/ Yoast SEO plugin. -->","yoast_head_json":{"title":"CU\u00d1A ALICATADO CER\u00c1MICA TAYG - Tienda de tuferreteria.online by Ferreter\u00eda La Salle","description":"La cu\u00f1a de Alicatado para cer\u00e1mica de Tayg es de 5 mm. y es perfecta para el alicatado de cer\u00e1mica, porcel\u00e1nico, piedra y pav\u00e9s.","robots":{"index":"index","follow":"follow","max-snippet":"max-snippet:-1","max-image-preview":"max-image-preview:large","max-video-preview":"max-video-preview:-1"},"canonical":"https:\/\/tuferreteria.online\/hazlo-tu-mismo\/tienda\/pavimentos\/separadores-pavimentos\/cuna-alicatado-ceramica-tayg-bolsa-300ud\/","og_locale":"es_ES","og_type":"article","og_title":"CU\u00d1A ALICATADO CER\u00c1MICA TAYG - Tienda de tuferreteria.online by Ferreter\u00eda La Salle","og_description":"La cu\u00f1a de Alicatado para cer\u00e1mica de Tayg es de 5 mm. y es perfecta para el alicatado de cer\u00e1mica, porcel\u00e1nico, piedra y pav\u00e9s.","og_url":"https:\/\/tuferreteria.online\/hazlo-tu-mismo\/tienda\/pavimentos\/separadores-pavimentos\/cuna-alicatado-ceramica-tayg-bolsa-300ud\/","og_site_name":"Tienda de tuferreteria.online by Ferreter\u00eda La Salle","article_modified_time":"2026-03-11T10:30:19+00:00","og_image":[{"width":600,"height":600,"url":"https:\/\/tuferreteria.online\/hazlo-tu-mismo\/wp-content\/uploads\/2020\/03\/CU\u00d1A-TAYG-AZULEJOS-5-MM-300-PZ.jpg","type":"image\/jpeg"}],"twitter_card":"summary_large_image","twitter_misc":{"Tiempo de lectura":"1 minuto"},"schema":{"@context":"https:\/\/schema.org","@graph":[{"@type":"WebPage","@id":"https:\/\/tuferreteria.online\/hazlo-tu-mismo\/tienda\/pavimentos\/separadores-pavimentos\/cuna-alicatado-ceramica-tayg-bolsa-300ud\/","url":"https:\/\/tuferreteria.online\/hazlo-tu-mismo\/tienda\/pavimentos\/separadores-pavimentos\/cuna-alicatado-ceramica-tayg-bolsa-300ud\/","name":"CU\u00d1A ALICATADO CER\u00c1MICA TAYG - Tienda de tuferreteria.online by Ferreter\u00eda La Salle","isPartOf":{"@id":"https:\/\/tuferreteria.online\/hazlo-tu-mismo\/#website"},"primaryImageOfPage":{"@id":"https:\/\/tuferreteria.online\/hazlo-tu-mismo\/tienda\/pavimentos\/separadores-pavimentos\/cuna-alicatado-ceramica-tayg-bolsa-300ud\/#primaryimage"},"image":{"@id":"https:\/\/tuferreteria.online\/hazlo-tu-mismo\/tienda\/pavimentos\/separadores-pavimentos\/cuna-alicatado-ceramica-tayg-bolsa-300ud\/#primaryimage"},"thumbnailUrl":"https:\/\/tuferreteria.online\/hazlo-tu-mismo\/wp-content\/uploads\/2020\/03\/CU\u00d1A-TAYG-AZULEJOS-5-MM-300-PZ.jpg","datePublished":"2020-03-02T13:20:39+00:00","dateModified":"2026-03-11T10:30:19+00:00","description":"La cu\u00f1a de Alicatado para cer\u00e1mica de Tayg es de 5 mm. y es perfecta para el alicatado de cer\u00e1mica, porcel\u00e1nico, piedra y pav\u00e9s.","breadcrumb":{"@id":"https:\/\/tuferreteria.online\/hazlo-tu-mismo\/tienda\/pavimentos\/separadores-pavimentos\/cuna-alicatado-ceramica-tayg-bolsa-300ud\/#breadcrumb"},"inLanguage":"es","potentialAction":[{"@type":"ReadAction","target":["https:\/\/tuferreteria.online\/hazlo-tu-mismo\/tienda\/pavimentos\/separadores-pavimentos\/cuna-alicatado-ceramica-tayg-bolsa-300ud\/"]}]},{"@type":"ImageObject","inLanguage":"es","@id":"https:\/\/tuferreteria.online\/hazlo-tu-mismo\/tienda\/pavimentos\/separadores-pavimentos\/cuna-alicatado-ceramica-tayg-bolsa-300ud\/#primaryimage","url":"https:\/\/tuferreteria.online\/hazlo-tu-mismo\/wp-content\/uploads\/2020\/03\/CU\u00d1A-TAYG-AZULEJOS-5-MM-300-PZ.jpg","contentUrl":"https:\/\/tuferreteria.online\/hazlo-tu-mismo\/wp-content\/uploads\/2020\/03\/CU\u00d1A-TAYG-AZULEJOS-5-MM-300-PZ.jpg","width":600,"height":600,"caption":"CU\u00d1A-TAYG-AZULEJOS-5-MM-300-PZ"},{"@type":"BreadcrumbList","@id":"https:\/\/tuferreteria.online\/hazlo-tu-mismo\/tienda\/pavimentos\/separadores-pavimentos\/cuna-alicatado-ceramica-tayg-bolsa-300ud\/#breadcrumb","itemListElement":[{"@type":"ListItem","position":1,"name":"Portada","item":"https:\/\/tuferreteria.online\/hazlo-tu-mismo\/"},{"@type":"ListItem","position":2,"name":"Tienda","item":"https:\/\/tuferreteria.online\/hazlo-tu-mismo\/tienda\/"},{"@type":"ListItem","position":3,"name":"CU\u00d1A ALICATADO CER\u00c1MICA TAYG"}]},{"@type":"WebSite","@id":"https:\/\/tuferreteria.online\/hazlo-tu-mismo\/#website","url":"https:\/\/tuferreteria.online\/hazlo-tu-mismo\/","name":"Tienda de tuferreteria.online by Ferreter\u00eda La Salle","description":"Hazlo tu mismo","potentialAction":[{"@type":"SearchAction","target":{"@type":"EntryPoint","urlTemplate":"https:\/\/tuferreteria.online\/hazlo-tu-mismo\/?s={search_term_string}"},"query-input":{"@type":"PropertyValueSpecification","valueRequired":true,"valueName":"search_term_string"}}],"inLanguage":"es"}]}},"_links":{"self":[{"href":"https:\/\/tuferreteria.online\/hazlo-tu-mismo\/wp-json\/wp\/v2\/product\/14914","targetHints":{"allow":["GET"]}}],"collection":[{"href":"https:\/\/tuferreteria.online\/hazlo-tu-mismo\/wp-json\/wp\/v2\/product"}],"about":[{"href":"https:\/\/tuferreteria.online\/hazlo-tu-mismo\/wp-json\/wp\/v2\/types\/product"}],"replies":[{"embeddable":true,"href":"https:\/\/tuferreteria.online\/hazlo-tu-mismo\/wp-json\/wp\/v2\/comments?post=14914"}],"wp:featuredmedia":[{"embeddable":true,"href":"https:\/\/tuferreteria.online\/hazlo-tu-mismo\/wp-json\/wp\/v2\/media\/14930"}],"wp:attachment":[{"href":"https:\/\/tuferreteria.online\/hazlo-tu-mismo\/wp-json\/wp\/v2\/media?parent=14914"}],"wp:term":[{"taxonomy":"brand","embeddable":true,"href":"https:\/\/tuferreteria.online\/hazlo-tu-mismo\/wp-json\/wp\/v2\/etheme_brands?post=14914"},{"taxonomy":"product_brand","embeddable":true,"href":"https:\/\/tuferreteria.online\/hazlo-tu-mismo\/wp-json\/wp\/v2\/product_brand?post=14914"},{"taxonomy":"product_cat","embeddable":true,"href":"https:\/\/tuferreteria.online\/hazlo-tu-mismo\/wp-json\/wp\/v2\/product_cat?post=14914"},{"taxonomy":"product_tag","embeddable":true,"href":"https:\/\/tuferreteria.online\/hazlo-tu-mismo\/wp-json\/wp\/v2\/product_tag?post=14914"}],"curies":[{"name":"wp","href":"https:\/\/api.w.org\/{rel}","templated":true}]}}