{"id":15458,"date":"2026-02-20T12:00:19","date_gmt":"2026-02-20T11:00:19","guid":{"rendered":"https:\/\/tuferreteria.online\/hazlo-tu-mismo\/?post_type=product&#038;p=15458"},"modified":"2026-03-11T11:19:27","modified_gmt":"2026-03-11T10:19:27","slug":"termo-11-l-electrico-thermor","status":"publish","type":"product","link":"https:\/\/tuferreteria.online\/hazlo-tu-mismo\/tienda\/fontaneria\/calentadores-y-termos\/termo-11-l-electrico-thermor\/","title":{"rendered":"TERMO 11 LT. EL\u00c9CTRICO THERMOR IONO SELECT 11 i D E"},"content":{"rendered":"<div class=\"wpb-content-wrapper\"><p>[vc_row][vc_column][vc_column_text]<\/p>\n<h2 style=\"text-align: center;\"><span style=\"font-size: 24pt; color: #f9e03a;\">Termo 11 Litros El\u00e9ctrico<\/span><\/h2>\n<p>&nbsp;<\/p>\n<h3>Caracter\u00edsticas:<\/h3>\n<p>&nbsp;<\/p>\n<h3>ESTE PRODUCTO NO SE ENV\u00cdA A LA PEN\u00cdNSULA IB\u00c9RICA (S\u00d3LO CANARIAS)<\/h3>\n<p>&nbsp;<\/p>\n<p>El Termo El\u00e9ctrico Thermor Iono Select de 11 litros, te dar\u00e1 una respuesta inmediata de agua caliente de hasta 11 lt el minuto.<\/p>\n<p>Con un intercambiador que proporciona una mayor protecci\u00f3n y capacidad de resistencia.<\/p>\n<p>Podr\u00e1s seleccionar la potencia y un rango de temperatura que te dar\u00e1 el caudal y la temperatura deseada en cada momento.<\/p>\n<p>Gracias a la ausencia de piloto permanente, la pila s\u00f3lo trabaja unos segundos obteniendo importantes ahorros energ\u00e9ticos.<\/p>\n<p>Te ofrece 3 a\u00f1os de garant\u00eda total.<\/p>\n<p>Podr\u00e1s ver la temperatura de salida c\u00f3modamente en su pantalla.<\/p>\n<p>Dise\u00f1o moderno y compacto con unas medidas de 59,2 x 31,40 x 24,50 cm. (alto x ancho x fondo).<\/p>\n<p>La utilizaci\u00f3n de pilas en lugar de conexi\u00f3n a red, permite continuar con su funcionamiento en caso de corte el\u00e9ctrico.<\/p>\n<p>Con accesorios de instalaci\u00f3n incluidos.<\/p>\n<p>Te dejamos su manual de instrucciones aqu\u00ed\u00a0 <span style=\"font-size: 14pt;\"><strong>\u21d3<\/strong><\/span>\u00a0 abajo.[\/vc_column_text][\/vc_column][\/vc_row][vc_row][vc_column][vc_single_image image=\u00bb24321&#8243; img_size=\u00bb200&#215;200&#8243; alignment=\u00bbcenter\u00bb onclick=\u00bbcustom_link\u00bb link=\u00bbhttps:\/\/tuferreteria.online\/hazlo-tu-mismo\/manual-thermor-iono-select-11-i-d-e\/\u00bb][\/vc_column][\/vc_row]<\/p>\n<\/div>","protected":false},"excerpt":{"rendered":"<h2>TERMO 11 L EL\u00c9CTRICO<\/h2>\n","protected":false},"featured_media":32319,"comment_status":"closed","ping_status":"closed","template":"","meta":{"_exactmetrics_skip_tracking":false,"_exactmetrics_sitenote_active":false,"_exactmetrics_sitenote_note":"","_exactmetrics_sitenote_category":0,"_joinchat":[]},"etheme_brands":[{"term_id":3738,"name":"THERMOR","slug":"thermor","term_group":0,"term_taxonomy_id":3738,"taxonomy":"brand","description":"","parent":0,"count":2,"filter":"raw"}],"product_brand":[],"product_cat":[297,107],"product_tag":[860,346,2254,345,463,339,1991],"class_list":{"0":"post-15458","1":"product","2":"type-product","3":"status-publish","4":"has-post-thumbnail","6":"brand-thermor","7":"product_cat-calentadores-y-termos","8":"product_cat-fontaneria","9":"product_tag-agua-calientes","10":"product_tag-calentador","11":"product_tag-calentador-electrico-tenerife","12":"product_tag-junkers","13":"product_tag-termo","14":"product_tag-termo-electrico","15":"product_tag-termo-electrico-tenerife","16":"product_shipping_class-envio-peso","18":"first","19":"instock","20":"taxable","21":"shipping-taxable","22":"purchasable","23":"product-type-simple"},"yoast_head":"<!-- This site is optimized with the Yoast SEO plugin v24.9 - https:\/\/yoast.com\/wordpress\/plugins\/seo\/ -->\n<title>TERMO 11 LT. EL\u00c9CTRICO THERMOR IONO SELECT 11 i D E - Tienda de tuferreteria.online by Ferreter\u00eda La Salle<\/title>\n<meta name=\"description\" content=\"El Termo El\u00e9ctrico Thermor Iono Select de 11 litros, te dar\u00e1 una respuesta inmediata de agua caliente de hasta 11 lt el minuto.\" \/>\n<meta name=\"robots\" content=\"index, follow, max-snippet:-1, max-image-preview:large, max-video-preview:-1\" \/>\n<link rel=\"canonical\" href=\"https:\/\/tuferreteria.online\/hazlo-tu-mismo\/tienda\/fontaneria\/calentadores-y-termos\/termo-11-l-electrico-thermor\/\" \/>\n<meta property=\"og:locale\" content=\"es_ES\" \/>\n<meta property=\"og:type\" content=\"article\" \/>\n<meta property=\"og:title\" content=\"TERMO 11 LT. EL\u00c9CTRICO THERMOR IONO SELECT 11 i D E - Tienda de tuferreteria.online by Ferreter\u00eda La Salle\" \/>\n<meta property=\"og:description\" content=\"El Termo El\u00e9ctrico Thermor Iono Select de 11 litros, te dar\u00e1 una respuesta inmediata de agua caliente de hasta 11 lt el minuto.\" \/>\n<meta property=\"og:url\" content=\"https:\/\/tuferreteria.online\/hazlo-tu-mismo\/tienda\/fontaneria\/calentadores-y-termos\/termo-11-l-electrico-thermor\/\" \/>\n<meta property=\"og:site_name\" content=\"Tienda de tuferreteria.online by Ferreter\u00eda La Salle\" \/>\n<meta property=\"article:modified_time\" content=\"2026-03-11T10:19:27+00:00\" \/>\n<meta property=\"og:image\" content=\"https:\/\/tuferreteria.online\/hazlo-tu-mismo\/wp-content\/uploads\/2026\/02\/CALENTADOR-THERMOR-IONO-SELECT-11-I-D-E.jpg\" \/>\n\t<meta property=\"og:image:width\" content=\"475\" \/>\n\t<meta property=\"og:image:height\" content=\"575\" \/>\n\t<meta property=\"og:image:type\" content=\"image\/jpeg\" \/>\n<meta name=\"twitter:card\" content=\"summary_large_image\" \/>\n<meta name=\"twitter:label1\" content=\"Tiempo de lectura\" \/>\n\t<meta name=\"twitter:data1\" content=\"2 minutos\" \/>\n<script type=\"application\/ld+json\" class=\"yoast-schema-graph\">{\"@context\":\"https:\/\/schema.org\",\"@graph\":[{\"@type\":\"WebPage\",\"@id\":\"https:\/\/tuferreteria.online\/hazlo-tu-mismo\/tienda\/fontaneria\/calentadores-y-termos\/termo-11-l-electrico-thermor\/\",\"url\":\"https:\/\/tuferreteria.online\/hazlo-tu-mismo\/tienda\/fontaneria\/calentadores-y-termos\/termo-11-l-electrico-thermor\/\",\"name\":\"TERMO 11 LT. EL\u00c9CTRICO THERMOR IONO SELECT 11 i D E - Tienda de tuferreteria.online by Ferreter\u00eda La Salle\",\"isPartOf\":{\"@id\":\"https:\/\/tuferreteria.online\/hazlo-tu-mismo\/#website\"},\"primaryImageOfPage\":{\"@id\":\"https:\/\/tuferreteria.online\/hazlo-tu-mismo\/tienda\/fontaneria\/calentadores-y-termos\/termo-11-l-electrico-thermor\/#primaryimage\"},\"image\":{\"@id\":\"https:\/\/tuferreteria.online\/hazlo-tu-mismo\/tienda\/fontaneria\/calentadores-y-termos\/termo-11-l-electrico-thermor\/#primaryimage\"},\"thumbnailUrl\":\"https:\/\/tuferreteria.online\/hazlo-tu-mismo\/wp-content\/uploads\/2026\/02\/CALENTADOR-THERMOR-IONO-SELECT-11-I-D-E.jpg\",\"datePublished\":\"2026-02-20T11:00:19+00:00\",\"dateModified\":\"2026-03-11T10:19:27+00:00\",\"description\":\"El Termo El\u00e9ctrico Thermor Iono Select de 11 litros, te dar\u00e1 una respuesta inmediata de agua caliente de hasta 11 lt el minuto.\",\"breadcrumb\":{\"@id\":\"https:\/\/tuferreteria.online\/hazlo-tu-mismo\/tienda\/fontaneria\/calentadores-y-termos\/termo-11-l-electrico-thermor\/#breadcrumb\"},\"inLanguage\":\"es\",\"potentialAction\":[{\"@type\":\"ReadAction\",\"target\":[\"https:\/\/tuferreteria.online\/hazlo-tu-mismo\/tienda\/fontaneria\/calentadores-y-termos\/termo-11-l-electrico-thermor\/\"]}]},{\"@type\":\"ImageObject\",\"inLanguage\":\"es\",\"@id\":\"https:\/\/tuferreteria.online\/hazlo-tu-mismo\/tienda\/fontaneria\/calentadores-y-termos\/termo-11-l-electrico-thermor\/#primaryimage\",\"url\":\"https:\/\/tuferreteria.online\/hazlo-tu-mismo\/wp-content\/uploads\/2026\/02\/CALENTADOR-THERMOR-IONO-SELECT-11-I-D-E.jpg\",\"contentUrl\":\"https:\/\/tuferreteria.online\/hazlo-tu-mismo\/wp-content\/uploads\/2026\/02\/CALENTADOR-THERMOR-IONO-SELECT-11-I-D-E.jpg\",\"width\":475,\"height\":575,\"caption\":\"CALENTADOR THERMOR IONO SELECT 11 I D E\"},{\"@type\":\"BreadcrumbList\",\"@id\":\"https:\/\/tuferreteria.online\/hazlo-tu-mismo\/tienda\/fontaneria\/calentadores-y-termos\/termo-11-l-electrico-thermor\/#breadcrumb\",\"itemListElement\":[{\"@type\":\"ListItem\",\"position\":1,\"name\":\"Portada\",\"item\":\"https:\/\/tuferreteria.online\/hazlo-tu-mismo\/\"},{\"@type\":\"ListItem\",\"position\":2,\"name\":\"Tienda\",\"item\":\"https:\/\/tuferreteria.online\/hazlo-tu-mismo\/tienda\/\"},{\"@type\":\"ListItem\",\"position\":3,\"name\":\"TERMO 11 LT. EL\u00c9CTRICO THERMOR IONO SELECT 11 i D E\"}]},{\"@type\":\"WebSite\",\"@id\":\"https:\/\/tuferreteria.online\/hazlo-tu-mismo\/#website\",\"url\":\"https:\/\/tuferreteria.online\/hazlo-tu-mismo\/\",\"name\":\"Tienda de tuferreteria.online by Ferreter\u00eda La Salle\",\"description\":\"Hazlo tu mismo\",\"potentialAction\":[{\"@type\":\"SearchAction\",\"target\":{\"@type\":\"EntryPoint\",\"urlTemplate\":\"https:\/\/tuferreteria.online\/hazlo-tu-mismo\/?s={search_term_string}\"},\"query-input\":{\"@type\":\"PropertyValueSpecification\",\"valueRequired\":true,\"valueName\":\"search_term_string\"}}],\"inLanguage\":\"es\"}]}<\/script>\n<!-- \/ Yoast SEO plugin. -->","yoast_head_json":{"title":"TERMO 11 LT. EL\u00c9CTRICO THERMOR IONO SELECT 11 i D E - Tienda de tuferreteria.online by Ferreter\u00eda La Salle","description":"El Termo El\u00e9ctrico Thermor Iono Select de 11 litros, te dar\u00e1 una respuesta inmediata de agua caliente de hasta 11 lt el minuto.","robots":{"index":"index","follow":"follow","max-snippet":"max-snippet:-1","max-image-preview":"max-image-preview:large","max-video-preview":"max-video-preview:-1"},"canonical":"https:\/\/tuferreteria.online\/hazlo-tu-mismo\/tienda\/fontaneria\/calentadores-y-termos\/termo-11-l-electrico-thermor\/","og_locale":"es_ES","og_type":"article","og_title":"TERMO 11 LT. EL\u00c9CTRICO THERMOR IONO SELECT 11 i D E - Tienda de tuferreteria.online by Ferreter\u00eda La Salle","og_description":"El Termo El\u00e9ctrico Thermor Iono Select de 11 litros, te dar\u00e1 una respuesta inmediata de agua caliente de hasta 11 lt el minuto.","og_url":"https:\/\/tuferreteria.online\/hazlo-tu-mismo\/tienda\/fontaneria\/calentadores-y-termos\/termo-11-l-electrico-thermor\/","og_site_name":"Tienda de tuferreteria.online by Ferreter\u00eda La Salle","article_modified_time":"2026-03-11T10:19:27+00:00","og_image":[{"width":475,"height":575,"url":"https:\/\/tuferreteria.online\/hazlo-tu-mismo\/wp-content\/uploads\/2026\/02\/CALENTADOR-THERMOR-IONO-SELECT-11-I-D-E.jpg","type":"image\/jpeg"}],"twitter_card":"summary_large_image","twitter_misc":{"Tiempo de lectura":"2 minutos"},"schema":{"@context":"https:\/\/schema.org","@graph":[{"@type":"WebPage","@id":"https:\/\/tuferreteria.online\/hazlo-tu-mismo\/tienda\/fontaneria\/calentadores-y-termos\/termo-11-l-electrico-thermor\/","url":"https:\/\/tuferreteria.online\/hazlo-tu-mismo\/tienda\/fontaneria\/calentadores-y-termos\/termo-11-l-electrico-thermor\/","name":"TERMO 11 LT. EL\u00c9CTRICO THERMOR IONO SELECT 11 i D E - Tienda de tuferreteria.online by Ferreter\u00eda La Salle","isPartOf":{"@id":"https:\/\/tuferreteria.online\/hazlo-tu-mismo\/#website"},"primaryImageOfPage":{"@id":"https:\/\/tuferreteria.online\/hazlo-tu-mismo\/tienda\/fontaneria\/calentadores-y-termos\/termo-11-l-electrico-thermor\/#primaryimage"},"image":{"@id":"https:\/\/tuferreteria.online\/hazlo-tu-mismo\/tienda\/fontaneria\/calentadores-y-termos\/termo-11-l-electrico-thermor\/#primaryimage"},"thumbnailUrl":"https:\/\/tuferreteria.online\/hazlo-tu-mismo\/wp-content\/uploads\/2026\/02\/CALENTADOR-THERMOR-IONO-SELECT-11-I-D-E.jpg","datePublished":"2026-02-20T11:00:19+00:00","dateModified":"2026-03-11T10:19:27+00:00","description":"El Termo El\u00e9ctrico Thermor Iono Select de 11 litros, te dar\u00e1 una respuesta inmediata de agua caliente de hasta 11 lt el minuto.","breadcrumb":{"@id":"https:\/\/tuferreteria.online\/hazlo-tu-mismo\/tienda\/fontaneria\/calentadores-y-termos\/termo-11-l-electrico-thermor\/#breadcrumb"},"inLanguage":"es","potentialAction":[{"@type":"ReadAction","target":["https:\/\/tuferreteria.online\/hazlo-tu-mismo\/tienda\/fontaneria\/calentadores-y-termos\/termo-11-l-electrico-thermor\/"]}]},{"@type":"ImageObject","inLanguage":"es","@id":"https:\/\/tuferreteria.online\/hazlo-tu-mismo\/tienda\/fontaneria\/calentadores-y-termos\/termo-11-l-electrico-thermor\/#primaryimage","url":"https:\/\/tuferreteria.online\/hazlo-tu-mismo\/wp-content\/uploads\/2026\/02\/CALENTADOR-THERMOR-IONO-SELECT-11-I-D-E.jpg","contentUrl":"https:\/\/tuferreteria.online\/hazlo-tu-mismo\/wp-content\/uploads\/2026\/02\/CALENTADOR-THERMOR-IONO-SELECT-11-I-D-E.jpg","width":475,"height":575,"caption":"CALENTADOR THERMOR IONO SELECT 11 I D E"},{"@type":"BreadcrumbList","@id":"https:\/\/tuferreteria.online\/hazlo-tu-mismo\/tienda\/fontaneria\/calentadores-y-termos\/termo-11-l-electrico-thermor\/#breadcrumb","itemListElement":[{"@type":"ListItem","position":1,"name":"Portada","item":"https:\/\/tuferreteria.online\/hazlo-tu-mismo\/"},{"@type":"ListItem","position":2,"name":"Tienda","item":"https:\/\/tuferreteria.online\/hazlo-tu-mismo\/tienda\/"},{"@type":"ListItem","position":3,"name":"TERMO 11 LT. EL\u00c9CTRICO THERMOR IONO SELECT 11 i D E"}]},{"@type":"WebSite","@id":"https:\/\/tuferreteria.online\/hazlo-tu-mismo\/#website","url":"https:\/\/tuferreteria.online\/hazlo-tu-mismo\/","name":"Tienda de tuferreteria.online by Ferreter\u00eda La Salle","description":"Hazlo tu mismo","potentialAction":[{"@type":"SearchAction","target":{"@type":"EntryPoint","urlTemplate":"https:\/\/tuferreteria.online\/hazlo-tu-mismo\/?s={search_term_string}"},"query-input":{"@type":"PropertyValueSpecification","valueRequired":true,"valueName":"search_term_string"}}],"inLanguage":"es"}]}},"_links":{"self":[{"href":"https:\/\/tuferreteria.online\/hazlo-tu-mismo\/wp-json\/wp\/v2\/product\/15458","targetHints":{"allow":["GET"]}}],"collection":[{"href":"https:\/\/tuferreteria.online\/hazlo-tu-mismo\/wp-json\/wp\/v2\/product"}],"about":[{"href":"https:\/\/tuferreteria.online\/hazlo-tu-mismo\/wp-json\/wp\/v2\/types\/product"}],"replies":[{"embeddable":true,"href":"https:\/\/tuferreteria.online\/hazlo-tu-mismo\/wp-json\/wp\/v2\/comments?post=15458"}],"wp:featuredmedia":[{"embeddable":true,"href":"https:\/\/tuferreteria.online\/hazlo-tu-mismo\/wp-json\/wp\/v2\/media\/32319"}],"wp:attachment":[{"href":"https:\/\/tuferreteria.online\/hazlo-tu-mismo\/wp-json\/wp\/v2\/media?parent=15458"}],"wp:term":[{"taxonomy":"brand","embeddable":true,"href":"https:\/\/tuferreteria.online\/hazlo-tu-mismo\/wp-json\/wp\/v2\/etheme_brands?post=15458"},{"taxonomy":"product_brand","embeddable":true,"href":"https:\/\/tuferreteria.online\/hazlo-tu-mismo\/wp-json\/wp\/v2\/product_brand?post=15458"},{"taxonomy":"product_cat","embeddable":true,"href":"https:\/\/tuferreteria.online\/hazlo-tu-mismo\/wp-json\/wp\/v2\/product_cat?post=15458"},{"taxonomy":"product_tag","embeddable":true,"href":"https:\/\/tuferreteria.online\/hazlo-tu-mismo\/wp-json\/wp\/v2\/product_tag?post=15458"}],"curies":[{"name":"wp","href":"https:\/\/api.w.org\/{rel}","templated":true}]}}