{"id":15579,"date":"2020-03-23T13:04:07","date_gmt":"2020-03-23T12:04:07","guid":{"rendered":"https:\/\/tuferreteria.online\/hazlo-tu-mismo\/?post_type=product&#038;p=15579"},"modified":"2026-03-11T11:29:30","modified_gmt":"2026-03-11T10:29:30","slug":"tamiz-para-taco-quimico","status":"publish","type":"product","link":"https:\/\/tuferreteria.online\/hazlo-tu-mismo\/tienda\/ferreteria\/fijaciones\/tamiz-para-taco-quimico\/","title":{"rendered":"TAMIZ PARA TACO QU\u00cdMICO"},"content":{"rendered":"<div class=\"wpb-content-wrapper\"><p>[vc_row][vc_column][vc_column_text]<\/p>\n<h2 style=\"text-align: center;\"><span style=\"font-size: 24pt; color: #f9e03a;\">Tamiz para Taco Qu\u00edmico<\/span><\/h2>\n<p>&nbsp;<\/p>\n<h3>Caracter\u00edsticas:<\/h3>\n<p>&nbsp;<\/p>\n<p style=\"text-align: justify;\">Tamiz para taco qu\u00edmico de fischer es el manguito de anclaje de inyecci\u00f3n.<\/p>\n<p style=\"text-align: justify;\">Es el componente de sistema para un montaje profesional y utilizando poco mortero de la varilla roscada FIS A o la varilla con roscado interno FIS A en mamposter\u00eda de piedra perforada.<\/p>\n<p style=\"text-align: justify;\">Tambi\u00e9n pueden utilizarse los morteros de inyecci\u00f3n FIS V, FIS VW HIGH SPEED, FIS VS LOW SPEED, FIS VL, FIS GREEN, FIS P Plus y FIS P de fischer.<\/p>\n<p style=\"text-align: justify;\">La estructura de rejilla optimizada reduce el consumo del mortero de inyecci\u00f3n.<\/p>\n<p style=\"text-align: justify;\">Al colocar la varilla roscada y la varilla con roscado interno, el mortero se presiona con la estructura de rejilla y se une de forma continua a la piedra perforada.<\/p>\n<p style=\"text-align: justify;\">De este modo, la carga se conduce al material.<\/p>\n<p style=\"text-align: justify;\">La colocaci\u00f3n se lleva a cabo en el premontaje.<\/p>\n<p style=\"text-align: justify;\">Con el manguito de anclaje para inyecci\u00f3n no pueden puentearse las capas portantes. Se han de tener en cuenta las homologaciones de los respectivos morteros de inyecci\u00f3n.<\/p>\n<p>[\/vc_column_text][\/vc_column][\/vc_row]<\/p>\n<\/div>","protected":false},"excerpt":{"rendered":"<h2>TAMIZ TACO QU\u00cdMICO<\/h2>\n","protected":false},"featured_media":15577,"comment_status":"open","ping_status":"closed","template":"","meta":{"_exactmetrics_skip_tracking":false,"_exactmetrics_sitenote_active":false,"_exactmetrics_sitenote_note":"","_exactmetrics_sitenote_category":0,"_joinchat":[]},"etheme_brands":[{"term_id":875,"name":"FISCHER","slug":"fischer","term_group":0,"term_taxonomy_id":875,"taxonomy":"brand","description":"","parent":0,"count":3,"filter":"raw"}],"product_brand":[],"product_cat":[416,2463],"product_tag":[877,879,575,876,878,3214,3215],"class_list":{"0":"post-15579","1":"product","2":"type-product","3":"status-publish","4":"has-post-thumbnail","6":"brand-fischer","7":"product_cat-ferreteria","8":"product_cat-fijaciones","9":"product_tag-celdilla","10":"product_tag-fischer","11":"product_tag-manguito","12":"product_tag-taco-quimico","13":"product_tag-tamiz","14":"product_tag-tamiz-taco-quimico-12-mm","15":"product_tag-tamiz-taco-quimico-16-mm","16":"product_shipping_class-envio-peso","18":"first","19":"instock","20":"taxable","21":"shipping-taxable","22":"purchasable","23":"product-type-variable"},"yoast_head":"<!-- This site is optimized with the Yoast SEO plugin v24.9 - https:\/\/yoast.com\/wordpress\/plugins\/seo\/ -->\n<title>TAMIZ PARA TACO QU\u00cdMICO - Tienda de tuferreteria.online by Ferreter\u00eda La Salle<\/title>\n<meta name=\"description\" content=\"Tamiz para taco qu\u00edmico de fischer es el manguito de anclaje de inyecci\u00f3n. Es el componente de sistema para un montaje profesional...\" \/>\n<meta name=\"robots\" content=\"index, follow, max-snippet:-1, max-image-preview:large, max-video-preview:-1\" \/>\n<link rel=\"canonical\" href=\"https:\/\/tuferreteria.online\/hazlo-tu-mismo\/tienda\/ferreteria\/fijaciones\/tamiz-para-taco-quimico\/\" \/>\n<meta property=\"og:locale\" content=\"es_ES\" \/>\n<meta property=\"og:type\" content=\"article\" \/>\n<meta property=\"og:title\" content=\"TAMIZ PARA TACO QU\u00cdMICO - Tienda de tuferreteria.online by Ferreter\u00eda La Salle\" \/>\n<meta property=\"og:description\" content=\"Tamiz para taco qu\u00edmico de fischer es el manguito de anclaje de inyecci\u00f3n. Es el componente de sistema para un montaje profesional...\" \/>\n<meta property=\"og:url\" content=\"https:\/\/tuferreteria.online\/hazlo-tu-mismo\/tienda\/ferreteria\/fijaciones\/tamiz-para-taco-quimico\/\" \/>\n<meta property=\"og:site_name\" content=\"Tienda de tuferreteria.online by Ferreter\u00eda La Salle\" \/>\n<meta property=\"article:modified_time\" content=\"2026-03-11T10:29:30+00:00\" \/>\n<meta property=\"og:image\" content=\"https:\/\/tuferreteria.online\/hazlo-tu-mismo\/wp-content\/uploads\/2020\/03\/IMG-20200323-WA0010.jpg\" \/>\n\t<meta property=\"og:image:width\" content=\"600\" \/>\n\t<meta property=\"og:image:height\" content=\"600\" \/>\n\t<meta property=\"og:image:type\" content=\"image\/jpeg\" \/>\n<meta name=\"twitter:card\" content=\"summary_large_image\" \/>\n<meta name=\"twitter:label1\" content=\"Tiempo de lectura\" \/>\n\t<meta name=\"twitter:data1\" content=\"1 minuto\" \/>\n<script type=\"application\/ld+json\" class=\"yoast-schema-graph\">{\"@context\":\"https:\/\/schema.org\",\"@graph\":[{\"@type\":\"WebPage\",\"@id\":\"https:\/\/tuferreteria.online\/hazlo-tu-mismo\/tienda\/ferreteria\/fijaciones\/tamiz-para-taco-quimico\/\",\"url\":\"https:\/\/tuferreteria.online\/hazlo-tu-mismo\/tienda\/ferreteria\/fijaciones\/tamiz-para-taco-quimico\/\",\"name\":\"TAMIZ PARA TACO QU\u00cdMICO - Tienda de tuferreteria.online by Ferreter\u00eda La Salle\",\"isPartOf\":{\"@id\":\"https:\/\/tuferreteria.online\/hazlo-tu-mismo\/#website\"},\"primaryImageOfPage\":{\"@id\":\"https:\/\/tuferreteria.online\/hazlo-tu-mismo\/tienda\/ferreteria\/fijaciones\/tamiz-para-taco-quimico\/#primaryimage\"},\"image\":{\"@id\":\"https:\/\/tuferreteria.online\/hazlo-tu-mismo\/tienda\/ferreteria\/fijaciones\/tamiz-para-taco-quimico\/#primaryimage\"},\"thumbnailUrl\":\"https:\/\/tuferreteria.online\/hazlo-tu-mismo\/wp-content\/uploads\/2020\/03\/IMG-20200323-WA0010.jpg\",\"datePublished\":\"2020-03-23T12:04:07+00:00\",\"dateModified\":\"2026-03-11T10:29:30+00:00\",\"description\":\"Tamiz para taco qu\u00edmico de fischer es el manguito de anclaje de inyecci\u00f3n. Es el componente de sistema para un montaje profesional...\",\"breadcrumb\":{\"@id\":\"https:\/\/tuferreteria.online\/hazlo-tu-mismo\/tienda\/ferreteria\/fijaciones\/tamiz-para-taco-quimico\/#breadcrumb\"},\"inLanguage\":\"es\",\"potentialAction\":[{\"@type\":\"ReadAction\",\"target\":[\"https:\/\/tuferreteria.online\/hazlo-tu-mismo\/tienda\/ferreteria\/fijaciones\/tamiz-para-taco-quimico\/\"]}]},{\"@type\":\"ImageObject\",\"inLanguage\":\"es\",\"@id\":\"https:\/\/tuferreteria.online\/hazlo-tu-mismo\/tienda\/ferreteria\/fijaciones\/tamiz-para-taco-quimico\/#primaryimage\",\"url\":\"https:\/\/tuferreteria.online\/hazlo-tu-mismo\/wp-content\/uploads\/2020\/03\/IMG-20200323-WA0010.jpg\",\"contentUrl\":\"https:\/\/tuferreteria.online\/hazlo-tu-mismo\/wp-content\/uploads\/2020\/03\/IMG-20200323-WA0010.jpg\",\"width\":600,\"height\":600,\"caption\":\"TAMIZ TACO QU\u00cdMICO\"},{\"@type\":\"BreadcrumbList\",\"@id\":\"https:\/\/tuferreteria.online\/hazlo-tu-mismo\/tienda\/ferreteria\/fijaciones\/tamiz-para-taco-quimico\/#breadcrumb\",\"itemListElement\":[{\"@type\":\"ListItem\",\"position\":1,\"name\":\"Portada\",\"item\":\"https:\/\/tuferreteria.online\/hazlo-tu-mismo\/\"},{\"@type\":\"ListItem\",\"position\":2,\"name\":\"Tienda\",\"item\":\"https:\/\/tuferreteria.online\/hazlo-tu-mismo\/tienda\/\"},{\"@type\":\"ListItem\",\"position\":3,\"name\":\"TAMIZ PARA TACO QU\u00cdMICO\"}]},{\"@type\":\"WebSite\",\"@id\":\"https:\/\/tuferreteria.online\/hazlo-tu-mismo\/#website\",\"url\":\"https:\/\/tuferreteria.online\/hazlo-tu-mismo\/\",\"name\":\"Tienda de tuferreteria.online by Ferreter\u00eda La Salle\",\"description\":\"Hazlo tu mismo\",\"potentialAction\":[{\"@type\":\"SearchAction\",\"target\":{\"@type\":\"EntryPoint\",\"urlTemplate\":\"https:\/\/tuferreteria.online\/hazlo-tu-mismo\/?s={search_term_string}\"},\"query-input\":{\"@type\":\"PropertyValueSpecification\",\"valueRequired\":true,\"valueName\":\"search_term_string\"}}],\"inLanguage\":\"es\"}]}<\/script>\n<!-- \/ Yoast SEO plugin. -->","yoast_head_json":{"title":"TAMIZ PARA TACO QU\u00cdMICO - Tienda de tuferreteria.online by Ferreter\u00eda La Salle","description":"Tamiz para taco qu\u00edmico de fischer es el manguito de anclaje de inyecci\u00f3n. Es el componente de sistema para un montaje profesional...","robots":{"index":"index","follow":"follow","max-snippet":"max-snippet:-1","max-image-preview":"max-image-preview:large","max-video-preview":"max-video-preview:-1"},"canonical":"https:\/\/tuferreteria.online\/hazlo-tu-mismo\/tienda\/ferreteria\/fijaciones\/tamiz-para-taco-quimico\/","og_locale":"es_ES","og_type":"article","og_title":"TAMIZ PARA TACO QU\u00cdMICO - Tienda de tuferreteria.online by Ferreter\u00eda La Salle","og_description":"Tamiz para taco qu\u00edmico de fischer es el manguito de anclaje de inyecci\u00f3n. Es el componente de sistema para un montaje profesional...","og_url":"https:\/\/tuferreteria.online\/hazlo-tu-mismo\/tienda\/ferreteria\/fijaciones\/tamiz-para-taco-quimico\/","og_site_name":"Tienda de tuferreteria.online by Ferreter\u00eda La Salle","article_modified_time":"2026-03-11T10:29:30+00:00","og_image":[{"width":600,"height":600,"url":"https:\/\/tuferreteria.online\/hazlo-tu-mismo\/wp-content\/uploads\/2020\/03\/IMG-20200323-WA0010.jpg","type":"image\/jpeg"}],"twitter_card":"summary_large_image","twitter_misc":{"Tiempo de lectura":"1 minuto"},"schema":{"@context":"https:\/\/schema.org","@graph":[{"@type":"WebPage","@id":"https:\/\/tuferreteria.online\/hazlo-tu-mismo\/tienda\/ferreteria\/fijaciones\/tamiz-para-taco-quimico\/","url":"https:\/\/tuferreteria.online\/hazlo-tu-mismo\/tienda\/ferreteria\/fijaciones\/tamiz-para-taco-quimico\/","name":"TAMIZ PARA TACO QU\u00cdMICO - Tienda de tuferreteria.online by Ferreter\u00eda La Salle","isPartOf":{"@id":"https:\/\/tuferreteria.online\/hazlo-tu-mismo\/#website"},"primaryImageOfPage":{"@id":"https:\/\/tuferreteria.online\/hazlo-tu-mismo\/tienda\/ferreteria\/fijaciones\/tamiz-para-taco-quimico\/#primaryimage"},"image":{"@id":"https:\/\/tuferreteria.online\/hazlo-tu-mismo\/tienda\/ferreteria\/fijaciones\/tamiz-para-taco-quimico\/#primaryimage"},"thumbnailUrl":"https:\/\/tuferreteria.online\/hazlo-tu-mismo\/wp-content\/uploads\/2020\/03\/IMG-20200323-WA0010.jpg","datePublished":"2020-03-23T12:04:07+00:00","dateModified":"2026-03-11T10:29:30+00:00","description":"Tamiz para taco qu\u00edmico de fischer es el manguito de anclaje de inyecci\u00f3n. Es el componente de sistema para un montaje profesional...","breadcrumb":{"@id":"https:\/\/tuferreteria.online\/hazlo-tu-mismo\/tienda\/ferreteria\/fijaciones\/tamiz-para-taco-quimico\/#breadcrumb"},"inLanguage":"es","potentialAction":[{"@type":"ReadAction","target":["https:\/\/tuferreteria.online\/hazlo-tu-mismo\/tienda\/ferreteria\/fijaciones\/tamiz-para-taco-quimico\/"]}]},{"@type":"ImageObject","inLanguage":"es","@id":"https:\/\/tuferreteria.online\/hazlo-tu-mismo\/tienda\/ferreteria\/fijaciones\/tamiz-para-taco-quimico\/#primaryimage","url":"https:\/\/tuferreteria.online\/hazlo-tu-mismo\/wp-content\/uploads\/2020\/03\/IMG-20200323-WA0010.jpg","contentUrl":"https:\/\/tuferreteria.online\/hazlo-tu-mismo\/wp-content\/uploads\/2020\/03\/IMG-20200323-WA0010.jpg","width":600,"height":600,"caption":"TAMIZ TACO QU\u00cdMICO"},{"@type":"BreadcrumbList","@id":"https:\/\/tuferreteria.online\/hazlo-tu-mismo\/tienda\/ferreteria\/fijaciones\/tamiz-para-taco-quimico\/#breadcrumb","itemListElement":[{"@type":"ListItem","position":1,"name":"Portada","item":"https:\/\/tuferreteria.online\/hazlo-tu-mismo\/"},{"@type":"ListItem","position":2,"name":"Tienda","item":"https:\/\/tuferreteria.online\/hazlo-tu-mismo\/tienda\/"},{"@type":"ListItem","position":3,"name":"TAMIZ PARA TACO QU\u00cdMICO"}]},{"@type":"WebSite","@id":"https:\/\/tuferreteria.online\/hazlo-tu-mismo\/#website","url":"https:\/\/tuferreteria.online\/hazlo-tu-mismo\/","name":"Tienda de tuferreteria.online by Ferreter\u00eda La Salle","description":"Hazlo tu mismo","potentialAction":[{"@type":"SearchAction","target":{"@type":"EntryPoint","urlTemplate":"https:\/\/tuferreteria.online\/hazlo-tu-mismo\/?s={search_term_string}"},"query-input":{"@type":"PropertyValueSpecification","valueRequired":true,"valueName":"search_term_string"}}],"inLanguage":"es"}]}},"_links":{"self":[{"href":"https:\/\/tuferreteria.online\/hazlo-tu-mismo\/wp-json\/wp\/v2\/product\/15579","targetHints":{"allow":["GET"]}}],"collection":[{"href":"https:\/\/tuferreteria.online\/hazlo-tu-mismo\/wp-json\/wp\/v2\/product"}],"about":[{"href":"https:\/\/tuferreteria.online\/hazlo-tu-mismo\/wp-json\/wp\/v2\/types\/product"}],"replies":[{"embeddable":true,"href":"https:\/\/tuferreteria.online\/hazlo-tu-mismo\/wp-json\/wp\/v2\/comments?post=15579"}],"wp:featuredmedia":[{"embeddable":true,"href":"https:\/\/tuferreteria.online\/hazlo-tu-mismo\/wp-json\/wp\/v2\/media\/15577"}],"wp:attachment":[{"href":"https:\/\/tuferreteria.online\/hazlo-tu-mismo\/wp-json\/wp\/v2\/media?parent=15579"}],"wp:term":[{"taxonomy":"brand","embeddable":true,"href":"https:\/\/tuferreteria.online\/hazlo-tu-mismo\/wp-json\/wp\/v2\/etheme_brands?post=15579"},{"taxonomy":"product_brand","embeddable":true,"href":"https:\/\/tuferreteria.online\/hazlo-tu-mismo\/wp-json\/wp\/v2\/product_brand?post=15579"},{"taxonomy":"product_cat","embeddable":true,"href":"https:\/\/tuferreteria.online\/hazlo-tu-mismo\/wp-json\/wp\/v2\/product_cat?post=15579"},{"taxonomy":"product_tag","embeddable":true,"href":"https:\/\/tuferreteria.online\/hazlo-tu-mismo\/wp-json\/wp\/v2\/product_tag?post=15579"}],"curies":[{"name":"wp","href":"https:\/\/api.w.org\/{rel}","templated":true}]}}