{"id":16611,"date":"2020-04-02T15:28:26","date_gmt":"2020-04-02T14:28:26","guid":{"rendered":"https:\/\/tuferreteria.online\/hazlo-tu-mismo\/?post_type=product&#038;p=16611"},"modified":"2026-03-11T10:36:46","modified_gmt":"2026-03-11T09:36:46","slug":"exprimidor-zumo-jocca-40-w","status":"publish","type":"product","link":"https:\/\/tuferreteria.online\/hazlo-tu-mismo\/tienda\/hogar\/cocina\/pequeno-electrodomestico\/exprimidor-zumo-jocca-40-w\/","title":{"rendered":"EXPRIMIDOR ZUMO BRAUN CJ 3000"},"content":{"rendered":"<div class=\"wpb-content-wrapper\"><p>[vc_row][vc_column][vc_column_text]<\/p>\n<h2 style=\"text-align: center;\"><span style=\"font-size: 24pt; color: #f9e03a;\">Exprimidor Zumo<\/span><\/h2>\n<p>&nbsp;<\/p>\n<h3>Caracter\u00edsticas:<\/h3>\n<p>&nbsp;<\/p>\n<p style=\"text-align: justify;\">El exprimidor de Zumo o jugo Braun,\u00a0gira en ambos sentidos para exprimir al m\u00e1ximo.<\/p>\n<p style=\"text-align: justify;\">Su boquilla te ayudar\u00e1 a servirlo c\u00f3modamente sin que se caiga ni una gota.<\/p>\n<p>Tiene en su base un regulador para que puedas decidir cuanta pulpa cae.<\/p>\n<p>Podr\u00e1s desmontarlo y llevarlo al lavavajillas.<\/p>\n<p style=\"text-align: justify;\">Tiene una capacidad de 350 ml.<\/p>\n<p>[\/vc_column_text][\/vc_column][\/vc_row]<\/p>\n<\/div>","protected":false},"excerpt":{"rendered":"<h2>EXPRIMIDOR JUGO<\/h2>\n","protected":false},"featured_media":26162,"comment_status":"open","ping_status":"closed","template":"","meta":{"_exactmetrics_skip_tracking":false,"_exactmetrics_sitenote_active":false,"_exactmetrics_sitenote_note":"","_exactmetrics_sitenote_category":0,"_joinchat":[]},"etheme_brands":[{"term_id":2789,"name":"BRAUN","slug":"braun","term_group":0,"term_taxonomy_id":2789,"taxonomy":"brand","description":"","parent":0,"count":1,"filter":"raw"}],"product_brand":[],"product_cat":[516,2814,78,82],"product_tag":[1111,1113,1110,1112],"class_list":{"0":"post-16611","1":"product","2":"type-product","3":"status-publish","4":"has-post-thumbnail","6":"brand-braun","7":"product_cat-cocina","8":"product_cat-exprimidores-licuadoras","9":"product_cat-hogar","10":"product_cat-pequeno-electrodomestico","11":"product_tag-exprimidor-de-cocina","12":"product_tag-exprimidor-de-fruta","13":"product_tag-exprimidor-de-jugo","14":"product_tag-exprimidor-de-naranjas","15":"product_shipping_class-envio-peso","17":"first","18":"outofstock","19":"taxable","20":"shipping-taxable","21":"purchasable","22":"product-type-simple"},"yoast_head":"<!-- This site is optimized with the Yoast SEO plugin v24.9 - https:\/\/yoast.com\/wordpress\/plugins\/seo\/ -->\n<title>EXPRIMIDOR ZUMO BRAUN CJ 3000 - Tienda de tuferreteria.online by Ferreter\u00eda La Salle<\/title>\n<meta name=\"description\" content=\"El exprimidor de Zumo o jugo Braun,\u00a0gira en ambos sentidos para exprimir al m\u00e1ximo. Su boquilla te ayudar\u00e1 a servirlo c\u00f3modamente sin que se caiga ni una gota.\" \/>\n<meta name=\"robots\" content=\"index, follow, max-snippet:-1, max-image-preview:large, max-video-preview:-1\" \/>\n<link rel=\"canonical\" href=\"https:\/\/tuferreteria.online\/hazlo-tu-mismo\/tienda\/hogar\/cocina\/pequeno-electrodomestico\/exprimidor-zumo-jocca-40-w\/\" \/>\n<meta property=\"og:locale\" content=\"es_ES\" \/>\n<meta property=\"og:type\" content=\"article\" \/>\n<meta property=\"og:title\" content=\"EXPRIMIDOR ZUMO BRAUN CJ 3000 - Tienda de tuferreteria.online by Ferreter\u00eda La Salle\" \/>\n<meta property=\"og:description\" content=\"El exprimidor de Zumo o jugo Braun,\u00a0gira en ambos sentidos para exprimir al m\u00e1ximo. Su boquilla te ayudar\u00e1 a servirlo c\u00f3modamente sin que se caiga ni una gota.\" \/>\n<meta property=\"og:url\" content=\"https:\/\/tuferreteria.online\/hazlo-tu-mismo\/tienda\/hogar\/cocina\/pequeno-electrodomestico\/exprimidor-zumo-jocca-40-w\/\" \/>\n<meta property=\"og:site_name\" content=\"Tienda de tuferreteria.online by Ferreter\u00eda La Salle\" \/>\n<meta property=\"article:modified_time\" content=\"2026-03-11T09:36:46+00:00\" \/>\n<meta property=\"og:image\" content=\"https:\/\/tuferreteria.online\/hazlo-tu-mismo\/wp-content\/uploads\/2020\/04\/EXPRIMIDOR-JUGO-BRAUN-CJ-3000.jpg\" \/>\n\t<meta property=\"og:image:width\" content=\"600\" \/>\n\t<meta property=\"og:image:height\" content=\"600\" \/>\n\t<meta property=\"og:image:type\" content=\"image\/jpeg\" \/>\n<meta name=\"twitter:card\" content=\"summary_large_image\" \/>\n<meta name=\"twitter:label1\" content=\"Tiempo de lectura\" \/>\n\t<meta name=\"twitter:data1\" content=\"1 minuto\" \/>\n<script type=\"application\/ld+json\" class=\"yoast-schema-graph\">{\"@context\":\"https:\/\/schema.org\",\"@graph\":[{\"@type\":\"WebPage\",\"@id\":\"https:\/\/tuferreteria.online\/hazlo-tu-mismo\/tienda\/hogar\/cocina\/pequeno-electrodomestico\/exprimidor-zumo-jocca-40-w\/\",\"url\":\"https:\/\/tuferreteria.online\/hazlo-tu-mismo\/tienda\/hogar\/cocina\/pequeno-electrodomestico\/exprimidor-zumo-jocca-40-w\/\",\"name\":\"EXPRIMIDOR ZUMO BRAUN CJ 3000 - Tienda de tuferreteria.online by Ferreter\u00eda La Salle\",\"isPartOf\":{\"@id\":\"https:\/\/tuferreteria.online\/hazlo-tu-mismo\/#website\"},\"primaryImageOfPage\":{\"@id\":\"https:\/\/tuferreteria.online\/hazlo-tu-mismo\/tienda\/hogar\/cocina\/pequeno-electrodomestico\/exprimidor-zumo-jocca-40-w\/#primaryimage\"},\"image\":{\"@id\":\"https:\/\/tuferreteria.online\/hazlo-tu-mismo\/tienda\/hogar\/cocina\/pequeno-electrodomestico\/exprimidor-zumo-jocca-40-w\/#primaryimage\"},\"thumbnailUrl\":\"https:\/\/tuferreteria.online\/hazlo-tu-mismo\/wp-content\/uploads\/2020\/04\/EXPRIMIDOR-JUGO-BRAUN-CJ-3000.jpg\",\"datePublished\":\"2020-04-02T14:28:26+00:00\",\"dateModified\":\"2026-03-11T09:36:46+00:00\",\"description\":\"El exprimidor de Zumo o jugo Braun,\u00a0gira en ambos sentidos para exprimir al m\u00e1ximo. Su boquilla te ayudar\u00e1 a servirlo c\u00f3modamente sin que se caiga ni una gota.\",\"breadcrumb\":{\"@id\":\"https:\/\/tuferreteria.online\/hazlo-tu-mismo\/tienda\/hogar\/cocina\/pequeno-electrodomestico\/exprimidor-zumo-jocca-40-w\/#breadcrumb\"},\"inLanguage\":\"es\",\"potentialAction\":[{\"@type\":\"ReadAction\",\"target\":[\"https:\/\/tuferreteria.online\/hazlo-tu-mismo\/tienda\/hogar\/cocina\/pequeno-electrodomestico\/exprimidor-zumo-jocca-40-w\/\"]}]},{\"@type\":\"ImageObject\",\"inLanguage\":\"es\",\"@id\":\"https:\/\/tuferreteria.online\/hazlo-tu-mismo\/tienda\/hogar\/cocina\/pequeno-electrodomestico\/exprimidor-zumo-jocca-40-w\/#primaryimage\",\"url\":\"https:\/\/tuferreteria.online\/hazlo-tu-mismo\/wp-content\/uploads\/2020\/04\/EXPRIMIDOR-JUGO-BRAUN-CJ-3000.jpg\",\"contentUrl\":\"https:\/\/tuferreteria.online\/hazlo-tu-mismo\/wp-content\/uploads\/2020\/04\/EXPRIMIDOR-JUGO-BRAUN-CJ-3000.jpg\",\"width\":600,\"height\":600,\"caption\":\"EXPRIMIDOR-JUGO-BRAUN-CJ-3000\"},{\"@type\":\"BreadcrumbList\",\"@id\":\"https:\/\/tuferreteria.online\/hazlo-tu-mismo\/tienda\/hogar\/cocina\/pequeno-electrodomestico\/exprimidor-zumo-jocca-40-w\/#breadcrumb\",\"itemListElement\":[{\"@type\":\"ListItem\",\"position\":1,\"name\":\"Portada\",\"item\":\"https:\/\/tuferreteria.online\/hazlo-tu-mismo\/\"},{\"@type\":\"ListItem\",\"position\":2,\"name\":\"Tienda\",\"item\":\"https:\/\/tuferreteria.online\/hazlo-tu-mismo\/tienda\/\"},{\"@type\":\"ListItem\",\"position\":3,\"name\":\"EXPRIMIDOR ZUMO BRAUN CJ 3000\"}]},{\"@type\":\"WebSite\",\"@id\":\"https:\/\/tuferreteria.online\/hazlo-tu-mismo\/#website\",\"url\":\"https:\/\/tuferreteria.online\/hazlo-tu-mismo\/\",\"name\":\"Tienda de tuferreteria.online by Ferreter\u00eda La Salle\",\"description\":\"Hazlo tu mismo\",\"potentialAction\":[{\"@type\":\"SearchAction\",\"target\":{\"@type\":\"EntryPoint\",\"urlTemplate\":\"https:\/\/tuferreteria.online\/hazlo-tu-mismo\/?s={search_term_string}\"},\"query-input\":{\"@type\":\"PropertyValueSpecification\",\"valueRequired\":true,\"valueName\":\"search_term_string\"}}],\"inLanguage\":\"es\"}]}<\/script>\n<!-- \/ Yoast SEO plugin. -->","yoast_head_json":{"title":"EXPRIMIDOR ZUMO BRAUN CJ 3000 - Tienda de tuferreteria.online by Ferreter\u00eda La Salle","description":"El exprimidor de Zumo o jugo Braun,\u00a0gira en ambos sentidos para exprimir al m\u00e1ximo. Su boquilla te ayudar\u00e1 a servirlo c\u00f3modamente sin que se caiga ni una gota.","robots":{"index":"index","follow":"follow","max-snippet":"max-snippet:-1","max-image-preview":"max-image-preview:large","max-video-preview":"max-video-preview:-1"},"canonical":"https:\/\/tuferreteria.online\/hazlo-tu-mismo\/tienda\/hogar\/cocina\/pequeno-electrodomestico\/exprimidor-zumo-jocca-40-w\/","og_locale":"es_ES","og_type":"article","og_title":"EXPRIMIDOR ZUMO BRAUN CJ 3000 - Tienda de tuferreteria.online by Ferreter\u00eda La Salle","og_description":"El exprimidor de Zumo o jugo Braun,\u00a0gira en ambos sentidos para exprimir al m\u00e1ximo. Su boquilla te ayudar\u00e1 a servirlo c\u00f3modamente sin que se caiga ni una gota.","og_url":"https:\/\/tuferreteria.online\/hazlo-tu-mismo\/tienda\/hogar\/cocina\/pequeno-electrodomestico\/exprimidor-zumo-jocca-40-w\/","og_site_name":"Tienda de tuferreteria.online by Ferreter\u00eda La Salle","article_modified_time":"2026-03-11T09:36:46+00:00","og_image":[{"width":600,"height":600,"url":"https:\/\/tuferreteria.online\/hazlo-tu-mismo\/wp-content\/uploads\/2020\/04\/EXPRIMIDOR-JUGO-BRAUN-CJ-3000.jpg","type":"image\/jpeg"}],"twitter_card":"summary_large_image","twitter_misc":{"Tiempo de lectura":"1 minuto"},"schema":{"@context":"https:\/\/schema.org","@graph":[{"@type":"WebPage","@id":"https:\/\/tuferreteria.online\/hazlo-tu-mismo\/tienda\/hogar\/cocina\/pequeno-electrodomestico\/exprimidor-zumo-jocca-40-w\/","url":"https:\/\/tuferreteria.online\/hazlo-tu-mismo\/tienda\/hogar\/cocina\/pequeno-electrodomestico\/exprimidor-zumo-jocca-40-w\/","name":"EXPRIMIDOR ZUMO BRAUN CJ 3000 - Tienda de tuferreteria.online by Ferreter\u00eda La Salle","isPartOf":{"@id":"https:\/\/tuferreteria.online\/hazlo-tu-mismo\/#website"},"primaryImageOfPage":{"@id":"https:\/\/tuferreteria.online\/hazlo-tu-mismo\/tienda\/hogar\/cocina\/pequeno-electrodomestico\/exprimidor-zumo-jocca-40-w\/#primaryimage"},"image":{"@id":"https:\/\/tuferreteria.online\/hazlo-tu-mismo\/tienda\/hogar\/cocina\/pequeno-electrodomestico\/exprimidor-zumo-jocca-40-w\/#primaryimage"},"thumbnailUrl":"https:\/\/tuferreteria.online\/hazlo-tu-mismo\/wp-content\/uploads\/2020\/04\/EXPRIMIDOR-JUGO-BRAUN-CJ-3000.jpg","datePublished":"2020-04-02T14:28:26+00:00","dateModified":"2026-03-11T09:36:46+00:00","description":"El exprimidor de Zumo o jugo Braun,\u00a0gira en ambos sentidos para exprimir al m\u00e1ximo. Su boquilla te ayudar\u00e1 a servirlo c\u00f3modamente sin que se caiga ni una gota.","breadcrumb":{"@id":"https:\/\/tuferreteria.online\/hazlo-tu-mismo\/tienda\/hogar\/cocina\/pequeno-electrodomestico\/exprimidor-zumo-jocca-40-w\/#breadcrumb"},"inLanguage":"es","potentialAction":[{"@type":"ReadAction","target":["https:\/\/tuferreteria.online\/hazlo-tu-mismo\/tienda\/hogar\/cocina\/pequeno-electrodomestico\/exprimidor-zumo-jocca-40-w\/"]}]},{"@type":"ImageObject","inLanguage":"es","@id":"https:\/\/tuferreteria.online\/hazlo-tu-mismo\/tienda\/hogar\/cocina\/pequeno-electrodomestico\/exprimidor-zumo-jocca-40-w\/#primaryimage","url":"https:\/\/tuferreteria.online\/hazlo-tu-mismo\/wp-content\/uploads\/2020\/04\/EXPRIMIDOR-JUGO-BRAUN-CJ-3000.jpg","contentUrl":"https:\/\/tuferreteria.online\/hazlo-tu-mismo\/wp-content\/uploads\/2020\/04\/EXPRIMIDOR-JUGO-BRAUN-CJ-3000.jpg","width":600,"height":600,"caption":"EXPRIMIDOR-JUGO-BRAUN-CJ-3000"},{"@type":"BreadcrumbList","@id":"https:\/\/tuferreteria.online\/hazlo-tu-mismo\/tienda\/hogar\/cocina\/pequeno-electrodomestico\/exprimidor-zumo-jocca-40-w\/#breadcrumb","itemListElement":[{"@type":"ListItem","position":1,"name":"Portada","item":"https:\/\/tuferreteria.online\/hazlo-tu-mismo\/"},{"@type":"ListItem","position":2,"name":"Tienda","item":"https:\/\/tuferreteria.online\/hazlo-tu-mismo\/tienda\/"},{"@type":"ListItem","position":3,"name":"EXPRIMIDOR ZUMO BRAUN CJ 3000"}]},{"@type":"WebSite","@id":"https:\/\/tuferreteria.online\/hazlo-tu-mismo\/#website","url":"https:\/\/tuferreteria.online\/hazlo-tu-mismo\/","name":"Tienda de tuferreteria.online by Ferreter\u00eda La Salle","description":"Hazlo tu mismo","potentialAction":[{"@type":"SearchAction","target":{"@type":"EntryPoint","urlTemplate":"https:\/\/tuferreteria.online\/hazlo-tu-mismo\/?s={search_term_string}"},"query-input":{"@type":"PropertyValueSpecification","valueRequired":true,"valueName":"search_term_string"}}],"inLanguage":"es"}]}},"_links":{"self":[{"href":"https:\/\/tuferreteria.online\/hazlo-tu-mismo\/wp-json\/wp\/v2\/product\/16611","targetHints":{"allow":["GET"]}}],"collection":[{"href":"https:\/\/tuferreteria.online\/hazlo-tu-mismo\/wp-json\/wp\/v2\/product"}],"about":[{"href":"https:\/\/tuferreteria.online\/hazlo-tu-mismo\/wp-json\/wp\/v2\/types\/product"}],"replies":[{"embeddable":true,"href":"https:\/\/tuferreteria.online\/hazlo-tu-mismo\/wp-json\/wp\/v2\/comments?post=16611"}],"wp:featuredmedia":[{"embeddable":true,"href":"https:\/\/tuferreteria.online\/hazlo-tu-mismo\/wp-json\/wp\/v2\/media\/26162"}],"wp:attachment":[{"href":"https:\/\/tuferreteria.online\/hazlo-tu-mismo\/wp-json\/wp\/v2\/media?parent=16611"}],"wp:term":[{"taxonomy":"brand","embeddable":true,"href":"https:\/\/tuferreteria.online\/hazlo-tu-mismo\/wp-json\/wp\/v2\/etheme_brands?post=16611"},{"taxonomy":"product_brand","embeddable":true,"href":"https:\/\/tuferreteria.online\/hazlo-tu-mismo\/wp-json\/wp\/v2\/product_brand?post=16611"},{"taxonomy":"product_cat","embeddable":true,"href":"https:\/\/tuferreteria.online\/hazlo-tu-mismo\/wp-json\/wp\/v2\/product_cat?post=16611"},{"taxonomy":"product_tag","embeddable":true,"href":"https:\/\/tuferreteria.online\/hazlo-tu-mismo\/wp-json\/wp\/v2\/product_tag?post=16611"}],"curies":[{"name":"wp","href":"https:\/\/api.w.org\/{rel}","templated":true}]}}