{"id":16989,"date":"2020-04-07T09:34:43","date_gmt":"2020-04-07T08:34:43","guid":{"rendered":"https:\/\/tuferreteria.online\/hazlo-tu-mismo\/?post_type=product&#038;p=16989"},"modified":"2026-03-11T11:21:57","modified_gmt":"2026-03-11T10:21:57","slug":"pintura-plastica-interior-exterior-2","status":"publish","type":"product","link":"https:\/\/tuferreteria.online\/hazlo-tu-mismo\/tienda\/pintura-decoracion\/pintura\/pinturas-tintes-ceras\/pintura-plastica-interior-exterior-2\/","title":{"rendered":"PINTURA PL\u00c1STICA INTERIOR-EXTERIOR"},"content":{"rendered":"<div class=\"wpb-content-wrapper\"><p>[vc_row][vc_column][vc_column_text]<\/p>\n<h2 style=\"text-align: center;\"><span style=\"font-size: 24pt; color: #f9e03a;\">Pintura Pl\u00e1stica Interior-Exterior<\/span><\/h2>\n<p>&nbsp;<\/p>\n<h3>ESTE PRODUCTO (EN SU VARIACI\u00d3N DE 15 LT.) NO SE ENV\u00cdA A LA PEN\u00cdNSULA IB\u00c9RICA (S\u00d3LO CANARIAS)<\/h3>\n<p>&nbsp;<\/p>\n<h3>Caracter\u00edsticas:<\/h3>\n<p>&nbsp;<\/p>\n<p>La pintura pl\u00e1stica Cobertura Total de Titanlux, es lavable, la podr\u00e1s usar en interior y en exterior y cubre en una sola capa.<\/p>\n<p>Decorar\u00e1 tus paredes y techos con un acabado de calidad y muy resistente.<\/p>\n<p>Sin olor y sin salpicones ni goteos.<\/p>\n<p>Con conservante anti-moho.<\/p>\n<p>Es respetuosa con el medio ambiente.<\/p>\n<p>Color Blanco<\/p>\n<p>Lavable<\/p>\n<p>Diluci\u00f3n: Agua[\/vc_column_text][\/vc_column][\/vc_row]<\/p>\n<\/div>","protected":false},"excerpt":{"rendered":"<h2>PINTURA PL\u00c1STICA INTERIOR-EXTERIOR<\/h2>\n","protected":false},"featured_media":19377,"comment_status":"open","ping_status":"closed","template":"","meta":{"_exactmetrics_skip_tracking":false,"_exactmetrics_sitenote_active":false,"_exactmetrics_sitenote_note":"","_exactmetrics_sitenote_category":0,"_joinchat":[]},"etheme_brands":[{"term_id":226,"name":"TITANLUX","slug":"titanlux","term_group":0,"term_taxonomy_id":226,"taxonomy":"brand","description":"","parent":0,"count":19,"filter":"raw"}],"product_brand":[],"product_cat":[517,48,53],"product_tag":[2183,1341,1342,237,542,754,560,232,1160,1161,975,629,1344],"class_list":{"0":"post-16989","1":"product","2":"type-product","3":"status-publish","4":"has-post-thumbnail","6":"brand-titanlux","7":"product_cat-pintura","8":"product_cat-pintura-decoracion","9":"product_cat-pinturas-tintes-ceras","10":"product_tag-2183","11":"product_tag-bidon","12":"product_tag-bidones","13":"product_tag-decoracion","14":"product_tag-hogar","15":"product_tag-paredes","16":"product_tag-pintar","17":"product_tag-pintura","18":"product_tag-pintura-para-paredes","19":"product_tag-pintura-para-techo","20":"product_tag-pintura-sin-olor","21":"product_tag-plastica","22":"product_tag-sin-olor","23":"product_shipping_class-envio-peso","25":"first","26":"instock","27":"taxable","28":"shipping-taxable","29":"purchasable","30":"product-type-variable"},"yoast_head":"<!-- This site is optimized with the Yoast SEO plugin v24.9 - https:\/\/yoast.com\/wordpress\/plugins\/seo\/ -->\n<title>PINTURA PL\u00c1STICA INTERIOR-EXTERIOR - Tienda de tuferreteria.online by Ferreter\u00eda La Salle<\/title>\n<meta name=\"description\" content=\"La pintura pl\u00e1stica Cobertura Total de Titanlux, es lavable, la podr\u00e1s usar en interior y en exterior y cubre en una sola capa. Decorar\u00e1 tus paredes y techos con un acabado de calidad y muy resistente.\" \/>\n<meta name=\"robots\" content=\"index, follow, max-snippet:-1, max-image-preview:large, max-video-preview:-1\" \/>\n<link rel=\"canonical\" href=\"https:\/\/tuferreteria.online\/hazlo-tu-mismo\/tienda\/pintura-decoracion\/pintura\/pinturas-tintes-ceras\/pintura-plastica-interior-exterior-2\/\" \/>\n<meta property=\"og:locale\" content=\"es_ES\" \/>\n<meta property=\"og:type\" content=\"article\" \/>\n<meta property=\"og:title\" content=\"PINTURA PL\u00c1STICA INTERIOR-EXTERIOR - Tienda de tuferreteria.online by Ferreter\u00eda La Salle\" \/>\n<meta property=\"og:description\" content=\"La pintura pl\u00e1stica Cobertura Total de Titanlux, es lavable, la podr\u00e1s usar en interior y en exterior y cubre en una sola capa. Decorar\u00e1 tus paredes y techos con un acabado de calidad y muy resistente.\" \/>\n<meta property=\"og:url\" content=\"https:\/\/tuferreteria.online\/hazlo-tu-mismo\/tienda\/pintura-decoracion\/pintura\/pinturas-tintes-ceras\/pintura-plastica-interior-exterior-2\/\" \/>\n<meta property=\"og:site_name\" content=\"Tienda de tuferreteria.online by Ferreter\u00eda La Salle\" \/>\n<meta property=\"article:modified_time\" content=\"2026-03-11T10:21:57+00:00\" \/>\n<meta property=\"og:image\" content=\"https:\/\/tuferreteria.online\/hazlo-tu-mismo\/wp-content\/uploads\/2020\/05\/PINTURA-TITANLUX-COBERTURA-TOTAL.jpg\" \/>\n\t<meta property=\"og:image:width\" content=\"600\" \/>\n\t<meta property=\"og:image:height\" content=\"600\" \/>\n\t<meta property=\"og:image:type\" content=\"image\/jpeg\" \/>\n<meta name=\"twitter:card\" content=\"summary_large_image\" \/>\n<meta name=\"twitter:label1\" content=\"Tiempo de lectura\" \/>\n\t<meta name=\"twitter:data1\" content=\"1 minuto\" \/>\n<script type=\"application\/ld+json\" class=\"yoast-schema-graph\">{\"@context\":\"https:\/\/schema.org\",\"@graph\":[{\"@type\":\"WebPage\",\"@id\":\"https:\/\/tuferreteria.online\/hazlo-tu-mismo\/tienda\/pintura-decoracion\/pintura\/pinturas-tintes-ceras\/pintura-plastica-interior-exterior-2\/\",\"url\":\"https:\/\/tuferreteria.online\/hazlo-tu-mismo\/tienda\/pintura-decoracion\/pintura\/pinturas-tintes-ceras\/pintura-plastica-interior-exterior-2\/\",\"name\":\"PINTURA PL\u00c1STICA INTERIOR-EXTERIOR - Tienda de tuferreteria.online by Ferreter\u00eda La Salle\",\"isPartOf\":{\"@id\":\"https:\/\/tuferreteria.online\/hazlo-tu-mismo\/#website\"},\"primaryImageOfPage\":{\"@id\":\"https:\/\/tuferreteria.online\/hazlo-tu-mismo\/tienda\/pintura-decoracion\/pintura\/pinturas-tintes-ceras\/pintura-plastica-interior-exterior-2\/#primaryimage\"},\"image\":{\"@id\":\"https:\/\/tuferreteria.online\/hazlo-tu-mismo\/tienda\/pintura-decoracion\/pintura\/pinturas-tintes-ceras\/pintura-plastica-interior-exterior-2\/#primaryimage\"},\"thumbnailUrl\":\"https:\/\/tuferreteria.online\/hazlo-tu-mismo\/wp-content\/uploads\/2020\/05\/PINTURA-TITANLUX-COBERTURA-TOTAL.jpg\",\"datePublished\":\"2020-04-07T08:34:43+00:00\",\"dateModified\":\"2026-03-11T10:21:57+00:00\",\"description\":\"La pintura pl\u00e1stica Cobertura Total de Titanlux, es lavable, la podr\u00e1s usar en interior y en exterior y cubre en una sola capa. Decorar\u00e1 tus paredes y techos con un acabado de calidad y muy resistente.\",\"breadcrumb\":{\"@id\":\"https:\/\/tuferreteria.online\/hazlo-tu-mismo\/tienda\/pintura-decoracion\/pintura\/pinturas-tintes-ceras\/pintura-plastica-interior-exterior-2\/#breadcrumb\"},\"inLanguage\":\"es\",\"potentialAction\":[{\"@type\":\"ReadAction\",\"target\":[\"https:\/\/tuferreteria.online\/hazlo-tu-mismo\/tienda\/pintura-decoracion\/pintura\/pinturas-tintes-ceras\/pintura-plastica-interior-exterior-2\/\"]}]},{\"@type\":\"ImageObject\",\"inLanguage\":\"es\",\"@id\":\"https:\/\/tuferreteria.online\/hazlo-tu-mismo\/tienda\/pintura-decoracion\/pintura\/pinturas-tintes-ceras\/pintura-plastica-interior-exterior-2\/#primaryimage\",\"url\":\"https:\/\/tuferreteria.online\/hazlo-tu-mismo\/wp-content\/uploads\/2020\/05\/PINTURA-TITANLUX-COBERTURA-TOTAL.jpg\",\"contentUrl\":\"https:\/\/tuferreteria.online\/hazlo-tu-mismo\/wp-content\/uploads\/2020\/05\/PINTURA-TITANLUX-COBERTURA-TOTAL.jpg\",\"width\":600,\"height\":600,\"caption\":\"PINTURA-TITANLUX-COBERTURA-TOTAL\"},{\"@type\":\"BreadcrumbList\",\"@id\":\"https:\/\/tuferreteria.online\/hazlo-tu-mismo\/tienda\/pintura-decoracion\/pintura\/pinturas-tintes-ceras\/pintura-plastica-interior-exterior-2\/#breadcrumb\",\"itemListElement\":[{\"@type\":\"ListItem\",\"position\":1,\"name\":\"Portada\",\"item\":\"https:\/\/tuferreteria.online\/hazlo-tu-mismo\/\"},{\"@type\":\"ListItem\",\"position\":2,\"name\":\"Tienda\",\"item\":\"https:\/\/tuferreteria.online\/hazlo-tu-mismo\/tienda\/\"},{\"@type\":\"ListItem\",\"position\":3,\"name\":\"PINTURA PL\u00c1STICA INTERIOR-EXTERIOR\"}]},{\"@type\":\"WebSite\",\"@id\":\"https:\/\/tuferreteria.online\/hazlo-tu-mismo\/#website\",\"url\":\"https:\/\/tuferreteria.online\/hazlo-tu-mismo\/\",\"name\":\"Tienda de tuferreteria.online by Ferreter\u00eda La Salle\",\"description\":\"Hazlo tu mismo\",\"potentialAction\":[{\"@type\":\"SearchAction\",\"target\":{\"@type\":\"EntryPoint\",\"urlTemplate\":\"https:\/\/tuferreteria.online\/hazlo-tu-mismo\/?s={search_term_string}\"},\"query-input\":{\"@type\":\"PropertyValueSpecification\",\"valueRequired\":true,\"valueName\":\"search_term_string\"}}],\"inLanguage\":\"es\"}]}<\/script>\n<!-- \/ Yoast SEO plugin. -->","yoast_head_json":{"title":"PINTURA PL\u00c1STICA INTERIOR-EXTERIOR - Tienda de tuferreteria.online by Ferreter\u00eda La Salle","description":"La pintura pl\u00e1stica Cobertura Total de Titanlux, es lavable, la podr\u00e1s usar en interior y en exterior y cubre en una sola capa. Decorar\u00e1 tus paredes y techos con un acabado de calidad y muy resistente.","robots":{"index":"index","follow":"follow","max-snippet":"max-snippet:-1","max-image-preview":"max-image-preview:large","max-video-preview":"max-video-preview:-1"},"canonical":"https:\/\/tuferreteria.online\/hazlo-tu-mismo\/tienda\/pintura-decoracion\/pintura\/pinturas-tintes-ceras\/pintura-plastica-interior-exterior-2\/","og_locale":"es_ES","og_type":"article","og_title":"PINTURA PL\u00c1STICA INTERIOR-EXTERIOR - Tienda de tuferreteria.online by Ferreter\u00eda La Salle","og_description":"La pintura pl\u00e1stica Cobertura Total de Titanlux, es lavable, la podr\u00e1s usar en interior y en exterior y cubre en una sola capa. Decorar\u00e1 tus paredes y techos con un acabado de calidad y muy resistente.","og_url":"https:\/\/tuferreteria.online\/hazlo-tu-mismo\/tienda\/pintura-decoracion\/pintura\/pinturas-tintes-ceras\/pintura-plastica-interior-exterior-2\/","og_site_name":"Tienda de tuferreteria.online by Ferreter\u00eda La Salle","article_modified_time":"2026-03-11T10:21:57+00:00","og_image":[{"width":600,"height":600,"url":"https:\/\/tuferreteria.online\/hazlo-tu-mismo\/wp-content\/uploads\/2020\/05\/PINTURA-TITANLUX-COBERTURA-TOTAL.jpg","type":"image\/jpeg"}],"twitter_card":"summary_large_image","twitter_misc":{"Tiempo de lectura":"1 minuto"},"schema":{"@context":"https:\/\/schema.org","@graph":[{"@type":"WebPage","@id":"https:\/\/tuferreteria.online\/hazlo-tu-mismo\/tienda\/pintura-decoracion\/pintura\/pinturas-tintes-ceras\/pintura-plastica-interior-exterior-2\/","url":"https:\/\/tuferreteria.online\/hazlo-tu-mismo\/tienda\/pintura-decoracion\/pintura\/pinturas-tintes-ceras\/pintura-plastica-interior-exterior-2\/","name":"PINTURA PL\u00c1STICA INTERIOR-EXTERIOR - Tienda de tuferreteria.online by Ferreter\u00eda La Salle","isPartOf":{"@id":"https:\/\/tuferreteria.online\/hazlo-tu-mismo\/#website"},"primaryImageOfPage":{"@id":"https:\/\/tuferreteria.online\/hazlo-tu-mismo\/tienda\/pintura-decoracion\/pintura\/pinturas-tintes-ceras\/pintura-plastica-interior-exterior-2\/#primaryimage"},"image":{"@id":"https:\/\/tuferreteria.online\/hazlo-tu-mismo\/tienda\/pintura-decoracion\/pintura\/pinturas-tintes-ceras\/pintura-plastica-interior-exterior-2\/#primaryimage"},"thumbnailUrl":"https:\/\/tuferreteria.online\/hazlo-tu-mismo\/wp-content\/uploads\/2020\/05\/PINTURA-TITANLUX-COBERTURA-TOTAL.jpg","datePublished":"2020-04-07T08:34:43+00:00","dateModified":"2026-03-11T10:21:57+00:00","description":"La pintura pl\u00e1stica Cobertura Total de Titanlux, es lavable, la podr\u00e1s usar en interior y en exterior y cubre en una sola capa. Decorar\u00e1 tus paredes y techos con un acabado de calidad y muy resistente.","breadcrumb":{"@id":"https:\/\/tuferreteria.online\/hazlo-tu-mismo\/tienda\/pintura-decoracion\/pintura\/pinturas-tintes-ceras\/pintura-plastica-interior-exterior-2\/#breadcrumb"},"inLanguage":"es","potentialAction":[{"@type":"ReadAction","target":["https:\/\/tuferreteria.online\/hazlo-tu-mismo\/tienda\/pintura-decoracion\/pintura\/pinturas-tintes-ceras\/pintura-plastica-interior-exterior-2\/"]}]},{"@type":"ImageObject","inLanguage":"es","@id":"https:\/\/tuferreteria.online\/hazlo-tu-mismo\/tienda\/pintura-decoracion\/pintura\/pinturas-tintes-ceras\/pintura-plastica-interior-exterior-2\/#primaryimage","url":"https:\/\/tuferreteria.online\/hazlo-tu-mismo\/wp-content\/uploads\/2020\/05\/PINTURA-TITANLUX-COBERTURA-TOTAL.jpg","contentUrl":"https:\/\/tuferreteria.online\/hazlo-tu-mismo\/wp-content\/uploads\/2020\/05\/PINTURA-TITANLUX-COBERTURA-TOTAL.jpg","width":600,"height":600,"caption":"PINTURA-TITANLUX-COBERTURA-TOTAL"},{"@type":"BreadcrumbList","@id":"https:\/\/tuferreteria.online\/hazlo-tu-mismo\/tienda\/pintura-decoracion\/pintura\/pinturas-tintes-ceras\/pintura-plastica-interior-exterior-2\/#breadcrumb","itemListElement":[{"@type":"ListItem","position":1,"name":"Portada","item":"https:\/\/tuferreteria.online\/hazlo-tu-mismo\/"},{"@type":"ListItem","position":2,"name":"Tienda","item":"https:\/\/tuferreteria.online\/hazlo-tu-mismo\/tienda\/"},{"@type":"ListItem","position":3,"name":"PINTURA PL\u00c1STICA INTERIOR-EXTERIOR"}]},{"@type":"WebSite","@id":"https:\/\/tuferreteria.online\/hazlo-tu-mismo\/#website","url":"https:\/\/tuferreteria.online\/hazlo-tu-mismo\/","name":"Tienda de tuferreteria.online by Ferreter\u00eda La Salle","description":"Hazlo tu mismo","potentialAction":[{"@type":"SearchAction","target":{"@type":"EntryPoint","urlTemplate":"https:\/\/tuferreteria.online\/hazlo-tu-mismo\/?s={search_term_string}"},"query-input":{"@type":"PropertyValueSpecification","valueRequired":true,"valueName":"search_term_string"}}],"inLanguage":"es"}]}},"_links":{"self":[{"href":"https:\/\/tuferreteria.online\/hazlo-tu-mismo\/wp-json\/wp\/v2\/product\/16989","targetHints":{"allow":["GET"]}}],"collection":[{"href":"https:\/\/tuferreteria.online\/hazlo-tu-mismo\/wp-json\/wp\/v2\/product"}],"about":[{"href":"https:\/\/tuferreteria.online\/hazlo-tu-mismo\/wp-json\/wp\/v2\/types\/product"}],"replies":[{"embeddable":true,"href":"https:\/\/tuferreteria.online\/hazlo-tu-mismo\/wp-json\/wp\/v2\/comments?post=16989"}],"wp:featuredmedia":[{"embeddable":true,"href":"https:\/\/tuferreteria.online\/hazlo-tu-mismo\/wp-json\/wp\/v2\/media\/19377"}],"wp:attachment":[{"href":"https:\/\/tuferreteria.online\/hazlo-tu-mismo\/wp-json\/wp\/v2\/media?parent=16989"}],"wp:term":[{"taxonomy":"brand","embeddable":true,"href":"https:\/\/tuferreteria.online\/hazlo-tu-mismo\/wp-json\/wp\/v2\/etheme_brands?post=16989"},{"taxonomy":"product_brand","embeddable":true,"href":"https:\/\/tuferreteria.online\/hazlo-tu-mismo\/wp-json\/wp\/v2\/product_brand?post=16989"},{"taxonomy":"product_cat","embeddable":true,"href":"https:\/\/tuferreteria.online\/hazlo-tu-mismo\/wp-json\/wp\/v2\/product_cat?post=16989"},{"taxonomy":"product_tag","embeddable":true,"href":"https:\/\/tuferreteria.online\/hazlo-tu-mismo\/wp-json\/wp\/v2\/product_tag?post=16989"}],"curies":[{"name":"wp","href":"https:\/\/api.w.org\/{rel}","templated":true}]}}