{"id":19578,"date":"2020-05-06T13:45:06","date_gmt":"2020-05-06T12:45:06","guid":{"rendered":"https:\/\/tuferreteria.online\/hazlo-tu-mismo\/?post_type=product&#038;p=19578"},"modified":"2026-03-11T11:28:02","modified_gmt":"2026-03-11T10:28:02","slug":"rodillo-paredes-techos","status":"publish","type":"product","link":"https:\/\/tuferreteria.online\/hazlo-tu-mismo\/tienda\/pintura-decoracion\/pintura\/rodillos-accesorios\/rodillo-paredes-techos\/","title":{"rendered":"RODILLO PAREDES Y TECHOS"},"content":{"rendered":"<div class=\"wpb-content-wrapper\"><p>[vc_row][vc_column][vc_column_text]<\/p>\n<h2 style=\"text-align: center;\"><span style=\"font-size: 24pt; color: #f9e03a;\">Rodillo Paredes y Tenchos<\/span><\/h2>\n<p>&nbsp;<\/p>\n<h3>Caracter\u00edsticas:<\/h3>\n<p>&nbsp;<\/p>\n<p style=\"text-align: justify;\">Con el rodillo especial para paredes y techos de Ratio, es antigota.<\/p>\n<p style=\"text-align: justify;\">Lo puedes usar en interior o exterior, en superficies y materiales lisos.<\/p>\n<p style=\"text-align: justify;\">Podr\u00e1s utilizar tanto pinturas pl\u00e1sticas al agua o disolvente.<\/p>\n<p style=\"text-align: justify;\">Tienen 18 \u00f3 22 cm. de largo y podr\u00e1s elegir entre 45 \u00f3 50 mm. de grosor.<\/p>\n<p>Est\u00e1 realizado en fibra de poliamida.[\/vc_column_text][\/vc_column][\/vc_row]<\/p>\n<\/div>","protected":false},"excerpt":{"rendered":"<h2>RODILLO PINTAR 22 CM.<\/h2>\n","protected":false},"featured_media":25641,"comment_status":"closed","ping_status":"closed","template":"","meta":{"_exactmetrics_skip_tracking":false,"_exactmetrics_sitenote_active":false,"_exactmetrics_sitenote_note":"","_exactmetrics_sitenote_category":0,"_joinchat":[]},"etheme_brands":[{"term_id":2445,"name":"RATIO","slug":"ratio","term_group":0,"term_taxonomy_id":2445,"taxonomy":"brand","description":"","parent":0,"count":47,"filter":"raw"}],"product_brand":[],"product_cat":[48,51],"product_tag":[798,237,264,560,232,132,1118,1119],"class_list":{"0":"post-19578","1":"product","2":"type-product","3":"status-publish","4":"has-post-thumbnail","6":"brand-ratio","7":"product_cat-pintura-decoracion","8":"product_cat-rodillos-accesorios","9":"product_tag-antigota","10":"product_tag-decoracion","11":"product_tag-pared","12":"product_tag-pintar","13":"product_tag-pintura","14":"product_tag-rodillo","15":"product_tag-rodillo-para-peredes","16":"product_tag-rodillo-para-pintar","17":"product_shipping_class-envio-peso","19":"first","20":"instock","21":"taxable","22":"shipping-taxable","23":"purchasable","24":"product-type-variable"},"yoast_head":"<!-- This site is optimized with the Yoast SEO plugin v24.9 - https:\/\/yoast.com\/wordpress\/plugins\/seo\/ -->\n<title>RODILLO PAREDES Y TECHOS - Tienda de tuferreteria.online by Ferreter\u00eda La Salle<\/title>\n<meta name=\"description\" content=\"Con el rodillo especial para paredes y techos de Ratio, es antigota. Lo puedes usar en interior o exterior, en superficies y materiales lisos.\" \/>\n<meta name=\"robots\" content=\"index, follow, max-snippet:-1, max-image-preview:large, max-video-preview:-1\" \/>\n<link rel=\"canonical\" href=\"https:\/\/tuferreteria.online\/hazlo-tu-mismo\/tienda\/pintura-decoracion\/pintura\/rodillos-accesorios\/rodillo-paredes-techos\/\" \/>\n<meta property=\"og:locale\" content=\"es_ES\" \/>\n<meta property=\"og:type\" content=\"article\" \/>\n<meta property=\"og:title\" content=\"RODILLO PAREDES Y TECHOS - Tienda de tuferreteria.online by Ferreter\u00eda La Salle\" \/>\n<meta property=\"og:description\" content=\"Con el rodillo especial para paredes y techos de Ratio, es antigota. Lo puedes usar en interior o exterior, en superficies y materiales lisos.\" \/>\n<meta property=\"og:url\" content=\"https:\/\/tuferreteria.online\/hazlo-tu-mismo\/tienda\/pintura-decoracion\/pintura\/rodillos-accesorios\/rodillo-paredes-techos\/\" \/>\n<meta property=\"og:site_name\" content=\"Tienda de tuferreteria.online by Ferreter\u00eda La Salle\" \/>\n<meta property=\"article:modified_time\" content=\"2026-03-11T10:28:02+00:00\" \/>\n<meta property=\"og:image\" content=\"https:\/\/tuferreteria.online\/hazlo-tu-mismo\/wp-content\/uploads\/2020\/05\/RODILLO-PARED-22CM-RATIO.jpg\" \/>\n\t<meta property=\"og:image:width\" content=\"600\" \/>\n\t<meta property=\"og:image:height\" content=\"600\" \/>\n\t<meta property=\"og:image:type\" content=\"image\/jpeg\" \/>\n<meta name=\"twitter:card\" content=\"summary_large_image\" \/>\n<meta name=\"twitter:label1\" content=\"Tiempo de lectura\" \/>\n\t<meta name=\"twitter:data1\" content=\"1 minuto\" \/>\n<script type=\"application\/ld+json\" class=\"yoast-schema-graph\">{\"@context\":\"https:\/\/schema.org\",\"@graph\":[{\"@type\":\"WebPage\",\"@id\":\"https:\/\/tuferreteria.online\/hazlo-tu-mismo\/tienda\/pintura-decoracion\/pintura\/rodillos-accesorios\/rodillo-paredes-techos\/\",\"url\":\"https:\/\/tuferreteria.online\/hazlo-tu-mismo\/tienda\/pintura-decoracion\/pintura\/rodillos-accesorios\/rodillo-paredes-techos\/\",\"name\":\"RODILLO PAREDES Y TECHOS - Tienda de tuferreteria.online by Ferreter\u00eda La Salle\",\"isPartOf\":{\"@id\":\"https:\/\/tuferreteria.online\/hazlo-tu-mismo\/#website\"},\"primaryImageOfPage\":{\"@id\":\"https:\/\/tuferreteria.online\/hazlo-tu-mismo\/tienda\/pintura-decoracion\/pintura\/rodillos-accesorios\/rodillo-paredes-techos\/#primaryimage\"},\"image\":{\"@id\":\"https:\/\/tuferreteria.online\/hazlo-tu-mismo\/tienda\/pintura-decoracion\/pintura\/rodillos-accesorios\/rodillo-paredes-techos\/#primaryimage\"},\"thumbnailUrl\":\"https:\/\/tuferreteria.online\/hazlo-tu-mismo\/wp-content\/uploads\/2020\/05\/RODILLO-PARED-22CM-RATIO.jpg\",\"datePublished\":\"2020-05-06T12:45:06+00:00\",\"dateModified\":\"2026-03-11T10:28:02+00:00\",\"description\":\"Con el rodillo especial para paredes y techos de Ratio, es antigota. Lo puedes usar en interior o exterior, en superficies y materiales lisos.\",\"breadcrumb\":{\"@id\":\"https:\/\/tuferreteria.online\/hazlo-tu-mismo\/tienda\/pintura-decoracion\/pintura\/rodillos-accesorios\/rodillo-paredes-techos\/#breadcrumb\"},\"inLanguage\":\"es\",\"potentialAction\":[{\"@type\":\"ReadAction\",\"target\":[\"https:\/\/tuferreteria.online\/hazlo-tu-mismo\/tienda\/pintura-decoracion\/pintura\/rodillos-accesorios\/rodillo-paredes-techos\/\"]}]},{\"@type\":\"ImageObject\",\"inLanguage\":\"es\",\"@id\":\"https:\/\/tuferreteria.online\/hazlo-tu-mismo\/tienda\/pintura-decoracion\/pintura\/rodillos-accesorios\/rodillo-paredes-techos\/#primaryimage\",\"url\":\"https:\/\/tuferreteria.online\/hazlo-tu-mismo\/wp-content\/uploads\/2020\/05\/RODILLO-PARED-22CM-RATIO.jpg\",\"contentUrl\":\"https:\/\/tuferreteria.online\/hazlo-tu-mismo\/wp-content\/uploads\/2020\/05\/RODILLO-PARED-22CM-RATIO.jpg\",\"width\":600,\"height\":600,\"caption\":\"RODILLO-PARED-22CM-RATIO\"},{\"@type\":\"BreadcrumbList\",\"@id\":\"https:\/\/tuferreteria.online\/hazlo-tu-mismo\/tienda\/pintura-decoracion\/pintura\/rodillos-accesorios\/rodillo-paredes-techos\/#breadcrumb\",\"itemListElement\":[{\"@type\":\"ListItem\",\"position\":1,\"name\":\"Portada\",\"item\":\"https:\/\/tuferreteria.online\/hazlo-tu-mismo\/\"},{\"@type\":\"ListItem\",\"position\":2,\"name\":\"Tienda\",\"item\":\"https:\/\/tuferreteria.online\/hazlo-tu-mismo\/tienda\/\"},{\"@type\":\"ListItem\",\"position\":3,\"name\":\"RODILLO PAREDES Y TECHOS\"}]},{\"@type\":\"WebSite\",\"@id\":\"https:\/\/tuferreteria.online\/hazlo-tu-mismo\/#website\",\"url\":\"https:\/\/tuferreteria.online\/hazlo-tu-mismo\/\",\"name\":\"Tienda de tuferreteria.online by Ferreter\u00eda La Salle\",\"description\":\"Hazlo tu mismo\",\"potentialAction\":[{\"@type\":\"SearchAction\",\"target\":{\"@type\":\"EntryPoint\",\"urlTemplate\":\"https:\/\/tuferreteria.online\/hazlo-tu-mismo\/?s={search_term_string}\"},\"query-input\":{\"@type\":\"PropertyValueSpecification\",\"valueRequired\":true,\"valueName\":\"search_term_string\"}}],\"inLanguage\":\"es\"}]}<\/script>\n<!-- \/ Yoast SEO plugin. -->","yoast_head_json":{"title":"RODILLO PAREDES Y TECHOS - Tienda de tuferreteria.online by Ferreter\u00eda La Salle","description":"Con el rodillo especial para paredes y techos de Ratio, es antigota. Lo puedes usar en interior o exterior, en superficies y materiales lisos.","robots":{"index":"index","follow":"follow","max-snippet":"max-snippet:-1","max-image-preview":"max-image-preview:large","max-video-preview":"max-video-preview:-1"},"canonical":"https:\/\/tuferreteria.online\/hazlo-tu-mismo\/tienda\/pintura-decoracion\/pintura\/rodillos-accesorios\/rodillo-paredes-techos\/","og_locale":"es_ES","og_type":"article","og_title":"RODILLO PAREDES Y TECHOS - Tienda de tuferreteria.online by Ferreter\u00eda La Salle","og_description":"Con el rodillo especial para paredes y techos de Ratio, es antigota. Lo puedes usar en interior o exterior, en superficies y materiales lisos.","og_url":"https:\/\/tuferreteria.online\/hazlo-tu-mismo\/tienda\/pintura-decoracion\/pintura\/rodillos-accesorios\/rodillo-paredes-techos\/","og_site_name":"Tienda de tuferreteria.online by Ferreter\u00eda La Salle","article_modified_time":"2026-03-11T10:28:02+00:00","og_image":[{"width":600,"height":600,"url":"https:\/\/tuferreteria.online\/hazlo-tu-mismo\/wp-content\/uploads\/2020\/05\/RODILLO-PARED-22CM-RATIO.jpg","type":"image\/jpeg"}],"twitter_card":"summary_large_image","twitter_misc":{"Tiempo de lectura":"1 minuto"},"schema":{"@context":"https:\/\/schema.org","@graph":[{"@type":"WebPage","@id":"https:\/\/tuferreteria.online\/hazlo-tu-mismo\/tienda\/pintura-decoracion\/pintura\/rodillos-accesorios\/rodillo-paredes-techos\/","url":"https:\/\/tuferreteria.online\/hazlo-tu-mismo\/tienda\/pintura-decoracion\/pintura\/rodillos-accesorios\/rodillo-paredes-techos\/","name":"RODILLO PAREDES Y TECHOS - Tienda de tuferreteria.online by Ferreter\u00eda La Salle","isPartOf":{"@id":"https:\/\/tuferreteria.online\/hazlo-tu-mismo\/#website"},"primaryImageOfPage":{"@id":"https:\/\/tuferreteria.online\/hazlo-tu-mismo\/tienda\/pintura-decoracion\/pintura\/rodillos-accesorios\/rodillo-paredes-techos\/#primaryimage"},"image":{"@id":"https:\/\/tuferreteria.online\/hazlo-tu-mismo\/tienda\/pintura-decoracion\/pintura\/rodillos-accesorios\/rodillo-paredes-techos\/#primaryimage"},"thumbnailUrl":"https:\/\/tuferreteria.online\/hazlo-tu-mismo\/wp-content\/uploads\/2020\/05\/RODILLO-PARED-22CM-RATIO.jpg","datePublished":"2020-05-06T12:45:06+00:00","dateModified":"2026-03-11T10:28:02+00:00","description":"Con el rodillo especial para paredes y techos de Ratio, es antigota. Lo puedes usar en interior o exterior, en superficies y materiales lisos.","breadcrumb":{"@id":"https:\/\/tuferreteria.online\/hazlo-tu-mismo\/tienda\/pintura-decoracion\/pintura\/rodillos-accesorios\/rodillo-paredes-techos\/#breadcrumb"},"inLanguage":"es","potentialAction":[{"@type":"ReadAction","target":["https:\/\/tuferreteria.online\/hazlo-tu-mismo\/tienda\/pintura-decoracion\/pintura\/rodillos-accesorios\/rodillo-paredes-techos\/"]}]},{"@type":"ImageObject","inLanguage":"es","@id":"https:\/\/tuferreteria.online\/hazlo-tu-mismo\/tienda\/pintura-decoracion\/pintura\/rodillos-accesorios\/rodillo-paredes-techos\/#primaryimage","url":"https:\/\/tuferreteria.online\/hazlo-tu-mismo\/wp-content\/uploads\/2020\/05\/RODILLO-PARED-22CM-RATIO.jpg","contentUrl":"https:\/\/tuferreteria.online\/hazlo-tu-mismo\/wp-content\/uploads\/2020\/05\/RODILLO-PARED-22CM-RATIO.jpg","width":600,"height":600,"caption":"RODILLO-PARED-22CM-RATIO"},{"@type":"BreadcrumbList","@id":"https:\/\/tuferreteria.online\/hazlo-tu-mismo\/tienda\/pintura-decoracion\/pintura\/rodillos-accesorios\/rodillo-paredes-techos\/#breadcrumb","itemListElement":[{"@type":"ListItem","position":1,"name":"Portada","item":"https:\/\/tuferreteria.online\/hazlo-tu-mismo\/"},{"@type":"ListItem","position":2,"name":"Tienda","item":"https:\/\/tuferreteria.online\/hazlo-tu-mismo\/tienda\/"},{"@type":"ListItem","position":3,"name":"RODILLO PAREDES Y TECHOS"}]},{"@type":"WebSite","@id":"https:\/\/tuferreteria.online\/hazlo-tu-mismo\/#website","url":"https:\/\/tuferreteria.online\/hazlo-tu-mismo\/","name":"Tienda de tuferreteria.online by Ferreter\u00eda La Salle","description":"Hazlo tu mismo","potentialAction":[{"@type":"SearchAction","target":{"@type":"EntryPoint","urlTemplate":"https:\/\/tuferreteria.online\/hazlo-tu-mismo\/?s={search_term_string}"},"query-input":{"@type":"PropertyValueSpecification","valueRequired":true,"valueName":"search_term_string"}}],"inLanguage":"es"}]}},"_links":{"self":[{"href":"https:\/\/tuferreteria.online\/hazlo-tu-mismo\/wp-json\/wp\/v2\/product\/19578","targetHints":{"allow":["GET"]}}],"collection":[{"href":"https:\/\/tuferreteria.online\/hazlo-tu-mismo\/wp-json\/wp\/v2\/product"}],"about":[{"href":"https:\/\/tuferreteria.online\/hazlo-tu-mismo\/wp-json\/wp\/v2\/types\/product"}],"replies":[{"embeddable":true,"href":"https:\/\/tuferreteria.online\/hazlo-tu-mismo\/wp-json\/wp\/v2\/comments?post=19578"}],"wp:featuredmedia":[{"embeddable":true,"href":"https:\/\/tuferreteria.online\/hazlo-tu-mismo\/wp-json\/wp\/v2\/media\/25641"}],"wp:attachment":[{"href":"https:\/\/tuferreteria.online\/hazlo-tu-mismo\/wp-json\/wp\/v2\/media?parent=19578"}],"wp:term":[{"taxonomy":"brand","embeddable":true,"href":"https:\/\/tuferreteria.online\/hazlo-tu-mismo\/wp-json\/wp\/v2\/etheme_brands?post=19578"},{"taxonomy":"product_brand","embeddable":true,"href":"https:\/\/tuferreteria.online\/hazlo-tu-mismo\/wp-json\/wp\/v2\/product_brand?post=19578"},{"taxonomy":"product_cat","embeddable":true,"href":"https:\/\/tuferreteria.online\/hazlo-tu-mismo\/wp-json\/wp\/v2\/product_cat?post=19578"},{"taxonomy":"product_tag","embeddable":true,"href":"https:\/\/tuferreteria.online\/hazlo-tu-mismo\/wp-json\/wp\/v2\/product_tag?post=19578"}],"curies":[{"name":"wp","href":"https:\/\/api.w.org\/{rel}","templated":true}]}}