{"id":20004,"date":"2020-05-13T13:34:08","date_gmt":"2020-05-13T12:34:08","guid":{"rendered":"https:\/\/tuferreteria.online\/hazlo-tu-mismo\/tienda\/sin%20categor\u00eda\/cesped-artificial-20mm-1x5mt-berlin\/"},"modified":"2026-03-11T11:18:28","modified_gmt":"2026-03-11T10:18:28","slug":"cesped-artificial-20mm-1x5mt-berlin","status":"publish","type":"product","link":"https:\/\/tuferreteria.online\/hazlo-tu-mismo\/tienda\/jardin-y-tiempo-libre\/jardin\/accesorios-jardin\/cesped-artificial-20mm-1x5mt-berlin\/","title":{"rendered":"C\u00c9SPED ARTIFICIAL 20MM 1 X 5 MT."},"content":{"rendered":"<div class=\"wpb-content-wrapper\"><p>[vc_row][vc_column][vc_column_text]<\/p>\n<h2 style=\"text-align: center;\"><span style=\"font-size: 24pt; color: #f9e03a;\">C\u00e9sped Artificial 20 mm.<\/span><\/h2>\n<p>&nbsp;<\/p>\n<h3>Caracter\u00edsticas:<\/h3>\n<p>&nbsp;<\/p>\n<p style=\"text-align: justify;\">El rollo de c\u00e9sped artificial tipo moqueta de 20 mm. de alto, te dar\u00e1 una capa de confort en tu patio o terraza, con una textura casi de c\u00e9sped natural, sin sus inconvenientes.<\/p>\n<p style=\"text-align: justify;\">El rollo es de 1 mt. de alto por 5 mt. de largo.<\/p>\n<p style=\"text-align: justify;\">Es recomendable que lo pegues al suelo con <span style=\"color: #f9e03a;\"><strong><span style=\"text-decoration: underline;\">la cinta doble cara especial para c\u00e9sped<\/span><\/strong><\/span>, y as\u00ed no tendr\u00e1s problemas con que se mueva por el viento o por andar por encima de \u00e9l, a no ser que est\u00e9 entre dos paredes bien encajonado, en cuyo caso no te har\u00e1 falta pegarlo.<\/p>\n<blockquote><p><strong><em>La verdad es que hace un a\u00f1o que yo lo tengo puesto en mi patio y estamos encantados, lo hemos levantado para sacudirlo y limpiarlo bien una sola vez y est\u00e1 como nuevo.<\/em><\/strong><\/p><\/blockquote>\n<p>[\/vc_column_text][\/vc_column][\/vc_row]<\/p>\n<\/div>","protected":false},"excerpt":{"rendered":"<h2>C\u00c9SPED ARTIFICIAL 20 mm. 1 x 5 mt. BERL\u00cdN<\/h2>\n","protected":false},"featured_media":20026,"comment_status":"closed","ping_status":"closed","template":"","meta":{"_exactmetrics_skip_tracking":false,"_exactmetrics_sitenote_active":false,"_exactmetrics_sitenote_note":"","_exactmetrics_sitenote_category":0,"_joinchat":[]},"etheme_brands":[{"term_id":151,"name":"PROFER","slug":"profer","term_group":0,"term_taxonomy_id":151,"taxonomy":"brand","description":"","parent":0,"count":24,"filter":"raw"}],"product_brand":[],"product_cat":[1378,519,87],"product_tag":[1390,1389,2134,1391],"class_list":{"0":"post-20004","1":"product","2":"type-product","3":"status-publish","4":"has-post-thumbnail","6":"brand-profer","7":"product_cat-accesorios-jardin","8":"product_cat-jardin","9":"product_cat-jardin-y-tiempo-libre","10":"product_tag-cesped-artificial-santa-cruz","11":"product_tag-cesped-artificial-tenerife","12":"product_tag-comprar-cesped-artificial-en-canarias","13":"product_tag-moqueta","14":"product_shipping_class-envio-peso","16":"first","17":"instock","18":"taxable","19":"shipping-taxable","20":"purchasable","21":"product-type-simple"},"yoast_head":"<!-- This site is optimized with the Yoast SEO plugin v24.9 - https:\/\/yoast.com\/wordpress\/plugins\/seo\/ -->\n<title>C\u00c9SPED ARTIFICIAL 20MM 1 X 5 MT. - Tienda de tuferreteria.online by Ferreter\u00eda La Salle<\/title>\n<meta name=\"description\" content=\"El rollo de c\u00e9sped artificial tipo moqueta de 20 mm. de alto, te dar\u00e1 una capa de confort en tu patio o terraza, con una textura casi de c\u00e9sped natural, sin sus inconvenientes.\u00a0El rollo es de 1 mt. de alto por 5 mt. de largo.\" \/>\n<meta name=\"robots\" content=\"index, follow, max-snippet:-1, max-image-preview:large, max-video-preview:-1\" \/>\n<link rel=\"canonical\" href=\"https:\/\/tuferreteria.online\/hazlo-tu-mismo\/tienda\/jardin-y-tiempo-libre\/jardin\/accesorios-jardin\/cesped-artificial-20mm-1x5mt-berlin\/\" \/>\n<meta property=\"og:locale\" content=\"es_ES\" \/>\n<meta property=\"og:type\" content=\"article\" \/>\n<meta property=\"og:title\" content=\"C\u00c9SPED ARTIFICIAL 20MM 1 X 5 MT. - Tienda de tuferreteria.online by Ferreter\u00eda La Salle\" \/>\n<meta property=\"og:description\" content=\"El rollo de c\u00e9sped artificial tipo moqueta de 20 mm. de alto, te dar\u00e1 una capa de confort en tu patio o terraza, con una textura casi de c\u00e9sped natural, sin sus inconvenientes.\u00a0El rollo es de 1 mt. de alto por 5 mt. de largo.\" \/>\n<meta property=\"og:url\" content=\"https:\/\/tuferreteria.online\/hazlo-tu-mismo\/tienda\/jardin-y-tiempo-libre\/jardin\/accesorios-jardin\/cesped-artificial-20mm-1x5mt-berlin\/\" \/>\n<meta property=\"og:site_name\" content=\"Tienda de tuferreteria.online by Ferreter\u00eda La Salle\" \/>\n<meta property=\"article:modified_time\" content=\"2026-03-11T10:18:28+00:00\" \/>\n<meta property=\"og:image\" content=\"https:\/\/tuferreteria.online\/hazlo-tu-mismo\/wp-content\/uploads\/2020\/05\/CESPED-ARTIFICIAL-20MM.jpg\" \/>\n\t<meta property=\"og:image:width\" content=\"600\" \/>\n\t<meta property=\"og:image:height\" content=\"600\" \/>\n\t<meta property=\"og:image:type\" content=\"image\/jpeg\" \/>\n<meta name=\"twitter:card\" content=\"summary_large_image\" \/>\n<meta name=\"twitter:label1\" content=\"Tiempo de lectura\" \/>\n\t<meta name=\"twitter:data1\" content=\"1 minuto\" \/>\n<script type=\"application\/ld+json\" class=\"yoast-schema-graph\">{\"@context\":\"https:\/\/schema.org\",\"@graph\":[{\"@type\":\"WebPage\",\"@id\":\"https:\/\/tuferreteria.online\/hazlo-tu-mismo\/tienda\/jardin-y-tiempo-libre\/jardin\/accesorios-jardin\/cesped-artificial-20mm-1x5mt-berlin\/\",\"url\":\"https:\/\/tuferreteria.online\/hazlo-tu-mismo\/tienda\/jardin-y-tiempo-libre\/jardin\/accesorios-jardin\/cesped-artificial-20mm-1x5mt-berlin\/\",\"name\":\"C\u00c9SPED ARTIFICIAL 20MM 1 X 5 MT. - Tienda de tuferreteria.online by Ferreter\u00eda La Salle\",\"isPartOf\":{\"@id\":\"https:\/\/tuferreteria.online\/hazlo-tu-mismo\/#website\"},\"primaryImageOfPage\":{\"@id\":\"https:\/\/tuferreteria.online\/hazlo-tu-mismo\/tienda\/jardin-y-tiempo-libre\/jardin\/accesorios-jardin\/cesped-artificial-20mm-1x5mt-berlin\/#primaryimage\"},\"image\":{\"@id\":\"https:\/\/tuferreteria.online\/hazlo-tu-mismo\/tienda\/jardin-y-tiempo-libre\/jardin\/accesorios-jardin\/cesped-artificial-20mm-1x5mt-berlin\/#primaryimage\"},\"thumbnailUrl\":\"https:\/\/tuferreteria.online\/hazlo-tu-mismo\/wp-content\/uploads\/2020\/05\/CESPED-ARTIFICIAL-20MM.jpg\",\"datePublished\":\"2020-05-13T12:34:08+00:00\",\"dateModified\":\"2026-03-11T10:18:28+00:00\",\"description\":\"El rollo de c\u00e9sped artificial tipo moqueta de 20 mm. de alto, te dar\u00e1 una capa de confort en tu patio o terraza, con una textura casi de c\u00e9sped natural, sin sus inconvenientes.\u00a0El rollo es de 1 mt. de alto por 5 mt. de largo.\",\"breadcrumb\":{\"@id\":\"https:\/\/tuferreteria.online\/hazlo-tu-mismo\/tienda\/jardin-y-tiempo-libre\/jardin\/accesorios-jardin\/cesped-artificial-20mm-1x5mt-berlin\/#breadcrumb\"},\"inLanguage\":\"es\",\"potentialAction\":[{\"@type\":\"ReadAction\",\"target\":[\"https:\/\/tuferreteria.online\/hazlo-tu-mismo\/tienda\/jardin-y-tiempo-libre\/jardin\/accesorios-jardin\/cesped-artificial-20mm-1x5mt-berlin\/\"]}]},{\"@type\":\"ImageObject\",\"inLanguage\":\"es\",\"@id\":\"https:\/\/tuferreteria.online\/hazlo-tu-mismo\/tienda\/jardin-y-tiempo-libre\/jardin\/accesorios-jardin\/cesped-artificial-20mm-1x5mt-berlin\/#primaryimage\",\"url\":\"https:\/\/tuferreteria.online\/hazlo-tu-mismo\/wp-content\/uploads\/2020\/05\/CESPED-ARTIFICIAL-20MM.jpg\",\"contentUrl\":\"https:\/\/tuferreteria.online\/hazlo-tu-mismo\/wp-content\/uploads\/2020\/05\/CESPED-ARTIFICIAL-20MM.jpg\",\"width\":600,\"height\":600,\"caption\":\"CESPED-ARTIFICIAL-20MM\"},{\"@type\":\"BreadcrumbList\",\"@id\":\"https:\/\/tuferreteria.online\/hazlo-tu-mismo\/tienda\/jardin-y-tiempo-libre\/jardin\/accesorios-jardin\/cesped-artificial-20mm-1x5mt-berlin\/#breadcrumb\",\"itemListElement\":[{\"@type\":\"ListItem\",\"position\":1,\"name\":\"Portada\",\"item\":\"https:\/\/tuferreteria.online\/hazlo-tu-mismo\/\"},{\"@type\":\"ListItem\",\"position\":2,\"name\":\"Tienda\",\"item\":\"https:\/\/tuferreteria.online\/hazlo-tu-mismo\/tienda\/\"},{\"@type\":\"ListItem\",\"position\":3,\"name\":\"C\u00c9SPED ARTIFICIAL 20MM 1 X 5 MT.\"}]},{\"@type\":\"WebSite\",\"@id\":\"https:\/\/tuferreteria.online\/hazlo-tu-mismo\/#website\",\"url\":\"https:\/\/tuferreteria.online\/hazlo-tu-mismo\/\",\"name\":\"Tienda de tuferreteria.online by Ferreter\u00eda La Salle\",\"description\":\"Hazlo tu mismo\",\"potentialAction\":[{\"@type\":\"SearchAction\",\"target\":{\"@type\":\"EntryPoint\",\"urlTemplate\":\"https:\/\/tuferreteria.online\/hazlo-tu-mismo\/?s={search_term_string}\"},\"query-input\":{\"@type\":\"PropertyValueSpecification\",\"valueRequired\":true,\"valueName\":\"search_term_string\"}}],\"inLanguage\":\"es\"}]}<\/script>\n<!-- \/ Yoast SEO plugin. -->","yoast_head_json":{"title":"C\u00c9SPED ARTIFICIAL 20MM 1 X 5 MT. - Tienda de tuferreteria.online by Ferreter\u00eda La Salle","description":"El rollo de c\u00e9sped artificial tipo moqueta de 20 mm. de alto, te dar\u00e1 una capa de confort en tu patio o terraza, con una textura casi de c\u00e9sped natural, sin sus inconvenientes.\u00a0El rollo es de 1 mt. de alto por 5 mt. de largo.","robots":{"index":"index","follow":"follow","max-snippet":"max-snippet:-1","max-image-preview":"max-image-preview:large","max-video-preview":"max-video-preview:-1"},"canonical":"https:\/\/tuferreteria.online\/hazlo-tu-mismo\/tienda\/jardin-y-tiempo-libre\/jardin\/accesorios-jardin\/cesped-artificial-20mm-1x5mt-berlin\/","og_locale":"es_ES","og_type":"article","og_title":"C\u00c9SPED ARTIFICIAL 20MM 1 X 5 MT. - Tienda de tuferreteria.online by Ferreter\u00eda La Salle","og_description":"El rollo de c\u00e9sped artificial tipo moqueta de 20 mm. de alto, te dar\u00e1 una capa de confort en tu patio o terraza, con una textura casi de c\u00e9sped natural, sin sus inconvenientes.\u00a0El rollo es de 1 mt. de alto por 5 mt. de largo.","og_url":"https:\/\/tuferreteria.online\/hazlo-tu-mismo\/tienda\/jardin-y-tiempo-libre\/jardin\/accesorios-jardin\/cesped-artificial-20mm-1x5mt-berlin\/","og_site_name":"Tienda de tuferreteria.online by Ferreter\u00eda La Salle","article_modified_time":"2026-03-11T10:18:28+00:00","og_image":[{"width":600,"height":600,"url":"https:\/\/tuferreteria.online\/hazlo-tu-mismo\/wp-content\/uploads\/2020\/05\/CESPED-ARTIFICIAL-20MM.jpg","type":"image\/jpeg"}],"twitter_card":"summary_large_image","twitter_misc":{"Tiempo de lectura":"1 minuto"},"schema":{"@context":"https:\/\/schema.org","@graph":[{"@type":"WebPage","@id":"https:\/\/tuferreteria.online\/hazlo-tu-mismo\/tienda\/jardin-y-tiempo-libre\/jardin\/accesorios-jardin\/cesped-artificial-20mm-1x5mt-berlin\/","url":"https:\/\/tuferreteria.online\/hazlo-tu-mismo\/tienda\/jardin-y-tiempo-libre\/jardin\/accesorios-jardin\/cesped-artificial-20mm-1x5mt-berlin\/","name":"C\u00c9SPED ARTIFICIAL 20MM 1 X 5 MT. - Tienda de tuferreteria.online by Ferreter\u00eda La Salle","isPartOf":{"@id":"https:\/\/tuferreteria.online\/hazlo-tu-mismo\/#website"},"primaryImageOfPage":{"@id":"https:\/\/tuferreteria.online\/hazlo-tu-mismo\/tienda\/jardin-y-tiempo-libre\/jardin\/accesorios-jardin\/cesped-artificial-20mm-1x5mt-berlin\/#primaryimage"},"image":{"@id":"https:\/\/tuferreteria.online\/hazlo-tu-mismo\/tienda\/jardin-y-tiempo-libre\/jardin\/accesorios-jardin\/cesped-artificial-20mm-1x5mt-berlin\/#primaryimage"},"thumbnailUrl":"https:\/\/tuferreteria.online\/hazlo-tu-mismo\/wp-content\/uploads\/2020\/05\/CESPED-ARTIFICIAL-20MM.jpg","datePublished":"2020-05-13T12:34:08+00:00","dateModified":"2026-03-11T10:18:28+00:00","description":"El rollo de c\u00e9sped artificial tipo moqueta de 20 mm. de alto, te dar\u00e1 una capa de confort en tu patio o terraza, con una textura casi de c\u00e9sped natural, sin sus inconvenientes.\u00a0El rollo es de 1 mt. de alto por 5 mt. de largo.","breadcrumb":{"@id":"https:\/\/tuferreteria.online\/hazlo-tu-mismo\/tienda\/jardin-y-tiempo-libre\/jardin\/accesorios-jardin\/cesped-artificial-20mm-1x5mt-berlin\/#breadcrumb"},"inLanguage":"es","potentialAction":[{"@type":"ReadAction","target":["https:\/\/tuferreteria.online\/hazlo-tu-mismo\/tienda\/jardin-y-tiempo-libre\/jardin\/accesorios-jardin\/cesped-artificial-20mm-1x5mt-berlin\/"]}]},{"@type":"ImageObject","inLanguage":"es","@id":"https:\/\/tuferreteria.online\/hazlo-tu-mismo\/tienda\/jardin-y-tiempo-libre\/jardin\/accesorios-jardin\/cesped-artificial-20mm-1x5mt-berlin\/#primaryimage","url":"https:\/\/tuferreteria.online\/hazlo-tu-mismo\/wp-content\/uploads\/2020\/05\/CESPED-ARTIFICIAL-20MM.jpg","contentUrl":"https:\/\/tuferreteria.online\/hazlo-tu-mismo\/wp-content\/uploads\/2020\/05\/CESPED-ARTIFICIAL-20MM.jpg","width":600,"height":600,"caption":"CESPED-ARTIFICIAL-20MM"},{"@type":"BreadcrumbList","@id":"https:\/\/tuferreteria.online\/hazlo-tu-mismo\/tienda\/jardin-y-tiempo-libre\/jardin\/accesorios-jardin\/cesped-artificial-20mm-1x5mt-berlin\/#breadcrumb","itemListElement":[{"@type":"ListItem","position":1,"name":"Portada","item":"https:\/\/tuferreteria.online\/hazlo-tu-mismo\/"},{"@type":"ListItem","position":2,"name":"Tienda","item":"https:\/\/tuferreteria.online\/hazlo-tu-mismo\/tienda\/"},{"@type":"ListItem","position":3,"name":"C\u00c9SPED ARTIFICIAL 20MM 1 X 5 MT."}]},{"@type":"WebSite","@id":"https:\/\/tuferreteria.online\/hazlo-tu-mismo\/#website","url":"https:\/\/tuferreteria.online\/hazlo-tu-mismo\/","name":"Tienda de tuferreteria.online by Ferreter\u00eda La Salle","description":"Hazlo tu mismo","potentialAction":[{"@type":"SearchAction","target":{"@type":"EntryPoint","urlTemplate":"https:\/\/tuferreteria.online\/hazlo-tu-mismo\/?s={search_term_string}"},"query-input":{"@type":"PropertyValueSpecification","valueRequired":true,"valueName":"search_term_string"}}],"inLanguage":"es"}]}},"_links":{"self":[{"href":"https:\/\/tuferreteria.online\/hazlo-tu-mismo\/wp-json\/wp\/v2\/product\/20004","targetHints":{"allow":["GET"]}}],"collection":[{"href":"https:\/\/tuferreteria.online\/hazlo-tu-mismo\/wp-json\/wp\/v2\/product"}],"about":[{"href":"https:\/\/tuferreteria.online\/hazlo-tu-mismo\/wp-json\/wp\/v2\/types\/product"}],"replies":[{"embeddable":true,"href":"https:\/\/tuferreteria.online\/hazlo-tu-mismo\/wp-json\/wp\/v2\/comments?post=20004"}],"wp:featuredmedia":[{"embeddable":true,"href":"https:\/\/tuferreteria.online\/hazlo-tu-mismo\/wp-json\/wp\/v2\/media\/20026"}],"wp:attachment":[{"href":"https:\/\/tuferreteria.online\/hazlo-tu-mismo\/wp-json\/wp\/v2\/media?parent=20004"}],"wp:term":[{"taxonomy":"brand","embeddable":true,"href":"https:\/\/tuferreteria.online\/hazlo-tu-mismo\/wp-json\/wp\/v2\/etheme_brands?post=20004"},{"taxonomy":"product_brand","embeddable":true,"href":"https:\/\/tuferreteria.online\/hazlo-tu-mismo\/wp-json\/wp\/v2\/product_brand?post=20004"},{"taxonomy":"product_cat","embeddable":true,"href":"https:\/\/tuferreteria.online\/hazlo-tu-mismo\/wp-json\/wp\/v2\/product_cat?post=20004"},{"taxonomy":"product_tag","embeddable":true,"href":"https:\/\/tuferreteria.online\/hazlo-tu-mismo\/wp-json\/wp\/v2\/product_tag?post=20004"}],"curies":[{"name":"wp","href":"https:\/\/api.w.org\/{rel}","templated":true}]}}