{"id":20142,"date":"2020-05-15T10:46:18","date_gmt":"2020-05-15T09:46:18","guid":{"rendered":"https:\/\/tuferreteria.online\/hazlo-tu-mismo\/tienda\/sin%20categor\u00eda\/cloro-rapido-choc-rapid-granulado-500g\/"},"modified":"2026-03-11T11:30:38","modified_gmt":"2026-03-11T10:30:38","slug":"cloro-rapido-choc-rapid-granulado-500g","status":"publish","type":"product","link":"https:\/\/tuferreteria.online\/hazlo-tu-mismo\/tienda\/jardin-y-tiempo-libre\/piscina\/cloro-rapido-choc-rapid-granulado-500g\/","title":{"rendered":"CLORO PISCINA R\u00c1PIDO \u00abCHOC RAPID\u00bb"},"content":{"rendered":"<div class=\"wpb-content-wrapper\"><p>[vc_row][vc_column][vc_column_text]<\/p>\n<h2 style=\"text-align: center;\"><span style=\"font-size: 24pt; color: #f9e03a;\">Cloro Piscina R\u00e1pido<\/span><\/h2>\n<p>&nbsp;<\/p>\n<h3>ESTE PRODUCTO NO SE ENV\u00cdA A LA PEN\u00cdNSULA IB\u00c9RICA POR SER INFLAMABLE (S\u00d3LO CANARIAS)<\/h3>\n<p>&nbsp;<\/p>\n<h3>Caracter\u00edsticas:<\/h3>\n<p>&nbsp;<\/p>\n<p style=\"text-align: justify;\">El cloro para piscina r\u00e1pido \u00abChoc Rapid\u00bb es el antigripal para tu piscina, para aguas en mal estado.<\/p>\n<p style=\"text-align: justify;\">Es para utilizar en el vaso de la piscina, ya que es granulado y act\u00faa como bactericida y alguicida.<\/p>\n<p style=\"text-align: justify;\">Bote de 500 gr.<\/p>\n<p>[\/vc_column_text][\/vc_column][\/vc_row]<\/p>\n<\/div>","protected":false},"excerpt":{"rendered":"<h2>CLORO RAPIDO CHOC RAPID GRANULADO 500G<\/h2>\n","protected":false},"featured_media":20158,"comment_status":"closed","ping_status":"closed","template":"","meta":{"_exactmetrics_skip_tracking":false,"_exactmetrics_sitenote_active":false,"_exactmetrics_sitenote_note":"","_exactmetrics_sitenote_category":0,"_joinchat":[]},"etheme_brands":[{"term_id":1397,"name":"QUIMICAMP","slug":"quimicamp","term_group":0,"term_taxonomy_id":1397,"taxonomy":"brand","description":"","parent":0,"count":1,"filter":"raw"}],"product_brand":[],"product_cat":[87,1262],"product_tag":[1398,1399,1400,1403,1401,1402,1196],"class_list":{"0":"post-20142","1":"product","2":"type-product","3":"status-publish","4":"has-post-thumbnail","6":"brand-quimicamp","7":"product_cat-jardin-y-tiempo-libre","8":"product_cat-piscina","9":"product_tag-alguicida","10":"product_tag-bactericida","11":"product_tag-cloro-piscina","12":"product_tag-cloro-piscina-canarias","13":"product_tag-cloro-piscina-santa-cruz","14":"product_tag-cloro-piscina-tenerife","15":"product_tag-sintetico","16":"product_shipping_class-envio-peso","18":"first","19":"instock","20":"taxable","21":"shipping-taxable","22":"purchasable","23":"product-type-simple"},"yoast_head":"<!-- This site is optimized with the Yoast SEO plugin v24.9 - https:\/\/yoast.com\/wordpress\/plugins\/seo\/ -->\n<title>CLORO PISCINA R\u00c1PIDO &quot;CHOC RAPID&quot; - Tienda de tuferreteria.online by Ferreter\u00eda La Salle<\/title>\n<meta name=\"description\" content=\"El cloro para piscina r\u00e1pido &quot;Choc Rapid&quot; es el antigripal para tu piscina, para aguas en mal estado.Es para utilizar en el vaso de la piscina, ya que es granulado y act\u00faa como bactericida y alguicida.\" \/>\n<meta name=\"robots\" content=\"index, follow, max-snippet:-1, max-image-preview:large, max-video-preview:-1\" \/>\n<link rel=\"canonical\" href=\"https:\/\/tuferreteria.online\/hazlo-tu-mismo\/tienda\/jardin-y-tiempo-libre\/piscina\/cloro-rapido-choc-rapid-granulado-500g\/\" \/>\n<meta property=\"og:locale\" content=\"es_ES\" \/>\n<meta property=\"og:type\" content=\"article\" \/>\n<meta property=\"og:title\" content=\"CLORO PISCINA R\u00c1PIDO &quot;CHOC RAPID&quot; - Tienda de tuferreteria.online by Ferreter\u00eda La Salle\" \/>\n<meta property=\"og:description\" content=\"El cloro para piscina r\u00e1pido &quot;Choc Rapid&quot; es el antigripal para tu piscina, para aguas en mal estado.Es para utilizar en el vaso de la piscina, ya que es granulado y act\u00faa como bactericida y alguicida.\" \/>\n<meta property=\"og:url\" content=\"https:\/\/tuferreteria.online\/hazlo-tu-mismo\/tienda\/jardin-y-tiempo-libre\/piscina\/cloro-rapido-choc-rapid-granulado-500g\/\" \/>\n<meta property=\"og:site_name\" content=\"Tienda de tuferreteria.online by Ferreter\u00eda La Salle\" \/>\n<meta property=\"article:modified_time\" content=\"2026-03-11T10:30:38+00:00\" \/>\n<meta property=\"og:image\" content=\"https:\/\/tuferreteria.online\/hazlo-tu-mismo\/wp-content\/uploads\/2020\/05\/CLORO-RAPIDO.jpg\" \/>\n\t<meta property=\"og:image:width\" content=\"600\" \/>\n\t<meta property=\"og:image:height\" content=\"600\" \/>\n\t<meta property=\"og:image:type\" content=\"image\/jpeg\" \/>\n<meta name=\"twitter:card\" content=\"summary_large_image\" \/>\n<meta name=\"twitter:label1\" content=\"Tiempo de lectura\" \/>\n\t<meta name=\"twitter:data1\" content=\"1 minuto\" \/>\n<script type=\"application\/ld+json\" class=\"yoast-schema-graph\">{\"@context\":\"https:\/\/schema.org\",\"@graph\":[{\"@type\":\"WebPage\",\"@id\":\"https:\/\/tuferreteria.online\/hazlo-tu-mismo\/tienda\/jardin-y-tiempo-libre\/piscina\/cloro-rapido-choc-rapid-granulado-500g\/\",\"url\":\"https:\/\/tuferreteria.online\/hazlo-tu-mismo\/tienda\/jardin-y-tiempo-libre\/piscina\/cloro-rapido-choc-rapid-granulado-500g\/\",\"name\":\"CLORO PISCINA R\u00c1PIDO \\\"CHOC RAPID\\\" - Tienda de tuferreteria.online by Ferreter\u00eda La Salle\",\"isPartOf\":{\"@id\":\"https:\/\/tuferreteria.online\/hazlo-tu-mismo\/#website\"},\"primaryImageOfPage\":{\"@id\":\"https:\/\/tuferreteria.online\/hazlo-tu-mismo\/tienda\/jardin-y-tiempo-libre\/piscina\/cloro-rapido-choc-rapid-granulado-500g\/#primaryimage\"},\"image\":{\"@id\":\"https:\/\/tuferreteria.online\/hazlo-tu-mismo\/tienda\/jardin-y-tiempo-libre\/piscina\/cloro-rapido-choc-rapid-granulado-500g\/#primaryimage\"},\"thumbnailUrl\":\"https:\/\/tuferreteria.online\/hazlo-tu-mismo\/wp-content\/uploads\/2020\/05\/CLORO-RAPIDO.jpg\",\"datePublished\":\"2020-05-15T09:46:18+00:00\",\"dateModified\":\"2026-03-11T10:30:38+00:00\",\"description\":\"El cloro para piscina r\u00e1pido \\\"Choc Rapid\\\" es el antigripal para tu piscina, para aguas en mal estado.Es para utilizar en el vaso de la piscina, ya que es granulado y act\u00faa como bactericida y alguicida.\",\"breadcrumb\":{\"@id\":\"https:\/\/tuferreteria.online\/hazlo-tu-mismo\/tienda\/jardin-y-tiempo-libre\/piscina\/cloro-rapido-choc-rapid-granulado-500g\/#breadcrumb\"},\"inLanguage\":\"es\",\"potentialAction\":[{\"@type\":\"ReadAction\",\"target\":[\"https:\/\/tuferreteria.online\/hazlo-tu-mismo\/tienda\/jardin-y-tiempo-libre\/piscina\/cloro-rapido-choc-rapid-granulado-500g\/\"]}]},{\"@type\":\"ImageObject\",\"inLanguage\":\"es\",\"@id\":\"https:\/\/tuferreteria.online\/hazlo-tu-mismo\/tienda\/jardin-y-tiempo-libre\/piscina\/cloro-rapido-choc-rapid-granulado-500g\/#primaryimage\",\"url\":\"https:\/\/tuferreteria.online\/hazlo-tu-mismo\/wp-content\/uploads\/2020\/05\/CLORO-RAPIDO.jpg\",\"contentUrl\":\"https:\/\/tuferreteria.online\/hazlo-tu-mismo\/wp-content\/uploads\/2020\/05\/CLORO-RAPIDO.jpg\",\"width\":600,\"height\":600,\"caption\":\"CLORO R\u00c1PIDO\"},{\"@type\":\"BreadcrumbList\",\"@id\":\"https:\/\/tuferreteria.online\/hazlo-tu-mismo\/tienda\/jardin-y-tiempo-libre\/piscina\/cloro-rapido-choc-rapid-granulado-500g\/#breadcrumb\",\"itemListElement\":[{\"@type\":\"ListItem\",\"position\":1,\"name\":\"Portada\",\"item\":\"https:\/\/tuferreteria.online\/hazlo-tu-mismo\/\"},{\"@type\":\"ListItem\",\"position\":2,\"name\":\"Tienda\",\"item\":\"https:\/\/tuferreteria.online\/hazlo-tu-mismo\/tienda\/\"},{\"@type\":\"ListItem\",\"position\":3,\"name\":\"CLORO PISCINA R\u00c1PIDO \u00abCHOC RAPID\u00bb\"}]},{\"@type\":\"WebSite\",\"@id\":\"https:\/\/tuferreteria.online\/hazlo-tu-mismo\/#website\",\"url\":\"https:\/\/tuferreteria.online\/hazlo-tu-mismo\/\",\"name\":\"Tienda de tuferreteria.online by Ferreter\u00eda La Salle\",\"description\":\"Hazlo tu mismo\",\"potentialAction\":[{\"@type\":\"SearchAction\",\"target\":{\"@type\":\"EntryPoint\",\"urlTemplate\":\"https:\/\/tuferreteria.online\/hazlo-tu-mismo\/?s={search_term_string}\"},\"query-input\":{\"@type\":\"PropertyValueSpecification\",\"valueRequired\":true,\"valueName\":\"search_term_string\"}}],\"inLanguage\":\"es\"}]}<\/script>\n<!-- \/ Yoast SEO plugin. -->","yoast_head_json":{"title":"CLORO PISCINA R\u00c1PIDO \"CHOC RAPID\" - Tienda de tuferreteria.online by Ferreter\u00eda La Salle","description":"El cloro para piscina r\u00e1pido \"Choc Rapid\" es el antigripal para tu piscina, para aguas en mal estado.Es para utilizar en el vaso de la piscina, ya que es granulado y act\u00faa como bactericida y alguicida.","robots":{"index":"index","follow":"follow","max-snippet":"max-snippet:-1","max-image-preview":"max-image-preview:large","max-video-preview":"max-video-preview:-1"},"canonical":"https:\/\/tuferreteria.online\/hazlo-tu-mismo\/tienda\/jardin-y-tiempo-libre\/piscina\/cloro-rapido-choc-rapid-granulado-500g\/","og_locale":"es_ES","og_type":"article","og_title":"CLORO PISCINA R\u00c1PIDO \"CHOC RAPID\" - Tienda de tuferreteria.online by Ferreter\u00eda La Salle","og_description":"El cloro para piscina r\u00e1pido \"Choc Rapid\" es el antigripal para tu piscina, para aguas en mal estado.Es para utilizar en el vaso de la piscina, ya que es granulado y act\u00faa como bactericida y alguicida.","og_url":"https:\/\/tuferreteria.online\/hazlo-tu-mismo\/tienda\/jardin-y-tiempo-libre\/piscina\/cloro-rapido-choc-rapid-granulado-500g\/","og_site_name":"Tienda de tuferreteria.online by Ferreter\u00eda La Salle","article_modified_time":"2026-03-11T10:30:38+00:00","og_image":[{"width":600,"height":600,"url":"https:\/\/tuferreteria.online\/hazlo-tu-mismo\/wp-content\/uploads\/2020\/05\/CLORO-RAPIDO.jpg","type":"image\/jpeg"}],"twitter_card":"summary_large_image","twitter_misc":{"Tiempo de lectura":"1 minuto"},"schema":{"@context":"https:\/\/schema.org","@graph":[{"@type":"WebPage","@id":"https:\/\/tuferreteria.online\/hazlo-tu-mismo\/tienda\/jardin-y-tiempo-libre\/piscina\/cloro-rapido-choc-rapid-granulado-500g\/","url":"https:\/\/tuferreteria.online\/hazlo-tu-mismo\/tienda\/jardin-y-tiempo-libre\/piscina\/cloro-rapido-choc-rapid-granulado-500g\/","name":"CLORO PISCINA R\u00c1PIDO \"CHOC RAPID\" - Tienda de tuferreteria.online by Ferreter\u00eda La Salle","isPartOf":{"@id":"https:\/\/tuferreteria.online\/hazlo-tu-mismo\/#website"},"primaryImageOfPage":{"@id":"https:\/\/tuferreteria.online\/hazlo-tu-mismo\/tienda\/jardin-y-tiempo-libre\/piscina\/cloro-rapido-choc-rapid-granulado-500g\/#primaryimage"},"image":{"@id":"https:\/\/tuferreteria.online\/hazlo-tu-mismo\/tienda\/jardin-y-tiempo-libre\/piscina\/cloro-rapido-choc-rapid-granulado-500g\/#primaryimage"},"thumbnailUrl":"https:\/\/tuferreteria.online\/hazlo-tu-mismo\/wp-content\/uploads\/2020\/05\/CLORO-RAPIDO.jpg","datePublished":"2020-05-15T09:46:18+00:00","dateModified":"2026-03-11T10:30:38+00:00","description":"El cloro para piscina r\u00e1pido \"Choc Rapid\" es el antigripal para tu piscina, para aguas en mal estado.Es para utilizar en el vaso de la piscina, ya que es granulado y act\u00faa como bactericida y alguicida.","breadcrumb":{"@id":"https:\/\/tuferreteria.online\/hazlo-tu-mismo\/tienda\/jardin-y-tiempo-libre\/piscina\/cloro-rapido-choc-rapid-granulado-500g\/#breadcrumb"},"inLanguage":"es","potentialAction":[{"@type":"ReadAction","target":["https:\/\/tuferreteria.online\/hazlo-tu-mismo\/tienda\/jardin-y-tiempo-libre\/piscina\/cloro-rapido-choc-rapid-granulado-500g\/"]}]},{"@type":"ImageObject","inLanguage":"es","@id":"https:\/\/tuferreteria.online\/hazlo-tu-mismo\/tienda\/jardin-y-tiempo-libre\/piscina\/cloro-rapido-choc-rapid-granulado-500g\/#primaryimage","url":"https:\/\/tuferreteria.online\/hazlo-tu-mismo\/wp-content\/uploads\/2020\/05\/CLORO-RAPIDO.jpg","contentUrl":"https:\/\/tuferreteria.online\/hazlo-tu-mismo\/wp-content\/uploads\/2020\/05\/CLORO-RAPIDO.jpg","width":600,"height":600,"caption":"CLORO R\u00c1PIDO"},{"@type":"BreadcrumbList","@id":"https:\/\/tuferreteria.online\/hazlo-tu-mismo\/tienda\/jardin-y-tiempo-libre\/piscina\/cloro-rapido-choc-rapid-granulado-500g\/#breadcrumb","itemListElement":[{"@type":"ListItem","position":1,"name":"Portada","item":"https:\/\/tuferreteria.online\/hazlo-tu-mismo\/"},{"@type":"ListItem","position":2,"name":"Tienda","item":"https:\/\/tuferreteria.online\/hazlo-tu-mismo\/tienda\/"},{"@type":"ListItem","position":3,"name":"CLORO PISCINA R\u00c1PIDO \u00abCHOC RAPID\u00bb"}]},{"@type":"WebSite","@id":"https:\/\/tuferreteria.online\/hazlo-tu-mismo\/#website","url":"https:\/\/tuferreteria.online\/hazlo-tu-mismo\/","name":"Tienda de tuferreteria.online by Ferreter\u00eda La Salle","description":"Hazlo tu mismo","potentialAction":[{"@type":"SearchAction","target":{"@type":"EntryPoint","urlTemplate":"https:\/\/tuferreteria.online\/hazlo-tu-mismo\/?s={search_term_string}"},"query-input":{"@type":"PropertyValueSpecification","valueRequired":true,"valueName":"search_term_string"}}],"inLanguage":"es"}]}},"_links":{"self":[{"href":"https:\/\/tuferreteria.online\/hazlo-tu-mismo\/wp-json\/wp\/v2\/product\/20142","targetHints":{"allow":["GET"]}}],"collection":[{"href":"https:\/\/tuferreteria.online\/hazlo-tu-mismo\/wp-json\/wp\/v2\/product"}],"about":[{"href":"https:\/\/tuferreteria.online\/hazlo-tu-mismo\/wp-json\/wp\/v2\/types\/product"}],"replies":[{"embeddable":true,"href":"https:\/\/tuferreteria.online\/hazlo-tu-mismo\/wp-json\/wp\/v2\/comments?post=20142"}],"wp:featuredmedia":[{"embeddable":true,"href":"https:\/\/tuferreteria.online\/hazlo-tu-mismo\/wp-json\/wp\/v2\/media\/20158"}],"wp:attachment":[{"href":"https:\/\/tuferreteria.online\/hazlo-tu-mismo\/wp-json\/wp\/v2\/media?parent=20142"}],"wp:term":[{"taxonomy":"brand","embeddable":true,"href":"https:\/\/tuferreteria.online\/hazlo-tu-mismo\/wp-json\/wp\/v2\/etheme_brands?post=20142"},{"taxonomy":"product_brand","embeddable":true,"href":"https:\/\/tuferreteria.online\/hazlo-tu-mismo\/wp-json\/wp\/v2\/product_brand?post=20142"},{"taxonomy":"product_cat","embeddable":true,"href":"https:\/\/tuferreteria.online\/hazlo-tu-mismo\/wp-json\/wp\/v2\/product_cat?post=20142"},{"taxonomy":"product_tag","embeddable":true,"href":"https:\/\/tuferreteria.online\/hazlo-tu-mismo\/wp-json\/wp\/v2\/product_tag?post=20142"}],"curies":[{"name":"wp","href":"https:\/\/api.w.org\/{rel}","templated":true}]}}