{"id":20334,"date":"2020-05-21T10:46:52","date_gmt":"2020-05-21T09:46:52","guid":{"rendered":"https:\/\/tuferreteria.online\/hazlo-tu-mismo\/tienda\/sin%20categor\u00eda\/barniz-oxiron-metales-satinado-750ml\/"},"modified":"2026-03-11T11:22:11","modified_gmt":"2026-03-11T10:22:11","slug":"barniz-oxiron-metales-satinado-750ml","status":"publish","type":"product","link":"https:\/\/tuferreteria.online\/hazlo-tu-mismo\/tienda\/pintura-decoracion\/pintura\/pinturas-tintes-ceras\/barniz-oxiron-metales-satinado-750ml\/","title":{"rendered":"BARNIZ METALES OXIR\u00d3N AL AGUA"},"content":{"rendered":"<div class=\"wpb-content-wrapper\"><p>[vc_row][vc_column][vc_column_text]<\/p>\n<h2 style=\"text-align: center;\"><span style=\"font-size: 24pt; color: #f9e03a;\">Barniz Metales Oxir\u00f3n al Agua<\/span><\/h2>\n<p>&nbsp;<\/p>\n<h3>Caracter\u00edsticas:<\/h3>\n<p>&nbsp;<\/p>\n<p style=\"text-align: justify;\">El barniz para metales de Oxir\u00f3n es de secado r\u00e1pido y de aplicaci\u00f3n directa, sin imprimaci\u00f3n.<\/p>\n<p style=\"text-align: justify;\">Lo podr\u00e1s aplicar sobre acero, \u00f3xido, aluminio y galvanizado.<\/p>\n<p style=\"text-align: justify;\">Proteger\u00e1 tu metal de la oxidaci\u00f3n, el ennegrecimiento, la humedad y el deterioro debido al paso del tiempo.<\/p>\n<p style=\"text-align: justify;\">Es incoloro lo que te proporciona una protecci\u00f3n sin cambiar el color de tus metales.<\/p>\n<p style=\"text-align: justify;\">Lo puedes usar en interior y exterior, y <em><strong>con base al agua lo que lo hace bueno para el planeta y para nuestro uso.<\/strong><\/em><\/p>\n<p style=\"text-align: justify;\">Viene en lata de 750 ml.<\/p>\n<p style=\"text-align: justify;\">Elige tu acabado en las variaciones.<\/p>\n<p>[\/vc_column_text][\/vc_column][\/vc_row]<\/p>\n<\/div>","protected":false},"excerpt":{"rendered":"<h2>BARNIZ OXIRON METALES 750ML<\/h2>\n","protected":false},"featured_media":20374,"comment_status":"closed","ping_status":"closed","template":"","meta":{"_exactmetrics_skip_tracking":false,"_exactmetrics_sitenote_active":false,"_exactmetrics_sitenote_note":"","_exactmetrics_sitenote_category":0,"_joinchat":[]},"etheme_brands":[{"term_id":226,"name":"TITANLUX","slug":"titanlux","term_group":0,"term_taxonomy_id":226,"taxonomy":"brand","description":"","parent":0,"count":19,"filter":"raw"}],"product_brand":[],"product_cat":[517,48,53],"product_tag":[1420,1424,1419,1422,1423,1421,1425],"class_list":{"0":"post-20334","1":"product","2":"type-product","3":"status-publish","4":"has-post-thumbnail","6":"brand-titanlux","7":"product_cat-pintura","8":"product_cat-pintura-decoracion","9":"product_cat-pinturas-tintes-ceras","10":"product_tag-barniz-al-agua","11":"product_tag-barniz-metal-titanlux","12":"product_tag-barniz-metales","13":"product_tag-barniz-metales-canarias","14":"product_tag-barniz-metales-santa-cruz","15":"product_tag-barniz-metales-tenerife","16":"product_tag-titanlux-tenerife","17":"product_shipping_class-envio-peso","19":"first","20":"instock","21":"taxable","22":"shipping-taxable","23":"purchasable","24":"product-type-variable"},"yoast_head":"<!-- This site is optimized with the Yoast SEO plugin v24.9 - https:\/\/yoast.com\/wordpress\/plugins\/seo\/ -->\n<title>BARNIZ METALES OXIR\u00d3N AL AGUA - Tienda de tuferreteria.online by Ferreter\u00eda La Salle<\/title>\n<meta name=\"description\" content=\"El barniz para metales de Oxir\u00f3n es de secado r\u00e1pido y de aplicaci\u00f3n directa, sin imprimaci\u00f3n.Lo podr\u00e1s aplicar sobre acero, \u00f3xido, aluminio y galvanizado.\" \/>\n<meta name=\"robots\" content=\"index, follow, max-snippet:-1, max-image-preview:large, max-video-preview:-1\" \/>\n<link rel=\"canonical\" href=\"https:\/\/tuferreteria.online\/hazlo-tu-mismo\/tienda\/pintura-decoracion\/pintura\/pinturas-tintes-ceras\/barniz-oxiron-metales-satinado-750ml\/\" \/>\n<meta property=\"og:locale\" content=\"es_ES\" \/>\n<meta property=\"og:type\" content=\"article\" \/>\n<meta property=\"og:title\" content=\"BARNIZ METALES OXIR\u00d3N AL AGUA - Tienda de tuferreteria.online by Ferreter\u00eda La Salle\" \/>\n<meta property=\"og:description\" content=\"El barniz para metales de Oxir\u00f3n es de secado r\u00e1pido y de aplicaci\u00f3n directa, sin imprimaci\u00f3n.Lo podr\u00e1s aplicar sobre acero, \u00f3xido, aluminio y galvanizado.\" \/>\n<meta property=\"og:url\" content=\"https:\/\/tuferreteria.online\/hazlo-tu-mismo\/tienda\/pintura-decoracion\/pintura\/pinturas-tintes-ceras\/barniz-oxiron-metales-satinado-750ml\/\" \/>\n<meta property=\"og:site_name\" content=\"Tienda de tuferreteria.online by Ferreter\u00eda La Salle\" \/>\n<meta property=\"article:modified_time\" content=\"2026-03-11T10:22:11+00:00\" \/>\n<meta property=\"og:image\" content=\"https:\/\/tuferreteria.online\/hazlo-tu-mismo\/wp-content\/uploads\/2020\/05\/BANIZ-OXIRON-METAL.jpg\" \/>\n\t<meta property=\"og:image:width\" content=\"600\" \/>\n\t<meta property=\"og:image:height\" content=\"600\" \/>\n\t<meta property=\"og:image:type\" content=\"image\/jpeg\" \/>\n<meta name=\"twitter:card\" content=\"summary_large_image\" \/>\n<meta name=\"twitter:label1\" content=\"Tiempo de lectura\" \/>\n\t<meta name=\"twitter:data1\" content=\"1 minuto\" \/>\n<script type=\"application\/ld+json\" class=\"yoast-schema-graph\">{\"@context\":\"https:\/\/schema.org\",\"@graph\":[{\"@type\":\"WebPage\",\"@id\":\"https:\/\/tuferreteria.online\/hazlo-tu-mismo\/tienda\/pintura-decoracion\/pintura\/pinturas-tintes-ceras\/barniz-oxiron-metales-satinado-750ml\/\",\"url\":\"https:\/\/tuferreteria.online\/hazlo-tu-mismo\/tienda\/pintura-decoracion\/pintura\/pinturas-tintes-ceras\/barniz-oxiron-metales-satinado-750ml\/\",\"name\":\"BARNIZ METALES OXIR\u00d3N AL AGUA - Tienda de tuferreteria.online by Ferreter\u00eda La Salle\",\"isPartOf\":{\"@id\":\"https:\/\/tuferreteria.online\/hazlo-tu-mismo\/#website\"},\"primaryImageOfPage\":{\"@id\":\"https:\/\/tuferreteria.online\/hazlo-tu-mismo\/tienda\/pintura-decoracion\/pintura\/pinturas-tintes-ceras\/barniz-oxiron-metales-satinado-750ml\/#primaryimage\"},\"image\":{\"@id\":\"https:\/\/tuferreteria.online\/hazlo-tu-mismo\/tienda\/pintura-decoracion\/pintura\/pinturas-tintes-ceras\/barniz-oxiron-metales-satinado-750ml\/#primaryimage\"},\"thumbnailUrl\":\"https:\/\/tuferreteria.online\/hazlo-tu-mismo\/wp-content\/uploads\/2020\/05\/BANIZ-OXIRON-METAL.jpg\",\"datePublished\":\"2020-05-21T09:46:52+00:00\",\"dateModified\":\"2026-03-11T10:22:11+00:00\",\"description\":\"El barniz para metales de Oxir\u00f3n es de secado r\u00e1pido y de aplicaci\u00f3n directa, sin imprimaci\u00f3n.Lo podr\u00e1s aplicar sobre acero, \u00f3xido, aluminio y galvanizado.\",\"breadcrumb\":{\"@id\":\"https:\/\/tuferreteria.online\/hazlo-tu-mismo\/tienda\/pintura-decoracion\/pintura\/pinturas-tintes-ceras\/barniz-oxiron-metales-satinado-750ml\/#breadcrumb\"},\"inLanguage\":\"es\",\"potentialAction\":[{\"@type\":\"ReadAction\",\"target\":[\"https:\/\/tuferreteria.online\/hazlo-tu-mismo\/tienda\/pintura-decoracion\/pintura\/pinturas-tintes-ceras\/barniz-oxiron-metales-satinado-750ml\/\"]}]},{\"@type\":\"ImageObject\",\"inLanguage\":\"es\",\"@id\":\"https:\/\/tuferreteria.online\/hazlo-tu-mismo\/tienda\/pintura-decoracion\/pintura\/pinturas-tintes-ceras\/barniz-oxiron-metales-satinado-750ml\/#primaryimage\",\"url\":\"https:\/\/tuferreteria.online\/hazlo-tu-mismo\/wp-content\/uploads\/2020\/05\/BANIZ-OXIRON-METAL.jpg\",\"contentUrl\":\"https:\/\/tuferreteria.online\/hazlo-tu-mismo\/wp-content\/uploads\/2020\/05\/BANIZ-OXIRON-METAL.jpg\",\"width\":600,\"height\":600,\"caption\":\"BANIZ-OXIRON-METAL AL AGUA\"},{\"@type\":\"BreadcrumbList\",\"@id\":\"https:\/\/tuferreteria.online\/hazlo-tu-mismo\/tienda\/pintura-decoracion\/pintura\/pinturas-tintes-ceras\/barniz-oxiron-metales-satinado-750ml\/#breadcrumb\",\"itemListElement\":[{\"@type\":\"ListItem\",\"position\":1,\"name\":\"Portada\",\"item\":\"https:\/\/tuferreteria.online\/hazlo-tu-mismo\/\"},{\"@type\":\"ListItem\",\"position\":2,\"name\":\"Tienda\",\"item\":\"https:\/\/tuferreteria.online\/hazlo-tu-mismo\/tienda\/\"},{\"@type\":\"ListItem\",\"position\":3,\"name\":\"BARNIZ METALES OXIR\u00d3N AL AGUA\"}]},{\"@type\":\"WebSite\",\"@id\":\"https:\/\/tuferreteria.online\/hazlo-tu-mismo\/#website\",\"url\":\"https:\/\/tuferreteria.online\/hazlo-tu-mismo\/\",\"name\":\"Tienda de tuferreteria.online by Ferreter\u00eda La Salle\",\"description\":\"Hazlo tu mismo\",\"potentialAction\":[{\"@type\":\"SearchAction\",\"target\":{\"@type\":\"EntryPoint\",\"urlTemplate\":\"https:\/\/tuferreteria.online\/hazlo-tu-mismo\/?s={search_term_string}\"},\"query-input\":{\"@type\":\"PropertyValueSpecification\",\"valueRequired\":true,\"valueName\":\"search_term_string\"}}],\"inLanguage\":\"es\"}]}<\/script>\n<!-- \/ Yoast SEO plugin. -->","yoast_head_json":{"title":"BARNIZ METALES OXIR\u00d3N AL AGUA - Tienda de tuferreteria.online by Ferreter\u00eda La Salle","description":"El barniz para metales de Oxir\u00f3n es de secado r\u00e1pido y de aplicaci\u00f3n directa, sin imprimaci\u00f3n.Lo podr\u00e1s aplicar sobre acero, \u00f3xido, aluminio y galvanizado.","robots":{"index":"index","follow":"follow","max-snippet":"max-snippet:-1","max-image-preview":"max-image-preview:large","max-video-preview":"max-video-preview:-1"},"canonical":"https:\/\/tuferreteria.online\/hazlo-tu-mismo\/tienda\/pintura-decoracion\/pintura\/pinturas-tintes-ceras\/barniz-oxiron-metales-satinado-750ml\/","og_locale":"es_ES","og_type":"article","og_title":"BARNIZ METALES OXIR\u00d3N AL AGUA - Tienda de tuferreteria.online by Ferreter\u00eda La Salle","og_description":"El barniz para metales de Oxir\u00f3n es de secado r\u00e1pido y de aplicaci\u00f3n directa, sin imprimaci\u00f3n.Lo podr\u00e1s aplicar sobre acero, \u00f3xido, aluminio y galvanizado.","og_url":"https:\/\/tuferreteria.online\/hazlo-tu-mismo\/tienda\/pintura-decoracion\/pintura\/pinturas-tintes-ceras\/barniz-oxiron-metales-satinado-750ml\/","og_site_name":"Tienda de tuferreteria.online by Ferreter\u00eda La Salle","article_modified_time":"2026-03-11T10:22:11+00:00","og_image":[{"width":600,"height":600,"url":"https:\/\/tuferreteria.online\/hazlo-tu-mismo\/wp-content\/uploads\/2020\/05\/BANIZ-OXIRON-METAL.jpg","type":"image\/jpeg"}],"twitter_card":"summary_large_image","twitter_misc":{"Tiempo de lectura":"1 minuto"},"schema":{"@context":"https:\/\/schema.org","@graph":[{"@type":"WebPage","@id":"https:\/\/tuferreteria.online\/hazlo-tu-mismo\/tienda\/pintura-decoracion\/pintura\/pinturas-tintes-ceras\/barniz-oxiron-metales-satinado-750ml\/","url":"https:\/\/tuferreteria.online\/hazlo-tu-mismo\/tienda\/pintura-decoracion\/pintura\/pinturas-tintes-ceras\/barniz-oxiron-metales-satinado-750ml\/","name":"BARNIZ METALES OXIR\u00d3N AL AGUA - Tienda de tuferreteria.online by Ferreter\u00eda La Salle","isPartOf":{"@id":"https:\/\/tuferreteria.online\/hazlo-tu-mismo\/#website"},"primaryImageOfPage":{"@id":"https:\/\/tuferreteria.online\/hazlo-tu-mismo\/tienda\/pintura-decoracion\/pintura\/pinturas-tintes-ceras\/barniz-oxiron-metales-satinado-750ml\/#primaryimage"},"image":{"@id":"https:\/\/tuferreteria.online\/hazlo-tu-mismo\/tienda\/pintura-decoracion\/pintura\/pinturas-tintes-ceras\/barniz-oxiron-metales-satinado-750ml\/#primaryimage"},"thumbnailUrl":"https:\/\/tuferreteria.online\/hazlo-tu-mismo\/wp-content\/uploads\/2020\/05\/BANIZ-OXIRON-METAL.jpg","datePublished":"2020-05-21T09:46:52+00:00","dateModified":"2026-03-11T10:22:11+00:00","description":"El barniz para metales de Oxir\u00f3n es de secado r\u00e1pido y de aplicaci\u00f3n directa, sin imprimaci\u00f3n.Lo podr\u00e1s aplicar sobre acero, \u00f3xido, aluminio y galvanizado.","breadcrumb":{"@id":"https:\/\/tuferreteria.online\/hazlo-tu-mismo\/tienda\/pintura-decoracion\/pintura\/pinturas-tintes-ceras\/barniz-oxiron-metales-satinado-750ml\/#breadcrumb"},"inLanguage":"es","potentialAction":[{"@type":"ReadAction","target":["https:\/\/tuferreteria.online\/hazlo-tu-mismo\/tienda\/pintura-decoracion\/pintura\/pinturas-tintes-ceras\/barniz-oxiron-metales-satinado-750ml\/"]}]},{"@type":"ImageObject","inLanguage":"es","@id":"https:\/\/tuferreteria.online\/hazlo-tu-mismo\/tienda\/pintura-decoracion\/pintura\/pinturas-tintes-ceras\/barniz-oxiron-metales-satinado-750ml\/#primaryimage","url":"https:\/\/tuferreteria.online\/hazlo-tu-mismo\/wp-content\/uploads\/2020\/05\/BANIZ-OXIRON-METAL.jpg","contentUrl":"https:\/\/tuferreteria.online\/hazlo-tu-mismo\/wp-content\/uploads\/2020\/05\/BANIZ-OXIRON-METAL.jpg","width":600,"height":600,"caption":"BANIZ-OXIRON-METAL AL AGUA"},{"@type":"BreadcrumbList","@id":"https:\/\/tuferreteria.online\/hazlo-tu-mismo\/tienda\/pintura-decoracion\/pintura\/pinturas-tintes-ceras\/barniz-oxiron-metales-satinado-750ml\/#breadcrumb","itemListElement":[{"@type":"ListItem","position":1,"name":"Portada","item":"https:\/\/tuferreteria.online\/hazlo-tu-mismo\/"},{"@type":"ListItem","position":2,"name":"Tienda","item":"https:\/\/tuferreteria.online\/hazlo-tu-mismo\/tienda\/"},{"@type":"ListItem","position":3,"name":"BARNIZ METALES OXIR\u00d3N AL AGUA"}]},{"@type":"WebSite","@id":"https:\/\/tuferreteria.online\/hazlo-tu-mismo\/#website","url":"https:\/\/tuferreteria.online\/hazlo-tu-mismo\/","name":"Tienda de tuferreteria.online by Ferreter\u00eda La Salle","description":"Hazlo tu mismo","potentialAction":[{"@type":"SearchAction","target":{"@type":"EntryPoint","urlTemplate":"https:\/\/tuferreteria.online\/hazlo-tu-mismo\/?s={search_term_string}"},"query-input":{"@type":"PropertyValueSpecification","valueRequired":true,"valueName":"search_term_string"}}],"inLanguage":"es"}]}},"_links":{"self":[{"href":"https:\/\/tuferreteria.online\/hazlo-tu-mismo\/wp-json\/wp\/v2\/product\/20334","targetHints":{"allow":["GET"]}}],"collection":[{"href":"https:\/\/tuferreteria.online\/hazlo-tu-mismo\/wp-json\/wp\/v2\/product"}],"about":[{"href":"https:\/\/tuferreteria.online\/hazlo-tu-mismo\/wp-json\/wp\/v2\/types\/product"}],"replies":[{"embeddable":true,"href":"https:\/\/tuferreteria.online\/hazlo-tu-mismo\/wp-json\/wp\/v2\/comments?post=20334"}],"wp:featuredmedia":[{"embeddable":true,"href":"https:\/\/tuferreteria.online\/hazlo-tu-mismo\/wp-json\/wp\/v2\/media\/20374"}],"wp:attachment":[{"href":"https:\/\/tuferreteria.online\/hazlo-tu-mismo\/wp-json\/wp\/v2\/media?parent=20334"}],"wp:term":[{"taxonomy":"brand","embeddable":true,"href":"https:\/\/tuferreteria.online\/hazlo-tu-mismo\/wp-json\/wp\/v2\/etheme_brands?post=20334"},{"taxonomy":"product_brand","embeddable":true,"href":"https:\/\/tuferreteria.online\/hazlo-tu-mismo\/wp-json\/wp\/v2\/product_brand?post=20334"},{"taxonomy":"product_cat","embeddable":true,"href":"https:\/\/tuferreteria.online\/hazlo-tu-mismo\/wp-json\/wp\/v2\/product_cat?post=20334"},{"taxonomy":"product_tag","embeddable":true,"href":"https:\/\/tuferreteria.online\/hazlo-tu-mismo\/wp-json\/wp\/v2\/product_tag?post=20334"}],"curies":[{"name":"wp","href":"https:\/\/api.w.org\/{rel}","templated":true}]}}