{"id":21185,"date":"2020-06-08T12:46:47","date_gmt":"2020-06-08T11:46:47","guid":{"rendered":"https:\/\/tuferreteria.online\/hazlo-tu-mismo\/tienda\/sin%20categor\u00eda\/kit-cortadora-circular-tc-125guias-rubi\/"},"modified":"2026-03-11T11:17:15","modified_gmt":"2026-03-11T10:17:15","slug":"kit-cortadora-circular-tc-125guias-rubi","status":"publish","type":"product","link":"https:\/\/tuferreteria.online\/hazlo-tu-mismo\/tienda\/pavimentos\/herramientas-pavimentos\/kit-cortadora-circular-tc-125guias-rubi\/","title":{"rendered":"KIT CORTADORA CIRCULAR RUBI TC-125"},"content":{"rendered":"<div class=\"wpb-content-wrapper\"><p>[vc_row][vc_column][vc_column_text]<\/p>\n<h2 style=\"text-align: center;\"><span style=\"font-size: 24pt; color: #f9e03a;\">Kit Cortadora Circular Rubi<\/span><\/h2>\n<p>&nbsp;<\/p>\n<h3>Caracter\u00edsticas:<\/h3>\n<p>&nbsp;<\/p>\n<p style=\"text-align: justify;\">El kit de cortadora circular de Rubi para pavimentos de gran formato, incluye todo lo necesario para el corte y sujeci\u00f3n de la cer\u00e1mica.<\/p>\n<p style=\"text-align: justify;\"><span class=\"read-more-text-visible\">Tienes la cortadora circular, 3 gu\u00edas de 110 cm. cada una, 2 ventosas de fijaci\u00f3n para superficies rugosas, 1 disco diamante TCR 125 para corte seco pero compatible para corte h\u00famedo, 2 sargentos para fijar, una mochila de transporte para las gu\u00edas y utensilios y un malet\u00edn r\u00edgido para que la cortadora no sufra da\u00f1o.<\/span><\/p>\n<p style=\"text-align: justify;\">La cortadora tiene un doble sistema de reducci\u00f3n y control del polvo; puedes conectar la aspiradora para corte en seco y una toma de agua para el corte en h\u00famedo.<\/p>\n<p style=\"text-align: justify;\">Su cabezal es abatible hasta 45\u00ba y ajustable en altura, para poder ingletar.<\/p>\n<p style=\"text-align: justify;\">Podr\u00e1s usar discos de 115 y 125 mm.<\/p>\n<p style=\"text-align: justify;\">Interruptor con bloqueo para que no se ponga en marcha involuntariamente.<\/p>\n<p style=\"text-align: justify;\">Ser\u00e1 tu herramienta aliada en cortes de gran formato y para grandes planchas.<\/p>\n<p>Podr\u00e1s utilizar tus reglas con el <span style=\"color: #f9e03a;\"><em><strong>Cabezal Cortador Slim<\/strong><\/em><\/span><\/p>\n<p style=\"text-align: justify;\">Te dejamos aqu\u00ed\u00a0 <strong><span style=\"font-size: 18pt;\">\u21d3<\/span> <\/strong>\u00a0 abajo un v\u00eddeo de c\u00f3mo funciona.<\/p>\n<p>[\/vc_column_text][\/vc_column][\/vc_row][vc_row][vc_column][vc_video link=\u00bbhttps:\/\/youtu.be\/DRqU_4ifam4&#8243; el_width=\u00bb90&#8243; align=\u00bbcenter\u00bb][\/vc_column][\/vc_row]<\/p>\n<\/div>","protected":false},"excerpt":{"rendered":"<h2>KIT CORTADORA CIRCULAR TC-125 CER\u00c1MICA RUBI<\/h2>\n","protected":false},"featured_media":21252,"comment_status":"closed","ping_status":"closed","template":"","meta":{"_exactmetrics_skip_tracking":false,"_exactmetrics_sitenote_active":false,"_exactmetrics_sitenote_note":"","_exactmetrics_sitenote_category":0,"_joinchat":[]},"etheme_brands":[{"term_id":299,"name":"RUBI","slug":"rubi","term_group":0,"term_taxonomy_id":299,"taxonomy":"brand","description":"","parent":0,"count":31,"filter":"raw"}],"product_brand":[],"product_cat":[55,514,508],"product_tag":[1500,1499,1498,497,1496,1497,1495],"class_list":{"0":"post-21185","1":"product","2":"type-product","3":"status-publish","4":"has-post-thumbnail","6":"brand-rubi","7":"product_cat-herramienta-electrica","8":"product_cat-herramientas-pavimentos","9":"product_cat-pavimentos","10":"product_tag-rubi-canarias","11":"product_tag-rubi-santa-cruz","12":"product_tag-rubi-tenerife","13":"product_tag-sierra-circular","14":"product_tag-sierra-circular-azulejos-tenerife","15":"product_tag-sierra-para-azulejos-rubi-tenerife","16":"product_tag-sierra-para-azulejos-tenerife","17":"product_shipping_class-envio-peso","19":"first","20":"outofstock","21":"taxable","22":"shipping-taxable","23":"purchasable","24":"product-type-simple"},"yoast_head":"<!-- This site is optimized with the Yoast SEO plugin v24.9 - https:\/\/yoast.com\/wordpress\/plugins\/seo\/ -->\n<title>KIT CORTADORA CIRCULAR RUBI TC-125 - Tienda de tuferreteria.online by Ferreter\u00eda La Salle<\/title>\n<meta name=\"description\" content=\"El kit de cortadora circular de Rubi para pavimentos de gran formato, incluye todo lo necesario para el corte y sujecci\u00f3n de la cer\u00e1micaTienes la cortadora circular, 3 gu\u00edas de 110 cm. cada una, 2 ventosas de fijaci\u00f3n para superficies rugosas...\" \/>\n<meta name=\"robots\" content=\"index, follow, max-snippet:-1, max-image-preview:large, max-video-preview:-1\" \/>\n<link rel=\"canonical\" href=\"https:\/\/tuferreteria.online\/hazlo-tu-mismo\/tienda\/pavimentos\/herramientas-pavimentos\/kit-cortadora-circular-tc-125guias-rubi\/\" \/>\n<meta property=\"og:locale\" content=\"es_ES\" \/>\n<meta property=\"og:type\" content=\"article\" \/>\n<meta property=\"og:title\" content=\"KIT CORTADORA CIRCULAR RUBI TC-125 - Tienda de tuferreteria.online by Ferreter\u00eda La Salle\" \/>\n<meta property=\"og:description\" content=\"El kit de cortadora circular de Rubi para pavimentos de gran formato, incluye todo lo necesario para el corte y sujecci\u00f3n de la cer\u00e1micaTienes la cortadora circular, 3 gu\u00edas de 110 cm. cada una, 2 ventosas de fijaci\u00f3n para superficies rugosas...\" \/>\n<meta property=\"og:url\" content=\"https:\/\/tuferreteria.online\/hazlo-tu-mismo\/tienda\/pavimentos\/herramientas-pavimentos\/kit-cortadora-circular-tc-125guias-rubi\/\" \/>\n<meta property=\"og:site_name\" content=\"Tienda de tuferreteria.online by Ferreter\u00eda La Salle\" \/>\n<meta property=\"article:modified_time\" content=\"2026-03-11T10:17:15+00:00\" \/>\n<meta property=\"og:image\" content=\"https:\/\/tuferreteria.online\/hazlo-tu-mismo\/wp-content\/uploads\/2020\/06\/CORTADORA-RUBI-KIT-TC-125.jpg\" \/>\n\t<meta property=\"og:image:width\" content=\"600\" \/>\n\t<meta property=\"og:image:height\" content=\"600\" \/>\n\t<meta property=\"og:image:type\" content=\"image\/jpeg\" \/>\n<meta name=\"twitter:card\" content=\"summary_large_image\" \/>\n<meta name=\"twitter:label1\" content=\"Tiempo de lectura\" \/>\n\t<meta name=\"twitter:data1\" content=\"1 minuto\" \/>\n<script type=\"application\/ld+json\" class=\"yoast-schema-graph\">{\"@context\":\"https:\/\/schema.org\",\"@graph\":[{\"@type\":\"WebPage\",\"@id\":\"https:\/\/tuferreteria.online\/hazlo-tu-mismo\/tienda\/pavimentos\/herramientas-pavimentos\/kit-cortadora-circular-tc-125guias-rubi\/\",\"url\":\"https:\/\/tuferreteria.online\/hazlo-tu-mismo\/tienda\/pavimentos\/herramientas-pavimentos\/kit-cortadora-circular-tc-125guias-rubi\/\",\"name\":\"KIT CORTADORA CIRCULAR RUBI TC-125 - Tienda de tuferreteria.online by Ferreter\u00eda La Salle\",\"isPartOf\":{\"@id\":\"https:\/\/tuferreteria.online\/hazlo-tu-mismo\/#website\"},\"primaryImageOfPage\":{\"@id\":\"https:\/\/tuferreteria.online\/hazlo-tu-mismo\/tienda\/pavimentos\/herramientas-pavimentos\/kit-cortadora-circular-tc-125guias-rubi\/#primaryimage\"},\"image\":{\"@id\":\"https:\/\/tuferreteria.online\/hazlo-tu-mismo\/tienda\/pavimentos\/herramientas-pavimentos\/kit-cortadora-circular-tc-125guias-rubi\/#primaryimage\"},\"thumbnailUrl\":\"https:\/\/tuferreteria.online\/hazlo-tu-mismo\/wp-content\/uploads\/2020\/06\/CORTADORA-RUBI-KIT-TC-125.jpg\",\"datePublished\":\"2020-06-08T11:46:47+00:00\",\"dateModified\":\"2026-03-11T10:17:15+00:00\",\"description\":\"El kit de cortadora circular de Rubi para pavimentos de gran formato, incluye todo lo necesario para el corte y sujecci\u00f3n de la cer\u00e1micaTienes la cortadora circular, 3 gu\u00edas de 110 cm. cada una, 2 ventosas de fijaci\u00f3n para superficies rugosas...\",\"breadcrumb\":{\"@id\":\"https:\/\/tuferreteria.online\/hazlo-tu-mismo\/tienda\/pavimentos\/herramientas-pavimentos\/kit-cortadora-circular-tc-125guias-rubi\/#breadcrumb\"},\"inLanguage\":\"es\",\"potentialAction\":[{\"@type\":\"ReadAction\",\"target\":[\"https:\/\/tuferreteria.online\/hazlo-tu-mismo\/tienda\/pavimentos\/herramientas-pavimentos\/kit-cortadora-circular-tc-125guias-rubi\/\"]}]},{\"@type\":\"ImageObject\",\"inLanguage\":\"es\",\"@id\":\"https:\/\/tuferreteria.online\/hazlo-tu-mismo\/tienda\/pavimentos\/herramientas-pavimentos\/kit-cortadora-circular-tc-125guias-rubi\/#primaryimage\",\"url\":\"https:\/\/tuferreteria.online\/hazlo-tu-mismo\/wp-content\/uploads\/2020\/06\/CORTADORA-RUBI-KIT-TC-125.jpg\",\"contentUrl\":\"https:\/\/tuferreteria.online\/hazlo-tu-mismo\/wp-content\/uploads\/2020\/06\/CORTADORA-RUBI-KIT-TC-125.jpg\",\"width\":600,\"height\":600,\"caption\":\"CORTADORA-RUBI-KIT-TC-125\"},{\"@type\":\"BreadcrumbList\",\"@id\":\"https:\/\/tuferreteria.online\/hazlo-tu-mismo\/tienda\/pavimentos\/herramientas-pavimentos\/kit-cortadora-circular-tc-125guias-rubi\/#breadcrumb\",\"itemListElement\":[{\"@type\":\"ListItem\",\"position\":1,\"name\":\"Portada\",\"item\":\"https:\/\/tuferreteria.online\/hazlo-tu-mismo\/\"},{\"@type\":\"ListItem\",\"position\":2,\"name\":\"Tienda\",\"item\":\"https:\/\/tuferreteria.online\/hazlo-tu-mismo\/tienda\/\"},{\"@type\":\"ListItem\",\"position\":3,\"name\":\"KIT CORTADORA CIRCULAR RUBI TC-125\"}]},{\"@type\":\"WebSite\",\"@id\":\"https:\/\/tuferreteria.online\/hazlo-tu-mismo\/#website\",\"url\":\"https:\/\/tuferreteria.online\/hazlo-tu-mismo\/\",\"name\":\"Tienda de tuferreteria.online by Ferreter\u00eda La Salle\",\"description\":\"Hazlo tu mismo\",\"potentialAction\":[{\"@type\":\"SearchAction\",\"target\":{\"@type\":\"EntryPoint\",\"urlTemplate\":\"https:\/\/tuferreteria.online\/hazlo-tu-mismo\/?s={search_term_string}\"},\"query-input\":{\"@type\":\"PropertyValueSpecification\",\"valueRequired\":true,\"valueName\":\"search_term_string\"}}],\"inLanguage\":\"es\"}]}<\/script>\n<!-- \/ Yoast SEO plugin. -->","yoast_head_json":{"title":"KIT CORTADORA CIRCULAR RUBI TC-125 - Tienda de tuferreteria.online by Ferreter\u00eda La Salle","description":"El kit de cortadora circular de Rubi para pavimentos de gran formato, incluye todo lo necesario para el corte y sujecci\u00f3n de la cer\u00e1micaTienes la cortadora circular, 3 gu\u00edas de 110 cm. cada una, 2 ventosas de fijaci\u00f3n para superficies rugosas...","robots":{"index":"index","follow":"follow","max-snippet":"max-snippet:-1","max-image-preview":"max-image-preview:large","max-video-preview":"max-video-preview:-1"},"canonical":"https:\/\/tuferreteria.online\/hazlo-tu-mismo\/tienda\/pavimentos\/herramientas-pavimentos\/kit-cortadora-circular-tc-125guias-rubi\/","og_locale":"es_ES","og_type":"article","og_title":"KIT CORTADORA CIRCULAR RUBI TC-125 - Tienda de tuferreteria.online by Ferreter\u00eda La Salle","og_description":"El kit de cortadora circular de Rubi para pavimentos de gran formato, incluye todo lo necesario para el corte y sujecci\u00f3n de la cer\u00e1micaTienes la cortadora circular, 3 gu\u00edas de 110 cm. cada una, 2 ventosas de fijaci\u00f3n para superficies rugosas...","og_url":"https:\/\/tuferreteria.online\/hazlo-tu-mismo\/tienda\/pavimentos\/herramientas-pavimentos\/kit-cortadora-circular-tc-125guias-rubi\/","og_site_name":"Tienda de tuferreteria.online by Ferreter\u00eda La Salle","article_modified_time":"2026-03-11T10:17:15+00:00","og_image":[{"width":600,"height":600,"url":"https:\/\/tuferreteria.online\/hazlo-tu-mismo\/wp-content\/uploads\/2020\/06\/CORTADORA-RUBI-KIT-TC-125.jpg","type":"image\/jpeg"}],"twitter_card":"summary_large_image","twitter_misc":{"Tiempo de lectura":"1 minuto"},"schema":{"@context":"https:\/\/schema.org","@graph":[{"@type":"WebPage","@id":"https:\/\/tuferreteria.online\/hazlo-tu-mismo\/tienda\/pavimentos\/herramientas-pavimentos\/kit-cortadora-circular-tc-125guias-rubi\/","url":"https:\/\/tuferreteria.online\/hazlo-tu-mismo\/tienda\/pavimentos\/herramientas-pavimentos\/kit-cortadora-circular-tc-125guias-rubi\/","name":"KIT CORTADORA CIRCULAR RUBI TC-125 - Tienda de tuferreteria.online by Ferreter\u00eda La Salle","isPartOf":{"@id":"https:\/\/tuferreteria.online\/hazlo-tu-mismo\/#website"},"primaryImageOfPage":{"@id":"https:\/\/tuferreteria.online\/hazlo-tu-mismo\/tienda\/pavimentos\/herramientas-pavimentos\/kit-cortadora-circular-tc-125guias-rubi\/#primaryimage"},"image":{"@id":"https:\/\/tuferreteria.online\/hazlo-tu-mismo\/tienda\/pavimentos\/herramientas-pavimentos\/kit-cortadora-circular-tc-125guias-rubi\/#primaryimage"},"thumbnailUrl":"https:\/\/tuferreteria.online\/hazlo-tu-mismo\/wp-content\/uploads\/2020\/06\/CORTADORA-RUBI-KIT-TC-125.jpg","datePublished":"2020-06-08T11:46:47+00:00","dateModified":"2026-03-11T10:17:15+00:00","description":"El kit de cortadora circular de Rubi para pavimentos de gran formato, incluye todo lo necesario para el corte y sujecci\u00f3n de la cer\u00e1micaTienes la cortadora circular, 3 gu\u00edas de 110 cm. cada una, 2 ventosas de fijaci\u00f3n para superficies rugosas...","breadcrumb":{"@id":"https:\/\/tuferreteria.online\/hazlo-tu-mismo\/tienda\/pavimentos\/herramientas-pavimentos\/kit-cortadora-circular-tc-125guias-rubi\/#breadcrumb"},"inLanguage":"es","potentialAction":[{"@type":"ReadAction","target":["https:\/\/tuferreteria.online\/hazlo-tu-mismo\/tienda\/pavimentos\/herramientas-pavimentos\/kit-cortadora-circular-tc-125guias-rubi\/"]}]},{"@type":"ImageObject","inLanguage":"es","@id":"https:\/\/tuferreteria.online\/hazlo-tu-mismo\/tienda\/pavimentos\/herramientas-pavimentos\/kit-cortadora-circular-tc-125guias-rubi\/#primaryimage","url":"https:\/\/tuferreteria.online\/hazlo-tu-mismo\/wp-content\/uploads\/2020\/06\/CORTADORA-RUBI-KIT-TC-125.jpg","contentUrl":"https:\/\/tuferreteria.online\/hazlo-tu-mismo\/wp-content\/uploads\/2020\/06\/CORTADORA-RUBI-KIT-TC-125.jpg","width":600,"height":600,"caption":"CORTADORA-RUBI-KIT-TC-125"},{"@type":"BreadcrumbList","@id":"https:\/\/tuferreteria.online\/hazlo-tu-mismo\/tienda\/pavimentos\/herramientas-pavimentos\/kit-cortadora-circular-tc-125guias-rubi\/#breadcrumb","itemListElement":[{"@type":"ListItem","position":1,"name":"Portada","item":"https:\/\/tuferreteria.online\/hazlo-tu-mismo\/"},{"@type":"ListItem","position":2,"name":"Tienda","item":"https:\/\/tuferreteria.online\/hazlo-tu-mismo\/tienda\/"},{"@type":"ListItem","position":3,"name":"KIT CORTADORA CIRCULAR RUBI TC-125"}]},{"@type":"WebSite","@id":"https:\/\/tuferreteria.online\/hazlo-tu-mismo\/#website","url":"https:\/\/tuferreteria.online\/hazlo-tu-mismo\/","name":"Tienda de tuferreteria.online by Ferreter\u00eda La Salle","description":"Hazlo tu mismo","potentialAction":[{"@type":"SearchAction","target":{"@type":"EntryPoint","urlTemplate":"https:\/\/tuferreteria.online\/hazlo-tu-mismo\/?s={search_term_string}"},"query-input":{"@type":"PropertyValueSpecification","valueRequired":true,"valueName":"search_term_string"}}],"inLanguage":"es"}]}},"_links":{"self":[{"href":"https:\/\/tuferreteria.online\/hazlo-tu-mismo\/wp-json\/wp\/v2\/product\/21185","targetHints":{"allow":["GET"]}}],"collection":[{"href":"https:\/\/tuferreteria.online\/hazlo-tu-mismo\/wp-json\/wp\/v2\/product"}],"about":[{"href":"https:\/\/tuferreteria.online\/hazlo-tu-mismo\/wp-json\/wp\/v2\/types\/product"}],"replies":[{"embeddable":true,"href":"https:\/\/tuferreteria.online\/hazlo-tu-mismo\/wp-json\/wp\/v2\/comments?post=21185"}],"wp:featuredmedia":[{"embeddable":true,"href":"https:\/\/tuferreteria.online\/hazlo-tu-mismo\/wp-json\/wp\/v2\/media\/21252"}],"wp:attachment":[{"href":"https:\/\/tuferreteria.online\/hazlo-tu-mismo\/wp-json\/wp\/v2\/media?parent=21185"}],"wp:term":[{"taxonomy":"brand","embeddable":true,"href":"https:\/\/tuferreteria.online\/hazlo-tu-mismo\/wp-json\/wp\/v2\/etheme_brands?post=21185"},{"taxonomy":"product_brand","embeddable":true,"href":"https:\/\/tuferreteria.online\/hazlo-tu-mismo\/wp-json\/wp\/v2\/product_brand?post=21185"},{"taxonomy":"product_cat","embeddable":true,"href":"https:\/\/tuferreteria.online\/hazlo-tu-mismo\/wp-json\/wp\/v2\/product_cat?post=21185"},{"taxonomy":"product_tag","embeddable":true,"href":"https:\/\/tuferreteria.online\/hazlo-tu-mismo\/wp-json\/wp\/v2\/product_tag?post=21185"}],"curies":[{"name":"wp","href":"https:\/\/api.w.org\/{rel}","templated":true}]}}