{"id":21660,"date":"2020-06-18T11:48:31","date_gmt":"2020-06-18T10:48:31","guid":{"rendered":"https:\/\/tuferreteria.online\/hazlo-tu-mismo\/tienda\/sin%20categor\u00eda\/lijadora-banda-makita-9403j-100mm\/"},"modified":"2026-03-11T11:25:21","modified_gmt":"2026-03-11T10:25:21","slug":"lijadora-banda-makita-9403j-100mm","status":"publish","type":"product","link":"https:\/\/tuferreteria.online\/hazlo-tu-mismo\/tienda\/ferreteria\/herramienta-electrica\/lijadora-banda-makita-9403j-100mm\/","title":{"rendered":"LIJADORA BANDA MAKITA 9403J 100MM"},"content":{"rendered":"<div class=\"wpb-content-wrapper\"><p>[vc_row][vc_column][vc_column_text]<\/p>\n<h2 style=\"text-align: center;\"><span style=\"font-size: 24pt; color: #f9e03a;\">Lijadora de Banda Makita<\/span><\/h2>\n<p>&nbsp;<\/p>\n<h3>Caracter\u00edsticas:<\/h3>\n<p>&nbsp;<\/p>\n<p style=\"text-align: justify;\">La lijadora de banda Makita, tiene un tama\u00f1o de banda de 100 mm x 610 mm con una velocidad de 500 m\/min.<\/p>\n<p>Ha sido dise\u00f1ada para lijar grandes superficies, tanto de madera, como pl\u00e1stico, metal\u00a0 o superficies pintadas.<\/p>\n<p>Es la m\u00e1quina potente y c\u00f3moda que estabas buscando para lijar grandes suelos de madera.<\/p>\n<p>Te viene con una bolsa aspiradora y un pr\u00e1ctico malet\u00edn de transporte, enlazable con tus dem\u00e1s maletines Makita.[\/vc_column_text][\/vc_column][\/vc_row]<\/p>\n<\/div>","protected":false},"excerpt":{"rendered":"<h2>LIJADORA BANDA MAKITA 9403J 100MM<\/h2>\n","protected":false},"featured_media":21696,"comment_status":"closed","ping_status":"closed","template":"","meta":{"_exactmetrics_skip_tracking":false,"_exactmetrics_sitenote_active":false,"_exactmetrics_sitenote_note":"","_exactmetrics_sitenote_category":0,"_joinchat":[]},"etheme_brands":[{"term_id":494,"name":"MAKITA","slug":"makita","term_group":0,"term_taxonomy_id":494,"taxonomy":"brand","description":"","parent":0,"count":27,"filter":"raw"}],"product_brand":[],"product_cat":[416,55,105],"product_tag":[1555,2113,188,1554,496,1548,1547],"class_list":{"0":"post-21660","1":"product","2":"type-product","3":"status-publish","4":"has-post-thumbnail","6":"brand-makita","7":"product_cat-ferreteria","8":"product_cat-herramienta-electrica","9":"product_cat-lijadoras-cepillos-fresadoras","10":"product_tag-9403j","11":"product_tag-comprar-lijadora-de-banda","12":"product_tag-lijadora","13":"product_tag-lijadora-9403j-tenerife","14":"product_tag-makita","15":"product_tag-makita-canarias","16":"product_tag-makita-tenerife","17":"product_shipping_class-envio-peso","19":"first","20":"instock","21":"taxable","22":"shipping-taxable","23":"purchasable","24":"product-type-simple"},"yoast_head":"<!-- This site is optimized with the Yoast SEO plugin v24.9 - https:\/\/yoast.com\/wordpress\/plugins\/seo\/ -->\n<title>LIJADORA BANDA MAKITA 9403J 100MM - Tienda de tuferreteria.online by Ferreter\u00eda La Salle<\/title>\n<meta name=\"description\" content=\"La lijadora de banda Makita, tiene un tama\u00f1o de banda de 100 mm x 610 mm con una velocidad de 500 m\/min.Ha sido dise\u00f1ada para lijar grandes superficies, tanto de madera, como pl\u00e1stico, metal\u00a0 o superficies pintadas.\" \/>\n<meta name=\"robots\" content=\"index, follow, max-snippet:-1, max-image-preview:large, max-video-preview:-1\" \/>\n<link rel=\"canonical\" href=\"https:\/\/tuferreteria.online\/hazlo-tu-mismo\/tienda\/ferreteria\/herramienta-electrica\/lijadora-banda-makita-9403j-100mm\/\" \/>\n<meta property=\"og:locale\" content=\"es_ES\" \/>\n<meta property=\"og:type\" content=\"article\" \/>\n<meta property=\"og:title\" content=\"LIJADORA BANDA MAKITA 9403J 100MM - Tienda de tuferreteria.online by Ferreter\u00eda La Salle\" \/>\n<meta property=\"og:description\" content=\"La lijadora de banda Makita, tiene un tama\u00f1o de banda de 100 mm x 610 mm con una velocidad de 500 m\/min.Ha sido dise\u00f1ada para lijar grandes superficies, tanto de madera, como pl\u00e1stico, metal\u00a0 o superficies pintadas.\" \/>\n<meta property=\"og:url\" content=\"https:\/\/tuferreteria.online\/hazlo-tu-mismo\/tienda\/ferreteria\/herramienta-electrica\/lijadora-banda-makita-9403j-100mm\/\" \/>\n<meta property=\"og:site_name\" content=\"Tienda de tuferreteria.online by Ferreter\u00eda La Salle\" \/>\n<meta property=\"article:modified_time\" content=\"2026-03-11T10:25:21+00:00\" \/>\n<meta property=\"og:image\" content=\"https:\/\/tuferreteria.online\/hazlo-tu-mismo\/wp-content\/uploads\/2020\/06\/LIJADORA-MAKITA-9403-L.jpg\" \/>\n\t<meta property=\"og:image:width\" content=\"600\" \/>\n\t<meta property=\"og:image:height\" content=\"600\" \/>\n\t<meta property=\"og:image:type\" content=\"image\/jpeg\" \/>\n<meta name=\"twitter:card\" content=\"summary_large_image\" \/>\n<meta name=\"twitter:label1\" content=\"Tiempo de lectura\" \/>\n\t<meta name=\"twitter:data1\" content=\"1 minuto\" \/>\n<script type=\"application\/ld+json\" class=\"yoast-schema-graph\">{\"@context\":\"https:\/\/schema.org\",\"@graph\":[{\"@type\":\"WebPage\",\"@id\":\"https:\/\/tuferreteria.online\/hazlo-tu-mismo\/tienda\/ferreteria\/herramienta-electrica\/lijadora-banda-makita-9403j-100mm\/\",\"url\":\"https:\/\/tuferreteria.online\/hazlo-tu-mismo\/tienda\/ferreteria\/herramienta-electrica\/lijadora-banda-makita-9403j-100mm\/\",\"name\":\"LIJADORA BANDA MAKITA 9403J 100MM - Tienda de tuferreteria.online by Ferreter\u00eda La Salle\",\"isPartOf\":{\"@id\":\"https:\/\/tuferreteria.online\/hazlo-tu-mismo\/#website\"},\"primaryImageOfPage\":{\"@id\":\"https:\/\/tuferreteria.online\/hazlo-tu-mismo\/tienda\/ferreteria\/herramienta-electrica\/lijadora-banda-makita-9403j-100mm\/#primaryimage\"},\"image\":{\"@id\":\"https:\/\/tuferreteria.online\/hazlo-tu-mismo\/tienda\/ferreteria\/herramienta-electrica\/lijadora-banda-makita-9403j-100mm\/#primaryimage\"},\"thumbnailUrl\":\"https:\/\/tuferreteria.online\/hazlo-tu-mismo\/wp-content\/uploads\/2020\/06\/LIJADORA-MAKITA-9403-L.jpg\",\"datePublished\":\"2020-06-18T10:48:31+00:00\",\"dateModified\":\"2026-03-11T10:25:21+00:00\",\"description\":\"La lijadora de banda Makita, tiene un tama\u00f1o de banda de 100 mm x 610 mm con una velocidad de 500 m\/min.Ha sido dise\u00f1ada para lijar grandes superficies, tanto de madera, como pl\u00e1stico, metal\u00a0 o superficies pintadas.\",\"breadcrumb\":{\"@id\":\"https:\/\/tuferreteria.online\/hazlo-tu-mismo\/tienda\/ferreteria\/herramienta-electrica\/lijadora-banda-makita-9403j-100mm\/#breadcrumb\"},\"inLanguage\":\"es\",\"potentialAction\":[{\"@type\":\"ReadAction\",\"target\":[\"https:\/\/tuferreteria.online\/hazlo-tu-mismo\/tienda\/ferreteria\/herramienta-electrica\/lijadora-banda-makita-9403j-100mm\/\"]}]},{\"@type\":\"ImageObject\",\"inLanguage\":\"es\",\"@id\":\"https:\/\/tuferreteria.online\/hazlo-tu-mismo\/tienda\/ferreteria\/herramienta-electrica\/lijadora-banda-makita-9403j-100mm\/#primaryimage\",\"url\":\"https:\/\/tuferreteria.online\/hazlo-tu-mismo\/wp-content\/uploads\/2020\/06\/LIJADORA-MAKITA-9403-L.jpg\",\"contentUrl\":\"https:\/\/tuferreteria.online\/hazlo-tu-mismo\/wp-content\/uploads\/2020\/06\/LIJADORA-MAKITA-9403-L.jpg\",\"width\":600,\"height\":600,\"caption\":\"LIJADORA-MAKITA-9403-L\"},{\"@type\":\"BreadcrumbList\",\"@id\":\"https:\/\/tuferreteria.online\/hazlo-tu-mismo\/tienda\/ferreteria\/herramienta-electrica\/lijadora-banda-makita-9403j-100mm\/#breadcrumb\",\"itemListElement\":[{\"@type\":\"ListItem\",\"position\":1,\"name\":\"Portada\",\"item\":\"https:\/\/tuferreteria.online\/hazlo-tu-mismo\/\"},{\"@type\":\"ListItem\",\"position\":2,\"name\":\"Tienda\",\"item\":\"https:\/\/tuferreteria.online\/hazlo-tu-mismo\/tienda\/\"},{\"@type\":\"ListItem\",\"position\":3,\"name\":\"LIJADORA BANDA MAKITA 9403J 100MM\"}]},{\"@type\":\"WebSite\",\"@id\":\"https:\/\/tuferreteria.online\/hazlo-tu-mismo\/#website\",\"url\":\"https:\/\/tuferreteria.online\/hazlo-tu-mismo\/\",\"name\":\"Tienda de tuferreteria.online by Ferreter\u00eda La Salle\",\"description\":\"Hazlo tu mismo\",\"potentialAction\":[{\"@type\":\"SearchAction\",\"target\":{\"@type\":\"EntryPoint\",\"urlTemplate\":\"https:\/\/tuferreteria.online\/hazlo-tu-mismo\/?s={search_term_string}\"},\"query-input\":{\"@type\":\"PropertyValueSpecification\",\"valueRequired\":true,\"valueName\":\"search_term_string\"}}],\"inLanguage\":\"es\"}]}<\/script>\n<!-- \/ Yoast SEO plugin. -->","yoast_head_json":{"title":"LIJADORA BANDA MAKITA 9403J 100MM - Tienda de tuferreteria.online by Ferreter\u00eda La Salle","description":"La lijadora de banda Makita, tiene un tama\u00f1o de banda de 100 mm x 610 mm con una velocidad de 500 m\/min.Ha sido dise\u00f1ada para lijar grandes superficies, tanto de madera, como pl\u00e1stico, metal\u00a0 o superficies pintadas.","robots":{"index":"index","follow":"follow","max-snippet":"max-snippet:-1","max-image-preview":"max-image-preview:large","max-video-preview":"max-video-preview:-1"},"canonical":"https:\/\/tuferreteria.online\/hazlo-tu-mismo\/tienda\/ferreteria\/herramienta-electrica\/lijadora-banda-makita-9403j-100mm\/","og_locale":"es_ES","og_type":"article","og_title":"LIJADORA BANDA MAKITA 9403J 100MM - Tienda de tuferreteria.online by Ferreter\u00eda La Salle","og_description":"La lijadora de banda Makita, tiene un tama\u00f1o de banda de 100 mm x 610 mm con una velocidad de 500 m\/min.Ha sido dise\u00f1ada para lijar grandes superficies, tanto de madera, como pl\u00e1stico, metal\u00a0 o superficies pintadas.","og_url":"https:\/\/tuferreteria.online\/hazlo-tu-mismo\/tienda\/ferreteria\/herramienta-electrica\/lijadora-banda-makita-9403j-100mm\/","og_site_name":"Tienda de tuferreteria.online by Ferreter\u00eda La Salle","article_modified_time":"2026-03-11T10:25:21+00:00","og_image":[{"width":600,"height":600,"url":"https:\/\/tuferreteria.online\/hazlo-tu-mismo\/wp-content\/uploads\/2020\/06\/LIJADORA-MAKITA-9403-L.jpg","type":"image\/jpeg"}],"twitter_card":"summary_large_image","twitter_misc":{"Tiempo de lectura":"1 minuto"},"schema":{"@context":"https:\/\/schema.org","@graph":[{"@type":"WebPage","@id":"https:\/\/tuferreteria.online\/hazlo-tu-mismo\/tienda\/ferreteria\/herramienta-electrica\/lijadora-banda-makita-9403j-100mm\/","url":"https:\/\/tuferreteria.online\/hazlo-tu-mismo\/tienda\/ferreteria\/herramienta-electrica\/lijadora-banda-makita-9403j-100mm\/","name":"LIJADORA BANDA MAKITA 9403J 100MM - Tienda de tuferreteria.online by Ferreter\u00eda La Salle","isPartOf":{"@id":"https:\/\/tuferreteria.online\/hazlo-tu-mismo\/#website"},"primaryImageOfPage":{"@id":"https:\/\/tuferreteria.online\/hazlo-tu-mismo\/tienda\/ferreteria\/herramienta-electrica\/lijadora-banda-makita-9403j-100mm\/#primaryimage"},"image":{"@id":"https:\/\/tuferreteria.online\/hazlo-tu-mismo\/tienda\/ferreteria\/herramienta-electrica\/lijadora-banda-makita-9403j-100mm\/#primaryimage"},"thumbnailUrl":"https:\/\/tuferreteria.online\/hazlo-tu-mismo\/wp-content\/uploads\/2020\/06\/LIJADORA-MAKITA-9403-L.jpg","datePublished":"2020-06-18T10:48:31+00:00","dateModified":"2026-03-11T10:25:21+00:00","description":"La lijadora de banda Makita, tiene un tama\u00f1o de banda de 100 mm x 610 mm con una velocidad de 500 m\/min.Ha sido dise\u00f1ada para lijar grandes superficies, tanto de madera, como pl\u00e1stico, metal\u00a0 o superficies pintadas.","breadcrumb":{"@id":"https:\/\/tuferreteria.online\/hazlo-tu-mismo\/tienda\/ferreteria\/herramienta-electrica\/lijadora-banda-makita-9403j-100mm\/#breadcrumb"},"inLanguage":"es","potentialAction":[{"@type":"ReadAction","target":["https:\/\/tuferreteria.online\/hazlo-tu-mismo\/tienda\/ferreteria\/herramienta-electrica\/lijadora-banda-makita-9403j-100mm\/"]}]},{"@type":"ImageObject","inLanguage":"es","@id":"https:\/\/tuferreteria.online\/hazlo-tu-mismo\/tienda\/ferreteria\/herramienta-electrica\/lijadora-banda-makita-9403j-100mm\/#primaryimage","url":"https:\/\/tuferreteria.online\/hazlo-tu-mismo\/wp-content\/uploads\/2020\/06\/LIJADORA-MAKITA-9403-L.jpg","contentUrl":"https:\/\/tuferreteria.online\/hazlo-tu-mismo\/wp-content\/uploads\/2020\/06\/LIJADORA-MAKITA-9403-L.jpg","width":600,"height":600,"caption":"LIJADORA-MAKITA-9403-L"},{"@type":"BreadcrumbList","@id":"https:\/\/tuferreteria.online\/hazlo-tu-mismo\/tienda\/ferreteria\/herramienta-electrica\/lijadora-banda-makita-9403j-100mm\/#breadcrumb","itemListElement":[{"@type":"ListItem","position":1,"name":"Portada","item":"https:\/\/tuferreteria.online\/hazlo-tu-mismo\/"},{"@type":"ListItem","position":2,"name":"Tienda","item":"https:\/\/tuferreteria.online\/hazlo-tu-mismo\/tienda\/"},{"@type":"ListItem","position":3,"name":"LIJADORA BANDA MAKITA 9403J 100MM"}]},{"@type":"WebSite","@id":"https:\/\/tuferreteria.online\/hazlo-tu-mismo\/#website","url":"https:\/\/tuferreteria.online\/hazlo-tu-mismo\/","name":"Tienda de tuferreteria.online by Ferreter\u00eda La Salle","description":"Hazlo tu mismo","potentialAction":[{"@type":"SearchAction","target":{"@type":"EntryPoint","urlTemplate":"https:\/\/tuferreteria.online\/hazlo-tu-mismo\/?s={search_term_string}"},"query-input":{"@type":"PropertyValueSpecification","valueRequired":true,"valueName":"search_term_string"}}],"inLanguage":"es"}]}},"_links":{"self":[{"href":"https:\/\/tuferreteria.online\/hazlo-tu-mismo\/wp-json\/wp\/v2\/product\/21660","targetHints":{"allow":["GET"]}}],"collection":[{"href":"https:\/\/tuferreteria.online\/hazlo-tu-mismo\/wp-json\/wp\/v2\/product"}],"about":[{"href":"https:\/\/tuferreteria.online\/hazlo-tu-mismo\/wp-json\/wp\/v2\/types\/product"}],"replies":[{"embeddable":true,"href":"https:\/\/tuferreteria.online\/hazlo-tu-mismo\/wp-json\/wp\/v2\/comments?post=21660"}],"wp:featuredmedia":[{"embeddable":true,"href":"https:\/\/tuferreteria.online\/hazlo-tu-mismo\/wp-json\/wp\/v2\/media\/21696"}],"wp:attachment":[{"href":"https:\/\/tuferreteria.online\/hazlo-tu-mismo\/wp-json\/wp\/v2\/media?parent=21660"}],"wp:term":[{"taxonomy":"brand","embeddable":true,"href":"https:\/\/tuferreteria.online\/hazlo-tu-mismo\/wp-json\/wp\/v2\/etheme_brands?post=21660"},{"taxonomy":"product_brand","embeddable":true,"href":"https:\/\/tuferreteria.online\/hazlo-tu-mismo\/wp-json\/wp\/v2\/product_brand?post=21660"},{"taxonomy":"product_cat","embeddable":true,"href":"https:\/\/tuferreteria.online\/hazlo-tu-mismo\/wp-json\/wp\/v2\/product_cat?post=21660"},{"taxonomy":"product_tag","embeddable":true,"href":"https:\/\/tuferreteria.online\/hazlo-tu-mismo\/wp-json\/wp\/v2\/product_tag?post=21660"}],"curies":[{"name":"wp","href":"https:\/\/api.w.org\/{rel}","templated":true}]}}