{"id":22383,"date":"2020-07-07T10:54:41","date_gmt":"2020-07-07T09:54:41","guid":{"rendered":"https:\/\/tuferreteria.online\/hazlo-tu-mismo\/tienda\/sin%20categor\u00eda\/boquilla-fat-pink-cap-bucket\/"},"modified":"2026-03-11T11:21:24","modified_gmt":"2026-03-11T10:21:24","slug":"boquilla-spray-trazo-grueso","status":"publish","type":"product","link":"https:\/\/tuferreteria.online\/hazlo-tu-mismo\/tienda\/pintura-decoracion\/pintura\/pinturas-tintes-ceras\/boquilla-spray-trazo-grueso\/","title":{"rendered":"BOQUILLA SPRAY TRAZO GRUESO MONTANA"},"content":{"rendered":"<div class=\"wpb-content-wrapper\"><p>[vc_row][vc_column][vc_column_text]<\/p>\n<h2 style=\"text-align: center;\"><span style=\"font-size: 24pt; color: #f9e03a;\">Boquilla Spray Trazo Grueso<\/span><\/h2>\n<p>&nbsp;<\/p>\n<h3>Caracter\u00edsticas:<\/h3>\n<p>&nbsp;<\/p>\n<p style=\"text-align: justify;\">Con la boquilla de spray para trazos gruesos podr\u00e1s elegir c\u00f3mo utilizas mejor la pintura de tu spray.<\/p>\n<p style=\"text-align: justify;\">Boquilla de trazo de 5 cm.<\/p>\n<p style=\"text-align: justify;\">La boquilla es para los sprays Montana Colors.<\/p>\n<p style=\"text-align: justify;\"><span style=\"color: #f9e03a;\"><em><strong><span style=\"text-decoration: underline;\"><span style=\"text-decoration: underline;\">Sprays Montana Mtn-94<\/span><\/span><\/strong><\/em><em><strong> &#8211;\u00a0 <\/strong><\/em><span style=\"text-decoration: underline;\"><em><strong>Sprays Montana Hardcore<\/strong><\/em><\/span><em><strong> &#8211; <\/strong><\/em><span style=\"text-decoration: underline;\">\u00a0<span style=\"color: #f9e03a;\"><em><strong>Sprays Montana base agua<\/strong><\/em><\/span><\/span><\/span><\/p>\n<p>[\/vc_column_text][\/vc_column][\/vc_row]<\/p>\n<\/div>","protected":false},"excerpt":{"rendered":"<h2>BOQUILLA FAT PINK CAP BUCKET<\/h2>\n","protected":false},"featured_media":22446,"comment_status":"closed","ping_status":"closed","template":"","meta":{"_exactmetrics_skip_tracking":false,"_exactmetrics_sitenote_active":false,"_exactmetrics_sitenote_note":"","_exactmetrics_sitenote_category":0,"_joinchat":[]},"etheme_brands":[{"term_id":493,"name":"MONTANA COLORS","slug":"montana-colors","term_group":0,"term_taxonomy_id":493,"taxonomy":"brand","description":"","parent":0,"count":19,"filter":"raw"}],"product_brand":[],"product_cat":[616,517,48,53],"product_tag":[1327,2102,1570,1569,507],"class_list":{"0":"post-22383","1":"product","2":"type-product","3":"status-publish","4":"has-post-thumbnail","6":"brand-montana-colors","7":"product_cat-complementos","8":"product_cat-pintura","9":"product_cat-pintura-decoracion","10":"product_cat-pinturas-tintes-ceras","11":"product_tag-boquilla","12":"product_tag-boquilla-spray-montana","13":"product_tag-montana-colors-canarias","14":"product_tag-montana-colors-tenerife","15":"product_tag-sprays-montana-tenerife","16":"product_shipping_class-envio-peso","18":"first","19":"instock","20":"taxable","21":"shipping-taxable","22":"purchasable","23":"product-type-simple"},"yoast_head":"<!-- This site is optimized with the Yoast SEO plugin v24.9 - https:\/\/yoast.com\/wordpress\/plugins\/seo\/ -->\n<title>BOQUILLA SPRAY TRAZO GRUESO MONTANA - Tienda de tuferreteria.online by Ferreter\u00eda La Salle<\/title>\n<meta name=\"description\" content=\"Con la boquilla de spray para trazos gruesos de 5 cm., podr\u00e1s elegir c\u00f3mo utilizas mejor la pintura de tu spray. La boquilla es para los sprays Montana Colors.\" \/>\n<meta name=\"robots\" content=\"index, follow, max-snippet:-1, max-image-preview:large, max-video-preview:-1\" \/>\n<link rel=\"canonical\" href=\"https:\/\/tuferreteria.online\/hazlo-tu-mismo\/tienda\/pintura-decoracion\/pintura\/pinturas-tintes-ceras\/boquilla-spray-trazo-grueso\/\" \/>\n<meta property=\"og:locale\" content=\"es_ES\" \/>\n<meta property=\"og:type\" content=\"article\" \/>\n<meta property=\"og:title\" content=\"BOQUILLA SPRAY TRAZO GRUESO MONTANA - Tienda de tuferreteria.online by Ferreter\u00eda La Salle\" \/>\n<meta property=\"og:description\" content=\"Con la boquilla de spray para trazos gruesos de 5 cm., podr\u00e1s elegir c\u00f3mo utilizas mejor la pintura de tu spray. La boquilla es para los sprays Montana Colors.\" \/>\n<meta property=\"og:url\" content=\"https:\/\/tuferreteria.online\/hazlo-tu-mismo\/tienda\/pintura-decoracion\/pintura\/pinturas-tintes-ceras\/boquilla-spray-trazo-grueso\/\" \/>\n<meta property=\"og:site_name\" content=\"Tienda de tuferreteria.online by Ferreter\u00eda La Salle\" \/>\n<meta property=\"article:modified_time\" content=\"2026-03-11T10:21:24+00:00\" \/>\n<meta property=\"og:image\" content=\"https:\/\/tuferreteria.online\/hazlo-tu-mismo\/wp-content\/uploads\/2020\/07\/BOQUILLA-SPRAYS-FAT-PINK-CAP.jpg\" \/>\n\t<meta property=\"og:image:width\" content=\"600\" \/>\n\t<meta property=\"og:image:height\" content=\"600\" \/>\n\t<meta property=\"og:image:type\" content=\"image\/jpeg\" \/>\n<meta name=\"twitter:card\" content=\"summary_large_image\" \/>\n<meta name=\"twitter:label1\" content=\"Tiempo de lectura\" \/>\n\t<meta name=\"twitter:data1\" content=\"1 minuto\" \/>\n<script type=\"application\/ld+json\" class=\"yoast-schema-graph\">{\"@context\":\"https:\/\/schema.org\",\"@graph\":[{\"@type\":\"WebPage\",\"@id\":\"https:\/\/tuferreteria.online\/hazlo-tu-mismo\/tienda\/pintura-decoracion\/pintura\/pinturas-tintes-ceras\/boquilla-spray-trazo-grueso\/\",\"url\":\"https:\/\/tuferreteria.online\/hazlo-tu-mismo\/tienda\/pintura-decoracion\/pintura\/pinturas-tintes-ceras\/boquilla-spray-trazo-grueso\/\",\"name\":\"BOQUILLA SPRAY TRAZO GRUESO MONTANA - Tienda de tuferreteria.online by Ferreter\u00eda La Salle\",\"isPartOf\":{\"@id\":\"https:\/\/tuferreteria.online\/hazlo-tu-mismo\/#website\"},\"primaryImageOfPage\":{\"@id\":\"https:\/\/tuferreteria.online\/hazlo-tu-mismo\/tienda\/pintura-decoracion\/pintura\/pinturas-tintes-ceras\/boquilla-spray-trazo-grueso\/#primaryimage\"},\"image\":{\"@id\":\"https:\/\/tuferreteria.online\/hazlo-tu-mismo\/tienda\/pintura-decoracion\/pintura\/pinturas-tintes-ceras\/boquilla-spray-trazo-grueso\/#primaryimage\"},\"thumbnailUrl\":\"https:\/\/tuferreteria.online\/hazlo-tu-mismo\/wp-content\/uploads\/2020\/07\/BOQUILLA-SPRAYS-FAT-PINK-CAP.jpg\",\"datePublished\":\"2020-07-07T09:54:41+00:00\",\"dateModified\":\"2026-03-11T10:21:24+00:00\",\"description\":\"Con la boquilla de spray para trazos gruesos de 5 cm., podr\u00e1s elegir c\u00f3mo utilizas mejor la pintura de tu spray. La boquilla es para los sprays Montana Colors.\",\"breadcrumb\":{\"@id\":\"https:\/\/tuferreteria.online\/hazlo-tu-mismo\/tienda\/pintura-decoracion\/pintura\/pinturas-tintes-ceras\/boquilla-spray-trazo-grueso\/#breadcrumb\"},\"inLanguage\":\"es\",\"potentialAction\":[{\"@type\":\"ReadAction\",\"target\":[\"https:\/\/tuferreteria.online\/hazlo-tu-mismo\/tienda\/pintura-decoracion\/pintura\/pinturas-tintes-ceras\/boquilla-spray-trazo-grueso\/\"]}]},{\"@type\":\"ImageObject\",\"inLanguage\":\"es\",\"@id\":\"https:\/\/tuferreteria.online\/hazlo-tu-mismo\/tienda\/pintura-decoracion\/pintura\/pinturas-tintes-ceras\/boquilla-spray-trazo-grueso\/#primaryimage\",\"url\":\"https:\/\/tuferreteria.online\/hazlo-tu-mismo\/wp-content\/uploads\/2020\/07\/BOQUILLA-SPRAYS-FAT-PINK-CAP.jpg\",\"contentUrl\":\"https:\/\/tuferreteria.online\/hazlo-tu-mismo\/wp-content\/uploads\/2020\/07\/BOQUILLA-SPRAYS-FAT-PINK-CAP.jpg\",\"width\":600,\"height\":600,\"caption\":\"BOQUILLA-SPRAYS-FAT-PINK-CAP\"},{\"@type\":\"BreadcrumbList\",\"@id\":\"https:\/\/tuferreteria.online\/hazlo-tu-mismo\/tienda\/pintura-decoracion\/pintura\/pinturas-tintes-ceras\/boquilla-spray-trazo-grueso\/#breadcrumb\",\"itemListElement\":[{\"@type\":\"ListItem\",\"position\":1,\"name\":\"Portada\",\"item\":\"https:\/\/tuferreteria.online\/hazlo-tu-mismo\/\"},{\"@type\":\"ListItem\",\"position\":2,\"name\":\"Tienda\",\"item\":\"https:\/\/tuferreteria.online\/hazlo-tu-mismo\/tienda\/\"},{\"@type\":\"ListItem\",\"position\":3,\"name\":\"BOQUILLA SPRAY TRAZO GRUESO MONTANA\"}]},{\"@type\":\"WebSite\",\"@id\":\"https:\/\/tuferreteria.online\/hazlo-tu-mismo\/#website\",\"url\":\"https:\/\/tuferreteria.online\/hazlo-tu-mismo\/\",\"name\":\"Tienda de tuferreteria.online by Ferreter\u00eda La Salle\",\"description\":\"Hazlo tu mismo\",\"potentialAction\":[{\"@type\":\"SearchAction\",\"target\":{\"@type\":\"EntryPoint\",\"urlTemplate\":\"https:\/\/tuferreteria.online\/hazlo-tu-mismo\/?s={search_term_string}\"},\"query-input\":{\"@type\":\"PropertyValueSpecification\",\"valueRequired\":true,\"valueName\":\"search_term_string\"}}],\"inLanguage\":\"es\"}]}<\/script>\n<!-- \/ Yoast SEO plugin. -->","yoast_head_json":{"title":"BOQUILLA SPRAY TRAZO GRUESO MONTANA - Tienda de tuferreteria.online by Ferreter\u00eda La Salle","description":"Con la boquilla de spray para trazos gruesos de 5 cm., podr\u00e1s elegir c\u00f3mo utilizas mejor la pintura de tu spray. La boquilla es para los sprays Montana Colors.","robots":{"index":"index","follow":"follow","max-snippet":"max-snippet:-1","max-image-preview":"max-image-preview:large","max-video-preview":"max-video-preview:-1"},"canonical":"https:\/\/tuferreteria.online\/hazlo-tu-mismo\/tienda\/pintura-decoracion\/pintura\/pinturas-tintes-ceras\/boquilla-spray-trazo-grueso\/","og_locale":"es_ES","og_type":"article","og_title":"BOQUILLA SPRAY TRAZO GRUESO MONTANA - Tienda de tuferreteria.online by Ferreter\u00eda La Salle","og_description":"Con la boquilla de spray para trazos gruesos de 5 cm., podr\u00e1s elegir c\u00f3mo utilizas mejor la pintura de tu spray. La boquilla es para los sprays Montana Colors.","og_url":"https:\/\/tuferreteria.online\/hazlo-tu-mismo\/tienda\/pintura-decoracion\/pintura\/pinturas-tintes-ceras\/boquilla-spray-trazo-grueso\/","og_site_name":"Tienda de tuferreteria.online by Ferreter\u00eda La Salle","article_modified_time":"2026-03-11T10:21:24+00:00","og_image":[{"width":600,"height":600,"url":"https:\/\/tuferreteria.online\/hazlo-tu-mismo\/wp-content\/uploads\/2020\/07\/BOQUILLA-SPRAYS-FAT-PINK-CAP.jpg","type":"image\/jpeg"}],"twitter_card":"summary_large_image","twitter_misc":{"Tiempo de lectura":"1 minuto"},"schema":{"@context":"https:\/\/schema.org","@graph":[{"@type":"WebPage","@id":"https:\/\/tuferreteria.online\/hazlo-tu-mismo\/tienda\/pintura-decoracion\/pintura\/pinturas-tintes-ceras\/boquilla-spray-trazo-grueso\/","url":"https:\/\/tuferreteria.online\/hazlo-tu-mismo\/tienda\/pintura-decoracion\/pintura\/pinturas-tintes-ceras\/boquilla-spray-trazo-grueso\/","name":"BOQUILLA SPRAY TRAZO GRUESO MONTANA - Tienda de tuferreteria.online by Ferreter\u00eda La Salle","isPartOf":{"@id":"https:\/\/tuferreteria.online\/hazlo-tu-mismo\/#website"},"primaryImageOfPage":{"@id":"https:\/\/tuferreteria.online\/hazlo-tu-mismo\/tienda\/pintura-decoracion\/pintura\/pinturas-tintes-ceras\/boquilla-spray-trazo-grueso\/#primaryimage"},"image":{"@id":"https:\/\/tuferreteria.online\/hazlo-tu-mismo\/tienda\/pintura-decoracion\/pintura\/pinturas-tintes-ceras\/boquilla-spray-trazo-grueso\/#primaryimage"},"thumbnailUrl":"https:\/\/tuferreteria.online\/hazlo-tu-mismo\/wp-content\/uploads\/2020\/07\/BOQUILLA-SPRAYS-FAT-PINK-CAP.jpg","datePublished":"2020-07-07T09:54:41+00:00","dateModified":"2026-03-11T10:21:24+00:00","description":"Con la boquilla de spray para trazos gruesos de 5 cm., podr\u00e1s elegir c\u00f3mo utilizas mejor la pintura de tu spray. La boquilla es para los sprays Montana Colors.","breadcrumb":{"@id":"https:\/\/tuferreteria.online\/hazlo-tu-mismo\/tienda\/pintura-decoracion\/pintura\/pinturas-tintes-ceras\/boquilla-spray-trazo-grueso\/#breadcrumb"},"inLanguage":"es","potentialAction":[{"@type":"ReadAction","target":["https:\/\/tuferreteria.online\/hazlo-tu-mismo\/tienda\/pintura-decoracion\/pintura\/pinturas-tintes-ceras\/boquilla-spray-trazo-grueso\/"]}]},{"@type":"ImageObject","inLanguage":"es","@id":"https:\/\/tuferreteria.online\/hazlo-tu-mismo\/tienda\/pintura-decoracion\/pintura\/pinturas-tintes-ceras\/boquilla-spray-trazo-grueso\/#primaryimage","url":"https:\/\/tuferreteria.online\/hazlo-tu-mismo\/wp-content\/uploads\/2020\/07\/BOQUILLA-SPRAYS-FAT-PINK-CAP.jpg","contentUrl":"https:\/\/tuferreteria.online\/hazlo-tu-mismo\/wp-content\/uploads\/2020\/07\/BOQUILLA-SPRAYS-FAT-PINK-CAP.jpg","width":600,"height":600,"caption":"BOQUILLA-SPRAYS-FAT-PINK-CAP"},{"@type":"BreadcrumbList","@id":"https:\/\/tuferreteria.online\/hazlo-tu-mismo\/tienda\/pintura-decoracion\/pintura\/pinturas-tintes-ceras\/boquilla-spray-trazo-grueso\/#breadcrumb","itemListElement":[{"@type":"ListItem","position":1,"name":"Portada","item":"https:\/\/tuferreteria.online\/hazlo-tu-mismo\/"},{"@type":"ListItem","position":2,"name":"Tienda","item":"https:\/\/tuferreteria.online\/hazlo-tu-mismo\/tienda\/"},{"@type":"ListItem","position":3,"name":"BOQUILLA SPRAY TRAZO GRUESO MONTANA"}]},{"@type":"WebSite","@id":"https:\/\/tuferreteria.online\/hazlo-tu-mismo\/#website","url":"https:\/\/tuferreteria.online\/hazlo-tu-mismo\/","name":"Tienda de tuferreteria.online by Ferreter\u00eda La Salle","description":"Hazlo tu mismo","potentialAction":[{"@type":"SearchAction","target":{"@type":"EntryPoint","urlTemplate":"https:\/\/tuferreteria.online\/hazlo-tu-mismo\/?s={search_term_string}"},"query-input":{"@type":"PropertyValueSpecification","valueRequired":true,"valueName":"search_term_string"}}],"inLanguage":"es"}]}},"_links":{"self":[{"href":"https:\/\/tuferreteria.online\/hazlo-tu-mismo\/wp-json\/wp\/v2\/product\/22383","targetHints":{"allow":["GET"]}}],"collection":[{"href":"https:\/\/tuferreteria.online\/hazlo-tu-mismo\/wp-json\/wp\/v2\/product"}],"about":[{"href":"https:\/\/tuferreteria.online\/hazlo-tu-mismo\/wp-json\/wp\/v2\/types\/product"}],"replies":[{"embeddable":true,"href":"https:\/\/tuferreteria.online\/hazlo-tu-mismo\/wp-json\/wp\/v2\/comments?post=22383"}],"wp:featuredmedia":[{"embeddable":true,"href":"https:\/\/tuferreteria.online\/hazlo-tu-mismo\/wp-json\/wp\/v2\/media\/22446"}],"wp:attachment":[{"href":"https:\/\/tuferreteria.online\/hazlo-tu-mismo\/wp-json\/wp\/v2\/media?parent=22383"}],"wp:term":[{"taxonomy":"brand","embeddable":true,"href":"https:\/\/tuferreteria.online\/hazlo-tu-mismo\/wp-json\/wp\/v2\/etheme_brands?post=22383"},{"taxonomy":"product_brand","embeddable":true,"href":"https:\/\/tuferreteria.online\/hazlo-tu-mismo\/wp-json\/wp\/v2\/product_brand?post=22383"},{"taxonomy":"product_cat","embeddable":true,"href":"https:\/\/tuferreteria.online\/hazlo-tu-mismo\/wp-json\/wp\/v2\/product_cat?post=22383"},{"taxonomy":"product_tag","embeddable":true,"href":"https:\/\/tuferreteria.online\/hazlo-tu-mismo\/wp-json\/wp\/v2\/product_tag?post=22383"}],"curies":[{"name":"wp","href":"https:\/\/api.w.org\/{rel}","templated":true}]}}