{"id":22766,"date":"2020-07-30T10:49:23","date_gmt":"2020-07-30T09:49:23","guid":{"rendered":"https:\/\/tuferreteria.online\/hazlo-tu-mismo\/tienda\/sin%20categor\u00eda\/nevera-rigida-icetime-13l-azul-claro\/"},"modified":"2026-03-11T10:36:30","modified_gmt":"2026-03-11T09:36:30","slug":"nevera-rigida-icetime-13l-campingaz","status":"publish","type":"product","link":"https:\/\/tuferreteria.online\/hazlo-tu-mismo\/tienda\/jardin-y-tiempo-libre\/camping\/nevera-rigida-icetime-13l-campingaz\/","title":{"rendered":"NEVERA R\u00cdGIDA ICETIME 13L. CAMPINGAZ"},"content":{"rendered":"<div class=\"wpb-content-wrapper\"><p>[vc_row][vc_column][vc_column_text]<\/p>\n<h2 style=\"text-align: center;\"><span style=\"font-size: 24pt; color: #f9e03a;\">Nevera R\u00edgida 13 Litros<\/span><\/h2>\n<p>&nbsp;<\/p>\n<h3>Caracter\u00edsticas:<\/h3>\n<p>&nbsp;<\/p>\n<p style=\"text-align: justify;\">La nevera r\u00edgida Icetime<sup>\u00ae<\/sup> de 13 litros es ideal para en monte o la playa.<\/p>\n<p style=\"text-align: justify;\">Podr\u00e1s mantener fr\u00edos tus alimentos hasta 17 horas (utilizando los freezpack congelados)<\/p>\n<p style=\"text-align: justify;\">Tiene una medida de 36 cm. de alto x 27 cm. de ancho y 16 cm. de fondo.<\/p>\n<p style=\"text-align: justify;\">Su interior de PU (espuma de poliuretano), le confiere un aislamiento estupendo, y con su revestimiento antimicrobiano es resistente al olor.<\/p>\n<p style=\"text-align: justify;\">Podr\u00e1s poner hasta 8 botellas de 0,50 litros en su interior.<\/p>\n<p style=\"text-align: justify;\">Y con su asa de transporte te ser\u00e1 f\u00e1cil de llevar y traer.<\/p>\n<p style=\"text-align: justify;\">\u00a1No lo pienses m\u00e1s y disfruta de tu nevera, en tu lugar de descanso!<\/p>\n<p>[\/vc_column_text][\/vc_column][\/vc_row]<\/p>\n<\/div>","protected":false},"excerpt":{"rendered":"<h2>NEVERA R\u00cdGIDA ICETIME 13 LT. AZUL CLARO<\/h2>\n","protected":false},"featured_media":22768,"comment_status":"closed","ping_status":"closed","template":"","meta":{"_exactmetrics_skip_tracking":false,"_exactmetrics_sitenote_active":false,"_exactmetrics_sitenote_note":"","_exactmetrics_sitenote_category":0,"_joinchat":[]},"etheme_brands":[{"term_id":218,"name":"CAMPINGAZ","slug":"campingaz","term_group":0,"term_taxonomy_id":218,"taxonomy":"brand","description":"","parent":0,"count":6,"filter":"raw"}],"product_brand":[],"product_cat":[114,87],"product_tag":[1621,1620,1618,1617,1622,1619],"class_list":{"0":"post-22766","1":"product","2":"type-product","3":"status-publish","4":"has-post-thumbnail","6":"brand-campingaz","7":"product_cat-camping","8":"product_cat-jardin-y-tiempo-libre","9":"product_tag-campingaz-tenerife","10":"product_tag-nevera-campingaz-tenerife","11":"product_tag-nevera-portatil-canarias","12":"product_tag-nevera-portatil-tenerife","13":"product_tag-nevera-rigida-tenerife","14":"product_tag-nevera-tenerife","15":"product_shipping_class-envio-peso","17":"first","18":"instock","19":"taxable","20":"shipping-taxable","21":"purchasable","22":"product-type-simple"},"yoast_head":"<!-- This site is optimized with the Yoast SEO plugin v24.9 - https:\/\/yoast.com\/wordpress\/plugins\/seo\/ -->\n<title>NEVERA R\u00cdGIDA ICETIME 13L. CAMPINGAZ - Tienda de tuferreteria.online by Ferreter\u00eda La Salle<\/title>\n<meta name=\"description\" content=\"La nevera r\u00edgida Icetime\u00ae de 13 litros es ideal para en monte o la playa.Podr\u00e1s mantener fr\u00edos tus alimentos hasta 17 horas (utilizando los freezpack congelados)\" \/>\n<meta name=\"robots\" content=\"index, follow, max-snippet:-1, max-image-preview:large, max-video-preview:-1\" \/>\n<link rel=\"canonical\" href=\"https:\/\/tuferreteria.online\/hazlo-tu-mismo\/tienda\/jardin-y-tiempo-libre\/camping\/nevera-rigida-icetime-13l-campingaz\/\" \/>\n<meta property=\"og:locale\" content=\"es_ES\" \/>\n<meta property=\"og:type\" content=\"article\" \/>\n<meta property=\"og:title\" content=\"NEVERA R\u00cdGIDA ICETIME 13L. CAMPINGAZ - Tienda de tuferreteria.online by Ferreter\u00eda La Salle\" \/>\n<meta property=\"og:description\" content=\"La nevera r\u00edgida Icetime\u00ae de 13 litros es ideal para en monte o la playa.Podr\u00e1s mantener fr\u00edos tus alimentos hasta 17 horas (utilizando los freezpack congelados)\" \/>\n<meta property=\"og:url\" content=\"https:\/\/tuferreteria.online\/hazlo-tu-mismo\/tienda\/jardin-y-tiempo-libre\/camping\/nevera-rigida-icetime-13l-campingaz\/\" \/>\n<meta property=\"og:site_name\" content=\"Tienda de tuferreteria.online by Ferreter\u00eda La Salle\" \/>\n<meta property=\"article:modified_time\" content=\"2026-03-11T09:36:30+00:00\" \/>\n<meta property=\"og:image\" content=\"https:\/\/tuferreteria.online\/hazlo-tu-mismo\/wp-content\/uploads\/2020\/07\/NEVERA-13-LITROS-CAMPINGAZ.jpg\" \/>\n\t<meta property=\"og:image:width\" content=\"600\" \/>\n\t<meta property=\"og:image:height\" content=\"600\" \/>\n\t<meta property=\"og:image:type\" content=\"image\/jpeg\" \/>\n<meta name=\"twitter:card\" content=\"summary_large_image\" \/>\n<meta name=\"twitter:label1\" content=\"Tiempo de lectura\" \/>\n\t<meta name=\"twitter:data1\" content=\"1 minuto\" \/>\n<script type=\"application\/ld+json\" class=\"yoast-schema-graph\">{\"@context\":\"https:\/\/schema.org\",\"@graph\":[{\"@type\":\"WebPage\",\"@id\":\"https:\/\/tuferreteria.online\/hazlo-tu-mismo\/tienda\/jardin-y-tiempo-libre\/camping\/nevera-rigida-icetime-13l-campingaz\/\",\"url\":\"https:\/\/tuferreteria.online\/hazlo-tu-mismo\/tienda\/jardin-y-tiempo-libre\/camping\/nevera-rigida-icetime-13l-campingaz\/\",\"name\":\"NEVERA R\u00cdGIDA ICETIME 13L. CAMPINGAZ - Tienda de tuferreteria.online by Ferreter\u00eda La Salle\",\"isPartOf\":{\"@id\":\"https:\/\/tuferreteria.online\/hazlo-tu-mismo\/#website\"},\"primaryImageOfPage\":{\"@id\":\"https:\/\/tuferreteria.online\/hazlo-tu-mismo\/tienda\/jardin-y-tiempo-libre\/camping\/nevera-rigida-icetime-13l-campingaz\/#primaryimage\"},\"image\":{\"@id\":\"https:\/\/tuferreteria.online\/hazlo-tu-mismo\/tienda\/jardin-y-tiempo-libre\/camping\/nevera-rigida-icetime-13l-campingaz\/#primaryimage\"},\"thumbnailUrl\":\"https:\/\/tuferreteria.online\/hazlo-tu-mismo\/wp-content\/uploads\/2020\/07\/NEVERA-13-LITROS-CAMPINGAZ.jpg\",\"datePublished\":\"2020-07-30T09:49:23+00:00\",\"dateModified\":\"2026-03-11T09:36:30+00:00\",\"description\":\"La nevera r\u00edgida Icetime\u00ae de 13 litros es ideal para en monte o la playa.Podr\u00e1s mantener fr\u00edos tus alimentos hasta 17 horas (utilizando los freezpack congelados)\",\"breadcrumb\":{\"@id\":\"https:\/\/tuferreteria.online\/hazlo-tu-mismo\/tienda\/jardin-y-tiempo-libre\/camping\/nevera-rigida-icetime-13l-campingaz\/#breadcrumb\"},\"inLanguage\":\"es\",\"potentialAction\":[{\"@type\":\"ReadAction\",\"target\":[\"https:\/\/tuferreteria.online\/hazlo-tu-mismo\/tienda\/jardin-y-tiempo-libre\/camping\/nevera-rigida-icetime-13l-campingaz\/\"]}]},{\"@type\":\"ImageObject\",\"inLanguage\":\"es\",\"@id\":\"https:\/\/tuferreteria.online\/hazlo-tu-mismo\/tienda\/jardin-y-tiempo-libre\/camping\/nevera-rigida-icetime-13l-campingaz\/#primaryimage\",\"url\":\"https:\/\/tuferreteria.online\/hazlo-tu-mismo\/wp-content\/uploads\/2020\/07\/NEVERA-13-LITROS-CAMPINGAZ.jpg\",\"contentUrl\":\"https:\/\/tuferreteria.online\/hazlo-tu-mismo\/wp-content\/uploads\/2020\/07\/NEVERA-13-LITROS-CAMPINGAZ.jpg\",\"width\":600,\"height\":600,\"caption\":\"NEVERA-13-LITROS-CAMPINGAZ\"},{\"@type\":\"BreadcrumbList\",\"@id\":\"https:\/\/tuferreteria.online\/hazlo-tu-mismo\/tienda\/jardin-y-tiempo-libre\/camping\/nevera-rigida-icetime-13l-campingaz\/#breadcrumb\",\"itemListElement\":[{\"@type\":\"ListItem\",\"position\":1,\"name\":\"Portada\",\"item\":\"https:\/\/tuferreteria.online\/hazlo-tu-mismo\/\"},{\"@type\":\"ListItem\",\"position\":2,\"name\":\"Tienda\",\"item\":\"https:\/\/tuferreteria.online\/hazlo-tu-mismo\/tienda\/\"},{\"@type\":\"ListItem\",\"position\":3,\"name\":\"NEVERA R\u00cdGIDA ICETIME 13L. CAMPINGAZ\"}]},{\"@type\":\"WebSite\",\"@id\":\"https:\/\/tuferreteria.online\/hazlo-tu-mismo\/#website\",\"url\":\"https:\/\/tuferreteria.online\/hazlo-tu-mismo\/\",\"name\":\"Tienda de tuferreteria.online by Ferreter\u00eda La Salle\",\"description\":\"Hazlo tu mismo\",\"potentialAction\":[{\"@type\":\"SearchAction\",\"target\":{\"@type\":\"EntryPoint\",\"urlTemplate\":\"https:\/\/tuferreteria.online\/hazlo-tu-mismo\/?s={search_term_string}\"},\"query-input\":{\"@type\":\"PropertyValueSpecification\",\"valueRequired\":true,\"valueName\":\"search_term_string\"}}],\"inLanguage\":\"es\"}]}<\/script>\n<!-- \/ Yoast SEO plugin. -->","yoast_head_json":{"title":"NEVERA R\u00cdGIDA ICETIME 13L. CAMPINGAZ - Tienda de tuferreteria.online by Ferreter\u00eda La Salle","description":"La nevera r\u00edgida Icetime\u00ae de 13 litros es ideal para en monte o la playa.Podr\u00e1s mantener fr\u00edos tus alimentos hasta 17 horas (utilizando los freezpack congelados)","robots":{"index":"index","follow":"follow","max-snippet":"max-snippet:-1","max-image-preview":"max-image-preview:large","max-video-preview":"max-video-preview:-1"},"canonical":"https:\/\/tuferreteria.online\/hazlo-tu-mismo\/tienda\/jardin-y-tiempo-libre\/camping\/nevera-rigida-icetime-13l-campingaz\/","og_locale":"es_ES","og_type":"article","og_title":"NEVERA R\u00cdGIDA ICETIME 13L. CAMPINGAZ - Tienda de tuferreteria.online by Ferreter\u00eda La Salle","og_description":"La nevera r\u00edgida Icetime\u00ae de 13 litros es ideal para en monte o la playa.Podr\u00e1s mantener fr\u00edos tus alimentos hasta 17 horas (utilizando los freezpack congelados)","og_url":"https:\/\/tuferreteria.online\/hazlo-tu-mismo\/tienda\/jardin-y-tiempo-libre\/camping\/nevera-rigida-icetime-13l-campingaz\/","og_site_name":"Tienda de tuferreteria.online by Ferreter\u00eda La Salle","article_modified_time":"2026-03-11T09:36:30+00:00","og_image":[{"width":600,"height":600,"url":"https:\/\/tuferreteria.online\/hazlo-tu-mismo\/wp-content\/uploads\/2020\/07\/NEVERA-13-LITROS-CAMPINGAZ.jpg","type":"image\/jpeg"}],"twitter_card":"summary_large_image","twitter_misc":{"Tiempo de lectura":"1 minuto"},"schema":{"@context":"https:\/\/schema.org","@graph":[{"@type":"WebPage","@id":"https:\/\/tuferreteria.online\/hazlo-tu-mismo\/tienda\/jardin-y-tiempo-libre\/camping\/nevera-rigida-icetime-13l-campingaz\/","url":"https:\/\/tuferreteria.online\/hazlo-tu-mismo\/tienda\/jardin-y-tiempo-libre\/camping\/nevera-rigida-icetime-13l-campingaz\/","name":"NEVERA R\u00cdGIDA ICETIME 13L. CAMPINGAZ - Tienda de tuferreteria.online by Ferreter\u00eda La Salle","isPartOf":{"@id":"https:\/\/tuferreteria.online\/hazlo-tu-mismo\/#website"},"primaryImageOfPage":{"@id":"https:\/\/tuferreteria.online\/hazlo-tu-mismo\/tienda\/jardin-y-tiempo-libre\/camping\/nevera-rigida-icetime-13l-campingaz\/#primaryimage"},"image":{"@id":"https:\/\/tuferreteria.online\/hazlo-tu-mismo\/tienda\/jardin-y-tiempo-libre\/camping\/nevera-rigida-icetime-13l-campingaz\/#primaryimage"},"thumbnailUrl":"https:\/\/tuferreteria.online\/hazlo-tu-mismo\/wp-content\/uploads\/2020\/07\/NEVERA-13-LITROS-CAMPINGAZ.jpg","datePublished":"2020-07-30T09:49:23+00:00","dateModified":"2026-03-11T09:36:30+00:00","description":"La nevera r\u00edgida Icetime\u00ae de 13 litros es ideal para en monte o la playa.Podr\u00e1s mantener fr\u00edos tus alimentos hasta 17 horas (utilizando los freezpack congelados)","breadcrumb":{"@id":"https:\/\/tuferreteria.online\/hazlo-tu-mismo\/tienda\/jardin-y-tiempo-libre\/camping\/nevera-rigida-icetime-13l-campingaz\/#breadcrumb"},"inLanguage":"es","potentialAction":[{"@type":"ReadAction","target":["https:\/\/tuferreteria.online\/hazlo-tu-mismo\/tienda\/jardin-y-tiempo-libre\/camping\/nevera-rigida-icetime-13l-campingaz\/"]}]},{"@type":"ImageObject","inLanguage":"es","@id":"https:\/\/tuferreteria.online\/hazlo-tu-mismo\/tienda\/jardin-y-tiempo-libre\/camping\/nevera-rigida-icetime-13l-campingaz\/#primaryimage","url":"https:\/\/tuferreteria.online\/hazlo-tu-mismo\/wp-content\/uploads\/2020\/07\/NEVERA-13-LITROS-CAMPINGAZ.jpg","contentUrl":"https:\/\/tuferreteria.online\/hazlo-tu-mismo\/wp-content\/uploads\/2020\/07\/NEVERA-13-LITROS-CAMPINGAZ.jpg","width":600,"height":600,"caption":"NEVERA-13-LITROS-CAMPINGAZ"},{"@type":"BreadcrumbList","@id":"https:\/\/tuferreteria.online\/hazlo-tu-mismo\/tienda\/jardin-y-tiempo-libre\/camping\/nevera-rigida-icetime-13l-campingaz\/#breadcrumb","itemListElement":[{"@type":"ListItem","position":1,"name":"Portada","item":"https:\/\/tuferreteria.online\/hazlo-tu-mismo\/"},{"@type":"ListItem","position":2,"name":"Tienda","item":"https:\/\/tuferreteria.online\/hazlo-tu-mismo\/tienda\/"},{"@type":"ListItem","position":3,"name":"NEVERA R\u00cdGIDA ICETIME 13L. CAMPINGAZ"}]},{"@type":"WebSite","@id":"https:\/\/tuferreteria.online\/hazlo-tu-mismo\/#website","url":"https:\/\/tuferreteria.online\/hazlo-tu-mismo\/","name":"Tienda de tuferreteria.online by Ferreter\u00eda La Salle","description":"Hazlo tu mismo","potentialAction":[{"@type":"SearchAction","target":{"@type":"EntryPoint","urlTemplate":"https:\/\/tuferreteria.online\/hazlo-tu-mismo\/?s={search_term_string}"},"query-input":{"@type":"PropertyValueSpecification","valueRequired":true,"valueName":"search_term_string"}}],"inLanguage":"es"}]}},"_links":{"self":[{"href":"https:\/\/tuferreteria.online\/hazlo-tu-mismo\/wp-json\/wp\/v2\/product\/22766","targetHints":{"allow":["GET"]}}],"collection":[{"href":"https:\/\/tuferreteria.online\/hazlo-tu-mismo\/wp-json\/wp\/v2\/product"}],"about":[{"href":"https:\/\/tuferreteria.online\/hazlo-tu-mismo\/wp-json\/wp\/v2\/types\/product"}],"replies":[{"embeddable":true,"href":"https:\/\/tuferreteria.online\/hazlo-tu-mismo\/wp-json\/wp\/v2\/comments?post=22766"}],"wp:featuredmedia":[{"embeddable":true,"href":"https:\/\/tuferreteria.online\/hazlo-tu-mismo\/wp-json\/wp\/v2\/media\/22768"}],"wp:attachment":[{"href":"https:\/\/tuferreteria.online\/hazlo-tu-mismo\/wp-json\/wp\/v2\/media?parent=22766"}],"wp:term":[{"taxonomy":"brand","embeddable":true,"href":"https:\/\/tuferreteria.online\/hazlo-tu-mismo\/wp-json\/wp\/v2\/etheme_brands?post=22766"},{"taxonomy":"product_brand","embeddable":true,"href":"https:\/\/tuferreteria.online\/hazlo-tu-mismo\/wp-json\/wp\/v2\/product_brand?post=22766"},{"taxonomy":"product_cat","embeddable":true,"href":"https:\/\/tuferreteria.online\/hazlo-tu-mismo\/wp-json\/wp\/v2\/product_cat?post=22766"},{"taxonomy":"product_tag","embeddable":true,"href":"https:\/\/tuferreteria.online\/hazlo-tu-mismo\/wp-json\/wp\/v2\/product_tag?post=22766"}],"curies":[{"name":"wp","href":"https:\/\/api.w.org\/{rel}","templated":true}]}}