{"id":22896,"date":"2020-08-07T12:42:35","date_gmt":"2020-08-07T11:42:35","guid":{"rendered":"https:\/\/tuferreteria.online\/hazlo-tu-mismo\/?post_type=product&#038;p=22896"},"modified":"2026-03-11T10:36:41","modified_gmt":"2026-03-11T09:36:41","slug":"plancha-asar-a-gas-exb","status":"publish","type":"product","link":"https:\/\/tuferreteria.online\/hazlo-tu-mismo\/tienda\/jardin-y-tiempo-libre\/camping\/plancha-asar-a-gas-exb\/","title":{"rendered":"PLANCHA ASAR A GAS EXB CAMPINGAZ"},"content":{"rendered":"<div class=\"wpb-content-wrapper\"><p>[vc_row][vc_column][vc_column_text]<\/p>\n<h2 style=\"text-align: center;\"><span style=\"font-size: 24pt; color: #f9e03a;\">Plancha Asar a Gas<\/span><\/h2>\n<p>&nbsp;<\/p>\n<h3>ESTE PRODUCTO NO SE ENV\u00cdA A LA PEN\u00cdNSULA IB\u00c9RICA (S\u00d3LO CANARIAS)<\/h3>\n<p>&nbsp;<\/p>\n<h3>Caracter\u00edsticas:<\/h3>\n<p>&nbsp;<\/p>\n<div style=\"text-align: justify;\">\n<p style=\"text-align: justify;\">Con la plancha para asar EXB de Campingaz, disfrutar\u00e1s de una comida sana y rica, al aire libre.<\/p>\n<div style=\"text-align: justify;\">\n<p>Tiene una superficie de asado revestida de esmalte y hierro fundido lo que te ofrece un calor constante.<\/p>\n<div style=\"text-align: justify;\">\n<p>Ideal para tu patio o jard\u00edn.<\/p>\n<div style=\"text-align: justify;\">\n<p>Sus dimensiones son de (L x An x Al): 127 x 50 x 97 cm. y de la superficie de cocina son de 60 x 40 cm.<\/p>\n<div>\n<p>Tiene dos c\u00f3modas ruedas que te ayudar\u00e1n a trasladarla a donde quieras c\u00f3modamente y dos mesitas auxiliares plegables ideales para colocar los utensilios de cocina.<\/p>\n<p>&nbsp;<\/p>\n<h3><span style=\"color: #f9e03a;\"><strong>Consejos de limpieza:<\/strong><\/span><\/h3>\n<p>El recubrimiento esmaltado de la superficie de cocci\u00f3n de la plancha facilita su limpieza en un abrir y cerrar de ojos.<\/p>\n<p>Simplemente vierta un poco de agua a temperatura ambiente en el plato de plancha a\u00fan caliente y retire los restos de comida. Despu\u00e9s, con la ayuda de una esp\u00e1tula, raspe los restos de comida y de grasa.<\/p>\n<p>Por favor, no utilice cubitos de hielo para limpiar superficies calientes, ya que un choque t\u00e9rmico de este tipo puede da\u00f1ar el esmalte de la plancha.<\/p>\n<p>\u00a1Ven a por la tuya y disfruta de tu tiempo libre en familia!<\/p>\n<\/div>\n<\/div>\n<\/div>\n<\/div>\n<\/div>\n<p>[\/vc_column_text][\/vc_column][\/vc_row]<\/p>\n<\/div>","protected":false},"excerpt":{"rendered":"<h2>PLANCHA ASAR A GAS EXB CAMPINGAZ<\/h2>\n","protected":false},"featured_media":22897,"comment_status":"closed","ping_status":"closed","template":"","meta":{"_exactmetrics_skip_tracking":false,"_exactmetrics_sitenote_active":false,"_exactmetrics_sitenote_note":"","_exactmetrics_sitenote_category":0,"_joinchat":[]},"etheme_brands":[{"term_id":218,"name":"CAMPINGAZ","slug":"campingaz","term_group":0,"term_taxonomy_id":218,"taxonomy":"brand","description":"","parent":0,"count":6,"filter":"raw"}],"product_brand":[],"product_cat":[114,87],"product_tag":[2165,846,1406,1407,220,1621,848,1457,362,1635],"class_list":{"0":"post-22896","1":"product","2":"type-product","3":"status-publish","4":"has-post-thumbnail","6":"brand-campingaz","7":"product_cat-camping","8":"product_cat-jardin-y-tiempo-libre","9":"product_tag-2165","10":"product_tag-barbacoa","11":"product_tag-barbacoa-santa-cruz","12":"product_tag-barbacoa-tenerife","13":"product_tag-camping","14":"product_tag-campingaz-tenerife","15":"product_tag-carbon","16":"product_tag-comprar-barbacoa-tenerife","17":"product_tag-jardin","18":"product_tag-plancha-asar-tenerife","19":"product_shipping_class-envio-peso","21":"first","22":"instock","23":"taxable","24":"shipping-taxable","25":"purchasable","26":"product-type-simple"},"yoast_head":"<!-- This site is optimized with the Yoast SEO plugin v24.9 - https:\/\/yoast.com\/wordpress\/plugins\/seo\/ -->\n<title>PLANCHA ASAR A GAS EXB CAMPINGAZ - Tienda de tuferreteria.online by Ferreter\u00eda La Salle<\/title>\n<meta name=\"description\" content=\"Con la plancha para asar EXB de Campingaz, disfrutar\u00e1s de una comida sana y rica, al aire libre.Tiene una superficie de asado revestida de esmalte y hierro fundido lo que te ofrece un calor constante.\" \/>\n<meta name=\"robots\" content=\"index, follow, max-snippet:-1, max-image-preview:large, max-video-preview:-1\" \/>\n<link rel=\"canonical\" href=\"https:\/\/tuferreteria.online\/hazlo-tu-mismo\/tienda\/jardin-y-tiempo-libre\/camping\/plancha-asar-a-gas-exb\/\" \/>\n<meta property=\"og:locale\" content=\"es_ES\" \/>\n<meta property=\"og:type\" content=\"article\" \/>\n<meta property=\"og:title\" content=\"PLANCHA ASAR A GAS EXB CAMPINGAZ - Tienda de tuferreteria.online by Ferreter\u00eda La Salle\" \/>\n<meta property=\"og:description\" content=\"Con la plancha para asar EXB de Campingaz, disfrutar\u00e1s de una comida sana y rica, al aire libre.Tiene una superficie de asado revestida de esmalte y hierro fundido lo que te ofrece un calor constante.\" \/>\n<meta property=\"og:url\" content=\"https:\/\/tuferreteria.online\/hazlo-tu-mismo\/tienda\/jardin-y-tiempo-libre\/camping\/plancha-asar-a-gas-exb\/\" \/>\n<meta property=\"og:site_name\" content=\"Tienda de tuferreteria.online by Ferreter\u00eda La Salle\" \/>\n<meta property=\"article:modified_time\" content=\"2026-03-11T09:36:41+00:00\" \/>\n<meta property=\"og:image\" content=\"https:\/\/tuferreteria.online\/hazlo-tu-mismo\/wp-content\/uploads\/2020\/08\/PLANCHA-CAMPINGAZ-EXB.jpg\" \/>\n\t<meta property=\"og:image:width\" content=\"600\" \/>\n\t<meta property=\"og:image:height\" content=\"600\" \/>\n\t<meta property=\"og:image:type\" content=\"image\/jpeg\" \/>\n<meta name=\"twitter:card\" content=\"summary_large_image\" \/>\n<meta name=\"twitter:label1\" content=\"Tiempo de lectura\" \/>\n\t<meta name=\"twitter:data1\" content=\"2 minutos\" \/>\n<script type=\"application\/ld+json\" class=\"yoast-schema-graph\">{\"@context\":\"https:\/\/schema.org\",\"@graph\":[{\"@type\":\"WebPage\",\"@id\":\"https:\/\/tuferreteria.online\/hazlo-tu-mismo\/tienda\/jardin-y-tiempo-libre\/camping\/plancha-asar-a-gas-exb\/\",\"url\":\"https:\/\/tuferreteria.online\/hazlo-tu-mismo\/tienda\/jardin-y-tiempo-libre\/camping\/plancha-asar-a-gas-exb\/\",\"name\":\"PLANCHA ASAR A GAS EXB CAMPINGAZ - Tienda de tuferreteria.online by Ferreter\u00eda La Salle\",\"isPartOf\":{\"@id\":\"https:\/\/tuferreteria.online\/hazlo-tu-mismo\/#website\"},\"primaryImageOfPage\":{\"@id\":\"https:\/\/tuferreteria.online\/hazlo-tu-mismo\/tienda\/jardin-y-tiempo-libre\/camping\/plancha-asar-a-gas-exb\/#primaryimage\"},\"image\":{\"@id\":\"https:\/\/tuferreteria.online\/hazlo-tu-mismo\/tienda\/jardin-y-tiempo-libre\/camping\/plancha-asar-a-gas-exb\/#primaryimage\"},\"thumbnailUrl\":\"https:\/\/tuferreteria.online\/hazlo-tu-mismo\/wp-content\/uploads\/2020\/08\/PLANCHA-CAMPINGAZ-EXB.jpg\",\"datePublished\":\"2020-08-07T11:42:35+00:00\",\"dateModified\":\"2026-03-11T09:36:41+00:00\",\"description\":\"Con la plancha para asar EXB de Campingaz, disfrutar\u00e1s de una comida sana y rica, al aire libre.Tiene una superficie de asado revestida de esmalte y hierro fundido lo que te ofrece un calor constante.\",\"breadcrumb\":{\"@id\":\"https:\/\/tuferreteria.online\/hazlo-tu-mismo\/tienda\/jardin-y-tiempo-libre\/camping\/plancha-asar-a-gas-exb\/#breadcrumb\"},\"inLanguage\":\"es\",\"potentialAction\":[{\"@type\":\"ReadAction\",\"target\":[\"https:\/\/tuferreteria.online\/hazlo-tu-mismo\/tienda\/jardin-y-tiempo-libre\/camping\/plancha-asar-a-gas-exb\/\"]}]},{\"@type\":\"ImageObject\",\"inLanguage\":\"es\",\"@id\":\"https:\/\/tuferreteria.online\/hazlo-tu-mismo\/tienda\/jardin-y-tiempo-libre\/camping\/plancha-asar-a-gas-exb\/#primaryimage\",\"url\":\"https:\/\/tuferreteria.online\/hazlo-tu-mismo\/wp-content\/uploads\/2020\/08\/PLANCHA-CAMPINGAZ-EXB.jpg\",\"contentUrl\":\"https:\/\/tuferreteria.online\/hazlo-tu-mismo\/wp-content\/uploads\/2020\/08\/PLANCHA-CAMPINGAZ-EXB.jpg\",\"width\":600,\"height\":600,\"caption\":\"PLANCHA-CAMPINGAZ-EXB\"},{\"@type\":\"BreadcrumbList\",\"@id\":\"https:\/\/tuferreteria.online\/hazlo-tu-mismo\/tienda\/jardin-y-tiempo-libre\/camping\/plancha-asar-a-gas-exb\/#breadcrumb\",\"itemListElement\":[{\"@type\":\"ListItem\",\"position\":1,\"name\":\"Portada\",\"item\":\"https:\/\/tuferreteria.online\/hazlo-tu-mismo\/\"},{\"@type\":\"ListItem\",\"position\":2,\"name\":\"Tienda\",\"item\":\"https:\/\/tuferreteria.online\/hazlo-tu-mismo\/tienda\/\"},{\"@type\":\"ListItem\",\"position\":3,\"name\":\"PLANCHA ASAR A GAS EXB CAMPINGAZ\"}]},{\"@type\":\"WebSite\",\"@id\":\"https:\/\/tuferreteria.online\/hazlo-tu-mismo\/#website\",\"url\":\"https:\/\/tuferreteria.online\/hazlo-tu-mismo\/\",\"name\":\"Tienda de tuferreteria.online by Ferreter\u00eda La Salle\",\"description\":\"Hazlo tu mismo\",\"potentialAction\":[{\"@type\":\"SearchAction\",\"target\":{\"@type\":\"EntryPoint\",\"urlTemplate\":\"https:\/\/tuferreteria.online\/hazlo-tu-mismo\/?s={search_term_string}\"},\"query-input\":{\"@type\":\"PropertyValueSpecification\",\"valueRequired\":true,\"valueName\":\"search_term_string\"}}],\"inLanguage\":\"es\"}]}<\/script>\n<!-- \/ Yoast SEO plugin. -->","yoast_head_json":{"title":"PLANCHA ASAR A GAS EXB CAMPINGAZ - Tienda de tuferreteria.online by Ferreter\u00eda La Salle","description":"Con la plancha para asar EXB de Campingaz, disfrutar\u00e1s de una comida sana y rica, al aire libre.Tiene una superficie de asado revestida de esmalte y hierro fundido lo que te ofrece un calor constante.","robots":{"index":"index","follow":"follow","max-snippet":"max-snippet:-1","max-image-preview":"max-image-preview:large","max-video-preview":"max-video-preview:-1"},"canonical":"https:\/\/tuferreteria.online\/hazlo-tu-mismo\/tienda\/jardin-y-tiempo-libre\/camping\/plancha-asar-a-gas-exb\/","og_locale":"es_ES","og_type":"article","og_title":"PLANCHA ASAR A GAS EXB CAMPINGAZ - Tienda de tuferreteria.online by Ferreter\u00eda La Salle","og_description":"Con la plancha para asar EXB de Campingaz, disfrutar\u00e1s de una comida sana y rica, al aire libre.Tiene una superficie de asado revestida de esmalte y hierro fundido lo que te ofrece un calor constante.","og_url":"https:\/\/tuferreteria.online\/hazlo-tu-mismo\/tienda\/jardin-y-tiempo-libre\/camping\/plancha-asar-a-gas-exb\/","og_site_name":"Tienda de tuferreteria.online by Ferreter\u00eda La Salle","article_modified_time":"2026-03-11T09:36:41+00:00","og_image":[{"width":600,"height":600,"url":"https:\/\/tuferreteria.online\/hazlo-tu-mismo\/wp-content\/uploads\/2020\/08\/PLANCHA-CAMPINGAZ-EXB.jpg","type":"image\/jpeg"}],"twitter_card":"summary_large_image","twitter_misc":{"Tiempo de lectura":"2 minutos"},"schema":{"@context":"https:\/\/schema.org","@graph":[{"@type":"WebPage","@id":"https:\/\/tuferreteria.online\/hazlo-tu-mismo\/tienda\/jardin-y-tiempo-libre\/camping\/plancha-asar-a-gas-exb\/","url":"https:\/\/tuferreteria.online\/hazlo-tu-mismo\/tienda\/jardin-y-tiempo-libre\/camping\/plancha-asar-a-gas-exb\/","name":"PLANCHA ASAR A GAS EXB CAMPINGAZ - Tienda de tuferreteria.online by Ferreter\u00eda La Salle","isPartOf":{"@id":"https:\/\/tuferreteria.online\/hazlo-tu-mismo\/#website"},"primaryImageOfPage":{"@id":"https:\/\/tuferreteria.online\/hazlo-tu-mismo\/tienda\/jardin-y-tiempo-libre\/camping\/plancha-asar-a-gas-exb\/#primaryimage"},"image":{"@id":"https:\/\/tuferreteria.online\/hazlo-tu-mismo\/tienda\/jardin-y-tiempo-libre\/camping\/plancha-asar-a-gas-exb\/#primaryimage"},"thumbnailUrl":"https:\/\/tuferreteria.online\/hazlo-tu-mismo\/wp-content\/uploads\/2020\/08\/PLANCHA-CAMPINGAZ-EXB.jpg","datePublished":"2020-08-07T11:42:35+00:00","dateModified":"2026-03-11T09:36:41+00:00","description":"Con la plancha para asar EXB de Campingaz, disfrutar\u00e1s de una comida sana y rica, al aire libre.Tiene una superficie de asado revestida de esmalte y hierro fundido lo que te ofrece un calor constante.","breadcrumb":{"@id":"https:\/\/tuferreteria.online\/hazlo-tu-mismo\/tienda\/jardin-y-tiempo-libre\/camping\/plancha-asar-a-gas-exb\/#breadcrumb"},"inLanguage":"es","potentialAction":[{"@type":"ReadAction","target":["https:\/\/tuferreteria.online\/hazlo-tu-mismo\/tienda\/jardin-y-tiempo-libre\/camping\/plancha-asar-a-gas-exb\/"]}]},{"@type":"ImageObject","inLanguage":"es","@id":"https:\/\/tuferreteria.online\/hazlo-tu-mismo\/tienda\/jardin-y-tiempo-libre\/camping\/plancha-asar-a-gas-exb\/#primaryimage","url":"https:\/\/tuferreteria.online\/hazlo-tu-mismo\/wp-content\/uploads\/2020\/08\/PLANCHA-CAMPINGAZ-EXB.jpg","contentUrl":"https:\/\/tuferreteria.online\/hazlo-tu-mismo\/wp-content\/uploads\/2020\/08\/PLANCHA-CAMPINGAZ-EXB.jpg","width":600,"height":600,"caption":"PLANCHA-CAMPINGAZ-EXB"},{"@type":"BreadcrumbList","@id":"https:\/\/tuferreteria.online\/hazlo-tu-mismo\/tienda\/jardin-y-tiempo-libre\/camping\/plancha-asar-a-gas-exb\/#breadcrumb","itemListElement":[{"@type":"ListItem","position":1,"name":"Portada","item":"https:\/\/tuferreteria.online\/hazlo-tu-mismo\/"},{"@type":"ListItem","position":2,"name":"Tienda","item":"https:\/\/tuferreteria.online\/hazlo-tu-mismo\/tienda\/"},{"@type":"ListItem","position":3,"name":"PLANCHA ASAR A GAS EXB CAMPINGAZ"}]},{"@type":"WebSite","@id":"https:\/\/tuferreteria.online\/hazlo-tu-mismo\/#website","url":"https:\/\/tuferreteria.online\/hazlo-tu-mismo\/","name":"Tienda de tuferreteria.online by Ferreter\u00eda La Salle","description":"Hazlo tu mismo","potentialAction":[{"@type":"SearchAction","target":{"@type":"EntryPoint","urlTemplate":"https:\/\/tuferreteria.online\/hazlo-tu-mismo\/?s={search_term_string}"},"query-input":{"@type":"PropertyValueSpecification","valueRequired":true,"valueName":"search_term_string"}}],"inLanguage":"es"}]}},"_links":{"self":[{"href":"https:\/\/tuferreteria.online\/hazlo-tu-mismo\/wp-json\/wp\/v2\/product\/22896","targetHints":{"allow":["GET"]}}],"collection":[{"href":"https:\/\/tuferreteria.online\/hazlo-tu-mismo\/wp-json\/wp\/v2\/product"}],"about":[{"href":"https:\/\/tuferreteria.online\/hazlo-tu-mismo\/wp-json\/wp\/v2\/types\/product"}],"replies":[{"embeddable":true,"href":"https:\/\/tuferreteria.online\/hazlo-tu-mismo\/wp-json\/wp\/v2\/comments?post=22896"}],"wp:featuredmedia":[{"embeddable":true,"href":"https:\/\/tuferreteria.online\/hazlo-tu-mismo\/wp-json\/wp\/v2\/media\/22897"}],"wp:attachment":[{"href":"https:\/\/tuferreteria.online\/hazlo-tu-mismo\/wp-json\/wp\/v2\/media?parent=22896"}],"wp:term":[{"taxonomy":"brand","embeddable":true,"href":"https:\/\/tuferreteria.online\/hazlo-tu-mismo\/wp-json\/wp\/v2\/etheme_brands?post=22896"},{"taxonomy":"product_brand","embeddable":true,"href":"https:\/\/tuferreteria.online\/hazlo-tu-mismo\/wp-json\/wp\/v2\/product_brand?post=22896"},{"taxonomy":"product_cat","embeddable":true,"href":"https:\/\/tuferreteria.online\/hazlo-tu-mismo\/wp-json\/wp\/v2\/product_cat?post=22896"},{"taxonomy":"product_tag","embeddable":true,"href":"https:\/\/tuferreteria.online\/hazlo-tu-mismo\/wp-json\/wp\/v2\/product_tag?post=22896"}],"curies":[{"name":"wp","href":"https:\/\/api.w.org\/{rel}","templated":true}]}}