{"id":22958,"date":"2020-08-20T12:52:24","date_gmt":"2020-08-20T11:52:24","guid":{"rendered":"https:\/\/tuferreteria.online\/hazlo-tu-mismo\/tienda\/sin%20categor\u00eda\/nevera-cruise-85l-12-24v-indel-b\/"},"modified":"2026-03-11T10:34:12","modified_gmt":"2026-03-11T09:34:12","slug":"nevera-cruise-85l-12-24v-indel-b","status":"publish","type":"product","link":"https:\/\/tuferreteria.online\/hazlo-tu-mismo\/tienda\/jardin-y-tiempo-libre\/camping\/nevera-cruise-85l-12-24v-indel-b\/","title":{"rendered":"NEVERA CRUISE 85L 12\/24V INDEL B"},"content":{"rendered":"<div class=\"wpb-content-wrapper\"><p>[vc_row][vc_column][vc_column_text]<\/p>\n<h2 style=\"text-align: center;\"><span style=\"font-size: 24pt; color: #f9e03a;\">Nevera Empotrar Cruise 85 Litros<\/span><\/h2>\n<p>&nbsp;<\/p>\n<h3>Caracter\u00edsticas:<\/h3>\n<p>&nbsp;<\/p>\n<p style=\"text-align: justify;\">La nevera para empotrar Cruise 85 es de 12\/24 V.<\/p>\n<p style=\"text-align: justify;\">Ideal para instalar en tu carabana, furgoneta o embarcaci\u00f3n de recreo.<\/p>\n<p style=\"text-align: justify;\">Tienes una capacidad de 85 litros y como la posici\u00f3n de la fuente de alimentaci\u00f3n est\u00e1 muy optimizada, tienes un aprovechamiento muy bueno de del volumen interior.<\/p>\n<p style=\"text-align: justify;\">Son frigor\u00edficos respetuosos con el medio ambiente.<\/p>\n<p style=\"text-align: justify;\">Sus dimensiones son 635 x 475 x 545 mm. (alto x ancho x profundidad)<\/p>\n<p style=\"text-align: justify;\">Con motor de fabricaci\u00f3n con garant\u00eda Europea.<\/p>\n<p style=\"text-align: justify;\">Si no encuentra el modelo que necesita, p\u00f3ngase en contacto con nosotros.<\/p>\n<p>[\/vc_column_text][\/vc_column][\/vc_row]<\/p>\n<\/div>","protected":false},"excerpt":{"rendered":"<h2>NEVERA CRUISE 85L 12\/24V INDEL B<\/h2>\n","protected":false},"featured_media":22967,"comment_status":"closed","ping_status":"closed","template":"","meta":{"_exactmetrics_skip_tracking":false,"_exactmetrics_sitenote_active":false,"_exactmetrics_sitenote_note":"","_exactmetrics_sitenote_category":0,"_joinchat":[]},"etheme_brands":[{"term_id":1647,"name":"INDEL B","slug":"indel-b","term_group":0,"term_taxonomy_id":1647,"taxonomy":"brand","description":"","parent":0,"count":1,"filter":"raw"}],"product_brand":[],"product_cat":[114,87],"product_tag":[2173,1649,1657,1658,1655,1656,1653,1652,1651,1654,1619,1648],"class_list":{"0":"post-22958","1":"product","2":"type-product","3":"status-publish","4":"has-post-thumbnail","6":"brand-indel-b","7":"product_cat-camping","8":"product_cat-jardin-y-tiempo-libre","9":"product_tag-2173","10":"product_tag-dometic","11":"product_tag-frigo","12":"product_tag-frigorifico","13":"product_tag-nevera-barco-canarias","14":"product_tag-nevera-barco-tenerife","15":"product_tag-nevera-camper-canarias","16":"product_tag-nevera-camper-tenerife","17":"product_tag-nevera-coche-canarias","18":"product_tag-nevera-para-furgoneta","19":"product_tag-nevera-tenerife","20":"product_tag-waeco","21":"product_shipping_class-envio-peso","23":"first","24":"instock","25":"taxable","26":"shipping-taxable","27":"purchasable","28":"product-type-simple"},"yoast_head":"<!-- This site is optimized with the Yoast SEO plugin v24.9 - https:\/\/yoast.com\/wordpress\/plugins\/seo\/ -->\n<title>NEVERA CRUISE 85L 12\/24V INDEL B - Tienda de tuferreteria.online by Ferreter\u00eda La Salle<\/title>\n<meta name=\"description\" content=\"La nevera para empotrar Cruise 85 es de 12\/24 V.Ideal para instalar en tu carabana, furgoneta o embarcaci\u00f3n de recreo.\" \/>\n<meta name=\"robots\" content=\"index, follow, max-snippet:-1, max-image-preview:large, max-video-preview:-1\" \/>\n<link rel=\"canonical\" href=\"https:\/\/tuferreteria.online\/hazlo-tu-mismo\/tienda\/jardin-y-tiempo-libre\/camping\/nevera-cruise-85l-12-24v-indel-b\/\" \/>\n<meta property=\"og:locale\" content=\"es_ES\" \/>\n<meta property=\"og:type\" content=\"article\" \/>\n<meta property=\"og:title\" content=\"NEVERA CRUISE 85L 12\/24V INDEL B - Tienda de tuferreteria.online by Ferreter\u00eda La Salle\" \/>\n<meta property=\"og:description\" content=\"La nevera para empotrar Cruise 85 es de 12\/24 V.Ideal para instalar en tu carabana, furgoneta o embarcaci\u00f3n de recreo.\" \/>\n<meta property=\"og:url\" content=\"https:\/\/tuferreteria.online\/hazlo-tu-mismo\/tienda\/jardin-y-tiempo-libre\/camping\/nevera-cruise-85l-12-24v-indel-b\/\" \/>\n<meta property=\"og:site_name\" content=\"Tienda de tuferreteria.online by Ferreter\u00eda La Salle\" \/>\n<meta property=\"article:modified_time\" content=\"2026-03-11T09:34:12+00:00\" \/>\n<meta property=\"og:image\" content=\"https:\/\/tuferreteria.online\/hazlo-tu-mismo\/wp-content\/uploads\/2020\/08\/NEVERA-CRUISE-85-1.jpg\" \/>\n\t<meta property=\"og:image:width\" content=\"600\" \/>\n\t<meta property=\"og:image:height\" content=\"600\" \/>\n\t<meta property=\"og:image:type\" content=\"image\/jpeg\" \/>\n<meta name=\"twitter:card\" content=\"summary_large_image\" \/>\n<meta name=\"twitter:label1\" content=\"Tiempo de lectura\" \/>\n\t<meta name=\"twitter:data1\" content=\"1 minuto\" \/>\n<script type=\"application\/ld+json\" class=\"yoast-schema-graph\">{\"@context\":\"https:\/\/schema.org\",\"@graph\":[{\"@type\":\"WebPage\",\"@id\":\"https:\/\/tuferreteria.online\/hazlo-tu-mismo\/tienda\/jardin-y-tiempo-libre\/camping\/nevera-cruise-85l-12-24v-indel-b\/\",\"url\":\"https:\/\/tuferreteria.online\/hazlo-tu-mismo\/tienda\/jardin-y-tiempo-libre\/camping\/nevera-cruise-85l-12-24v-indel-b\/\",\"name\":\"NEVERA CRUISE 85L 12\/24V INDEL B - Tienda de tuferreteria.online by Ferreter\u00eda La Salle\",\"isPartOf\":{\"@id\":\"https:\/\/tuferreteria.online\/hazlo-tu-mismo\/#website\"},\"primaryImageOfPage\":{\"@id\":\"https:\/\/tuferreteria.online\/hazlo-tu-mismo\/tienda\/jardin-y-tiempo-libre\/camping\/nevera-cruise-85l-12-24v-indel-b\/#primaryimage\"},\"image\":{\"@id\":\"https:\/\/tuferreteria.online\/hazlo-tu-mismo\/tienda\/jardin-y-tiempo-libre\/camping\/nevera-cruise-85l-12-24v-indel-b\/#primaryimage\"},\"thumbnailUrl\":\"https:\/\/tuferreteria.online\/hazlo-tu-mismo\/wp-content\/uploads\/2020\/08\/NEVERA-CRUISE-85-1.jpg\",\"datePublished\":\"2020-08-20T11:52:24+00:00\",\"dateModified\":\"2026-03-11T09:34:12+00:00\",\"description\":\"La nevera para empotrar Cruise 85 es de 12\/24 V.Ideal para instalar en tu carabana, furgoneta o embarcaci\u00f3n de recreo.\",\"breadcrumb\":{\"@id\":\"https:\/\/tuferreteria.online\/hazlo-tu-mismo\/tienda\/jardin-y-tiempo-libre\/camping\/nevera-cruise-85l-12-24v-indel-b\/#breadcrumb\"},\"inLanguage\":\"es\",\"potentialAction\":[{\"@type\":\"ReadAction\",\"target\":[\"https:\/\/tuferreteria.online\/hazlo-tu-mismo\/tienda\/jardin-y-tiempo-libre\/camping\/nevera-cruise-85l-12-24v-indel-b\/\"]}]},{\"@type\":\"ImageObject\",\"inLanguage\":\"es\",\"@id\":\"https:\/\/tuferreteria.online\/hazlo-tu-mismo\/tienda\/jardin-y-tiempo-libre\/camping\/nevera-cruise-85l-12-24v-indel-b\/#primaryimage\",\"url\":\"https:\/\/tuferreteria.online\/hazlo-tu-mismo\/wp-content\/uploads\/2020\/08\/NEVERA-CRUISE-85-1.jpg\",\"contentUrl\":\"https:\/\/tuferreteria.online\/hazlo-tu-mismo\/wp-content\/uploads\/2020\/08\/NEVERA-CRUISE-85-1.jpg\",\"width\":600,\"height\":600,\"caption\":\"NEVERA-CRUISE-85\"},{\"@type\":\"BreadcrumbList\",\"@id\":\"https:\/\/tuferreteria.online\/hazlo-tu-mismo\/tienda\/jardin-y-tiempo-libre\/camping\/nevera-cruise-85l-12-24v-indel-b\/#breadcrumb\",\"itemListElement\":[{\"@type\":\"ListItem\",\"position\":1,\"name\":\"Portada\",\"item\":\"https:\/\/tuferreteria.online\/hazlo-tu-mismo\/\"},{\"@type\":\"ListItem\",\"position\":2,\"name\":\"Tienda\",\"item\":\"https:\/\/tuferreteria.online\/hazlo-tu-mismo\/tienda\/\"},{\"@type\":\"ListItem\",\"position\":3,\"name\":\"NEVERA CRUISE 85L 12\/24V INDEL B\"}]},{\"@type\":\"WebSite\",\"@id\":\"https:\/\/tuferreteria.online\/hazlo-tu-mismo\/#website\",\"url\":\"https:\/\/tuferreteria.online\/hazlo-tu-mismo\/\",\"name\":\"Tienda de tuferreteria.online by Ferreter\u00eda La Salle\",\"description\":\"Hazlo tu mismo\",\"potentialAction\":[{\"@type\":\"SearchAction\",\"target\":{\"@type\":\"EntryPoint\",\"urlTemplate\":\"https:\/\/tuferreteria.online\/hazlo-tu-mismo\/?s={search_term_string}\"},\"query-input\":{\"@type\":\"PropertyValueSpecification\",\"valueRequired\":true,\"valueName\":\"search_term_string\"}}],\"inLanguage\":\"es\"}]}<\/script>\n<!-- \/ Yoast SEO plugin. -->","yoast_head_json":{"title":"NEVERA CRUISE 85L 12\/24V INDEL B - Tienda de tuferreteria.online by Ferreter\u00eda La Salle","description":"La nevera para empotrar Cruise 85 es de 12\/24 V.Ideal para instalar en tu carabana, furgoneta o embarcaci\u00f3n de recreo.","robots":{"index":"index","follow":"follow","max-snippet":"max-snippet:-1","max-image-preview":"max-image-preview:large","max-video-preview":"max-video-preview:-1"},"canonical":"https:\/\/tuferreteria.online\/hazlo-tu-mismo\/tienda\/jardin-y-tiempo-libre\/camping\/nevera-cruise-85l-12-24v-indel-b\/","og_locale":"es_ES","og_type":"article","og_title":"NEVERA CRUISE 85L 12\/24V INDEL B - Tienda de tuferreteria.online by Ferreter\u00eda La Salle","og_description":"La nevera para empotrar Cruise 85 es de 12\/24 V.Ideal para instalar en tu carabana, furgoneta o embarcaci\u00f3n de recreo.","og_url":"https:\/\/tuferreteria.online\/hazlo-tu-mismo\/tienda\/jardin-y-tiempo-libre\/camping\/nevera-cruise-85l-12-24v-indel-b\/","og_site_name":"Tienda de tuferreteria.online by Ferreter\u00eda La Salle","article_modified_time":"2026-03-11T09:34:12+00:00","og_image":[{"width":600,"height":600,"url":"https:\/\/tuferreteria.online\/hazlo-tu-mismo\/wp-content\/uploads\/2020\/08\/NEVERA-CRUISE-85-1.jpg","type":"image\/jpeg"}],"twitter_card":"summary_large_image","twitter_misc":{"Tiempo de lectura":"1 minuto"},"schema":{"@context":"https:\/\/schema.org","@graph":[{"@type":"WebPage","@id":"https:\/\/tuferreteria.online\/hazlo-tu-mismo\/tienda\/jardin-y-tiempo-libre\/camping\/nevera-cruise-85l-12-24v-indel-b\/","url":"https:\/\/tuferreteria.online\/hazlo-tu-mismo\/tienda\/jardin-y-tiempo-libre\/camping\/nevera-cruise-85l-12-24v-indel-b\/","name":"NEVERA CRUISE 85L 12\/24V INDEL B - Tienda de tuferreteria.online by Ferreter\u00eda La Salle","isPartOf":{"@id":"https:\/\/tuferreteria.online\/hazlo-tu-mismo\/#website"},"primaryImageOfPage":{"@id":"https:\/\/tuferreteria.online\/hazlo-tu-mismo\/tienda\/jardin-y-tiempo-libre\/camping\/nevera-cruise-85l-12-24v-indel-b\/#primaryimage"},"image":{"@id":"https:\/\/tuferreteria.online\/hazlo-tu-mismo\/tienda\/jardin-y-tiempo-libre\/camping\/nevera-cruise-85l-12-24v-indel-b\/#primaryimage"},"thumbnailUrl":"https:\/\/tuferreteria.online\/hazlo-tu-mismo\/wp-content\/uploads\/2020\/08\/NEVERA-CRUISE-85-1.jpg","datePublished":"2020-08-20T11:52:24+00:00","dateModified":"2026-03-11T09:34:12+00:00","description":"La nevera para empotrar Cruise 85 es de 12\/24 V.Ideal para instalar en tu carabana, furgoneta o embarcaci\u00f3n de recreo.","breadcrumb":{"@id":"https:\/\/tuferreteria.online\/hazlo-tu-mismo\/tienda\/jardin-y-tiempo-libre\/camping\/nevera-cruise-85l-12-24v-indel-b\/#breadcrumb"},"inLanguage":"es","potentialAction":[{"@type":"ReadAction","target":["https:\/\/tuferreteria.online\/hazlo-tu-mismo\/tienda\/jardin-y-tiempo-libre\/camping\/nevera-cruise-85l-12-24v-indel-b\/"]}]},{"@type":"ImageObject","inLanguage":"es","@id":"https:\/\/tuferreteria.online\/hazlo-tu-mismo\/tienda\/jardin-y-tiempo-libre\/camping\/nevera-cruise-85l-12-24v-indel-b\/#primaryimage","url":"https:\/\/tuferreteria.online\/hazlo-tu-mismo\/wp-content\/uploads\/2020\/08\/NEVERA-CRUISE-85-1.jpg","contentUrl":"https:\/\/tuferreteria.online\/hazlo-tu-mismo\/wp-content\/uploads\/2020\/08\/NEVERA-CRUISE-85-1.jpg","width":600,"height":600,"caption":"NEVERA-CRUISE-85"},{"@type":"BreadcrumbList","@id":"https:\/\/tuferreteria.online\/hazlo-tu-mismo\/tienda\/jardin-y-tiempo-libre\/camping\/nevera-cruise-85l-12-24v-indel-b\/#breadcrumb","itemListElement":[{"@type":"ListItem","position":1,"name":"Portada","item":"https:\/\/tuferreteria.online\/hazlo-tu-mismo\/"},{"@type":"ListItem","position":2,"name":"Tienda","item":"https:\/\/tuferreteria.online\/hazlo-tu-mismo\/tienda\/"},{"@type":"ListItem","position":3,"name":"NEVERA CRUISE 85L 12\/24V INDEL B"}]},{"@type":"WebSite","@id":"https:\/\/tuferreteria.online\/hazlo-tu-mismo\/#website","url":"https:\/\/tuferreteria.online\/hazlo-tu-mismo\/","name":"Tienda de tuferreteria.online by Ferreter\u00eda La Salle","description":"Hazlo tu mismo","potentialAction":[{"@type":"SearchAction","target":{"@type":"EntryPoint","urlTemplate":"https:\/\/tuferreteria.online\/hazlo-tu-mismo\/?s={search_term_string}"},"query-input":{"@type":"PropertyValueSpecification","valueRequired":true,"valueName":"search_term_string"}}],"inLanguage":"es"}]}},"_links":{"self":[{"href":"https:\/\/tuferreteria.online\/hazlo-tu-mismo\/wp-json\/wp\/v2\/product\/22958","targetHints":{"allow":["GET"]}}],"collection":[{"href":"https:\/\/tuferreteria.online\/hazlo-tu-mismo\/wp-json\/wp\/v2\/product"}],"about":[{"href":"https:\/\/tuferreteria.online\/hazlo-tu-mismo\/wp-json\/wp\/v2\/types\/product"}],"replies":[{"embeddable":true,"href":"https:\/\/tuferreteria.online\/hazlo-tu-mismo\/wp-json\/wp\/v2\/comments?post=22958"}],"wp:featuredmedia":[{"embeddable":true,"href":"https:\/\/tuferreteria.online\/hazlo-tu-mismo\/wp-json\/wp\/v2\/media\/22967"}],"wp:attachment":[{"href":"https:\/\/tuferreteria.online\/hazlo-tu-mismo\/wp-json\/wp\/v2\/media?parent=22958"}],"wp:term":[{"taxonomy":"brand","embeddable":true,"href":"https:\/\/tuferreteria.online\/hazlo-tu-mismo\/wp-json\/wp\/v2\/etheme_brands?post=22958"},{"taxonomy":"product_brand","embeddable":true,"href":"https:\/\/tuferreteria.online\/hazlo-tu-mismo\/wp-json\/wp\/v2\/product_brand?post=22958"},{"taxonomy":"product_cat","embeddable":true,"href":"https:\/\/tuferreteria.online\/hazlo-tu-mismo\/wp-json\/wp\/v2\/product_cat?post=22958"},{"taxonomy":"product_tag","embeddable":true,"href":"https:\/\/tuferreteria.online\/hazlo-tu-mismo\/wp-json\/wp\/v2\/product_tag?post=22958"}],"curies":[{"name":"wp","href":"https:\/\/api.w.org\/{rel}","templated":true}]}}