{"id":22992,"date":"2020-08-26T09:23:54","date_gmt":"2020-08-26T08:23:54","guid":{"rendered":"https:\/\/tuferreteria.online\/hazlo-tu-mismo\/tienda\/sin%20categor\u00eda\/olla-monix-optima-20cm-tapa-cristal\/"},"modified":"2026-03-11T11:30:07","modified_gmt":"2026-03-11T10:30:07","slug":"olla-monix-optima-tapa-cristal","status":"publish","type":"product","link":"https:\/\/tuferreteria.online\/hazlo-tu-mismo\/tienda\/hogar\/cocina\/ollas-calderos-sartenes\/olla-monix-optima-tapa-cristal\/","title":{"rendered":"OLLA MONIX OPTIMA CON TAPA CRISTAL"},"content":{"rendered":"<div class=\"wpb-content-wrapper\"><p>[vc_row][vc_column][vc_column_text]<\/p>\n<h2 style=\"text-align: center;\"><span style=\"font-size: 24pt; color: #f9e03a;\">Olla Monix Con Tapa<\/span><\/h2>\n<p>&nbsp;<\/p>\n<h3>Caracter\u00edsticas:<\/h3>\n<p>&nbsp;<\/p>\n<p style=\"text-align: justify;\">La olla de Monix de te har\u00e1 el trabajo en la cocina f\u00e1cil y agradable, porque es muy c\u00f3moda de usar y tienen su propia tapa transparente para que puedas ir controlando la cocci\u00f3n sin abrirla.<\/p>\n<p style=\"text-align: justify;\">Tienes tres medidas para elegir:<\/p>\n<p>De 20 cm. con una capacidad de 4 litros.<\/p>\n<p>De 24 cm. con una capacidad de 6,35 litros.<\/p>\n<p>Y de 30 cm. con una capacidad de 12,3 litros.<\/p>\n<p style=\"text-align: justify;\">Est\u00e1 fabricado en acero inoxidable con acabado brillante. Todo de una pieza remachado sin tornillos.<\/p>\n<p>Escoge tu tama\u00f1o en las variaciones.<\/p>\n<p style=\"text-align: justify;\">Aqu\u00ed\u00a0 \u00a0 \u00a0<strong><span style=\"font-size: 14pt;\">\u21d3\u00a0<\/span> <\/strong>\u00a0 abajo te dejamos las instrucciones para el mantenimiento.<\/p>\n<p>[\/vc_column_text][\/vc_column][\/vc_row][vc_row][vc_column width=\u00bb1\/4&#8243;][vc_single_image image=\u00bb22995&#8243; img_size=\u00bbmedium\u00bb alignment=\u00bbcenter\u00bb onclick=\u00bbcustom_link\u00bb img_link_target=\u00bb_blank\u00bb link=\u00bbhttps:\/\/tuferreteria.online\/hazlo-tu-mismo\/monix-literatura-recomendaciones-de-uso-y-mantenimiento-acero-inox\/\u00bb][\/vc_column][vc_column width=\u00bb3\/4&#8243;][vc_empty_space][\/vc_column][\/vc_row]<\/p>\n<\/div>","protected":false},"excerpt":{"rendered":"<h2>OLLA MONIX OPTIMA CON TAPA CRISTAL<\/h2>\n","protected":false},"featured_media":23023,"comment_status":"closed","ping_status":"closed","template":"","meta":{"_exactmetrics_skip_tracking":false,"_exactmetrics_sitenote_active":false,"_exactmetrics_sitenote_note":"","_exactmetrics_sitenote_category":0,"_joinchat":[]},"etheme_brands":[{"term_id":169,"name":"MONIX","slug":"monix","term_group":0,"term_taxonomy_id":169,"taxonomy":"brand","description":"","parent":0,"count":7,"filter":"raw"}],"product_brand":[],"product_cat":[516,78,84],"product_tag":[1659,1662,1661,1660,600],"class_list":{"0":"post-22992","1":"product","2":"type-product","3":"status-publish","4":"has-post-thumbnail","6":"brand-monix","7":"product_cat-cocina","8":"product_cat-hogar","9":"product_cat-ollas-calderos-sartenes","10":"product_tag-cacharro-cocina","11":"product_tag-caldero-cocina-tenerife","12":"product_tag-monix-canarias","13":"product_tag-monix-tenerife","14":"product_tag-olla","15":"product_shipping_class-envio-peso","17":"first","18":"instock","19":"taxable","20":"shipping-taxable","21":"purchasable","22":"product-type-variable"},"yoast_head":"<!-- This site is optimized with the Yoast SEO plugin v24.9 - https:\/\/yoast.com\/wordpress\/plugins\/seo\/ -->\n<title>OLLA MONIX OPTIMA CON TAPA CRISTAL - Tienda de tuferreteria.online by Ferreter\u00eda La Salle<\/title>\n<meta name=\"description\" content=\"La olla de Monix de te har\u00e1 el trabajo en la cocina f\u00e1cil y agradable, porque es muy c\u00f3moda de usar y tienen su propia tapa transparente para que puedas ir controlando la cocci\u00f3n sin abrirla.\" \/>\n<meta name=\"robots\" content=\"index, follow, max-snippet:-1, max-image-preview:large, max-video-preview:-1\" \/>\n<link rel=\"canonical\" href=\"https:\/\/tuferreteria.online\/hazlo-tu-mismo\/tienda\/hogar\/cocina\/ollas-calderos-sartenes\/olla-monix-optima-tapa-cristal\/\" \/>\n<meta property=\"og:locale\" content=\"es_ES\" \/>\n<meta property=\"og:type\" content=\"article\" \/>\n<meta property=\"og:title\" content=\"OLLA MONIX OPTIMA CON TAPA CRISTAL - Tienda de tuferreteria.online by Ferreter\u00eda La Salle\" \/>\n<meta property=\"og:description\" content=\"La olla de Monix de te har\u00e1 el trabajo en la cocina f\u00e1cil y agradable, porque es muy c\u00f3moda de usar y tienen su propia tapa transparente para que puedas ir controlando la cocci\u00f3n sin abrirla.\" \/>\n<meta property=\"og:url\" content=\"https:\/\/tuferreteria.online\/hazlo-tu-mismo\/tienda\/hogar\/cocina\/ollas-calderos-sartenes\/olla-monix-optima-tapa-cristal\/\" \/>\n<meta property=\"og:site_name\" content=\"Tienda de tuferreteria.online by Ferreter\u00eda La Salle\" \/>\n<meta property=\"article:modified_time\" content=\"2026-03-11T10:30:07+00:00\" \/>\n<meta property=\"og:image\" content=\"https:\/\/tuferreteria.online\/hazlo-tu-mismo\/wp-content\/uploads\/2020\/08\/OLLA-MONIX-OPTIMA.jpg\" \/>\n\t<meta property=\"og:image:width\" content=\"600\" \/>\n\t<meta property=\"og:image:height\" content=\"600\" \/>\n\t<meta property=\"og:image:type\" content=\"image\/jpeg\" \/>\n<meta name=\"twitter:card\" content=\"summary_large_image\" \/>\n<meta name=\"twitter:label1\" content=\"Tiempo de lectura\" \/>\n\t<meta name=\"twitter:data1\" content=\"1 minuto\" \/>\n<script type=\"application\/ld+json\" class=\"yoast-schema-graph\">{\"@context\":\"https:\/\/schema.org\",\"@graph\":[{\"@type\":\"WebPage\",\"@id\":\"https:\/\/tuferreteria.online\/hazlo-tu-mismo\/tienda\/hogar\/cocina\/ollas-calderos-sartenes\/olla-monix-optima-tapa-cristal\/\",\"url\":\"https:\/\/tuferreteria.online\/hazlo-tu-mismo\/tienda\/hogar\/cocina\/ollas-calderos-sartenes\/olla-monix-optima-tapa-cristal\/\",\"name\":\"OLLA MONIX OPTIMA CON TAPA CRISTAL - Tienda de tuferreteria.online by Ferreter\u00eda La Salle\",\"isPartOf\":{\"@id\":\"https:\/\/tuferreteria.online\/hazlo-tu-mismo\/#website\"},\"primaryImageOfPage\":{\"@id\":\"https:\/\/tuferreteria.online\/hazlo-tu-mismo\/tienda\/hogar\/cocina\/ollas-calderos-sartenes\/olla-monix-optima-tapa-cristal\/#primaryimage\"},\"image\":{\"@id\":\"https:\/\/tuferreteria.online\/hazlo-tu-mismo\/tienda\/hogar\/cocina\/ollas-calderos-sartenes\/olla-monix-optima-tapa-cristal\/#primaryimage\"},\"thumbnailUrl\":\"https:\/\/tuferreteria.online\/hazlo-tu-mismo\/wp-content\/uploads\/2020\/08\/OLLA-MONIX-OPTIMA.jpg\",\"datePublished\":\"2020-08-26T08:23:54+00:00\",\"dateModified\":\"2026-03-11T10:30:07+00:00\",\"description\":\"La olla de Monix de te har\u00e1 el trabajo en la cocina f\u00e1cil y agradable, porque es muy c\u00f3moda de usar y tienen su propia tapa transparente para que puedas ir controlando la cocci\u00f3n sin abrirla.\",\"breadcrumb\":{\"@id\":\"https:\/\/tuferreteria.online\/hazlo-tu-mismo\/tienda\/hogar\/cocina\/ollas-calderos-sartenes\/olla-monix-optima-tapa-cristal\/#breadcrumb\"},\"inLanguage\":\"es\",\"potentialAction\":[{\"@type\":\"ReadAction\",\"target\":[\"https:\/\/tuferreteria.online\/hazlo-tu-mismo\/tienda\/hogar\/cocina\/ollas-calderos-sartenes\/olla-monix-optima-tapa-cristal\/\"]}]},{\"@type\":\"ImageObject\",\"inLanguage\":\"es\",\"@id\":\"https:\/\/tuferreteria.online\/hazlo-tu-mismo\/tienda\/hogar\/cocina\/ollas-calderos-sartenes\/olla-monix-optima-tapa-cristal\/#primaryimage\",\"url\":\"https:\/\/tuferreteria.online\/hazlo-tu-mismo\/wp-content\/uploads\/2020\/08\/OLLA-MONIX-OPTIMA.jpg\",\"contentUrl\":\"https:\/\/tuferreteria.online\/hazlo-tu-mismo\/wp-content\/uploads\/2020\/08\/OLLA-MONIX-OPTIMA.jpg\",\"width\":600,\"height\":600,\"caption\":\"OLLA-MONIX-OPTIMA\"},{\"@type\":\"BreadcrumbList\",\"@id\":\"https:\/\/tuferreteria.online\/hazlo-tu-mismo\/tienda\/hogar\/cocina\/ollas-calderos-sartenes\/olla-monix-optima-tapa-cristal\/#breadcrumb\",\"itemListElement\":[{\"@type\":\"ListItem\",\"position\":1,\"name\":\"Portada\",\"item\":\"https:\/\/tuferreteria.online\/hazlo-tu-mismo\/\"},{\"@type\":\"ListItem\",\"position\":2,\"name\":\"Tienda\",\"item\":\"https:\/\/tuferreteria.online\/hazlo-tu-mismo\/tienda\/\"},{\"@type\":\"ListItem\",\"position\":3,\"name\":\"OLLA MONIX OPTIMA CON TAPA CRISTAL\"}]},{\"@type\":\"WebSite\",\"@id\":\"https:\/\/tuferreteria.online\/hazlo-tu-mismo\/#website\",\"url\":\"https:\/\/tuferreteria.online\/hazlo-tu-mismo\/\",\"name\":\"Tienda de tuferreteria.online by Ferreter\u00eda La Salle\",\"description\":\"Hazlo tu mismo\",\"potentialAction\":[{\"@type\":\"SearchAction\",\"target\":{\"@type\":\"EntryPoint\",\"urlTemplate\":\"https:\/\/tuferreteria.online\/hazlo-tu-mismo\/?s={search_term_string}\"},\"query-input\":{\"@type\":\"PropertyValueSpecification\",\"valueRequired\":true,\"valueName\":\"search_term_string\"}}],\"inLanguage\":\"es\"}]}<\/script>\n<!-- \/ Yoast SEO plugin. -->","yoast_head_json":{"title":"OLLA MONIX OPTIMA CON TAPA CRISTAL - Tienda de tuferreteria.online by Ferreter\u00eda La Salle","description":"La olla de Monix de te har\u00e1 el trabajo en la cocina f\u00e1cil y agradable, porque es muy c\u00f3moda de usar y tienen su propia tapa transparente para que puedas ir controlando la cocci\u00f3n sin abrirla.","robots":{"index":"index","follow":"follow","max-snippet":"max-snippet:-1","max-image-preview":"max-image-preview:large","max-video-preview":"max-video-preview:-1"},"canonical":"https:\/\/tuferreteria.online\/hazlo-tu-mismo\/tienda\/hogar\/cocina\/ollas-calderos-sartenes\/olla-monix-optima-tapa-cristal\/","og_locale":"es_ES","og_type":"article","og_title":"OLLA MONIX OPTIMA CON TAPA CRISTAL - Tienda de tuferreteria.online by Ferreter\u00eda La Salle","og_description":"La olla de Monix de te har\u00e1 el trabajo en la cocina f\u00e1cil y agradable, porque es muy c\u00f3moda de usar y tienen su propia tapa transparente para que puedas ir controlando la cocci\u00f3n sin abrirla.","og_url":"https:\/\/tuferreteria.online\/hazlo-tu-mismo\/tienda\/hogar\/cocina\/ollas-calderos-sartenes\/olla-monix-optima-tapa-cristal\/","og_site_name":"Tienda de tuferreteria.online by Ferreter\u00eda La Salle","article_modified_time":"2026-03-11T10:30:07+00:00","og_image":[{"width":600,"height":600,"url":"https:\/\/tuferreteria.online\/hazlo-tu-mismo\/wp-content\/uploads\/2020\/08\/OLLA-MONIX-OPTIMA.jpg","type":"image\/jpeg"}],"twitter_card":"summary_large_image","twitter_misc":{"Tiempo de lectura":"1 minuto"},"schema":{"@context":"https:\/\/schema.org","@graph":[{"@type":"WebPage","@id":"https:\/\/tuferreteria.online\/hazlo-tu-mismo\/tienda\/hogar\/cocina\/ollas-calderos-sartenes\/olla-monix-optima-tapa-cristal\/","url":"https:\/\/tuferreteria.online\/hazlo-tu-mismo\/tienda\/hogar\/cocina\/ollas-calderos-sartenes\/olla-monix-optima-tapa-cristal\/","name":"OLLA MONIX OPTIMA CON TAPA CRISTAL - Tienda de tuferreteria.online by Ferreter\u00eda La Salle","isPartOf":{"@id":"https:\/\/tuferreteria.online\/hazlo-tu-mismo\/#website"},"primaryImageOfPage":{"@id":"https:\/\/tuferreteria.online\/hazlo-tu-mismo\/tienda\/hogar\/cocina\/ollas-calderos-sartenes\/olla-monix-optima-tapa-cristal\/#primaryimage"},"image":{"@id":"https:\/\/tuferreteria.online\/hazlo-tu-mismo\/tienda\/hogar\/cocina\/ollas-calderos-sartenes\/olla-monix-optima-tapa-cristal\/#primaryimage"},"thumbnailUrl":"https:\/\/tuferreteria.online\/hazlo-tu-mismo\/wp-content\/uploads\/2020\/08\/OLLA-MONIX-OPTIMA.jpg","datePublished":"2020-08-26T08:23:54+00:00","dateModified":"2026-03-11T10:30:07+00:00","description":"La olla de Monix de te har\u00e1 el trabajo en la cocina f\u00e1cil y agradable, porque es muy c\u00f3moda de usar y tienen su propia tapa transparente para que puedas ir controlando la cocci\u00f3n sin abrirla.","breadcrumb":{"@id":"https:\/\/tuferreteria.online\/hazlo-tu-mismo\/tienda\/hogar\/cocina\/ollas-calderos-sartenes\/olla-monix-optima-tapa-cristal\/#breadcrumb"},"inLanguage":"es","potentialAction":[{"@type":"ReadAction","target":["https:\/\/tuferreteria.online\/hazlo-tu-mismo\/tienda\/hogar\/cocina\/ollas-calderos-sartenes\/olla-monix-optima-tapa-cristal\/"]}]},{"@type":"ImageObject","inLanguage":"es","@id":"https:\/\/tuferreteria.online\/hazlo-tu-mismo\/tienda\/hogar\/cocina\/ollas-calderos-sartenes\/olla-monix-optima-tapa-cristal\/#primaryimage","url":"https:\/\/tuferreteria.online\/hazlo-tu-mismo\/wp-content\/uploads\/2020\/08\/OLLA-MONIX-OPTIMA.jpg","contentUrl":"https:\/\/tuferreteria.online\/hazlo-tu-mismo\/wp-content\/uploads\/2020\/08\/OLLA-MONIX-OPTIMA.jpg","width":600,"height":600,"caption":"OLLA-MONIX-OPTIMA"},{"@type":"BreadcrumbList","@id":"https:\/\/tuferreteria.online\/hazlo-tu-mismo\/tienda\/hogar\/cocina\/ollas-calderos-sartenes\/olla-monix-optima-tapa-cristal\/#breadcrumb","itemListElement":[{"@type":"ListItem","position":1,"name":"Portada","item":"https:\/\/tuferreteria.online\/hazlo-tu-mismo\/"},{"@type":"ListItem","position":2,"name":"Tienda","item":"https:\/\/tuferreteria.online\/hazlo-tu-mismo\/tienda\/"},{"@type":"ListItem","position":3,"name":"OLLA MONIX OPTIMA CON TAPA CRISTAL"}]},{"@type":"WebSite","@id":"https:\/\/tuferreteria.online\/hazlo-tu-mismo\/#website","url":"https:\/\/tuferreteria.online\/hazlo-tu-mismo\/","name":"Tienda de tuferreteria.online by Ferreter\u00eda La Salle","description":"Hazlo tu mismo","potentialAction":[{"@type":"SearchAction","target":{"@type":"EntryPoint","urlTemplate":"https:\/\/tuferreteria.online\/hazlo-tu-mismo\/?s={search_term_string}"},"query-input":{"@type":"PropertyValueSpecification","valueRequired":true,"valueName":"search_term_string"}}],"inLanguage":"es"}]}},"_links":{"self":[{"href":"https:\/\/tuferreteria.online\/hazlo-tu-mismo\/wp-json\/wp\/v2\/product\/22992","targetHints":{"allow":["GET"]}}],"collection":[{"href":"https:\/\/tuferreteria.online\/hazlo-tu-mismo\/wp-json\/wp\/v2\/product"}],"about":[{"href":"https:\/\/tuferreteria.online\/hazlo-tu-mismo\/wp-json\/wp\/v2\/types\/product"}],"replies":[{"embeddable":true,"href":"https:\/\/tuferreteria.online\/hazlo-tu-mismo\/wp-json\/wp\/v2\/comments?post=22992"}],"wp:featuredmedia":[{"embeddable":true,"href":"https:\/\/tuferreteria.online\/hazlo-tu-mismo\/wp-json\/wp\/v2\/media\/23023"}],"wp:attachment":[{"href":"https:\/\/tuferreteria.online\/hazlo-tu-mismo\/wp-json\/wp\/v2\/media?parent=22992"}],"wp:term":[{"taxonomy":"brand","embeddable":true,"href":"https:\/\/tuferreteria.online\/hazlo-tu-mismo\/wp-json\/wp\/v2\/etheme_brands?post=22992"},{"taxonomy":"product_brand","embeddable":true,"href":"https:\/\/tuferreteria.online\/hazlo-tu-mismo\/wp-json\/wp\/v2\/product_brand?post=22992"},{"taxonomy":"product_cat","embeddable":true,"href":"https:\/\/tuferreteria.online\/hazlo-tu-mismo\/wp-json\/wp\/v2\/product_cat?post=22992"},{"taxonomy":"product_tag","embeddable":true,"href":"https:\/\/tuferreteria.online\/hazlo-tu-mismo\/wp-json\/wp\/v2\/product_tag?post=22992"}],"curies":[{"name":"wp","href":"https:\/\/api.w.org\/{rel}","templated":true}]}}