{"id":23492,"date":"2020-10-15T11:59:33","date_gmt":"2020-10-15T10:59:33","guid":{"rendered":"https:\/\/tuferreteria.online\/hazlo-tu-mismo\/tienda\/sin%20categor\u00eda\/bisagra-mueb-pre-610-lcl-35mm-rect-hidra\/"},"modified":"2026-03-11T11:24:52","modified_gmt":"2026-03-11T10:24:52","slug":"bisagra-cazoleta-hidraulica-35mm","status":"publish","type":"product","link":"https:\/\/tuferreteria.online\/hazlo-tu-mismo\/tienda\/ferreteria\/herrajes\/bisagra-cazoleta-hidraulica-35mm\/","title":{"rendered":"BISAGRA CAZOLETA HIDR\u00c1ULICA 35 MM. RECTA"},"content":{"rendered":"<div class=\"wpb-content-wrapper\"><p>[vc_row][vc_column][vc_column_text]<\/p>\n<h2 style=\"text-align: center;\"><span style=\"font-size: 24pt; color: #f9e03a;\">Bisagra Cazoleta Hidr\u00e1ulica Recta<\/span><\/h2>\n<p>&nbsp;<\/p>\n<h3>Caracter\u00edsticas:<\/h3>\n<p>&nbsp;<\/p>\n<p style=\"text-align: justify;\">La bisagra de cazoleta es recta, hidr\u00e1ulica y con amortiguado.<\/p>\n<p style=\"text-align: justify;\">Te da una apertura de 110\u00ba.<\/p>\n<p style=\"text-align: justify;\">Es de 35 mm. (la parte redonda).<\/p>\n<p style=\"text-align: justify;\">Es de acero, acabado niquelado.<\/p>\n<p>[\/vc_column_text][\/vc_column][\/vc_row]<\/p>\n<\/div>","protected":false},"excerpt":{"rendered":"<h2>BISAGRA MUEBLE RECTA AMORTIGUADA<\/h2>\n","protected":false},"featured_media":23502,"comment_status":"closed","ping_status":"closed","template":"","meta":{"_exactmetrics_skip_tracking":false,"_exactmetrics_sitenote_active":false,"_exactmetrics_sitenote_note":"","_exactmetrics_sitenote_category":0,"_joinchat":[]},"etheme_brands":[{"term_id":3084,"name":"MICEL","slug":"micel","term_group":0,"term_taxonomy_id":3084,"taxonomy":"brand","description":"","parent":0,"count":1,"filter":"raw"}],"product_brand":[],"product_cat":[416,2464],"product_tag":[1804,1792,1795,1794,1801,1793],"class_list":{"0":"post-23492","1":"product","2":"type-product","3":"status-publish","4":"has-post-thumbnail","6":"brand-micel","7":"product_cat-ferreteria","8":"product_cat-herrajes","9":"product_tag-610-lcl","10":"product_tag-bisagra","11":"product_tag-bisagra-cocina","12":"product_tag-bisagra-mueble","13":"product_tag-bisagra-recta","14":"product_tag-cazoleta","15":"product_shipping_class-envio-peso","17":"first","18":"instock","19":"taxable","20":"shipping-taxable","21":"purchasable","22":"product-type-simple"},"yoast_head":"<!-- This site is optimized with the Yoast SEO plugin v24.9 - https:\/\/yoast.com\/wordpress\/plugins\/seo\/ -->\n<title>BISAGRA CAZOLETA HIDR\u00c1ULICA 35 MM. RECTA - Tienda de tuferreteria.online by Ferreter\u00eda La Salle<\/title>\n<meta name=\"description\" content=\"La bisagra de cazoleta es recta, hidr\u00e1ulica y con amortiguado.Te da una apertura de 110\u00ba.Es de 35 mm. (la parte redonda).\" \/>\n<meta name=\"robots\" content=\"index, follow, max-snippet:-1, max-image-preview:large, max-video-preview:-1\" \/>\n<link rel=\"canonical\" href=\"https:\/\/tuferreteria.online\/hazlo-tu-mismo\/tienda\/ferreteria\/herrajes\/bisagra-cazoleta-hidraulica-35mm\/\" \/>\n<meta property=\"og:locale\" content=\"es_ES\" \/>\n<meta property=\"og:type\" content=\"article\" \/>\n<meta property=\"og:title\" content=\"BISAGRA CAZOLETA HIDR\u00c1ULICA 35 MM. RECTA - Tienda de tuferreteria.online by Ferreter\u00eda La Salle\" \/>\n<meta property=\"og:description\" content=\"La bisagra de cazoleta es recta, hidr\u00e1ulica y con amortiguado.Te da una apertura de 110\u00ba.Es de 35 mm. (la parte redonda).\" \/>\n<meta property=\"og:url\" content=\"https:\/\/tuferreteria.online\/hazlo-tu-mismo\/tienda\/ferreteria\/herrajes\/bisagra-cazoleta-hidraulica-35mm\/\" \/>\n<meta property=\"og:site_name\" content=\"Tienda de tuferreteria.online by Ferreter\u00eda La Salle\" \/>\n<meta property=\"article:modified_time\" content=\"2026-03-11T10:24:52+00:00\" \/>\n<meta property=\"og:image\" content=\"https:\/\/tuferreteria.online\/hazlo-tu-mismo\/wp-content\/uploads\/2020\/10\/BISAGRA-MUEBLE-AMORTIGUADA-RECTA-610LCL.jpg\" \/>\n\t<meta property=\"og:image:width\" content=\"600\" \/>\n\t<meta property=\"og:image:height\" content=\"600\" \/>\n\t<meta property=\"og:image:type\" content=\"image\/jpeg\" \/>\n<meta name=\"twitter:card\" content=\"summary_large_image\" \/>\n<script type=\"application\/ld+json\" class=\"yoast-schema-graph\">{\"@context\":\"https:\/\/schema.org\",\"@graph\":[{\"@type\":\"WebPage\",\"@id\":\"https:\/\/tuferreteria.online\/hazlo-tu-mismo\/tienda\/ferreteria\/herrajes\/bisagra-cazoleta-hidraulica-35mm\/\",\"url\":\"https:\/\/tuferreteria.online\/hazlo-tu-mismo\/tienda\/ferreteria\/herrajes\/bisagra-cazoleta-hidraulica-35mm\/\",\"name\":\"BISAGRA CAZOLETA HIDR\u00c1ULICA 35 MM. RECTA - Tienda de tuferreteria.online by Ferreter\u00eda La Salle\",\"isPartOf\":{\"@id\":\"https:\/\/tuferreteria.online\/hazlo-tu-mismo\/#website\"},\"primaryImageOfPage\":{\"@id\":\"https:\/\/tuferreteria.online\/hazlo-tu-mismo\/tienda\/ferreteria\/herrajes\/bisagra-cazoleta-hidraulica-35mm\/#primaryimage\"},\"image\":{\"@id\":\"https:\/\/tuferreteria.online\/hazlo-tu-mismo\/tienda\/ferreteria\/herrajes\/bisagra-cazoleta-hidraulica-35mm\/#primaryimage\"},\"thumbnailUrl\":\"https:\/\/tuferreteria.online\/hazlo-tu-mismo\/wp-content\/uploads\/2020\/10\/BISAGRA-MUEBLE-AMORTIGUADA-RECTA-610LCL.jpg\",\"datePublished\":\"2020-10-15T10:59:33+00:00\",\"dateModified\":\"2026-03-11T10:24:52+00:00\",\"description\":\"La bisagra de cazoleta es recta, hidr\u00e1ulica y con amortiguado.Te da una apertura de 110\u00ba.Es de 35 mm. (la parte redonda).\",\"breadcrumb\":{\"@id\":\"https:\/\/tuferreteria.online\/hazlo-tu-mismo\/tienda\/ferreteria\/herrajes\/bisagra-cazoleta-hidraulica-35mm\/#breadcrumb\"},\"inLanguage\":\"es\",\"potentialAction\":[{\"@type\":\"ReadAction\",\"target\":[\"https:\/\/tuferreteria.online\/hazlo-tu-mismo\/tienda\/ferreteria\/herrajes\/bisagra-cazoleta-hidraulica-35mm\/\"]}]},{\"@type\":\"ImageObject\",\"inLanguage\":\"es\",\"@id\":\"https:\/\/tuferreteria.online\/hazlo-tu-mismo\/tienda\/ferreteria\/herrajes\/bisagra-cazoleta-hidraulica-35mm\/#primaryimage\",\"url\":\"https:\/\/tuferreteria.online\/hazlo-tu-mismo\/wp-content\/uploads\/2020\/10\/BISAGRA-MUEBLE-AMORTIGUADA-RECTA-610LCL.jpg\",\"contentUrl\":\"https:\/\/tuferreteria.online\/hazlo-tu-mismo\/wp-content\/uploads\/2020\/10\/BISAGRA-MUEBLE-AMORTIGUADA-RECTA-610LCL.jpg\",\"width\":600,\"height\":600,\"caption\":\"BISAGRA-MUEBLE-AMORTIGUADA-RECTA-610LCL\"},{\"@type\":\"BreadcrumbList\",\"@id\":\"https:\/\/tuferreteria.online\/hazlo-tu-mismo\/tienda\/ferreteria\/herrajes\/bisagra-cazoleta-hidraulica-35mm\/#breadcrumb\",\"itemListElement\":[{\"@type\":\"ListItem\",\"position\":1,\"name\":\"Portada\",\"item\":\"https:\/\/tuferreteria.online\/hazlo-tu-mismo\/\"},{\"@type\":\"ListItem\",\"position\":2,\"name\":\"Tienda\",\"item\":\"https:\/\/tuferreteria.online\/hazlo-tu-mismo\/tienda\/\"},{\"@type\":\"ListItem\",\"position\":3,\"name\":\"BISAGRA CAZOLETA HIDR\u00c1ULICA 35 MM. RECTA\"}]},{\"@type\":\"WebSite\",\"@id\":\"https:\/\/tuferreteria.online\/hazlo-tu-mismo\/#website\",\"url\":\"https:\/\/tuferreteria.online\/hazlo-tu-mismo\/\",\"name\":\"Tienda de tuferreteria.online by Ferreter\u00eda La Salle\",\"description\":\"Hazlo tu mismo\",\"potentialAction\":[{\"@type\":\"SearchAction\",\"target\":{\"@type\":\"EntryPoint\",\"urlTemplate\":\"https:\/\/tuferreteria.online\/hazlo-tu-mismo\/?s={search_term_string}\"},\"query-input\":{\"@type\":\"PropertyValueSpecification\",\"valueRequired\":true,\"valueName\":\"search_term_string\"}}],\"inLanguage\":\"es\"}]}<\/script>\n<!-- \/ Yoast SEO plugin. -->","yoast_head_json":{"title":"BISAGRA CAZOLETA HIDR\u00c1ULICA 35 MM. RECTA - Tienda de tuferreteria.online by Ferreter\u00eda La Salle","description":"La bisagra de cazoleta es recta, hidr\u00e1ulica y con amortiguado.Te da una apertura de 110\u00ba.Es de 35 mm. (la parte redonda).","robots":{"index":"index","follow":"follow","max-snippet":"max-snippet:-1","max-image-preview":"max-image-preview:large","max-video-preview":"max-video-preview:-1"},"canonical":"https:\/\/tuferreteria.online\/hazlo-tu-mismo\/tienda\/ferreteria\/herrajes\/bisagra-cazoleta-hidraulica-35mm\/","og_locale":"es_ES","og_type":"article","og_title":"BISAGRA CAZOLETA HIDR\u00c1ULICA 35 MM. RECTA - Tienda de tuferreteria.online by Ferreter\u00eda La Salle","og_description":"La bisagra de cazoleta es recta, hidr\u00e1ulica y con amortiguado.Te da una apertura de 110\u00ba.Es de 35 mm. (la parte redonda).","og_url":"https:\/\/tuferreteria.online\/hazlo-tu-mismo\/tienda\/ferreteria\/herrajes\/bisagra-cazoleta-hidraulica-35mm\/","og_site_name":"Tienda de tuferreteria.online by Ferreter\u00eda La Salle","article_modified_time":"2026-03-11T10:24:52+00:00","og_image":[{"width":600,"height":600,"url":"https:\/\/tuferreteria.online\/hazlo-tu-mismo\/wp-content\/uploads\/2020\/10\/BISAGRA-MUEBLE-AMORTIGUADA-RECTA-610LCL.jpg","type":"image\/jpeg"}],"twitter_card":"summary_large_image","schema":{"@context":"https:\/\/schema.org","@graph":[{"@type":"WebPage","@id":"https:\/\/tuferreteria.online\/hazlo-tu-mismo\/tienda\/ferreteria\/herrajes\/bisagra-cazoleta-hidraulica-35mm\/","url":"https:\/\/tuferreteria.online\/hazlo-tu-mismo\/tienda\/ferreteria\/herrajes\/bisagra-cazoleta-hidraulica-35mm\/","name":"BISAGRA CAZOLETA HIDR\u00c1ULICA 35 MM. RECTA - Tienda de tuferreteria.online by Ferreter\u00eda La Salle","isPartOf":{"@id":"https:\/\/tuferreteria.online\/hazlo-tu-mismo\/#website"},"primaryImageOfPage":{"@id":"https:\/\/tuferreteria.online\/hazlo-tu-mismo\/tienda\/ferreteria\/herrajes\/bisagra-cazoleta-hidraulica-35mm\/#primaryimage"},"image":{"@id":"https:\/\/tuferreteria.online\/hazlo-tu-mismo\/tienda\/ferreteria\/herrajes\/bisagra-cazoleta-hidraulica-35mm\/#primaryimage"},"thumbnailUrl":"https:\/\/tuferreteria.online\/hazlo-tu-mismo\/wp-content\/uploads\/2020\/10\/BISAGRA-MUEBLE-AMORTIGUADA-RECTA-610LCL.jpg","datePublished":"2020-10-15T10:59:33+00:00","dateModified":"2026-03-11T10:24:52+00:00","description":"La bisagra de cazoleta es recta, hidr\u00e1ulica y con amortiguado.Te da una apertura de 110\u00ba.Es de 35 mm. (la parte redonda).","breadcrumb":{"@id":"https:\/\/tuferreteria.online\/hazlo-tu-mismo\/tienda\/ferreteria\/herrajes\/bisagra-cazoleta-hidraulica-35mm\/#breadcrumb"},"inLanguage":"es","potentialAction":[{"@type":"ReadAction","target":["https:\/\/tuferreteria.online\/hazlo-tu-mismo\/tienda\/ferreteria\/herrajes\/bisagra-cazoleta-hidraulica-35mm\/"]}]},{"@type":"ImageObject","inLanguage":"es","@id":"https:\/\/tuferreteria.online\/hazlo-tu-mismo\/tienda\/ferreteria\/herrajes\/bisagra-cazoleta-hidraulica-35mm\/#primaryimage","url":"https:\/\/tuferreteria.online\/hazlo-tu-mismo\/wp-content\/uploads\/2020\/10\/BISAGRA-MUEBLE-AMORTIGUADA-RECTA-610LCL.jpg","contentUrl":"https:\/\/tuferreteria.online\/hazlo-tu-mismo\/wp-content\/uploads\/2020\/10\/BISAGRA-MUEBLE-AMORTIGUADA-RECTA-610LCL.jpg","width":600,"height":600,"caption":"BISAGRA-MUEBLE-AMORTIGUADA-RECTA-610LCL"},{"@type":"BreadcrumbList","@id":"https:\/\/tuferreteria.online\/hazlo-tu-mismo\/tienda\/ferreteria\/herrajes\/bisagra-cazoleta-hidraulica-35mm\/#breadcrumb","itemListElement":[{"@type":"ListItem","position":1,"name":"Portada","item":"https:\/\/tuferreteria.online\/hazlo-tu-mismo\/"},{"@type":"ListItem","position":2,"name":"Tienda","item":"https:\/\/tuferreteria.online\/hazlo-tu-mismo\/tienda\/"},{"@type":"ListItem","position":3,"name":"BISAGRA CAZOLETA HIDR\u00c1ULICA 35 MM. RECTA"}]},{"@type":"WebSite","@id":"https:\/\/tuferreteria.online\/hazlo-tu-mismo\/#website","url":"https:\/\/tuferreteria.online\/hazlo-tu-mismo\/","name":"Tienda de tuferreteria.online by Ferreter\u00eda La Salle","description":"Hazlo tu mismo","potentialAction":[{"@type":"SearchAction","target":{"@type":"EntryPoint","urlTemplate":"https:\/\/tuferreteria.online\/hazlo-tu-mismo\/?s={search_term_string}"},"query-input":{"@type":"PropertyValueSpecification","valueRequired":true,"valueName":"search_term_string"}}],"inLanguage":"es"}]}},"_links":{"self":[{"href":"https:\/\/tuferreteria.online\/hazlo-tu-mismo\/wp-json\/wp\/v2\/product\/23492","targetHints":{"allow":["GET"]}}],"collection":[{"href":"https:\/\/tuferreteria.online\/hazlo-tu-mismo\/wp-json\/wp\/v2\/product"}],"about":[{"href":"https:\/\/tuferreteria.online\/hazlo-tu-mismo\/wp-json\/wp\/v2\/types\/product"}],"replies":[{"embeddable":true,"href":"https:\/\/tuferreteria.online\/hazlo-tu-mismo\/wp-json\/wp\/v2\/comments?post=23492"}],"wp:featuredmedia":[{"embeddable":true,"href":"https:\/\/tuferreteria.online\/hazlo-tu-mismo\/wp-json\/wp\/v2\/media\/23502"}],"wp:attachment":[{"href":"https:\/\/tuferreteria.online\/hazlo-tu-mismo\/wp-json\/wp\/v2\/media?parent=23492"}],"wp:term":[{"taxonomy":"brand","embeddable":true,"href":"https:\/\/tuferreteria.online\/hazlo-tu-mismo\/wp-json\/wp\/v2\/etheme_brands?post=23492"},{"taxonomy":"product_brand","embeddable":true,"href":"https:\/\/tuferreteria.online\/hazlo-tu-mismo\/wp-json\/wp\/v2\/product_brand?post=23492"},{"taxonomy":"product_cat","embeddable":true,"href":"https:\/\/tuferreteria.online\/hazlo-tu-mismo\/wp-json\/wp\/v2\/product_cat?post=23492"},{"taxonomy":"product_tag","embeddable":true,"href":"https:\/\/tuferreteria.online\/hazlo-tu-mismo\/wp-json\/wp\/v2\/product_tag?post=23492"}],"curies":[{"name":"wp","href":"https:\/\/api.w.org\/{rel}","templated":true}]}}