{"id":23558,"date":"2020-10-22T10:38:31","date_gmt":"2020-10-22T09:38:31","guid":{"rendered":"https:\/\/tuferreteria.online\/hazlo-tu-mismo\/tienda\/sin%20categor\u00eda\/adaptador-induccion-vitro-24cms\/"},"modified":"2026-03-11T10:33:45","modified_gmt":"2026-03-11T09:33:45","slug":"adaptador-induccion-vitro-24cms","status":"publish","type":"product","link":"https:\/\/tuferreteria.online\/hazlo-tu-mismo\/tienda\/hogar\/cocina\/ollas-calderos-sartenes\/adaptador-induccion-vitro-24cms\/","title":{"rendered":"ADAPTADOR INDUCCI\u00d3N-VITRO 24CMS"},"content":{"rendered":"<div class=\"wpb-content-wrapper\"><p>[vc_row][vc_column][vc_column_text]<\/p>\n<h2 style=\"text-align: center;\"><span style=\"font-size: 24pt; color: #ede85f;\">Adaptador Inducci\u00f3n &#8211; Vitro<\/span><\/h2>\n<p>&nbsp;<\/p>\n<h3>Caracter\u00edsticas:<\/h3>\n<p>&nbsp;<\/p>\n<p style=\"text-align: justify;\">Con el adaptador Inducci\u00f3n &#8211; Vitro no te har\u00e1 falta quitar tus calderos y ollas antiguas.<\/p>\n<p style=\"text-align: justify;\">S\u00f3lo tienes que usarlo debajo de tu cazo y listo har\u00e1 que sirva para tu cocina de inducci\u00f3n.<\/p>\n<p style=\"text-align: justify;\">Tiene 24 cent\u00edmetros de di\u00e1metro.<\/p>\n<p style=\"text-align: justify;\">\u00a1Recuerda no usarlo s\u00f3lo en el fuego, siempre tienes que ponerle un cazo, cafetera, etc&#8230; encima!<\/p>\n<p>[\/vc_column_text][\/vc_column][\/vc_row]<\/p>\n<\/div>","protected":false},"excerpt":{"rendered":"<h2>ADAPTADOR INDUCCI\u00d3N-VITRO 24CMS<\/h2>\n","protected":false},"featured_media":23608,"comment_status":"closed","ping_status":"closed","template":"","meta":{"_exactmetrics_skip_tracking":false,"_exactmetrics_sitenote_active":false,"_exactmetrics_sitenote_note":"","_exactmetrics_sitenote_category":0,"_joinchat":[]},"etheme_brands":[{"term_id":1813,"name":"IBILI","slug":"ibili","term_group":0,"term_taxonomy_id":1813,"taxonomy":"brand","description":"","parent":0,"count":10,"filter":"raw"}],"product_brand":[],"product_cat":[516,78,84],"product_tag":[1859,1858,1860],"class_list":{"0":"post-23558","1":"product","2":"type-product","3":"status-publish","4":"has-post-thumbnail","6":"brand-ibili","7":"product_cat-cocina","8":"product_cat-hogar","9":"product_cat-ollas-calderos-sartenes","10":"product_tag-adaptador-induccion","11":"product_tag-adaptador-induccion-a-vitroceramica","12":"product_tag-adaptador-induccion-ibili","13":"product_shipping_class-envio-peso","15":"first","16":"instock","17":"taxable","18":"shipping-taxable","19":"purchasable","20":"product-type-simple"},"yoast_head":"<!-- This site is optimized with the Yoast SEO plugin v24.9 - https:\/\/yoast.com\/wordpress\/plugins\/seo\/ -->\n<title>ADAPTADOR INDUCCI\u00d3N-VITRO 24CMS - Tienda de tuferreteria.online by Ferreter\u00eda La Salle<\/title>\n<meta name=\"description\" content=\"Con el adaptador Inducci\u00f3n - Vitro no te har\u00e1 falta quitar tus calderos y ollas antiguas. S\u00f3lo tienes que usarlo debajo de tu cazo y listo har\u00e1 que sirva para tu cocina de inducci\u00f3n.\" \/>\n<meta name=\"robots\" content=\"index, follow, max-snippet:-1, max-image-preview:large, max-video-preview:-1\" \/>\n<link rel=\"canonical\" href=\"https:\/\/tuferreteria.online\/hazlo-tu-mismo\/tienda\/hogar\/cocina\/ollas-calderos-sartenes\/adaptador-induccion-vitro-24cms\/\" \/>\n<meta property=\"og:locale\" content=\"es_ES\" \/>\n<meta property=\"og:type\" content=\"article\" \/>\n<meta property=\"og:title\" content=\"ADAPTADOR INDUCCI\u00d3N-VITRO 24CMS - Tienda de tuferreteria.online by Ferreter\u00eda La Salle\" \/>\n<meta property=\"og:description\" content=\"Con el adaptador Inducci\u00f3n - Vitro no te har\u00e1 falta quitar tus calderos y ollas antiguas. S\u00f3lo tienes que usarlo debajo de tu cazo y listo har\u00e1 que sirva para tu cocina de inducci\u00f3n.\" \/>\n<meta property=\"og:url\" content=\"https:\/\/tuferreteria.online\/hazlo-tu-mismo\/tienda\/hogar\/cocina\/ollas-calderos-sartenes\/adaptador-induccion-vitro-24cms\/\" \/>\n<meta property=\"og:site_name\" content=\"Tienda de tuferreteria.online by Ferreter\u00eda La Salle\" \/>\n<meta property=\"article:modified_time\" content=\"2026-03-11T09:33:45+00:00\" \/>\n<meta property=\"og:image\" content=\"https:\/\/tuferreteria.online\/hazlo-tu-mismo\/wp-content\/uploads\/2020\/10\/ADAPTADOR-INDUCCION-VITRO-.jpg\" \/>\n\t<meta property=\"og:image:width\" content=\"600\" \/>\n\t<meta property=\"og:image:height\" content=\"600\" \/>\n\t<meta property=\"og:image:type\" content=\"image\/jpeg\" \/>\n<meta name=\"twitter:card\" content=\"summary_large_image\" \/>\n<script type=\"application\/ld+json\" class=\"yoast-schema-graph\">{\"@context\":\"https:\/\/schema.org\",\"@graph\":[{\"@type\":\"WebPage\",\"@id\":\"https:\/\/tuferreteria.online\/hazlo-tu-mismo\/tienda\/hogar\/cocina\/ollas-calderos-sartenes\/adaptador-induccion-vitro-24cms\/\",\"url\":\"https:\/\/tuferreteria.online\/hazlo-tu-mismo\/tienda\/hogar\/cocina\/ollas-calderos-sartenes\/adaptador-induccion-vitro-24cms\/\",\"name\":\"ADAPTADOR INDUCCI\u00d3N-VITRO 24CMS - Tienda de tuferreteria.online by Ferreter\u00eda La Salle\",\"isPartOf\":{\"@id\":\"https:\/\/tuferreteria.online\/hazlo-tu-mismo\/#website\"},\"primaryImageOfPage\":{\"@id\":\"https:\/\/tuferreteria.online\/hazlo-tu-mismo\/tienda\/hogar\/cocina\/ollas-calderos-sartenes\/adaptador-induccion-vitro-24cms\/#primaryimage\"},\"image\":{\"@id\":\"https:\/\/tuferreteria.online\/hazlo-tu-mismo\/tienda\/hogar\/cocina\/ollas-calderos-sartenes\/adaptador-induccion-vitro-24cms\/#primaryimage\"},\"thumbnailUrl\":\"https:\/\/tuferreteria.online\/hazlo-tu-mismo\/wp-content\/uploads\/2020\/10\/ADAPTADOR-INDUCCION-VITRO-.jpg\",\"datePublished\":\"2020-10-22T09:38:31+00:00\",\"dateModified\":\"2026-03-11T09:33:45+00:00\",\"description\":\"Con el adaptador Inducci\u00f3n - Vitro no te har\u00e1 falta quitar tus calderos y ollas antiguas. S\u00f3lo tienes que usarlo debajo de tu cazo y listo har\u00e1 que sirva para tu cocina de inducci\u00f3n.\",\"breadcrumb\":{\"@id\":\"https:\/\/tuferreteria.online\/hazlo-tu-mismo\/tienda\/hogar\/cocina\/ollas-calderos-sartenes\/adaptador-induccion-vitro-24cms\/#breadcrumb\"},\"inLanguage\":\"es\",\"potentialAction\":[{\"@type\":\"ReadAction\",\"target\":[\"https:\/\/tuferreteria.online\/hazlo-tu-mismo\/tienda\/hogar\/cocina\/ollas-calderos-sartenes\/adaptador-induccion-vitro-24cms\/\"]}]},{\"@type\":\"ImageObject\",\"inLanguage\":\"es\",\"@id\":\"https:\/\/tuferreteria.online\/hazlo-tu-mismo\/tienda\/hogar\/cocina\/ollas-calderos-sartenes\/adaptador-induccion-vitro-24cms\/#primaryimage\",\"url\":\"https:\/\/tuferreteria.online\/hazlo-tu-mismo\/wp-content\/uploads\/2020\/10\/ADAPTADOR-INDUCCION-VITRO-.jpg\",\"contentUrl\":\"https:\/\/tuferreteria.online\/hazlo-tu-mismo\/wp-content\/uploads\/2020\/10\/ADAPTADOR-INDUCCION-VITRO-.jpg\",\"width\":600,\"height\":600,\"caption\":\"ADAPTADOR-INDUCCI\u00d3N-VITRO-\"},{\"@type\":\"BreadcrumbList\",\"@id\":\"https:\/\/tuferreteria.online\/hazlo-tu-mismo\/tienda\/hogar\/cocina\/ollas-calderos-sartenes\/adaptador-induccion-vitro-24cms\/#breadcrumb\",\"itemListElement\":[{\"@type\":\"ListItem\",\"position\":1,\"name\":\"Portada\",\"item\":\"https:\/\/tuferreteria.online\/hazlo-tu-mismo\/\"},{\"@type\":\"ListItem\",\"position\":2,\"name\":\"Tienda\",\"item\":\"https:\/\/tuferreteria.online\/hazlo-tu-mismo\/tienda\/\"},{\"@type\":\"ListItem\",\"position\":3,\"name\":\"ADAPTADOR INDUCCI\u00d3N-VITRO 24CMS\"}]},{\"@type\":\"WebSite\",\"@id\":\"https:\/\/tuferreteria.online\/hazlo-tu-mismo\/#website\",\"url\":\"https:\/\/tuferreteria.online\/hazlo-tu-mismo\/\",\"name\":\"Tienda de tuferreteria.online by Ferreter\u00eda La Salle\",\"description\":\"Hazlo tu mismo\",\"potentialAction\":[{\"@type\":\"SearchAction\",\"target\":{\"@type\":\"EntryPoint\",\"urlTemplate\":\"https:\/\/tuferreteria.online\/hazlo-tu-mismo\/?s={search_term_string}\"},\"query-input\":{\"@type\":\"PropertyValueSpecification\",\"valueRequired\":true,\"valueName\":\"search_term_string\"}}],\"inLanguage\":\"es\"}]}<\/script>\n<!-- \/ Yoast SEO plugin. -->","yoast_head_json":{"title":"ADAPTADOR INDUCCI\u00d3N-VITRO 24CMS - Tienda de tuferreteria.online by Ferreter\u00eda La Salle","description":"Con el adaptador Inducci\u00f3n - Vitro no te har\u00e1 falta quitar tus calderos y ollas antiguas. S\u00f3lo tienes que usarlo debajo de tu cazo y listo har\u00e1 que sirva para tu cocina de inducci\u00f3n.","robots":{"index":"index","follow":"follow","max-snippet":"max-snippet:-1","max-image-preview":"max-image-preview:large","max-video-preview":"max-video-preview:-1"},"canonical":"https:\/\/tuferreteria.online\/hazlo-tu-mismo\/tienda\/hogar\/cocina\/ollas-calderos-sartenes\/adaptador-induccion-vitro-24cms\/","og_locale":"es_ES","og_type":"article","og_title":"ADAPTADOR INDUCCI\u00d3N-VITRO 24CMS - Tienda de tuferreteria.online by Ferreter\u00eda La Salle","og_description":"Con el adaptador Inducci\u00f3n - Vitro no te har\u00e1 falta quitar tus calderos y ollas antiguas. S\u00f3lo tienes que usarlo debajo de tu cazo y listo har\u00e1 que sirva para tu cocina de inducci\u00f3n.","og_url":"https:\/\/tuferreteria.online\/hazlo-tu-mismo\/tienda\/hogar\/cocina\/ollas-calderos-sartenes\/adaptador-induccion-vitro-24cms\/","og_site_name":"Tienda de tuferreteria.online by Ferreter\u00eda La Salle","article_modified_time":"2026-03-11T09:33:45+00:00","og_image":[{"width":600,"height":600,"url":"https:\/\/tuferreteria.online\/hazlo-tu-mismo\/wp-content\/uploads\/2020\/10\/ADAPTADOR-INDUCCION-VITRO-.jpg","type":"image\/jpeg"}],"twitter_card":"summary_large_image","schema":{"@context":"https:\/\/schema.org","@graph":[{"@type":"WebPage","@id":"https:\/\/tuferreteria.online\/hazlo-tu-mismo\/tienda\/hogar\/cocina\/ollas-calderos-sartenes\/adaptador-induccion-vitro-24cms\/","url":"https:\/\/tuferreteria.online\/hazlo-tu-mismo\/tienda\/hogar\/cocina\/ollas-calderos-sartenes\/adaptador-induccion-vitro-24cms\/","name":"ADAPTADOR INDUCCI\u00d3N-VITRO 24CMS - Tienda de tuferreteria.online by Ferreter\u00eda La Salle","isPartOf":{"@id":"https:\/\/tuferreteria.online\/hazlo-tu-mismo\/#website"},"primaryImageOfPage":{"@id":"https:\/\/tuferreteria.online\/hazlo-tu-mismo\/tienda\/hogar\/cocina\/ollas-calderos-sartenes\/adaptador-induccion-vitro-24cms\/#primaryimage"},"image":{"@id":"https:\/\/tuferreteria.online\/hazlo-tu-mismo\/tienda\/hogar\/cocina\/ollas-calderos-sartenes\/adaptador-induccion-vitro-24cms\/#primaryimage"},"thumbnailUrl":"https:\/\/tuferreteria.online\/hazlo-tu-mismo\/wp-content\/uploads\/2020\/10\/ADAPTADOR-INDUCCION-VITRO-.jpg","datePublished":"2020-10-22T09:38:31+00:00","dateModified":"2026-03-11T09:33:45+00:00","description":"Con el adaptador Inducci\u00f3n - Vitro no te har\u00e1 falta quitar tus calderos y ollas antiguas. S\u00f3lo tienes que usarlo debajo de tu cazo y listo har\u00e1 que sirva para tu cocina de inducci\u00f3n.","breadcrumb":{"@id":"https:\/\/tuferreteria.online\/hazlo-tu-mismo\/tienda\/hogar\/cocina\/ollas-calderos-sartenes\/adaptador-induccion-vitro-24cms\/#breadcrumb"},"inLanguage":"es","potentialAction":[{"@type":"ReadAction","target":["https:\/\/tuferreteria.online\/hazlo-tu-mismo\/tienda\/hogar\/cocina\/ollas-calderos-sartenes\/adaptador-induccion-vitro-24cms\/"]}]},{"@type":"ImageObject","inLanguage":"es","@id":"https:\/\/tuferreteria.online\/hazlo-tu-mismo\/tienda\/hogar\/cocina\/ollas-calderos-sartenes\/adaptador-induccion-vitro-24cms\/#primaryimage","url":"https:\/\/tuferreteria.online\/hazlo-tu-mismo\/wp-content\/uploads\/2020\/10\/ADAPTADOR-INDUCCION-VITRO-.jpg","contentUrl":"https:\/\/tuferreteria.online\/hazlo-tu-mismo\/wp-content\/uploads\/2020\/10\/ADAPTADOR-INDUCCION-VITRO-.jpg","width":600,"height":600,"caption":"ADAPTADOR-INDUCCI\u00d3N-VITRO-"},{"@type":"BreadcrumbList","@id":"https:\/\/tuferreteria.online\/hazlo-tu-mismo\/tienda\/hogar\/cocina\/ollas-calderos-sartenes\/adaptador-induccion-vitro-24cms\/#breadcrumb","itemListElement":[{"@type":"ListItem","position":1,"name":"Portada","item":"https:\/\/tuferreteria.online\/hazlo-tu-mismo\/"},{"@type":"ListItem","position":2,"name":"Tienda","item":"https:\/\/tuferreteria.online\/hazlo-tu-mismo\/tienda\/"},{"@type":"ListItem","position":3,"name":"ADAPTADOR INDUCCI\u00d3N-VITRO 24CMS"}]},{"@type":"WebSite","@id":"https:\/\/tuferreteria.online\/hazlo-tu-mismo\/#website","url":"https:\/\/tuferreteria.online\/hazlo-tu-mismo\/","name":"Tienda de tuferreteria.online by Ferreter\u00eda La Salle","description":"Hazlo tu mismo","potentialAction":[{"@type":"SearchAction","target":{"@type":"EntryPoint","urlTemplate":"https:\/\/tuferreteria.online\/hazlo-tu-mismo\/?s={search_term_string}"},"query-input":{"@type":"PropertyValueSpecification","valueRequired":true,"valueName":"search_term_string"}}],"inLanguage":"es"}]}},"_links":{"self":[{"href":"https:\/\/tuferreteria.online\/hazlo-tu-mismo\/wp-json\/wp\/v2\/product\/23558","targetHints":{"allow":["GET"]}}],"collection":[{"href":"https:\/\/tuferreteria.online\/hazlo-tu-mismo\/wp-json\/wp\/v2\/product"}],"about":[{"href":"https:\/\/tuferreteria.online\/hazlo-tu-mismo\/wp-json\/wp\/v2\/types\/product"}],"replies":[{"embeddable":true,"href":"https:\/\/tuferreteria.online\/hazlo-tu-mismo\/wp-json\/wp\/v2\/comments?post=23558"}],"wp:featuredmedia":[{"embeddable":true,"href":"https:\/\/tuferreteria.online\/hazlo-tu-mismo\/wp-json\/wp\/v2\/media\/23608"}],"wp:attachment":[{"href":"https:\/\/tuferreteria.online\/hazlo-tu-mismo\/wp-json\/wp\/v2\/media?parent=23558"}],"wp:term":[{"taxonomy":"brand","embeddable":true,"href":"https:\/\/tuferreteria.online\/hazlo-tu-mismo\/wp-json\/wp\/v2\/etheme_brands?post=23558"},{"taxonomy":"product_brand","embeddable":true,"href":"https:\/\/tuferreteria.online\/hazlo-tu-mismo\/wp-json\/wp\/v2\/product_brand?post=23558"},{"taxonomy":"product_cat","embeddable":true,"href":"https:\/\/tuferreteria.online\/hazlo-tu-mismo\/wp-json\/wp\/v2\/product_cat?post=23558"},{"taxonomy":"product_tag","embeddable":true,"href":"https:\/\/tuferreteria.online\/hazlo-tu-mismo\/wp-json\/wp\/v2\/product_tag?post=23558"}],"curies":[{"name":"wp","href":"https:\/\/api.w.org\/{rel}","templated":true}]}}