{"id":23561,"date":"2020-10-22T10:39:28","date_gmt":"2020-10-22T09:39:28","guid":{"rendered":"https:\/\/tuferreteria.online\/hazlo-tu-mismo\/tienda\/sin%20categor\u00eda\/set-4-cazos-medida-nylon-m-inox-ibili\/"},"modified":"2026-03-11T10:34:55","modified_gmt":"2026-03-11T09:34:55","slug":"tazas-medidoras-reposteria-ibili","status":"publish","type":"product","link":"https:\/\/tuferreteria.online\/hazlo-tu-mismo\/tienda\/hogar\/cocina\/resposteria\/tazas-medidoras-reposteria-ibili\/","title":{"rendered":"TAZAS MEDIDORAS REPOSTER\u00cdA IBILI"},"content":{"rendered":"<div class=\"wpb-content-wrapper\"><p>[vc_row][vc_column][vc_column_text]<\/p>\n<h2 style=\"text-align: center;\"><span style=\"font-size: 24pt; color: #ede85f;\">Tazas Medidoras Reposter\u00eda<\/span><\/h2>\n<p>&nbsp;<\/p>\n<h3>Caracter\u00edsticas:<\/h3>\n<p>&nbsp;<\/p>\n<p style=\"text-align: justify;\">Las tazas medidoras de reposter\u00eda son las medidas m\u00e1s comunes que te encontrar\u00e1s en una receta americana o inglesa.<\/p>\n<p style=\"text-align: justify;\">Te vendr\u00e1 como 1 Cup que significa 1 Taza, 1\/2 Cup &#8211; media taza, 1\/3 Cup &#8211; Un tercio de Taza y 1\/4 Cup &#8211; 1\/4 de Taza.<\/p>\n<p style=\"text-align: justify;\">La verdad es que la receta que tiene estas medidas es muy c\u00f3moda de hacer sin necesidad de tener una pesa muy precisa en casa, ya que en la reposter\u00eda tienes que respetar y seguir muy bien las medidas, porque son procesos qu\u00edmicos, y si no nos puede salir todo mal.<\/p>\n<p style=\"text-align: justify;\">Son de nylon, con mango de acero inoxidable, yo tengo unas iguales hace muchos a\u00f1os y siguen como el primer d\u00eda.<\/p>\n<p>[\/vc_column_text][\/vc_column][\/vc_row]<\/p>\n<\/div>","protected":false},"excerpt":{"rendered":"<h2>TAZAS MEDIDORAS 1 CUP, 1\/2 CUP, 1\/3 CUP Y 1\/4 CUP.<\/h2>\n","protected":false},"featured_media":23598,"comment_status":"closed","ping_status":"closed","template":"","meta":{"_exactmetrics_skip_tracking":false,"_exactmetrics_sitenote_active":false,"_exactmetrics_sitenote_note":"","_exactmetrics_sitenote_category":0,"_joinchat":[]},"etheme_brands":[{"term_id":1813,"name":"IBILI","slug":"ibili","term_group":0,"term_taxonomy_id":1813,"taxonomy":"brand","description":"","parent":0,"count":10,"filter":"raw"}],"product_brand":[],"product_cat":[516,78,1812],"product_tag":[1835,2038,1832,1833,1834,1831,2037],"class_list":{"0":"post-23561","1":"product","2":"type-product","3":"status-publish","4":"has-post-thumbnail","6":"brand-ibili","7":"product_cat-cocina","8":"product_cat-hogar","9":"product_cat-resposteria","10":"product_tag-cucharas-medidoras","11":"product_tag-medidor-de-liquidos-para-cocina","12":"product_tag-medidoras-de-cocina","13":"product_tag-medidoras-de-comida","14":"product_tag-medidoras-de-reposteria","15":"product_tag-medidoras-de-tazas","16":"product_tag-medidores-de-cocina-tenerife","17":"product_shipping_class-envio-peso","19":"first","20":"instock","21":"taxable","22":"shipping-taxable","23":"purchasable","24":"product-type-simple"},"yoast_head":"<!-- This site is optimized with the Yoast SEO plugin v24.9 - https:\/\/yoast.com\/wordpress\/plugins\/seo\/ -->\n<title>TAZAS MEDIDORAS REPOSTER\u00cdA IBILI - Tienda de tuferreteria.online by Ferreter\u00eda La Salle<\/title>\n<meta name=\"description\" content=\"Las tazas medidoras de reposter\u00eda son las medidas m\u00e1s comunes que te encontrar\u00e1s en una receta americana o inglesa. Te vendr\u00e1 como 1 Cup...\" \/>\n<meta name=\"robots\" content=\"index, follow, max-snippet:-1, max-image-preview:large, max-video-preview:-1\" \/>\n<link rel=\"canonical\" href=\"https:\/\/tuferreteria.online\/hazlo-tu-mismo\/tienda\/hogar\/cocina\/resposteria\/tazas-medidoras-reposteria-ibili\/\" \/>\n<meta property=\"og:locale\" content=\"es_ES\" \/>\n<meta property=\"og:type\" content=\"article\" \/>\n<meta property=\"og:title\" content=\"TAZAS MEDIDORAS REPOSTER\u00cdA IBILI - Tienda de tuferreteria.online by Ferreter\u00eda La Salle\" \/>\n<meta property=\"og:description\" content=\"Las tazas medidoras de reposter\u00eda son las medidas m\u00e1s comunes que te encontrar\u00e1s en una receta americana o inglesa. Te vendr\u00e1 como 1 Cup...\" \/>\n<meta property=\"og:url\" content=\"https:\/\/tuferreteria.online\/hazlo-tu-mismo\/tienda\/hogar\/cocina\/resposteria\/tazas-medidoras-reposteria-ibili\/\" \/>\n<meta property=\"og:site_name\" content=\"Tienda de tuferreteria.online by Ferreter\u00eda La Salle\" \/>\n<meta property=\"article:modified_time\" content=\"2026-03-11T09:34:55+00:00\" \/>\n<meta property=\"og:image\" content=\"https:\/\/tuferreteria.online\/hazlo-tu-mismo\/wp-content\/uploads\/2020\/10\/TAZAS-MEDIDORAS-.jpg\" \/>\n\t<meta property=\"og:image:width\" content=\"600\" \/>\n\t<meta property=\"og:image:height\" content=\"600\" \/>\n\t<meta property=\"og:image:type\" content=\"image\/jpeg\" \/>\n<meta name=\"twitter:card\" content=\"summary_large_image\" \/>\n<meta name=\"twitter:label1\" content=\"Tiempo de lectura\" \/>\n\t<meta name=\"twitter:data1\" content=\"1 minuto\" \/>\n<script type=\"application\/ld+json\" class=\"yoast-schema-graph\">{\"@context\":\"https:\/\/schema.org\",\"@graph\":[{\"@type\":\"WebPage\",\"@id\":\"https:\/\/tuferreteria.online\/hazlo-tu-mismo\/tienda\/hogar\/cocina\/resposteria\/tazas-medidoras-reposteria-ibili\/\",\"url\":\"https:\/\/tuferreteria.online\/hazlo-tu-mismo\/tienda\/hogar\/cocina\/resposteria\/tazas-medidoras-reposteria-ibili\/\",\"name\":\"TAZAS MEDIDORAS REPOSTER\u00cdA IBILI - Tienda de tuferreteria.online by Ferreter\u00eda La Salle\",\"isPartOf\":{\"@id\":\"https:\/\/tuferreteria.online\/hazlo-tu-mismo\/#website\"},\"primaryImageOfPage\":{\"@id\":\"https:\/\/tuferreteria.online\/hazlo-tu-mismo\/tienda\/hogar\/cocina\/resposteria\/tazas-medidoras-reposteria-ibili\/#primaryimage\"},\"image\":{\"@id\":\"https:\/\/tuferreteria.online\/hazlo-tu-mismo\/tienda\/hogar\/cocina\/resposteria\/tazas-medidoras-reposteria-ibili\/#primaryimage\"},\"thumbnailUrl\":\"https:\/\/tuferreteria.online\/hazlo-tu-mismo\/wp-content\/uploads\/2020\/10\/TAZAS-MEDIDORAS-.jpg\",\"datePublished\":\"2020-10-22T09:39:28+00:00\",\"dateModified\":\"2026-03-11T09:34:55+00:00\",\"description\":\"Las tazas medidoras de reposter\u00eda son las medidas m\u00e1s comunes que te encontrar\u00e1s en una receta americana o inglesa. Te vendr\u00e1 como 1 Cup...\",\"breadcrumb\":{\"@id\":\"https:\/\/tuferreteria.online\/hazlo-tu-mismo\/tienda\/hogar\/cocina\/resposteria\/tazas-medidoras-reposteria-ibili\/#breadcrumb\"},\"inLanguage\":\"es\",\"potentialAction\":[{\"@type\":\"ReadAction\",\"target\":[\"https:\/\/tuferreteria.online\/hazlo-tu-mismo\/tienda\/hogar\/cocina\/resposteria\/tazas-medidoras-reposteria-ibili\/\"]}]},{\"@type\":\"ImageObject\",\"inLanguage\":\"es\",\"@id\":\"https:\/\/tuferreteria.online\/hazlo-tu-mismo\/tienda\/hogar\/cocina\/resposteria\/tazas-medidoras-reposteria-ibili\/#primaryimage\",\"url\":\"https:\/\/tuferreteria.online\/hazlo-tu-mismo\/wp-content\/uploads\/2020\/10\/TAZAS-MEDIDORAS-.jpg\",\"contentUrl\":\"https:\/\/tuferreteria.online\/hazlo-tu-mismo\/wp-content\/uploads\/2020\/10\/TAZAS-MEDIDORAS-.jpg\",\"width\":600,\"height\":600,\"caption\":\"TAZAS-MEDIDORAS\"},{\"@type\":\"BreadcrumbList\",\"@id\":\"https:\/\/tuferreteria.online\/hazlo-tu-mismo\/tienda\/hogar\/cocina\/resposteria\/tazas-medidoras-reposteria-ibili\/#breadcrumb\",\"itemListElement\":[{\"@type\":\"ListItem\",\"position\":1,\"name\":\"Portada\",\"item\":\"https:\/\/tuferreteria.online\/hazlo-tu-mismo\/\"},{\"@type\":\"ListItem\",\"position\":2,\"name\":\"Tienda\",\"item\":\"https:\/\/tuferreteria.online\/hazlo-tu-mismo\/tienda\/\"},{\"@type\":\"ListItem\",\"position\":3,\"name\":\"TAZAS MEDIDORAS REPOSTER\u00cdA IBILI\"}]},{\"@type\":\"WebSite\",\"@id\":\"https:\/\/tuferreteria.online\/hazlo-tu-mismo\/#website\",\"url\":\"https:\/\/tuferreteria.online\/hazlo-tu-mismo\/\",\"name\":\"Tienda de tuferreteria.online by Ferreter\u00eda La Salle\",\"description\":\"Hazlo tu mismo\",\"potentialAction\":[{\"@type\":\"SearchAction\",\"target\":{\"@type\":\"EntryPoint\",\"urlTemplate\":\"https:\/\/tuferreteria.online\/hazlo-tu-mismo\/?s={search_term_string}\"},\"query-input\":{\"@type\":\"PropertyValueSpecification\",\"valueRequired\":true,\"valueName\":\"search_term_string\"}}],\"inLanguage\":\"es\"}]}<\/script>\n<!-- \/ Yoast SEO plugin. -->","yoast_head_json":{"title":"TAZAS MEDIDORAS REPOSTER\u00cdA IBILI - Tienda de tuferreteria.online by Ferreter\u00eda La Salle","description":"Las tazas medidoras de reposter\u00eda son las medidas m\u00e1s comunes que te encontrar\u00e1s en una receta americana o inglesa. Te vendr\u00e1 como 1 Cup...","robots":{"index":"index","follow":"follow","max-snippet":"max-snippet:-1","max-image-preview":"max-image-preview:large","max-video-preview":"max-video-preview:-1"},"canonical":"https:\/\/tuferreteria.online\/hazlo-tu-mismo\/tienda\/hogar\/cocina\/resposteria\/tazas-medidoras-reposteria-ibili\/","og_locale":"es_ES","og_type":"article","og_title":"TAZAS MEDIDORAS REPOSTER\u00cdA IBILI - Tienda de tuferreteria.online by Ferreter\u00eda La Salle","og_description":"Las tazas medidoras de reposter\u00eda son las medidas m\u00e1s comunes que te encontrar\u00e1s en una receta americana o inglesa. Te vendr\u00e1 como 1 Cup...","og_url":"https:\/\/tuferreteria.online\/hazlo-tu-mismo\/tienda\/hogar\/cocina\/resposteria\/tazas-medidoras-reposteria-ibili\/","og_site_name":"Tienda de tuferreteria.online by Ferreter\u00eda La Salle","article_modified_time":"2026-03-11T09:34:55+00:00","og_image":[{"width":600,"height":600,"url":"https:\/\/tuferreteria.online\/hazlo-tu-mismo\/wp-content\/uploads\/2020\/10\/TAZAS-MEDIDORAS-.jpg","type":"image\/jpeg"}],"twitter_card":"summary_large_image","twitter_misc":{"Tiempo de lectura":"1 minuto"},"schema":{"@context":"https:\/\/schema.org","@graph":[{"@type":"WebPage","@id":"https:\/\/tuferreteria.online\/hazlo-tu-mismo\/tienda\/hogar\/cocina\/resposteria\/tazas-medidoras-reposteria-ibili\/","url":"https:\/\/tuferreteria.online\/hazlo-tu-mismo\/tienda\/hogar\/cocina\/resposteria\/tazas-medidoras-reposteria-ibili\/","name":"TAZAS MEDIDORAS REPOSTER\u00cdA IBILI - Tienda de tuferreteria.online by Ferreter\u00eda La Salle","isPartOf":{"@id":"https:\/\/tuferreteria.online\/hazlo-tu-mismo\/#website"},"primaryImageOfPage":{"@id":"https:\/\/tuferreteria.online\/hazlo-tu-mismo\/tienda\/hogar\/cocina\/resposteria\/tazas-medidoras-reposteria-ibili\/#primaryimage"},"image":{"@id":"https:\/\/tuferreteria.online\/hazlo-tu-mismo\/tienda\/hogar\/cocina\/resposteria\/tazas-medidoras-reposteria-ibili\/#primaryimage"},"thumbnailUrl":"https:\/\/tuferreteria.online\/hazlo-tu-mismo\/wp-content\/uploads\/2020\/10\/TAZAS-MEDIDORAS-.jpg","datePublished":"2020-10-22T09:39:28+00:00","dateModified":"2026-03-11T09:34:55+00:00","description":"Las tazas medidoras de reposter\u00eda son las medidas m\u00e1s comunes que te encontrar\u00e1s en una receta americana o inglesa. Te vendr\u00e1 como 1 Cup...","breadcrumb":{"@id":"https:\/\/tuferreteria.online\/hazlo-tu-mismo\/tienda\/hogar\/cocina\/resposteria\/tazas-medidoras-reposteria-ibili\/#breadcrumb"},"inLanguage":"es","potentialAction":[{"@type":"ReadAction","target":["https:\/\/tuferreteria.online\/hazlo-tu-mismo\/tienda\/hogar\/cocina\/resposteria\/tazas-medidoras-reposteria-ibili\/"]}]},{"@type":"ImageObject","inLanguage":"es","@id":"https:\/\/tuferreteria.online\/hazlo-tu-mismo\/tienda\/hogar\/cocina\/resposteria\/tazas-medidoras-reposteria-ibili\/#primaryimage","url":"https:\/\/tuferreteria.online\/hazlo-tu-mismo\/wp-content\/uploads\/2020\/10\/TAZAS-MEDIDORAS-.jpg","contentUrl":"https:\/\/tuferreteria.online\/hazlo-tu-mismo\/wp-content\/uploads\/2020\/10\/TAZAS-MEDIDORAS-.jpg","width":600,"height":600,"caption":"TAZAS-MEDIDORAS"},{"@type":"BreadcrumbList","@id":"https:\/\/tuferreteria.online\/hazlo-tu-mismo\/tienda\/hogar\/cocina\/resposteria\/tazas-medidoras-reposteria-ibili\/#breadcrumb","itemListElement":[{"@type":"ListItem","position":1,"name":"Portada","item":"https:\/\/tuferreteria.online\/hazlo-tu-mismo\/"},{"@type":"ListItem","position":2,"name":"Tienda","item":"https:\/\/tuferreteria.online\/hazlo-tu-mismo\/tienda\/"},{"@type":"ListItem","position":3,"name":"TAZAS MEDIDORAS REPOSTER\u00cdA IBILI"}]},{"@type":"WebSite","@id":"https:\/\/tuferreteria.online\/hazlo-tu-mismo\/#website","url":"https:\/\/tuferreteria.online\/hazlo-tu-mismo\/","name":"Tienda de tuferreteria.online by Ferreter\u00eda La Salle","description":"Hazlo tu mismo","potentialAction":[{"@type":"SearchAction","target":{"@type":"EntryPoint","urlTemplate":"https:\/\/tuferreteria.online\/hazlo-tu-mismo\/?s={search_term_string}"},"query-input":{"@type":"PropertyValueSpecification","valueRequired":true,"valueName":"search_term_string"}}],"inLanguage":"es"}]}},"_links":{"self":[{"href":"https:\/\/tuferreteria.online\/hazlo-tu-mismo\/wp-json\/wp\/v2\/product\/23561","targetHints":{"allow":["GET"]}}],"collection":[{"href":"https:\/\/tuferreteria.online\/hazlo-tu-mismo\/wp-json\/wp\/v2\/product"}],"about":[{"href":"https:\/\/tuferreteria.online\/hazlo-tu-mismo\/wp-json\/wp\/v2\/types\/product"}],"replies":[{"embeddable":true,"href":"https:\/\/tuferreteria.online\/hazlo-tu-mismo\/wp-json\/wp\/v2\/comments?post=23561"}],"wp:featuredmedia":[{"embeddable":true,"href":"https:\/\/tuferreteria.online\/hazlo-tu-mismo\/wp-json\/wp\/v2\/media\/23598"}],"wp:attachment":[{"href":"https:\/\/tuferreteria.online\/hazlo-tu-mismo\/wp-json\/wp\/v2\/media?parent=23561"}],"wp:term":[{"taxonomy":"brand","embeddable":true,"href":"https:\/\/tuferreteria.online\/hazlo-tu-mismo\/wp-json\/wp\/v2\/etheme_brands?post=23561"},{"taxonomy":"product_brand","embeddable":true,"href":"https:\/\/tuferreteria.online\/hazlo-tu-mismo\/wp-json\/wp\/v2\/product_brand?post=23561"},{"taxonomy":"product_cat","embeddable":true,"href":"https:\/\/tuferreteria.online\/hazlo-tu-mismo\/wp-json\/wp\/v2\/product_cat?post=23561"},{"taxonomy":"product_tag","embeddable":true,"href":"https:\/\/tuferreteria.online\/hazlo-tu-mismo\/wp-json\/wp\/v2\/product_tag?post=23561"}],"curies":[{"name":"wp","href":"https:\/\/api.w.org\/{rel}","templated":true}]}}