{"id":23714,"date":"2020-10-29T13:28:42","date_gmt":"2020-10-29T12:28:42","guid":{"rendered":"https:\/\/tuferreteria.online\/hazlo-tu-mismo\/tienda\/sin%20categor\u00eda\/guia-gaveta-md-26-c-roda-438x2\/"},"modified":"2026-03-11T11:14:44","modified_gmt":"2026-03-11T10:14:44","slug":"guia-gaveta-cajon-modelo-26","status":"publish","type":"product","link":"https:\/\/tuferreteria.online\/hazlo-tu-mismo\/tienda\/ferreteria\/herrajes\/guia-gaveta-cajon-modelo-26\/","title":{"rendered":"GU\u00cdA GAVETA\/CAJ\u00d3N 43,8 X 2,7 CM."},"content":{"rendered":"<div class=\"wpb-content-wrapper\"><p>[vc_row][vc_column][vc_column_text]<\/p>\n<h2 style=\"text-align: center;\"><span style=\"color: #f9e03a; font-size: 24pt;\">Gu\u00eda Gaveta\/Caj\u00f3n<\/span><\/h2>\n<p>&nbsp;<\/p>\n<h3>Caracter\u00edsticas:<\/h3>\n<p>&nbsp;<\/p>\n<p style=\"text-align: justify;\">La gu\u00eda para gaveta o caj\u00f3n es de corredera met\u00e1lica de extracci\u00f3n parcial con bolas de acero.<\/p>\n<p style=\"text-align: justify;\">Te dar\u00e1n una resistencia de 25 kg.\/par.<\/p>\n<p style=\"text-align: justify;\">Viene un juego de dos, derecha e izquierda.<\/p>\n<p style=\"text-align: justify;\">Con 2,7 cm. de ancho y un largo de 43,8 cm.<\/p>\n<p>[\/vc_column_text][\/vc_column][\/vc_row]<\/p>\n<\/div>","protected":false},"excerpt":{"rendered":"<h2>GU\u00cdA GAVETA MD.26<\/h2>\n","protected":false},"featured_media":23760,"comment_status":"closed","ping_status":"closed","template":"","meta":{"_exactmetrics_skip_tracking":false,"_exactmetrics_sitenote_active":false,"_exactmetrics_sitenote_note":"","_exactmetrics_sitenote_category":0,"_joinchat":[]},"etheme_brands":[{"term_id":371,"name":"AMIG","slug":"amig","term_group":0,"term_taxonomy_id":371,"taxonomy":"brand","description":"","parent":0,"count":10,"filter":"raw"}],"product_brand":[],"product_cat":[416,2464],"product_tag":[1778,1776,1891,1777,1892],"class_list":{"0":"post-23714","1":"product","2":"type-product","3":"status-publish","4":"has-post-thumbnail","6":"brand-amig","7":"product_cat-ferreteria","8":"product_cat-herrajes","9":"product_tag-gaveta","10":"product_tag-guia","11":"product_tag-guia-cajon","12":"product_tag-riel","13":"product_tag-riel-cajon","14":"product_shipping_class-envio-peso","16":"first","17":"instock","18":"taxable","19":"shipping-taxable","20":"purchasable","21":"product-type-simple"},"yoast_head":"<!-- This site is optimized with the Yoast SEO plugin v24.9 - https:\/\/yoast.com\/wordpress\/plugins\/seo\/ -->\n<title>GU\u00cdA GAVETA\/CAJ\u00d3N 43,8 X 2,7 CM. - Tienda de tuferreteria.online by Ferreter\u00eda La Salle<\/title>\n<meta name=\"description\" content=\"La gu\u00eda para gaveta o caj\u00f3n es de corredera met\u00e1lica de extracci\u00f3n parcial con bolas de acero. Te dar\u00e1n una resistencia de 25 kg.\/par.\" \/>\n<meta name=\"robots\" content=\"index, follow, max-snippet:-1, max-image-preview:large, max-video-preview:-1\" \/>\n<link rel=\"canonical\" href=\"https:\/\/tuferreteria.online\/hazlo-tu-mismo\/tienda\/ferreteria\/herrajes\/guia-gaveta-cajon-modelo-26\/\" \/>\n<meta property=\"og:locale\" content=\"es_ES\" \/>\n<meta property=\"og:type\" content=\"article\" \/>\n<meta property=\"og:title\" content=\"GU\u00cdA GAVETA\/CAJ\u00d3N 43,8 X 2,7 CM. - Tienda de tuferreteria.online by Ferreter\u00eda La Salle\" \/>\n<meta property=\"og:description\" content=\"La gu\u00eda para gaveta o caj\u00f3n es de corredera met\u00e1lica de extracci\u00f3n parcial con bolas de acero. Te dar\u00e1n una resistencia de 25 kg.\/par.\" \/>\n<meta property=\"og:url\" content=\"https:\/\/tuferreteria.online\/hazlo-tu-mismo\/tienda\/ferreteria\/herrajes\/guia-gaveta-cajon-modelo-26\/\" \/>\n<meta property=\"og:site_name\" content=\"Tienda de tuferreteria.online by Ferreter\u00eda La Salle\" \/>\n<meta property=\"article:modified_time\" content=\"2026-03-11T10:14:44+00:00\" \/>\n<meta property=\"og:image\" content=\"https:\/\/tuferreteria.online\/hazlo-tu-mismo\/wp-content\/uploads\/2020\/10\/GUIAS-GAVETA-CAJON-MODELO-26-AMIG.jpg\" \/>\n\t<meta property=\"og:image:width\" content=\"600\" \/>\n\t<meta property=\"og:image:height\" content=\"600\" \/>\n\t<meta property=\"og:image:type\" content=\"image\/jpeg\" \/>\n<meta name=\"twitter:card\" content=\"summary_large_image\" \/>\n<script type=\"application\/ld+json\" class=\"yoast-schema-graph\">{\"@context\":\"https:\/\/schema.org\",\"@graph\":[{\"@type\":\"WebPage\",\"@id\":\"https:\/\/tuferreteria.online\/hazlo-tu-mismo\/tienda\/ferreteria\/herrajes\/guia-gaveta-cajon-modelo-26\/\",\"url\":\"https:\/\/tuferreteria.online\/hazlo-tu-mismo\/tienda\/ferreteria\/herrajes\/guia-gaveta-cajon-modelo-26\/\",\"name\":\"GU\u00cdA GAVETA\/CAJ\u00d3N 43,8 X 2,7 CM. - Tienda de tuferreteria.online by Ferreter\u00eda La Salle\",\"isPartOf\":{\"@id\":\"https:\/\/tuferreteria.online\/hazlo-tu-mismo\/#website\"},\"primaryImageOfPage\":{\"@id\":\"https:\/\/tuferreteria.online\/hazlo-tu-mismo\/tienda\/ferreteria\/herrajes\/guia-gaveta-cajon-modelo-26\/#primaryimage\"},\"image\":{\"@id\":\"https:\/\/tuferreteria.online\/hazlo-tu-mismo\/tienda\/ferreteria\/herrajes\/guia-gaveta-cajon-modelo-26\/#primaryimage\"},\"thumbnailUrl\":\"https:\/\/tuferreteria.online\/hazlo-tu-mismo\/wp-content\/uploads\/2020\/10\/GUIAS-GAVETA-CAJON-MODELO-26-AMIG.jpg\",\"datePublished\":\"2020-10-29T12:28:42+00:00\",\"dateModified\":\"2026-03-11T10:14:44+00:00\",\"description\":\"La gu\u00eda para gaveta o caj\u00f3n es de corredera met\u00e1lica de extracci\u00f3n parcial con bolas de acero. Te dar\u00e1n una resistencia de 25 kg.\/par.\",\"breadcrumb\":{\"@id\":\"https:\/\/tuferreteria.online\/hazlo-tu-mismo\/tienda\/ferreteria\/herrajes\/guia-gaveta-cajon-modelo-26\/#breadcrumb\"},\"inLanguage\":\"es\",\"potentialAction\":[{\"@type\":\"ReadAction\",\"target\":[\"https:\/\/tuferreteria.online\/hazlo-tu-mismo\/tienda\/ferreteria\/herrajes\/guia-gaveta-cajon-modelo-26\/\"]}]},{\"@type\":\"ImageObject\",\"inLanguage\":\"es\",\"@id\":\"https:\/\/tuferreteria.online\/hazlo-tu-mismo\/tienda\/ferreteria\/herrajes\/guia-gaveta-cajon-modelo-26\/#primaryimage\",\"url\":\"https:\/\/tuferreteria.online\/hazlo-tu-mismo\/wp-content\/uploads\/2020\/10\/GUIAS-GAVETA-CAJON-MODELO-26-AMIG.jpg\",\"contentUrl\":\"https:\/\/tuferreteria.online\/hazlo-tu-mismo\/wp-content\/uploads\/2020\/10\/GUIAS-GAVETA-CAJON-MODELO-26-AMIG.jpg\",\"width\":600,\"height\":600,\"caption\":\"GU\u00cdAS-GAVETA-CAJ\u00d3N-MODELO-26-AMIG\"},{\"@type\":\"BreadcrumbList\",\"@id\":\"https:\/\/tuferreteria.online\/hazlo-tu-mismo\/tienda\/ferreteria\/herrajes\/guia-gaveta-cajon-modelo-26\/#breadcrumb\",\"itemListElement\":[{\"@type\":\"ListItem\",\"position\":1,\"name\":\"Portada\",\"item\":\"https:\/\/tuferreteria.online\/hazlo-tu-mismo\/\"},{\"@type\":\"ListItem\",\"position\":2,\"name\":\"Tienda\",\"item\":\"https:\/\/tuferreteria.online\/hazlo-tu-mismo\/tienda\/\"},{\"@type\":\"ListItem\",\"position\":3,\"name\":\"GU\u00cdA GAVETA\/CAJ\u00d3N 43,8 X 2,7 CM.\"}]},{\"@type\":\"WebSite\",\"@id\":\"https:\/\/tuferreteria.online\/hazlo-tu-mismo\/#website\",\"url\":\"https:\/\/tuferreteria.online\/hazlo-tu-mismo\/\",\"name\":\"Tienda de tuferreteria.online by Ferreter\u00eda La Salle\",\"description\":\"Hazlo tu mismo\",\"potentialAction\":[{\"@type\":\"SearchAction\",\"target\":{\"@type\":\"EntryPoint\",\"urlTemplate\":\"https:\/\/tuferreteria.online\/hazlo-tu-mismo\/?s={search_term_string}\"},\"query-input\":{\"@type\":\"PropertyValueSpecification\",\"valueRequired\":true,\"valueName\":\"search_term_string\"}}],\"inLanguage\":\"es\"}]}<\/script>\n<!-- \/ Yoast SEO plugin. -->","yoast_head_json":{"title":"GU\u00cdA GAVETA\/CAJ\u00d3N 43,8 X 2,7 CM. - Tienda de tuferreteria.online by Ferreter\u00eda La Salle","description":"La gu\u00eda para gaveta o caj\u00f3n es de corredera met\u00e1lica de extracci\u00f3n parcial con bolas de acero. Te dar\u00e1n una resistencia de 25 kg.\/par.","robots":{"index":"index","follow":"follow","max-snippet":"max-snippet:-1","max-image-preview":"max-image-preview:large","max-video-preview":"max-video-preview:-1"},"canonical":"https:\/\/tuferreteria.online\/hazlo-tu-mismo\/tienda\/ferreteria\/herrajes\/guia-gaveta-cajon-modelo-26\/","og_locale":"es_ES","og_type":"article","og_title":"GU\u00cdA GAVETA\/CAJ\u00d3N 43,8 X 2,7 CM. - Tienda de tuferreteria.online by Ferreter\u00eda La Salle","og_description":"La gu\u00eda para gaveta o caj\u00f3n es de corredera met\u00e1lica de extracci\u00f3n parcial con bolas de acero. Te dar\u00e1n una resistencia de 25 kg.\/par.","og_url":"https:\/\/tuferreteria.online\/hazlo-tu-mismo\/tienda\/ferreteria\/herrajes\/guia-gaveta-cajon-modelo-26\/","og_site_name":"Tienda de tuferreteria.online by Ferreter\u00eda La Salle","article_modified_time":"2026-03-11T10:14:44+00:00","og_image":[{"width":600,"height":600,"url":"https:\/\/tuferreteria.online\/hazlo-tu-mismo\/wp-content\/uploads\/2020\/10\/GUIAS-GAVETA-CAJON-MODELO-26-AMIG.jpg","type":"image\/jpeg"}],"twitter_card":"summary_large_image","schema":{"@context":"https:\/\/schema.org","@graph":[{"@type":"WebPage","@id":"https:\/\/tuferreteria.online\/hazlo-tu-mismo\/tienda\/ferreteria\/herrajes\/guia-gaveta-cajon-modelo-26\/","url":"https:\/\/tuferreteria.online\/hazlo-tu-mismo\/tienda\/ferreteria\/herrajes\/guia-gaveta-cajon-modelo-26\/","name":"GU\u00cdA GAVETA\/CAJ\u00d3N 43,8 X 2,7 CM. - Tienda de tuferreteria.online by Ferreter\u00eda La Salle","isPartOf":{"@id":"https:\/\/tuferreteria.online\/hazlo-tu-mismo\/#website"},"primaryImageOfPage":{"@id":"https:\/\/tuferreteria.online\/hazlo-tu-mismo\/tienda\/ferreteria\/herrajes\/guia-gaveta-cajon-modelo-26\/#primaryimage"},"image":{"@id":"https:\/\/tuferreteria.online\/hazlo-tu-mismo\/tienda\/ferreteria\/herrajes\/guia-gaveta-cajon-modelo-26\/#primaryimage"},"thumbnailUrl":"https:\/\/tuferreteria.online\/hazlo-tu-mismo\/wp-content\/uploads\/2020\/10\/GUIAS-GAVETA-CAJON-MODELO-26-AMIG.jpg","datePublished":"2020-10-29T12:28:42+00:00","dateModified":"2026-03-11T10:14:44+00:00","description":"La gu\u00eda para gaveta o caj\u00f3n es de corredera met\u00e1lica de extracci\u00f3n parcial con bolas de acero. Te dar\u00e1n una resistencia de 25 kg.\/par.","breadcrumb":{"@id":"https:\/\/tuferreteria.online\/hazlo-tu-mismo\/tienda\/ferreteria\/herrajes\/guia-gaveta-cajon-modelo-26\/#breadcrumb"},"inLanguage":"es","potentialAction":[{"@type":"ReadAction","target":["https:\/\/tuferreteria.online\/hazlo-tu-mismo\/tienda\/ferreteria\/herrajes\/guia-gaveta-cajon-modelo-26\/"]}]},{"@type":"ImageObject","inLanguage":"es","@id":"https:\/\/tuferreteria.online\/hazlo-tu-mismo\/tienda\/ferreteria\/herrajes\/guia-gaveta-cajon-modelo-26\/#primaryimage","url":"https:\/\/tuferreteria.online\/hazlo-tu-mismo\/wp-content\/uploads\/2020\/10\/GUIAS-GAVETA-CAJON-MODELO-26-AMIG.jpg","contentUrl":"https:\/\/tuferreteria.online\/hazlo-tu-mismo\/wp-content\/uploads\/2020\/10\/GUIAS-GAVETA-CAJON-MODELO-26-AMIG.jpg","width":600,"height":600,"caption":"GU\u00cdAS-GAVETA-CAJ\u00d3N-MODELO-26-AMIG"},{"@type":"BreadcrumbList","@id":"https:\/\/tuferreteria.online\/hazlo-tu-mismo\/tienda\/ferreteria\/herrajes\/guia-gaveta-cajon-modelo-26\/#breadcrumb","itemListElement":[{"@type":"ListItem","position":1,"name":"Portada","item":"https:\/\/tuferreteria.online\/hazlo-tu-mismo\/"},{"@type":"ListItem","position":2,"name":"Tienda","item":"https:\/\/tuferreteria.online\/hazlo-tu-mismo\/tienda\/"},{"@type":"ListItem","position":3,"name":"GU\u00cdA GAVETA\/CAJ\u00d3N 43,8 X 2,7 CM."}]},{"@type":"WebSite","@id":"https:\/\/tuferreteria.online\/hazlo-tu-mismo\/#website","url":"https:\/\/tuferreteria.online\/hazlo-tu-mismo\/","name":"Tienda de tuferreteria.online by Ferreter\u00eda La Salle","description":"Hazlo tu mismo","potentialAction":[{"@type":"SearchAction","target":{"@type":"EntryPoint","urlTemplate":"https:\/\/tuferreteria.online\/hazlo-tu-mismo\/?s={search_term_string}"},"query-input":{"@type":"PropertyValueSpecification","valueRequired":true,"valueName":"search_term_string"}}],"inLanguage":"es"}]}},"_links":{"self":[{"href":"https:\/\/tuferreteria.online\/hazlo-tu-mismo\/wp-json\/wp\/v2\/product\/23714","targetHints":{"allow":["GET"]}}],"collection":[{"href":"https:\/\/tuferreteria.online\/hazlo-tu-mismo\/wp-json\/wp\/v2\/product"}],"about":[{"href":"https:\/\/tuferreteria.online\/hazlo-tu-mismo\/wp-json\/wp\/v2\/types\/product"}],"replies":[{"embeddable":true,"href":"https:\/\/tuferreteria.online\/hazlo-tu-mismo\/wp-json\/wp\/v2\/comments?post=23714"}],"wp:featuredmedia":[{"embeddable":true,"href":"https:\/\/tuferreteria.online\/hazlo-tu-mismo\/wp-json\/wp\/v2\/media\/23760"}],"wp:attachment":[{"href":"https:\/\/tuferreteria.online\/hazlo-tu-mismo\/wp-json\/wp\/v2\/media?parent=23714"}],"wp:term":[{"taxonomy":"brand","embeddable":true,"href":"https:\/\/tuferreteria.online\/hazlo-tu-mismo\/wp-json\/wp\/v2\/etheme_brands?post=23714"},{"taxonomy":"product_brand","embeddable":true,"href":"https:\/\/tuferreteria.online\/hazlo-tu-mismo\/wp-json\/wp\/v2\/product_brand?post=23714"},{"taxonomy":"product_cat","embeddable":true,"href":"https:\/\/tuferreteria.online\/hazlo-tu-mismo\/wp-json\/wp\/v2\/product_cat?post=23714"},{"taxonomy":"product_tag","embeddable":true,"href":"https:\/\/tuferreteria.online\/hazlo-tu-mismo\/wp-json\/wp\/v2\/product_tag?post=23714"}],"curies":[{"name":"wp","href":"https:\/\/api.w.org\/{rel}","templated":true}]}}