{"id":23803,"date":"2020-11-05T13:37:34","date_gmt":"2020-11-05T12:37:34","guid":{"rendered":"https:\/\/tuferreteria.online\/hazlo-tu-mismo\/tienda\/sin%20categor\u00eda\/bateria-18v-4ah-litio-makita-bl1840\/"},"modified":"2026-03-11T10:34:43","modified_gmt":"2026-03-11T09:34:43","slug":"bateria-18v-4ah-litio-makita-bl1840","status":"publish","type":"product","link":"https:\/\/tuferreteria.online\/hazlo-tu-mismo\/tienda\/ferreteria\/herramienta-electrica\/bateria-18v-4ah-litio-makita-bl1840\/","title":{"rendered":"BATER\u00cdA 18V 4Ah LITIO MAKITA BL1840"},"content":{"rendered":"<div class=\"wpb-content-wrapper\"><p>[vc_row][vc_column][vc_column_text]<\/p>\n<h2 style=\"text-align: center;\"><span style=\"font-size: 24pt; color: #ede85f;\">Bater\u00eda 18 V 4 Ah Litio<\/span><\/h2>\n<p>&nbsp;<\/p>\n<h3>Caracter\u00edsticas:<\/h3>\n<p>&nbsp;<\/p>\n<p style=\"text-align: justify;\">La bater\u00eda de 18 V es un repuesto original Makita.<\/p>\n<p style=\"text-align: justify;\">Es de 4 Ah. y tiene indicador de carga.<\/p>\n<p>[\/vc_column_text][\/vc_column][\/vc_row]<\/p>\n<\/div>","protected":false},"excerpt":{"rendered":"<h2>BATER\u00cdA 18V\/4AH LITIO MAKITA BL1840<\/h2>\n","protected":false},"featured_media":23805,"comment_status":"closed","ping_status":"closed","template":"","meta":{"_exactmetrics_skip_tracking":false,"_exactmetrics_sitenote_active":false,"_exactmetrics_sitenote_note":"","_exactmetrics_sitenote_category":0,"_joinchat":[]},"etheme_brands":[{"term_id":494,"name":"MAKITA","slug":"makita","term_group":0,"term_taxonomy_id":494,"taxonomy":"brand","description":"","parent":0,"count":27,"filter":"raw"}],"product_brand":[],"product_cat":[416,55,1865],"product_tag":[1904,1867,1869,1866],"class_list":{"0":"post-23803","1":"product","2":"type-product","3":"status-publish","4":"has-post-thumbnail","6":"brand-makita","7":"product_cat-ferreteria","8":"product_cat-herramienta-electrica","9":"product_cat-respuestos-herramientas-makita","10":"product_tag-bateria-bl1840b-makita","11":"product_tag-repuesto-herramienta-makita","12":"product_tag-repuesto-makita-canarias","13":"product_tag-repuestos-makita-tenerife","14":"product_shipping_class-envio-peso","16":"first","17":"instock","18":"taxable","19":"shipping-taxable","20":"purchasable","21":"product-type-simple"},"yoast_head":"<!-- This site is optimized with the Yoast SEO plugin v24.9 - https:\/\/yoast.com\/wordpress\/plugins\/seo\/ -->\n<title>BATER\u00cdA 18V 4Ah LITIO MAKITA BL1840 - Tienda de tuferreteria.online by Ferreter\u00eda La Salle<\/title>\n<meta name=\"description\" content=\"La bater\u00eda de 18 V es un repuesto original Makita. Es de 4 Ah. y tiene indicador de carga.\" \/>\n<meta name=\"robots\" content=\"index, follow, max-snippet:-1, max-image-preview:large, max-video-preview:-1\" \/>\n<link rel=\"canonical\" href=\"https:\/\/tuferreteria.online\/hazlo-tu-mismo\/tienda\/ferreteria\/herramienta-electrica\/bateria-18v-4ah-litio-makita-bl1840\/\" \/>\n<meta property=\"og:locale\" content=\"es_ES\" \/>\n<meta property=\"og:type\" content=\"article\" \/>\n<meta property=\"og:title\" content=\"BATER\u00cdA 18V 4Ah LITIO MAKITA BL1840 - Tienda de tuferreteria.online by Ferreter\u00eda La Salle\" \/>\n<meta property=\"og:description\" content=\"La bater\u00eda de 18 V es un repuesto original Makita. Es de 4 Ah. y tiene indicador de carga.\" \/>\n<meta property=\"og:url\" content=\"https:\/\/tuferreteria.online\/hazlo-tu-mismo\/tienda\/ferreteria\/herramienta-electrica\/bateria-18v-4ah-litio-makita-bl1840\/\" \/>\n<meta property=\"og:site_name\" content=\"Tienda de tuferreteria.online by Ferreter\u00eda La Salle\" \/>\n<meta property=\"article:modified_time\" content=\"2026-03-11T09:34:43+00:00\" \/>\n<meta property=\"og:image\" content=\"https:\/\/tuferreteria.online\/hazlo-tu-mismo\/wp-content\/uploads\/2020\/11\/BATERIA-MAKITA-4.0-AH-18-V.jpg\" \/>\n\t<meta property=\"og:image:width\" content=\"600\" \/>\n\t<meta property=\"og:image:height\" content=\"600\" \/>\n\t<meta property=\"og:image:type\" content=\"image\/jpeg\" \/>\n<meta name=\"twitter:card\" content=\"summary_large_image\" \/>\n<script type=\"application\/ld+json\" class=\"yoast-schema-graph\">{\"@context\":\"https:\/\/schema.org\",\"@graph\":[{\"@type\":\"WebPage\",\"@id\":\"https:\/\/tuferreteria.online\/hazlo-tu-mismo\/tienda\/ferreteria\/herramienta-electrica\/bateria-18v-4ah-litio-makita-bl1840\/\",\"url\":\"https:\/\/tuferreteria.online\/hazlo-tu-mismo\/tienda\/ferreteria\/herramienta-electrica\/bateria-18v-4ah-litio-makita-bl1840\/\",\"name\":\"BATER\u00cdA 18V 4Ah LITIO MAKITA BL1840 - Tienda de tuferreteria.online by Ferreter\u00eda La Salle\",\"isPartOf\":{\"@id\":\"https:\/\/tuferreteria.online\/hazlo-tu-mismo\/#website\"},\"primaryImageOfPage\":{\"@id\":\"https:\/\/tuferreteria.online\/hazlo-tu-mismo\/tienda\/ferreteria\/herramienta-electrica\/bateria-18v-4ah-litio-makita-bl1840\/#primaryimage\"},\"image\":{\"@id\":\"https:\/\/tuferreteria.online\/hazlo-tu-mismo\/tienda\/ferreteria\/herramienta-electrica\/bateria-18v-4ah-litio-makita-bl1840\/#primaryimage\"},\"thumbnailUrl\":\"https:\/\/tuferreteria.online\/hazlo-tu-mismo\/wp-content\/uploads\/2020\/11\/BATERIA-MAKITA-4.0-AH-18-V.jpg\",\"datePublished\":\"2020-11-05T12:37:34+00:00\",\"dateModified\":\"2026-03-11T09:34:43+00:00\",\"description\":\"La bater\u00eda de 18 V es un repuesto original Makita. Es de 4 Ah. y tiene indicador de carga.\",\"breadcrumb\":{\"@id\":\"https:\/\/tuferreteria.online\/hazlo-tu-mismo\/tienda\/ferreteria\/herramienta-electrica\/bateria-18v-4ah-litio-makita-bl1840\/#breadcrumb\"},\"inLanguage\":\"es\",\"potentialAction\":[{\"@type\":\"ReadAction\",\"target\":[\"https:\/\/tuferreteria.online\/hazlo-tu-mismo\/tienda\/ferreteria\/herramienta-electrica\/bateria-18v-4ah-litio-makita-bl1840\/\"]}]},{\"@type\":\"ImageObject\",\"inLanguage\":\"es\",\"@id\":\"https:\/\/tuferreteria.online\/hazlo-tu-mismo\/tienda\/ferreteria\/herramienta-electrica\/bateria-18v-4ah-litio-makita-bl1840\/#primaryimage\",\"url\":\"https:\/\/tuferreteria.online\/hazlo-tu-mismo\/wp-content\/uploads\/2020\/11\/BATERIA-MAKITA-4.0-AH-18-V.jpg\",\"contentUrl\":\"https:\/\/tuferreteria.online\/hazlo-tu-mismo\/wp-content\/uploads\/2020\/11\/BATERIA-MAKITA-4.0-AH-18-V.jpg\",\"width\":600,\"height\":600,\"caption\":\"BATER\u00cdA-MAKITA-4.0-AH-18-V\"},{\"@type\":\"BreadcrumbList\",\"@id\":\"https:\/\/tuferreteria.online\/hazlo-tu-mismo\/tienda\/ferreteria\/herramienta-electrica\/bateria-18v-4ah-litio-makita-bl1840\/#breadcrumb\",\"itemListElement\":[{\"@type\":\"ListItem\",\"position\":1,\"name\":\"Portada\",\"item\":\"https:\/\/tuferreteria.online\/hazlo-tu-mismo\/\"},{\"@type\":\"ListItem\",\"position\":2,\"name\":\"Tienda\",\"item\":\"https:\/\/tuferreteria.online\/hazlo-tu-mismo\/tienda\/\"},{\"@type\":\"ListItem\",\"position\":3,\"name\":\"BATER\u00cdA 18V 4Ah LITIO MAKITA BL1840\"}]},{\"@type\":\"WebSite\",\"@id\":\"https:\/\/tuferreteria.online\/hazlo-tu-mismo\/#website\",\"url\":\"https:\/\/tuferreteria.online\/hazlo-tu-mismo\/\",\"name\":\"Tienda de tuferreteria.online by Ferreter\u00eda La Salle\",\"description\":\"Hazlo tu mismo\",\"potentialAction\":[{\"@type\":\"SearchAction\",\"target\":{\"@type\":\"EntryPoint\",\"urlTemplate\":\"https:\/\/tuferreteria.online\/hazlo-tu-mismo\/?s={search_term_string}\"},\"query-input\":{\"@type\":\"PropertyValueSpecification\",\"valueRequired\":true,\"valueName\":\"search_term_string\"}}],\"inLanguage\":\"es\"}]}<\/script>\n<!-- \/ Yoast SEO plugin. -->","yoast_head_json":{"title":"BATER\u00cdA 18V 4Ah LITIO MAKITA BL1840 - Tienda de tuferreteria.online by Ferreter\u00eda La Salle","description":"La bater\u00eda de 18 V es un repuesto original Makita. Es de 4 Ah. y tiene indicador de carga.","robots":{"index":"index","follow":"follow","max-snippet":"max-snippet:-1","max-image-preview":"max-image-preview:large","max-video-preview":"max-video-preview:-1"},"canonical":"https:\/\/tuferreteria.online\/hazlo-tu-mismo\/tienda\/ferreteria\/herramienta-electrica\/bateria-18v-4ah-litio-makita-bl1840\/","og_locale":"es_ES","og_type":"article","og_title":"BATER\u00cdA 18V 4Ah LITIO MAKITA BL1840 - Tienda de tuferreteria.online by Ferreter\u00eda La Salle","og_description":"La bater\u00eda de 18 V es un repuesto original Makita. Es de 4 Ah. y tiene indicador de carga.","og_url":"https:\/\/tuferreteria.online\/hazlo-tu-mismo\/tienda\/ferreteria\/herramienta-electrica\/bateria-18v-4ah-litio-makita-bl1840\/","og_site_name":"Tienda de tuferreteria.online by Ferreter\u00eda La Salle","article_modified_time":"2026-03-11T09:34:43+00:00","og_image":[{"width":600,"height":600,"url":"https:\/\/tuferreteria.online\/hazlo-tu-mismo\/wp-content\/uploads\/2020\/11\/BATERIA-MAKITA-4.0-AH-18-V.jpg","type":"image\/jpeg"}],"twitter_card":"summary_large_image","schema":{"@context":"https:\/\/schema.org","@graph":[{"@type":"WebPage","@id":"https:\/\/tuferreteria.online\/hazlo-tu-mismo\/tienda\/ferreteria\/herramienta-electrica\/bateria-18v-4ah-litio-makita-bl1840\/","url":"https:\/\/tuferreteria.online\/hazlo-tu-mismo\/tienda\/ferreteria\/herramienta-electrica\/bateria-18v-4ah-litio-makita-bl1840\/","name":"BATER\u00cdA 18V 4Ah LITIO MAKITA BL1840 - Tienda de tuferreteria.online by Ferreter\u00eda La Salle","isPartOf":{"@id":"https:\/\/tuferreteria.online\/hazlo-tu-mismo\/#website"},"primaryImageOfPage":{"@id":"https:\/\/tuferreteria.online\/hazlo-tu-mismo\/tienda\/ferreteria\/herramienta-electrica\/bateria-18v-4ah-litio-makita-bl1840\/#primaryimage"},"image":{"@id":"https:\/\/tuferreteria.online\/hazlo-tu-mismo\/tienda\/ferreteria\/herramienta-electrica\/bateria-18v-4ah-litio-makita-bl1840\/#primaryimage"},"thumbnailUrl":"https:\/\/tuferreteria.online\/hazlo-tu-mismo\/wp-content\/uploads\/2020\/11\/BATERIA-MAKITA-4.0-AH-18-V.jpg","datePublished":"2020-11-05T12:37:34+00:00","dateModified":"2026-03-11T09:34:43+00:00","description":"La bater\u00eda de 18 V es un repuesto original Makita. Es de 4 Ah. y tiene indicador de carga.","breadcrumb":{"@id":"https:\/\/tuferreteria.online\/hazlo-tu-mismo\/tienda\/ferreteria\/herramienta-electrica\/bateria-18v-4ah-litio-makita-bl1840\/#breadcrumb"},"inLanguage":"es","potentialAction":[{"@type":"ReadAction","target":["https:\/\/tuferreteria.online\/hazlo-tu-mismo\/tienda\/ferreteria\/herramienta-electrica\/bateria-18v-4ah-litio-makita-bl1840\/"]}]},{"@type":"ImageObject","inLanguage":"es","@id":"https:\/\/tuferreteria.online\/hazlo-tu-mismo\/tienda\/ferreteria\/herramienta-electrica\/bateria-18v-4ah-litio-makita-bl1840\/#primaryimage","url":"https:\/\/tuferreteria.online\/hazlo-tu-mismo\/wp-content\/uploads\/2020\/11\/BATERIA-MAKITA-4.0-AH-18-V.jpg","contentUrl":"https:\/\/tuferreteria.online\/hazlo-tu-mismo\/wp-content\/uploads\/2020\/11\/BATERIA-MAKITA-4.0-AH-18-V.jpg","width":600,"height":600,"caption":"BATER\u00cdA-MAKITA-4.0-AH-18-V"},{"@type":"BreadcrumbList","@id":"https:\/\/tuferreteria.online\/hazlo-tu-mismo\/tienda\/ferreteria\/herramienta-electrica\/bateria-18v-4ah-litio-makita-bl1840\/#breadcrumb","itemListElement":[{"@type":"ListItem","position":1,"name":"Portada","item":"https:\/\/tuferreteria.online\/hazlo-tu-mismo\/"},{"@type":"ListItem","position":2,"name":"Tienda","item":"https:\/\/tuferreteria.online\/hazlo-tu-mismo\/tienda\/"},{"@type":"ListItem","position":3,"name":"BATER\u00cdA 18V 4Ah LITIO MAKITA BL1840"}]},{"@type":"WebSite","@id":"https:\/\/tuferreteria.online\/hazlo-tu-mismo\/#website","url":"https:\/\/tuferreteria.online\/hazlo-tu-mismo\/","name":"Tienda de tuferreteria.online by Ferreter\u00eda La Salle","description":"Hazlo tu mismo","potentialAction":[{"@type":"SearchAction","target":{"@type":"EntryPoint","urlTemplate":"https:\/\/tuferreteria.online\/hazlo-tu-mismo\/?s={search_term_string}"},"query-input":{"@type":"PropertyValueSpecification","valueRequired":true,"valueName":"search_term_string"}}],"inLanguage":"es"}]}},"_links":{"self":[{"href":"https:\/\/tuferreteria.online\/hazlo-tu-mismo\/wp-json\/wp\/v2\/product\/23803","targetHints":{"allow":["GET"]}}],"collection":[{"href":"https:\/\/tuferreteria.online\/hazlo-tu-mismo\/wp-json\/wp\/v2\/product"}],"about":[{"href":"https:\/\/tuferreteria.online\/hazlo-tu-mismo\/wp-json\/wp\/v2\/types\/product"}],"replies":[{"embeddable":true,"href":"https:\/\/tuferreteria.online\/hazlo-tu-mismo\/wp-json\/wp\/v2\/comments?post=23803"}],"wp:featuredmedia":[{"embeddable":true,"href":"https:\/\/tuferreteria.online\/hazlo-tu-mismo\/wp-json\/wp\/v2\/media\/23805"}],"wp:attachment":[{"href":"https:\/\/tuferreteria.online\/hazlo-tu-mismo\/wp-json\/wp\/v2\/media?parent=23803"}],"wp:term":[{"taxonomy":"brand","embeddable":true,"href":"https:\/\/tuferreteria.online\/hazlo-tu-mismo\/wp-json\/wp\/v2\/etheme_brands?post=23803"},{"taxonomy":"product_brand","embeddable":true,"href":"https:\/\/tuferreteria.online\/hazlo-tu-mismo\/wp-json\/wp\/v2\/product_brand?post=23803"},{"taxonomy":"product_cat","embeddable":true,"href":"https:\/\/tuferreteria.online\/hazlo-tu-mismo\/wp-json\/wp\/v2\/product_cat?post=23803"},{"taxonomy":"product_tag","embeddable":true,"href":"https:\/\/tuferreteria.online\/hazlo-tu-mismo\/wp-json\/wp\/v2\/product_tag?post=23803"}],"curies":[{"name":"wp","href":"https:\/\/api.w.org\/{rel}","templated":true}]}}