{"id":24299,"date":"2026-02-21T11:29:27","date_gmt":"2026-02-21T10:29:27","guid":{"rendered":"https:\/\/tuferreteria.online\/hazlo-tu-mismo\/?post_type=product&#038;p=24299"},"modified":"2026-03-11T11:24:42","modified_gmt":"2026-03-11T10:24:42","slug":"calentador-a-gas-atmoferico-junkers-10l-hydro-4200","status":"publish","type":"product","link":"https:\/\/tuferreteria.online\/hazlo-tu-mismo\/tienda\/fontaneria\/calentadores-y-termos\/calentador-a-gas-atmoferico-junkers-10l-hydro-4200\/","title":{"rendered":"CALENTADOR A GAS ATMOSF\u00c9RICO JUNKERS 10L HYDRO 4200"},"content":{"rendered":"<div class=\"wpb-content-wrapper\"><p>[vc_row][vc_column][vc_column_text]<\/p>\n<h2 style=\"text-align: center;\"><span style=\"color: #f9e03a; font-size: 24pt;\">Calentador a Gas Atmosf\u00e9rico 10 Lt.<\/span><\/h2>\n<p>&nbsp;<\/p>\n<h3>Caracter\u00edsticas:<\/h3>\n<p>&nbsp;<\/p>\n<h3>ESTE PRODUCTO NO SE ENV\u00cdA A LA PEN\u00cdNSULA IB\u00c9RICA (S\u00d3LO CANARIAS)<\/h3>\n<p>&nbsp;<\/p>\n<p style=\"text-align: justify;\">El calentador a gas atmosf\u00e9rico Hydro 4200 de Junkers tiene una capacidad de 10 lt.\/minuto.<\/p>\n<p style=\"text-align: justify;\">El encendido es por bater\u00eda (2 pilas incluidas)<\/p>\n<p style=\"text-align: justify;\">Es de bajas emisiones NOx como exigen las nuevas normativas, y es para gas butano.<\/p>\n<p style=\"text-align: justify;\">Tiene unas medidas de (alto x ancho x fondo) 580 x 310 x 225 mm.<\/p>\n<p style=\"text-align: justify;\">Con una potencia calor\u00edfica m\u00e1xima de 17,4 Kw.<\/p>\n<p>Consumo de gas butano &#8211; 1,5 kg\/h<\/p>\n<p>Di\u00e1metro de tubo de evacuaci\u00f3n exterior 112,5 mm. e interior 110 mm.[\/vc_column_text][\/vc_column][\/vc_row]<\/p>\n<\/div>","protected":false},"excerpt":{"rendered":"<h2>CALENTADOR ATMOSF\u00c9RICO JUNKERS 11L BATER\u00cdA HYDRO 4200<\/h2>\n","protected":false},"featured_media":23227,"comment_status":"closed","ping_status":"closed","template":"","meta":{"_exactmetrics_skip_tracking":false,"_exactmetrics_sitenote_active":false,"_exactmetrics_sitenote_note":"","_exactmetrics_sitenote_category":0,"_joinchat":[]},"etheme_brands":[{"term_id":344,"name":"JUNKERS","slug":"junkers","term_group":0,"term_taxonomy_id":344,"taxonomy":"brand","description":"","parent":0,"count":6,"filter":"raw"}],"product_brand":[],"product_cat":[297,107],"product_tag":[2169,1691,1986,1988,1987,1718,1717,1720,1719],"class_list":{"0":"post-24299","1":"product","2":"type-product","3":"status-publish","4":"has-post-thumbnail","6":"brand-junkers","7":"product_cat-calentadores-y-termos","8":"product_cat-fontaneria","9":"product_tag-2169","10":"product_tag-calentador-atmosferico-tenerife","11":"product_tag-calentador-de-agua-a-gas","12":"product_tag-calentador-gas-canarias","13":"product_tag-calentador-gas-tenerife","14":"product_tag-calentador-junkers-las-palmas","15":"product_tag-calentador-junkers-tenerife","16":"product_tag-hydro-4200","17":"product_tag-junkers-tenerife","18":"product_shipping_class-envio-peso","20":"first","21":"instock","22":"taxable","23":"shipping-taxable","24":"purchasable","25":"product-type-simple"},"yoast_head":"<!-- This site is optimized with the Yoast SEO plugin v24.9 - https:\/\/yoast.com\/wordpress\/plugins\/seo\/ -->\n<title>CALENTADOR A GAS ATMOSF\u00c9RICO JUNKERS 10L HYDRO 4200 - Tienda de tuferreteria.online by Ferreter\u00eda La Salle<\/title>\n<meta name=\"description\" content=\"El calentador a gas atmosf\u00e9rico Hydro 4200 de Junkers tiene una capacidad de 10 lt.\/minuto. El encendido es por bater\u00eda (2 pilas incluidas)\" \/>\n<meta name=\"robots\" content=\"index, follow, max-snippet:-1, max-image-preview:large, max-video-preview:-1\" \/>\n<link rel=\"canonical\" href=\"https:\/\/tuferreteria.online\/hazlo-tu-mismo\/tienda\/fontaneria\/calentadores-y-termos\/calentador-a-gas-atmoferico-junkers-10l-hydro-4200\/\" \/>\n<meta property=\"og:locale\" content=\"es_ES\" \/>\n<meta property=\"og:type\" content=\"article\" \/>\n<meta property=\"og:title\" content=\"CALENTADOR A GAS ATMOSF\u00c9RICO JUNKERS 10L HYDRO 4200 - Tienda de tuferreteria.online by Ferreter\u00eda La Salle\" \/>\n<meta property=\"og:description\" content=\"El calentador a gas atmosf\u00e9rico Hydro 4200 de Junkers tiene una capacidad de 10 lt.\/minuto. El encendido es por bater\u00eda (2 pilas incluidas)\" \/>\n<meta property=\"og:url\" content=\"https:\/\/tuferreteria.online\/hazlo-tu-mismo\/tienda\/fontaneria\/calentadores-y-termos\/calentador-a-gas-atmoferico-junkers-10l-hydro-4200\/\" \/>\n<meta property=\"og:site_name\" content=\"Tienda de tuferreteria.online by Ferreter\u00eda La Salle\" \/>\n<meta property=\"article:modified_time\" content=\"2026-03-11T10:24:42+00:00\" \/>\n<meta property=\"og:image\" content=\"https:\/\/tuferreteria.online\/hazlo-tu-mismo\/wp-content\/uploads\/2020\/09\/CALENTADOR-JUNKERS-HYDRO-4200.jpg\" \/>\n\t<meta property=\"og:image:width\" content=\"600\" \/>\n\t<meta property=\"og:image:height\" content=\"600\" \/>\n\t<meta property=\"og:image:type\" content=\"image\/jpeg\" \/>\n<meta name=\"twitter:card\" content=\"summary_large_image\" \/>\n<meta name=\"twitter:label1\" content=\"Tiempo de lectura\" \/>\n\t<meta name=\"twitter:data1\" content=\"1 minuto\" \/>\n<script type=\"application\/ld+json\" class=\"yoast-schema-graph\">{\"@context\":\"https:\/\/schema.org\",\"@graph\":[{\"@type\":\"WebPage\",\"@id\":\"https:\/\/tuferreteria.online\/hazlo-tu-mismo\/tienda\/fontaneria\/calentadores-y-termos\/calentador-a-gas-atmoferico-junkers-10l-hydro-4200\/\",\"url\":\"https:\/\/tuferreteria.online\/hazlo-tu-mismo\/tienda\/fontaneria\/calentadores-y-termos\/calentador-a-gas-atmoferico-junkers-10l-hydro-4200\/\",\"name\":\"CALENTADOR A GAS ATMOSF\u00c9RICO JUNKERS 10L HYDRO 4200 - Tienda de tuferreteria.online by Ferreter\u00eda La Salle\",\"isPartOf\":{\"@id\":\"https:\/\/tuferreteria.online\/hazlo-tu-mismo\/#website\"},\"primaryImageOfPage\":{\"@id\":\"https:\/\/tuferreteria.online\/hazlo-tu-mismo\/tienda\/fontaneria\/calentadores-y-termos\/calentador-a-gas-atmoferico-junkers-10l-hydro-4200\/#primaryimage\"},\"image\":{\"@id\":\"https:\/\/tuferreteria.online\/hazlo-tu-mismo\/tienda\/fontaneria\/calentadores-y-termos\/calentador-a-gas-atmoferico-junkers-10l-hydro-4200\/#primaryimage\"},\"thumbnailUrl\":\"https:\/\/tuferreteria.online\/hazlo-tu-mismo\/wp-content\/uploads\/2020\/09\/CALENTADOR-JUNKERS-HYDRO-4200.jpg\",\"datePublished\":\"2026-02-21T10:29:27+00:00\",\"dateModified\":\"2026-03-11T10:24:42+00:00\",\"description\":\"El calentador a gas atmosf\u00e9rico Hydro 4200 de Junkers tiene una capacidad de 10 lt.\/minuto. El encendido es por bater\u00eda (2 pilas incluidas)\",\"breadcrumb\":{\"@id\":\"https:\/\/tuferreteria.online\/hazlo-tu-mismo\/tienda\/fontaneria\/calentadores-y-termos\/calentador-a-gas-atmoferico-junkers-10l-hydro-4200\/#breadcrumb\"},\"inLanguage\":\"es\",\"potentialAction\":[{\"@type\":\"ReadAction\",\"target\":[\"https:\/\/tuferreteria.online\/hazlo-tu-mismo\/tienda\/fontaneria\/calentadores-y-termos\/calentador-a-gas-atmoferico-junkers-10l-hydro-4200\/\"]}]},{\"@type\":\"ImageObject\",\"inLanguage\":\"es\",\"@id\":\"https:\/\/tuferreteria.online\/hazlo-tu-mismo\/tienda\/fontaneria\/calentadores-y-termos\/calentador-a-gas-atmoferico-junkers-10l-hydro-4200\/#primaryimage\",\"url\":\"https:\/\/tuferreteria.online\/hazlo-tu-mismo\/wp-content\/uploads\/2020\/09\/CALENTADOR-JUNKERS-HYDRO-4200.jpg\",\"contentUrl\":\"https:\/\/tuferreteria.online\/hazlo-tu-mismo\/wp-content\/uploads\/2020\/09\/CALENTADOR-JUNKERS-HYDRO-4200.jpg\",\"width\":600,\"height\":600,\"caption\":\"CALENTADOR ATMOSF\u00c9RICO -JUNKERS-HYDRO-4200\"},{\"@type\":\"BreadcrumbList\",\"@id\":\"https:\/\/tuferreteria.online\/hazlo-tu-mismo\/tienda\/fontaneria\/calentadores-y-termos\/calentador-a-gas-atmoferico-junkers-10l-hydro-4200\/#breadcrumb\",\"itemListElement\":[{\"@type\":\"ListItem\",\"position\":1,\"name\":\"Portada\",\"item\":\"https:\/\/tuferreteria.online\/hazlo-tu-mismo\/\"},{\"@type\":\"ListItem\",\"position\":2,\"name\":\"Tienda\",\"item\":\"https:\/\/tuferreteria.online\/hazlo-tu-mismo\/tienda\/\"},{\"@type\":\"ListItem\",\"position\":3,\"name\":\"CALENTADOR A GAS ATMOSF\u00c9RICO JUNKERS 10L HYDRO 4200\"}]},{\"@type\":\"WebSite\",\"@id\":\"https:\/\/tuferreteria.online\/hazlo-tu-mismo\/#website\",\"url\":\"https:\/\/tuferreteria.online\/hazlo-tu-mismo\/\",\"name\":\"Tienda de tuferreteria.online by Ferreter\u00eda La Salle\",\"description\":\"Hazlo tu mismo\",\"potentialAction\":[{\"@type\":\"SearchAction\",\"target\":{\"@type\":\"EntryPoint\",\"urlTemplate\":\"https:\/\/tuferreteria.online\/hazlo-tu-mismo\/?s={search_term_string}\"},\"query-input\":{\"@type\":\"PropertyValueSpecification\",\"valueRequired\":true,\"valueName\":\"search_term_string\"}}],\"inLanguage\":\"es\"}]}<\/script>\n<!-- \/ Yoast SEO plugin. -->","yoast_head_json":{"title":"CALENTADOR A GAS ATMOSF\u00c9RICO JUNKERS 10L HYDRO 4200 - Tienda de tuferreteria.online by Ferreter\u00eda La Salle","description":"El calentador a gas atmosf\u00e9rico Hydro 4200 de Junkers tiene una capacidad de 10 lt.\/minuto. El encendido es por bater\u00eda (2 pilas incluidas)","robots":{"index":"index","follow":"follow","max-snippet":"max-snippet:-1","max-image-preview":"max-image-preview:large","max-video-preview":"max-video-preview:-1"},"canonical":"https:\/\/tuferreteria.online\/hazlo-tu-mismo\/tienda\/fontaneria\/calentadores-y-termos\/calentador-a-gas-atmoferico-junkers-10l-hydro-4200\/","og_locale":"es_ES","og_type":"article","og_title":"CALENTADOR A GAS ATMOSF\u00c9RICO JUNKERS 10L HYDRO 4200 - Tienda de tuferreteria.online by Ferreter\u00eda La Salle","og_description":"El calentador a gas atmosf\u00e9rico Hydro 4200 de Junkers tiene una capacidad de 10 lt.\/minuto. El encendido es por bater\u00eda (2 pilas incluidas)","og_url":"https:\/\/tuferreteria.online\/hazlo-tu-mismo\/tienda\/fontaneria\/calentadores-y-termos\/calentador-a-gas-atmoferico-junkers-10l-hydro-4200\/","og_site_name":"Tienda de tuferreteria.online by Ferreter\u00eda La Salle","article_modified_time":"2026-03-11T10:24:42+00:00","og_image":[{"width":600,"height":600,"url":"https:\/\/tuferreteria.online\/hazlo-tu-mismo\/wp-content\/uploads\/2020\/09\/CALENTADOR-JUNKERS-HYDRO-4200.jpg","type":"image\/jpeg"}],"twitter_card":"summary_large_image","twitter_misc":{"Tiempo de lectura":"1 minuto"},"schema":{"@context":"https:\/\/schema.org","@graph":[{"@type":"WebPage","@id":"https:\/\/tuferreteria.online\/hazlo-tu-mismo\/tienda\/fontaneria\/calentadores-y-termos\/calentador-a-gas-atmoferico-junkers-10l-hydro-4200\/","url":"https:\/\/tuferreteria.online\/hazlo-tu-mismo\/tienda\/fontaneria\/calentadores-y-termos\/calentador-a-gas-atmoferico-junkers-10l-hydro-4200\/","name":"CALENTADOR A GAS ATMOSF\u00c9RICO JUNKERS 10L HYDRO 4200 - Tienda de tuferreteria.online by Ferreter\u00eda La Salle","isPartOf":{"@id":"https:\/\/tuferreteria.online\/hazlo-tu-mismo\/#website"},"primaryImageOfPage":{"@id":"https:\/\/tuferreteria.online\/hazlo-tu-mismo\/tienda\/fontaneria\/calentadores-y-termos\/calentador-a-gas-atmoferico-junkers-10l-hydro-4200\/#primaryimage"},"image":{"@id":"https:\/\/tuferreteria.online\/hazlo-tu-mismo\/tienda\/fontaneria\/calentadores-y-termos\/calentador-a-gas-atmoferico-junkers-10l-hydro-4200\/#primaryimage"},"thumbnailUrl":"https:\/\/tuferreteria.online\/hazlo-tu-mismo\/wp-content\/uploads\/2020\/09\/CALENTADOR-JUNKERS-HYDRO-4200.jpg","datePublished":"2026-02-21T10:29:27+00:00","dateModified":"2026-03-11T10:24:42+00:00","description":"El calentador a gas atmosf\u00e9rico Hydro 4200 de Junkers tiene una capacidad de 10 lt.\/minuto. El encendido es por bater\u00eda (2 pilas incluidas)","breadcrumb":{"@id":"https:\/\/tuferreteria.online\/hazlo-tu-mismo\/tienda\/fontaneria\/calentadores-y-termos\/calentador-a-gas-atmoferico-junkers-10l-hydro-4200\/#breadcrumb"},"inLanguage":"es","potentialAction":[{"@type":"ReadAction","target":["https:\/\/tuferreteria.online\/hazlo-tu-mismo\/tienda\/fontaneria\/calentadores-y-termos\/calentador-a-gas-atmoferico-junkers-10l-hydro-4200\/"]}]},{"@type":"ImageObject","inLanguage":"es","@id":"https:\/\/tuferreteria.online\/hazlo-tu-mismo\/tienda\/fontaneria\/calentadores-y-termos\/calentador-a-gas-atmoferico-junkers-10l-hydro-4200\/#primaryimage","url":"https:\/\/tuferreteria.online\/hazlo-tu-mismo\/wp-content\/uploads\/2020\/09\/CALENTADOR-JUNKERS-HYDRO-4200.jpg","contentUrl":"https:\/\/tuferreteria.online\/hazlo-tu-mismo\/wp-content\/uploads\/2020\/09\/CALENTADOR-JUNKERS-HYDRO-4200.jpg","width":600,"height":600,"caption":"CALENTADOR ATMOSF\u00c9RICO -JUNKERS-HYDRO-4200"},{"@type":"BreadcrumbList","@id":"https:\/\/tuferreteria.online\/hazlo-tu-mismo\/tienda\/fontaneria\/calentadores-y-termos\/calentador-a-gas-atmoferico-junkers-10l-hydro-4200\/#breadcrumb","itemListElement":[{"@type":"ListItem","position":1,"name":"Portada","item":"https:\/\/tuferreteria.online\/hazlo-tu-mismo\/"},{"@type":"ListItem","position":2,"name":"Tienda","item":"https:\/\/tuferreteria.online\/hazlo-tu-mismo\/tienda\/"},{"@type":"ListItem","position":3,"name":"CALENTADOR A GAS ATMOSF\u00c9RICO JUNKERS 10L HYDRO 4200"}]},{"@type":"WebSite","@id":"https:\/\/tuferreteria.online\/hazlo-tu-mismo\/#website","url":"https:\/\/tuferreteria.online\/hazlo-tu-mismo\/","name":"Tienda de tuferreteria.online by Ferreter\u00eda La Salle","description":"Hazlo tu mismo","potentialAction":[{"@type":"SearchAction","target":{"@type":"EntryPoint","urlTemplate":"https:\/\/tuferreteria.online\/hazlo-tu-mismo\/?s={search_term_string}"},"query-input":{"@type":"PropertyValueSpecification","valueRequired":true,"valueName":"search_term_string"}}],"inLanguage":"es"}]}},"_links":{"self":[{"href":"https:\/\/tuferreteria.online\/hazlo-tu-mismo\/wp-json\/wp\/v2\/product\/24299","targetHints":{"allow":["GET"]}}],"collection":[{"href":"https:\/\/tuferreteria.online\/hazlo-tu-mismo\/wp-json\/wp\/v2\/product"}],"about":[{"href":"https:\/\/tuferreteria.online\/hazlo-tu-mismo\/wp-json\/wp\/v2\/types\/product"}],"replies":[{"embeddable":true,"href":"https:\/\/tuferreteria.online\/hazlo-tu-mismo\/wp-json\/wp\/v2\/comments?post=24299"}],"wp:featuredmedia":[{"embeddable":true,"href":"https:\/\/tuferreteria.online\/hazlo-tu-mismo\/wp-json\/wp\/v2\/media\/23227"}],"wp:attachment":[{"href":"https:\/\/tuferreteria.online\/hazlo-tu-mismo\/wp-json\/wp\/v2\/media?parent=24299"}],"wp:term":[{"taxonomy":"brand","embeddable":true,"href":"https:\/\/tuferreteria.online\/hazlo-tu-mismo\/wp-json\/wp\/v2\/etheme_brands?post=24299"},{"taxonomy":"product_brand","embeddable":true,"href":"https:\/\/tuferreteria.online\/hazlo-tu-mismo\/wp-json\/wp\/v2\/product_brand?post=24299"},{"taxonomy":"product_cat","embeddable":true,"href":"https:\/\/tuferreteria.online\/hazlo-tu-mismo\/wp-json\/wp\/v2\/product_cat?post=24299"},{"taxonomy":"product_tag","embeddable":true,"href":"https:\/\/tuferreteria.online\/hazlo-tu-mismo\/wp-json\/wp\/v2\/product_tag?post=24299"}],"curies":[{"name":"wp","href":"https:\/\/api.w.org\/{rel}","templated":true}]}}