{"id":24365,"date":"2021-01-13T13:19:52","date_gmt":"2021-01-13T12:19:52","guid":{"rendered":"https:\/\/tuferreteria.online\/hazlo-tu-mismo\/tienda\/sin%20categor\u00eda\/clavija-schuko-extraplana-10-16a-4-8mm-negra\/"},"modified":"2026-03-11T11:21:55","modified_gmt":"2026-03-11T10:21:55","slug":"clavija-enchufe-plano","status":"publish","type":"product","link":"https:\/\/tuferreteria.online\/hazlo-tu-mismo\/tienda\/electricidad\/enchufes-clavijas-cables\/clavija-enchufe-plano\/","title":{"rendered":"CLAVIJA ENCHUFE SCHUKO PLANO"},"content":{"rendered":"<div class=\"wpb-content-wrapper\"><p>[vc_row][vc_column][vc_column_text]<\/p>\n<h2 style=\"text-align: center;\"><span style=\"color: #f9e03a; font-size: 24pt;\">Clavija Enchufe Schuko Plano<\/span><\/h2>\n<p>&nbsp;<\/p>\n<h3>Caracter\u00edsticas:<\/h3>\n<p>&nbsp;<\/p>\n<p style=\"text-align: justify;\">Con la clavija schuko extraplana de EDM, podr\u00e1s poner los muebles pegados a la pared que no te molestar\u00e1 la clavija del enchufe.<\/p>\n<p style=\"text-align: justify;\">Es de 4,8 mm. y de color negro.<\/p>\n<p>Para cable 10\/16 A.[\/vc_column_text][\/vc_column][\/vc_row]<\/p>\n<\/div>","protected":false},"excerpt":{"rendered":"<h2>CLAVIJA SCHUKO EXTRAPLANA 10\/16A 4.8 MM NEGRA<\/h2>\n","protected":false},"featured_media":24395,"comment_status":"closed","ping_status":"closed","template":"","meta":{"_exactmetrics_skip_tracking":false,"_exactmetrics_sitenote_active":false,"_exactmetrics_sitenote_note":"","_exactmetrics_sitenote_category":0,"_joinchat":[]},"etheme_brands":[{"term_id":126,"name":"EDM","slug":"edm","term_group":0,"term_taxonomy_id":126,"taxonomy":"brand","description":"","parent":0,"count":4,"filter":"raw"}],"product_brand":[],"product_cat":[67,68],"product_tag":[2029,2031,2030],"class_list":{"0":"post-24365","1":"product","2":"type-product","3":"status-publish","4":"has-post-thumbnail","6":"brand-edm","7":"product_cat-electricidad","8":"product_cat-enchufes-clavijas-cables","9":"product_tag-clavija-enchufe-plano","10":"product_tag-enchufe-extraplano","11":"product_tag-enchufe-plano-pared","12":"product_shipping_class-envio-peso","14":"first","15":"instock","16":"taxable","17":"shipping-taxable","18":"purchasable","19":"product-type-simple"},"yoast_head":"<!-- This site is optimized with the Yoast SEO plugin v24.9 - https:\/\/yoast.com\/wordpress\/plugins\/seo\/ -->\n<title>CLAVIJA ENCHUFE SCHUKO PLANO - Tienda de tuferreteria.online by Ferreter\u00eda La Salle<\/title>\n<meta name=\"description\" content=\"Con la clavija schuko extraplana de EDM, podr\u00e1s poner los muebles pegados a la pared que no te molestar\u00e1 la clavija del enchufe.\" \/>\n<meta name=\"robots\" content=\"index, follow, max-snippet:-1, max-image-preview:large, max-video-preview:-1\" \/>\n<link rel=\"canonical\" href=\"https:\/\/tuferreteria.online\/hazlo-tu-mismo\/tienda\/electricidad\/enchufes-clavijas-cables\/clavija-enchufe-plano\/\" \/>\n<meta property=\"og:locale\" content=\"es_ES\" \/>\n<meta property=\"og:type\" content=\"article\" \/>\n<meta property=\"og:title\" content=\"CLAVIJA ENCHUFE SCHUKO PLANO - Tienda de tuferreteria.online by Ferreter\u00eda La Salle\" \/>\n<meta property=\"og:description\" content=\"Con la clavija schuko extraplana de EDM, podr\u00e1s poner los muebles pegados a la pared que no te molestar\u00e1 la clavija del enchufe.\" \/>\n<meta property=\"og:url\" content=\"https:\/\/tuferreteria.online\/hazlo-tu-mismo\/tienda\/electricidad\/enchufes-clavijas-cables\/clavija-enchufe-plano\/\" \/>\n<meta property=\"og:site_name\" content=\"Tienda de tuferreteria.online by Ferreter\u00eda La Salle\" \/>\n<meta property=\"article:modified_time\" content=\"2026-03-11T10:21:55+00:00\" \/>\n<meta property=\"og:image\" content=\"https:\/\/tuferreteria.online\/hazlo-tu-mismo\/wp-content\/uploads\/2016\/05\/ENCHUFE-SCHUKO-EXTRAPLANO.jpg\" \/>\n\t<meta property=\"og:image:width\" content=\"600\" \/>\n\t<meta property=\"og:image:height\" content=\"600\" \/>\n\t<meta property=\"og:image:type\" content=\"image\/jpeg\" \/>\n<meta name=\"twitter:card\" content=\"summary_large_image\" \/>\n<meta name=\"twitter:label1\" content=\"Tiempo de lectura\" \/>\n\t<meta name=\"twitter:data1\" content=\"1 minuto\" \/>\n<script type=\"application\/ld+json\" class=\"yoast-schema-graph\">{\"@context\":\"https:\/\/schema.org\",\"@graph\":[{\"@type\":\"WebPage\",\"@id\":\"https:\/\/tuferreteria.online\/hazlo-tu-mismo\/tienda\/electricidad\/enchufes-clavijas-cables\/clavija-enchufe-plano\/\",\"url\":\"https:\/\/tuferreteria.online\/hazlo-tu-mismo\/tienda\/electricidad\/enchufes-clavijas-cables\/clavija-enchufe-plano\/\",\"name\":\"CLAVIJA ENCHUFE SCHUKO PLANO - Tienda de tuferreteria.online by Ferreter\u00eda La Salle\",\"isPartOf\":{\"@id\":\"https:\/\/tuferreteria.online\/hazlo-tu-mismo\/#website\"},\"primaryImageOfPage\":{\"@id\":\"https:\/\/tuferreteria.online\/hazlo-tu-mismo\/tienda\/electricidad\/enchufes-clavijas-cables\/clavija-enchufe-plano\/#primaryimage\"},\"image\":{\"@id\":\"https:\/\/tuferreteria.online\/hazlo-tu-mismo\/tienda\/electricidad\/enchufes-clavijas-cables\/clavija-enchufe-plano\/#primaryimage\"},\"thumbnailUrl\":\"https:\/\/tuferreteria.online\/hazlo-tu-mismo\/wp-content\/uploads\/2016\/05\/ENCHUFE-SCHUKO-EXTRAPLANO.jpg\",\"datePublished\":\"2021-01-13T12:19:52+00:00\",\"dateModified\":\"2026-03-11T10:21:55+00:00\",\"description\":\"Con la clavija schuko extraplana de EDM, podr\u00e1s poner los muebles pegados a la pared que no te molestar\u00e1 la clavija del enchufe.\",\"breadcrumb\":{\"@id\":\"https:\/\/tuferreteria.online\/hazlo-tu-mismo\/tienda\/electricidad\/enchufes-clavijas-cables\/clavija-enchufe-plano\/#breadcrumb\"},\"inLanguage\":\"es\",\"potentialAction\":[{\"@type\":\"ReadAction\",\"target\":[\"https:\/\/tuferreteria.online\/hazlo-tu-mismo\/tienda\/electricidad\/enchufes-clavijas-cables\/clavija-enchufe-plano\/\"]}]},{\"@type\":\"ImageObject\",\"inLanguage\":\"es\",\"@id\":\"https:\/\/tuferreteria.online\/hazlo-tu-mismo\/tienda\/electricidad\/enchufes-clavijas-cables\/clavija-enchufe-plano\/#primaryimage\",\"url\":\"https:\/\/tuferreteria.online\/hazlo-tu-mismo\/wp-content\/uploads\/2016\/05\/ENCHUFE-SCHUKO-EXTRAPLANO.jpg\",\"contentUrl\":\"https:\/\/tuferreteria.online\/hazlo-tu-mismo\/wp-content\/uploads\/2016\/05\/ENCHUFE-SCHUKO-EXTRAPLANO.jpg\",\"width\":600,\"height\":600,\"caption\":\"CLAVIJA ENCHUFE PLANO PARED\"},{\"@type\":\"BreadcrumbList\",\"@id\":\"https:\/\/tuferreteria.online\/hazlo-tu-mismo\/tienda\/electricidad\/enchufes-clavijas-cables\/clavija-enchufe-plano\/#breadcrumb\",\"itemListElement\":[{\"@type\":\"ListItem\",\"position\":1,\"name\":\"Portada\",\"item\":\"https:\/\/tuferreteria.online\/hazlo-tu-mismo\/\"},{\"@type\":\"ListItem\",\"position\":2,\"name\":\"Tienda\",\"item\":\"https:\/\/tuferreteria.online\/hazlo-tu-mismo\/tienda\/\"},{\"@type\":\"ListItem\",\"position\":3,\"name\":\"CLAVIJA ENCHUFE SCHUKO PLANO\"}]},{\"@type\":\"WebSite\",\"@id\":\"https:\/\/tuferreteria.online\/hazlo-tu-mismo\/#website\",\"url\":\"https:\/\/tuferreteria.online\/hazlo-tu-mismo\/\",\"name\":\"Tienda de tuferreteria.online by Ferreter\u00eda La Salle\",\"description\":\"Hazlo tu mismo\",\"potentialAction\":[{\"@type\":\"SearchAction\",\"target\":{\"@type\":\"EntryPoint\",\"urlTemplate\":\"https:\/\/tuferreteria.online\/hazlo-tu-mismo\/?s={search_term_string}\"},\"query-input\":{\"@type\":\"PropertyValueSpecification\",\"valueRequired\":true,\"valueName\":\"search_term_string\"}}],\"inLanguage\":\"es\"}]}<\/script>\n<!-- \/ Yoast SEO plugin. -->","yoast_head_json":{"title":"CLAVIJA ENCHUFE SCHUKO PLANO - Tienda de tuferreteria.online by Ferreter\u00eda La Salle","description":"Con la clavija schuko extraplana de EDM, podr\u00e1s poner los muebles pegados a la pared que no te molestar\u00e1 la clavija del enchufe.","robots":{"index":"index","follow":"follow","max-snippet":"max-snippet:-1","max-image-preview":"max-image-preview:large","max-video-preview":"max-video-preview:-1"},"canonical":"https:\/\/tuferreteria.online\/hazlo-tu-mismo\/tienda\/electricidad\/enchufes-clavijas-cables\/clavija-enchufe-plano\/","og_locale":"es_ES","og_type":"article","og_title":"CLAVIJA ENCHUFE SCHUKO PLANO - Tienda de tuferreteria.online by Ferreter\u00eda La Salle","og_description":"Con la clavija schuko extraplana de EDM, podr\u00e1s poner los muebles pegados a la pared que no te molestar\u00e1 la clavija del enchufe.","og_url":"https:\/\/tuferreteria.online\/hazlo-tu-mismo\/tienda\/electricidad\/enchufes-clavijas-cables\/clavija-enchufe-plano\/","og_site_name":"Tienda de tuferreteria.online by Ferreter\u00eda La Salle","article_modified_time":"2026-03-11T10:21:55+00:00","og_image":[{"width":600,"height":600,"url":"https:\/\/tuferreteria.online\/hazlo-tu-mismo\/wp-content\/uploads\/2016\/05\/ENCHUFE-SCHUKO-EXTRAPLANO.jpg","type":"image\/jpeg"}],"twitter_card":"summary_large_image","twitter_misc":{"Tiempo de lectura":"1 minuto"},"schema":{"@context":"https:\/\/schema.org","@graph":[{"@type":"WebPage","@id":"https:\/\/tuferreteria.online\/hazlo-tu-mismo\/tienda\/electricidad\/enchufes-clavijas-cables\/clavija-enchufe-plano\/","url":"https:\/\/tuferreteria.online\/hazlo-tu-mismo\/tienda\/electricidad\/enchufes-clavijas-cables\/clavija-enchufe-plano\/","name":"CLAVIJA ENCHUFE SCHUKO PLANO - Tienda de tuferreteria.online by Ferreter\u00eda La Salle","isPartOf":{"@id":"https:\/\/tuferreteria.online\/hazlo-tu-mismo\/#website"},"primaryImageOfPage":{"@id":"https:\/\/tuferreteria.online\/hazlo-tu-mismo\/tienda\/electricidad\/enchufes-clavijas-cables\/clavija-enchufe-plano\/#primaryimage"},"image":{"@id":"https:\/\/tuferreteria.online\/hazlo-tu-mismo\/tienda\/electricidad\/enchufes-clavijas-cables\/clavija-enchufe-plano\/#primaryimage"},"thumbnailUrl":"https:\/\/tuferreteria.online\/hazlo-tu-mismo\/wp-content\/uploads\/2016\/05\/ENCHUFE-SCHUKO-EXTRAPLANO.jpg","datePublished":"2021-01-13T12:19:52+00:00","dateModified":"2026-03-11T10:21:55+00:00","description":"Con la clavija schuko extraplana de EDM, podr\u00e1s poner los muebles pegados a la pared que no te molestar\u00e1 la clavija del enchufe.","breadcrumb":{"@id":"https:\/\/tuferreteria.online\/hazlo-tu-mismo\/tienda\/electricidad\/enchufes-clavijas-cables\/clavija-enchufe-plano\/#breadcrumb"},"inLanguage":"es","potentialAction":[{"@type":"ReadAction","target":["https:\/\/tuferreteria.online\/hazlo-tu-mismo\/tienda\/electricidad\/enchufes-clavijas-cables\/clavija-enchufe-plano\/"]}]},{"@type":"ImageObject","inLanguage":"es","@id":"https:\/\/tuferreteria.online\/hazlo-tu-mismo\/tienda\/electricidad\/enchufes-clavijas-cables\/clavija-enchufe-plano\/#primaryimage","url":"https:\/\/tuferreteria.online\/hazlo-tu-mismo\/wp-content\/uploads\/2016\/05\/ENCHUFE-SCHUKO-EXTRAPLANO.jpg","contentUrl":"https:\/\/tuferreteria.online\/hazlo-tu-mismo\/wp-content\/uploads\/2016\/05\/ENCHUFE-SCHUKO-EXTRAPLANO.jpg","width":600,"height":600,"caption":"CLAVIJA ENCHUFE PLANO PARED"},{"@type":"BreadcrumbList","@id":"https:\/\/tuferreteria.online\/hazlo-tu-mismo\/tienda\/electricidad\/enchufes-clavijas-cables\/clavija-enchufe-plano\/#breadcrumb","itemListElement":[{"@type":"ListItem","position":1,"name":"Portada","item":"https:\/\/tuferreteria.online\/hazlo-tu-mismo\/"},{"@type":"ListItem","position":2,"name":"Tienda","item":"https:\/\/tuferreteria.online\/hazlo-tu-mismo\/tienda\/"},{"@type":"ListItem","position":3,"name":"CLAVIJA ENCHUFE SCHUKO PLANO"}]},{"@type":"WebSite","@id":"https:\/\/tuferreteria.online\/hazlo-tu-mismo\/#website","url":"https:\/\/tuferreteria.online\/hazlo-tu-mismo\/","name":"Tienda de tuferreteria.online by Ferreter\u00eda La Salle","description":"Hazlo tu mismo","potentialAction":[{"@type":"SearchAction","target":{"@type":"EntryPoint","urlTemplate":"https:\/\/tuferreteria.online\/hazlo-tu-mismo\/?s={search_term_string}"},"query-input":{"@type":"PropertyValueSpecification","valueRequired":true,"valueName":"search_term_string"}}],"inLanguage":"es"}]}},"_links":{"self":[{"href":"https:\/\/tuferreteria.online\/hazlo-tu-mismo\/wp-json\/wp\/v2\/product\/24365","targetHints":{"allow":["GET"]}}],"collection":[{"href":"https:\/\/tuferreteria.online\/hazlo-tu-mismo\/wp-json\/wp\/v2\/product"}],"about":[{"href":"https:\/\/tuferreteria.online\/hazlo-tu-mismo\/wp-json\/wp\/v2\/types\/product"}],"replies":[{"embeddable":true,"href":"https:\/\/tuferreteria.online\/hazlo-tu-mismo\/wp-json\/wp\/v2\/comments?post=24365"}],"wp:featuredmedia":[{"embeddable":true,"href":"https:\/\/tuferreteria.online\/hazlo-tu-mismo\/wp-json\/wp\/v2\/media\/24395"}],"wp:attachment":[{"href":"https:\/\/tuferreteria.online\/hazlo-tu-mismo\/wp-json\/wp\/v2\/media?parent=24365"}],"wp:term":[{"taxonomy":"brand","embeddable":true,"href":"https:\/\/tuferreteria.online\/hazlo-tu-mismo\/wp-json\/wp\/v2\/etheme_brands?post=24365"},{"taxonomy":"product_brand","embeddable":true,"href":"https:\/\/tuferreteria.online\/hazlo-tu-mismo\/wp-json\/wp\/v2\/product_brand?post=24365"},{"taxonomy":"product_cat","embeddable":true,"href":"https:\/\/tuferreteria.online\/hazlo-tu-mismo\/wp-json\/wp\/v2\/product_cat?post=24365"},{"taxonomy":"product_tag","embeddable":true,"href":"https:\/\/tuferreteria.online\/hazlo-tu-mismo\/wp-json\/wp\/v2\/product_tag?post=24365"}],"curies":[{"name":"wp","href":"https:\/\/api.w.org\/{rel}","templated":true}]}}