{"id":24370,"date":"2021-01-13T13:20:20","date_gmt":"2021-01-13T12:20:20","guid":{"rendered":"https:\/\/tuferreteria.online\/hazlo-tu-mismo\/tienda\/sin%20categor\u00eda\/juego-destornillador-precision-baku-intensivos\/"},"modified":"2026-03-11T11:25:59","modified_gmt":"2026-03-11T10:25:59","slug":"juego-destornillador-precision-baku-intensivos","status":"publish","type":"product","link":"https:\/\/tuferreteria.online\/hazlo-tu-mismo\/tienda\/ferreteria\/herramienta-manual\/juego-destornillador-precision-baku-intensivos\/","title":{"rendered":"JUEGO DESTORNILLADOR PRECISI\u00d3N BAKU INTENSIVOS"},"content":{"rendered":"<div class=\"wpb-content-wrapper\"><p>[vc_row][vc_column][vc_column_text]<\/p>\n<h2 style=\"text-align: center;\"><span style=\"color: #ede85f; font-size: 24pt;\">Juego Destornillador Precisi\u00f3n<\/span><\/h2>\n<p>&nbsp;<\/p>\n<h3>Caracter\u00edsticas:<\/h3>\n<p>&nbsp;<\/p>\n<p style=\"text-align: justify;\">El juego de destornillador de precisi\u00f3n, es magn\u00e9tico y un 24 en 1.<\/p>\n<p style=\"text-align: justify;\">El mango es de aluminio antioxidante y las puntas de acero.<\/p>\n<p style=\"text-align: justify;\">Encontrar\u00e1s las siguientes puntas:<\/p>\n<p style=\"text-align: justify;\">PHILIPS &#8211; PH000 &#8211; PH00 &#8211; PH0 &#8211; PH1 &#8211; PH2<\/p>\n<p style=\"text-align: justify;\">PLANOS &#8211; 1.5 &#8211; 2.0 &#8211; 3.0 &#8211; 4.0<\/p>\n<p style=\"text-align: justify;\">TRI\u00c1NGULO &#8211; 2.3<\/p>\n<p style=\"text-align: justify;\">ESTRELLA 5 PUNTAS &#8211; P2 &#8211; P5<\/p>\n<p style=\"text-align: justify;\">HEXAGONA &#8211; H1.5 &#8211; H20<\/p>\n<p style=\"text-align: justify;\">LLAVE &#8211; U2.6<\/p>\n<p style=\"text-align: justify;\">TORX SEGURIDAD (INVIOLABLE) &#8211; TR5 &#8211; TR6 &#8211; TR8 &#8211; TR10 &#8211; TR15<\/p>\n<p style=\"text-align: justify;\">Y1<\/p>\n<p style=\"text-align: justify;\">TORX &#8211; T2 &#8211; T3 -T4<\/p>\n<p>[\/vc_column_text][\/vc_column][\/vc_row]<\/p>\n<\/div>","protected":false},"excerpt":{"rendered":"<h2>JUEGO DESTORNILLADOR DE PRECISI\u00d3N<\/h2>\n","protected":false},"featured_media":24394,"comment_status":"closed","ping_status":"closed","template":"","meta":{"_exactmetrics_skip_tracking":false,"_exactmetrics_sitenote_active":false,"_exactmetrics_sitenote_note":"","_exactmetrics_sitenote_category":0,"_joinchat":[]},"etheme_brands":[{"term_id":2006,"name":"BAKU","slug":"baku","term_group":0,"term_taxonomy_id":2006,"taxonomy":"brand","description":"","parent":0,"count":6,"filter":"raw"}],"product_brand":[],"product_cat":[62,416,60,498],"product_tag":[2008,1306,2009,2007],"class_list":{"0":"post-24370","1":"product","2":"type-product","3":"status-publish","4":"has-post-thumbnail","6":"brand-baku","7":"product_cat-atornilladores","8":"product_cat-ferreteria","9":"product_cat-herramienta-manual","10":"product_cat-juegos-herramientas","11":"product_tag-destornillador-ph","12":"product_tag-destornillador-precision","13":"product_tag-destornillador-pz","14":"product_tag-juego-destornilladores","15":"product_shipping_class-envio-peso","17":"first","18":"instock","19":"taxable","20":"shipping-taxable","21":"purchasable","22":"product-type-simple"},"yoast_head":"<!-- This site is optimized with the Yoast SEO plugin v24.9 - https:\/\/yoast.com\/wordpress\/plugins\/seo\/ -->\n<title>JUEGO DESTORNILLADOR PRECISI\u00d3N BAKU INTENSIVOS - Tienda de tuferreteria.online by Ferreter\u00eda La Salle<\/title>\n<meta name=\"description\" content=\"El juego de destornillador de precisi\u00f3n, es magn\u00e9tico y un 24 en 1.El mango es de aluminio antioxidante y las puntas de acero.\" \/>\n<meta name=\"robots\" content=\"index, follow, max-snippet:-1, max-image-preview:large, max-video-preview:-1\" \/>\n<link rel=\"canonical\" href=\"https:\/\/tuferreteria.online\/hazlo-tu-mismo\/tienda\/ferreteria\/herramienta-manual\/juego-destornillador-precision-baku-intensivos\/\" \/>\n<meta property=\"og:locale\" content=\"es_ES\" \/>\n<meta property=\"og:type\" content=\"article\" \/>\n<meta property=\"og:title\" content=\"JUEGO DESTORNILLADOR PRECISI\u00d3N BAKU INTENSIVOS - Tienda de tuferreteria.online by Ferreter\u00eda La Salle\" \/>\n<meta property=\"og:description\" content=\"El juego de destornillador de precisi\u00f3n, es magn\u00e9tico y un 24 en 1.El mango es de aluminio antioxidante y las puntas de acero.\" \/>\n<meta property=\"og:url\" content=\"https:\/\/tuferreteria.online\/hazlo-tu-mismo\/tienda\/ferreteria\/herramienta-manual\/juego-destornillador-precision-baku-intensivos\/\" \/>\n<meta property=\"og:site_name\" content=\"Tienda de tuferreteria.online by Ferreter\u00eda La Salle\" \/>\n<meta property=\"article:modified_time\" content=\"2026-03-11T10:25:59+00:00\" \/>\n<meta property=\"og:image\" content=\"https:\/\/tuferreteria.online\/hazlo-tu-mismo\/wp-content\/uploads\/2016\/05\/JUEGO-DESTORNILLADORES-BAU-.jpg\" \/>\n\t<meta property=\"og:image:width\" content=\"600\" \/>\n\t<meta property=\"og:image:height\" content=\"600\" \/>\n\t<meta property=\"og:image:type\" content=\"image\/jpeg\" \/>\n<meta name=\"twitter:card\" content=\"summary_large_image\" \/>\n<meta name=\"twitter:label1\" content=\"Tiempo de lectura\" \/>\n\t<meta name=\"twitter:data1\" content=\"1 minuto\" \/>\n<script type=\"application\/ld+json\" class=\"yoast-schema-graph\">{\"@context\":\"https:\/\/schema.org\",\"@graph\":[{\"@type\":\"WebPage\",\"@id\":\"https:\/\/tuferreteria.online\/hazlo-tu-mismo\/tienda\/ferreteria\/herramienta-manual\/juego-destornillador-precision-baku-intensivos\/\",\"url\":\"https:\/\/tuferreteria.online\/hazlo-tu-mismo\/tienda\/ferreteria\/herramienta-manual\/juego-destornillador-precision-baku-intensivos\/\",\"name\":\"JUEGO DESTORNILLADOR PRECISI\u00d3N BAKU INTENSIVOS - Tienda de tuferreteria.online by Ferreter\u00eda La Salle\",\"isPartOf\":{\"@id\":\"https:\/\/tuferreteria.online\/hazlo-tu-mismo\/#website\"},\"primaryImageOfPage\":{\"@id\":\"https:\/\/tuferreteria.online\/hazlo-tu-mismo\/tienda\/ferreteria\/herramienta-manual\/juego-destornillador-precision-baku-intensivos\/#primaryimage\"},\"image\":{\"@id\":\"https:\/\/tuferreteria.online\/hazlo-tu-mismo\/tienda\/ferreteria\/herramienta-manual\/juego-destornillador-precision-baku-intensivos\/#primaryimage\"},\"thumbnailUrl\":\"https:\/\/tuferreteria.online\/hazlo-tu-mismo\/wp-content\/uploads\/2016\/05\/JUEGO-DESTORNILLADORES-BAU-.jpg\",\"datePublished\":\"2021-01-13T12:20:20+00:00\",\"dateModified\":\"2026-03-11T10:25:59+00:00\",\"description\":\"El juego de destornillador de precisi\u00f3n, es magn\u00e9tico y un 24 en 1.El mango es de aluminio antioxidante y las puntas de acero.\",\"breadcrumb\":{\"@id\":\"https:\/\/tuferreteria.online\/hazlo-tu-mismo\/tienda\/ferreteria\/herramienta-manual\/juego-destornillador-precision-baku-intensivos\/#breadcrumb\"},\"inLanguage\":\"es\",\"potentialAction\":[{\"@type\":\"ReadAction\",\"target\":[\"https:\/\/tuferreteria.online\/hazlo-tu-mismo\/tienda\/ferreteria\/herramienta-manual\/juego-destornillador-precision-baku-intensivos\/\"]}]},{\"@type\":\"ImageObject\",\"inLanguage\":\"es\",\"@id\":\"https:\/\/tuferreteria.online\/hazlo-tu-mismo\/tienda\/ferreteria\/herramienta-manual\/juego-destornillador-precision-baku-intensivos\/#primaryimage\",\"url\":\"https:\/\/tuferreteria.online\/hazlo-tu-mismo\/wp-content\/uploads\/2016\/05\/JUEGO-DESTORNILLADORES-BAU-.jpg\",\"contentUrl\":\"https:\/\/tuferreteria.online\/hazlo-tu-mismo\/wp-content\/uploads\/2016\/05\/JUEGO-DESTORNILLADORES-BAU-.jpg\",\"width\":600,\"height\":600,\"caption\":\"JUEGO-DESTORNILLADORES-PRECISI\u00d3N\"},{\"@type\":\"BreadcrumbList\",\"@id\":\"https:\/\/tuferreteria.online\/hazlo-tu-mismo\/tienda\/ferreteria\/herramienta-manual\/juego-destornillador-precision-baku-intensivos\/#breadcrumb\",\"itemListElement\":[{\"@type\":\"ListItem\",\"position\":1,\"name\":\"Portada\",\"item\":\"https:\/\/tuferreteria.online\/hazlo-tu-mismo\/\"},{\"@type\":\"ListItem\",\"position\":2,\"name\":\"Tienda\",\"item\":\"https:\/\/tuferreteria.online\/hazlo-tu-mismo\/tienda\/\"},{\"@type\":\"ListItem\",\"position\":3,\"name\":\"JUEGO DESTORNILLADOR PRECISI\u00d3N BAKU INTENSIVOS\"}]},{\"@type\":\"WebSite\",\"@id\":\"https:\/\/tuferreteria.online\/hazlo-tu-mismo\/#website\",\"url\":\"https:\/\/tuferreteria.online\/hazlo-tu-mismo\/\",\"name\":\"Tienda de tuferreteria.online by Ferreter\u00eda La Salle\",\"description\":\"Hazlo tu mismo\",\"potentialAction\":[{\"@type\":\"SearchAction\",\"target\":{\"@type\":\"EntryPoint\",\"urlTemplate\":\"https:\/\/tuferreteria.online\/hazlo-tu-mismo\/?s={search_term_string}\"},\"query-input\":{\"@type\":\"PropertyValueSpecification\",\"valueRequired\":true,\"valueName\":\"search_term_string\"}}],\"inLanguage\":\"es\"}]}<\/script>\n<!-- \/ Yoast SEO plugin. -->","yoast_head_json":{"title":"JUEGO DESTORNILLADOR PRECISI\u00d3N BAKU INTENSIVOS - Tienda de tuferreteria.online by Ferreter\u00eda La Salle","description":"El juego de destornillador de precisi\u00f3n, es magn\u00e9tico y un 24 en 1.El mango es de aluminio antioxidante y las puntas de acero.","robots":{"index":"index","follow":"follow","max-snippet":"max-snippet:-1","max-image-preview":"max-image-preview:large","max-video-preview":"max-video-preview:-1"},"canonical":"https:\/\/tuferreteria.online\/hazlo-tu-mismo\/tienda\/ferreteria\/herramienta-manual\/juego-destornillador-precision-baku-intensivos\/","og_locale":"es_ES","og_type":"article","og_title":"JUEGO DESTORNILLADOR PRECISI\u00d3N BAKU INTENSIVOS - Tienda de tuferreteria.online by Ferreter\u00eda La Salle","og_description":"El juego de destornillador de precisi\u00f3n, es magn\u00e9tico y un 24 en 1.El mango es de aluminio antioxidante y las puntas de acero.","og_url":"https:\/\/tuferreteria.online\/hazlo-tu-mismo\/tienda\/ferreteria\/herramienta-manual\/juego-destornillador-precision-baku-intensivos\/","og_site_name":"Tienda de tuferreteria.online by Ferreter\u00eda La Salle","article_modified_time":"2026-03-11T10:25:59+00:00","og_image":[{"width":600,"height":600,"url":"https:\/\/tuferreteria.online\/hazlo-tu-mismo\/wp-content\/uploads\/2016\/05\/JUEGO-DESTORNILLADORES-BAU-.jpg","type":"image\/jpeg"}],"twitter_card":"summary_large_image","twitter_misc":{"Tiempo de lectura":"1 minuto"},"schema":{"@context":"https:\/\/schema.org","@graph":[{"@type":"WebPage","@id":"https:\/\/tuferreteria.online\/hazlo-tu-mismo\/tienda\/ferreteria\/herramienta-manual\/juego-destornillador-precision-baku-intensivos\/","url":"https:\/\/tuferreteria.online\/hazlo-tu-mismo\/tienda\/ferreteria\/herramienta-manual\/juego-destornillador-precision-baku-intensivos\/","name":"JUEGO DESTORNILLADOR PRECISI\u00d3N BAKU INTENSIVOS - Tienda de tuferreteria.online by Ferreter\u00eda La Salle","isPartOf":{"@id":"https:\/\/tuferreteria.online\/hazlo-tu-mismo\/#website"},"primaryImageOfPage":{"@id":"https:\/\/tuferreteria.online\/hazlo-tu-mismo\/tienda\/ferreteria\/herramienta-manual\/juego-destornillador-precision-baku-intensivos\/#primaryimage"},"image":{"@id":"https:\/\/tuferreteria.online\/hazlo-tu-mismo\/tienda\/ferreteria\/herramienta-manual\/juego-destornillador-precision-baku-intensivos\/#primaryimage"},"thumbnailUrl":"https:\/\/tuferreteria.online\/hazlo-tu-mismo\/wp-content\/uploads\/2016\/05\/JUEGO-DESTORNILLADORES-BAU-.jpg","datePublished":"2021-01-13T12:20:20+00:00","dateModified":"2026-03-11T10:25:59+00:00","description":"El juego de destornillador de precisi\u00f3n, es magn\u00e9tico y un 24 en 1.El mango es de aluminio antioxidante y las puntas de acero.","breadcrumb":{"@id":"https:\/\/tuferreteria.online\/hazlo-tu-mismo\/tienda\/ferreteria\/herramienta-manual\/juego-destornillador-precision-baku-intensivos\/#breadcrumb"},"inLanguage":"es","potentialAction":[{"@type":"ReadAction","target":["https:\/\/tuferreteria.online\/hazlo-tu-mismo\/tienda\/ferreteria\/herramienta-manual\/juego-destornillador-precision-baku-intensivos\/"]}]},{"@type":"ImageObject","inLanguage":"es","@id":"https:\/\/tuferreteria.online\/hazlo-tu-mismo\/tienda\/ferreteria\/herramienta-manual\/juego-destornillador-precision-baku-intensivos\/#primaryimage","url":"https:\/\/tuferreteria.online\/hazlo-tu-mismo\/wp-content\/uploads\/2016\/05\/JUEGO-DESTORNILLADORES-BAU-.jpg","contentUrl":"https:\/\/tuferreteria.online\/hazlo-tu-mismo\/wp-content\/uploads\/2016\/05\/JUEGO-DESTORNILLADORES-BAU-.jpg","width":600,"height":600,"caption":"JUEGO-DESTORNILLADORES-PRECISI\u00d3N"},{"@type":"BreadcrumbList","@id":"https:\/\/tuferreteria.online\/hazlo-tu-mismo\/tienda\/ferreteria\/herramienta-manual\/juego-destornillador-precision-baku-intensivos\/#breadcrumb","itemListElement":[{"@type":"ListItem","position":1,"name":"Portada","item":"https:\/\/tuferreteria.online\/hazlo-tu-mismo\/"},{"@type":"ListItem","position":2,"name":"Tienda","item":"https:\/\/tuferreteria.online\/hazlo-tu-mismo\/tienda\/"},{"@type":"ListItem","position":3,"name":"JUEGO DESTORNILLADOR PRECISI\u00d3N BAKU INTENSIVOS"}]},{"@type":"WebSite","@id":"https:\/\/tuferreteria.online\/hazlo-tu-mismo\/#website","url":"https:\/\/tuferreteria.online\/hazlo-tu-mismo\/","name":"Tienda de tuferreteria.online by Ferreter\u00eda La Salle","description":"Hazlo tu mismo","potentialAction":[{"@type":"SearchAction","target":{"@type":"EntryPoint","urlTemplate":"https:\/\/tuferreteria.online\/hazlo-tu-mismo\/?s={search_term_string}"},"query-input":{"@type":"PropertyValueSpecification","valueRequired":true,"valueName":"search_term_string"}}],"inLanguage":"es"}]}},"_links":{"self":[{"href":"https:\/\/tuferreteria.online\/hazlo-tu-mismo\/wp-json\/wp\/v2\/product\/24370","targetHints":{"allow":["GET"]}}],"collection":[{"href":"https:\/\/tuferreteria.online\/hazlo-tu-mismo\/wp-json\/wp\/v2\/product"}],"about":[{"href":"https:\/\/tuferreteria.online\/hazlo-tu-mismo\/wp-json\/wp\/v2\/types\/product"}],"replies":[{"embeddable":true,"href":"https:\/\/tuferreteria.online\/hazlo-tu-mismo\/wp-json\/wp\/v2\/comments?post=24370"}],"wp:featuredmedia":[{"embeddable":true,"href":"https:\/\/tuferreteria.online\/hazlo-tu-mismo\/wp-json\/wp\/v2\/media\/24394"}],"wp:attachment":[{"href":"https:\/\/tuferreteria.online\/hazlo-tu-mismo\/wp-json\/wp\/v2\/media?parent=24370"}],"wp:term":[{"taxonomy":"brand","embeddable":true,"href":"https:\/\/tuferreteria.online\/hazlo-tu-mismo\/wp-json\/wp\/v2\/etheme_brands?post=24370"},{"taxonomy":"product_brand","embeddable":true,"href":"https:\/\/tuferreteria.online\/hazlo-tu-mismo\/wp-json\/wp\/v2\/product_brand?post=24370"},{"taxonomy":"product_cat","embeddable":true,"href":"https:\/\/tuferreteria.online\/hazlo-tu-mismo\/wp-json\/wp\/v2\/product_cat?post=24370"},{"taxonomy":"product_tag","embeddable":true,"href":"https:\/\/tuferreteria.online\/hazlo-tu-mismo\/wp-json\/wp\/v2\/product_tag?post=24370"}],"curies":[{"name":"wp","href":"https:\/\/api.w.org\/{rel}","templated":true}]}}