{"id":24373,"date":"2021-01-13T13:20:43","date_gmt":"2021-01-13T12:20:43","guid":{"rendered":"https:\/\/tuferreteria.online\/hazlo-tu-mismo\/tienda\/sin%20categor\u00eda\/cafetera-moka-induccion-2tz-negra-new2020-bialetti\/"},"modified":"2026-03-11T11:27:28","modified_gmt":"2026-03-11T10:27:28","slug":"cafetera-induccion","status":"publish","type":"product","link":"https:\/\/tuferreteria.online\/hazlo-tu-mismo\/tienda\/hogar\/cocina\/pequeno-electrodomestico\/cafetera-induccion\/","title":{"rendered":"CAFETERA INDUCCI\u00d3N BIALETTI"},"content":{"rendered":"<div class=\"wpb-content-wrapper\"><p>[vc_row][vc_column][vc_column_text]<\/p>\n<h2 style=\"text-align: center;\"><span style=\"color: #f9e03a; font-size: 24pt;\">Cafetera Inducci\u00f3n<\/span><\/h2>\n<p>&nbsp;<\/p>\n<h3>Caracter\u00edsticas:<\/h3>\n<p>&nbsp;<\/p>\n<p style=\"text-align: justify;\">La cafetera de inducci\u00f3n la tienes disponible para elegir entre 2 y 4 tazas.<\/p>\n<p style=\"text-align: justify;\">El modelo Moka de Bialetti, adem\u00e1s de servicio e innovaci\u00f3n, dar\u00e1 estilo a tu cocina.<\/p>\n<p style=\"text-align: justify;\">La caldera est\u00e1 especialmente realizada en acero con forma c\u00f3nica para que funcione a la perfecci\u00f3n en tu cocina de inducci\u00f3n.<\/p>\n<p style=\"text-align: justify;\">La parte alta de forma octogonal nos sigue evocando a la cafetera tradicional de Bialetti que se transforma para dar servicio a la nueva era de cocinas de inducci\u00f3n.<\/p>\n<p style=\"text-align: justify;\">\u00a1El caf\u00e9 de siempre, en tu nueva cocina!<\/p>\n<p>[\/vc_column_text][\/vc_column][\/vc_row]<\/p>\n<\/div>","protected":false},"excerpt":{"rendered":"<h2>CAFETERA INDUCCI\u00d3N BIALETTI MOKA<\/h2>\n","protected":false},"featured_media":25959,"comment_status":"closed","ping_status":"closed","template":"","meta":{"_exactmetrics_skip_tracking":false,"_exactmetrics_sitenote_active":false,"_exactmetrics_sitenote_note":"","_exactmetrics_sitenote_category":0,"_joinchat":[]},"etheme_brands":[{"term_id":213,"name":"BIALETTI","slug":"bialetti","term_group":0,"term_taxonomy_id":213,"taxonomy":"brand","description":"","parent":0,"count":3,"filter":"raw"}],"product_brand":[],"product_cat":[2812,516,78,82],"product_tag":[1941,2003,2004,2005],"class_list":{"0":"post-24373","1":"product","2":"type-product","3":"status-publish","4":"has-post-thumbnail","6":"brand-bialetti","7":"product_cat-cafeteras-hervidores","8":"product_cat-cocina","9":"product_cat-hogar","10":"product_cat-pequeno-electrodomestico","11":"product_tag-cafetera-bialetti","12":"product_tag-cafetera-induccion-2-tazas","13":"product_tag-cafetera-induccion-tenerife","14":"product_tag-cafetera-italiana-induccion","15":"product_shipping_class-envio-peso","17":"first","18":"instock","19":"taxable","20":"shipping-taxable","21":"purchasable","22":"product-type-variable"},"yoast_head":"<!-- This site is optimized with the Yoast SEO plugin v24.9 - https:\/\/yoast.com\/wordpress\/plugins\/seo\/ -->\n<title>CAFETERA INDUCCI\u00d3N BIALETTI - Tienda de tuferreteria.online by Ferreter\u00eda La Salle<\/title>\n<meta name=\"description\" content=\"La cafetera de inducci\u00f3n la tienes disponible para elegir entre 2 y 4 tazas. El modelo Moka de Bialetti, adem\u00e1s de servicio e innovaci\u00f3n, dar\u00e1 estilo a tu cocina.\" \/>\n<meta name=\"robots\" content=\"index, follow, max-snippet:-1, max-image-preview:large, max-video-preview:-1\" \/>\n<link rel=\"canonical\" href=\"https:\/\/tuferreteria.online\/hazlo-tu-mismo\/tienda\/hogar\/cocina\/pequeno-electrodomestico\/cafetera-induccion\/\" \/>\n<meta property=\"og:locale\" content=\"es_ES\" \/>\n<meta property=\"og:type\" content=\"article\" \/>\n<meta property=\"og:title\" content=\"CAFETERA INDUCCI\u00d3N BIALETTI - Tienda de tuferreteria.online by Ferreter\u00eda La Salle\" \/>\n<meta property=\"og:description\" content=\"La cafetera de inducci\u00f3n la tienes disponible para elegir entre 2 y 4 tazas. El modelo Moka de Bialetti, adem\u00e1s de servicio e innovaci\u00f3n, dar\u00e1 estilo a tu cocina.\" \/>\n<meta property=\"og:url\" content=\"https:\/\/tuferreteria.online\/hazlo-tu-mismo\/tienda\/hogar\/cocina\/pequeno-electrodomestico\/cafetera-induccion\/\" \/>\n<meta property=\"og:site_name\" content=\"Tienda de tuferreteria.online by Ferreter\u00eda La Salle\" \/>\n<meta property=\"article:modified_time\" content=\"2026-03-11T10:27:28+00:00\" \/>\n<meta property=\"og:image\" content=\"https:\/\/tuferreteria.online\/hazlo-tu-mismo\/wp-content\/uploads\/2021\/07\/CAFETERA-MOKA-INDUCCION.jpg\" \/>\n\t<meta property=\"og:image:width\" content=\"600\" \/>\n\t<meta property=\"og:image:height\" content=\"600\" \/>\n\t<meta property=\"og:image:type\" content=\"image\/jpeg\" \/>\n<meta name=\"twitter:card\" content=\"summary_large_image\" \/>\n<meta name=\"twitter:label1\" content=\"Tiempo de lectura\" \/>\n\t<meta name=\"twitter:data1\" content=\"1 minuto\" \/>\n<script type=\"application\/ld+json\" class=\"yoast-schema-graph\">{\"@context\":\"https:\/\/schema.org\",\"@graph\":[{\"@type\":\"WebPage\",\"@id\":\"https:\/\/tuferreteria.online\/hazlo-tu-mismo\/tienda\/hogar\/cocina\/pequeno-electrodomestico\/cafetera-induccion\/\",\"url\":\"https:\/\/tuferreteria.online\/hazlo-tu-mismo\/tienda\/hogar\/cocina\/pequeno-electrodomestico\/cafetera-induccion\/\",\"name\":\"CAFETERA INDUCCI\u00d3N BIALETTI - Tienda de tuferreteria.online by Ferreter\u00eda La Salle\",\"isPartOf\":{\"@id\":\"https:\/\/tuferreteria.online\/hazlo-tu-mismo\/#website\"},\"primaryImageOfPage\":{\"@id\":\"https:\/\/tuferreteria.online\/hazlo-tu-mismo\/tienda\/hogar\/cocina\/pequeno-electrodomestico\/cafetera-induccion\/#primaryimage\"},\"image\":{\"@id\":\"https:\/\/tuferreteria.online\/hazlo-tu-mismo\/tienda\/hogar\/cocina\/pequeno-electrodomestico\/cafetera-induccion\/#primaryimage\"},\"thumbnailUrl\":\"https:\/\/tuferreteria.online\/hazlo-tu-mismo\/wp-content\/uploads\/2021\/07\/CAFETERA-MOKA-INDUCCION.jpg\",\"datePublished\":\"2021-01-13T12:20:43+00:00\",\"dateModified\":\"2026-03-11T10:27:28+00:00\",\"description\":\"La cafetera de inducci\u00f3n la tienes disponible para elegir entre 2 y 4 tazas. El modelo Moka de Bialetti, adem\u00e1s de servicio e innovaci\u00f3n, dar\u00e1 estilo a tu cocina.\",\"breadcrumb\":{\"@id\":\"https:\/\/tuferreteria.online\/hazlo-tu-mismo\/tienda\/hogar\/cocina\/pequeno-electrodomestico\/cafetera-induccion\/#breadcrumb\"},\"inLanguage\":\"es\",\"potentialAction\":[{\"@type\":\"ReadAction\",\"target\":[\"https:\/\/tuferreteria.online\/hazlo-tu-mismo\/tienda\/hogar\/cocina\/pequeno-electrodomestico\/cafetera-induccion\/\"]}]},{\"@type\":\"ImageObject\",\"inLanguage\":\"es\",\"@id\":\"https:\/\/tuferreteria.online\/hazlo-tu-mismo\/tienda\/hogar\/cocina\/pequeno-electrodomestico\/cafetera-induccion\/#primaryimage\",\"url\":\"https:\/\/tuferreteria.online\/hazlo-tu-mismo\/wp-content\/uploads\/2021\/07\/CAFETERA-MOKA-INDUCCION.jpg\",\"contentUrl\":\"https:\/\/tuferreteria.online\/hazlo-tu-mismo\/wp-content\/uploads\/2021\/07\/CAFETERA-MOKA-INDUCCION.jpg\",\"width\":600,\"height\":600,\"caption\":\"CAFETERA-MOKA-INDUCCI\u00d3N\"},{\"@type\":\"BreadcrumbList\",\"@id\":\"https:\/\/tuferreteria.online\/hazlo-tu-mismo\/tienda\/hogar\/cocina\/pequeno-electrodomestico\/cafetera-induccion\/#breadcrumb\",\"itemListElement\":[{\"@type\":\"ListItem\",\"position\":1,\"name\":\"Portada\",\"item\":\"https:\/\/tuferreteria.online\/hazlo-tu-mismo\/\"},{\"@type\":\"ListItem\",\"position\":2,\"name\":\"Tienda\",\"item\":\"https:\/\/tuferreteria.online\/hazlo-tu-mismo\/tienda\/\"},{\"@type\":\"ListItem\",\"position\":3,\"name\":\"CAFETERA INDUCCI\u00d3N BIALETTI\"}]},{\"@type\":\"WebSite\",\"@id\":\"https:\/\/tuferreteria.online\/hazlo-tu-mismo\/#website\",\"url\":\"https:\/\/tuferreteria.online\/hazlo-tu-mismo\/\",\"name\":\"Tienda de tuferreteria.online by Ferreter\u00eda La Salle\",\"description\":\"Hazlo tu mismo\",\"potentialAction\":[{\"@type\":\"SearchAction\",\"target\":{\"@type\":\"EntryPoint\",\"urlTemplate\":\"https:\/\/tuferreteria.online\/hazlo-tu-mismo\/?s={search_term_string}\"},\"query-input\":{\"@type\":\"PropertyValueSpecification\",\"valueRequired\":true,\"valueName\":\"search_term_string\"}}],\"inLanguage\":\"es\"}]}<\/script>\n<!-- \/ Yoast SEO plugin. -->","yoast_head_json":{"title":"CAFETERA INDUCCI\u00d3N BIALETTI - Tienda de tuferreteria.online by Ferreter\u00eda La Salle","description":"La cafetera de inducci\u00f3n la tienes disponible para elegir entre 2 y 4 tazas. El modelo Moka de Bialetti, adem\u00e1s de servicio e innovaci\u00f3n, dar\u00e1 estilo a tu cocina.","robots":{"index":"index","follow":"follow","max-snippet":"max-snippet:-1","max-image-preview":"max-image-preview:large","max-video-preview":"max-video-preview:-1"},"canonical":"https:\/\/tuferreteria.online\/hazlo-tu-mismo\/tienda\/hogar\/cocina\/pequeno-electrodomestico\/cafetera-induccion\/","og_locale":"es_ES","og_type":"article","og_title":"CAFETERA INDUCCI\u00d3N BIALETTI - Tienda de tuferreteria.online by Ferreter\u00eda La Salle","og_description":"La cafetera de inducci\u00f3n la tienes disponible para elegir entre 2 y 4 tazas. El modelo Moka de Bialetti, adem\u00e1s de servicio e innovaci\u00f3n, dar\u00e1 estilo a tu cocina.","og_url":"https:\/\/tuferreteria.online\/hazlo-tu-mismo\/tienda\/hogar\/cocina\/pequeno-electrodomestico\/cafetera-induccion\/","og_site_name":"Tienda de tuferreteria.online by Ferreter\u00eda La Salle","article_modified_time":"2026-03-11T10:27:28+00:00","og_image":[{"width":600,"height":600,"url":"https:\/\/tuferreteria.online\/hazlo-tu-mismo\/wp-content\/uploads\/2021\/07\/CAFETERA-MOKA-INDUCCION.jpg","type":"image\/jpeg"}],"twitter_card":"summary_large_image","twitter_misc":{"Tiempo de lectura":"1 minuto"},"schema":{"@context":"https:\/\/schema.org","@graph":[{"@type":"WebPage","@id":"https:\/\/tuferreteria.online\/hazlo-tu-mismo\/tienda\/hogar\/cocina\/pequeno-electrodomestico\/cafetera-induccion\/","url":"https:\/\/tuferreteria.online\/hazlo-tu-mismo\/tienda\/hogar\/cocina\/pequeno-electrodomestico\/cafetera-induccion\/","name":"CAFETERA INDUCCI\u00d3N BIALETTI - Tienda de tuferreteria.online by Ferreter\u00eda La Salle","isPartOf":{"@id":"https:\/\/tuferreteria.online\/hazlo-tu-mismo\/#website"},"primaryImageOfPage":{"@id":"https:\/\/tuferreteria.online\/hazlo-tu-mismo\/tienda\/hogar\/cocina\/pequeno-electrodomestico\/cafetera-induccion\/#primaryimage"},"image":{"@id":"https:\/\/tuferreteria.online\/hazlo-tu-mismo\/tienda\/hogar\/cocina\/pequeno-electrodomestico\/cafetera-induccion\/#primaryimage"},"thumbnailUrl":"https:\/\/tuferreteria.online\/hazlo-tu-mismo\/wp-content\/uploads\/2021\/07\/CAFETERA-MOKA-INDUCCION.jpg","datePublished":"2021-01-13T12:20:43+00:00","dateModified":"2026-03-11T10:27:28+00:00","description":"La cafetera de inducci\u00f3n la tienes disponible para elegir entre 2 y 4 tazas. El modelo Moka de Bialetti, adem\u00e1s de servicio e innovaci\u00f3n, dar\u00e1 estilo a tu cocina.","breadcrumb":{"@id":"https:\/\/tuferreteria.online\/hazlo-tu-mismo\/tienda\/hogar\/cocina\/pequeno-electrodomestico\/cafetera-induccion\/#breadcrumb"},"inLanguage":"es","potentialAction":[{"@type":"ReadAction","target":["https:\/\/tuferreteria.online\/hazlo-tu-mismo\/tienda\/hogar\/cocina\/pequeno-electrodomestico\/cafetera-induccion\/"]}]},{"@type":"ImageObject","inLanguage":"es","@id":"https:\/\/tuferreteria.online\/hazlo-tu-mismo\/tienda\/hogar\/cocina\/pequeno-electrodomestico\/cafetera-induccion\/#primaryimage","url":"https:\/\/tuferreteria.online\/hazlo-tu-mismo\/wp-content\/uploads\/2021\/07\/CAFETERA-MOKA-INDUCCION.jpg","contentUrl":"https:\/\/tuferreteria.online\/hazlo-tu-mismo\/wp-content\/uploads\/2021\/07\/CAFETERA-MOKA-INDUCCION.jpg","width":600,"height":600,"caption":"CAFETERA-MOKA-INDUCCI\u00d3N"},{"@type":"BreadcrumbList","@id":"https:\/\/tuferreteria.online\/hazlo-tu-mismo\/tienda\/hogar\/cocina\/pequeno-electrodomestico\/cafetera-induccion\/#breadcrumb","itemListElement":[{"@type":"ListItem","position":1,"name":"Portada","item":"https:\/\/tuferreteria.online\/hazlo-tu-mismo\/"},{"@type":"ListItem","position":2,"name":"Tienda","item":"https:\/\/tuferreteria.online\/hazlo-tu-mismo\/tienda\/"},{"@type":"ListItem","position":3,"name":"CAFETERA INDUCCI\u00d3N BIALETTI"}]},{"@type":"WebSite","@id":"https:\/\/tuferreteria.online\/hazlo-tu-mismo\/#website","url":"https:\/\/tuferreteria.online\/hazlo-tu-mismo\/","name":"Tienda de tuferreteria.online by Ferreter\u00eda La Salle","description":"Hazlo tu mismo","potentialAction":[{"@type":"SearchAction","target":{"@type":"EntryPoint","urlTemplate":"https:\/\/tuferreteria.online\/hazlo-tu-mismo\/?s={search_term_string}"},"query-input":{"@type":"PropertyValueSpecification","valueRequired":true,"valueName":"search_term_string"}}],"inLanguage":"es"}]}},"_links":{"self":[{"href":"https:\/\/tuferreteria.online\/hazlo-tu-mismo\/wp-json\/wp\/v2\/product\/24373","targetHints":{"allow":["GET"]}}],"collection":[{"href":"https:\/\/tuferreteria.online\/hazlo-tu-mismo\/wp-json\/wp\/v2\/product"}],"about":[{"href":"https:\/\/tuferreteria.online\/hazlo-tu-mismo\/wp-json\/wp\/v2\/types\/product"}],"replies":[{"embeddable":true,"href":"https:\/\/tuferreteria.online\/hazlo-tu-mismo\/wp-json\/wp\/v2\/comments?post=24373"}],"wp:featuredmedia":[{"embeddable":true,"href":"https:\/\/tuferreteria.online\/hazlo-tu-mismo\/wp-json\/wp\/v2\/media\/25959"}],"wp:attachment":[{"href":"https:\/\/tuferreteria.online\/hazlo-tu-mismo\/wp-json\/wp\/v2\/media?parent=24373"}],"wp:term":[{"taxonomy":"brand","embeddable":true,"href":"https:\/\/tuferreteria.online\/hazlo-tu-mismo\/wp-json\/wp\/v2\/etheme_brands?post=24373"},{"taxonomy":"product_brand","embeddable":true,"href":"https:\/\/tuferreteria.online\/hazlo-tu-mismo\/wp-json\/wp\/v2\/product_brand?post=24373"},{"taxonomy":"product_cat","embeddable":true,"href":"https:\/\/tuferreteria.online\/hazlo-tu-mismo\/wp-json\/wp\/v2\/product_cat?post=24373"},{"taxonomy":"product_tag","embeddable":true,"href":"https:\/\/tuferreteria.online\/hazlo-tu-mismo\/wp-json\/wp\/v2\/product_tag?post=24373"}],"curies":[{"name":"wp","href":"https:\/\/api.w.org\/{rel}","templated":true}]}}