{"id":24677,"date":"2021-02-09T11:56:06","date_gmt":"2021-02-09T10:56:06","guid":{"rendered":"https:\/\/tuferreteria.online\/hazlo-tu-mismo\/tienda\/sin%20categor\u00eda\/sierra-circular-makita-dhs680z-s-bat-18v-165mm\/"},"modified":"2026-03-11T10:34:53","modified_gmt":"2026-03-11T09:34:53","slug":"sierra-circular-makita-dhs680z-s-bat-18v-165mm","status":"publish","type":"product","link":"https:\/\/tuferreteria.online\/hazlo-tu-mismo\/tienda\/ferreteria\/herramienta-electrica\/sierra-circular-makita-dhs680z-s-bat-18v-165mm\/","title":{"rendered":"SIERRA CIRCULAR MAKITA DE BATER\u00cdA DHS680Z"},"content":{"rendered":"<div class=\"wpb-content-wrapper\"><p>[vc_row][vc_column][vc_column_text]<\/p>\n<h2 style=\"text-align: center;\"><span style=\"font-size: 24pt; color: #ede85f;\">Sierra Circular Makita Bater\u00eda<\/span><\/h2>\n<p>&nbsp;<\/p>\n<h3>Caracter\u00edsticas:<\/h3>\n<p>&nbsp;<\/p>\n<p style=\"text-align: justify;\">La sierra circular Makita de bater\u00eda es de motor BL sin escobillas, lo que le da un cuerpo m\u00e1s peque\u00f1o pero potente.<\/p>\n<p style=\"text-align: justify;\">Es de 165 mm.<\/p>\n<p style=\"text-align: justify;\">La carcasa y la base son de magnesio, lo que la hace m\u00e1s ligera.<\/p>\n<p style=\"text-align: justify;\">Tiene control autom\u00e1tico de la velocidad y una capacidad de corte de 57 mm. a 90\u00ba.<\/p>\n<p style=\"text-align: justify;\">Con empu\u00f1adura antideslizante para tu comodidad y un gancho retr\u00e1ctil para colgar la m\u00e1quina, lo que te har\u00e1 los trabajos en altura m\u00e1s c\u00f3modos.<\/p>\n<p style=\"text-align: justify;\">Viene con el equipo b\u00e1sico de Toma de aspirador, Gu\u00eda paralela tipo 1 y disco HM 165\/20\/24 D.<\/p>\n<p><span style=\"color: #000000;\"><em><strong>La bater\u00eda y el cargador se venden por separado.\u00a0 <\/strong><\/em><strong><span style=\"text-decoration: underline;\"><em><span style=\"color: #ede85f; text-decoration: underline;\">Bater\u00eda<\/span><\/em><\/span> <\/strong>&#8211;\u00a0 <strong><span style=\"text-decoration: underline;\"><em><span style=\"color: #ede85f; text-decoration: underline;\">Cargador\u00a0<\/span><\/em><\/span><\/strong><span style=\"color: #ede85f;\">\u00a0\u00a0<\/span><\/span><\/p>\n<p style=\"text-align: justify;\"><span style=\"font-size: 14pt; color: #000000;\">\u00a1Recuerda que si tienes alguna herramienta Makita de bater\u00eda de 18 V, te sirve tanto la bater\u00eda como el cargador!<\/span><\/p>\n<p style=\"text-align: justify;\">Aqu\u00ed abajo <strong><span style=\"font-size: 14pt;\">\u21d3<\/span> <\/strong>\u00a0te dejamos un pdf con el manual de instrucciones.<\/p>\n<p>[\/vc_column_text][\/vc_column][\/vc_row][vc_row][vc_column][vc_single_image image=\u00bb24320&#8243; img_size=\u00bb200&#215;200&#8243; alignment=\u00bbcenter\u00bb onclick=\u00bbcustom_link\u00bb img_link_target=\u00bb_blank\u00bb link=\u00bbhttps:\/\/tuferreteria.online\/hazlo-tu-mismo\/wp-content\/uploads\/2016\/05\/MANUAL-DE-USUARIO-SIERRA-CIRCULAR-MAKITA-DHS680Z.pdf\u00bb][\/vc_column][\/vc_row]<\/p>\n<\/div>","protected":false},"excerpt":{"rendered":"<h2>SIERRA CIRCULAR MAKITA SIN BATER\u00cdA 18 V<\/h2>\n","protected":false},"featured_media":24709,"comment_status":"closed","ping_status":"closed","template":"","meta":{"_exactmetrics_skip_tracking":false,"_exactmetrics_sitenote_active":false,"_exactmetrics_sitenote_note":"","_exactmetrics_sitenote_category":0,"_joinchat":[]},"etheme_brands":[{"term_id":494,"name":"MAKITA","slug":"makita","term_group":0,"term_taxonomy_id":494,"taxonomy":"brand","description":"","parent":0,"count":27,"filter":"raw"}],"product_brand":[],"product_cat":[416,55,57],"product_tag":[1548,2081,1547,2082,2080],"class_list":{"0":"post-24677","1":"product","2":"type-product","3":"status-publish","4":"has-post-thumbnail","6":"brand-makita","7":"product_cat-ferreteria","8":"product_cat-herramienta-electrica","9":"product_cat-sierras-electricas","10":"product_tag-makita-canarias","11":"product_tag-makita-dhs680z","12":"product_tag-makita-tenerife","13":"product_tag-sierra-circular-bateria","14":"product_tag-sierra-circular-makita-dhs680z","15":"product_shipping_class-envio-peso","17":"first","18":"outofstock","19":"taxable","20":"shipping-taxable","21":"purchasable","22":"product-type-simple"},"yoast_head":"<!-- This site is optimized with the Yoast SEO plugin v24.9 - https:\/\/yoast.com\/wordpress\/plugins\/seo\/ -->\n<title>SIERRA CIRCULAR MAKITA DE BATER\u00cdA DHS680Z - Tienda de tuferreteria.online by Ferreter\u00eda La Salle<\/title>\n<meta name=\"description\" content=\"La sierra circular Makita de bater\u00eda es de motor BL sin escobillas, lo que le da un cuerpo m\u00e1s peque\u00f1o pero potente. Es de 165 mm.La carcasa y la base son de magnesio, lo que la hace m\u00e1s ligera.\" \/>\n<meta name=\"robots\" content=\"index, follow, max-snippet:-1, max-image-preview:large, max-video-preview:-1\" \/>\n<link rel=\"canonical\" href=\"https:\/\/tuferreteria.online\/hazlo-tu-mismo\/tienda\/ferreteria\/herramienta-electrica\/sierra-circular-makita-dhs680z-s-bat-18v-165mm\/\" \/>\n<meta property=\"og:locale\" content=\"es_ES\" \/>\n<meta property=\"og:type\" content=\"article\" \/>\n<meta property=\"og:title\" content=\"SIERRA CIRCULAR MAKITA DE BATER\u00cdA DHS680Z - Tienda de tuferreteria.online by Ferreter\u00eda La Salle\" \/>\n<meta property=\"og:description\" content=\"La sierra circular Makita de bater\u00eda es de motor BL sin escobillas, lo que le da un cuerpo m\u00e1s peque\u00f1o pero potente. Es de 165 mm.La carcasa y la base son de magnesio, lo que la hace m\u00e1s ligera.\" \/>\n<meta property=\"og:url\" content=\"https:\/\/tuferreteria.online\/hazlo-tu-mismo\/tienda\/ferreteria\/herramienta-electrica\/sierra-circular-makita-dhs680z-s-bat-18v-165mm\/\" \/>\n<meta property=\"og:site_name\" content=\"Tienda de tuferreteria.online by Ferreter\u00eda La Salle\" \/>\n<meta property=\"article:modified_time\" content=\"2026-03-11T09:34:53+00:00\" \/>\n<meta property=\"og:image\" content=\"https:\/\/tuferreteria.online\/hazlo-tu-mismo\/wp-content\/uploads\/2021\/02\/SIERRA-CIRCULAR-BATERIA-MAKITA-DHS680Z.jpg\" \/>\n\t<meta property=\"og:image:width\" content=\"600\" \/>\n\t<meta property=\"og:image:height\" content=\"600\" \/>\n\t<meta property=\"og:image:type\" content=\"image\/jpeg\" \/>\n<meta name=\"twitter:card\" content=\"summary_large_image\" \/>\n<meta name=\"twitter:label1\" content=\"Tiempo de lectura\" \/>\n\t<meta name=\"twitter:data1\" content=\"1 minuto\" \/>\n<script type=\"application\/ld+json\" class=\"yoast-schema-graph\">{\"@context\":\"https:\/\/schema.org\",\"@graph\":[{\"@type\":\"WebPage\",\"@id\":\"https:\/\/tuferreteria.online\/hazlo-tu-mismo\/tienda\/ferreteria\/herramienta-electrica\/sierra-circular-makita-dhs680z-s-bat-18v-165mm\/\",\"url\":\"https:\/\/tuferreteria.online\/hazlo-tu-mismo\/tienda\/ferreteria\/herramienta-electrica\/sierra-circular-makita-dhs680z-s-bat-18v-165mm\/\",\"name\":\"SIERRA CIRCULAR MAKITA DE BATER\u00cdA DHS680Z - Tienda de tuferreteria.online by Ferreter\u00eda La Salle\",\"isPartOf\":{\"@id\":\"https:\/\/tuferreteria.online\/hazlo-tu-mismo\/#website\"},\"primaryImageOfPage\":{\"@id\":\"https:\/\/tuferreteria.online\/hazlo-tu-mismo\/tienda\/ferreteria\/herramienta-electrica\/sierra-circular-makita-dhs680z-s-bat-18v-165mm\/#primaryimage\"},\"image\":{\"@id\":\"https:\/\/tuferreteria.online\/hazlo-tu-mismo\/tienda\/ferreteria\/herramienta-electrica\/sierra-circular-makita-dhs680z-s-bat-18v-165mm\/#primaryimage\"},\"thumbnailUrl\":\"https:\/\/tuferreteria.online\/hazlo-tu-mismo\/wp-content\/uploads\/2021\/02\/SIERRA-CIRCULAR-BATERIA-MAKITA-DHS680Z.jpg\",\"datePublished\":\"2021-02-09T10:56:06+00:00\",\"dateModified\":\"2026-03-11T09:34:53+00:00\",\"description\":\"La sierra circular Makita de bater\u00eda es de motor BL sin escobillas, lo que le da un cuerpo m\u00e1s peque\u00f1o pero potente. Es de 165 mm.La carcasa y la base son de magnesio, lo que la hace m\u00e1s ligera.\",\"breadcrumb\":{\"@id\":\"https:\/\/tuferreteria.online\/hazlo-tu-mismo\/tienda\/ferreteria\/herramienta-electrica\/sierra-circular-makita-dhs680z-s-bat-18v-165mm\/#breadcrumb\"},\"inLanguage\":\"es\",\"potentialAction\":[{\"@type\":\"ReadAction\",\"target\":[\"https:\/\/tuferreteria.online\/hazlo-tu-mismo\/tienda\/ferreteria\/herramienta-electrica\/sierra-circular-makita-dhs680z-s-bat-18v-165mm\/\"]}]},{\"@type\":\"ImageObject\",\"inLanguage\":\"es\",\"@id\":\"https:\/\/tuferreteria.online\/hazlo-tu-mismo\/tienda\/ferreteria\/herramienta-electrica\/sierra-circular-makita-dhs680z-s-bat-18v-165mm\/#primaryimage\",\"url\":\"https:\/\/tuferreteria.online\/hazlo-tu-mismo\/wp-content\/uploads\/2021\/02\/SIERRA-CIRCULAR-BATERIA-MAKITA-DHS680Z.jpg\",\"contentUrl\":\"https:\/\/tuferreteria.online\/hazlo-tu-mismo\/wp-content\/uploads\/2021\/02\/SIERRA-CIRCULAR-BATERIA-MAKITA-DHS680Z.jpg\",\"width\":600,\"height\":600,\"caption\":\"SIERRA-CIRCULAR-BATER\u00cdA-MAKITA-DHS680Z\"},{\"@type\":\"BreadcrumbList\",\"@id\":\"https:\/\/tuferreteria.online\/hazlo-tu-mismo\/tienda\/ferreteria\/herramienta-electrica\/sierra-circular-makita-dhs680z-s-bat-18v-165mm\/#breadcrumb\",\"itemListElement\":[{\"@type\":\"ListItem\",\"position\":1,\"name\":\"Portada\",\"item\":\"https:\/\/tuferreteria.online\/hazlo-tu-mismo\/\"},{\"@type\":\"ListItem\",\"position\":2,\"name\":\"Tienda\",\"item\":\"https:\/\/tuferreteria.online\/hazlo-tu-mismo\/tienda\/\"},{\"@type\":\"ListItem\",\"position\":3,\"name\":\"SIERRA CIRCULAR MAKITA DE BATER\u00cdA DHS680Z\"}]},{\"@type\":\"WebSite\",\"@id\":\"https:\/\/tuferreteria.online\/hazlo-tu-mismo\/#website\",\"url\":\"https:\/\/tuferreteria.online\/hazlo-tu-mismo\/\",\"name\":\"Tienda de tuferreteria.online by Ferreter\u00eda La Salle\",\"description\":\"Hazlo tu mismo\",\"potentialAction\":[{\"@type\":\"SearchAction\",\"target\":{\"@type\":\"EntryPoint\",\"urlTemplate\":\"https:\/\/tuferreteria.online\/hazlo-tu-mismo\/?s={search_term_string}\"},\"query-input\":{\"@type\":\"PropertyValueSpecification\",\"valueRequired\":true,\"valueName\":\"search_term_string\"}}],\"inLanguage\":\"es\"}]}<\/script>\n<!-- \/ Yoast SEO plugin. -->","yoast_head_json":{"title":"SIERRA CIRCULAR MAKITA DE BATER\u00cdA DHS680Z - Tienda de tuferreteria.online by Ferreter\u00eda La Salle","description":"La sierra circular Makita de bater\u00eda es de motor BL sin escobillas, lo que le da un cuerpo m\u00e1s peque\u00f1o pero potente. Es de 165 mm.La carcasa y la base son de magnesio, lo que la hace m\u00e1s ligera.","robots":{"index":"index","follow":"follow","max-snippet":"max-snippet:-1","max-image-preview":"max-image-preview:large","max-video-preview":"max-video-preview:-1"},"canonical":"https:\/\/tuferreteria.online\/hazlo-tu-mismo\/tienda\/ferreteria\/herramienta-electrica\/sierra-circular-makita-dhs680z-s-bat-18v-165mm\/","og_locale":"es_ES","og_type":"article","og_title":"SIERRA CIRCULAR MAKITA DE BATER\u00cdA DHS680Z - Tienda de tuferreteria.online by Ferreter\u00eda La Salle","og_description":"La sierra circular Makita de bater\u00eda es de motor BL sin escobillas, lo que le da un cuerpo m\u00e1s peque\u00f1o pero potente. Es de 165 mm.La carcasa y la base son de magnesio, lo que la hace m\u00e1s ligera.","og_url":"https:\/\/tuferreteria.online\/hazlo-tu-mismo\/tienda\/ferreteria\/herramienta-electrica\/sierra-circular-makita-dhs680z-s-bat-18v-165mm\/","og_site_name":"Tienda de tuferreteria.online by Ferreter\u00eda La Salle","article_modified_time":"2026-03-11T09:34:53+00:00","og_image":[{"width":600,"height":600,"url":"https:\/\/tuferreteria.online\/hazlo-tu-mismo\/wp-content\/uploads\/2021\/02\/SIERRA-CIRCULAR-BATERIA-MAKITA-DHS680Z.jpg","type":"image\/jpeg"}],"twitter_card":"summary_large_image","twitter_misc":{"Tiempo de lectura":"1 minuto"},"schema":{"@context":"https:\/\/schema.org","@graph":[{"@type":"WebPage","@id":"https:\/\/tuferreteria.online\/hazlo-tu-mismo\/tienda\/ferreteria\/herramienta-electrica\/sierra-circular-makita-dhs680z-s-bat-18v-165mm\/","url":"https:\/\/tuferreteria.online\/hazlo-tu-mismo\/tienda\/ferreteria\/herramienta-electrica\/sierra-circular-makita-dhs680z-s-bat-18v-165mm\/","name":"SIERRA CIRCULAR MAKITA DE BATER\u00cdA DHS680Z - Tienda de tuferreteria.online by Ferreter\u00eda La Salle","isPartOf":{"@id":"https:\/\/tuferreteria.online\/hazlo-tu-mismo\/#website"},"primaryImageOfPage":{"@id":"https:\/\/tuferreteria.online\/hazlo-tu-mismo\/tienda\/ferreteria\/herramienta-electrica\/sierra-circular-makita-dhs680z-s-bat-18v-165mm\/#primaryimage"},"image":{"@id":"https:\/\/tuferreteria.online\/hazlo-tu-mismo\/tienda\/ferreteria\/herramienta-electrica\/sierra-circular-makita-dhs680z-s-bat-18v-165mm\/#primaryimage"},"thumbnailUrl":"https:\/\/tuferreteria.online\/hazlo-tu-mismo\/wp-content\/uploads\/2021\/02\/SIERRA-CIRCULAR-BATERIA-MAKITA-DHS680Z.jpg","datePublished":"2021-02-09T10:56:06+00:00","dateModified":"2026-03-11T09:34:53+00:00","description":"La sierra circular Makita de bater\u00eda es de motor BL sin escobillas, lo que le da un cuerpo m\u00e1s peque\u00f1o pero potente. Es de 165 mm.La carcasa y la base son de magnesio, lo que la hace m\u00e1s ligera.","breadcrumb":{"@id":"https:\/\/tuferreteria.online\/hazlo-tu-mismo\/tienda\/ferreteria\/herramienta-electrica\/sierra-circular-makita-dhs680z-s-bat-18v-165mm\/#breadcrumb"},"inLanguage":"es","potentialAction":[{"@type":"ReadAction","target":["https:\/\/tuferreteria.online\/hazlo-tu-mismo\/tienda\/ferreteria\/herramienta-electrica\/sierra-circular-makita-dhs680z-s-bat-18v-165mm\/"]}]},{"@type":"ImageObject","inLanguage":"es","@id":"https:\/\/tuferreteria.online\/hazlo-tu-mismo\/tienda\/ferreteria\/herramienta-electrica\/sierra-circular-makita-dhs680z-s-bat-18v-165mm\/#primaryimage","url":"https:\/\/tuferreteria.online\/hazlo-tu-mismo\/wp-content\/uploads\/2021\/02\/SIERRA-CIRCULAR-BATERIA-MAKITA-DHS680Z.jpg","contentUrl":"https:\/\/tuferreteria.online\/hazlo-tu-mismo\/wp-content\/uploads\/2021\/02\/SIERRA-CIRCULAR-BATERIA-MAKITA-DHS680Z.jpg","width":600,"height":600,"caption":"SIERRA-CIRCULAR-BATER\u00cdA-MAKITA-DHS680Z"},{"@type":"BreadcrumbList","@id":"https:\/\/tuferreteria.online\/hazlo-tu-mismo\/tienda\/ferreteria\/herramienta-electrica\/sierra-circular-makita-dhs680z-s-bat-18v-165mm\/#breadcrumb","itemListElement":[{"@type":"ListItem","position":1,"name":"Portada","item":"https:\/\/tuferreteria.online\/hazlo-tu-mismo\/"},{"@type":"ListItem","position":2,"name":"Tienda","item":"https:\/\/tuferreteria.online\/hazlo-tu-mismo\/tienda\/"},{"@type":"ListItem","position":3,"name":"SIERRA CIRCULAR MAKITA DE BATER\u00cdA DHS680Z"}]},{"@type":"WebSite","@id":"https:\/\/tuferreteria.online\/hazlo-tu-mismo\/#website","url":"https:\/\/tuferreteria.online\/hazlo-tu-mismo\/","name":"Tienda de tuferreteria.online by Ferreter\u00eda La Salle","description":"Hazlo tu mismo","potentialAction":[{"@type":"SearchAction","target":{"@type":"EntryPoint","urlTemplate":"https:\/\/tuferreteria.online\/hazlo-tu-mismo\/?s={search_term_string}"},"query-input":{"@type":"PropertyValueSpecification","valueRequired":true,"valueName":"search_term_string"}}],"inLanguage":"es"}]}},"_links":{"self":[{"href":"https:\/\/tuferreteria.online\/hazlo-tu-mismo\/wp-json\/wp\/v2\/product\/24677","targetHints":{"allow":["GET"]}}],"collection":[{"href":"https:\/\/tuferreteria.online\/hazlo-tu-mismo\/wp-json\/wp\/v2\/product"}],"about":[{"href":"https:\/\/tuferreteria.online\/hazlo-tu-mismo\/wp-json\/wp\/v2\/types\/product"}],"replies":[{"embeddable":true,"href":"https:\/\/tuferreteria.online\/hazlo-tu-mismo\/wp-json\/wp\/v2\/comments?post=24677"}],"wp:featuredmedia":[{"embeddable":true,"href":"https:\/\/tuferreteria.online\/hazlo-tu-mismo\/wp-json\/wp\/v2\/media\/24709"}],"wp:attachment":[{"href":"https:\/\/tuferreteria.online\/hazlo-tu-mismo\/wp-json\/wp\/v2\/media?parent=24677"}],"wp:term":[{"taxonomy":"brand","embeddable":true,"href":"https:\/\/tuferreteria.online\/hazlo-tu-mismo\/wp-json\/wp\/v2\/etheme_brands?post=24677"},{"taxonomy":"product_brand","embeddable":true,"href":"https:\/\/tuferreteria.online\/hazlo-tu-mismo\/wp-json\/wp\/v2\/product_brand?post=24677"},{"taxonomy":"product_cat","embeddable":true,"href":"https:\/\/tuferreteria.online\/hazlo-tu-mismo\/wp-json\/wp\/v2\/product_cat?post=24677"},{"taxonomy":"product_tag","embeddable":true,"href":"https:\/\/tuferreteria.online\/hazlo-tu-mismo\/wp-json\/wp\/v2\/product_tag?post=24677"}],"curies":[{"name":"wp","href":"https:\/\/api.w.org\/{rel}","templated":true}]}}