{"id":24678,"date":"2021-02-09T11:56:11","date_gmt":"2021-02-09T10:56:11","guid":{"rendered":"https:\/\/tuferreteria.online\/hazlo-tu-mismo\/tienda\/sin%20categor\u00eda\/agua-stop-barrera-total-1kg-gris\/"},"modified":"2026-03-11T11:25:53","modified_gmt":"2026-03-11T10:25:53","slug":"agua-stop-barrera-total-1kg-gris","status":"publish","type":"product","link":"https:\/\/tuferreteria.online\/hazlo-tu-mismo\/tienda\/pintura-decoracion\/pintura\/impermeabilizantes-mallas\/agua-stop-barrera-total-1kg-gris\/","title":{"rendered":"AGUA STOP BARRERA TOTAL 1KG"},"content":{"rendered":"<div class=\"wpb-content-wrapper\"><p>[vc_row][vc_column][vc_column_text]<\/p>\n<h2 style=\"text-align: center;\"><span style=\"font-size: 24pt; color: #f9e03a;\">Agua Stop Barrera Total<\/span><\/h2>\n<p>&nbsp;<\/p>\n<h3>Caracter\u00edsticas:<\/h3>\n<p>&nbsp;<\/p>\n<p style=\"text-align: justify;\">El Agua Stop barrera total de Ceys es un impermeabilizante de alto rendimiento.<\/p>\n<p style=\"text-align: justify;\">Es resistente al agua estancada, transitable y lo puedes aplicar en h\u00famedo.<\/p>\n<p style=\"text-align: justify;\">Tiene una resistencia a la lluvia en 4 horas.<\/p>\n<p style=\"text-align: justify;\">Es ideal para la impermeabilizaci\u00f3n de todo tipo de superficies o para la reparaci\u00f3n de peque\u00f1as grietas y fisuras. Formar\u00e1 una membrana continua y el\u00e1stica que resistir\u00e1 perfectamente la radiaci\u00f3n UV y las inclemencias del tiempo.<\/p>\n<p style=\"text-align: justify;\">Tambi\u00e9n es embaldosable la superficie despu\u00e9s de aplicado el Agua Stop.<\/p>\n<p style=\"text-align: justify;\">Elige tu color en las variaciones.<\/p>\n<p>[\/vc_column_text][\/vc_column][\/vc_row]<\/p>\n<\/div>","protected":false},"excerpt":{"rendered":"<h2>AGUA STOP BARRERA TOTAL 1KG<\/h2>\n","protected":false},"featured_media":24686,"comment_status":"closed","ping_status":"closed","template":"","meta":{"_exactmetrics_skip_tracking":false,"_exactmetrics_sitenote_active":false,"_exactmetrics_sitenote_note":"","_exactmetrics_sitenote_category":0,"_joinchat":[]},"etheme_brands":[{"term_id":172,"name":"CEYS","slug":"ceys","term_group":0,"term_taxonomy_id":172,"taxonomy":"brand","description":"","parent":0,"count":14,"filter":"raw"}],"product_brand":[],"product_cat":[1741,517,48],"product_tag":[1746,981,2067,2068,2069],"class_list":{"0":"post-24678","1":"product","2":"type-product","3":"status-publish","4":"has-post-thumbnail","6":"brand-ceys","7":"product_cat-impermeabilizantes-mallas","8":"product_cat-pintura","9":"product_cat-pintura-decoracion","10":"product_tag-agua-stop-ceys","11":"product_tag-impermeabilizante","12":"product_tag-impermeabilizante-terrazas","13":"product_tag-producto-para-reparar-canalones","14":"product_tag-producto-para-sellar-filtraciones","15":"product_shipping_class-envio-peso","17":"first","18":"instock","19":"taxable","20":"shipping-taxable","21":"purchasable","22":"product-type-variable"},"yoast_head":"<!-- This site is optimized with the Yoast SEO plugin v24.9 - https:\/\/yoast.com\/wordpress\/plugins\/seo\/ -->\n<title>AGUA STOP BARRERA TOTAL 1KG - Tienda de tuferreteria.online by Ferreter\u00eda La Salle<\/title>\n<meta name=\"description\" content=\"El Agua Stop barrera total de Ceys es un impermeabilizante de alto rendimiento. Es resistente al agua estancada, transitable y lo puedes aplicar en h\u00famedo.\" \/>\n<meta name=\"robots\" content=\"index, follow, max-snippet:-1, max-image-preview:large, max-video-preview:-1\" \/>\n<link rel=\"canonical\" href=\"https:\/\/tuferreteria.online\/hazlo-tu-mismo\/tienda\/pintura-decoracion\/pintura\/impermeabilizantes-mallas\/agua-stop-barrera-total-1kg-gris\/\" \/>\n<meta property=\"og:locale\" content=\"es_ES\" \/>\n<meta property=\"og:type\" content=\"article\" \/>\n<meta property=\"og:title\" content=\"AGUA STOP BARRERA TOTAL 1KG - Tienda de tuferreteria.online by Ferreter\u00eda La Salle\" \/>\n<meta property=\"og:description\" content=\"El Agua Stop barrera total de Ceys es un impermeabilizante de alto rendimiento. Es resistente al agua estancada, transitable y lo puedes aplicar en h\u00famedo.\" \/>\n<meta property=\"og:url\" content=\"https:\/\/tuferreteria.online\/hazlo-tu-mismo\/tienda\/pintura-decoracion\/pintura\/impermeabilizantes-mallas\/agua-stop-barrera-total-1kg-gris\/\" \/>\n<meta property=\"og:site_name\" content=\"Tienda de tuferreteria.online by Ferreter\u00eda La Salle\" \/>\n<meta property=\"article:modified_time\" content=\"2026-03-11T10:25:53+00:00\" \/>\n<meta property=\"og:image\" content=\"https:\/\/tuferreteria.online\/hazlo-tu-mismo\/wp-content\/uploads\/2021\/02\/AGUA-STOP-BARRERA-TOTAL.jpg\" \/>\n\t<meta property=\"og:image:width\" content=\"600\" \/>\n\t<meta property=\"og:image:height\" content=\"600\" \/>\n\t<meta property=\"og:image:type\" content=\"image\/jpeg\" \/>\n<meta name=\"twitter:card\" content=\"summary_large_image\" \/>\n<meta name=\"twitter:label1\" content=\"Tiempo de lectura\" \/>\n\t<meta name=\"twitter:data1\" content=\"1 minuto\" \/>\n<script type=\"application\/ld+json\" class=\"yoast-schema-graph\">{\"@context\":\"https:\/\/schema.org\",\"@graph\":[{\"@type\":\"WebPage\",\"@id\":\"https:\/\/tuferreteria.online\/hazlo-tu-mismo\/tienda\/pintura-decoracion\/pintura\/impermeabilizantes-mallas\/agua-stop-barrera-total-1kg-gris\/\",\"url\":\"https:\/\/tuferreteria.online\/hazlo-tu-mismo\/tienda\/pintura-decoracion\/pintura\/impermeabilizantes-mallas\/agua-stop-barrera-total-1kg-gris\/\",\"name\":\"AGUA STOP BARRERA TOTAL 1KG - Tienda de tuferreteria.online by Ferreter\u00eda La Salle\",\"isPartOf\":{\"@id\":\"https:\/\/tuferreteria.online\/hazlo-tu-mismo\/#website\"},\"primaryImageOfPage\":{\"@id\":\"https:\/\/tuferreteria.online\/hazlo-tu-mismo\/tienda\/pintura-decoracion\/pintura\/impermeabilizantes-mallas\/agua-stop-barrera-total-1kg-gris\/#primaryimage\"},\"image\":{\"@id\":\"https:\/\/tuferreteria.online\/hazlo-tu-mismo\/tienda\/pintura-decoracion\/pintura\/impermeabilizantes-mallas\/agua-stop-barrera-total-1kg-gris\/#primaryimage\"},\"thumbnailUrl\":\"https:\/\/tuferreteria.online\/hazlo-tu-mismo\/wp-content\/uploads\/2021\/02\/AGUA-STOP-BARRERA-TOTAL.jpg\",\"datePublished\":\"2021-02-09T10:56:11+00:00\",\"dateModified\":\"2026-03-11T10:25:53+00:00\",\"description\":\"El Agua Stop barrera total de Ceys es un impermeabilizante de alto rendimiento. Es resistente al agua estancada, transitable y lo puedes aplicar en h\u00famedo.\",\"breadcrumb\":{\"@id\":\"https:\/\/tuferreteria.online\/hazlo-tu-mismo\/tienda\/pintura-decoracion\/pintura\/impermeabilizantes-mallas\/agua-stop-barrera-total-1kg-gris\/#breadcrumb\"},\"inLanguage\":\"es\",\"potentialAction\":[{\"@type\":\"ReadAction\",\"target\":[\"https:\/\/tuferreteria.online\/hazlo-tu-mismo\/tienda\/pintura-decoracion\/pintura\/impermeabilizantes-mallas\/agua-stop-barrera-total-1kg-gris\/\"]}]},{\"@type\":\"ImageObject\",\"inLanguage\":\"es\",\"@id\":\"https:\/\/tuferreteria.online\/hazlo-tu-mismo\/tienda\/pintura-decoracion\/pintura\/impermeabilizantes-mallas\/agua-stop-barrera-total-1kg-gris\/#primaryimage\",\"url\":\"https:\/\/tuferreteria.online\/hazlo-tu-mismo\/wp-content\/uploads\/2021\/02\/AGUA-STOP-BARRERA-TOTAL.jpg\",\"contentUrl\":\"https:\/\/tuferreteria.online\/hazlo-tu-mismo\/wp-content\/uploads\/2021\/02\/AGUA-STOP-BARRERA-TOTAL.jpg\",\"width\":600,\"height\":600,\"caption\":\"AGUA-STOP-BARRERA-TOTAL\"},{\"@type\":\"BreadcrumbList\",\"@id\":\"https:\/\/tuferreteria.online\/hazlo-tu-mismo\/tienda\/pintura-decoracion\/pintura\/impermeabilizantes-mallas\/agua-stop-barrera-total-1kg-gris\/#breadcrumb\",\"itemListElement\":[{\"@type\":\"ListItem\",\"position\":1,\"name\":\"Portada\",\"item\":\"https:\/\/tuferreteria.online\/hazlo-tu-mismo\/\"},{\"@type\":\"ListItem\",\"position\":2,\"name\":\"Tienda\",\"item\":\"https:\/\/tuferreteria.online\/hazlo-tu-mismo\/tienda\/\"},{\"@type\":\"ListItem\",\"position\":3,\"name\":\"AGUA STOP BARRERA TOTAL 1KG\"}]},{\"@type\":\"WebSite\",\"@id\":\"https:\/\/tuferreteria.online\/hazlo-tu-mismo\/#website\",\"url\":\"https:\/\/tuferreteria.online\/hazlo-tu-mismo\/\",\"name\":\"Tienda de tuferreteria.online by Ferreter\u00eda La Salle\",\"description\":\"Hazlo tu mismo\",\"potentialAction\":[{\"@type\":\"SearchAction\",\"target\":{\"@type\":\"EntryPoint\",\"urlTemplate\":\"https:\/\/tuferreteria.online\/hazlo-tu-mismo\/?s={search_term_string}\"},\"query-input\":{\"@type\":\"PropertyValueSpecification\",\"valueRequired\":true,\"valueName\":\"search_term_string\"}}],\"inLanguage\":\"es\"}]}<\/script>\n<!-- \/ Yoast SEO plugin. -->","yoast_head_json":{"title":"AGUA STOP BARRERA TOTAL 1KG - Tienda de tuferreteria.online by Ferreter\u00eda La Salle","description":"El Agua Stop barrera total de Ceys es un impermeabilizante de alto rendimiento. Es resistente al agua estancada, transitable y lo puedes aplicar en h\u00famedo.","robots":{"index":"index","follow":"follow","max-snippet":"max-snippet:-1","max-image-preview":"max-image-preview:large","max-video-preview":"max-video-preview:-1"},"canonical":"https:\/\/tuferreteria.online\/hazlo-tu-mismo\/tienda\/pintura-decoracion\/pintura\/impermeabilizantes-mallas\/agua-stop-barrera-total-1kg-gris\/","og_locale":"es_ES","og_type":"article","og_title":"AGUA STOP BARRERA TOTAL 1KG - Tienda de tuferreteria.online by Ferreter\u00eda La Salle","og_description":"El Agua Stop barrera total de Ceys es un impermeabilizante de alto rendimiento. Es resistente al agua estancada, transitable y lo puedes aplicar en h\u00famedo.","og_url":"https:\/\/tuferreteria.online\/hazlo-tu-mismo\/tienda\/pintura-decoracion\/pintura\/impermeabilizantes-mallas\/agua-stop-barrera-total-1kg-gris\/","og_site_name":"Tienda de tuferreteria.online by Ferreter\u00eda La Salle","article_modified_time":"2026-03-11T10:25:53+00:00","og_image":[{"width":600,"height":600,"url":"https:\/\/tuferreteria.online\/hazlo-tu-mismo\/wp-content\/uploads\/2021\/02\/AGUA-STOP-BARRERA-TOTAL.jpg","type":"image\/jpeg"}],"twitter_card":"summary_large_image","twitter_misc":{"Tiempo de lectura":"1 minuto"},"schema":{"@context":"https:\/\/schema.org","@graph":[{"@type":"WebPage","@id":"https:\/\/tuferreteria.online\/hazlo-tu-mismo\/tienda\/pintura-decoracion\/pintura\/impermeabilizantes-mallas\/agua-stop-barrera-total-1kg-gris\/","url":"https:\/\/tuferreteria.online\/hazlo-tu-mismo\/tienda\/pintura-decoracion\/pintura\/impermeabilizantes-mallas\/agua-stop-barrera-total-1kg-gris\/","name":"AGUA STOP BARRERA TOTAL 1KG - Tienda de tuferreteria.online by Ferreter\u00eda La Salle","isPartOf":{"@id":"https:\/\/tuferreteria.online\/hazlo-tu-mismo\/#website"},"primaryImageOfPage":{"@id":"https:\/\/tuferreteria.online\/hazlo-tu-mismo\/tienda\/pintura-decoracion\/pintura\/impermeabilizantes-mallas\/agua-stop-barrera-total-1kg-gris\/#primaryimage"},"image":{"@id":"https:\/\/tuferreteria.online\/hazlo-tu-mismo\/tienda\/pintura-decoracion\/pintura\/impermeabilizantes-mallas\/agua-stop-barrera-total-1kg-gris\/#primaryimage"},"thumbnailUrl":"https:\/\/tuferreteria.online\/hazlo-tu-mismo\/wp-content\/uploads\/2021\/02\/AGUA-STOP-BARRERA-TOTAL.jpg","datePublished":"2021-02-09T10:56:11+00:00","dateModified":"2026-03-11T10:25:53+00:00","description":"El Agua Stop barrera total de Ceys es un impermeabilizante de alto rendimiento. Es resistente al agua estancada, transitable y lo puedes aplicar en h\u00famedo.","breadcrumb":{"@id":"https:\/\/tuferreteria.online\/hazlo-tu-mismo\/tienda\/pintura-decoracion\/pintura\/impermeabilizantes-mallas\/agua-stop-barrera-total-1kg-gris\/#breadcrumb"},"inLanguage":"es","potentialAction":[{"@type":"ReadAction","target":["https:\/\/tuferreteria.online\/hazlo-tu-mismo\/tienda\/pintura-decoracion\/pintura\/impermeabilizantes-mallas\/agua-stop-barrera-total-1kg-gris\/"]}]},{"@type":"ImageObject","inLanguage":"es","@id":"https:\/\/tuferreteria.online\/hazlo-tu-mismo\/tienda\/pintura-decoracion\/pintura\/impermeabilizantes-mallas\/agua-stop-barrera-total-1kg-gris\/#primaryimage","url":"https:\/\/tuferreteria.online\/hazlo-tu-mismo\/wp-content\/uploads\/2021\/02\/AGUA-STOP-BARRERA-TOTAL.jpg","contentUrl":"https:\/\/tuferreteria.online\/hazlo-tu-mismo\/wp-content\/uploads\/2021\/02\/AGUA-STOP-BARRERA-TOTAL.jpg","width":600,"height":600,"caption":"AGUA-STOP-BARRERA-TOTAL"},{"@type":"BreadcrumbList","@id":"https:\/\/tuferreteria.online\/hazlo-tu-mismo\/tienda\/pintura-decoracion\/pintura\/impermeabilizantes-mallas\/agua-stop-barrera-total-1kg-gris\/#breadcrumb","itemListElement":[{"@type":"ListItem","position":1,"name":"Portada","item":"https:\/\/tuferreteria.online\/hazlo-tu-mismo\/"},{"@type":"ListItem","position":2,"name":"Tienda","item":"https:\/\/tuferreteria.online\/hazlo-tu-mismo\/tienda\/"},{"@type":"ListItem","position":3,"name":"AGUA STOP BARRERA TOTAL 1KG"}]},{"@type":"WebSite","@id":"https:\/\/tuferreteria.online\/hazlo-tu-mismo\/#website","url":"https:\/\/tuferreteria.online\/hazlo-tu-mismo\/","name":"Tienda de tuferreteria.online by Ferreter\u00eda La Salle","description":"Hazlo tu mismo","potentialAction":[{"@type":"SearchAction","target":{"@type":"EntryPoint","urlTemplate":"https:\/\/tuferreteria.online\/hazlo-tu-mismo\/?s={search_term_string}"},"query-input":{"@type":"PropertyValueSpecification","valueRequired":true,"valueName":"search_term_string"}}],"inLanguage":"es"}]}},"_links":{"self":[{"href":"https:\/\/tuferreteria.online\/hazlo-tu-mismo\/wp-json\/wp\/v2\/product\/24678","targetHints":{"allow":["GET"]}}],"collection":[{"href":"https:\/\/tuferreteria.online\/hazlo-tu-mismo\/wp-json\/wp\/v2\/product"}],"about":[{"href":"https:\/\/tuferreteria.online\/hazlo-tu-mismo\/wp-json\/wp\/v2\/types\/product"}],"replies":[{"embeddable":true,"href":"https:\/\/tuferreteria.online\/hazlo-tu-mismo\/wp-json\/wp\/v2\/comments?post=24678"}],"wp:featuredmedia":[{"embeddable":true,"href":"https:\/\/tuferreteria.online\/hazlo-tu-mismo\/wp-json\/wp\/v2\/media\/24686"}],"wp:attachment":[{"href":"https:\/\/tuferreteria.online\/hazlo-tu-mismo\/wp-json\/wp\/v2\/media?parent=24678"}],"wp:term":[{"taxonomy":"brand","embeddable":true,"href":"https:\/\/tuferreteria.online\/hazlo-tu-mismo\/wp-json\/wp\/v2\/etheme_brands?post=24678"},{"taxonomy":"product_brand","embeddable":true,"href":"https:\/\/tuferreteria.online\/hazlo-tu-mismo\/wp-json\/wp\/v2\/product_brand?post=24678"},{"taxonomy":"product_cat","embeddable":true,"href":"https:\/\/tuferreteria.online\/hazlo-tu-mismo\/wp-json\/wp\/v2\/product_cat?post=24678"},{"taxonomy":"product_tag","embeddable":true,"href":"https:\/\/tuferreteria.online\/hazlo-tu-mismo\/wp-json\/wp\/v2\/product_tag?post=24678"}],"curies":[{"name":"wp","href":"https:\/\/api.w.org\/{rel}","templated":true}]}}