{"id":25260,"date":"2021-04-16T12:42:13","date_gmt":"2021-04-16T11:42:13","guid":{"rendered":"https:\/\/tuferreteria.online\/hazlo-tu-mismo\/tienda\/sin%20categor\u00eda\/fresa-dremel-125-64mm-para-ta\/"},"modified":"2026-03-11T11:31:06","modified_gmt":"2026-03-11T10:31:06","slug":"fresa-dremel-125-alta-velocidad","status":"publish","type":"product","link":"https:\/\/tuferreteria.online\/hazlo-tu-mismo\/tienda\/ferreteria\/herramienta-electrica\/fresa-dremel-125-alta-velocidad\/","title":{"rendered":"FRESA DREMEL 125 ALTA VELOCIDAD"},"content":{"rendered":"<div class=\"wpb-content-wrapper\"><p>[vc_row][vc_column][vc_column_text]<\/p>\n<h2 style=\"text-align: center;\"><span style=\"font-size: 24pt; color: #f9e30a;\">Fresa Dremel 125<\/span><\/h2>\n<p>&nbsp;<\/p>\n<h3>Caracter\u00edsticas:<\/h3>\n<p>&nbsp;<\/p>\n<p style=\"text-align: justify;\">La fresa de alta velocidad 125 de Dremel es de 6,4 mm. es ideal para tallar, grabar, vaciar, acanalar&#8230;<\/p>\n<p style=\"text-align: justify;\">Para tener un mejor resultado utiliza los laterales del cabezal y es mejor que des m\u00e1s pasadas con una profundidad suave, hasta que consigas la deseada, en vez de una m\u00e1s profunda y siempre en un \u00e1ngulo inferior a 90\u00ba.<\/p>\n<p style=\"text-align: justify;\">Lo podr\u00e1s usar, para su mejor rendimiento, en materiales blandos como la madera, el pl\u00e1stico, aluminio, cobre o lat\u00f3n.<\/p>\n<p style=\"text-align: justify;\">Te indicamos las velocidades m\u00e1ximas recomendadas:<\/p>\n<p style=\"text-align: justify;\">Aluminio: 30 000 rpm<\/p>\n<p style=\"text-align: justify;\">Lat\u00f3n: 30 000 rpm<\/p>\n<p style=\"text-align: justify;\">Cobre: 30 000 rpm<\/p>\n<p style=\"text-align: justify;\">Madera dura: 35 000 rpm<\/p>\n<p style=\"text-align: justify;\">Madera blanda: 20-25 000 rpm<\/p>\n<p style=\"text-align: justify;\">Pl\u00e1stico: 35 000 rpm<\/p>\n<p style=\"text-align: justify;\">Acero: 20-25 000 rpm<\/p>\n<p>[\/vc_column_text][\/vc_column][\/vc_row][vc_row][vc_column][vc_video link=\u00bbhttps:\/\/youtu.be\/Q-WGRJigNwA\u00bb][\/vc_column][\/vc_row]<\/p>\n<\/div>","protected":false},"excerpt":{"rendered":"<h2>PUNTA TALLAR\/GRABAR DREMEL 125<\/h2>\n","protected":false},"featured_media":25298,"comment_status":"closed","ping_status":"closed","template":"","meta":{"_exactmetrics_skip_tracking":false,"_exactmetrics_sitenote_active":false,"_exactmetrics_sitenote_note":"","_exactmetrics_sitenote_category":0,"_joinchat":[]},"etheme_brands":[{"term_id":276,"name":"DREMEL","slug":"dremel","term_group":0,"term_taxonomy_id":276,"taxonomy":"brand","description":"","parent":0,"count":25,"filter":"raw"}],"product_brand":[],"product_cat":[104,416,55],"product_tag":[1052,2379,2353,2387],"class_list":{"0":"post-25260","1":"product","2":"type-product","3":"status-publish","4":"has-post-thumbnail","6":"brand-dremel","7":"product_cat-minitaladros","8":"product_cat-ferreteria","9":"product_cat-herramienta-electrica","10":"product_tag-accesorio-para-dremel","11":"product_tag-dremel-canarias","12":"product_tag-dremel-tenerife","13":"product_tag-fresa-dremel-125","14":"product_shipping_class-envio-peso","16":"first","17":"instock","18":"taxable","19":"shipping-taxable","20":"purchasable","21":"product-type-simple"},"yoast_head":"<!-- This site is optimized with the Yoast SEO plugin v24.9 - https:\/\/yoast.com\/wordpress\/plugins\/seo\/ -->\n<title>FRESA DREMEL 125 ALTA VELOCIDAD - Tienda de tuferreteria.online by Ferreter\u00eda La Salle<\/title>\n<meta name=\"description\" content=\"La fresa de alta velocidad 125 de Dremel es de 6,4 mm. es ideal para tallar, grabar, vaciar, acanalar...Para tener un mejor resultado utiliza los laterales del cabezal...\" \/>\n<meta name=\"robots\" content=\"index, follow, max-snippet:-1, max-image-preview:large, max-video-preview:-1\" \/>\n<link rel=\"canonical\" href=\"https:\/\/tuferreteria.online\/hazlo-tu-mismo\/tienda\/ferreteria\/herramienta-electrica\/fresa-dremel-125-alta-velocidad\/\" \/>\n<meta property=\"og:locale\" content=\"es_ES\" \/>\n<meta property=\"og:type\" content=\"article\" \/>\n<meta property=\"og:title\" content=\"FRESA DREMEL 125 ALTA VELOCIDAD - Tienda de tuferreteria.online by Ferreter\u00eda La Salle\" \/>\n<meta property=\"og:description\" content=\"La fresa de alta velocidad 125 de Dremel es de 6,4 mm. es ideal para tallar, grabar, vaciar, acanalar...Para tener un mejor resultado utiliza los laterales del cabezal...\" \/>\n<meta property=\"og:url\" content=\"https:\/\/tuferreteria.online\/hazlo-tu-mismo\/tienda\/ferreteria\/herramienta-electrica\/fresa-dremel-125-alta-velocidad\/\" \/>\n<meta property=\"og:site_name\" content=\"Tienda de tuferreteria.online by Ferreter\u00eda La Salle\" \/>\n<meta property=\"article:modified_time\" content=\"2026-03-11T10:31:06+00:00\" \/>\n<meta property=\"og:image\" content=\"https:\/\/tuferreteria.online\/hazlo-tu-mismo\/wp-content\/uploads\/2021\/04\/ACCESORIO-DREMEL-125-6-FOTO.jpg\" \/>\n\t<meta property=\"og:image:width\" content=\"400\" \/>\n\t<meta property=\"og:image:height\" content=\"400\" \/>\n\t<meta property=\"og:image:type\" content=\"image\/jpeg\" \/>\n<meta name=\"twitter:card\" content=\"summary_large_image\" \/>\n<meta name=\"twitter:label1\" content=\"Tiempo de lectura\" \/>\n\t<meta name=\"twitter:data1\" content=\"1 minuto\" \/>\n<script type=\"application\/ld+json\" class=\"yoast-schema-graph\">{\"@context\":\"https:\/\/schema.org\",\"@graph\":[{\"@type\":\"WebPage\",\"@id\":\"https:\/\/tuferreteria.online\/hazlo-tu-mismo\/tienda\/ferreteria\/herramienta-electrica\/fresa-dremel-125-alta-velocidad\/\",\"url\":\"https:\/\/tuferreteria.online\/hazlo-tu-mismo\/tienda\/ferreteria\/herramienta-electrica\/fresa-dremel-125-alta-velocidad\/\",\"name\":\"FRESA DREMEL 125 ALTA VELOCIDAD - Tienda de tuferreteria.online by Ferreter\u00eda La Salle\",\"isPartOf\":{\"@id\":\"https:\/\/tuferreteria.online\/hazlo-tu-mismo\/#website\"},\"primaryImageOfPage\":{\"@id\":\"https:\/\/tuferreteria.online\/hazlo-tu-mismo\/tienda\/ferreteria\/herramienta-electrica\/fresa-dremel-125-alta-velocidad\/#primaryimage\"},\"image\":{\"@id\":\"https:\/\/tuferreteria.online\/hazlo-tu-mismo\/tienda\/ferreteria\/herramienta-electrica\/fresa-dremel-125-alta-velocidad\/#primaryimage\"},\"thumbnailUrl\":\"https:\/\/tuferreteria.online\/hazlo-tu-mismo\/wp-content\/uploads\/2021\/04\/ACCESORIO-DREMEL-125-6-FOTO.jpg\",\"datePublished\":\"2021-04-16T11:42:13+00:00\",\"dateModified\":\"2026-03-11T10:31:06+00:00\",\"description\":\"La fresa de alta velocidad 125 de Dremel es de 6,4 mm. es ideal para tallar, grabar, vaciar, acanalar...Para tener un mejor resultado utiliza los laterales del cabezal...\",\"breadcrumb\":{\"@id\":\"https:\/\/tuferreteria.online\/hazlo-tu-mismo\/tienda\/ferreteria\/herramienta-electrica\/fresa-dremel-125-alta-velocidad\/#breadcrumb\"},\"inLanguage\":\"es\",\"potentialAction\":[{\"@type\":\"ReadAction\",\"target\":[\"https:\/\/tuferreteria.online\/hazlo-tu-mismo\/tienda\/ferreteria\/herramienta-electrica\/fresa-dremel-125-alta-velocidad\/\"]}]},{\"@type\":\"ImageObject\",\"inLanguage\":\"es\",\"@id\":\"https:\/\/tuferreteria.online\/hazlo-tu-mismo\/tienda\/ferreteria\/herramienta-electrica\/fresa-dremel-125-alta-velocidad\/#primaryimage\",\"url\":\"https:\/\/tuferreteria.online\/hazlo-tu-mismo\/wp-content\/uploads\/2021\/04\/ACCESORIO-DREMEL-125-6-FOTO.jpg\",\"contentUrl\":\"https:\/\/tuferreteria.online\/hazlo-tu-mismo\/wp-content\/uploads\/2021\/04\/ACCESORIO-DREMEL-125-6-FOTO.jpg\",\"width\":400,\"height\":400,\"caption\":\"FRESA-DREMEL-125-6,4 MM\"},{\"@type\":\"BreadcrumbList\",\"@id\":\"https:\/\/tuferreteria.online\/hazlo-tu-mismo\/tienda\/ferreteria\/herramienta-electrica\/fresa-dremel-125-alta-velocidad\/#breadcrumb\",\"itemListElement\":[{\"@type\":\"ListItem\",\"position\":1,\"name\":\"Portada\",\"item\":\"https:\/\/tuferreteria.online\/hazlo-tu-mismo\/\"},{\"@type\":\"ListItem\",\"position\":2,\"name\":\"Tienda\",\"item\":\"https:\/\/tuferreteria.online\/hazlo-tu-mismo\/tienda\/\"},{\"@type\":\"ListItem\",\"position\":3,\"name\":\"FRESA DREMEL 125 ALTA VELOCIDAD\"}]},{\"@type\":\"WebSite\",\"@id\":\"https:\/\/tuferreteria.online\/hazlo-tu-mismo\/#website\",\"url\":\"https:\/\/tuferreteria.online\/hazlo-tu-mismo\/\",\"name\":\"Tienda de tuferreteria.online by Ferreter\u00eda La Salle\",\"description\":\"Hazlo tu mismo\",\"potentialAction\":[{\"@type\":\"SearchAction\",\"target\":{\"@type\":\"EntryPoint\",\"urlTemplate\":\"https:\/\/tuferreteria.online\/hazlo-tu-mismo\/?s={search_term_string}\"},\"query-input\":{\"@type\":\"PropertyValueSpecification\",\"valueRequired\":true,\"valueName\":\"search_term_string\"}}],\"inLanguage\":\"es\"}]}<\/script>\n<!-- \/ Yoast SEO plugin. -->","yoast_head_json":{"title":"FRESA DREMEL 125 ALTA VELOCIDAD - Tienda de tuferreteria.online by Ferreter\u00eda La Salle","description":"La fresa de alta velocidad 125 de Dremel es de 6,4 mm. es ideal para tallar, grabar, vaciar, acanalar...Para tener un mejor resultado utiliza los laterales del cabezal...","robots":{"index":"index","follow":"follow","max-snippet":"max-snippet:-1","max-image-preview":"max-image-preview:large","max-video-preview":"max-video-preview:-1"},"canonical":"https:\/\/tuferreteria.online\/hazlo-tu-mismo\/tienda\/ferreteria\/herramienta-electrica\/fresa-dremel-125-alta-velocidad\/","og_locale":"es_ES","og_type":"article","og_title":"FRESA DREMEL 125 ALTA VELOCIDAD - Tienda de tuferreteria.online by Ferreter\u00eda La Salle","og_description":"La fresa de alta velocidad 125 de Dremel es de 6,4 mm. es ideal para tallar, grabar, vaciar, acanalar...Para tener un mejor resultado utiliza los laterales del cabezal...","og_url":"https:\/\/tuferreteria.online\/hazlo-tu-mismo\/tienda\/ferreteria\/herramienta-electrica\/fresa-dremel-125-alta-velocidad\/","og_site_name":"Tienda de tuferreteria.online by Ferreter\u00eda La Salle","article_modified_time":"2026-03-11T10:31:06+00:00","og_image":[{"width":400,"height":400,"url":"https:\/\/tuferreteria.online\/hazlo-tu-mismo\/wp-content\/uploads\/2021\/04\/ACCESORIO-DREMEL-125-6-FOTO.jpg","type":"image\/jpeg"}],"twitter_card":"summary_large_image","twitter_misc":{"Tiempo de lectura":"1 minuto"},"schema":{"@context":"https:\/\/schema.org","@graph":[{"@type":"WebPage","@id":"https:\/\/tuferreteria.online\/hazlo-tu-mismo\/tienda\/ferreteria\/herramienta-electrica\/fresa-dremel-125-alta-velocidad\/","url":"https:\/\/tuferreteria.online\/hazlo-tu-mismo\/tienda\/ferreteria\/herramienta-electrica\/fresa-dremel-125-alta-velocidad\/","name":"FRESA DREMEL 125 ALTA VELOCIDAD - Tienda de tuferreteria.online by Ferreter\u00eda La Salle","isPartOf":{"@id":"https:\/\/tuferreteria.online\/hazlo-tu-mismo\/#website"},"primaryImageOfPage":{"@id":"https:\/\/tuferreteria.online\/hazlo-tu-mismo\/tienda\/ferreteria\/herramienta-electrica\/fresa-dremel-125-alta-velocidad\/#primaryimage"},"image":{"@id":"https:\/\/tuferreteria.online\/hazlo-tu-mismo\/tienda\/ferreteria\/herramienta-electrica\/fresa-dremel-125-alta-velocidad\/#primaryimage"},"thumbnailUrl":"https:\/\/tuferreteria.online\/hazlo-tu-mismo\/wp-content\/uploads\/2021\/04\/ACCESORIO-DREMEL-125-6-FOTO.jpg","datePublished":"2021-04-16T11:42:13+00:00","dateModified":"2026-03-11T10:31:06+00:00","description":"La fresa de alta velocidad 125 de Dremel es de 6,4 mm. es ideal para tallar, grabar, vaciar, acanalar...Para tener un mejor resultado utiliza los laterales del cabezal...","breadcrumb":{"@id":"https:\/\/tuferreteria.online\/hazlo-tu-mismo\/tienda\/ferreteria\/herramienta-electrica\/fresa-dremel-125-alta-velocidad\/#breadcrumb"},"inLanguage":"es","potentialAction":[{"@type":"ReadAction","target":["https:\/\/tuferreteria.online\/hazlo-tu-mismo\/tienda\/ferreteria\/herramienta-electrica\/fresa-dremel-125-alta-velocidad\/"]}]},{"@type":"ImageObject","inLanguage":"es","@id":"https:\/\/tuferreteria.online\/hazlo-tu-mismo\/tienda\/ferreteria\/herramienta-electrica\/fresa-dremel-125-alta-velocidad\/#primaryimage","url":"https:\/\/tuferreteria.online\/hazlo-tu-mismo\/wp-content\/uploads\/2021\/04\/ACCESORIO-DREMEL-125-6-FOTO.jpg","contentUrl":"https:\/\/tuferreteria.online\/hazlo-tu-mismo\/wp-content\/uploads\/2021\/04\/ACCESORIO-DREMEL-125-6-FOTO.jpg","width":400,"height":400,"caption":"FRESA-DREMEL-125-6,4 MM"},{"@type":"BreadcrumbList","@id":"https:\/\/tuferreteria.online\/hazlo-tu-mismo\/tienda\/ferreteria\/herramienta-electrica\/fresa-dremel-125-alta-velocidad\/#breadcrumb","itemListElement":[{"@type":"ListItem","position":1,"name":"Portada","item":"https:\/\/tuferreteria.online\/hazlo-tu-mismo\/"},{"@type":"ListItem","position":2,"name":"Tienda","item":"https:\/\/tuferreteria.online\/hazlo-tu-mismo\/tienda\/"},{"@type":"ListItem","position":3,"name":"FRESA DREMEL 125 ALTA VELOCIDAD"}]},{"@type":"WebSite","@id":"https:\/\/tuferreteria.online\/hazlo-tu-mismo\/#website","url":"https:\/\/tuferreteria.online\/hazlo-tu-mismo\/","name":"Tienda de tuferreteria.online by Ferreter\u00eda La Salle","description":"Hazlo tu mismo","potentialAction":[{"@type":"SearchAction","target":{"@type":"EntryPoint","urlTemplate":"https:\/\/tuferreteria.online\/hazlo-tu-mismo\/?s={search_term_string}"},"query-input":{"@type":"PropertyValueSpecification","valueRequired":true,"valueName":"search_term_string"}}],"inLanguage":"es"}]}},"_links":{"self":[{"href":"https:\/\/tuferreteria.online\/hazlo-tu-mismo\/wp-json\/wp\/v2\/product\/25260","targetHints":{"allow":["GET"]}}],"collection":[{"href":"https:\/\/tuferreteria.online\/hazlo-tu-mismo\/wp-json\/wp\/v2\/product"}],"about":[{"href":"https:\/\/tuferreteria.online\/hazlo-tu-mismo\/wp-json\/wp\/v2\/types\/product"}],"replies":[{"embeddable":true,"href":"https:\/\/tuferreteria.online\/hazlo-tu-mismo\/wp-json\/wp\/v2\/comments?post=25260"}],"wp:featuredmedia":[{"embeddable":true,"href":"https:\/\/tuferreteria.online\/hazlo-tu-mismo\/wp-json\/wp\/v2\/media\/25298"}],"wp:attachment":[{"href":"https:\/\/tuferreteria.online\/hazlo-tu-mismo\/wp-json\/wp\/v2\/media?parent=25260"}],"wp:term":[{"taxonomy":"brand","embeddable":true,"href":"https:\/\/tuferreteria.online\/hazlo-tu-mismo\/wp-json\/wp\/v2\/etheme_brands?post=25260"},{"taxonomy":"product_brand","embeddable":true,"href":"https:\/\/tuferreteria.online\/hazlo-tu-mismo\/wp-json\/wp\/v2\/product_brand?post=25260"},{"taxonomy":"product_cat","embeddable":true,"href":"https:\/\/tuferreteria.online\/hazlo-tu-mismo\/wp-json\/wp\/v2\/product_cat?post=25260"},{"taxonomy":"product_tag","embeddable":true,"href":"https:\/\/tuferreteria.online\/hazlo-tu-mismo\/wp-json\/wp\/v2\/product_tag?post=25260"}],"curies":[{"name":"wp","href":"https:\/\/api.w.org\/{rel}","templated":true}]}}