{"id":25266,"date":"2021-04-16T12:42:13","date_gmt":"2021-04-16T11:42:13","guid":{"rendered":"https:\/\/tuferreteria.online\/hazlo-tu-mismo\/tienda\/sin%20categor\u00eda\/disco-dremel-madera-542\/"},"modified":"2026-03-11T10:36:59","modified_gmt":"2026-03-11T09:36:59","slug":"disco-dremel-madera-542","status":"publish","type":"product","link":"https:\/\/tuferreteria.online\/hazlo-tu-mismo\/tienda\/ferreteria\/herramienta-electrica\/disco-dremel-madera-542\/","title":{"rendered":"DISCO DREMEL MADERA 542"},"content":{"rendered":"<div class=\"wpb-content-wrapper\"><p>[vc_row][vc_column][vc_column_text]<\/p>\n<h2 style=\"text-align: center;\"><span style=\"font-size: 24pt; color: #f9e03a;\">Disco Dremel 542<\/span><\/h2>\n<p>&nbsp;<\/p>\n<h3>Caracter\u00edsticas:<\/h3>\n<p>&nbsp;<\/p>\n<p style=\"text-align: justify;\">El disco de corte para madera 542 de Dremel es de corte de carburo, lo que le dar\u00e1 una gran durabilidad.<\/p>\n<p style=\"text-align: justify;\">Te permitir\u00e1 tronzar, cortar y grabar en madera y laminado.<\/p>\n<p style=\"text-align: justify;\">El disco s\u00f3lo funciona en el borde y no debes usarlo en metales.<\/p>\n<p style=\"text-align: justify;\">Puedes usarlo en maderas, aglomerados, laminados, tableros de fibra e incluso pl\u00e1sticos.<\/p>\n<p style=\"text-align: justify;\">Te compartimos las velocidades m\u00e1ximas recomendadas, para que tu disco funcione correctamente.<\/p>\n<p style=\"text-align: justify;\">Madera dura: 20\u00a0000-35\u00a0000 rpm<br \/>\nMadera blanda: 20\u00a0000-35\u00a0000 rpm<br \/>\nPl\u00e1stico: 10\u00a0000-15\u00a0000 rpm<\/p>\n<p>[\/vc_column_text][\/vc_column][\/vc_row][vc_row][vc_column][vc_video link=\u00bbhttps:\/\/youtu.be\/F186eM0wvik\u00bb][\/vc_column][\/vc_row]<\/p>\n<\/div>","protected":false},"excerpt":{"rendered":"<p>DISCO DREMEL MADERA 542<\/p>\n","protected":false},"featured_media":25326,"comment_status":"closed","ping_status":"closed","template":"","meta":{"_exactmetrics_skip_tracking":false,"_exactmetrics_sitenote_active":false,"_exactmetrics_sitenote_note":"","_exactmetrics_sitenote_category":0,"_joinchat":[]},"etheme_brands":[{"term_id":276,"name":"DREMEL","slug":"dremel","term_group":0,"term_taxonomy_id":276,"taxonomy":"brand","description":"","parent":0,"count":25,"filter":"raw"}],"product_brand":[],"product_cat":[104,416,55],"product_tag":[1052,2386,2385,2379,2353],"class_list":{"0":"post-25266","1":"product","2":"type-product","3":"status-publish","4":"has-post-thumbnail","6":"brand-dremel","7":"product_cat-minitaladros","8":"product_cat-ferreteria","9":"product_cat-herramienta-electrica","10":"product_tag-accesorio-para-dremel","11":"product_tag-disco-para-madera-dremel","12":"product_tag-dremel-542","13":"product_tag-dremel-canarias","14":"product_tag-dremel-tenerife","15":"product_shipping_class-envio-peso","17":"first","18":"outofstock","19":"taxable","20":"shipping-taxable","21":"purchasable","22":"product-type-simple"},"yoast_head":"<!-- This site is optimized with the Yoast SEO plugin v24.9 - https:\/\/yoast.com\/wordpress\/plugins\/seo\/ -->\n<title>DISCO DREMEL MADERA 542 - Tienda de tuferreteria.online by Ferreter\u00eda La Salle<\/title>\n<meta name=\"description\" content=\"El disco de corte para madera 542 de Dremel es de corte de carburo, lo que le dar\u00e1 una gran durabilidad. Te permitir\u00e1 tronzar, cortar y grabar en madera y laminado.\" \/>\n<meta name=\"robots\" content=\"index, follow, max-snippet:-1, max-image-preview:large, max-video-preview:-1\" \/>\n<link rel=\"canonical\" href=\"https:\/\/tuferreteria.online\/hazlo-tu-mismo\/tienda\/ferreteria\/herramienta-electrica\/disco-dremel-madera-542\/\" \/>\n<meta property=\"og:locale\" content=\"es_ES\" \/>\n<meta property=\"og:type\" content=\"article\" \/>\n<meta property=\"og:title\" content=\"DISCO DREMEL MADERA 542 - Tienda de tuferreteria.online by Ferreter\u00eda La Salle\" \/>\n<meta property=\"og:description\" content=\"El disco de corte para madera 542 de Dremel es de corte de carburo, lo que le dar\u00e1 una gran durabilidad. Te permitir\u00e1 tronzar, cortar y grabar en madera y laminado.\" \/>\n<meta property=\"og:url\" content=\"https:\/\/tuferreteria.online\/hazlo-tu-mismo\/tienda\/ferreteria\/herramienta-electrica\/disco-dremel-madera-542\/\" \/>\n<meta property=\"og:site_name\" content=\"Tienda de tuferreteria.online by Ferreter\u00eda La Salle\" \/>\n<meta property=\"article:modified_time\" content=\"2026-03-11T09:36:59+00:00\" \/>\n<meta property=\"og:image\" content=\"https:\/\/tuferreteria.online\/hazlo-tu-mismo\/wp-content\/uploads\/2021\/04\/ACCESORIO-DREMEL-542-FOTO.jpg\" \/>\n\t<meta property=\"og:image:width\" content=\"400\" \/>\n\t<meta property=\"og:image:height\" content=\"400\" \/>\n\t<meta property=\"og:image:type\" content=\"image\/jpeg\" \/>\n<meta name=\"twitter:card\" content=\"summary_large_image\" \/>\n<meta name=\"twitter:label1\" content=\"Tiempo de lectura\" \/>\n\t<meta name=\"twitter:data1\" content=\"1 minuto\" \/>\n<script type=\"application\/ld+json\" class=\"yoast-schema-graph\">{\"@context\":\"https:\/\/schema.org\",\"@graph\":[{\"@type\":\"WebPage\",\"@id\":\"https:\/\/tuferreteria.online\/hazlo-tu-mismo\/tienda\/ferreteria\/herramienta-electrica\/disco-dremel-madera-542\/\",\"url\":\"https:\/\/tuferreteria.online\/hazlo-tu-mismo\/tienda\/ferreteria\/herramienta-electrica\/disco-dremel-madera-542\/\",\"name\":\"DISCO DREMEL MADERA 542 - Tienda de tuferreteria.online by Ferreter\u00eda La Salle\",\"isPartOf\":{\"@id\":\"https:\/\/tuferreteria.online\/hazlo-tu-mismo\/#website\"},\"primaryImageOfPage\":{\"@id\":\"https:\/\/tuferreteria.online\/hazlo-tu-mismo\/tienda\/ferreteria\/herramienta-electrica\/disco-dremel-madera-542\/#primaryimage\"},\"image\":{\"@id\":\"https:\/\/tuferreteria.online\/hazlo-tu-mismo\/tienda\/ferreteria\/herramienta-electrica\/disco-dremel-madera-542\/#primaryimage\"},\"thumbnailUrl\":\"https:\/\/tuferreteria.online\/hazlo-tu-mismo\/wp-content\/uploads\/2021\/04\/ACCESORIO-DREMEL-542-FOTO.jpg\",\"datePublished\":\"2021-04-16T11:42:13+00:00\",\"dateModified\":\"2026-03-11T09:36:59+00:00\",\"description\":\"El disco de corte para madera 542 de Dremel es de corte de carburo, lo que le dar\u00e1 una gran durabilidad. Te permitir\u00e1 tronzar, cortar y grabar en madera y laminado.\",\"breadcrumb\":{\"@id\":\"https:\/\/tuferreteria.online\/hazlo-tu-mismo\/tienda\/ferreteria\/herramienta-electrica\/disco-dremel-madera-542\/#breadcrumb\"},\"inLanguage\":\"es\",\"potentialAction\":[{\"@type\":\"ReadAction\",\"target\":[\"https:\/\/tuferreteria.online\/hazlo-tu-mismo\/tienda\/ferreteria\/herramienta-electrica\/disco-dremel-madera-542\/\"]}]},{\"@type\":\"ImageObject\",\"inLanguage\":\"es\",\"@id\":\"https:\/\/tuferreteria.online\/hazlo-tu-mismo\/tienda\/ferreteria\/herramienta-electrica\/disco-dremel-madera-542\/#primaryimage\",\"url\":\"https:\/\/tuferreteria.online\/hazlo-tu-mismo\/wp-content\/uploads\/2021\/04\/ACCESORIO-DREMEL-542-FOTO.jpg\",\"contentUrl\":\"https:\/\/tuferreteria.online\/hazlo-tu-mismo\/wp-content\/uploads\/2021\/04\/ACCESORIO-DREMEL-542-FOTO.jpg\",\"width\":400,\"height\":400,\"caption\":\"ACCESORIO-DREMEL-542-FOTO\"},{\"@type\":\"BreadcrumbList\",\"@id\":\"https:\/\/tuferreteria.online\/hazlo-tu-mismo\/tienda\/ferreteria\/herramienta-electrica\/disco-dremel-madera-542\/#breadcrumb\",\"itemListElement\":[{\"@type\":\"ListItem\",\"position\":1,\"name\":\"Portada\",\"item\":\"https:\/\/tuferreteria.online\/hazlo-tu-mismo\/\"},{\"@type\":\"ListItem\",\"position\":2,\"name\":\"Tienda\",\"item\":\"https:\/\/tuferreteria.online\/hazlo-tu-mismo\/tienda\/\"},{\"@type\":\"ListItem\",\"position\":3,\"name\":\"DISCO DREMEL MADERA 542\"}]},{\"@type\":\"WebSite\",\"@id\":\"https:\/\/tuferreteria.online\/hazlo-tu-mismo\/#website\",\"url\":\"https:\/\/tuferreteria.online\/hazlo-tu-mismo\/\",\"name\":\"Tienda de tuferreteria.online by Ferreter\u00eda La Salle\",\"description\":\"Hazlo tu mismo\",\"potentialAction\":[{\"@type\":\"SearchAction\",\"target\":{\"@type\":\"EntryPoint\",\"urlTemplate\":\"https:\/\/tuferreteria.online\/hazlo-tu-mismo\/?s={search_term_string}\"},\"query-input\":{\"@type\":\"PropertyValueSpecification\",\"valueRequired\":true,\"valueName\":\"search_term_string\"}}],\"inLanguage\":\"es\"}]}<\/script>\n<!-- \/ Yoast SEO plugin. -->","yoast_head_json":{"title":"DISCO DREMEL MADERA 542 - Tienda de tuferreteria.online by Ferreter\u00eda La Salle","description":"El disco de corte para madera 542 de Dremel es de corte de carburo, lo que le dar\u00e1 una gran durabilidad. Te permitir\u00e1 tronzar, cortar y grabar en madera y laminado.","robots":{"index":"index","follow":"follow","max-snippet":"max-snippet:-1","max-image-preview":"max-image-preview:large","max-video-preview":"max-video-preview:-1"},"canonical":"https:\/\/tuferreteria.online\/hazlo-tu-mismo\/tienda\/ferreteria\/herramienta-electrica\/disco-dremel-madera-542\/","og_locale":"es_ES","og_type":"article","og_title":"DISCO DREMEL MADERA 542 - Tienda de tuferreteria.online by Ferreter\u00eda La Salle","og_description":"El disco de corte para madera 542 de Dremel es de corte de carburo, lo que le dar\u00e1 una gran durabilidad. Te permitir\u00e1 tronzar, cortar y grabar en madera y laminado.","og_url":"https:\/\/tuferreteria.online\/hazlo-tu-mismo\/tienda\/ferreteria\/herramienta-electrica\/disco-dremel-madera-542\/","og_site_name":"Tienda de tuferreteria.online by Ferreter\u00eda La Salle","article_modified_time":"2026-03-11T09:36:59+00:00","og_image":[{"width":400,"height":400,"url":"https:\/\/tuferreteria.online\/hazlo-tu-mismo\/wp-content\/uploads\/2021\/04\/ACCESORIO-DREMEL-542-FOTO.jpg","type":"image\/jpeg"}],"twitter_card":"summary_large_image","twitter_misc":{"Tiempo de lectura":"1 minuto"},"schema":{"@context":"https:\/\/schema.org","@graph":[{"@type":"WebPage","@id":"https:\/\/tuferreteria.online\/hazlo-tu-mismo\/tienda\/ferreteria\/herramienta-electrica\/disco-dremel-madera-542\/","url":"https:\/\/tuferreteria.online\/hazlo-tu-mismo\/tienda\/ferreteria\/herramienta-electrica\/disco-dremel-madera-542\/","name":"DISCO DREMEL MADERA 542 - Tienda de tuferreteria.online by Ferreter\u00eda La Salle","isPartOf":{"@id":"https:\/\/tuferreteria.online\/hazlo-tu-mismo\/#website"},"primaryImageOfPage":{"@id":"https:\/\/tuferreteria.online\/hazlo-tu-mismo\/tienda\/ferreteria\/herramienta-electrica\/disco-dremel-madera-542\/#primaryimage"},"image":{"@id":"https:\/\/tuferreteria.online\/hazlo-tu-mismo\/tienda\/ferreteria\/herramienta-electrica\/disco-dremel-madera-542\/#primaryimage"},"thumbnailUrl":"https:\/\/tuferreteria.online\/hazlo-tu-mismo\/wp-content\/uploads\/2021\/04\/ACCESORIO-DREMEL-542-FOTO.jpg","datePublished":"2021-04-16T11:42:13+00:00","dateModified":"2026-03-11T09:36:59+00:00","description":"El disco de corte para madera 542 de Dremel es de corte de carburo, lo que le dar\u00e1 una gran durabilidad. Te permitir\u00e1 tronzar, cortar y grabar en madera y laminado.","breadcrumb":{"@id":"https:\/\/tuferreteria.online\/hazlo-tu-mismo\/tienda\/ferreteria\/herramienta-electrica\/disco-dremel-madera-542\/#breadcrumb"},"inLanguage":"es","potentialAction":[{"@type":"ReadAction","target":["https:\/\/tuferreteria.online\/hazlo-tu-mismo\/tienda\/ferreteria\/herramienta-electrica\/disco-dremel-madera-542\/"]}]},{"@type":"ImageObject","inLanguage":"es","@id":"https:\/\/tuferreteria.online\/hazlo-tu-mismo\/tienda\/ferreteria\/herramienta-electrica\/disco-dremel-madera-542\/#primaryimage","url":"https:\/\/tuferreteria.online\/hazlo-tu-mismo\/wp-content\/uploads\/2021\/04\/ACCESORIO-DREMEL-542-FOTO.jpg","contentUrl":"https:\/\/tuferreteria.online\/hazlo-tu-mismo\/wp-content\/uploads\/2021\/04\/ACCESORIO-DREMEL-542-FOTO.jpg","width":400,"height":400,"caption":"ACCESORIO-DREMEL-542-FOTO"},{"@type":"BreadcrumbList","@id":"https:\/\/tuferreteria.online\/hazlo-tu-mismo\/tienda\/ferreteria\/herramienta-electrica\/disco-dremel-madera-542\/#breadcrumb","itemListElement":[{"@type":"ListItem","position":1,"name":"Portada","item":"https:\/\/tuferreteria.online\/hazlo-tu-mismo\/"},{"@type":"ListItem","position":2,"name":"Tienda","item":"https:\/\/tuferreteria.online\/hazlo-tu-mismo\/tienda\/"},{"@type":"ListItem","position":3,"name":"DISCO DREMEL MADERA 542"}]},{"@type":"WebSite","@id":"https:\/\/tuferreteria.online\/hazlo-tu-mismo\/#website","url":"https:\/\/tuferreteria.online\/hazlo-tu-mismo\/","name":"Tienda de tuferreteria.online by Ferreter\u00eda La Salle","description":"Hazlo tu mismo","potentialAction":[{"@type":"SearchAction","target":{"@type":"EntryPoint","urlTemplate":"https:\/\/tuferreteria.online\/hazlo-tu-mismo\/?s={search_term_string}"},"query-input":{"@type":"PropertyValueSpecification","valueRequired":true,"valueName":"search_term_string"}}],"inLanguage":"es"}]}},"_links":{"self":[{"href":"https:\/\/tuferreteria.online\/hazlo-tu-mismo\/wp-json\/wp\/v2\/product\/25266","targetHints":{"allow":["GET"]}}],"collection":[{"href":"https:\/\/tuferreteria.online\/hazlo-tu-mismo\/wp-json\/wp\/v2\/product"}],"about":[{"href":"https:\/\/tuferreteria.online\/hazlo-tu-mismo\/wp-json\/wp\/v2\/types\/product"}],"replies":[{"embeddable":true,"href":"https:\/\/tuferreteria.online\/hazlo-tu-mismo\/wp-json\/wp\/v2\/comments?post=25266"}],"wp:featuredmedia":[{"embeddable":true,"href":"https:\/\/tuferreteria.online\/hazlo-tu-mismo\/wp-json\/wp\/v2\/media\/25326"}],"wp:attachment":[{"href":"https:\/\/tuferreteria.online\/hazlo-tu-mismo\/wp-json\/wp\/v2\/media?parent=25266"}],"wp:term":[{"taxonomy":"brand","embeddable":true,"href":"https:\/\/tuferreteria.online\/hazlo-tu-mismo\/wp-json\/wp\/v2\/etheme_brands?post=25266"},{"taxonomy":"product_brand","embeddable":true,"href":"https:\/\/tuferreteria.online\/hazlo-tu-mismo\/wp-json\/wp\/v2\/product_brand?post=25266"},{"taxonomy":"product_cat","embeddable":true,"href":"https:\/\/tuferreteria.online\/hazlo-tu-mismo\/wp-json\/wp\/v2\/product_cat?post=25266"},{"taxonomy":"product_tag","embeddable":true,"href":"https:\/\/tuferreteria.online\/hazlo-tu-mismo\/wp-json\/wp\/v2\/product_tag?post=25266"}],"curies":[{"name":"wp","href":"https:\/\/api.w.org\/{rel}","templated":true}]}}