{"id":25379,"date":"2021-05-07T11:50:03","date_gmt":"2021-05-07T10:50:03","guid":{"rendered":"https:\/\/tuferreteria.online\/hazlo-tu-mismo\/tienda\/sin%20categor\u00eda\/lubricante-seco-ptfe-doble-accion-spray-wd-40-spec\/"},"modified":"2026-03-11T11:30:18","modified_gmt":"2026-03-11T10:30:18","slug":"lubricante-seco-ptfe-doble-accion-spray-wd-40-spec","status":"publish","type":"product","link":"https:\/\/tuferreteria.online\/hazlo-tu-mismo\/tienda\/ferreteria\/lubricantes\/lubricante-seco-ptfe-doble-accion-spray-wd-40-spec\/","title":{"rendered":"LUBRICANTE SECO PTFE WD-40"},"content":{"rendered":"<div class=\"wpb-content-wrapper\"><p>[vc_row][vc_column][vc_column_text]<\/p>\n<h2 style=\"text-align: center;\"><span style=\"font-size: 24pt; color: #f9e03a;\">Lubricante Seco PTFE WD-40<\/span><\/h2>\n<p>&nbsp;<\/p>\n<h3>ESTE PRODUCTO NO SE ENV\u00cdA A LA PEN\u00cdNSULA IB\u00c9RICA POR SER INFLAMABLE (S\u00d3LO CANARIAS)<\/h3>\n<p>&nbsp;<\/p>\n<h3>Caracter\u00edsticas:<\/h3>\n<p>&nbsp;<\/p>\n<p style=\"text-align: justify;\">El lubricante seco PTFE de WD-40 Specialist, con su secado r\u00e1pido, aportar\u00e1 a tu maquinaria una lubricaci\u00f3n seca y resistente que evita la suciedad, ya que el PTFE aportar\u00e1 sus propiedades antiadherentes, hidrof\u00f3bicas y adem\u00e1s lo hace compatible con materiales como pl\u00e1stico, goma, vidrio o metal.<\/p>\n<p style=\"text-align: justify;\">Podr\u00e1s usarlo en maquinaria de la industria alimentaria que no est\u00e9 en contacto directo con alimentos (certificaci\u00f3n NSF H2)<\/p>\n<p style=\"text-align: justify;\">Es ideal para aplicar como f\u00f3rmula antifricci\u00f3n en mecanismos que tengas de uso intenso o repetitivo, protegi\u00e9ndolos de su desgaste diario.<\/p>\n<p style=\"text-align: justify;\">Te funcionar\u00e1 en un rango desde -45\u00ba C hasta 260\u00ba C.<\/p>\n<p>El bote tiene 400 ml. y lo podr\u00e1s pulverizar o poner con la c\u00e1nula.[\/vc_column_text][\/vc_column][\/vc_row][vc_row][vc_column][vc_video link=\u00bbhttps:\/\/youtu.be\/xT2zzQErmKY\u00bb align=\u00bbcenter\u00bb][\/vc_column][\/vc_row]<\/p>\n<\/div>","protected":false},"excerpt":{"rendered":"<h2 class=\"h2 py-4 border-grey-200\">WD\u201140 SPECIALIST<sub class=\"registration-mark\">\u00ae<\/sub>\u00a0LUBRICANTE SECO CON PTFE<\/h2>\n","protected":false},"featured_media":27557,"comment_status":"closed","ping_status":"closed","template":"","meta":{"_exactmetrics_skip_tracking":false,"_exactmetrics_sitenote_active":false,"_exactmetrics_sitenote_note":"","_exactmetrics_sitenote_category":0,"_joinchat":[]},"etheme_brands":[{"term_id":1359,"name":"WD-40","slug":"wd-40","term_group":0,"term_taxonomy_id":1359,"taxonomy":"brand","description":"","parent":0,"count":5,"filter":"raw"}],"product_brand":[],"product_cat":[416,2465],"product_tag":[2421,2420,2422],"class_list":{"0":"post-25379","1":"product","2":"type-product","3":"status-publish","4":"has-post-thumbnail","6":"brand-wd-40","7":"product_cat-ferreteria","8":"product_cat-lubricantes","9":"product_tag-lubricante-wd-40","10":"product_tag-wd-40-lubricante-seco-ptfe","11":"product_tag-wd-40-tenerife","12":"product_shipping_class-envio-peso","14":"first","15":"instock","16":"taxable","17":"shipping-taxable","18":"purchasable","19":"product-type-simple"},"yoast_head":"<!-- This site is optimized with the Yoast SEO plugin v24.9 - https:\/\/yoast.com\/wordpress\/plugins\/seo\/ -->\n<title>LUBRICANTE SECO PTFE WD-40 - Tienda de tuferreteria.online by Ferreter\u00eda La Salle<\/title>\n<meta name=\"description\" content=\"El lubricante seco PTFE de WD-40 Specialist, con su secado r\u00e1pido, aportar\u00e1 a tu maquinaria una lubricaci\u00f3n seca y resistente que evita la suciedad,...\" \/>\n<meta name=\"robots\" content=\"index, follow, max-snippet:-1, max-image-preview:large, max-video-preview:-1\" \/>\n<link rel=\"canonical\" href=\"https:\/\/tuferreteria.online\/hazlo-tu-mismo\/tienda\/ferreteria\/lubricantes\/lubricante-seco-ptfe-doble-accion-spray-wd-40-spec\/\" \/>\n<meta property=\"og:locale\" content=\"es_ES\" \/>\n<meta property=\"og:type\" content=\"article\" \/>\n<meta property=\"og:title\" content=\"LUBRICANTE SECO PTFE WD-40 - Tienda de tuferreteria.online by Ferreter\u00eda La Salle\" \/>\n<meta property=\"og:description\" content=\"El lubricante seco PTFE de WD-40 Specialist, con su secado r\u00e1pido, aportar\u00e1 a tu maquinaria una lubricaci\u00f3n seca y resistente que evita la suciedad,...\" \/>\n<meta property=\"og:url\" content=\"https:\/\/tuferreteria.online\/hazlo-tu-mismo\/tienda\/ferreteria\/lubricantes\/lubricante-seco-ptfe-doble-accion-spray-wd-40-spec\/\" \/>\n<meta property=\"og:site_name\" content=\"Tienda de tuferreteria.online by Ferreter\u00eda La Salle\" \/>\n<meta property=\"article:modified_time\" content=\"2026-03-11T10:30:18+00:00\" \/>\n<meta property=\"og:image\" content=\"https:\/\/tuferreteria.online\/hazlo-tu-mismo\/wp-content\/uploads\/2021\/05\/LUBRICANTE-SPIACLIST-WE40-SECO-PTFE.jpg\" \/>\n\t<meta property=\"og:image:width\" content=\"600\" \/>\n\t<meta property=\"og:image:height\" content=\"600\" \/>\n\t<meta property=\"og:image:type\" content=\"image\/jpeg\" \/>\n<meta name=\"twitter:card\" content=\"summary_large_image\" \/>\n<meta name=\"twitter:label1\" content=\"Tiempo de lectura\" \/>\n\t<meta name=\"twitter:data1\" content=\"1 minuto\" \/>\n<script type=\"application\/ld+json\" class=\"yoast-schema-graph\">{\"@context\":\"https:\/\/schema.org\",\"@graph\":[{\"@type\":\"WebPage\",\"@id\":\"https:\/\/tuferreteria.online\/hazlo-tu-mismo\/tienda\/ferreteria\/lubricantes\/lubricante-seco-ptfe-doble-accion-spray-wd-40-spec\/\",\"url\":\"https:\/\/tuferreteria.online\/hazlo-tu-mismo\/tienda\/ferreteria\/lubricantes\/lubricante-seco-ptfe-doble-accion-spray-wd-40-spec\/\",\"name\":\"LUBRICANTE SECO PTFE WD-40 - Tienda de tuferreteria.online by Ferreter\u00eda La Salle\",\"isPartOf\":{\"@id\":\"https:\/\/tuferreteria.online\/hazlo-tu-mismo\/#website\"},\"primaryImageOfPage\":{\"@id\":\"https:\/\/tuferreteria.online\/hazlo-tu-mismo\/tienda\/ferreteria\/lubricantes\/lubricante-seco-ptfe-doble-accion-spray-wd-40-spec\/#primaryimage\"},\"image\":{\"@id\":\"https:\/\/tuferreteria.online\/hazlo-tu-mismo\/tienda\/ferreteria\/lubricantes\/lubricante-seco-ptfe-doble-accion-spray-wd-40-spec\/#primaryimage\"},\"thumbnailUrl\":\"https:\/\/tuferreteria.online\/hazlo-tu-mismo\/wp-content\/uploads\/2021\/05\/LUBRICANTE-SPIACLIST-WE40-SECO-PTFE.jpg\",\"datePublished\":\"2021-05-07T10:50:03+00:00\",\"dateModified\":\"2026-03-11T10:30:18+00:00\",\"description\":\"El lubricante seco PTFE de WD-40 Specialist, con su secado r\u00e1pido, aportar\u00e1 a tu maquinaria una lubricaci\u00f3n seca y resistente que evita la suciedad,...\",\"breadcrumb\":{\"@id\":\"https:\/\/tuferreteria.online\/hazlo-tu-mismo\/tienda\/ferreteria\/lubricantes\/lubricante-seco-ptfe-doble-accion-spray-wd-40-spec\/#breadcrumb\"},\"inLanguage\":\"es\",\"potentialAction\":[{\"@type\":\"ReadAction\",\"target\":[\"https:\/\/tuferreteria.online\/hazlo-tu-mismo\/tienda\/ferreteria\/lubricantes\/lubricante-seco-ptfe-doble-accion-spray-wd-40-spec\/\"]}]},{\"@type\":\"ImageObject\",\"inLanguage\":\"es\",\"@id\":\"https:\/\/tuferreteria.online\/hazlo-tu-mismo\/tienda\/ferreteria\/lubricantes\/lubricante-seco-ptfe-doble-accion-spray-wd-40-spec\/#primaryimage\",\"url\":\"https:\/\/tuferreteria.online\/hazlo-tu-mismo\/wp-content\/uploads\/2021\/05\/LUBRICANTE-SPIACLIST-WE40-SECO-PTFE.jpg\",\"contentUrl\":\"https:\/\/tuferreteria.online\/hazlo-tu-mismo\/wp-content\/uploads\/2021\/05\/LUBRICANTE-SPIACLIST-WE40-SECO-PTFE.jpg\",\"width\":600,\"height\":600,\"caption\":\"LUBRICANTE-SPIACLIST-WE40-SECO-PTFE\"},{\"@type\":\"BreadcrumbList\",\"@id\":\"https:\/\/tuferreteria.online\/hazlo-tu-mismo\/tienda\/ferreteria\/lubricantes\/lubricante-seco-ptfe-doble-accion-spray-wd-40-spec\/#breadcrumb\",\"itemListElement\":[{\"@type\":\"ListItem\",\"position\":1,\"name\":\"Portada\",\"item\":\"https:\/\/tuferreteria.online\/hazlo-tu-mismo\/\"},{\"@type\":\"ListItem\",\"position\":2,\"name\":\"Tienda\",\"item\":\"https:\/\/tuferreteria.online\/hazlo-tu-mismo\/tienda\/\"},{\"@type\":\"ListItem\",\"position\":3,\"name\":\"LUBRICANTE SECO PTFE WD-40\"}]},{\"@type\":\"WebSite\",\"@id\":\"https:\/\/tuferreteria.online\/hazlo-tu-mismo\/#website\",\"url\":\"https:\/\/tuferreteria.online\/hazlo-tu-mismo\/\",\"name\":\"Tienda de tuferreteria.online by Ferreter\u00eda La Salle\",\"description\":\"Hazlo tu mismo\",\"potentialAction\":[{\"@type\":\"SearchAction\",\"target\":{\"@type\":\"EntryPoint\",\"urlTemplate\":\"https:\/\/tuferreteria.online\/hazlo-tu-mismo\/?s={search_term_string}\"},\"query-input\":{\"@type\":\"PropertyValueSpecification\",\"valueRequired\":true,\"valueName\":\"search_term_string\"}}],\"inLanguage\":\"es\"}]}<\/script>\n<!-- \/ Yoast SEO plugin. -->","yoast_head_json":{"title":"LUBRICANTE SECO PTFE WD-40 - Tienda de tuferreteria.online by Ferreter\u00eda La Salle","description":"El lubricante seco PTFE de WD-40 Specialist, con su secado r\u00e1pido, aportar\u00e1 a tu maquinaria una lubricaci\u00f3n seca y resistente que evita la suciedad,...","robots":{"index":"index","follow":"follow","max-snippet":"max-snippet:-1","max-image-preview":"max-image-preview:large","max-video-preview":"max-video-preview:-1"},"canonical":"https:\/\/tuferreteria.online\/hazlo-tu-mismo\/tienda\/ferreteria\/lubricantes\/lubricante-seco-ptfe-doble-accion-spray-wd-40-spec\/","og_locale":"es_ES","og_type":"article","og_title":"LUBRICANTE SECO PTFE WD-40 - Tienda de tuferreteria.online by Ferreter\u00eda La Salle","og_description":"El lubricante seco PTFE de WD-40 Specialist, con su secado r\u00e1pido, aportar\u00e1 a tu maquinaria una lubricaci\u00f3n seca y resistente que evita la suciedad,...","og_url":"https:\/\/tuferreteria.online\/hazlo-tu-mismo\/tienda\/ferreteria\/lubricantes\/lubricante-seco-ptfe-doble-accion-spray-wd-40-spec\/","og_site_name":"Tienda de tuferreteria.online by Ferreter\u00eda La Salle","article_modified_time":"2026-03-11T10:30:18+00:00","og_image":[{"width":600,"height":600,"url":"https:\/\/tuferreteria.online\/hazlo-tu-mismo\/wp-content\/uploads\/2021\/05\/LUBRICANTE-SPIACLIST-WE40-SECO-PTFE.jpg","type":"image\/jpeg"}],"twitter_card":"summary_large_image","twitter_misc":{"Tiempo de lectura":"1 minuto"},"schema":{"@context":"https:\/\/schema.org","@graph":[{"@type":"WebPage","@id":"https:\/\/tuferreteria.online\/hazlo-tu-mismo\/tienda\/ferreteria\/lubricantes\/lubricante-seco-ptfe-doble-accion-spray-wd-40-spec\/","url":"https:\/\/tuferreteria.online\/hazlo-tu-mismo\/tienda\/ferreteria\/lubricantes\/lubricante-seco-ptfe-doble-accion-spray-wd-40-spec\/","name":"LUBRICANTE SECO PTFE WD-40 - Tienda de tuferreteria.online by Ferreter\u00eda La Salle","isPartOf":{"@id":"https:\/\/tuferreteria.online\/hazlo-tu-mismo\/#website"},"primaryImageOfPage":{"@id":"https:\/\/tuferreteria.online\/hazlo-tu-mismo\/tienda\/ferreteria\/lubricantes\/lubricante-seco-ptfe-doble-accion-spray-wd-40-spec\/#primaryimage"},"image":{"@id":"https:\/\/tuferreteria.online\/hazlo-tu-mismo\/tienda\/ferreteria\/lubricantes\/lubricante-seco-ptfe-doble-accion-spray-wd-40-spec\/#primaryimage"},"thumbnailUrl":"https:\/\/tuferreteria.online\/hazlo-tu-mismo\/wp-content\/uploads\/2021\/05\/LUBRICANTE-SPIACLIST-WE40-SECO-PTFE.jpg","datePublished":"2021-05-07T10:50:03+00:00","dateModified":"2026-03-11T10:30:18+00:00","description":"El lubricante seco PTFE de WD-40 Specialist, con su secado r\u00e1pido, aportar\u00e1 a tu maquinaria una lubricaci\u00f3n seca y resistente que evita la suciedad,...","breadcrumb":{"@id":"https:\/\/tuferreteria.online\/hazlo-tu-mismo\/tienda\/ferreteria\/lubricantes\/lubricante-seco-ptfe-doble-accion-spray-wd-40-spec\/#breadcrumb"},"inLanguage":"es","potentialAction":[{"@type":"ReadAction","target":["https:\/\/tuferreteria.online\/hazlo-tu-mismo\/tienda\/ferreteria\/lubricantes\/lubricante-seco-ptfe-doble-accion-spray-wd-40-spec\/"]}]},{"@type":"ImageObject","inLanguage":"es","@id":"https:\/\/tuferreteria.online\/hazlo-tu-mismo\/tienda\/ferreteria\/lubricantes\/lubricante-seco-ptfe-doble-accion-spray-wd-40-spec\/#primaryimage","url":"https:\/\/tuferreteria.online\/hazlo-tu-mismo\/wp-content\/uploads\/2021\/05\/LUBRICANTE-SPIACLIST-WE40-SECO-PTFE.jpg","contentUrl":"https:\/\/tuferreteria.online\/hazlo-tu-mismo\/wp-content\/uploads\/2021\/05\/LUBRICANTE-SPIACLIST-WE40-SECO-PTFE.jpg","width":600,"height":600,"caption":"LUBRICANTE-SPIACLIST-WE40-SECO-PTFE"},{"@type":"BreadcrumbList","@id":"https:\/\/tuferreteria.online\/hazlo-tu-mismo\/tienda\/ferreteria\/lubricantes\/lubricante-seco-ptfe-doble-accion-spray-wd-40-spec\/#breadcrumb","itemListElement":[{"@type":"ListItem","position":1,"name":"Portada","item":"https:\/\/tuferreteria.online\/hazlo-tu-mismo\/"},{"@type":"ListItem","position":2,"name":"Tienda","item":"https:\/\/tuferreteria.online\/hazlo-tu-mismo\/tienda\/"},{"@type":"ListItem","position":3,"name":"LUBRICANTE SECO PTFE WD-40"}]},{"@type":"WebSite","@id":"https:\/\/tuferreteria.online\/hazlo-tu-mismo\/#website","url":"https:\/\/tuferreteria.online\/hazlo-tu-mismo\/","name":"Tienda de tuferreteria.online by Ferreter\u00eda La Salle","description":"Hazlo tu mismo","potentialAction":[{"@type":"SearchAction","target":{"@type":"EntryPoint","urlTemplate":"https:\/\/tuferreteria.online\/hazlo-tu-mismo\/?s={search_term_string}"},"query-input":{"@type":"PropertyValueSpecification","valueRequired":true,"valueName":"search_term_string"}}],"inLanguage":"es"}]}},"_links":{"self":[{"href":"https:\/\/tuferreteria.online\/hazlo-tu-mismo\/wp-json\/wp\/v2\/product\/25379","targetHints":{"allow":["GET"]}}],"collection":[{"href":"https:\/\/tuferreteria.online\/hazlo-tu-mismo\/wp-json\/wp\/v2\/product"}],"about":[{"href":"https:\/\/tuferreteria.online\/hazlo-tu-mismo\/wp-json\/wp\/v2\/types\/product"}],"replies":[{"embeddable":true,"href":"https:\/\/tuferreteria.online\/hazlo-tu-mismo\/wp-json\/wp\/v2\/comments?post=25379"}],"wp:featuredmedia":[{"embeddable":true,"href":"https:\/\/tuferreteria.online\/hazlo-tu-mismo\/wp-json\/wp\/v2\/media\/27557"}],"wp:attachment":[{"href":"https:\/\/tuferreteria.online\/hazlo-tu-mismo\/wp-json\/wp\/v2\/media?parent=25379"}],"wp:term":[{"taxonomy":"brand","embeddable":true,"href":"https:\/\/tuferreteria.online\/hazlo-tu-mismo\/wp-json\/wp\/v2\/etheme_brands?post=25379"},{"taxonomy":"product_brand","embeddable":true,"href":"https:\/\/tuferreteria.online\/hazlo-tu-mismo\/wp-json\/wp\/v2\/product_brand?post=25379"},{"taxonomy":"product_cat","embeddable":true,"href":"https:\/\/tuferreteria.online\/hazlo-tu-mismo\/wp-json\/wp\/v2\/product_cat?post=25379"},{"taxonomy":"product_tag","embeddable":true,"href":"https:\/\/tuferreteria.online\/hazlo-tu-mismo\/wp-json\/wp\/v2\/product_tag?post=25379"}],"curies":[{"name":"wp","href":"https:\/\/api.w.org\/{rel}","templated":true}]}}