{"id":25423,"date":"2021-05-21T12:25:36","date_gmt":"2021-05-21T11:25:36","guid":{"rendered":"https:\/\/tuferreteria.online\/hazlo-tu-mismo\/tienda\/sin%20categor\u00eda\/codo-pb-15x1-2-terrain\/"},"modified":"2026-03-11T11:28:58","modified_gmt":"2026-03-11T10:28:58","slug":"codo-terrain","status":"publish","type":"product","link":"https:\/\/tuferreteria.online\/hazlo-tu-mismo\/tienda\/fontaneria\/canalizacion\/pb\/codo-terrain\/","title":{"rendered":"CODO TUBER\u00cdA PB 1\/2&#8243; TERRAIN"},"content":{"rendered":"<div class=\"wpb-content-wrapper\"><p>[vc_row][vc_column][vc_column_text]<\/p>\n<h2 style=\"text-align: center;\"><span style=\"font-size: 24pt; color: #f9e03a;\">Codo Terrain 1\/2&#8243;<\/span><\/h2>\n<p>&nbsp;<\/p>\n<h3>Caracter\u00edsticas:<\/h3>\n<p>&nbsp;<\/p>\n<p style=\"text-align: justify;\">El codo de Terrain SDP es para los accesorios de tuber\u00eda PB de sistema cl\u00e1sico de Terrain.<\/p>\n<p>El codo es para que puedas realizar la transici\u00f3n de PB a rosca 1\/2&#8243;.<\/p>\n<p style=\"text-align: justify;\">Lo tienes disponible para tuber\u00eda de 3 medidas (consulta las nuestras variaciones)<\/p>\n<p style=\"text-align: justify;\">Las tuber\u00edas y accesorios de PB (Polibutileno) est\u00e1n especialmente pensadas para la instalaci\u00f3n de fontaner\u00eda en viviendas, hoteles, residencias, colegios..<\/p>\n<p>[\/vc_column_text][\/vc_column][\/vc_row][vc_row][vc_column][vc_column_text]<\/p>\n<p style=\"text-align: justify;\">Preparadas para evitar la proliferaci\u00f3n de organismos microbiol\u00f3gicos en el agua a transportar.<\/p>\n<p style=\"text-align: justify;\">No se oxida ni se corroe.<\/p>\n<p style=\"text-align: justify;\">Y para su montaje e instalaci\u00f3n no hace falta ning\u00fan producto extra\u00f1o como son decapantes, soldaduras, l\u00edquidos soldadores, c\u00e1\u00f1amo, minio&#8230; que pueden contaminar el agua transportada, ya que el lubricante de silicona utilizado no es t\u00f3xico.<\/p>\n<p>[\/vc_column_text][\/vc_column][\/vc_row]<\/p>\n<\/div>","protected":false},"excerpt":{"rendered":"<h2>CODO MIXYO TUBER\u00cdA PB 1\/2&#8243; TERRAIN<\/h2>\n","protected":false},"featured_media":25447,"comment_status":"closed","ping_status":"closed","template":"","meta":{"_exactmetrics_skip_tracking":false,"_exactmetrics_sitenote_active":false,"_exactmetrics_sitenote_note":"","_exactmetrics_sitenote_category":0,"_joinchat":[]},"etheme_brands":[{"term_id":2454,"name":"TERRAIN","slug":"terrain","term_group":0,"term_taxonomy_id":2454,"taxonomy":"brand","description":"","parent":0,"count":13,"filter":"raw"}],"product_brand":[],"product_cat":[296,107,920],"product_tag":[2455,924,2457,2456],"class_list":{"0":"post-25423","1":"product","2":"type-product","3":"status-publish","4":"has-post-thumbnail","6":"brand-terrain","7":"product_cat-canalizacion","8":"product_cat-fontaneria","9":"product_cat-pb","10":"product_tag-comprar-accesorios-terrain-tenerife","11":"product_tag-terrain","12":"product_tag-tuberia-terrain-en-las-palmas","13":"product_tag-tuberia-terrain-en-tenerife","14":"product_shipping_class-envio-peso","16":"first","17":"instock","18":"taxable","19":"shipping-taxable","20":"purchasable","21":"product-type-variable"},"yoast_head":"<!-- This site is optimized with the Yoast SEO plugin v24.9 - https:\/\/yoast.com\/wordpress\/plugins\/seo\/ -->\n<title>CODO TUBER\u00cdA PB 1\/2&quot; TERRAIN - Tienda de tuferreteria.online by Ferreter\u00eda La Salle<\/title>\n<meta name=\"description\" content=\"El codo de Terrain SDP es para los accesorios de tuber\u00eda PB de sistema cl\u00e1sico de Terrain.El codo es para que puedas realizar la transici\u00f3n de PB a rosca 1\/2&quot;.\" \/>\n<meta name=\"robots\" content=\"index, follow, max-snippet:-1, max-image-preview:large, max-video-preview:-1\" \/>\n<link rel=\"canonical\" href=\"https:\/\/tuferreteria.online\/hazlo-tu-mismo\/tienda\/fontaneria\/canalizacion\/pb\/codo-terrain\/\" \/>\n<meta property=\"og:locale\" content=\"es_ES\" \/>\n<meta property=\"og:type\" content=\"article\" \/>\n<meta property=\"og:title\" content=\"CODO TUBER\u00cdA PB 1\/2&quot; TERRAIN - Tienda de tuferreteria.online by Ferreter\u00eda La Salle\" \/>\n<meta property=\"og:description\" content=\"El codo de Terrain SDP es para los accesorios de tuber\u00eda PB de sistema cl\u00e1sico de Terrain.El codo es para que puedas realizar la transici\u00f3n de PB a rosca 1\/2&quot;.\" \/>\n<meta property=\"og:url\" content=\"https:\/\/tuferreteria.online\/hazlo-tu-mismo\/tienda\/fontaneria\/canalizacion\/pb\/codo-terrain\/\" \/>\n<meta property=\"og:site_name\" content=\"Tienda de tuferreteria.online by Ferreter\u00eda La Salle\" \/>\n<meta property=\"article:modified_time\" content=\"2026-03-11T10:28:58+00:00\" \/>\n<meta property=\"og:image\" content=\"https:\/\/tuferreteria.online\/hazlo-tu-mismo\/wp-content\/uploads\/2020\/04\/TUBERIA-TERRAIN-CODO-MIXTO-.jpg\" \/>\n\t<meta property=\"og:image:width\" content=\"600\" \/>\n\t<meta property=\"og:image:height\" content=\"600\" \/>\n\t<meta property=\"og:image:type\" content=\"image\/jpeg\" \/>\n<meta name=\"twitter:card\" content=\"summary_large_image\" \/>\n<meta name=\"twitter:label1\" content=\"Tiempo de lectura\" \/>\n\t<meta name=\"twitter:data1\" content=\"1 minuto\" \/>\n<script type=\"application\/ld+json\" class=\"yoast-schema-graph\">{\"@context\":\"https:\/\/schema.org\",\"@graph\":[{\"@type\":\"WebPage\",\"@id\":\"https:\/\/tuferreteria.online\/hazlo-tu-mismo\/tienda\/fontaneria\/canalizacion\/pb\/codo-terrain\/\",\"url\":\"https:\/\/tuferreteria.online\/hazlo-tu-mismo\/tienda\/fontaneria\/canalizacion\/pb\/codo-terrain\/\",\"name\":\"CODO TUBER\u00cdA PB 1\/2\\\" TERRAIN - Tienda de tuferreteria.online by Ferreter\u00eda La Salle\",\"isPartOf\":{\"@id\":\"https:\/\/tuferreteria.online\/hazlo-tu-mismo\/#website\"},\"primaryImageOfPage\":{\"@id\":\"https:\/\/tuferreteria.online\/hazlo-tu-mismo\/tienda\/fontaneria\/canalizacion\/pb\/codo-terrain\/#primaryimage\"},\"image\":{\"@id\":\"https:\/\/tuferreteria.online\/hazlo-tu-mismo\/tienda\/fontaneria\/canalizacion\/pb\/codo-terrain\/#primaryimage\"},\"thumbnailUrl\":\"https:\/\/tuferreteria.online\/hazlo-tu-mismo\/wp-content\/uploads\/2020\/04\/TUBERIA-TERRAIN-CODO-MIXTO-.jpg\",\"datePublished\":\"2021-05-21T11:25:36+00:00\",\"dateModified\":\"2026-03-11T10:28:58+00:00\",\"description\":\"El codo de Terrain SDP es para los accesorios de tuber\u00eda PB de sistema cl\u00e1sico de Terrain.El codo es para que puedas realizar la transici\u00f3n de PB a rosca 1\/2\\\".\",\"breadcrumb\":{\"@id\":\"https:\/\/tuferreteria.online\/hazlo-tu-mismo\/tienda\/fontaneria\/canalizacion\/pb\/codo-terrain\/#breadcrumb\"},\"inLanguage\":\"es\",\"potentialAction\":[{\"@type\":\"ReadAction\",\"target\":[\"https:\/\/tuferreteria.online\/hazlo-tu-mismo\/tienda\/fontaneria\/canalizacion\/pb\/codo-terrain\/\"]}]},{\"@type\":\"ImageObject\",\"inLanguage\":\"es\",\"@id\":\"https:\/\/tuferreteria.online\/hazlo-tu-mismo\/tienda\/fontaneria\/canalizacion\/pb\/codo-terrain\/#primaryimage\",\"url\":\"https:\/\/tuferreteria.online\/hazlo-tu-mismo\/wp-content\/uploads\/2020\/04\/TUBERIA-TERRAIN-CODO-MIXTO-.jpg\",\"contentUrl\":\"https:\/\/tuferreteria.online\/hazlo-tu-mismo\/wp-content\/uploads\/2020\/04\/TUBERIA-TERRAIN-CODO-MIXTO-.jpg\",\"width\":600,\"height\":600,\"caption\":\"TUBER\u00cdA-TERRAIN-CODO-MIXTO-\"},{\"@type\":\"BreadcrumbList\",\"@id\":\"https:\/\/tuferreteria.online\/hazlo-tu-mismo\/tienda\/fontaneria\/canalizacion\/pb\/codo-terrain\/#breadcrumb\",\"itemListElement\":[{\"@type\":\"ListItem\",\"position\":1,\"name\":\"Portada\",\"item\":\"https:\/\/tuferreteria.online\/hazlo-tu-mismo\/\"},{\"@type\":\"ListItem\",\"position\":2,\"name\":\"Tienda\",\"item\":\"https:\/\/tuferreteria.online\/hazlo-tu-mismo\/tienda\/\"},{\"@type\":\"ListItem\",\"position\":3,\"name\":\"CODO TUBER\u00cdA PB 1\/2&#8243; TERRAIN\"}]},{\"@type\":\"WebSite\",\"@id\":\"https:\/\/tuferreteria.online\/hazlo-tu-mismo\/#website\",\"url\":\"https:\/\/tuferreteria.online\/hazlo-tu-mismo\/\",\"name\":\"Tienda de tuferreteria.online by Ferreter\u00eda La Salle\",\"description\":\"Hazlo tu mismo\",\"potentialAction\":[{\"@type\":\"SearchAction\",\"target\":{\"@type\":\"EntryPoint\",\"urlTemplate\":\"https:\/\/tuferreteria.online\/hazlo-tu-mismo\/?s={search_term_string}\"},\"query-input\":{\"@type\":\"PropertyValueSpecification\",\"valueRequired\":true,\"valueName\":\"search_term_string\"}}],\"inLanguage\":\"es\"}]}<\/script>\n<!-- \/ Yoast SEO plugin. -->","yoast_head_json":{"title":"CODO TUBER\u00cdA PB 1\/2\" TERRAIN - Tienda de tuferreteria.online by Ferreter\u00eda La Salle","description":"El codo de Terrain SDP es para los accesorios de tuber\u00eda PB de sistema cl\u00e1sico de Terrain.El codo es para que puedas realizar la transici\u00f3n de PB a rosca 1\/2\".","robots":{"index":"index","follow":"follow","max-snippet":"max-snippet:-1","max-image-preview":"max-image-preview:large","max-video-preview":"max-video-preview:-1"},"canonical":"https:\/\/tuferreteria.online\/hazlo-tu-mismo\/tienda\/fontaneria\/canalizacion\/pb\/codo-terrain\/","og_locale":"es_ES","og_type":"article","og_title":"CODO TUBER\u00cdA PB 1\/2\" TERRAIN - Tienda de tuferreteria.online by Ferreter\u00eda La Salle","og_description":"El codo de Terrain SDP es para los accesorios de tuber\u00eda PB de sistema cl\u00e1sico de Terrain.El codo es para que puedas realizar la transici\u00f3n de PB a rosca 1\/2\".","og_url":"https:\/\/tuferreteria.online\/hazlo-tu-mismo\/tienda\/fontaneria\/canalizacion\/pb\/codo-terrain\/","og_site_name":"Tienda de tuferreteria.online by Ferreter\u00eda La Salle","article_modified_time":"2026-03-11T10:28:58+00:00","og_image":[{"width":600,"height":600,"url":"https:\/\/tuferreteria.online\/hazlo-tu-mismo\/wp-content\/uploads\/2020\/04\/TUBERIA-TERRAIN-CODO-MIXTO-.jpg","type":"image\/jpeg"}],"twitter_card":"summary_large_image","twitter_misc":{"Tiempo de lectura":"1 minuto"},"schema":{"@context":"https:\/\/schema.org","@graph":[{"@type":"WebPage","@id":"https:\/\/tuferreteria.online\/hazlo-tu-mismo\/tienda\/fontaneria\/canalizacion\/pb\/codo-terrain\/","url":"https:\/\/tuferreteria.online\/hazlo-tu-mismo\/tienda\/fontaneria\/canalizacion\/pb\/codo-terrain\/","name":"CODO TUBER\u00cdA PB 1\/2\" TERRAIN - Tienda de tuferreteria.online by Ferreter\u00eda La Salle","isPartOf":{"@id":"https:\/\/tuferreteria.online\/hazlo-tu-mismo\/#website"},"primaryImageOfPage":{"@id":"https:\/\/tuferreteria.online\/hazlo-tu-mismo\/tienda\/fontaneria\/canalizacion\/pb\/codo-terrain\/#primaryimage"},"image":{"@id":"https:\/\/tuferreteria.online\/hazlo-tu-mismo\/tienda\/fontaneria\/canalizacion\/pb\/codo-terrain\/#primaryimage"},"thumbnailUrl":"https:\/\/tuferreteria.online\/hazlo-tu-mismo\/wp-content\/uploads\/2020\/04\/TUBERIA-TERRAIN-CODO-MIXTO-.jpg","datePublished":"2021-05-21T11:25:36+00:00","dateModified":"2026-03-11T10:28:58+00:00","description":"El codo de Terrain SDP es para los accesorios de tuber\u00eda PB de sistema cl\u00e1sico de Terrain.El codo es para que puedas realizar la transici\u00f3n de PB a rosca 1\/2\".","breadcrumb":{"@id":"https:\/\/tuferreteria.online\/hazlo-tu-mismo\/tienda\/fontaneria\/canalizacion\/pb\/codo-terrain\/#breadcrumb"},"inLanguage":"es","potentialAction":[{"@type":"ReadAction","target":["https:\/\/tuferreteria.online\/hazlo-tu-mismo\/tienda\/fontaneria\/canalizacion\/pb\/codo-terrain\/"]}]},{"@type":"ImageObject","inLanguage":"es","@id":"https:\/\/tuferreteria.online\/hazlo-tu-mismo\/tienda\/fontaneria\/canalizacion\/pb\/codo-terrain\/#primaryimage","url":"https:\/\/tuferreteria.online\/hazlo-tu-mismo\/wp-content\/uploads\/2020\/04\/TUBERIA-TERRAIN-CODO-MIXTO-.jpg","contentUrl":"https:\/\/tuferreteria.online\/hazlo-tu-mismo\/wp-content\/uploads\/2020\/04\/TUBERIA-TERRAIN-CODO-MIXTO-.jpg","width":600,"height":600,"caption":"TUBER\u00cdA-TERRAIN-CODO-MIXTO-"},{"@type":"BreadcrumbList","@id":"https:\/\/tuferreteria.online\/hazlo-tu-mismo\/tienda\/fontaneria\/canalizacion\/pb\/codo-terrain\/#breadcrumb","itemListElement":[{"@type":"ListItem","position":1,"name":"Portada","item":"https:\/\/tuferreteria.online\/hazlo-tu-mismo\/"},{"@type":"ListItem","position":2,"name":"Tienda","item":"https:\/\/tuferreteria.online\/hazlo-tu-mismo\/tienda\/"},{"@type":"ListItem","position":3,"name":"CODO TUBER\u00cdA PB 1\/2&#8243; TERRAIN"}]},{"@type":"WebSite","@id":"https:\/\/tuferreteria.online\/hazlo-tu-mismo\/#website","url":"https:\/\/tuferreteria.online\/hazlo-tu-mismo\/","name":"Tienda de tuferreteria.online by Ferreter\u00eda La Salle","description":"Hazlo tu mismo","potentialAction":[{"@type":"SearchAction","target":{"@type":"EntryPoint","urlTemplate":"https:\/\/tuferreteria.online\/hazlo-tu-mismo\/?s={search_term_string}"},"query-input":{"@type":"PropertyValueSpecification","valueRequired":true,"valueName":"search_term_string"}}],"inLanguage":"es"}]}},"_links":{"self":[{"href":"https:\/\/tuferreteria.online\/hazlo-tu-mismo\/wp-json\/wp\/v2\/product\/25423","targetHints":{"allow":["GET"]}}],"collection":[{"href":"https:\/\/tuferreteria.online\/hazlo-tu-mismo\/wp-json\/wp\/v2\/product"}],"about":[{"href":"https:\/\/tuferreteria.online\/hazlo-tu-mismo\/wp-json\/wp\/v2\/types\/product"}],"replies":[{"embeddable":true,"href":"https:\/\/tuferreteria.online\/hazlo-tu-mismo\/wp-json\/wp\/v2\/comments?post=25423"}],"wp:featuredmedia":[{"embeddable":true,"href":"https:\/\/tuferreteria.online\/hazlo-tu-mismo\/wp-json\/wp\/v2\/media\/25447"}],"wp:attachment":[{"href":"https:\/\/tuferreteria.online\/hazlo-tu-mismo\/wp-json\/wp\/v2\/media?parent=25423"}],"wp:term":[{"taxonomy":"brand","embeddable":true,"href":"https:\/\/tuferreteria.online\/hazlo-tu-mismo\/wp-json\/wp\/v2\/etheme_brands?post=25423"},{"taxonomy":"product_brand","embeddable":true,"href":"https:\/\/tuferreteria.online\/hazlo-tu-mismo\/wp-json\/wp\/v2\/product_brand?post=25423"},{"taxonomy":"product_cat","embeddable":true,"href":"https:\/\/tuferreteria.online\/hazlo-tu-mismo\/wp-json\/wp\/v2\/product_cat?post=25423"},{"taxonomy":"product_tag","embeddable":true,"href":"https:\/\/tuferreteria.online\/hazlo-tu-mismo\/wp-json\/wp\/v2\/product_tag?post=25423"}],"curies":[{"name":"wp","href":"https:\/\/api.w.org\/{rel}","templated":true}]}}