{"id":25492,"date":"2021-05-28T09:39:45","date_gmt":"2021-05-28T08:39:45","guid":{"rendered":"https:\/\/tuferreteria.online\/hazlo-tu-mismo\/tienda\/sin%20categor\u00eda\/termo-acero-inoxidable-0-35-lts\/"},"modified":"2026-03-11T10:33:28","modified_gmt":"2026-03-11T09:33:28","slug":"termo-acero-inoxidable-0-35-lts","status":"publish","type":"product","link":"https:\/\/tuferreteria.online\/hazlo-tu-mismo\/tienda\/hogar\/cocina\/ollas-calderos-sartenes\/termo-acero-inoxidable-0-35-lts\/","title":{"rendered":"TERMO ACERO INOXIDABLE 35O ML."},"content":{"rendered":"<div class=\"wpb-content-wrapper\"><p>[vc_row][vc_column][vc_column_text]<\/p>\n<h2 style=\"text-align: center;\"><span style=\"font-size: 24pt; color: #f9e03a;\">Termo Acero Inoxidable<\/span><\/h2>\n<p>&nbsp;<\/p>\n<h3>Caracter\u00edsticas:<\/h3>\n<p>&nbsp;<\/p>\n<p style=\"text-align: justify;\">El termo de acero inoxidable para l\u00edquidos es de 350 ml.<\/p>\n<p style=\"text-align: justify;\">Ideal para llevar tu t\u00e9 o caf\u00e9 al trabajo o cuando vayas de paseo, ya que por su peque\u00f1o tama\u00f1o puedes llevarlo en el bolso o mochila c\u00f3modamente.<\/p>\n<p style=\"text-align: justify;\">Podr\u00e1s usar la tapa como vaso y tiene un tap\u00f3n de seguridad para que no se escape el l\u00edquido.<\/p>\n<p style=\"text-align: justify;\"><strong>\u00a1Recuerda!<\/strong> si quieres que tu bebida caliente se mantenga a la temperatura id\u00f3nea, llena tu termo de agua caliente y d\u00e9jalo reposar 5 minutos, antes de poner tu bebida, as\u00ed ya estar\u00e1 atemperado y mantendr\u00e1 mejor el calor.<\/p>\n<p>[\/vc_column_text][\/vc_column][\/vc_row]<\/p>\n<\/div>","protected":false},"excerpt":{"rendered":"<h2>TERMO ACERO INOXIDABLE 0,35 LT.<\/h2>\n","protected":false},"featured_media":25534,"comment_status":"closed","ping_status":"closed","template":"","meta":{"_exactmetrics_skip_tracking":false,"_exactmetrics_sitenote_active":false,"_exactmetrics_sitenote_note":"","_exactmetrics_sitenote_category":0,"_joinchat":[]},"etheme_brands":[{"term_id":2483,"name":"QUID","slug":"quid","term_group":0,"term_taxonomy_id":2483,"taxonomy":"brand","description":"","parent":0,"count":1,"filter":"raw"}],"product_brand":[],"product_cat":[114,516,78,87,84],"product_tag":[463,2484,2486,2485],"class_list":{"0":"post-25492","1":"product","2":"type-product","3":"status-publish","4":"has-post-thumbnail","6":"brand-quid","7":"product_cat-camping","8":"product_cat-cocina","9":"product_cat-hogar","10":"product_cat-jardin-y-tiempo-libre","11":"product_cat-ollas-calderos-sartenes","12":"product_tag-termo","13":"product_tag-termo-para-bebida","14":"product_tag-termo-para-cafe","15":"product_tag-termo-para-liquidos-tenerife","16":"product_shipping_class-envio-peso","18":"first","19":"instock","20":"taxable","21":"shipping-taxable","22":"purchasable","23":"product-type-simple"},"yoast_head":"<!-- This site is optimized with the Yoast SEO plugin v24.9 - https:\/\/yoast.com\/wordpress\/plugins\/seo\/ -->\n<title>TERMO ACERO INOXIDABLE 35O ML. - Tienda de tuferreteria.online by Ferreter\u00eda La Salle<\/title>\n<meta name=\"description\" content=\"El termo de acero inoxidable para l\u00edquidos es de 350 ml. Ideal para llevar tu t\u00e9 o caf\u00e9 al trabajo o cuando vayas de paseo, ya que por su peque\u00f1o tama\u00f1o puedes llevarlo en el bolso o mochila c\u00f3modamente.\" \/>\n<meta name=\"robots\" content=\"index, follow, max-snippet:-1, max-image-preview:large, max-video-preview:-1\" \/>\n<link rel=\"canonical\" href=\"https:\/\/tuferreteria.online\/hazlo-tu-mismo\/tienda\/hogar\/cocina\/ollas-calderos-sartenes\/termo-acero-inoxidable-0-35-lts\/\" \/>\n<meta property=\"og:locale\" content=\"es_ES\" \/>\n<meta property=\"og:type\" content=\"article\" \/>\n<meta property=\"og:title\" content=\"TERMO ACERO INOXIDABLE 35O ML. - Tienda de tuferreteria.online by Ferreter\u00eda La Salle\" \/>\n<meta property=\"og:description\" content=\"El termo de acero inoxidable para l\u00edquidos es de 350 ml. Ideal para llevar tu t\u00e9 o caf\u00e9 al trabajo o cuando vayas de paseo, ya que por su peque\u00f1o tama\u00f1o puedes llevarlo en el bolso o mochila c\u00f3modamente.\" \/>\n<meta property=\"og:url\" content=\"https:\/\/tuferreteria.online\/hazlo-tu-mismo\/tienda\/hogar\/cocina\/ollas-calderos-sartenes\/termo-acero-inoxidable-0-35-lts\/\" \/>\n<meta property=\"og:site_name\" content=\"Tienda de tuferreteria.online by Ferreter\u00eda La Salle\" \/>\n<meta property=\"article:modified_time\" content=\"2026-03-11T09:33:28+00:00\" \/>\n<meta property=\"og:image\" content=\"https:\/\/tuferreteria.online\/hazlo-tu-mismo\/wp-content\/uploads\/2021\/05\/TERMO-ACERO-350ML-QUID.jpg\" \/>\n\t<meta property=\"og:image:width\" content=\"600\" \/>\n\t<meta property=\"og:image:height\" content=\"600\" \/>\n\t<meta property=\"og:image:type\" content=\"image\/jpeg\" \/>\n<meta name=\"twitter:card\" content=\"summary_large_image\" \/>\n<meta name=\"twitter:label1\" content=\"Tiempo de lectura\" \/>\n\t<meta name=\"twitter:data1\" content=\"1 minuto\" \/>\n<script type=\"application\/ld+json\" class=\"yoast-schema-graph\">{\"@context\":\"https:\/\/schema.org\",\"@graph\":[{\"@type\":\"WebPage\",\"@id\":\"https:\/\/tuferreteria.online\/hazlo-tu-mismo\/tienda\/hogar\/cocina\/ollas-calderos-sartenes\/termo-acero-inoxidable-0-35-lts\/\",\"url\":\"https:\/\/tuferreteria.online\/hazlo-tu-mismo\/tienda\/hogar\/cocina\/ollas-calderos-sartenes\/termo-acero-inoxidable-0-35-lts\/\",\"name\":\"TERMO ACERO INOXIDABLE 35O ML. - Tienda de tuferreteria.online by Ferreter\u00eda La Salle\",\"isPartOf\":{\"@id\":\"https:\/\/tuferreteria.online\/hazlo-tu-mismo\/#website\"},\"primaryImageOfPage\":{\"@id\":\"https:\/\/tuferreteria.online\/hazlo-tu-mismo\/tienda\/hogar\/cocina\/ollas-calderos-sartenes\/termo-acero-inoxidable-0-35-lts\/#primaryimage\"},\"image\":{\"@id\":\"https:\/\/tuferreteria.online\/hazlo-tu-mismo\/tienda\/hogar\/cocina\/ollas-calderos-sartenes\/termo-acero-inoxidable-0-35-lts\/#primaryimage\"},\"thumbnailUrl\":\"https:\/\/tuferreteria.online\/hazlo-tu-mismo\/wp-content\/uploads\/2021\/05\/TERMO-ACERO-350ML-QUID.jpg\",\"datePublished\":\"2021-05-28T08:39:45+00:00\",\"dateModified\":\"2026-03-11T09:33:28+00:00\",\"description\":\"El termo de acero inoxidable para l\u00edquidos es de 350 ml. Ideal para llevar tu t\u00e9 o caf\u00e9 al trabajo o cuando vayas de paseo, ya que por su peque\u00f1o tama\u00f1o puedes llevarlo en el bolso o mochila c\u00f3modamente.\",\"breadcrumb\":{\"@id\":\"https:\/\/tuferreteria.online\/hazlo-tu-mismo\/tienda\/hogar\/cocina\/ollas-calderos-sartenes\/termo-acero-inoxidable-0-35-lts\/#breadcrumb\"},\"inLanguage\":\"es\",\"potentialAction\":[{\"@type\":\"ReadAction\",\"target\":[\"https:\/\/tuferreteria.online\/hazlo-tu-mismo\/tienda\/hogar\/cocina\/ollas-calderos-sartenes\/termo-acero-inoxidable-0-35-lts\/\"]}]},{\"@type\":\"ImageObject\",\"inLanguage\":\"es\",\"@id\":\"https:\/\/tuferreteria.online\/hazlo-tu-mismo\/tienda\/hogar\/cocina\/ollas-calderos-sartenes\/termo-acero-inoxidable-0-35-lts\/#primaryimage\",\"url\":\"https:\/\/tuferreteria.online\/hazlo-tu-mismo\/wp-content\/uploads\/2021\/05\/TERMO-ACERO-350ML-QUID.jpg\",\"contentUrl\":\"https:\/\/tuferreteria.online\/hazlo-tu-mismo\/wp-content\/uploads\/2021\/05\/TERMO-ACERO-350ML-QUID.jpg\",\"width\":600,\"height\":600,\"caption\":\"TERMO-ACERO-350ML-QUID\"},{\"@type\":\"BreadcrumbList\",\"@id\":\"https:\/\/tuferreteria.online\/hazlo-tu-mismo\/tienda\/hogar\/cocina\/ollas-calderos-sartenes\/termo-acero-inoxidable-0-35-lts\/#breadcrumb\",\"itemListElement\":[{\"@type\":\"ListItem\",\"position\":1,\"name\":\"Portada\",\"item\":\"https:\/\/tuferreteria.online\/hazlo-tu-mismo\/\"},{\"@type\":\"ListItem\",\"position\":2,\"name\":\"Tienda\",\"item\":\"https:\/\/tuferreteria.online\/hazlo-tu-mismo\/tienda\/\"},{\"@type\":\"ListItem\",\"position\":3,\"name\":\"TERMO ACERO INOXIDABLE 35O ML.\"}]},{\"@type\":\"WebSite\",\"@id\":\"https:\/\/tuferreteria.online\/hazlo-tu-mismo\/#website\",\"url\":\"https:\/\/tuferreteria.online\/hazlo-tu-mismo\/\",\"name\":\"Tienda de tuferreteria.online by Ferreter\u00eda La Salle\",\"description\":\"Hazlo tu mismo\",\"potentialAction\":[{\"@type\":\"SearchAction\",\"target\":{\"@type\":\"EntryPoint\",\"urlTemplate\":\"https:\/\/tuferreteria.online\/hazlo-tu-mismo\/?s={search_term_string}\"},\"query-input\":{\"@type\":\"PropertyValueSpecification\",\"valueRequired\":true,\"valueName\":\"search_term_string\"}}],\"inLanguage\":\"es\"}]}<\/script>\n<!-- \/ Yoast SEO plugin. -->","yoast_head_json":{"title":"TERMO ACERO INOXIDABLE 35O ML. - Tienda de tuferreteria.online by Ferreter\u00eda La Salle","description":"El termo de acero inoxidable para l\u00edquidos es de 350 ml. Ideal para llevar tu t\u00e9 o caf\u00e9 al trabajo o cuando vayas de paseo, ya que por su peque\u00f1o tama\u00f1o puedes llevarlo en el bolso o mochila c\u00f3modamente.","robots":{"index":"index","follow":"follow","max-snippet":"max-snippet:-1","max-image-preview":"max-image-preview:large","max-video-preview":"max-video-preview:-1"},"canonical":"https:\/\/tuferreteria.online\/hazlo-tu-mismo\/tienda\/hogar\/cocina\/ollas-calderos-sartenes\/termo-acero-inoxidable-0-35-lts\/","og_locale":"es_ES","og_type":"article","og_title":"TERMO ACERO INOXIDABLE 35O ML. - Tienda de tuferreteria.online by Ferreter\u00eda La Salle","og_description":"El termo de acero inoxidable para l\u00edquidos es de 350 ml. Ideal para llevar tu t\u00e9 o caf\u00e9 al trabajo o cuando vayas de paseo, ya que por su peque\u00f1o tama\u00f1o puedes llevarlo en el bolso o mochila c\u00f3modamente.","og_url":"https:\/\/tuferreteria.online\/hazlo-tu-mismo\/tienda\/hogar\/cocina\/ollas-calderos-sartenes\/termo-acero-inoxidable-0-35-lts\/","og_site_name":"Tienda de tuferreteria.online by Ferreter\u00eda La Salle","article_modified_time":"2026-03-11T09:33:28+00:00","og_image":[{"width":600,"height":600,"url":"https:\/\/tuferreteria.online\/hazlo-tu-mismo\/wp-content\/uploads\/2021\/05\/TERMO-ACERO-350ML-QUID.jpg","type":"image\/jpeg"}],"twitter_card":"summary_large_image","twitter_misc":{"Tiempo de lectura":"1 minuto"},"schema":{"@context":"https:\/\/schema.org","@graph":[{"@type":"WebPage","@id":"https:\/\/tuferreteria.online\/hazlo-tu-mismo\/tienda\/hogar\/cocina\/ollas-calderos-sartenes\/termo-acero-inoxidable-0-35-lts\/","url":"https:\/\/tuferreteria.online\/hazlo-tu-mismo\/tienda\/hogar\/cocina\/ollas-calderos-sartenes\/termo-acero-inoxidable-0-35-lts\/","name":"TERMO ACERO INOXIDABLE 35O ML. - Tienda de tuferreteria.online by Ferreter\u00eda La Salle","isPartOf":{"@id":"https:\/\/tuferreteria.online\/hazlo-tu-mismo\/#website"},"primaryImageOfPage":{"@id":"https:\/\/tuferreteria.online\/hazlo-tu-mismo\/tienda\/hogar\/cocina\/ollas-calderos-sartenes\/termo-acero-inoxidable-0-35-lts\/#primaryimage"},"image":{"@id":"https:\/\/tuferreteria.online\/hazlo-tu-mismo\/tienda\/hogar\/cocina\/ollas-calderos-sartenes\/termo-acero-inoxidable-0-35-lts\/#primaryimage"},"thumbnailUrl":"https:\/\/tuferreteria.online\/hazlo-tu-mismo\/wp-content\/uploads\/2021\/05\/TERMO-ACERO-350ML-QUID.jpg","datePublished":"2021-05-28T08:39:45+00:00","dateModified":"2026-03-11T09:33:28+00:00","description":"El termo de acero inoxidable para l\u00edquidos es de 350 ml. Ideal para llevar tu t\u00e9 o caf\u00e9 al trabajo o cuando vayas de paseo, ya que por su peque\u00f1o tama\u00f1o puedes llevarlo en el bolso o mochila c\u00f3modamente.","breadcrumb":{"@id":"https:\/\/tuferreteria.online\/hazlo-tu-mismo\/tienda\/hogar\/cocina\/ollas-calderos-sartenes\/termo-acero-inoxidable-0-35-lts\/#breadcrumb"},"inLanguage":"es","potentialAction":[{"@type":"ReadAction","target":["https:\/\/tuferreteria.online\/hazlo-tu-mismo\/tienda\/hogar\/cocina\/ollas-calderos-sartenes\/termo-acero-inoxidable-0-35-lts\/"]}]},{"@type":"ImageObject","inLanguage":"es","@id":"https:\/\/tuferreteria.online\/hazlo-tu-mismo\/tienda\/hogar\/cocina\/ollas-calderos-sartenes\/termo-acero-inoxidable-0-35-lts\/#primaryimage","url":"https:\/\/tuferreteria.online\/hazlo-tu-mismo\/wp-content\/uploads\/2021\/05\/TERMO-ACERO-350ML-QUID.jpg","contentUrl":"https:\/\/tuferreteria.online\/hazlo-tu-mismo\/wp-content\/uploads\/2021\/05\/TERMO-ACERO-350ML-QUID.jpg","width":600,"height":600,"caption":"TERMO-ACERO-350ML-QUID"},{"@type":"BreadcrumbList","@id":"https:\/\/tuferreteria.online\/hazlo-tu-mismo\/tienda\/hogar\/cocina\/ollas-calderos-sartenes\/termo-acero-inoxidable-0-35-lts\/#breadcrumb","itemListElement":[{"@type":"ListItem","position":1,"name":"Portada","item":"https:\/\/tuferreteria.online\/hazlo-tu-mismo\/"},{"@type":"ListItem","position":2,"name":"Tienda","item":"https:\/\/tuferreteria.online\/hazlo-tu-mismo\/tienda\/"},{"@type":"ListItem","position":3,"name":"TERMO ACERO INOXIDABLE 35O ML."}]},{"@type":"WebSite","@id":"https:\/\/tuferreteria.online\/hazlo-tu-mismo\/#website","url":"https:\/\/tuferreteria.online\/hazlo-tu-mismo\/","name":"Tienda de tuferreteria.online by Ferreter\u00eda La Salle","description":"Hazlo tu mismo","potentialAction":[{"@type":"SearchAction","target":{"@type":"EntryPoint","urlTemplate":"https:\/\/tuferreteria.online\/hazlo-tu-mismo\/?s={search_term_string}"},"query-input":{"@type":"PropertyValueSpecification","valueRequired":true,"valueName":"search_term_string"}}],"inLanguage":"es"}]}},"_links":{"self":[{"href":"https:\/\/tuferreteria.online\/hazlo-tu-mismo\/wp-json\/wp\/v2\/product\/25492","targetHints":{"allow":["GET"]}}],"collection":[{"href":"https:\/\/tuferreteria.online\/hazlo-tu-mismo\/wp-json\/wp\/v2\/product"}],"about":[{"href":"https:\/\/tuferreteria.online\/hazlo-tu-mismo\/wp-json\/wp\/v2\/types\/product"}],"replies":[{"embeddable":true,"href":"https:\/\/tuferreteria.online\/hazlo-tu-mismo\/wp-json\/wp\/v2\/comments?post=25492"}],"wp:featuredmedia":[{"embeddable":true,"href":"https:\/\/tuferreteria.online\/hazlo-tu-mismo\/wp-json\/wp\/v2\/media\/25534"}],"wp:attachment":[{"href":"https:\/\/tuferreteria.online\/hazlo-tu-mismo\/wp-json\/wp\/v2\/media?parent=25492"}],"wp:term":[{"taxonomy":"brand","embeddable":true,"href":"https:\/\/tuferreteria.online\/hazlo-tu-mismo\/wp-json\/wp\/v2\/etheme_brands?post=25492"},{"taxonomy":"product_brand","embeddable":true,"href":"https:\/\/tuferreteria.online\/hazlo-tu-mismo\/wp-json\/wp\/v2\/product_brand?post=25492"},{"taxonomy":"product_cat","embeddable":true,"href":"https:\/\/tuferreteria.online\/hazlo-tu-mismo\/wp-json\/wp\/v2\/product_cat?post=25492"},{"taxonomy":"product_tag","embeddable":true,"href":"https:\/\/tuferreteria.online\/hazlo-tu-mismo\/wp-json\/wp\/v2\/product_tag?post=25492"}],"curies":[{"name":"wp","href":"https:\/\/api.w.org\/{rel}","templated":true}]}}