{"id":25796,"date":"2021-07-09T12:46:24","date_gmt":"2021-07-09T11:46:24","guid":{"rendered":"https:\/\/tuferreteria.online\/hazlo-tu-mismo\/tienda\/sin%20categor\u00eda\/cemento-cola-gris-2kg\/"},"modified":"2026-03-11T11:27:48","modified_gmt":"2026-03-11T10:27:48","slug":"cemento-cola-gris-2kg","status":"publish","type":"product","link":"https:\/\/tuferreteria.online\/hazlo-tu-mismo\/tienda\/pavimentos\/pastas-y-juntas\/cemento-cola-gris-2kg\/","title":{"rendered":"CEMENTO COLA GRIS"},"content":{"rendered":"<div class=\"wpb-content-wrapper\"><p>[vc_row][vc_column][vc_column_text]<\/p>\n<h2 style=\"text-align: center;\"><span style=\"font-size: 24pt; color: #f9e03a;\">Cemento Cola Gris<\/span><\/h2>\n<p>&nbsp;<\/p>\n<h3>Caracter\u00edsticas:<\/h3>\n<p>&nbsp;<\/p>\n<p style=\"text-align: justify;\">El cemento cola gris es un mortero porcel\u00e1nico de alta prestaci\u00f3n, tipo C1.<\/p>\n<p style=\"text-align: justify;\">Te servir\u00e1 para colocar y pegar azulejos, mosaicos, baldosas, terrazos&#8230;<\/p>\n<p style=\"text-align: justify;\">Es resistente al agua y a la inmersi\u00f3n.<\/p>\n<p style=\"text-align: justify;\">Es de gran adherencia y flexibilidad y lo podr\u00e1s usar en exterior o interior.<\/p>\n<p>Viene en un paquete de 2 kg.[\/vc_column_text][\/vc_column][\/vc_row]<\/p>\n<\/div>","protected":false},"excerpt":{"rendered":"<h2>PAQUETE CEMENTO COLA 2 KG.<\/h2>\n","protected":false},"featured_media":25783,"comment_status":"closed","ping_status":"closed","template":"","meta":{"_exactmetrics_skip_tracking":false,"_exactmetrics_sitenote_active":false,"_exactmetrics_sitenote_note":"","_exactmetrics_sitenote_category":0,"_joinchat":[]},"etheme_brands":[{"term_id":2445,"name":"RATIO","slug":"ratio","term_group":0,"term_taxonomy_id":2445,"taxonomy":"brand","description":"","parent":0,"count":47,"filter":"raw"}],"product_brand":[],"product_cat":[1249,508],"product_tag":[2651,2650,2652],"class_list":{"0":"post-25796","1":"product","2":"type-product","3":"status-publish","4":"has-post-thumbnail","6":"brand-ratio","7":"product_cat-pastas-y-juntas","8":"product_cat-pavimentos","9":"product_tag-cemento-cola-azulejos","10":"product_tag-panda-para-pegar-azulejos","11":"product_tag-pegamento-para-azulejos","12":"product_shipping_class-envio-peso","14":"first","15":"instock","16":"taxable","17":"shipping-taxable","18":"purchasable","19":"product-type-simple"},"yoast_head":"<!-- This site is optimized with the Yoast SEO plugin v24.9 - https:\/\/yoast.com\/wordpress\/plugins\/seo\/ -->\n<title>CEMENTO COLA GRIS - Tienda de tuferreteria.online by Ferreter\u00eda La Salle<\/title>\n<meta name=\"description\" content=\"El cemento cola gris es un mortero porcel\u00e1nico de alta prestaci\u00f3n, tipo C1. Te servir\u00e1 para colocar y pegar azulejos, mosaicos, baldosas, terrazos...\" \/>\n<meta name=\"robots\" content=\"index, follow, max-snippet:-1, max-image-preview:large, max-video-preview:-1\" \/>\n<link rel=\"canonical\" href=\"https:\/\/tuferreteria.online\/hazlo-tu-mismo\/tienda\/pavimentos\/pastas-y-juntas\/cemento-cola-gris-2kg\/\" \/>\n<meta property=\"og:locale\" content=\"es_ES\" \/>\n<meta property=\"og:type\" content=\"article\" \/>\n<meta property=\"og:title\" content=\"CEMENTO COLA GRIS - Tienda de tuferreteria.online by Ferreter\u00eda La Salle\" \/>\n<meta property=\"og:description\" content=\"El cemento cola gris es un mortero porcel\u00e1nico de alta prestaci\u00f3n, tipo C1. Te servir\u00e1 para colocar y pegar azulejos, mosaicos, baldosas, terrazos...\" \/>\n<meta property=\"og:url\" content=\"https:\/\/tuferreteria.online\/hazlo-tu-mismo\/tienda\/pavimentos\/pastas-y-juntas\/cemento-cola-gris-2kg\/\" \/>\n<meta property=\"og:site_name\" content=\"Tienda de tuferreteria.online by Ferreter\u00eda La Salle\" \/>\n<meta property=\"article:modified_time\" content=\"2026-03-11T10:27:48+00:00\" \/>\n<meta property=\"og:image\" content=\"https:\/\/tuferreteria.online\/hazlo-tu-mismo\/wp-content\/uploads\/2021\/07\/CEMENTO-COLA-RATIO-1KG.jpg\" \/>\n\t<meta property=\"og:image:width\" content=\"600\" \/>\n\t<meta property=\"og:image:height\" content=\"600\" \/>\n\t<meta property=\"og:image:type\" content=\"image\/jpeg\" \/>\n<meta name=\"twitter:card\" content=\"summary_large_image\" \/>\n<meta name=\"twitter:label1\" content=\"Tiempo de lectura\" \/>\n\t<meta name=\"twitter:data1\" content=\"1 minuto\" \/>\n<script type=\"application\/ld+json\" class=\"yoast-schema-graph\">{\"@context\":\"https:\/\/schema.org\",\"@graph\":[{\"@type\":\"WebPage\",\"@id\":\"https:\/\/tuferreteria.online\/hazlo-tu-mismo\/tienda\/pavimentos\/pastas-y-juntas\/cemento-cola-gris-2kg\/\",\"url\":\"https:\/\/tuferreteria.online\/hazlo-tu-mismo\/tienda\/pavimentos\/pastas-y-juntas\/cemento-cola-gris-2kg\/\",\"name\":\"CEMENTO COLA GRIS - Tienda de tuferreteria.online by Ferreter\u00eda La Salle\",\"isPartOf\":{\"@id\":\"https:\/\/tuferreteria.online\/hazlo-tu-mismo\/#website\"},\"primaryImageOfPage\":{\"@id\":\"https:\/\/tuferreteria.online\/hazlo-tu-mismo\/tienda\/pavimentos\/pastas-y-juntas\/cemento-cola-gris-2kg\/#primaryimage\"},\"image\":{\"@id\":\"https:\/\/tuferreteria.online\/hazlo-tu-mismo\/tienda\/pavimentos\/pastas-y-juntas\/cemento-cola-gris-2kg\/#primaryimage\"},\"thumbnailUrl\":\"https:\/\/tuferreteria.online\/hazlo-tu-mismo\/wp-content\/uploads\/2021\/07\/CEMENTO-COLA-RATIO-1KG.jpg\",\"datePublished\":\"2021-07-09T11:46:24+00:00\",\"dateModified\":\"2026-03-11T10:27:48+00:00\",\"description\":\"El cemento cola gris es un mortero porcel\u00e1nico de alta prestaci\u00f3n, tipo C1. Te servir\u00e1 para colocar y pegar azulejos, mosaicos, baldosas, terrazos...\",\"breadcrumb\":{\"@id\":\"https:\/\/tuferreteria.online\/hazlo-tu-mismo\/tienda\/pavimentos\/pastas-y-juntas\/cemento-cola-gris-2kg\/#breadcrumb\"},\"inLanguage\":\"es\",\"potentialAction\":[{\"@type\":\"ReadAction\",\"target\":[\"https:\/\/tuferreteria.online\/hazlo-tu-mismo\/tienda\/pavimentos\/pastas-y-juntas\/cemento-cola-gris-2kg\/\"]}]},{\"@type\":\"ImageObject\",\"inLanguage\":\"es\",\"@id\":\"https:\/\/tuferreteria.online\/hazlo-tu-mismo\/tienda\/pavimentos\/pastas-y-juntas\/cemento-cola-gris-2kg\/#primaryimage\",\"url\":\"https:\/\/tuferreteria.online\/hazlo-tu-mismo\/wp-content\/uploads\/2021\/07\/CEMENTO-COLA-RATIO-1KG.jpg\",\"contentUrl\":\"https:\/\/tuferreteria.online\/hazlo-tu-mismo\/wp-content\/uploads\/2021\/07\/CEMENTO-COLA-RATIO-1KG.jpg\",\"width\":600,\"height\":600,\"caption\":\"CEMENTO-COLA-RATIO-1KG\"},{\"@type\":\"BreadcrumbList\",\"@id\":\"https:\/\/tuferreteria.online\/hazlo-tu-mismo\/tienda\/pavimentos\/pastas-y-juntas\/cemento-cola-gris-2kg\/#breadcrumb\",\"itemListElement\":[{\"@type\":\"ListItem\",\"position\":1,\"name\":\"Portada\",\"item\":\"https:\/\/tuferreteria.online\/hazlo-tu-mismo\/\"},{\"@type\":\"ListItem\",\"position\":2,\"name\":\"Tienda\",\"item\":\"https:\/\/tuferreteria.online\/hazlo-tu-mismo\/tienda\/\"},{\"@type\":\"ListItem\",\"position\":3,\"name\":\"CEMENTO COLA GRIS\"}]},{\"@type\":\"WebSite\",\"@id\":\"https:\/\/tuferreteria.online\/hazlo-tu-mismo\/#website\",\"url\":\"https:\/\/tuferreteria.online\/hazlo-tu-mismo\/\",\"name\":\"Tienda de tuferreteria.online by Ferreter\u00eda La Salle\",\"description\":\"Hazlo tu mismo\",\"potentialAction\":[{\"@type\":\"SearchAction\",\"target\":{\"@type\":\"EntryPoint\",\"urlTemplate\":\"https:\/\/tuferreteria.online\/hazlo-tu-mismo\/?s={search_term_string}\"},\"query-input\":{\"@type\":\"PropertyValueSpecification\",\"valueRequired\":true,\"valueName\":\"search_term_string\"}}],\"inLanguage\":\"es\"}]}<\/script>\n<!-- \/ Yoast SEO plugin. -->","yoast_head_json":{"title":"CEMENTO COLA GRIS - Tienda de tuferreteria.online by Ferreter\u00eda La Salle","description":"El cemento cola gris es un mortero porcel\u00e1nico de alta prestaci\u00f3n, tipo C1. Te servir\u00e1 para colocar y pegar azulejos, mosaicos, baldosas, terrazos...","robots":{"index":"index","follow":"follow","max-snippet":"max-snippet:-1","max-image-preview":"max-image-preview:large","max-video-preview":"max-video-preview:-1"},"canonical":"https:\/\/tuferreteria.online\/hazlo-tu-mismo\/tienda\/pavimentos\/pastas-y-juntas\/cemento-cola-gris-2kg\/","og_locale":"es_ES","og_type":"article","og_title":"CEMENTO COLA GRIS - Tienda de tuferreteria.online by Ferreter\u00eda La Salle","og_description":"El cemento cola gris es un mortero porcel\u00e1nico de alta prestaci\u00f3n, tipo C1. Te servir\u00e1 para colocar y pegar azulejos, mosaicos, baldosas, terrazos...","og_url":"https:\/\/tuferreteria.online\/hazlo-tu-mismo\/tienda\/pavimentos\/pastas-y-juntas\/cemento-cola-gris-2kg\/","og_site_name":"Tienda de tuferreteria.online by Ferreter\u00eda La Salle","article_modified_time":"2026-03-11T10:27:48+00:00","og_image":[{"width":600,"height":600,"url":"https:\/\/tuferreteria.online\/hazlo-tu-mismo\/wp-content\/uploads\/2021\/07\/CEMENTO-COLA-RATIO-1KG.jpg","type":"image\/jpeg"}],"twitter_card":"summary_large_image","twitter_misc":{"Tiempo de lectura":"1 minuto"},"schema":{"@context":"https:\/\/schema.org","@graph":[{"@type":"WebPage","@id":"https:\/\/tuferreteria.online\/hazlo-tu-mismo\/tienda\/pavimentos\/pastas-y-juntas\/cemento-cola-gris-2kg\/","url":"https:\/\/tuferreteria.online\/hazlo-tu-mismo\/tienda\/pavimentos\/pastas-y-juntas\/cemento-cola-gris-2kg\/","name":"CEMENTO COLA GRIS - Tienda de tuferreteria.online by Ferreter\u00eda La Salle","isPartOf":{"@id":"https:\/\/tuferreteria.online\/hazlo-tu-mismo\/#website"},"primaryImageOfPage":{"@id":"https:\/\/tuferreteria.online\/hazlo-tu-mismo\/tienda\/pavimentos\/pastas-y-juntas\/cemento-cola-gris-2kg\/#primaryimage"},"image":{"@id":"https:\/\/tuferreteria.online\/hazlo-tu-mismo\/tienda\/pavimentos\/pastas-y-juntas\/cemento-cola-gris-2kg\/#primaryimage"},"thumbnailUrl":"https:\/\/tuferreteria.online\/hazlo-tu-mismo\/wp-content\/uploads\/2021\/07\/CEMENTO-COLA-RATIO-1KG.jpg","datePublished":"2021-07-09T11:46:24+00:00","dateModified":"2026-03-11T10:27:48+00:00","description":"El cemento cola gris es un mortero porcel\u00e1nico de alta prestaci\u00f3n, tipo C1. Te servir\u00e1 para colocar y pegar azulejos, mosaicos, baldosas, terrazos...","breadcrumb":{"@id":"https:\/\/tuferreteria.online\/hazlo-tu-mismo\/tienda\/pavimentos\/pastas-y-juntas\/cemento-cola-gris-2kg\/#breadcrumb"},"inLanguage":"es","potentialAction":[{"@type":"ReadAction","target":["https:\/\/tuferreteria.online\/hazlo-tu-mismo\/tienda\/pavimentos\/pastas-y-juntas\/cemento-cola-gris-2kg\/"]}]},{"@type":"ImageObject","inLanguage":"es","@id":"https:\/\/tuferreteria.online\/hazlo-tu-mismo\/tienda\/pavimentos\/pastas-y-juntas\/cemento-cola-gris-2kg\/#primaryimage","url":"https:\/\/tuferreteria.online\/hazlo-tu-mismo\/wp-content\/uploads\/2021\/07\/CEMENTO-COLA-RATIO-1KG.jpg","contentUrl":"https:\/\/tuferreteria.online\/hazlo-tu-mismo\/wp-content\/uploads\/2021\/07\/CEMENTO-COLA-RATIO-1KG.jpg","width":600,"height":600,"caption":"CEMENTO-COLA-RATIO-1KG"},{"@type":"BreadcrumbList","@id":"https:\/\/tuferreteria.online\/hazlo-tu-mismo\/tienda\/pavimentos\/pastas-y-juntas\/cemento-cola-gris-2kg\/#breadcrumb","itemListElement":[{"@type":"ListItem","position":1,"name":"Portada","item":"https:\/\/tuferreteria.online\/hazlo-tu-mismo\/"},{"@type":"ListItem","position":2,"name":"Tienda","item":"https:\/\/tuferreteria.online\/hazlo-tu-mismo\/tienda\/"},{"@type":"ListItem","position":3,"name":"CEMENTO COLA GRIS"}]},{"@type":"WebSite","@id":"https:\/\/tuferreteria.online\/hazlo-tu-mismo\/#website","url":"https:\/\/tuferreteria.online\/hazlo-tu-mismo\/","name":"Tienda de tuferreteria.online by Ferreter\u00eda La Salle","description":"Hazlo tu mismo","potentialAction":[{"@type":"SearchAction","target":{"@type":"EntryPoint","urlTemplate":"https:\/\/tuferreteria.online\/hazlo-tu-mismo\/?s={search_term_string}"},"query-input":{"@type":"PropertyValueSpecification","valueRequired":true,"valueName":"search_term_string"}}],"inLanguage":"es"}]}},"_links":{"self":[{"href":"https:\/\/tuferreteria.online\/hazlo-tu-mismo\/wp-json\/wp\/v2\/product\/25796","targetHints":{"allow":["GET"]}}],"collection":[{"href":"https:\/\/tuferreteria.online\/hazlo-tu-mismo\/wp-json\/wp\/v2\/product"}],"about":[{"href":"https:\/\/tuferreteria.online\/hazlo-tu-mismo\/wp-json\/wp\/v2\/types\/product"}],"replies":[{"embeddable":true,"href":"https:\/\/tuferreteria.online\/hazlo-tu-mismo\/wp-json\/wp\/v2\/comments?post=25796"}],"wp:featuredmedia":[{"embeddable":true,"href":"https:\/\/tuferreteria.online\/hazlo-tu-mismo\/wp-json\/wp\/v2\/media\/25783"}],"wp:attachment":[{"href":"https:\/\/tuferreteria.online\/hazlo-tu-mismo\/wp-json\/wp\/v2\/media?parent=25796"}],"wp:term":[{"taxonomy":"brand","embeddable":true,"href":"https:\/\/tuferreteria.online\/hazlo-tu-mismo\/wp-json\/wp\/v2\/etheme_brands?post=25796"},{"taxonomy":"product_brand","embeddable":true,"href":"https:\/\/tuferreteria.online\/hazlo-tu-mismo\/wp-json\/wp\/v2\/product_brand?post=25796"},{"taxonomy":"product_cat","embeddable":true,"href":"https:\/\/tuferreteria.online\/hazlo-tu-mismo\/wp-json\/wp\/v2\/product_cat?post=25796"},{"taxonomy":"product_tag","embeddable":true,"href":"https:\/\/tuferreteria.online\/hazlo-tu-mismo\/wp-json\/wp\/v2\/product_tag?post=25796"}],"curies":[{"name":"wp","href":"https:\/\/api.w.org\/{rel}","templated":true}]}}