{"id":25946,"date":"2021-07-22T12:45:48","date_gmt":"2021-07-22T11:45:48","guid":{"rendered":"https:\/\/tuferreteria.online\/hazlo-tu-mismo\/tienda\/sin%20categor\u00eda\/peine-rubi-28cm-8x8-ref-65984\/"},"modified":"2026-03-11T11:17:39","modified_gmt":"2026-03-11T10:17:39","slug":"llana-dentada-rubi-28cm","status":"publish","type":"product","link":"https:\/\/tuferreteria.online\/hazlo-tu-mismo\/tienda\/pavimentos\/herramientas-pavimentos\/llana-dentada-rubi-28cm\/","title":{"rendered":"LLANA DENTADA RUBI 28 CM."},"content":{"rendered":"<div class=\"wpb-content-wrapper\"><p>[vc_row][vc_column][vc_column_text]<\/p>\n<h2 style=\"text-align: center;\"><span style=\"font-size: 24pt; color: #f9e03a;\">Llana Dentada Rubi<\/span><\/h2>\n<p>&nbsp;<\/p>\n<h3>Caracter\u00edsticas:<\/h3>\n<p>&nbsp;<\/p>\n<p style=\"text-align: justify;\">La llana dentada Rubi tiene 28 cm. de largo, lo que la hace manejable para trabajar con pavimentos de peque\u00f1o y medio tama\u00f1o.<\/p>\n<p style=\"text-align: justify;\">Con mango de madera y l\u00e1mina de acero recubierta de un barniz contra la corrosi\u00f3n, para una mayor duraci\u00f3n.<\/p>\n<p style=\"text-align: justify;\">La tienes disponible con una altura y anchura de diente de 6 x 6 y de 8 x 8. Escoge la tuya en las variaciones.<\/p>\n<p>[\/vc_column_text][\/vc_column][\/vc_row]<\/p>\n<\/div>","protected":false},"excerpt":{"rendered":"<h2>PEINE RUBI 28 CM.<\/h2>\n","protected":false},"featured_media":25965,"comment_status":"closed","ping_status":"closed","template":"","meta":{"_exactmetrics_skip_tracking":false,"_exactmetrics_sitenote_active":false,"_exactmetrics_sitenote_note":"","_exactmetrics_sitenote_category":0,"_joinchat":[]},"etheme_brands":[{"term_id":299,"name":"RUBI","slug":"rubi","term_group":0,"term_taxonomy_id":299,"taxonomy":"brand","description":"","parent":0,"count":31,"filter":"raw"}],"product_brand":[],"product_cat":[514,508],"product_tag":[649,2700,2698,2699],"class_list":{"0":"post-25946","1":"product","2":"type-product","3":"status-publish","4":"has-post-thumbnail","6":"brand-rubi","7":"product_cat-herramientas-pavimentos","8":"product_cat-pavimentos","9":"product_tag-llana-dentada","10":"product_tag-peine-rubi","11":"product_tag-rubi-65984","12":"product_tag-rubi-6982","13":"product_shipping_class-envio-peso","15":"first","16":"instock","17":"taxable","18":"shipping-taxable","19":"purchasable","20":"product-type-variable"},"yoast_head":"<!-- This site is optimized with the Yoast SEO plugin v24.9 - https:\/\/yoast.com\/wordpress\/plugins\/seo\/ -->\n<title>LLANA DENTADA RUBI 28 CM. - Tienda de tuferreteria.online by Ferreter\u00eda La Salle<\/title>\n<meta name=\"description\" content=\"La llana dentada Rubi tiene 28 cm. de largo, lo que la hace manejable para trabajar con pavimentos de peque\u00f1o y medio tama\u00f1o.\" \/>\n<meta name=\"robots\" content=\"index, follow, max-snippet:-1, max-image-preview:large, max-video-preview:-1\" \/>\n<link rel=\"canonical\" href=\"https:\/\/tuferreteria.online\/hazlo-tu-mismo\/tienda\/pavimentos\/herramientas-pavimentos\/llana-dentada-rubi-28cm\/\" \/>\n<meta property=\"og:locale\" content=\"es_ES\" \/>\n<meta property=\"og:type\" content=\"article\" \/>\n<meta property=\"og:title\" content=\"LLANA DENTADA RUBI 28 CM. - Tienda de tuferreteria.online by Ferreter\u00eda La Salle\" \/>\n<meta property=\"og:description\" content=\"La llana dentada Rubi tiene 28 cm. de largo, lo que la hace manejable para trabajar con pavimentos de peque\u00f1o y medio tama\u00f1o.\" \/>\n<meta property=\"og:url\" content=\"https:\/\/tuferreteria.online\/hazlo-tu-mismo\/tienda\/pavimentos\/herramientas-pavimentos\/llana-dentada-rubi-28cm\/\" \/>\n<meta property=\"og:site_name\" content=\"Tienda de tuferreteria.online by Ferreter\u00eda La Salle\" \/>\n<meta property=\"article:modified_time\" content=\"2026-03-11T10:17:39+00:00\" \/>\n<meta property=\"og:image\" content=\"https:\/\/tuferreteria.online\/hazlo-tu-mismo\/wp-content\/uploads\/2021\/07\/LLANA-DENTADA-8X8-RUBI.jpg\" \/>\n\t<meta property=\"og:image:width\" content=\"600\" \/>\n\t<meta property=\"og:image:height\" content=\"600\" \/>\n\t<meta property=\"og:image:type\" content=\"image\/jpeg\" \/>\n<meta name=\"twitter:card\" content=\"summary_large_image\" \/>\n<meta name=\"twitter:label1\" content=\"Tiempo de lectura\" \/>\n\t<meta name=\"twitter:data1\" content=\"1 minuto\" \/>\n<script type=\"application\/ld+json\" class=\"yoast-schema-graph\">{\"@context\":\"https:\/\/schema.org\",\"@graph\":[{\"@type\":\"WebPage\",\"@id\":\"https:\/\/tuferreteria.online\/hazlo-tu-mismo\/tienda\/pavimentos\/herramientas-pavimentos\/llana-dentada-rubi-28cm\/\",\"url\":\"https:\/\/tuferreteria.online\/hazlo-tu-mismo\/tienda\/pavimentos\/herramientas-pavimentos\/llana-dentada-rubi-28cm\/\",\"name\":\"LLANA DENTADA RUBI 28 CM. - Tienda de tuferreteria.online by Ferreter\u00eda La Salle\",\"isPartOf\":{\"@id\":\"https:\/\/tuferreteria.online\/hazlo-tu-mismo\/#website\"},\"primaryImageOfPage\":{\"@id\":\"https:\/\/tuferreteria.online\/hazlo-tu-mismo\/tienda\/pavimentos\/herramientas-pavimentos\/llana-dentada-rubi-28cm\/#primaryimage\"},\"image\":{\"@id\":\"https:\/\/tuferreteria.online\/hazlo-tu-mismo\/tienda\/pavimentos\/herramientas-pavimentos\/llana-dentada-rubi-28cm\/#primaryimage\"},\"thumbnailUrl\":\"https:\/\/tuferreteria.online\/hazlo-tu-mismo\/wp-content\/uploads\/2021\/07\/LLANA-DENTADA-8X8-RUBI.jpg\",\"datePublished\":\"2021-07-22T11:45:48+00:00\",\"dateModified\":\"2026-03-11T10:17:39+00:00\",\"description\":\"La llana dentada Rubi tiene 28 cm. de largo, lo que la hace manejable para trabajar con pavimentos de peque\u00f1o y medio tama\u00f1o.\",\"breadcrumb\":{\"@id\":\"https:\/\/tuferreteria.online\/hazlo-tu-mismo\/tienda\/pavimentos\/herramientas-pavimentos\/llana-dentada-rubi-28cm\/#breadcrumb\"},\"inLanguage\":\"es\",\"potentialAction\":[{\"@type\":\"ReadAction\",\"target\":[\"https:\/\/tuferreteria.online\/hazlo-tu-mismo\/tienda\/pavimentos\/herramientas-pavimentos\/llana-dentada-rubi-28cm\/\"]}]},{\"@type\":\"ImageObject\",\"inLanguage\":\"es\",\"@id\":\"https:\/\/tuferreteria.online\/hazlo-tu-mismo\/tienda\/pavimentos\/herramientas-pavimentos\/llana-dentada-rubi-28cm\/#primaryimage\",\"url\":\"https:\/\/tuferreteria.online\/hazlo-tu-mismo\/wp-content\/uploads\/2021\/07\/LLANA-DENTADA-8X8-RUBI.jpg\",\"contentUrl\":\"https:\/\/tuferreteria.online\/hazlo-tu-mismo\/wp-content\/uploads\/2021\/07\/LLANA-DENTADA-8X8-RUBI.jpg\",\"width\":600,\"height\":600,\"caption\":\"LLANA-DENTADA-8X8-RUBI\"},{\"@type\":\"BreadcrumbList\",\"@id\":\"https:\/\/tuferreteria.online\/hazlo-tu-mismo\/tienda\/pavimentos\/herramientas-pavimentos\/llana-dentada-rubi-28cm\/#breadcrumb\",\"itemListElement\":[{\"@type\":\"ListItem\",\"position\":1,\"name\":\"Portada\",\"item\":\"https:\/\/tuferreteria.online\/hazlo-tu-mismo\/\"},{\"@type\":\"ListItem\",\"position\":2,\"name\":\"Tienda\",\"item\":\"https:\/\/tuferreteria.online\/hazlo-tu-mismo\/tienda\/\"},{\"@type\":\"ListItem\",\"position\":3,\"name\":\"LLANA DENTADA RUBI 28 CM.\"}]},{\"@type\":\"WebSite\",\"@id\":\"https:\/\/tuferreteria.online\/hazlo-tu-mismo\/#website\",\"url\":\"https:\/\/tuferreteria.online\/hazlo-tu-mismo\/\",\"name\":\"Tienda de tuferreteria.online by Ferreter\u00eda La Salle\",\"description\":\"Hazlo tu mismo\",\"potentialAction\":[{\"@type\":\"SearchAction\",\"target\":{\"@type\":\"EntryPoint\",\"urlTemplate\":\"https:\/\/tuferreteria.online\/hazlo-tu-mismo\/?s={search_term_string}\"},\"query-input\":{\"@type\":\"PropertyValueSpecification\",\"valueRequired\":true,\"valueName\":\"search_term_string\"}}],\"inLanguage\":\"es\"}]}<\/script>\n<!-- \/ Yoast SEO plugin. -->","yoast_head_json":{"title":"LLANA DENTADA RUBI 28 CM. - Tienda de tuferreteria.online by Ferreter\u00eda La Salle","description":"La llana dentada Rubi tiene 28 cm. de largo, lo que la hace manejable para trabajar con pavimentos de peque\u00f1o y medio tama\u00f1o.","robots":{"index":"index","follow":"follow","max-snippet":"max-snippet:-1","max-image-preview":"max-image-preview:large","max-video-preview":"max-video-preview:-1"},"canonical":"https:\/\/tuferreteria.online\/hazlo-tu-mismo\/tienda\/pavimentos\/herramientas-pavimentos\/llana-dentada-rubi-28cm\/","og_locale":"es_ES","og_type":"article","og_title":"LLANA DENTADA RUBI 28 CM. - Tienda de tuferreteria.online by Ferreter\u00eda La Salle","og_description":"La llana dentada Rubi tiene 28 cm. de largo, lo que la hace manejable para trabajar con pavimentos de peque\u00f1o y medio tama\u00f1o.","og_url":"https:\/\/tuferreteria.online\/hazlo-tu-mismo\/tienda\/pavimentos\/herramientas-pavimentos\/llana-dentada-rubi-28cm\/","og_site_name":"Tienda de tuferreteria.online by Ferreter\u00eda La Salle","article_modified_time":"2026-03-11T10:17:39+00:00","og_image":[{"width":600,"height":600,"url":"https:\/\/tuferreteria.online\/hazlo-tu-mismo\/wp-content\/uploads\/2021\/07\/LLANA-DENTADA-8X8-RUBI.jpg","type":"image\/jpeg"}],"twitter_card":"summary_large_image","twitter_misc":{"Tiempo de lectura":"1 minuto"},"schema":{"@context":"https:\/\/schema.org","@graph":[{"@type":"WebPage","@id":"https:\/\/tuferreteria.online\/hazlo-tu-mismo\/tienda\/pavimentos\/herramientas-pavimentos\/llana-dentada-rubi-28cm\/","url":"https:\/\/tuferreteria.online\/hazlo-tu-mismo\/tienda\/pavimentos\/herramientas-pavimentos\/llana-dentada-rubi-28cm\/","name":"LLANA DENTADA RUBI 28 CM. - Tienda de tuferreteria.online by Ferreter\u00eda La Salle","isPartOf":{"@id":"https:\/\/tuferreteria.online\/hazlo-tu-mismo\/#website"},"primaryImageOfPage":{"@id":"https:\/\/tuferreteria.online\/hazlo-tu-mismo\/tienda\/pavimentos\/herramientas-pavimentos\/llana-dentada-rubi-28cm\/#primaryimage"},"image":{"@id":"https:\/\/tuferreteria.online\/hazlo-tu-mismo\/tienda\/pavimentos\/herramientas-pavimentos\/llana-dentada-rubi-28cm\/#primaryimage"},"thumbnailUrl":"https:\/\/tuferreteria.online\/hazlo-tu-mismo\/wp-content\/uploads\/2021\/07\/LLANA-DENTADA-8X8-RUBI.jpg","datePublished":"2021-07-22T11:45:48+00:00","dateModified":"2026-03-11T10:17:39+00:00","description":"La llana dentada Rubi tiene 28 cm. de largo, lo que la hace manejable para trabajar con pavimentos de peque\u00f1o y medio tama\u00f1o.","breadcrumb":{"@id":"https:\/\/tuferreteria.online\/hazlo-tu-mismo\/tienda\/pavimentos\/herramientas-pavimentos\/llana-dentada-rubi-28cm\/#breadcrumb"},"inLanguage":"es","potentialAction":[{"@type":"ReadAction","target":["https:\/\/tuferreteria.online\/hazlo-tu-mismo\/tienda\/pavimentos\/herramientas-pavimentos\/llana-dentada-rubi-28cm\/"]}]},{"@type":"ImageObject","inLanguage":"es","@id":"https:\/\/tuferreteria.online\/hazlo-tu-mismo\/tienda\/pavimentos\/herramientas-pavimentos\/llana-dentada-rubi-28cm\/#primaryimage","url":"https:\/\/tuferreteria.online\/hazlo-tu-mismo\/wp-content\/uploads\/2021\/07\/LLANA-DENTADA-8X8-RUBI.jpg","contentUrl":"https:\/\/tuferreteria.online\/hazlo-tu-mismo\/wp-content\/uploads\/2021\/07\/LLANA-DENTADA-8X8-RUBI.jpg","width":600,"height":600,"caption":"LLANA-DENTADA-8X8-RUBI"},{"@type":"BreadcrumbList","@id":"https:\/\/tuferreteria.online\/hazlo-tu-mismo\/tienda\/pavimentos\/herramientas-pavimentos\/llana-dentada-rubi-28cm\/#breadcrumb","itemListElement":[{"@type":"ListItem","position":1,"name":"Portada","item":"https:\/\/tuferreteria.online\/hazlo-tu-mismo\/"},{"@type":"ListItem","position":2,"name":"Tienda","item":"https:\/\/tuferreteria.online\/hazlo-tu-mismo\/tienda\/"},{"@type":"ListItem","position":3,"name":"LLANA DENTADA RUBI 28 CM."}]},{"@type":"WebSite","@id":"https:\/\/tuferreteria.online\/hazlo-tu-mismo\/#website","url":"https:\/\/tuferreteria.online\/hazlo-tu-mismo\/","name":"Tienda de tuferreteria.online by Ferreter\u00eda La Salle","description":"Hazlo tu mismo","potentialAction":[{"@type":"SearchAction","target":{"@type":"EntryPoint","urlTemplate":"https:\/\/tuferreteria.online\/hazlo-tu-mismo\/?s={search_term_string}"},"query-input":{"@type":"PropertyValueSpecification","valueRequired":true,"valueName":"search_term_string"}}],"inLanguage":"es"}]}},"_links":{"self":[{"href":"https:\/\/tuferreteria.online\/hazlo-tu-mismo\/wp-json\/wp\/v2\/product\/25946","targetHints":{"allow":["GET"]}}],"collection":[{"href":"https:\/\/tuferreteria.online\/hazlo-tu-mismo\/wp-json\/wp\/v2\/product"}],"about":[{"href":"https:\/\/tuferreteria.online\/hazlo-tu-mismo\/wp-json\/wp\/v2\/types\/product"}],"replies":[{"embeddable":true,"href":"https:\/\/tuferreteria.online\/hazlo-tu-mismo\/wp-json\/wp\/v2\/comments?post=25946"}],"wp:featuredmedia":[{"embeddable":true,"href":"https:\/\/tuferreteria.online\/hazlo-tu-mismo\/wp-json\/wp\/v2\/media\/25965"}],"wp:attachment":[{"href":"https:\/\/tuferreteria.online\/hazlo-tu-mismo\/wp-json\/wp\/v2\/media?parent=25946"}],"wp:term":[{"taxonomy":"brand","embeddable":true,"href":"https:\/\/tuferreteria.online\/hazlo-tu-mismo\/wp-json\/wp\/v2\/etheme_brands?post=25946"},{"taxonomy":"product_brand","embeddable":true,"href":"https:\/\/tuferreteria.online\/hazlo-tu-mismo\/wp-json\/wp\/v2\/product_brand?post=25946"},{"taxonomy":"product_cat","embeddable":true,"href":"https:\/\/tuferreteria.online\/hazlo-tu-mismo\/wp-json\/wp\/v2\/product_cat?post=25946"},{"taxonomy":"product_tag","embeddable":true,"href":"https:\/\/tuferreteria.online\/hazlo-tu-mismo\/wp-json\/wp\/v2\/product_tag?post=25946"}],"curies":[{"name":"wp","href":"https:\/\/api.w.org\/{rel}","templated":true}]}}